{"id":3577,"date":"2021-04-25T12:37:52","date_gmt":"2021-04-25T10:37:52","guid":{"rendered":"https:\/\/akademia-zdrowia.pl\/lodz\/?page_id=3577"},"modified":"2022-03-09T09:45:44","modified_gmt":"2022-03-09T08:45:44","slug":"krajowy-fundusz-szkoleniowy","status":"publish","type":"page","link":"https:\/\/akademia-zdrowia.pl\/lodz\/krajowy-fundusz-szkoleniowy\/","title":{"rendered":"Krajowy Fundusz Szkoleniowy"},"content":{"rendered":"\t\t<div data-elementor-type=\"wp-page\" data-elementor-id=\"3577\" class=\"elementor elementor-3577\" data-elementor-post-type=\"page\">\n\t\t\t\t\t\t<section class=\"elementor-section elementor-top-section elementor-element elementor-element-47734512 elementor-section-boxed elementor-section-height-default elementor-section-height-default\" data-id=\"47734512\" data-element_type=\"section\" data-e-type=\"section\">\n\t\t\t\t\t\t<div class=\"elementor-container elementor-column-gap-default\">\n\t\t\t\t\t<div class=\"elementor-column elementor-col-100 elementor-top-column elementor-element elementor-element-67385f00\" data-id=\"67385f00\" data-element_type=\"column\" data-e-type=\"column\">\n\t\t\t<div class=\"elementor-widget-wrap elementor-element-populated\">\n\t\t\t\t\t\t<div class=\"elementor-element elementor-element-697f8bd1 elementor-widget elementor-widget-text-editor\" data-id=\"697f8bd1\" data-element_type=\"widget\" data-e-type=\"widget\" data-widget_type=\"text-editor.default\">\n\t\t\t\t<div class=\"elementor-widget-container\">\n\t\t\t\t\t\t\t\t\t<p class=\"v1MsoNormal\"><b>Krajowy Fundusz Szkoleniowy<\/b>\u00a0zosta\u0142 utworzony ze \u015brodk\u00f3w Funduszu Pracy z my\u015bl\u0105 o wsparciu kszta\u0142cenia ustawicznego pracodawc\u00f3w i pracownik\u00f3w. G\u0142\u00f3wnym celem projektu jest zapobieganie utracie zatrudnienia z powodu kompetencji nieadekwatnych do wymaga\u0144 dynamicznie zmieniaj\u0105cej si\u0119 gospodarki. Z finansowania szkole\u0144 mog\u0105 skorzysta\u0107 wszystkie przedsi\u0119biorstwa, kt\u00f3re zatrudniaj\u0105 minimum jedn\u0105 osob\u0119 w ramach umowy o prac\u0119. Poziom dofinansowania koszt\u00f3w kszta\u0142cenia dla mikroprzedsi\u0119biorstw wynosi 100 %. Zapewniamy pomoc w pozyskaniu finansowania.<\/p><p class=\"v1MsoNormal\">Oferujemy \u00a0szkolenia: kosmetyczne, \u00a0medycyna estetyczna, fryzjerskie, administracyjne, IT, psychologia.<\/p><p class=\"v1MsoNormal\"><b>Je\u015bli chcesz uzyska\u0107 wi\u0119cej informacji skontaktuj si\u0119 z naszymi oddzia\u0142ami:<\/b><\/p><ul type=\"disc\"><li class=\"v1MsoNormal\"><b>Bydgoszcz<\/b>\u00a0\u2013 Ewa \u2013 730 570 700 lub 662 518 606 \/ Aleksandra \u2013 698 592\u00a0791<\/li><li class=\"v1MsoNormal\"><b>Kielce<\/b>\u00a0\u2013 Agnieszka \u2013 662 536\u00a0086<\/li><li class=\"v1MsoNormal\"><b>\u0141\u00f3d\u017a<\/b>\u00a0\u2013 Monika \u2013 698 592 960 \/ Ma\u0142gorzata \u2013 662 486 675<\/li><li class=\"v1MsoNormal\"><b>Rzesz\u00f3w<\/b>\u00a0\u2013 Monika \u2013 698 592 960<\/li><li class=\"v1MsoNormal\"><b>Warszawa<\/b>\u00a0\u2013 730\u00a0570 600<\/li><\/ul>\t\t\t\t\t\t\t\t<\/div>\n\t\t\t\t<\/div>\n\t\t\t\t\t<\/div>\n\t\t<\/div>\n\t\t\t\t\t<\/div>\n\t\t<\/section>\n\t\t\t\t<section class=\"elementor-section elementor-top-section elementor-element elementor-element-9927ef5 elementor-section-boxed elementor-section-height-default elementor-section-height-default\" data-id=\"9927ef5\" data-element_type=\"section\" data-e-type=\"section\">\n\t\t\t\t\t\t<div class=\"elementor-container elementor-column-gap-default\">\n\t\t\t\t\t<div class=\"elementor-column elementor-col-100 elementor-top-column elementor-element elementor-element-a843614\" data-id=\"a843614\" data-element_type=\"column\" data-e-type=\"column\">\n\t\t\t<div class=\"elementor-widget-wrap elementor-element-populated\">\n\t\t\t\t\t\t<div class=\"elementor-element elementor-element-a08cc52 elementor-arrows-position-inside elementor-pagination-position-outside elementor-widget elementor-widget-image-carousel\" data-id=\"a08cc52\" data-element_type=\"widget\" data-e-type=\"widget\" data-settings=\"{&quot;navigation&quot;:&quot;both&quot;,&quot;autoplay&quot;:&quot;yes&quot;,&quot;pause_on_hover&quot;:&quot;yes&quot;,&quot;pause_on_interaction&quot;:&quot;yes&quot;,&quot;autoplay_speed&quot;:5000,&quot;infinite&quot;:&quot;yes&quot;,&quot;speed&quot;:500}\" data-widget_type=\"image-carousel.default\">\n\t\t\t\t<div class=\"elementor-widget-container\">\n\t\t\t\t\t\t\t<div class=\"elementor-image-carousel-wrapper swiper\" role=\"region\" aria-roledescription=\"carousel\" aria-label=\"Karuzela obrazk\u00f3w\" dir=\"ltr\">\n\t\t\t<div class=\"elementor-image-carousel swiper-wrapper\" aria-live=\"off\">\n\t\t\t\t\t\t\t\t<div class=\"swiper-slide\" role=\"group\" aria-roledescription=\"slide\" aria-label=\"1 z 8\"><figure class=\"swiper-slide-inner\"><img decoding=\"async\" class=\"swiper-slide-image\" src=\"https:\/\/akademia-zdrowia.pl\/lodz\/wp-content\/uploads\/2022\/01\/Projekt-bez-tytulu-3-1-300x300.png\" alt=\"Projekt Bez Tytu\u0142u (3)\" \/><\/figure><\/div><div class=\"swiper-slide\" role=\"group\" aria-roledescription=\"slide\" aria-label=\"2 z 8\"><figure class=\"swiper-slide-inner\"><img decoding=\"async\" class=\"swiper-slide-image\" src=\"https:\/\/akademia-zdrowia.pl\/lodz\/wp-content\/uploads\/2022\/01\/1-300x300.jpg\" alt=\"1\" \/><\/figure><\/div><div class=\"swiper-slide\" role=\"group\" aria-roledescription=\"slide\" aria-label=\"3 z 8\"><figure class=\"swiper-slide-inner\"><img decoding=\"async\" class=\"swiper-slide-image\" src=\"https:\/\/akademia-zdrowia.pl\/lodz\/wp-content\/uploads\/2022\/01\/Projekt-bez-tytulu-10-300x300.jpg\" alt=\"Projekt Bez Tytu\u0142u (10)\" \/><\/figure><\/div><div class=\"swiper-slide\" role=\"group\" aria-roledescription=\"slide\" aria-label=\"4 z 8\"><figure class=\"swiper-slide-inner\"><img decoding=\"async\" class=\"swiper-slide-image\" src=\"https:\/\/akademia-zdrowia.pl\/lodz\/wp-content\/uploads\/2022\/01\/Projekt-bez-tytulu-2-300x300.png\" alt=\"Projekt Bez Tytu\u0142u (2)\" \/><\/figure><\/div><div class=\"swiper-slide\" role=\"group\" aria-roledescription=\"slide\" aria-label=\"5 z 8\"><figure class=\"swiper-slide-inner\"><img decoding=\"async\" class=\"swiper-slide-image\" src=\"https:\/\/akademia-zdrowia.pl\/lodz\/wp-content\/uploads\/2022\/01\/Projekt-bez-tytulu-4-300x300.jpg\" alt=\"Projekt Bez Tytu\u0142u (4)\" \/><\/figure><\/div><div class=\"swiper-slide\" role=\"group\" aria-roledescription=\"slide\" aria-label=\"6 z 8\"><figure class=\"swiper-slide-inner\"><img decoding=\"async\" class=\"swiper-slide-image\" src=\"https:\/\/akademia-zdrowia.pl\/lodz\/wp-content\/uploads\/2022\/01\/Projekt-bez-tytulu-1-300x300.jpg\" alt=\"Projekt Bez Tytu\u0142u (1)\" \/><\/figure><\/div><div class=\"swiper-slide\" role=\"group\" aria-roledescription=\"slide\" aria-label=\"7 z 8\"><figure class=\"swiper-slide-inner\"><img decoding=\"async\" class=\"swiper-slide-image\" src=\"https:\/\/akademia-zdrowia.pl\/lodz\/wp-content\/uploads\/2021\/10\/Projekt-bez-tytulu-37-300x300.png\" alt=\"Projekt Bez Tytu\u0142u 37\" \/><\/figure><\/div><div class=\"swiper-slide\" role=\"group\" aria-roledescription=\"slide\" aria-label=\"8 z 8\"><figure class=\"swiper-slide-inner\"><img decoding=\"async\" class=\"swiper-slide-image\" src=\"https:\/\/akademia-zdrowia.pl\/lodz\/wp-content\/uploads\/2021\/06\/Projekt-bez-tytulu-18-300x300.png\" alt=\"Projekt Bez Tytu\u0142u 18\" \/><\/figure><\/div>\t\t\t<\/div>\n\t\t\t\t\t\t\t\t\t\t\t\t<div class=\"elementor-swiper-button elementor-swiper-button-prev\" role=\"button\" tabindex=\"0\">\n\t\t\t\t\t\t<i aria-hidden=\"true\" class=\"eicon-chevron-left\"><\/i>\t\t\t\t\t<\/div>\n\t\t\t\t\t<div class=\"elementor-swiper-button elementor-swiper-button-next\" role=\"button\" tabindex=\"0\">\n\t\t\t\t\t\t<i aria-hidden=\"true\" class=\"eicon-chevron-right\"><\/i>\t\t\t\t\t<\/div>\n\t\t\t\t\n\t\t\t\t\t\t\t\t\t<div class=\"swiper-pagination\"><\/div>\n\t\t\t\t\t\t\t\t\t<\/div>\n\t\t\t\t\t\t<\/div>\n\t\t\t\t<\/div>\n\t\t\t\t\t<\/div>\n\t\t<\/div>\n\t\t\t\t\t<\/div>\n\t\t<\/section>\n\t\t\t\t<\/div>\n\t\t","protected":false},"excerpt":{"rendered":"<p>Krajowy Fundusz Szkoleniowy\u00a0zosta\u0142 utworzony ze \u015brodk\u00f3w Funduszu Pracy z my\u015bl\u0105 o wsparciu kszta\u0142cenia ustawicznego pracodawc\u00f3w i pracownik\u00f3w. G\u0142\u00f3wnym celem projektu jest zapobieganie utracie zatrudnienia z powodu kompetencji nieadekwatnych do wymaga\u0144 dynamicznie zmieniaj\u0105cej si\u0119 gospodarki. Z finansowania szkole\u0144 mog\u0105 skorzysta\u0107 wszystkie przedsi\u0119biorstwa, kt\u00f3re zatrudniaj\u0105 minimum jedn\u0105 osob\u0119 w ramach umowy o prac\u0119. Poziom dofinansowania koszt\u00f3w kszta\u0142cenia&#8230;<\/p>\n","protected":false},"author":1,"featured_media":0,"parent":0,"menu_order":0,"comment_status":"closed","ping_status":"closed","template":"","meta":{"footnotes":""},"class_list":["post-3577","page","type-page","status-publish","hentry"],"yoast_head":"<!-- This site is optimized with the Yoast SEO Premium plugin v18.9 (Yoast SEO v27.2) - https:\/\/yoast.com\/product\/yoast-seo-premium-wordpress\/ -->\n<title>Krajowy Fundusz Szkoleniowy - Akademia Zdrowia \u0141\u00f3d\u017a - Kursy zawodowe, szko\u0142y policealne, szko\u0142y dla doros\u0142ych<\/title>\n<meta name=\"description\" content=\"Krajowy Fundusz Szkoleniowy\u00a0zosta\u0142 utworzony ze \u015brodk\u00f3w Funduszu Pracy z my\u015bl\u0105 o wsparciu kszta\u0142cenia ustawicznego pracodawc\u00f3w i pracownik\u00f3w. G\u0142\u00f3wnym\" \/>\n<meta name=\"robots\" content=\"index, follow, max-snippet:-1, max-image-preview:large, max-video-preview:-1\" \/>\n<link rel=\"canonical\" href=\"https:\/\/akademia-zdrowia.pl\/lodz\/krajowy-fundusz-szkoleniowy\/\" \/>\n<meta property=\"og:locale\" content=\"pl_PL\" \/>\n<meta property=\"og:type\" content=\"article\" \/>\n<meta property=\"og:title\" content=\"Krajowy Fundusz Szkoleniowy\" \/>\n<meta property=\"og:description\" content=\"Krajowy Fundusz Szkoleniowy\u00a0zosta\u0142 utworzony ze \u015brodk\u00f3w Funduszu Pracy z my\u015bl\u0105 o wsparciu kszta\u0142cenia ustawicznego pracodawc\u00f3w i pracownik\u00f3w. G\u0142\u00f3wnym\" \/>\n<meta property=\"og:url\" content=\"https:\/\/akademia-zdrowia.pl\/lodz\/krajowy-fundusz-szkoleniowy\/\" \/>\n<meta property=\"og:site_name\" content=\"Akademia Zdrowia \u0141\u00f3d\u017a\" \/>\n<meta property=\"article:modified_time\" content=\"2022-03-09T08:45:44+00:00\" \/>\n<meta property=\"og:image\" content=\"https:\/\/akademia-zdrowia.pl\/lodz\/wp-content\/uploads\/2022\/01\/Projekt-bez-tytulu-3-1-300x300.png\" \/>\n<meta name=\"twitter:card\" content=\"summary_large_image\" \/>\n<meta name=\"twitter:label1\" content=\"Szacowany czas czytania\" \/>\n\t<meta name=\"twitter:data1\" content=\"4 minuty\" \/>\n<script type=\"application\/ld+json\" class=\"yoast-schema-graph\">{\"@context\":\"https:\/\/schema.org\",\"@graph\":[{\"@type\":\"WebPage\",\"@id\":\"https:\/\/akademia-zdrowia.pl\/lodz\/krajowy-fundusz-szkoleniowy\/\",\"url\":\"https:\/\/akademia-zdrowia.pl\/lodz\/krajowy-fundusz-szkoleniowy\/\",\"name\":\"Krajowy Fundusz Szkoleniowy - Akademia Zdrowia \u0141\u00f3d\u017a - Kursy zawodowe, szko\u0142y policealne, szko\u0142y dla doros\u0142ych\",\"isPartOf\":{\"@id\":\"https:\/\/akademia-zdrowia.pl\/lodz\/#website\"},\"primaryImageOfPage\":{\"@id\":\"https:\/\/akademia-zdrowia.pl\/lodz\/krajowy-fundusz-szkoleniowy\/#primaryimage\"},\"image\":{\"@id\":\"https:\/\/akademia-zdrowia.pl\/lodz\/krajowy-fundusz-szkoleniowy\/#primaryimage\"},\"thumbnailUrl\":\"https:\/\/akademia-zdrowia.pl\/lodz\/wp-content\/uploads\/2022\/01\/Projekt-bez-tytulu-3-1-300x300.png\",\"datePublished\":\"2021-04-25T10:37:52+00:00\",\"dateModified\":\"2022-03-09T08:45:44+00:00\",\"description\":\"Krajowy Fundusz Szkoleniowy\u00a0zosta\u0142 utworzony ze \u015brodk\u00f3w Funduszu Pracy z my\u015bl\u0105 o wsparciu kszta\u0142cenia ustawicznego pracodawc\u00f3w i pracownik\u00f3w. G\u0142\u00f3wnym\",\"breadcrumb\":{\"@id\":\"https:\/\/akademia-zdrowia.pl\/lodz\/krajowy-fundusz-szkoleniowy\/#breadcrumb\"},\"inLanguage\":\"pl-PL\",\"potentialAction\":[{\"@type\":\"ReadAction\",\"target\":[\"https:\/\/akademia-zdrowia.pl\/lodz\/krajowy-fundusz-szkoleniowy\/\"]}]},{\"@type\":\"ImageObject\",\"inLanguage\":\"pl-PL\",\"@id\":\"https:\/\/akademia-zdrowia.pl\/lodz\/krajowy-fundusz-szkoleniowy\/#primaryimage\",\"url\":\"https:\/\/akademia-zdrowia.pl\/lodz\/wp-content\/uploads\/2022\/01\/Projekt-bez-tytulu-3-1.png\",\"contentUrl\":\"https:\/\/akademia-zdrowia.pl\/lodz\/wp-content\/uploads\/2022\/01\/Projekt-bez-tytulu-3-1.png\",\"width\":800,\"height\":800},{\"@type\":\"BreadcrumbList\",\"@id\":\"https:\/\/akademia-zdrowia.pl\/lodz\/krajowy-fundusz-szkoleniowy\/#breadcrumb\",\"itemListElement\":[{\"@type\":\"ListItem\",\"position\":1,\"name\":\"Strona g\u0142\u00f3wna\",\"item\":\"https:\/\/akademia-zdrowia.pl\/lodz\/\"},{\"@type\":\"ListItem\",\"position\":2,\"name\":\"Krajowy Fundusz Szkoleniowy\"}]},{\"@type\":\"WebSite\",\"@id\":\"https:\/\/akademia-zdrowia.pl\/lodz\/#website\",\"url\":\"https:\/\/akademia-zdrowia.pl\/lodz\/\",\"name\":\"Akademia Zdrowia \u0141\u00f3d\u017a\",\"description\":\"\",\"potentialAction\":[{\"@type\":\"SearchAction\",\"target\":{\"@type\":\"EntryPoint\",\"urlTemplate\":\"https:\/\/akademia-zdrowia.pl\/lodz\/?s={search_term_string}\"},\"query-input\":{\"@type\":\"PropertyValueSpecification\",\"valueRequired\":true,\"valueName\":\"search_term_string\"}}],\"inLanguage\":\"pl-PL\"}]}<\/script>\n<!-- \/ Yoast SEO Premium plugin. -->","yoast_head_json":{"title":"Krajowy Fundusz Szkoleniowy - Akademia Zdrowia \u0141\u00f3d\u017a - Kursy zawodowe, szko\u0142y policealne, szko\u0142y dla doros\u0142ych","description":"Krajowy Fundusz Szkoleniowy\u00a0zosta\u0142 utworzony ze \u015brodk\u00f3w Funduszu Pracy z my\u015bl\u0105 o wsparciu kszta\u0142cenia ustawicznego pracodawc\u00f3w i pracownik\u00f3w. G\u0142\u00f3wnym","robots":{"index":"index","follow":"follow","max-snippet":"max-snippet:-1","max-image-preview":"max-image-preview:large","max-video-preview":"max-video-preview:-1"},"canonical":"https:\/\/akademia-zdrowia.pl\/lodz\/krajowy-fundusz-szkoleniowy\/","og_locale":"pl_PL","og_type":"article","og_title":"Krajowy Fundusz Szkoleniowy","og_description":"Krajowy Fundusz Szkoleniowy\u00a0zosta\u0142 utworzony ze \u015brodk\u00f3w Funduszu Pracy z my\u015bl\u0105 o wsparciu kszta\u0142cenia ustawicznego pracodawc\u00f3w i pracownik\u00f3w. G\u0142\u00f3wnym","og_url":"https:\/\/akademia-zdrowia.pl\/lodz\/krajowy-fundusz-szkoleniowy\/","og_site_name":"Akademia Zdrowia \u0141\u00f3d\u017a","article_modified_time":"2022-03-09T08:45:44+00:00","og_image":[{"url":"https:\/\/akademia-zdrowia.pl\/lodz\/wp-content\/uploads\/2022\/01\/Projekt-bez-tytulu-3-1-300x300.png","type":"","width":"","height":""}],"twitter_card":"summary_large_image","twitter_misc":{"Szacowany czas czytania":"4 minuty"},"schema":{"@context":"https:\/\/schema.org","@graph":[{"@type":"WebPage","@id":"https:\/\/akademia-zdrowia.pl\/lodz\/krajowy-fundusz-szkoleniowy\/","url":"https:\/\/akademia-zdrowia.pl\/lodz\/krajowy-fundusz-szkoleniowy\/","name":"Krajowy Fundusz Szkoleniowy - Akademia Zdrowia \u0141\u00f3d\u017a - Kursy zawodowe, szko\u0142y policealne, szko\u0142y dla doros\u0142ych","isPartOf":{"@id":"https:\/\/akademia-zdrowia.pl\/lodz\/#website"},"primaryImageOfPage":{"@id":"https:\/\/akademia-zdrowia.pl\/lodz\/krajowy-fundusz-szkoleniowy\/#primaryimage"},"image":{"@id":"https:\/\/akademia-zdrowia.pl\/lodz\/krajowy-fundusz-szkoleniowy\/#primaryimage"},"thumbnailUrl":"https:\/\/akademia-zdrowia.pl\/lodz\/wp-content\/uploads\/2022\/01\/Projekt-bez-tytulu-3-1-300x300.png","datePublished":"2021-04-25T10:37:52+00:00","dateModified":"2022-03-09T08:45:44+00:00","description":"Krajowy Fundusz Szkoleniowy\u00a0zosta\u0142 utworzony ze \u015brodk\u00f3w Funduszu Pracy z my\u015bl\u0105 o wsparciu kszta\u0142cenia ustawicznego pracodawc\u00f3w i pracownik\u00f3w. G\u0142\u00f3wnym","breadcrumb":{"@id":"https:\/\/akademia-zdrowia.pl\/lodz\/krajowy-fundusz-szkoleniowy\/#breadcrumb"},"inLanguage":"pl-PL","potentialAction":[{"@type":"ReadAction","target":["https:\/\/akademia-zdrowia.pl\/lodz\/krajowy-fundusz-szkoleniowy\/"]}]},{"@type":"ImageObject","inLanguage":"pl-PL","@id":"https:\/\/akademia-zdrowia.pl\/lodz\/krajowy-fundusz-szkoleniowy\/#primaryimage","url":"https:\/\/akademia-zdrowia.pl\/lodz\/wp-content\/uploads\/2022\/01\/Projekt-bez-tytulu-3-1.png","contentUrl":"https:\/\/akademia-zdrowia.pl\/lodz\/wp-content\/uploads\/2022\/01\/Projekt-bez-tytulu-3-1.png","width":800,"height":800},{"@type":"BreadcrumbList","@id":"https:\/\/akademia-zdrowia.pl\/lodz\/krajowy-fundusz-szkoleniowy\/#breadcrumb","itemListElement":[{"@type":"ListItem","position":1,"name":"Strona g\u0142\u00f3wna","item":"https:\/\/akademia-zdrowia.pl\/lodz\/"},{"@type":"ListItem","position":2,"name":"Krajowy Fundusz Szkoleniowy"}]},{"@type":"WebSite","@id":"https:\/\/akademia-zdrowia.pl\/lodz\/#website","url":"https:\/\/akademia-zdrowia.pl\/lodz\/","name":"Akademia Zdrowia \u0141\u00f3d\u017a","description":"","potentialAction":[{"@type":"SearchAction","target":{"@type":"EntryPoint","urlTemplate":"https:\/\/akademia-zdrowia.pl\/lodz\/?s={search_term_string}"},"query-input":{"@type":"PropertyValueSpecification","valueRequired":true,"valueName":"search_term_string"}}],"inLanguage":"pl-PL"}]}},"_links":{"self":[{"href":"https:\/\/akademia-zdrowia.pl\/lodz\/wp-json\/wp\/v2\/pages\/3577","targetHints":{"allow":["GET"]}}],"collection":[{"href":"https:\/\/akademia-zdrowia.pl\/lodz\/wp-json\/wp\/v2\/pages"}],"about":[{"href":"https:\/\/akademia-zdrowia.pl\/lodz\/wp-json\/wp\/v2\/types\/page"}],"author":[{"embeddable":true,"href":"https:\/\/akademia-zdrowia.pl\/lodz\/wp-json\/wp\/v2\/users\/1"}],"replies":[{"embeddable":true,"href":"https:\/\/akademia-zdrowia.pl\/lodz\/wp-json\/wp\/v2\/comments?post=3577"}],"version-history":[{"count":9,"href":"https:\/\/akademia-zdrowia.pl\/lodz\/wp-json\/wp\/v2\/pages\/3577\/revisions"}],"predecessor-version":[{"id":8996,"href":"https:\/\/akademia-zdrowia.pl\/lodz\/wp-json\/wp\/v2\/pages\/3577\/revisions\/8996"}],"wp:attachment":[{"href":"https:\/\/akademia-zdrowia.pl\/lodz\/wp-json\/wp\/v2\/media?parent=3577"}],"curies":[{"name":"wp","href":"https:\/\/api.w.org\/{rel}","templated":true}]}}