{"id":399,"date":"2018-01-10T11:36:08","date_gmt":"2018-01-10T10:36:08","guid":{"rendered":"https:\/\/akademia-zdrowia.pl\/lodz\/?page_id=399"},"modified":"2026-01-12T12:40:09","modified_gmt":"2026-01-12T11:40:09","slug":"kursy-kwalifikacyjne","status":"publish","type":"page","link":"https:\/\/akademia-zdrowia.pl\/lodz\/oferta-szkoleniowa\/ksztalcenie-pielegniarek-i-poloznych\/kursy-kwalifikacyjne\/","title":{"rendered":"Kursy kwalifikacyjne"},"content":{"rendered":"\t\t<div data-elementor-type=\"wp-page\" data-elementor-id=\"399\" class=\"elementor elementor-399\" data-elementor-post-type=\"page\">\n\t\t\t\t\t\t<section class=\"elementor-section elementor-top-section elementor-element elementor-element-80f70b7 elementor-section-boxed elementor-section-height-default elementor-section-height-default\" data-id=\"80f70b7\" data-element_type=\"section\" data-e-type=\"section\">\n\t\t\t\t\t\t<div class=\"elementor-container elementor-column-gap-default\">\n\t\t\t\t\t<div class=\"elementor-column elementor-col-100 elementor-top-column elementor-element elementor-element-bad844f\" data-id=\"bad844f\" data-element_type=\"column\" data-e-type=\"column\">\n\t\t\t<div class=\"elementor-widget-wrap elementor-element-populated\">\n\t\t\t\t\t\t<div class=\"elementor-element elementor-element-2871c82 elementor-widget__width-initial elementor-widget-mobile__width-initial elementor-widget elementor-widget-rs-heading\" data-id=\"2871c82\" data-element_type=\"widget\" data-e-type=\"widget\" data-widget_type=\"rs-heading.default\">\n\t\t\t\t<div class=\"elementor-widget-container\">\n\t\t\t\t\t        <div class=\"rs-heading default \">\r\n        \t<div class=\"title-inner\">\r\n        \t\t      \t\t\r\n\t            <span class=\"sub-text \">AKADEMIA ZDROWIA DLA PIEL\u0118GNIAREK I PO\u0141O\u017bNYCH<\/span><h1 class=\"title\"><span class=\"watermark\"><\/span>Kursy kwalifikacyjne<\/h1>\t        <\/div>\r\n\t                <\/div>\r\n        \t\t\t\t<\/div>\n\t\t\t\t<\/div>\n\t\t\t\t\t<\/div>\n\t\t<\/div>\n\t\t\t\t\t<\/div>\n\t\t<\/section>\n\t\t\t\t<section class=\"elementor-section elementor-top-section elementor-element elementor-element-ca766d4 elementor-section-stretched elementor-section-boxed elementor-section-height-default elementor-section-height-default\" data-id=\"ca766d4\" data-element_type=\"section\" data-e-type=\"section\" data-settings=\"{&quot;background_background&quot;:&quot;classic&quot;,&quot;stretch_section&quot;:&quot;section-stretched&quot;}\">\n\t\t\t\t\t\t<div class=\"elementor-container elementor-column-gap-default\">\n\t\t\t\t\t<div class=\"elementor-column elementor-col-50 elementor-top-column elementor-element elementor-element-e58b497\" data-id=\"e58b497\" data-element_type=\"column\" data-e-type=\"column\">\n\t\t\t<div class=\"elementor-widget-wrap elementor-element-populated\">\n\t\t\t\t\t\t<div class=\"elementor-element elementor-element-78d14a1 elementor-widget elementor-widget-rs-button\" data-id=\"78d14a1\" data-element_type=\"widget\" data-e-type=\"widget\" data-widget_type=\"rs-button.default\">\n\t\t\t\t<div class=\"elementor-widget-container\">\n\t\t\t\t\t\t\r\n\t\t\r\n\t\t<div class=\"rs-view-btn\">\r\n\t\t\t\t\t\t<a class=\"rs-btn rs-btnblack rs-btn-style1\" href=\"https:\/\/smk.ezdrowie.gov.pl\/login.jsp\" >\t\t\t\t\r\n\t\t\t\t<span class=\"rs_btn__text\"><span class=\"btn_text\">SMK<\/span><\/span>\r\n\t\t\t<\/a>\r\n\t\t<\/div>    \r\n\t\t\t\t\t<\/div>\n\t\t\t\t<\/div>\n\t\t\t\t<div class=\"elementor-element elementor-element-9294437 elementor-widget elementor-widget-rs-heading\" data-id=\"9294437\" data-element_type=\"widget\" data-e-type=\"widget\" data-widget_type=\"rs-heading.default\">\n\t\t\t\t<div class=\"elementor-widget-container\">\n\t\t\t\t\t        <div class=\"rs-heading default \">\r\n        \t<div class=\"title-inner\">\r\n        \t\t      \t\t\r\n\t            <span class=\"sub-text \">AKTUALNE NABORY<\/span><h2 class=\"title\"><span class=\"watermark\"><\/span>Kursy kwalifikacyjne<\/h2>\t        <\/div>\r\n\t                    \t<div class=\"description\">\r\n            \t\t<ul><li><strong>Piel\u0119gniarstwo rodzinne dla piel\u0119gniarek<\/strong> 21.03.2026<\/li><\/ul><p>Szczeg\u00f3\u0142owe informacje dotycz\u0105ce ceny oraz\u00a0 spraw organizacyjnych dost\u0119pne s\u0105 pod numerem telefonu sekretariatu Akademii Zdrowia.<\/p><p><strong>ZAPISY: tel. <a href=\"tel:+48422557700\">42 255-77-00<\/a> <\/strong><\/p><p><strong>Wnioski na specjalizacj\u0119 prosz\u0119 sk\u0142ada\u0107 przez SMK!!!<\/strong><\/p>            \t\t\r\n            \t<\/div>\r\n        \t        <\/div>\r\n        \t\t\t\t<\/div>\n\t\t\t\t<\/div>\n\t\t\t\t\t<\/div>\n\t\t<\/div>\n\t\t\t\t<div class=\"elementor-column elementor-col-50 elementor-top-column elementor-element elementor-element-c27d085\" data-id=\"c27d085\" data-element_type=\"column\" data-e-type=\"column\">\n\t\t\t<div class=\"elementor-widget-wrap elementor-element-populated\">\n\t\t\t\t\t\t<div class=\"elementor-element elementor-element-5eba7bc elementor-widget elementor-widget-image\" data-id=\"5eba7bc\" data-element_type=\"widget\" data-e-type=\"widget\" data-widget_type=\"image.default\">\n\t\t\t\t<div class=\"elementor-widget-container\">\n\t\t\t\t\t\t\t\t\t\t\t\t\t\t\t<img fetchpriority=\"high\" decoding=\"async\" width=\"640\" height=\"960\" src=\"https:\/\/akademia-zdrowia.pl\/lodz\/wp-content\/uploads\/2024\/08\/specjalizacyjne-kursy-pielegniarki-683x1024.png\" class=\"attachment-large size-large wp-image-12915\" alt=\"\" srcset=\"https:\/\/akademia-zdrowia.pl\/lodz\/wp-content\/uploads\/2024\/08\/specjalizacyjne-kursy-pielegniarki-683x1024.png 683w, https:\/\/akademia-zdrowia.pl\/lodz\/wp-content\/uploads\/2024\/08\/specjalizacyjne-kursy-pielegniarki-200x300.png 200w, https:\/\/akademia-zdrowia.pl\/lodz\/wp-content\/uploads\/2024\/08\/specjalizacyjne-kursy-pielegniarki-768x1152.png 768w, https:\/\/akademia-zdrowia.pl\/lodz\/wp-content\/uploads\/2024\/08\/specjalizacyjne-kursy-pielegniarki-1024x1536.png 1024w, https:\/\/akademia-zdrowia.pl\/lodz\/wp-content\/uploads\/2024\/08\/specjalizacyjne-kursy-pielegniarki-500x750.png 500w, https:\/\/akademia-zdrowia.pl\/lodz\/wp-content\/uploads\/2024\/08\/specjalizacyjne-kursy-pielegniarki.png 1152w\" sizes=\"(max-width: 640px) 100vw, 640px\" \/>\t\t\t\t\t\t\t\t\t\t\t\t\t\t\t<\/div>\n\t\t\t\t<\/div>\n\t\t\t\t\t<\/div>\n\t\t<\/div>\n\t\t\t\t\t<\/div>\n\t\t<\/section>\n\t\t\t\t<section class=\"elementor-section elementor-top-section elementor-element elementor-element-a950d78 elementor-section-boxed elementor-section-height-default elementor-section-height-default\" data-id=\"a950d78\" data-element_type=\"section\" data-e-type=\"section\" data-settings=\"{&quot;background_background&quot;:&quot;classic&quot;}\">\n\t\t\t\t\t\t<div class=\"elementor-container elementor-column-gap-default\">\n\t\t\t\t\t<div class=\"elementor-column elementor-col-50 elementor-top-column elementor-element elementor-element-a018da5\" data-id=\"a018da5\" data-element_type=\"column\" data-e-type=\"column\" data-settings=\"{&quot;background_background&quot;:&quot;classic&quot;}\">\n\t\t\t<div class=\"elementor-widget-wrap elementor-element-populated\">\n\t\t\t\t\t\t<div class=\"elementor-element elementor-element-a5cb0b5 elementor-widget-mobile__width-initial elementor-widget elementor-widget-rs-heading\" data-id=\"a5cb0b5\" data-element_type=\"widget\" data-e-type=\"widget\" data-widget_type=\"rs-heading.default\">\n\t\t\t\t<div class=\"elementor-widget-container\">\n\t\t\t\t\t        <div class=\"rs-heading default \">\r\n        \t<div class=\"title-inner\">\r\n        \t\t      \t\t\r\n\t            <span class=\"sub-text \">MASZ PYTANIA?<\/span><h2 class=\"title\"><span class=\"watermark\"><\/span>Skontaktuj si\u0119 z nami!<\/h2>\t        <\/div>\r\n\t                    \t<div class=\"description\">\r\n            \t\t<div class=\"flex-shrink-0 flex flex-col relative items-end\"><div><div class=\"pt-0\"><div class=\"gizmo-bot-avatar flex h-8 w-8 items-center justify-center overflow-hidden rounded-full\"><div class=\"relative p-1 rounded-sm flex items-center justify-center bg-token-main-surface-primary text-token-text-primary h-8 w-8\">Masz pytania dotycz\u0105ce szkole\u0144 i kurs\u00f3w dla piel\u0119gniarek i po\u0142o\u017cnych? Zadzwo\u0144 - doradzimy, pomo\u017cemy!<\/div><\/div><\/div><\/div><\/div>            \t\t\r\n            \t<\/div>\r\n        \t        <\/div>\r\n        \t\t\t\t<\/div>\n\t\t\t\t<\/div>\n\t\t\t\t<div class=\"elementor-element elementor-element-d6ce4fa elementor-widget elementor-widget-rs-button\" data-id=\"d6ce4fa\" data-element_type=\"widget\" data-e-type=\"widget\" data-widget_type=\"rs-button.default\">\n\t\t\t\t<div class=\"elementor-widget-container\">\n\t\t\t\t\t\t\r\n\t\t\r\n\t\t<div class=\"rs-view-btn\">\r\n\t\t\t\t\t\t<a class=\"rs-btn rs-btnblack rs-btn-style1\" href=\"tel:+48422557700\" >\t\t\t\t\r\n\t\t\t\t<span class=\"rs_btn__text\"><span class=\"btn_text\">ZADZWO\u0143 - 42 25 57 700<\/span><\/span>\r\n\t\t\t<\/a>\r\n\t\t<\/div>    \r\n\t\t\t\t\t<\/div>\n\t\t\t\t<\/div>\n\t\t\t\t\t<\/div>\n\t\t<\/div>\n\t\t\t\t<div class=\"elementor-column elementor-col-50 elementor-top-column elementor-element elementor-element-1ec838d\" data-id=\"1ec838d\" data-element_type=\"column\" data-e-type=\"column\">\n\t\t\t<div class=\"elementor-widget-wrap elementor-element-populated\">\n\t\t\t\t\t\t<div class=\"elementor-element elementor-element-27a553d elementor-widget elementor-widget-rs-heading\" data-id=\"27a553d\" data-element_type=\"widget\" data-e-type=\"widget\" data-widget_type=\"rs-heading.default\">\n\t\t\t\t<div class=\"elementor-widget-container\">\n\t\t\t\t\t        <div class=\"rs-heading default \">\r\n        \t<div class=\"title-inner\">\r\n        \t\t      \t\t\r\n\t            <span class=\"sub-text \">SZKOLENIA DLA PIEL\u0118GNIAREK I PO\u0141O\u017bNYCH<\/span><h2 class=\"title\"><span class=\"watermark\"><\/span>Dlaczego warto wybra\u0107 nas<\/h2>\t        <\/div>\r\n\t                    \t<div class=\"description\">\r\n            \t\t<p>Szeroki zakres szkole\u0144 dla piel\u0119gniarek i po\u0142o\u017cnych od niemal 20 lat!\u00a0Oferujemy profesjonalne programy dostosowane do potrzeb pracownik\u00f3w s\u0142u\u017cby zdrowia. Nasze szkolenia pomagaj\u0105 rozwija\u0107 umiej\u0119tno\u015bci i zdobywa\u0107 nowe kwalifikacje, aby\u015b mog\u0142a\/m\u00f3g\u0142 jeszcze lepiej dba\u0107 o swoich pacjent\u00f3w. Do\u0142\u0105cz do nas i zainwestuj w swoj\u0105 przysz\u0142o\u015b\u0107!<\/p>            \t\t\r\n            \t<\/div>\r\n        \t        <\/div>\r\n        \t\t\t\t<\/div>\n\t\t\t\t<\/div>\n\t\t\t\t\t<\/div>\n\t\t<\/div>\n\t\t\t\t\t<\/div>\n\t\t<\/section>\n\t\t\t\t<\/div>\n\t\t","protected":false},"excerpt":{"rendered":"<p>AKADEMIA ZDROWIA DLA PIEL\u0118GNIAREK I PO\u0141O\u017bNYCH Kursy kwalifikacyjne SMK AKTUALNE NABORY Kursy kwalifikacyjne Piel\u0119gniarstwo rodzinne dla piel\u0119gniarek 21.03.2026 Szczeg\u00f3\u0142owe informacje dotycz\u0105ce ceny oraz\u00a0 spraw organizacyjnych dost\u0119pne s\u0105 pod numerem telefonu sekretariatu Akademii Zdrowia. ZAPISY: tel. 42 255-77-00 Wnioski na specjalizacj\u0119 prosz\u0119 sk\u0142ada\u0107 przez SMK!!! MASZ PYTANIA? Skontaktuj si\u0119 z nami! Masz pytania dotycz\u0105ce szkole\u0144 i&#8230;<\/p>\n","protected":false},"author":1,"featured_media":0,"parent":53,"menu_order":0,"comment_status":"closed","ping_status":"closed","template":"","meta":{"footnotes":""},"class_list":["post-399","page","type-page","status-publish","hentry"],"yoast_head":"<!-- This site is optimized with the Yoast SEO Premium plugin v18.9 (Yoast SEO v27.2) - https:\/\/yoast.com\/product\/yoast-seo-premium-wordpress\/ -->\n<title>Kursy kwalifikacyjne - Akademia Zdrowia \u0141\u00f3d\u017a - Kursy zawodowe, szko\u0142y policealne, szko\u0142y dla doros\u0142ych<\/title>\n<meta name=\"description\" content=\"AKADEMIA ZDROWIA DLA PIEL\u0118GNIAREK I PO\u0141O\u017bNYCHKursy kwalifikacyjne SMK AKTUALNE NABORYKursy kwalifikacyjne Piel\u0119gniarstwo rodzinne dla piel\u0119gniarek\" \/>\n<meta name=\"robots\" content=\"index, follow, max-snippet:-1, max-image-preview:large, max-video-preview:-1\" \/>\n<link rel=\"canonical\" href=\"https:\/\/akademia-zdrowia.pl\/lodz\/oferta-szkoleniowa\/ksztalcenie-pielegniarek-i-poloznych\/kursy-kwalifikacyjne\/\" \/>\n<meta property=\"og:locale\" content=\"pl_PL\" \/>\n<meta property=\"og:type\" content=\"article\" \/>\n<meta property=\"og:title\" content=\"Kursy kwalifikacyjne\" \/>\n<meta property=\"og:description\" content=\"AKADEMIA ZDROWIA DLA PIEL\u0118GNIAREK I PO\u0141O\u017bNYCHKursy kwalifikacyjne SMK AKTUALNE NABORYKursy kwalifikacyjne Piel\u0119gniarstwo rodzinne dla piel\u0119gniarek\" \/>\n<meta property=\"og:url\" content=\"https:\/\/akademia-zdrowia.pl\/lodz\/oferta-szkoleniowa\/ksztalcenie-pielegniarek-i-poloznych\/kursy-kwalifikacyjne\/\" \/>\n<meta property=\"og:site_name\" content=\"Akademia Zdrowia \u0141\u00f3d\u017a\" \/>\n<meta property=\"article:modified_time\" content=\"2026-01-12T11:40:09+00:00\" \/>\n<meta property=\"og:image\" content=\"https:\/\/akademia-zdrowia.pl\/lodz\/wp-content\/uploads\/2024\/08\/specjalizacyjne-kursy-pielegniarki.png\" \/>\n\t<meta property=\"og:image:width\" content=\"1152\" \/>\n\t<meta property=\"og:image:height\" content=\"1728\" \/>\n\t<meta property=\"og:image:type\" content=\"image\/png\" \/>\n<meta name=\"twitter:card\" content=\"summary_large_image\" \/>\n<meta name=\"twitter:label1\" content=\"Szacowany czas czytania\" \/>\n\t<meta name=\"twitter:data1\" content=\"1 minuta\" \/>\n<script type=\"application\/ld+json\" class=\"yoast-schema-graph\">{\"@context\":\"https:\/\/schema.org\",\"@graph\":[{\"@type\":\"WebPage\",\"@id\":\"https:\/\/akademia-zdrowia.pl\/lodz\/oferta-szkoleniowa\/ksztalcenie-pielegniarek-i-poloznych\/kursy-kwalifikacyjne\/\",\"url\":\"https:\/\/akademia-zdrowia.pl\/lodz\/oferta-szkoleniowa\/ksztalcenie-pielegniarek-i-poloznych\/kursy-kwalifikacyjne\/\",\"name\":\"Kursy kwalifikacyjne - Akademia Zdrowia \u0141\u00f3d\u017a - Kursy zawodowe, szko\u0142y policealne, szko\u0142y dla doros\u0142ych\",\"isPartOf\":{\"@id\":\"https:\/\/akademia-zdrowia.pl\/lodz\/#website\"},\"primaryImageOfPage\":{\"@id\":\"https:\/\/akademia-zdrowia.pl\/lodz\/oferta-szkoleniowa\/ksztalcenie-pielegniarek-i-poloznych\/kursy-kwalifikacyjne\/#primaryimage\"},\"image\":{\"@id\":\"https:\/\/akademia-zdrowia.pl\/lodz\/oferta-szkoleniowa\/ksztalcenie-pielegniarek-i-poloznych\/kursy-kwalifikacyjne\/#primaryimage\"},\"thumbnailUrl\":\"https:\/\/akademia-zdrowia.pl\/lodz\/wp-content\/uploads\/2024\/08\/specjalizacyjne-kursy-pielegniarki-683x1024.png\",\"datePublished\":\"2018-01-10T10:36:08+00:00\",\"dateModified\":\"2026-01-12T11:40:09+00:00\",\"description\":\"AKADEMIA ZDROWIA DLA PIEL\u0118GNIAREK I PO\u0141O\u017bNYCHKursy kwalifikacyjne SMK AKTUALNE NABORYKursy kwalifikacyjne Piel\u0119gniarstwo rodzinne dla piel\u0119gniarek\",\"breadcrumb\":{\"@id\":\"https:\/\/akademia-zdrowia.pl\/lodz\/oferta-szkoleniowa\/ksztalcenie-pielegniarek-i-poloznych\/kursy-kwalifikacyjne\/#breadcrumb\"},\"inLanguage\":\"pl-PL\",\"potentialAction\":[{\"@type\":\"ReadAction\",\"target\":[\"https:\/\/akademia-zdrowia.pl\/lodz\/oferta-szkoleniowa\/ksztalcenie-pielegniarek-i-poloznych\/kursy-kwalifikacyjne\/\"]}]},{\"@type\":\"ImageObject\",\"inLanguage\":\"pl-PL\",\"@id\":\"https:\/\/akademia-zdrowia.pl\/lodz\/oferta-szkoleniowa\/ksztalcenie-pielegniarek-i-poloznych\/kursy-kwalifikacyjne\/#primaryimage\",\"url\":\"https:\/\/akademia-zdrowia.pl\/lodz\/wp-content\/uploads\/2024\/08\/specjalizacyjne-kursy-pielegniarki.png\",\"contentUrl\":\"https:\/\/akademia-zdrowia.pl\/lodz\/wp-content\/uploads\/2024\/08\/specjalizacyjne-kursy-pielegniarki.png\",\"width\":1152,\"height\":1728},{\"@type\":\"BreadcrumbList\",\"@id\":\"https:\/\/akademia-zdrowia.pl\/lodz\/oferta-szkoleniowa\/ksztalcenie-pielegniarek-i-poloznych\/kursy-kwalifikacyjne\/#breadcrumb\",\"itemListElement\":[{\"@type\":\"ListItem\",\"position\":1,\"name\":\"Strona g\u0142\u00f3wna\",\"item\":\"https:\/\/akademia-zdrowia.pl\/lodz\/\"},{\"@type\":\"ListItem\",\"position\":2,\"name\":\"Oferta szkoleniowa\",\"item\":\"https:\/\/akademia-zdrowia.pl\/lodz\/oferta-szkoleniowa\/\"},{\"@type\":\"ListItem\",\"position\":3,\"name\":\"Kszta\u0142cenie piel\u0119gniarek i po\u0142o\u017cnych\",\"item\":\"https:\/\/akademia-zdrowia.pl\/lodz\/oferta-szkoleniowa\/ksztalcenie-pielegniarek-i-poloznych\/\"},{\"@type\":\"ListItem\",\"position\":4,\"name\":\"Kursy kwalifikacyjne\"}]},{\"@type\":\"WebSite\",\"@id\":\"https:\/\/akademia-zdrowia.pl\/lodz\/#website\",\"url\":\"https:\/\/akademia-zdrowia.pl\/lodz\/\",\"name\":\"Akademia Zdrowia \u0141\u00f3d\u017a\",\"description\":\"\",\"potentialAction\":[{\"@type\":\"SearchAction\",\"target\":{\"@type\":\"EntryPoint\",\"urlTemplate\":\"https:\/\/akademia-zdrowia.pl\/lodz\/?s={search_term_string}\"},\"query-input\":{\"@type\":\"PropertyValueSpecification\",\"valueRequired\":true,\"valueName\":\"search_term_string\"}}],\"inLanguage\":\"pl-PL\"}]}<\/script>\n<!-- \/ Yoast SEO Premium plugin. -->","yoast_head_json":{"title":"Kursy kwalifikacyjne - Akademia Zdrowia \u0141\u00f3d\u017a - Kursy zawodowe, szko\u0142y policealne, szko\u0142y dla doros\u0142ych","description":"AKADEMIA ZDROWIA DLA PIEL\u0118GNIAREK I PO\u0141O\u017bNYCHKursy kwalifikacyjne SMK AKTUALNE NABORYKursy kwalifikacyjne Piel\u0119gniarstwo rodzinne dla piel\u0119gniarek","robots":{"index":"index","follow":"follow","max-snippet":"max-snippet:-1","max-image-preview":"max-image-preview:large","max-video-preview":"max-video-preview:-1"},"canonical":"https:\/\/akademia-zdrowia.pl\/lodz\/oferta-szkoleniowa\/ksztalcenie-pielegniarek-i-poloznych\/kursy-kwalifikacyjne\/","og_locale":"pl_PL","og_type":"article","og_title":"Kursy kwalifikacyjne","og_description":"AKADEMIA ZDROWIA DLA PIEL\u0118GNIAREK I PO\u0141O\u017bNYCHKursy kwalifikacyjne SMK AKTUALNE NABORYKursy kwalifikacyjne Piel\u0119gniarstwo rodzinne dla piel\u0119gniarek","og_url":"https:\/\/akademia-zdrowia.pl\/lodz\/oferta-szkoleniowa\/ksztalcenie-pielegniarek-i-poloznych\/kursy-kwalifikacyjne\/","og_site_name":"Akademia Zdrowia \u0141\u00f3d\u017a","article_modified_time":"2026-01-12T11:40:09+00:00","og_image":[{"width":1152,"height":1728,"url":"https:\/\/akademia-zdrowia.pl\/lodz\/wp-content\/uploads\/2024\/08\/specjalizacyjne-kursy-pielegniarki.png","type":"image\/png"}],"twitter_card":"summary_large_image","twitter_misc":{"Szacowany czas czytania":"1 minuta"},"schema":{"@context":"https:\/\/schema.org","@graph":[{"@type":"WebPage","@id":"https:\/\/akademia-zdrowia.pl\/lodz\/oferta-szkoleniowa\/ksztalcenie-pielegniarek-i-poloznych\/kursy-kwalifikacyjne\/","url":"https:\/\/akademia-zdrowia.pl\/lodz\/oferta-szkoleniowa\/ksztalcenie-pielegniarek-i-poloznych\/kursy-kwalifikacyjne\/","name":"Kursy kwalifikacyjne - Akademia Zdrowia \u0141\u00f3d\u017a - Kursy zawodowe, szko\u0142y policealne, szko\u0142y dla doros\u0142ych","isPartOf":{"@id":"https:\/\/akademia-zdrowia.pl\/lodz\/#website"},"primaryImageOfPage":{"@id":"https:\/\/akademia-zdrowia.pl\/lodz\/oferta-szkoleniowa\/ksztalcenie-pielegniarek-i-poloznych\/kursy-kwalifikacyjne\/#primaryimage"},"image":{"@id":"https:\/\/akademia-zdrowia.pl\/lodz\/oferta-szkoleniowa\/ksztalcenie-pielegniarek-i-poloznych\/kursy-kwalifikacyjne\/#primaryimage"},"thumbnailUrl":"https:\/\/akademia-zdrowia.pl\/lodz\/wp-content\/uploads\/2024\/08\/specjalizacyjne-kursy-pielegniarki-683x1024.png","datePublished":"2018-01-10T10:36:08+00:00","dateModified":"2026-01-12T11:40:09+00:00","description":"AKADEMIA ZDROWIA DLA PIEL\u0118GNIAREK I PO\u0141O\u017bNYCHKursy kwalifikacyjne SMK AKTUALNE NABORYKursy kwalifikacyjne Piel\u0119gniarstwo rodzinne dla piel\u0119gniarek","breadcrumb":{"@id":"https:\/\/akademia-zdrowia.pl\/lodz\/oferta-szkoleniowa\/ksztalcenie-pielegniarek-i-poloznych\/kursy-kwalifikacyjne\/#breadcrumb"},"inLanguage":"pl-PL","potentialAction":[{"@type":"ReadAction","target":["https:\/\/akademia-zdrowia.pl\/lodz\/oferta-szkoleniowa\/ksztalcenie-pielegniarek-i-poloznych\/kursy-kwalifikacyjne\/"]}]},{"@type":"ImageObject","inLanguage":"pl-PL","@id":"https:\/\/akademia-zdrowia.pl\/lodz\/oferta-szkoleniowa\/ksztalcenie-pielegniarek-i-poloznych\/kursy-kwalifikacyjne\/#primaryimage","url":"https:\/\/akademia-zdrowia.pl\/lodz\/wp-content\/uploads\/2024\/08\/specjalizacyjne-kursy-pielegniarki.png","contentUrl":"https:\/\/akademia-zdrowia.pl\/lodz\/wp-content\/uploads\/2024\/08\/specjalizacyjne-kursy-pielegniarki.png","width":1152,"height":1728},{"@type":"BreadcrumbList","@id":"https:\/\/akademia-zdrowia.pl\/lodz\/oferta-szkoleniowa\/ksztalcenie-pielegniarek-i-poloznych\/kursy-kwalifikacyjne\/#breadcrumb","itemListElement":[{"@type":"ListItem","position":1,"name":"Strona g\u0142\u00f3wna","item":"https:\/\/akademia-zdrowia.pl\/lodz\/"},{"@type":"ListItem","position":2,"name":"Oferta szkoleniowa","item":"https:\/\/akademia-zdrowia.pl\/lodz\/oferta-szkoleniowa\/"},{"@type":"ListItem","position":3,"name":"Kszta\u0142cenie piel\u0119gniarek i po\u0142o\u017cnych","item":"https:\/\/akademia-zdrowia.pl\/lodz\/oferta-szkoleniowa\/ksztalcenie-pielegniarek-i-poloznych\/"},{"@type":"ListItem","position":4,"name":"Kursy kwalifikacyjne"}]},{"@type":"WebSite","@id":"https:\/\/akademia-zdrowia.pl\/lodz\/#website","url":"https:\/\/akademia-zdrowia.pl\/lodz\/","name":"Akademia Zdrowia \u0141\u00f3d\u017a","description":"","potentialAction":[{"@type":"SearchAction","target":{"@type":"EntryPoint","urlTemplate":"https:\/\/akademia-zdrowia.pl\/lodz\/?s={search_term_string}"},"query-input":{"@type":"PropertyValueSpecification","valueRequired":true,"valueName":"search_term_string"}}],"inLanguage":"pl-PL"}]}},"_links":{"self":[{"href":"https:\/\/akademia-zdrowia.pl\/lodz\/wp-json\/wp\/v2\/pages\/399","targetHints":{"allow":["GET"]}}],"collection":[{"href":"https:\/\/akademia-zdrowia.pl\/lodz\/wp-json\/wp\/v2\/pages"}],"about":[{"href":"https:\/\/akademia-zdrowia.pl\/lodz\/wp-json\/wp\/v2\/types\/page"}],"author":[{"embeddable":true,"href":"https:\/\/akademia-zdrowia.pl\/lodz\/wp-json\/wp\/v2\/users\/1"}],"replies":[{"embeddable":true,"href":"https:\/\/akademia-zdrowia.pl\/lodz\/wp-json\/wp\/v2\/comments?post=399"}],"version-history":[{"count":169,"href":"https:\/\/akademia-zdrowia.pl\/lodz\/wp-json\/wp\/v2\/pages\/399\/revisions"}],"predecessor-version":[{"id":17413,"href":"https:\/\/akademia-zdrowia.pl\/lodz\/wp-json\/wp\/v2\/pages\/399\/revisions\/17413"}],"up":[{"embeddable":true,"href":"https:\/\/akademia-zdrowia.pl\/lodz\/wp-json\/wp\/v2\/pages\/53"}],"wp:attachment":[{"href":"https:\/\/akademia-zdrowia.pl\/lodz\/wp-json\/wp\/v2\/media?parent=399"}],"curies":[{"name":"wp","href":"https:\/\/api.w.org\/{rel}","templated":true}]}}