{"id":4457,"date":"2021-10-05T17:48:21","date_gmt":"2021-10-05T15:48:21","guid":{"rendered":"https:\/\/akademia-zdrowia.pl\/lodz\/?page_id=4457"},"modified":"2026-02-24T15:30:57","modified_gmt":"2026-02-24T14:30:57","slug":"taping-estetyczny","status":"publish","type":"page","link":"https:\/\/akademia-zdrowia.pl\/lodz\/oferta-szkoleniowa\/kursy-i-szkolenia\/kursy-masazu\/taping-estetyczny\/","title":{"rendered":"Taping estetyczny"},"content":{"rendered":"\t\t<div data-elementor-type=\"wp-page\" data-elementor-id=\"4457\" class=\"elementor elementor-4457\" data-elementor-post-type=\"page\">\n\t\t\t\t\t\t<section class=\"elementor-section elementor-top-section elementor-element elementor-element-625ec25 elementor-section-boxed elementor-section-height-default elementor-section-height-default\" data-id=\"625ec25\" data-element_type=\"section\" data-e-type=\"section\">\n\t\t\t\t\t\t<div class=\"elementor-container elementor-column-gap-default\">\n\t\t\t\t\t<div class=\"elementor-column elementor-col-100 elementor-top-column elementor-element elementor-element-f948db9\" data-id=\"f948db9\" data-element_type=\"column\" data-e-type=\"column\">\n\t\t\t<div class=\"elementor-widget-wrap elementor-element-populated\">\n\t\t\t\t\t\t<div class=\"elementor-element elementor-element-a0aa987 elementor-widget elementor-widget-rs-heading\" data-id=\"a0aa987\" data-element_type=\"widget\" data-e-type=\"widget\" data-widget_type=\"rs-heading.default\">\n\t\t\t\t<div class=\"elementor-widget-container\">\n\t\t\t\t\t        <div class=\"rs-heading default \">\r\n        \t<div class=\"title-inner\">\r\n        \t\t      \t\t\r\n\t            <span class=\"sub-text \">AKADEMIA ZDROWIA DLA BRAN\u017bY BEAUTY<\/span><h1 class=\"title\"><span class=\"watermark\"><\/span>Taping estetyczny<\/h1>\t        <\/div>\r\n\t                <\/div>\r\n        \t\t\t\t<\/div>\n\t\t\t\t<\/div>\n\t\t\t\t\t<\/div>\n\t\t<\/div>\n\t\t\t\t\t<\/div>\n\t\t<\/section>\n\t\t\t\t<section class=\"elementor-section elementor-top-section elementor-element elementor-element-df5755d elementor-section-stretched elementor-section-boxed elementor-section-height-default elementor-section-height-default\" data-id=\"df5755d\" data-element_type=\"section\" data-e-type=\"section\" data-settings=\"{&quot;background_background&quot;:&quot;classic&quot;,&quot;stretch_section&quot;:&quot;section-stretched&quot;}\">\n\t\t\t\t\t\t<div class=\"elementor-container elementor-column-gap-default\">\n\t\t\t\t\t<div class=\"elementor-column elementor-col-50 elementor-top-column elementor-element elementor-element-e0a4735\" data-id=\"e0a4735\" data-element_type=\"column\" data-e-type=\"column\">\n\t\t\t<div class=\"elementor-widget-wrap elementor-element-populated\">\n\t\t\t\t\t\t<div class=\"elementor-element elementor-element-fbe4338 elementor-widget elementor-widget-rs-heading\" data-id=\"fbe4338\" data-element_type=\"widget\" data-e-type=\"widget\" data-widget_type=\"rs-heading.default\">\n\t\t\t\t<div class=\"elementor-widget-container\">\n\t\t\t\t\t        <div class=\"rs-heading default \">\r\n        \t<div class=\"title-inner\">\r\n        \t\t      \t\t\r\n\t            <span class=\"sub-text \">JAK WYGL\u0104DA SZKOLENIE<\/span><h2 class=\"title\"><span class=\"watermark\"><\/span>Program szkolenia<\/h2>\t        <\/div>\r\n\t                    \t<div class=\"description\">\r\n            \t\t<p><strong>Zapisz si\u0119 ju\u017c dzi\u015b na profesjonalne szkolenie ,,Taping estetyczny\u201d \u2013 prowadzimy nab\u00f3r NON STOP!\u00a0<\/strong><strong>Czas trwania kursu: 8h (1h \u2013 45min).\u00a0<\/strong><strong>Grupy: kameralne (ok. 6-7 os\u00f3b).<\/strong><\/p><p><strong>Po kr\u00f3tkim wst\u0119pie teoretycznym przechodzimy od razu do praktyki!<\/strong><\/p><p>Taping twarzy przeznaczony jest przede wszystkim dla os\u00f3b, u kt\u00f3rych zaczynaj\u0105 pojawia\u0107 si\u0119 pierwsze oznaki up\u0142ywaj\u0105cego czasu i dla tych, kt\u00f3rzy chc\u0105 poprawi\u0107 sw\u00f3j wygl\u0105d \u2013 zmarszczki, utrata j\u0119drno\u015bci sk\u00f3ry, napi\u0119cia mi\u0119\u015bni, problemy z obrz\u0119kami na twarzy, w okolicach oczu czy formuj\u0105cy si\u0119\u00a0 drugi podbr\u00f3dek, napi\u0119cie mi\u0119\u015bni \u017cwaczy.\u00a0Zadaniem tapingu wykorzystywanego przez fizjoterapeut\u00f3w jest niwelowanie b\u00f3lu pourazowego, reumatycznego i pooperacyjnego. Taping estetyczny natomiast ma spe\u0142nia\u0107 zupe\u0142nie inne zadania. Przede wszystkim ma poprawia\u0107 wygl\u0105d twarzy, szyi, dekoltu czy biustu.<\/p><p><strong>Skontaktuj si\u0119 z nami \u2013 PROWADZIMY NAB\u00d3R PRZEZ CA\u0141Y ROK!<\/strong><\/p>            \t\t\r\n            \t<\/div>\r\n        \t        <\/div>\r\n        \t\t\t\t<\/div>\n\t\t\t\t<\/div>\n\t\t\t\t<div class=\"elementor-element elementor-element-86a7ab3 elementor-widget elementor-widget-rs-button\" data-id=\"86a7ab3\" data-element_type=\"widget\" data-e-type=\"widget\" data-widget_type=\"rs-button.default\">\n\t\t\t\t<div class=\"elementor-widget-container\">\n\t\t\t\t\t\t\r\n\t\t\r\n\t\t<div class=\"rs-view-btn\">\r\n\t\t\t\t\t\t<a class=\"rs-btn rs-btnblack rs-btn-style1\" href=\"tel:+48698592960\" >\t\t\t\t\r\n\t\t\t\t<span class=\"rs_btn__text\"><span class=\"btn_text\">ZADZWO\u0143 - Monika 698 592 960<\/span><\/span>\r\n\t\t\t<\/a>\r\n\t\t<\/div>    \r\n\t\t\t\t\t<\/div>\n\t\t\t\t<\/div>\n\t\t\t\t\t<\/div>\n\t\t<\/div>\n\t\t\t\t<div class=\"elementor-column elementor-col-50 elementor-top-column elementor-element elementor-element-03febef\" data-id=\"03febef\" data-element_type=\"column\" data-e-type=\"column\">\n\t\t\t<div class=\"elementor-widget-wrap elementor-element-populated\">\n\t\t\t\t\t\t<div class=\"elementor-element elementor-element-46780b7 elementor-widget elementor-widget-image\" data-id=\"46780b7\" data-element_type=\"widget\" data-e-type=\"widget\" data-widget_type=\"image.default\">\n\t\t\t\t<div class=\"elementor-widget-container\">\n\t\t\t\t\t\t\t\t\t\t\t\t\t\t\t<img fetchpriority=\"high\" decoding=\"async\" width=\"561\" height=\"841\" src=\"https:\/\/akademia-zdrowia.pl\/lodz\/wp-content\/uploads\/2024\/10\/taping_estetyczny.jpg\" class=\"attachment-large size-large wp-image-14572\" alt=\"\" srcset=\"https:\/\/akademia-zdrowia.pl\/lodz\/wp-content\/uploads\/2024\/10\/taping_estetyczny.jpg 561w, https:\/\/akademia-zdrowia.pl\/lodz\/wp-content\/uploads\/2024\/10\/taping_estetyczny-200x300.jpg 200w, https:\/\/akademia-zdrowia.pl\/lodz\/wp-content\/uploads\/2024\/10\/taping_estetyczny-500x750.jpg 500w\" sizes=\"(max-width: 561px) 100vw, 561px\" \/>\t\t\t\t\t\t\t\t\t\t\t\t\t\t\t<\/div>\n\t\t\t\t<\/div>\n\t\t\t\t\t<\/div>\n\t\t<\/div>\n\t\t\t\t\t<\/div>\n\t\t<\/section>\n\t\t\t\t<section class=\"elementor-section elementor-top-section elementor-element elementor-element-d4bc4d9 elementor-section-boxed elementor-section-height-default elementor-section-height-default\" data-id=\"d4bc4d9\" data-element_type=\"section\" data-e-type=\"section\">\n\t\t\t\t\t\t<div class=\"elementor-container elementor-column-gap-default\">\n\t\t\t\t\t<div class=\"elementor-column elementor-col-50 elementor-top-column elementor-element elementor-element-f8361ee\" data-id=\"f8361ee\" data-element_type=\"column\" data-e-type=\"column\">\n\t\t\t<div class=\"elementor-widget-wrap elementor-element-populated\">\n\t\t\t\t\t\t<div class=\"elementor-element elementor-element-d9a85be elementor-widget elementor-widget-text-editor\" data-id=\"d9a85be\" data-element_type=\"widget\" data-e-type=\"widget\" data-widget_type=\"text-editor.default\">\n\t\t\t\t<div class=\"elementor-widget-container\">\n\t\t\t\t\t\t\t\t\t<h3>Dlaczego wybra\u0107 nasze szkolenia?<\/h3><p>Z ponad 20-letnim do\u015bwiadczeniem w bran\u017cy, nasze szkolenia to klucz do sukcesu zawodowego! Prowadzone przez do\u015bwiadczonych specjalist\u00f3w, \u0142\u0105cz\u0105 teori\u0119 z praktyk\u0105, co pozwala uczestnikom na natychmiastowe zastosowanie nabytej wiedzy w pracy.\u00a0<\/p><ul><li>przyja\u017anie przedstawiona <strong>teoria<\/strong>,<\/li><li><strong>du\u017co praktyki<\/strong>,<\/li><li>sprawdzeni, <strong>do\u015bwiadczeni wyk\u0142adowcy<\/strong>,<\/li><li>praca na <strong>modelach<\/strong>.<\/li><\/ul><p>Dzi\u0119ki naszemu podej\u015bciu, ka\u017cdy uczestnik wychodzi z poczuciem pewno\u015bci i gotowo\u015bci do dzia\u0142ania. Inwestuj\u0105c w nasze szkolenia, zyskujesz nie tylko umiej\u0119tno\u015bci, ale i realn\u0105 przewag\u0119 na rynku pracy. Wybierz nas i otw\u00f3rz drzwi do kariery!<\/p>\t\t\t\t\t\t\t\t<\/div>\n\t\t\t\t<\/div>\n\t\t\t\t\t<\/div>\n\t\t<\/div>\n\t\t\t\t<div class=\"elementor-column elementor-col-50 elementor-top-column elementor-element elementor-element-c08b8bc\" data-id=\"c08b8bc\" data-element_type=\"column\" data-e-type=\"column\">\n\t\t\t<div class=\"elementor-widget-wrap elementor-element-populated\">\n\t\t\t\t\t\t<div class=\"elementor-element elementor-element-bfc90f4 elementor-widget elementor-widget-image\" data-id=\"bfc90f4\" data-element_type=\"widget\" data-e-type=\"widget\" data-widget_type=\"image.default\">\n\t\t\t\t<div class=\"elementor-widget-container\">\n\t\t\t\t\t\t\t\t\t\t\t\t\t\t\t<img decoding=\"async\" width=\"640\" height=\"496\" src=\"https:\/\/akademia-zdrowia.pl\/lodz\/wp-content\/uploads\/2024\/10\/szkolenia_beauty_dlaczego_my.png\" class=\"attachment-large size-large wp-image-14190\" alt=\"\" srcset=\"https:\/\/akademia-zdrowia.pl\/lodz\/wp-content\/uploads\/2024\/10\/szkolenia_beauty_dlaczego_my.png 683w, https:\/\/akademia-zdrowia.pl\/lodz\/wp-content\/uploads\/2024\/10\/szkolenia_beauty_dlaczego_my-300x232.png 300w, https:\/\/akademia-zdrowia.pl\/lodz\/wp-content\/uploads\/2024\/10\/szkolenia_beauty_dlaczego_my-500x387.png 500w\" sizes=\"(max-width: 640px) 100vw, 640px\" \/>\t\t\t\t\t\t\t\t\t\t\t\t\t\t\t<\/div>\n\t\t\t\t<\/div>\n\t\t\t\t\t<\/div>\n\t\t<\/div>\n\t\t\t\t\t<\/div>\n\t\t<\/section>\n\t\t\t\t<section class=\"elementor-section elementor-top-section elementor-element elementor-element-24b0a48 elementor-section-boxed elementor-section-height-default elementor-section-height-default\" data-id=\"24b0a48\" data-element_type=\"section\" data-e-type=\"section\" data-settings=\"{&quot;background_background&quot;:&quot;classic&quot;}\">\n\t\t\t\t\t\t<div class=\"elementor-container elementor-column-gap-default\">\n\t\t\t\t\t<div class=\"elementor-column elementor-col-50 elementor-top-column elementor-element elementor-element-cb99ea6\" data-id=\"cb99ea6\" data-element_type=\"column\" data-e-type=\"column\" data-settings=\"{&quot;background_background&quot;:&quot;classic&quot;}\">\n\t\t\t<div class=\"elementor-widget-wrap elementor-element-populated\">\n\t\t\t\t\t\t<div class=\"elementor-element elementor-element-624dbf1 elementor-widget-mobile__width-initial elementor-widget elementor-widget-rs-heading\" data-id=\"624dbf1\" data-element_type=\"widget\" data-e-type=\"widget\" data-widget_type=\"rs-heading.default\">\n\t\t\t\t<div class=\"elementor-widget-container\">\n\t\t\t\t\t        <div class=\"rs-heading default \">\r\n        \t<div class=\"title-inner\">\r\n        \t\t      \t\t\r\n\t            <span class=\"sub-text \">NIE MASZ POMYS\u0141U NA PREZENT?<\/span><h2 class=\"title\"><span class=\"watermark\"><\/span>Kup voucher!<\/h2>\t        <\/div>\r\n\t                    \t<div class=\"description\">\r\n            \t\t<div class=\"flex-shrink-0 flex flex-col relative items-end\"><div><div class=\"pt-0\"><div class=\"gizmo-bot-avatar flex h-8 w-8 items-center justify-center overflow-hidden rounded-full\"><div class=\"relative p-1 rounded-sm flex items-center justify-center bg-token-main-surface-primary text-token-text-primary h-8 w-8\">Podaruj bliskim wyj\u0105tkowy prezent! Kup voucher na nasze szkolenia i kursy \u2014 to doskona\u0142y spos\u00f3b na rozw\u00f3j i nowe umiej\u0119tno\u015bci. Idealny prezent na ka\u017cd\u0105 okazj\u0119!<\/div><\/div><\/div><\/div><\/div>            \t\t\r\n            \t<\/div>\r\n        \t        <\/div>\r\n        \t\t\t\t<\/div>\n\t\t\t\t<\/div>\n\t\t\t\t<div class=\"elementor-element elementor-element-8bdff64 elementor-widget elementor-widget-rs-button\" data-id=\"8bdff64\" data-element_type=\"widget\" data-e-type=\"widget\" data-widget_type=\"rs-button.default\">\n\t\t\t\t<div class=\"elementor-widget-container\">\n\t\t\t\t\t\t\r\n\t\t\r\n\t\t<div class=\"rs-view-btn\">\r\n\t\t\t\t\t\t<a class=\"rs-btn rs-btnblack rs-btn-style1\" href=\"tel:+48698592960\" >\t\t\t\t\r\n\t\t\t\t<span class=\"rs_btn__text\"><span class=\"btn_text\">ZADZWO\u0143 - ZAM\u00d3W VOUCHER<\/span><\/span>\r\n\t\t\t<\/a>\r\n\t\t<\/div>    \r\n\t\t\t\t\t<\/div>\n\t\t\t\t<\/div>\n\t\t\t\t\t<\/div>\n\t\t<\/div>\n\t\t\t\t<div class=\"elementor-column elementor-col-50 elementor-top-column elementor-element elementor-element-3d075fa\" data-id=\"3d075fa\" data-element_type=\"column\" data-e-type=\"column\">\n\t\t\t<div class=\"elementor-widget-wrap elementor-element-populated\">\n\t\t\t\t\t\t<div class=\"elementor-element elementor-element-234f6f2 elementor-widget elementor-widget-rs-heading\" data-id=\"234f6f2\" data-element_type=\"widget\" data-e-type=\"widget\" data-widget_type=\"rs-heading.default\">\n\t\t\t\t<div class=\"elementor-widget-container\">\n\t\t\t\t\t        <div class=\"rs-heading default \">\r\n        \t<div class=\"title-inner\">\r\n        \t\t      \t\t\r\n\t            <span class=\"sub-text \">MASZ PYTANIA<\/span><h2 class=\"title\"><span class=\"watermark\"><\/span>Skontaktuj si\u0119 z nami!<\/h2>\t        <\/div>\r\n\t                    \t<div class=\"description\">\r\n            \t\t<p>Kliknij 'Zadzwo\u0144', aby po\u0142\u0105czy\u0107 si\u0119 z opiekunem kursu!<\/p>            \t\t\r\n            \t<\/div>\r\n        \t        <\/div>\r\n        \t\t\t\t<\/div>\n\t\t\t\t<\/div>\n\t\t\t\t<div class=\"elementor-element elementor-element-3e3b864 elementor-widget elementor-widget-rs-button\" data-id=\"3e3b864\" data-element_type=\"widget\" data-e-type=\"widget\" data-widget_type=\"rs-button.default\">\n\t\t\t\t<div class=\"elementor-widget-container\">\n\t\t\t\t\t\t\r\n\t\t\r\n\t\t<div class=\"rs-view-btn\">\r\n\t\t\t\t\t\t<a class=\"rs-btn rs-btnblack rs-btn-style1\" href=\"tel:+48698592960\" >\t\t\t\t\r\n\t\t\t\t<span class=\"rs_btn__text\"><span class=\"btn_text\">ZADZWO\u0143 - MONIKA - 698 592 960<\/span><\/span>\r\n\t\t\t<\/a>\r\n\t\t<\/div>    \r\n\t\t\t\t\t<\/div>\n\t\t\t\t<\/div>\n\t\t\t\t\t<\/div>\n\t\t<\/div>\n\t\t\t\t\t<\/div>\n\t\t<\/section>\n\t\t\t\t<\/div>\n\t\t","protected":false},"excerpt":{"rendered":"<p>AKADEMIA ZDROWIA DLA BRAN\u017bY BEAUTY Taping estetyczny JAK WYGL\u0104DA SZKOLENIE Program szkolenia Zapisz si\u0119 ju\u017c dzi\u015b na profesjonalne szkolenie ,,Taping estetyczny\u201d \u2013 prowadzimy nab\u00f3r NON STOP!\u00a0Czas trwania kursu: 8h (1h \u2013 45min).\u00a0Grupy: kameralne (ok. 6-7 os\u00f3b). Po kr\u00f3tkim wst\u0119pie teoretycznym przechodzimy od razu do praktyki! Taping twarzy przeznaczony jest przede wszystkim dla os\u00f3b, u kt\u00f3rych&#8230;<\/p>\n","protected":false},"author":1,"featured_media":0,"parent":330,"menu_order":0,"comment_status":"closed","ping_status":"closed","template":"","meta":{"footnotes":""},"class_list":["post-4457","page","type-page","status-publish","hentry"],"yoast_head":"<!-- This site is optimized with the Yoast SEO Premium plugin v18.9 (Yoast SEO v27.2) - https:\/\/yoast.com\/product\/yoast-seo-premium-wordpress\/ -->\n<title>Taping estetyczny - Akademia Zdrowia \u0141\u00f3d\u017a - Kursy zawodowe, szko\u0142y policealne, szko\u0142y dla doros\u0142ych<\/title>\n<meta name=\"description\" content=\"AKADEMIA ZDROWIA DLA BRAN\u017bY BEAUTYTaping estetyczny JAK WYGL\u0104DA SZKOLENIEProgram szkolenia Zapisz si\u0119 ju\u017c dzi\u015b na profesjonalne szkolenie ,,Taping\" \/>\n<meta name=\"robots\" content=\"index, follow, max-snippet:-1, max-image-preview:large, max-video-preview:-1\" \/>\n<link rel=\"canonical\" href=\"https:\/\/akademia-zdrowia.pl\/lodz\/oferta-szkoleniowa\/kursy-i-szkolenia\/kursy-masazu\/taping-estetyczny\/\" \/>\n<meta property=\"og:locale\" content=\"pl_PL\" \/>\n<meta property=\"og:type\" content=\"article\" \/>\n<meta property=\"og:title\" content=\"Taping estetyczny\" \/>\n<meta property=\"og:description\" content=\"AKADEMIA ZDROWIA DLA BRAN\u017bY BEAUTYTaping estetyczny JAK WYGL\u0104DA SZKOLENIEProgram szkolenia Zapisz si\u0119 ju\u017c dzi\u015b na profesjonalne szkolenie ,,Taping\" \/>\n<meta property=\"og:url\" content=\"https:\/\/akademia-zdrowia.pl\/lodz\/oferta-szkoleniowa\/kursy-i-szkolenia\/kursy-masazu\/taping-estetyczny\/\" \/>\n<meta property=\"og:site_name\" content=\"Akademia Zdrowia \u0141\u00f3d\u017a\" \/>\n<meta property=\"article:modified_time\" content=\"2026-02-24T14:30:57+00:00\" \/>\n<meta property=\"og:image\" content=\"https:\/\/akademia-zdrowia.pl\/lodz\/wp-content\/uploads\/2024\/10\/taping_estetyczny.jpg\" \/>\n\t<meta property=\"og:image:width\" content=\"561\" \/>\n\t<meta property=\"og:image:height\" content=\"841\" \/>\n\t<meta property=\"og:image:type\" content=\"image\/jpeg\" \/>\n<meta name=\"twitter:card\" content=\"summary_large_image\" \/>\n<meta name=\"twitter:label1\" content=\"Szacowany czas czytania\" \/>\n\t<meta name=\"twitter:data1\" content=\"3 minuty\" \/>\n<script type=\"application\/ld+json\" class=\"yoast-schema-graph\">{\"@context\":\"https:\/\/schema.org\",\"@graph\":[{\"@type\":\"WebPage\",\"@id\":\"https:\/\/akademia-zdrowia.pl\/lodz\/oferta-szkoleniowa\/kursy-i-szkolenia\/kursy-masazu\/taping-estetyczny\/\",\"url\":\"https:\/\/akademia-zdrowia.pl\/lodz\/oferta-szkoleniowa\/kursy-i-szkolenia\/kursy-masazu\/taping-estetyczny\/\",\"name\":\"Taping estetyczny - Akademia Zdrowia \u0141\u00f3d\u017a - Kursy zawodowe, szko\u0142y policealne, szko\u0142y dla doros\u0142ych\",\"isPartOf\":{\"@id\":\"https:\/\/akademia-zdrowia.pl\/lodz\/#website\"},\"primaryImageOfPage\":{\"@id\":\"https:\/\/akademia-zdrowia.pl\/lodz\/oferta-szkoleniowa\/kursy-i-szkolenia\/kursy-masazu\/taping-estetyczny\/#primaryimage\"},\"image\":{\"@id\":\"https:\/\/akademia-zdrowia.pl\/lodz\/oferta-szkoleniowa\/kursy-i-szkolenia\/kursy-masazu\/taping-estetyczny\/#primaryimage\"},\"thumbnailUrl\":\"https:\/\/akademia-zdrowia.pl\/lodz\/wp-content\/uploads\/2024\/10\/taping_estetyczny.jpg\",\"datePublished\":\"2021-10-05T15:48:21+00:00\",\"dateModified\":\"2026-02-24T14:30:57+00:00\",\"description\":\"AKADEMIA ZDROWIA DLA BRAN\u017bY BEAUTYTaping estetyczny JAK WYGL\u0104DA SZKOLENIEProgram szkolenia Zapisz si\u0119 ju\u017c dzi\u015b na profesjonalne szkolenie ,,Taping\",\"breadcrumb\":{\"@id\":\"https:\/\/akademia-zdrowia.pl\/lodz\/oferta-szkoleniowa\/kursy-i-szkolenia\/kursy-masazu\/taping-estetyczny\/#breadcrumb\"},\"inLanguage\":\"pl-PL\",\"potentialAction\":[{\"@type\":\"ReadAction\",\"target\":[\"https:\/\/akademia-zdrowia.pl\/lodz\/oferta-szkoleniowa\/kursy-i-szkolenia\/kursy-masazu\/taping-estetyczny\/\"]}]},{\"@type\":\"ImageObject\",\"inLanguage\":\"pl-PL\",\"@id\":\"https:\/\/akademia-zdrowia.pl\/lodz\/oferta-szkoleniowa\/kursy-i-szkolenia\/kursy-masazu\/taping-estetyczny\/#primaryimage\",\"url\":\"https:\/\/akademia-zdrowia.pl\/lodz\/wp-content\/uploads\/2024\/10\/taping_estetyczny.jpg\",\"contentUrl\":\"https:\/\/akademia-zdrowia.pl\/lodz\/wp-content\/uploads\/2024\/10\/taping_estetyczny.jpg\",\"width\":561,\"height\":841},{\"@type\":\"BreadcrumbList\",\"@id\":\"https:\/\/akademia-zdrowia.pl\/lodz\/oferta-szkoleniowa\/kursy-i-szkolenia\/kursy-masazu\/taping-estetyczny\/#breadcrumb\",\"itemListElement\":[{\"@type\":\"ListItem\",\"position\":1,\"name\":\"Strona g\u0142\u00f3wna\",\"item\":\"https:\/\/akademia-zdrowia.pl\/lodz\/\"},{\"@type\":\"ListItem\",\"position\":2,\"name\":\"Oferta szkoleniowa\",\"item\":\"https:\/\/akademia-zdrowia.pl\/lodz\/oferta-szkoleniowa\/\"},{\"@type\":\"ListItem\",\"position\":3,\"name\":\"Kursy i szkolenia\",\"item\":\"https:\/\/akademia-zdrowia.pl\/lodz\/oferta-szkoleniowa\/kursy-i-szkolenia\/\"},{\"@type\":\"ListItem\",\"position\":4,\"name\":\"Kursy masa\u017cu\",\"item\":\"https:\/\/akademia-zdrowia.pl\/lodz\/oferta-szkoleniowa\/kursy-i-szkolenia\/kursy-masazu\/\"},{\"@type\":\"ListItem\",\"position\":5,\"name\":\"Taping estetyczny\"}]},{\"@type\":\"WebSite\",\"@id\":\"https:\/\/akademia-zdrowia.pl\/lodz\/#website\",\"url\":\"https:\/\/akademia-zdrowia.pl\/lodz\/\",\"name\":\"Akademia Zdrowia \u0141\u00f3d\u017a\",\"description\":\"\",\"potentialAction\":[{\"@type\":\"SearchAction\",\"target\":{\"@type\":\"EntryPoint\",\"urlTemplate\":\"https:\/\/akademia-zdrowia.pl\/lodz\/?s={search_term_string}\"},\"query-input\":{\"@type\":\"PropertyValueSpecification\",\"valueRequired\":true,\"valueName\":\"search_term_string\"}}],\"inLanguage\":\"pl-PL\"}]}<\/script>\n<!-- \/ Yoast SEO Premium plugin. -->","yoast_head_json":{"title":"Taping estetyczny - Akademia Zdrowia \u0141\u00f3d\u017a - Kursy zawodowe, szko\u0142y policealne, szko\u0142y dla doros\u0142ych","description":"AKADEMIA ZDROWIA DLA BRAN\u017bY BEAUTYTaping estetyczny JAK WYGL\u0104DA SZKOLENIEProgram szkolenia Zapisz si\u0119 ju\u017c dzi\u015b na profesjonalne szkolenie ,,Taping","robots":{"index":"index","follow":"follow","max-snippet":"max-snippet:-1","max-image-preview":"max-image-preview:large","max-video-preview":"max-video-preview:-1"},"canonical":"https:\/\/akademia-zdrowia.pl\/lodz\/oferta-szkoleniowa\/kursy-i-szkolenia\/kursy-masazu\/taping-estetyczny\/","og_locale":"pl_PL","og_type":"article","og_title":"Taping estetyczny","og_description":"AKADEMIA ZDROWIA DLA BRAN\u017bY BEAUTYTaping estetyczny JAK WYGL\u0104DA SZKOLENIEProgram szkolenia Zapisz si\u0119 ju\u017c dzi\u015b na profesjonalne szkolenie ,,Taping","og_url":"https:\/\/akademia-zdrowia.pl\/lodz\/oferta-szkoleniowa\/kursy-i-szkolenia\/kursy-masazu\/taping-estetyczny\/","og_site_name":"Akademia Zdrowia \u0141\u00f3d\u017a","article_modified_time":"2026-02-24T14:30:57+00:00","og_image":[{"width":561,"height":841,"url":"https:\/\/akademia-zdrowia.pl\/lodz\/wp-content\/uploads\/2024\/10\/taping_estetyczny.jpg","type":"image\/jpeg"}],"twitter_card":"summary_large_image","twitter_misc":{"Szacowany czas czytania":"3 minuty"},"schema":{"@context":"https:\/\/schema.org","@graph":[{"@type":"WebPage","@id":"https:\/\/akademia-zdrowia.pl\/lodz\/oferta-szkoleniowa\/kursy-i-szkolenia\/kursy-masazu\/taping-estetyczny\/","url":"https:\/\/akademia-zdrowia.pl\/lodz\/oferta-szkoleniowa\/kursy-i-szkolenia\/kursy-masazu\/taping-estetyczny\/","name":"Taping estetyczny - Akademia Zdrowia \u0141\u00f3d\u017a - Kursy zawodowe, szko\u0142y policealne, szko\u0142y dla doros\u0142ych","isPartOf":{"@id":"https:\/\/akademia-zdrowia.pl\/lodz\/#website"},"primaryImageOfPage":{"@id":"https:\/\/akademia-zdrowia.pl\/lodz\/oferta-szkoleniowa\/kursy-i-szkolenia\/kursy-masazu\/taping-estetyczny\/#primaryimage"},"image":{"@id":"https:\/\/akademia-zdrowia.pl\/lodz\/oferta-szkoleniowa\/kursy-i-szkolenia\/kursy-masazu\/taping-estetyczny\/#primaryimage"},"thumbnailUrl":"https:\/\/akademia-zdrowia.pl\/lodz\/wp-content\/uploads\/2024\/10\/taping_estetyczny.jpg","datePublished":"2021-10-05T15:48:21+00:00","dateModified":"2026-02-24T14:30:57+00:00","description":"AKADEMIA ZDROWIA DLA BRAN\u017bY BEAUTYTaping estetyczny JAK WYGL\u0104DA SZKOLENIEProgram szkolenia Zapisz si\u0119 ju\u017c dzi\u015b na profesjonalne szkolenie ,,Taping","breadcrumb":{"@id":"https:\/\/akademia-zdrowia.pl\/lodz\/oferta-szkoleniowa\/kursy-i-szkolenia\/kursy-masazu\/taping-estetyczny\/#breadcrumb"},"inLanguage":"pl-PL","potentialAction":[{"@type":"ReadAction","target":["https:\/\/akademia-zdrowia.pl\/lodz\/oferta-szkoleniowa\/kursy-i-szkolenia\/kursy-masazu\/taping-estetyczny\/"]}]},{"@type":"ImageObject","inLanguage":"pl-PL","@id":"https:\/\/akademia-zdrowia.pl\/lodz\/oferta-szkoleniowa\/kursy-i-szkolenia\/kursy-masazu\/taping-estetyczny\/#primaryimage","url":"https:\/\/akademia-zdrowia.pl\/lodz\/wp-content\/uploads\/2024\/10\/taping_estetyczny.jpg","contentUrl":"https:\/\/akademia-zdrowia.pl\/lodz\/wp-content\/uploads\/2024\/10\/taping_estetyczny.jpg","width":561,"height":841},{"@type":"BreadcrumbList","@id":"https:\/\/akademia-zdrowia.pl\/lodz\/oferta-szkoleniowa\/kursy-i-szkolenia\/kursy-masazu\/taping-estetyczny\/#breadcrumb","itemListElement":[{"@type":"ListItem","position":1,"name":"Strona g\u0142\u00f3wna","item":"https:\/\/akademia-zdrowia.pl\/lodz\/"},{"@type":"ListItem","position":2,"name":"Oferta szkoleniowa","item":"https:\/\/akademia-zdrowia.pl\/lodz\/oferta-szkoleniowa\/"},{"@type":"ListItem","position":3,"name":"Kursy i szkolenia","item":"https:\/\/akademia-zdrowia.pl\/lodz\/oferta-szkoleniowa\/kursy-i-szkolenia\/"},{"@type":"ListItem","position":4,"name":"Kursy masa\u017cu","item":"https:\/\/akademia-zdrowia.pl\/lodz\/oferta-szkoleniowa\/kursy-i-szkolenia\/kursy-masazu\/"},{"@type":"ListItem","position":5,"name":"Taping estetyczny"}]},{"@type":"WebSite","@id":"https:\/\/akademia-zdrowia.pl\/lodz\/#website","url":"https:\/\/akademia-zdrowia.pl\/lodz\/","name":"Akademia Zdrowia \u0141\u00f3d\u017a","description":"","potentialAction":[{"@type":"SearchAction","target":{"@type":"EntryPoint","urlTemplate":"https:\/\/akademia-zdrowia.pl\/lodz\/?s={search_term_string}"},"query-input":{"@type":"PropertyValueSpecification","valueRequired":true,"valueName":"search_term_string"}}],"inLanguage":"pl-PL"}]}},"_links":{"self":[{"href":"https:\/\/akademia-zdrowia.pl\/lodz\/wp-json\/wp\/v2\/pages\/4457","targetHints":{"allow":["GET"]}}],"collection":[{"href":"https:\/\/akademia-zdrowia.pl\/lodz\/wp-json\/wp\/v2\/pages"}],"about":[{"href":"https:\/\/akademia-zdrowia.pl\/lodz\/wp-json\/wp\/v2\/types\/page"}],"author":[{"embeddable":true,"href":"https:\/\/akademia-zdrowia.pl\/lodz\/wp-json\/wp\/v2\/users\/1"}],"replies":[{"embeddable":true,"href":"https:\/\/akademia-zdrowia.pl\/lodz\/wp-json\/wp\/v2\/comments?post=4457"}],"version-history":[{"count":38,"href":"https:\/\/akademia-zdrowia.pl\/lodz\/wp-json\/wp\/v2\/pages\/4457\/revisions"}],"predecessor-version":[{"id":17812,"href":"https:\/\/akademia-zdrowia.pl\/lodz\/wp-json\/wp\/v2\/pages\/4457\/revisions\/17812"}],"up":[{"embeddable":true,"href":"https:\/\/akademia-zdrowia.pl\/lodz\/wp-json\/wp\/v2\/pages\/330"}],"wp:attachment":[{"href":"https:\/\/akademia-zdrowia.pl\/lodz\/wp-json\/wp\/v2\/media?parent=4457"}],"curies":[{"name":"wp","href":"https:\/\/api.w.org\/{rel}","templated":true}]}}