{"id":4508,"date":"2021-10-06T19:23:44","date_gmt":"2021-10-06T17:23:44","guid":{"rendered":"https:\/\/akademia-zdrowia.pl\/lodz\/?page_id=4508"},"modified":"2024-10-22T10:45:58","modified_gmt":"2024-10-22T08:45:58","slug":"stacja-aktywacja","status":"publish","type":"page","link":"https:\/\/akademia-zdrowia.pl\/lodz\/oferta-szkoleniowa\/projekty-unijne\/stacja-aktywacja\/","title":{"rendered":"Stacja Aktywacja"},"content":{"rendered":"\t\t<div data-elementor-type=\"wp-page\" data-elementor-id=\"4508\" class=\"elementor elementor-4508\" data-elementor-post-type=\"page\">\n\t\t\t\t\t\t<section class=\"elementor-section elementor-top-section elementor-element elementor-element-4caac34 elementor-section-boxed elementor-section-height-default elementor-section-height-default\" data-id=\"4caac34\" data-element_type=\"section\" data-e-type=\"section\">\n\t\t\t\t\t\t<div class=\"elementor-container elementor-column-gap-default\">\n\t\t\t\t\t<div class=\"elementor-column elementor-col-100 elementor-top-column elementor-element elementor-element-dbdcdd5\" data-id=\"dbdcdd5\" data-element_type=\"column\" data-e-type=\"column\">\n\t\t\t<div class=\"elementor-widget-wrap elementor-element-populated\">\n\t\t\t\t\t\t<div class=\"elementor-element elementor-element-fbc606d elementor-widget elementor-widget-rs-heading\" data-id=\"fbc606d\" data-element_type=\"widget\" data-e-type=\"widget\" data-widget_type=\"rs-heading.default\">\n\t\t\t\t<div class=\"elementor-widget-container\">\n\t\t\t\t\t        <div class=\"rs-heading default \">\r\n        \t<div class=\"title-inner\">\r\n        \t\t      \t\t\r\n\t            <span class=\"sub-text \">AKADEMIA ZDROWIA PROJEKTY UNIJNE<\/span><h1 class=\"title\"><span class=\"watermark\"><\/span>Stacja Aktywacja - realizacja zako\u0144czona.<\/h1>\t        <\/div>\r\n\t                <\/div>\r\n        \t\t\t\t<\/div>\n\t\t\t\t<\/div>\n\t\t\t\t\t<\/div>\n\t\t<\/div>\n\t\t\t\t\t<\/div>\n\t\t<\/section>\n\t\t\t\t<section class=\"elementor-section elementor-top-section elementor-element elementor-element-ecd5987 elementor-section-stretched elementor-section-boxed elementor-section-height-default elementor-section-height-default\" data-id=\"ecd5987\" data-element_type=\"section\" data-e-type=\"section\" data-settings=\"{&quot;stretch_section&quot;:&quot;section-stretched&quot;}\">\n\t\t\t\t\t\t<div class=\"elementor-container elementor-column-gap-default\">\n\t\t\t\t\t<div class=\"elementor-column elementor-col-100 elementor-top-column elementor-element elementor-element-e34edfc\" data-id=\"e34edfc\" data-element_type=\"column\" data-e-type=\"column\">\n\t\t\t<div class=\"elementor-widget-wrap elementor-element-populated\">\n\t\t\t\t\t\t<div class=\"elementor-element elementor-element-3239787 elementor-tabs-view-horizontal elementor-widget elementor-widget-tabs\" data-id=\"3239787\" data-element_type=\"widget\" data-e-type=\"widget\" data-widget_type=\"tabs.default\">\n\t\t\t\t<div class=\"elementor-widget-container\">\n\t\t\t\t\t\t\t<div class=\"elementor-tabs\">\n\t\t\t<div class=\"elementor-tabs-wrapper\" role=\"tablist\" >\n\t\t\t\t\t\t\t\t\t<div id=\"elementor-tab-title-5261\" class=\"elementor-tab-title elementor-tab-desktop-title\" aria-selected=\"true\" data-tab=\"1\" role=\"tab\" tabindex=\"0\" aria-controls=\"elementor-tab-content-5261\" aria-expanded=\"false\">Projekt<\/div>\n\t\t\t\t\t\t\t\t\t<div id=\"elementor-tab-title-5262\" class=\"elementor-tab-title elementor-tab-desktop-title\" aria-selected=\"false\" data-tab=\"2\" role=\"tab\" tabindex=\"-1\" aria-controls=\"elementor-tab-content-5262\" aria-expanded=\"false\">Harmonogram<\/div>\n\t\t\t\t\t\t\t\t\t<div id=\"elementor-tab-title-5263\" class=\"elementor-tab-title elementor-tab-desktop-title\" aria-selected=\"false\" data-tab=\"3\" role=\"tab\" tabindex=\"-1\" aria-controls=\"elementor-tab-content-5263\" aria-expanded=\"false\">Regulamin i formularz<\/div>\n\t\t\t\t\t\t\t<\/div>\n\t\t\t<div class=\"elementor-tabs-content-wrapper\" role=\"tablist\" aria-orientation=\"vertical\">\n\t\t\t\t\t\t\t\t\t<div class=\"elementor-tab-title elementor-tab-mobile-title\" aria-selected=\"true\" data-tab=\"1\" role=\"tab\" tabindex=\"0\" aria-controls=\"elementor-tab-content-5261\" aria-expanded=\"false\">Projekt<\/div>\n\t\t\t\t\t<div id=\"elementor-tab-content-5261\" class=\"elementor-tab-content elementor-clearfix\" data-tab=\"1\" role=\"tabpanel\" aria-labelledby=\"elementor-tab-title-5261\" tabindex=\"0\" hidden=\"false\"><p><img decoding=\"async\" class=\"wp-image-4366 alignleft\" src=\"https:\/\/akademia-zdrowia.pl\/lodz\/wp-content\/uploads\/2021\/09\/Zrzut-ekranu-2021-09-22-o-17.40.41.png\" alt=\"\" width=\"503\" height=\"60\" \/><\/p><p>\u00a0<\/p><p>\u00a0<\/p><p><strong>\u00a0<\/strong><strong>\u201e<\/strong><strong>Stacja Aktywacja\u201d<\/strong><\/p><p>Regionalny Program Operacyjny Wojew\u00f3dztwa \u0141\u00f3dzkiego na lata 2014-2020<\/p><p>O\u015b Priorytetowa IX W\u0142\u0105czenie spo\u0142eczne; Dzia\u0142anie IX.1 \u201eAktywna integracja os\u00f3b zagro\u017conych ub\u00f3stwem lub wykluczeniem spo\u0142ecznym\u201d; Poddzia\u0142anie IX.1.1 \u201eAktywizacja spo\u0142eczno- zawodowa os\u00f3b zagro\u017conych ub\u00f3stwem lub wykluczeniem spo\u0142ecznym\u201d.<\/p><ol><li>Projekt jest realizowany na terenie wojew\u00f3dztwa \u0142\u00f3dzkiego w okresie 01.02.2021-30.04.2022 r.<\/li><li>Celem projektu jest podniesienie kompetencji spo\u0142eczno- zawodowych 25 os\u00f3b (15 K, 10 M) w wieku aktywno\u015bci zawodowej 18-65 lata zagro\u017conych ub\u00f3stwem lub wykluczeniem spo\u0142ecznym, w tym osoby bezrobotne, kt\u00f3re w pierwszej kolejno\u015bci wymagaj\u0105 aktywizacji spo\u0142ecznej zamieszka\u0142ych na terenie woj. \u0142\u00f3dzkiego poprzez udzia\u0142 w kompleksowym i zindywidualizowanym wsparciu zawieraj\u0105cym instrumenty aktywizacji spo\u0142., edukacyjnej, zdrowotnej i zaw. przeprowadzonym w terminie 01.02.2021-30.04.2022 r.<\/li><li>Biuro projektu Beneficjenta mie\u015bci si\u0119 w \u0141odzi przy ulicy Jana Kili\u0144skiego 21, 90-205 \u0141\u00f3d\u017a<\/li><li>Zakres wsparcia projektowego obejmuje:<ol><li>Wsparcie w ramach projektu obejmuje nast\u0119puj\u0105ce formy:<\/li><li>Okre\u015blenie indywidualnego programu reintegracji 6 h (2 spotkania x 2 h z doradc\u0105 zawodowym, 1 spotkanie x 2 h z psychologiem)<\/li><li>Instrumenty aktywizacji spo\u0142ecznej- indywidualne poradnictwo psychologiczne i specjalistyczne:<\/li><li>Indywidualne poradnictwo psychologiczne- \u015br. 10 h\/osob\u0119<\/li><li>Indywidualne poradnictwo specjalistyczne- \u015br. 4 h\/osob\u0119<\/li><li>Warsztaty rozwojowe \u2013 60 h<\/li><li>Instrumenty aktywizacji zawodowej- rozw\u00f3j kompetencji kluczowych: kurs komputerowy- 80 h\/ 1 grupa<\/li><li>Instrumenty aktywizacji zawodowej- wysokiej jako\u015bci szkolenia zawodowe: szkolenia zawodowe- oko\u0142o 120 h<\/li><li>Instrumenty aktywizacji zawodowej- wysokiej jako\u015bci sta\u017ce i po\u015brednictwo pracy:<\/li><li>3 miesi\u0119czne sta\u017ce zawodowe dla 13 uczestnik\u00f3w\/uczestniczek projektu<\/li><li>Po\u015brednictwo pracy- 8 h\/osob\u0119<\/li><\/ol><\/li><\/ol><p><img decoding=\"async\" src=\"https:\/\/akademia-zdrowia.pl\/lodz\/wp-content\/uploads\/2022\/11\/Czas-na-nowy-start-2.png\" \/><\/p><\/div>\n\t\t\t\t\t\t\t\t\t<div class=\"elementor-tab-title elementor-tab-mobile-title\" aria-selected=\"false\" data-tab=\"2\" role=\"tab\" tabindex=\"-1\" aria-controls=\"elementor-tab-content-5262\" aria-expanded=\"false\">Harmonogram<\/div>\n\t\t\t\t\t<div id=\"elementor-tab-content-5262\" class=\"elementor-tab-content elementor-clearfix\" data-tab=\"2\" role=\"tabpanel\" aria-labelledby=\"elementor-tab-title-5262\" tabindex=\"0\" hidden=\"hidden\"><p><img decoding=\"async\" class=\"wp-image-4366 alignleft\" src=\"https:\/\/akademia-zdrowia.pl\/lodz\/wp-content\/uploads\/2021\/09\/Zrzut-ekranu-2021-09-22-o-17.40.41.png\" alt=\"\" width=\"503\" height=\"60\" \/><\/p><p>\u00a0<\/p><p>\u00a0<\/p><p><a href=\"https:\/\/akademia-zdrowia.pl\/lodz\/wp-content\/uploads\/2022\/11\/harmonogram-dzialan-projektowych.docx\">Harmonogram dzia\u0142a\u0144 projektowych<\/a><\/p><\/div>\n\t\t\t\t\t\t\t\t\t<div class=\"elementor-tab-title elementor-tab-mobile-title\" aria-selected=\"false\" data-tab=\"3\" role=\"tab\" tabindex=\"-1\" aria-controls=\"elementor-tab-content-5263\" aria-expanded=\"false\">Regulamin i formularz<\/div>\n\t\t\t\t\t<div id=\"elementor-tab-content-5263\" class=\"elementor-tab-content elementor-clearfix\" data-tab=\"3\" role=\"tabpanel\" aria-labelledby=\"elementor-tab-title-5263\" tabindex=\"0\" hidden=\"hidden\"><p><a href=\"https:\/\/akademia-zdrowia.pl\/lodz\/wp-content\/uploads\/2022\/11\/regulamin.docx\">Regulamin projektu &#8220;Stacja Aktywacja&#8221;<\/a><br \/><a href=\"https:\/\/akademia-zdrowia.pl\/lodz\/wp-content\/uploads\/2022\/11\/formularz.docx\">Formularz rekrutacyjny &#8220;Stacja Aktywacja&#8221;<\/a><\/p><\/div>\n\t\t\t\t\t\t\t<\/div>\n\t\t<\/div>\n\t\t\t\t\t\t<\/div>\n\t\t\t\t<\/div>\n\t\t\t\t\t<\/div>\n\t\t<\/div>\n\t\t\t\t\t<\/div>\n\t\t<\/section>\n\t\t\t\t<section class=\"elementor-section elementor-top-section elementor-element elementor-element-6076ba5 elementor-section-boxed elementor-section-height-default elementor-section-height-default\" data-id=\"6076ba5\" data-element_type=\"section\" data-e-type=\"section\" data-settings=\"{&quot;background_background&quot;:&quot;classic&quot;}\">\n\t\t\t\t\t\t<div class=\"elementor-container elementor-column-gap-default\">\n\t\t\t\t\t<div class=\"elementor-column elementor-col-50 elementor-top-column elementor-element elementor-element-173320d\" data-id=\"173320d\" data-element_type=\"column\" data-e-type=\"column\" data-settings=\"{&quot;background_background&quot;:&quot;classic&quot;}\">\n\t\t\t<div class=\"elementor-widget-wrap elementor-element-populated\">\n\t\t\t\t\t\t<div class=\"elementor-element elementor-element-fe09a51 elementor-widget-mobile__width-initial elementor-widget elementor-widget-rs-heading\" data-id=\"fe09a51\" data-element_type=\"widget\" data-e-type=\"widget\" data-widget_type=\"rs-heading.default\">\n\t\t\t\t<div class=\"elementor-widget-container\">\n\t\t\t\t\t        <div class=\"rs-heading default \">\r\n        \t<div class=\"title-inner\">\r\n        \t\t      \t\t\r\n\t            <span class=\"sub-text \">MASZ PYTANIA<\/span><h2 class=\"title\"><span class=\"watermark\"><\/span>Skontaktuj  si\u0119 z nami!<\/h2>\t        <\/div>\r\n\t                    \t<div class=\"description\">\r\n            \t\t<p>Jeste\u015bmy tu po to aby Wam pom\u00f3c!\u00a0<\/p>            \t\t\r\n            \t<\/div>\r\n        \t        <\/div>\r\n        \t\t\t\t<\/div>\n\t\t\t\t<\/div>\n\t\t\t\t<div class=\"elementor-element elementor-element-683ed90 elementor-widget elementor-widget-rs-button\" data-id=\"683ed90\" data-element_type=\"widget\" data-e-type=\"widget\" data-widget_type=\"rs-button.default\">\n\t\t\t\t<div class=\"elementor-widget-container\">\n\t\t\t\t\t\t\r\n\t\t\r\n\t\t<div class=\"rs-view-btn\">\r\n\t\t\t\t\t\t<a class=\"rs-btn rs-btnblack rs-btn-style1\" href=\"tel:+4842%20255%2077%2000\" >\t\t\t\t\r\n\t\t\t\t<span class=\"rs_btn__text\"><span class=\"btn_text\">ZADZWO\u0143 - 42 255 77 00<\/span><\/span>\r\n\t\t\t<\/a>\r\n\t\t<\/div>    \r\n\t\t\t\t\t<\/div>\n\t\t\t\t<\/div>\n\t\t\t\t\t<\/div>\n\t\t<\/div>\n\t\t\t\t<div class=\"elementor-column elementor-col-50 elementor-top-column elementor-element elementor-element-81d0042\" data-id=\"81d0042\" data-element_type=\"column\" data-e-type=\"column\">\n\t\t\t<div class=\"elementor-widget-wrap elementor-element-populated\">\n\t\t\t\t\t\t<div class=\"elementor-element elementor-element-a5170c9 elementor-widget elementor-widget-rs-heading\" data-id=\"a5170c9\" data-element_type=\"widget\" data-e-type=\"widget\" data-widget_type=\"rs-heading.default\">\n\t\t\t\t<div class=\"elementor-widget-container\">\n\t\t\t\t\t        <div class=\"rs-heading default \">\r\n        \t<div class=\"title-inner\">\r\n        \t\t      \t\t\r\n\t            <span class=\"sub-text \">ZAUFANY PARTNER<\/span><h2 class=\"title\"><span class=\"watermark\"><\/span>Dlaczego warto wybra\u0107 nas<\/h2>\t        <\/div>\r\n\t                    \t<div class=\"description\">\r\n            \t\t<p>Zaufaj naszemu wieloletniemu do\u015bwiadczeniu i zespo\u0142owi specjalist\u00f3w. Oferujemy profesjonalne szkolenia, kt\u00f3re pomog\u0105 rozwija\u0107 Tw\u00f3j biznes. Wybieraj\u0105c nas, inwestujesz w sprawdzonego partnera, kt\u00f3ry wspiera sukces Twojej firmy. Skontaktuj si\u0119 z nami i zacznij rozwija\u0107 si\u0119 razem z nami!<\/p>            \t\t\r\n            \t<\/div>\r\n        \t        <\/div>\r\n        \t\t\t\t<\/div>\n\t\t\t\t<\/div>\n\t\t\t\t\t<\/div>\n\t\t<\/div>\n\t\t\t\t\t<\/div>\n\t\t<\/section>\n\t\t\t\t<\/div>\n\t\t","protected":false},"excerpt":{"rendered":"<p>AKADEMIA ZDROWIA PROJEKTY UNIJNE Stacja Aktywacja &#8211; realizacja zako\u0144czona. Projekt Harmonogram Regulamin i formularz Projekt \u00a0 \u00a0 \u00a0\u201eStacja Aktywacja\u201d Regionalny Program Operacyjny Wojew\u00f3dztwa \u0141\u00f3dzkiego na lata 2014-2020 O\u015b Priorytetowa IX W\u0142\u0105czenie spo\u0142eczne; Dzia\u0142anie IX.1 \u201eAktywna integracja os\u00f3b zagro\u017conych ub\u00f3stwem lub wykluczeniem spo\u0142ecznym\u201d; Poddzia\u0142anie IX.1.1 \u201eAktywizacja spo\u0142eczno- zawodowa os\u00f3b zagro\u017conych ub\u00f3stwem lub wykluczeniem spo\u0142ecznym\u201d. Projekt jest&#8230;<\/p>\n","protected":false},"author":1,"featured_media":0,"parent":55,"menu_order":0,"comment_status":"closed","ping_status":"closed","template":"","meta":{"footnotes":""},"class_list":["post-4508","page","type-page","status-publish","hentry"],"yoast_head":"<!-- This site is optimized with the Yoast SEO Premium plugin v18.9 (Yoast SEO v27.2) - https:\/\/yoast.com\/product\/yoast-seo-premium-wordpress\/ -->\n<title>Stacja Aktywacja - Akademia Zdrowia \u0141\u00f3d\u017a - Kursy zawodowe, szko\u0142y policealne, szko\u0142y dla doros\u0142ych<\/title>\n<meta name=\"description\" content=\"AKADEMIA ZDROWIA PROJEKTY UNIJNEStacja Aktywacja - realizacja zako\u0144czona. Projekt Harmonogram Regulamin i formularz Projekt \u00a0\u00a0\u00a0\u201eStacja\" \/>\n<meta name=\"robots\" content=\"index, follow, max-snippet:-1, max-image-preview:large, max-video-preview:-1\" \/>\n<link rel=\"canonical\" href=\"https:\/\/akademia-zdrowia.pl\/lodz\/oferta-szkoleniowa\/projekty-unijne\/stacja-aktywacja\/\" \/>\n<meta property=\"og:locale\" content=\"pl_PL\" \/>\n<meta property=\"og:type\" content=\"article\" \/>\n<meta property=\"og:title\" content=\"Stacja Aktywacja\" \/>\n<meta property=\"og:description\" content=\"AKADEMIA ZDROWIA PROJEKTY UNIJNEStacja Aktywacja - realizacja zako\u0144czona. Projekt Harmonogram Regulamin i formularz Projekt \u00a0\u00a0\u00a0\u201eStacja\" \/>\n<meta property=\"og:url\" content=\"https:\/\/akademia-zdrowia.pl\/lodz\/oferta-szkoleniowa\/projekty-unijne\/stacja-aktywacja\/\" \/>\n<meta property=\"og:site_name\" content=\"Akademia Zdrowia \u0141\u00f3d\u017a\" \/>\n<meta property=\"article:modified_time\" content=\"2024-10-22T08:45:58+00:00\" \/>\n<meta name=\"twitter:card\" content=\"summary_large_image\" \/>\n<meta name=\"twitter:label1\" content=\"Szacowany czas czytania\" \/>\n\t<meta name=\"twitter:data1\" content=\"3 minuty\" \/>\n<script type=\"application\/ld+json\" class=\"yoast-schema-graph\">{\"@context\":\"https:\/\/schema.org\",\"@graph\":[{\"@type\":\"WebPage\",\"@id\":\"https:\/\/akademia-zdrowia.pl\/lodz\/oferta-szkoleniowa\/projekty-unijne\/stacja-aktywacja\/\",\"url\":\"https:\/\/akademia-zdrowia.pl\/lodz\/oferta-szkoleniowa\/projekty-unijne\/stacja-aktywacja\/\",\"name\":\"Stacja Aktywacja - Akademia Zdrowia \u0141\u00f3d\u017a - Kursy zawodowe, szko\u0142y policealne, szko\u0142y dla doros\u0142ych\",\"isPartOf\":{\"@id\":\"https:\/\/akademia-zdrowia.pl\/lodz\/#website\"},\"primaryImageOfPage\":{\"@id\":\"https:\/\/akademia-zdrowia.pl\/lodz\/oferta-szkoleniowa\/projekty-unijne\/stacja-aktywacja\/#primaryimage\"},\"image\":{\"@id\":\"https:\/\/akademia-zdrowia.pl\/lodz\/oferta-szkoleniowa\/projekty-unijne\/stacja-aktywacja\/#primaryimage\"},\"thumbnailUrl\":\"https:\/\/akademia-zdrowia.pl\/lodz\/wp-content\/uploads\/2021\/09\/Zrzut-ekranu-2021-09-22-o-17.40.41.png\",\"datePublished\":\"2021-10-06T17:23:44+00:00\",\"dateModified\":\"2024-10-22T08:45:58+00:00\",\"description\":\"AKADEMIA ZDROWIA PROJEKTY UNIJNEStacja Aktywacja - realizacja zako\u0144czona. Projekt Harmonogram Regulamin i formularz Projekt \u00a0\u00a0\u00a0\u201eStacja\",\"breadcrumb\":{\"@id\":\"https:\/\/akademia-zdrowia.pl\/lodz\/oferta-szkoleniowa\/projekty-unijne\/stacja-aktywacja\/#breadcrumb\"},\"inLanguage\":\"pl-PL\",\"potentialAction\":[{\"@type\":\"ReadAction\",\"target\":[\"https:\/\/akademia-zdrowia.pl\/lodz\/oferta-szkoleniowa\/projekty-unijne\/stacja-aktywacja\/\"]}]},{\"@type\":\"ImageObject\",\"inLanguage\":\"pl-PL\",\"@id\":\"https:\/\/akademia-zdrowia.pl\/lodz\/oferta-szkoleniowa\/projekty-unijne\/stacja-aktywacja\/#primaryimage\",\"url\":\"https:\/\/akademia-zdrowia.pl\/lodz\/wp-content\/uploads\/2021\/09\/Zrzut-ekranu-2021-09-22-o-17.40.41.png\",\"contentUrl\":\"https:\/\/akademia-zdrowia.pl\/lodz\/wp-content\/uploads\/2021\/09\/Zrzut-ekranu-2021-09-22-o-17.40.41.png\",\"width\":1920,\"height\":228},{\"@type\":\"BreadcrumbList\",\"@id\":\"https:\/\/akademia-zdrowia.pl\/lodz\/oferta-szkoleniowa\/projekty-unijne\/stacja-aktywacja\/#breadcrumb\",\"itemListElement\":[{\"@type\":\"ListItem\",\"position\":1,\"name\":\"Strona g\u0142\u00f3wna\",\"item\":\"https:\/\/akademia-zdrowia.pl\/lodz\/\"},{\"@type\":\"ListItem\",\"position\":2,\"name\":\"Oferta szkoleniowa\",\"item\":\"https:\/\/akademia-zdrowia.pl\/lodz\/oferta-szkoleniowa\/\"},{\"@type\":\"ListItem\",\"position\":3,\"name\":\"Projekty unijne\",\"item\":\"https:\/\/akademia-zdrowia.pl\/lodz\/oferta-szkoleniowa\/projekty-unijne\/\"},{\"@type\":\"ListItem\",\"position\":4,\"name\":\"Stacja Aktywacja\"}]},{\"@type\":\"WebSite\",\"@id\":\"https:\/\/akademia-zdrowia.pl\/lodz\/#website\",\"url\":\"https:\/\/akademia-zdrowia.pl\/lodz\/\",\"name\":\"Akademia Zdrowia \u0141\u00f3d\u017a\",\"description\":\"\",\"potentialAction\":[{\"@type\":\"SearchAction\",\"target\":{\"@type\":\"EntryPoint\",\"urlTemplate\":\"https:\/\/akademia-zdrowia.pl\/lodz\/?s={search_term_string}\"},\"query-input\":{\"@type\":\"PropertyValueSpecification\",\"valueRequired\":true,\"valueName\":\"search_term_string\"}}],\"inLanguage\":\"pl-PL\"}]}<\/script>\n<!-- \/ Yoast SEO Premium plugin. -->","yoast_head_json":{"title":"Stacja Aktywacja - Akademia Zdrowia \u0141\u00f3d\u017a - Kursy zawodowe, szko\u0142y policealne, szko\u0142y dla doros\u0142ych","description":"AKADEMIA ZDROWIA PROJEKTY UNIJNEStacja Aktywacja - realizacja zako\u0144czona. Projekt Harmonogram Regulamin i formularz Projekt \u00a0\u00a0\u00a0\u201eStacja","robots":{"index":"index","follow":"follow","max-snippet":"max-snippet:-1","max-image-preview":"max-image-preview:large","max-video-preview":"max-video-preview:-1"},"canonical":"https:\/\/akademia-zdrowia.pl\/lodz\/oferta-szkoleniowa\/projekty-unijne\/stacja-aktywacja\/","og_locale":"pl_PL","og_type":"article","og_title":"Stacja Aktywacja","og_description":"AKADEMIA ZDROWIA PROJEKTY UNIJNEStacja Aktywacja - realizacja zako\u0144czona. Projekt Harmonogram Regulamin i formularz Projekt \u00a0\u00a0\u00a0\u201eStacja","og_url":"https:\/\/akademia-zdrowia.pl\/lodz\/oferta-szkoleniowa\/projekty-unijne\/stacja-aktywacja\/","og_site_name":"Akademia Zdrowia \u0141\u00f3d\u017a","article_modified_time":"2024-10-22T08:45:58+00:00","twitter_card":"summary_large_image","twitter_misc":{"Szacowany czas czytania":"3 minuty"},"schema":{"@context":"https:\/\/schema.org","@graph":[{"@type":"WebPage","@id":"https:\/\/akademia-zdrowia.pl\/lodz\/oferta-szkoleniowa\/projekty-unijne\/stacja-aktywacja\/","url":"https:\/\/akademia-zdrowia.pl\/lodz\/oferta-szkoleniowa\/projekty-unijne\/stacja-aktywacja\/","name":"Stacja Aktywacja - Akademia Zdrowia \u0141\u00f3d\u017a - Kursy zawodowe, szko\u0142y policealne, szko\u0142y dla doros\u0142ych","isPartOf":{"@id":"https:\/\/akademia-zdrowia.pl\/lodz\/#website"},"primaryImageOfPage":{"@id":"https:\/\/akademia-zdrowia.pl\/lodz\/oferta-szkoleniowa\/projekty-unijne\/stacja-aktywacja\/#primaryimage"},"image":{"@id":"https:\/\/akademia-zdrowia.pl\/lodz\/oferta-szkoleniowa\/projekty-unijne\/stacja-aktywacja\/#primaryimage"},"thumbnailUrl":"https:\/\/akademia-zdrowia.pl\/lodz\/wp-content\/uploads\/2021\/09\/Zrzut-ekranu-2021-09-22-o-17.40.41.png","datePublished":"2021-10-06T17:23:44+00:00","dateModified":"2024-10-22T08:45:58+00:00","description":"AKADEMIA ZDROWIA PROJEKTY UNIJNEStacja Aktywacja - realizacja zako\u0144czona. Projekt Harmonogram Regulamin i formularz Projekt \u00a0\u00a0\u00a0\u201eStacja","breadcrumb":{"@id":"https:\/\/akademia-zdrowia.pl\/lodz\/oferta-szkoleniowa\/projekty-unijne\/stacja-aktywacja\/#breadcrumb"},"inLanguage":"pl-PL","potentialAction":[{"@type":"ReadAction","target":["https:\/\/akademia-zdrowia.pl\/lodz\/oferta-szkoleniowa\/projekty-unijne\/stacja-aktywacja\/"]}]},{"@type":"ImageObject","inLanguage":"pl-PL","@id":"https:\/\/akademia-zdrowia.pl\/lodz\/oferta-szkoleniowa\/projekty-unijne\/stacja-aktywacja\/#primaryimage","url":"https:\/\/akademia-zdrowia.pl\/lodz\/wp-content\/uploads\/2021\/09\/Zrzut-ekranu-2021-09-22-o-17.40.41.png","contentUrl":"https:\/\/akademia-zdrowia.pl\/lodz\/wp-content\/uploads\/2021\/09\/Zrzut-ekranu-2021-09-22-o-17.40.41.png","width":1920,"height":228},{"@type":"BreadcrumbList","@id":"https:\/\/akademia-zdrowia.pl\/lodz\/oferta-szkoleniowa\/projekty-unijne\/stacja-aktywacja\/#breadcrumb","itemListElement":[{"@type":"ListItem","position":1,"name":"Strona g\u0142\u00f3wna","item":"https:\/\/akademia-zdrowia.pl\/lodz\/"},{"@type":"ListItem","position":2,"name":"Oferta szkoleniowa","item":"https:\/\/akademia-zdrowia.pl\/lodz\/oferta-szkoleniowa\/"},{"@type":"ListItem","position":3,"name":"Projekty unijne","item":"https:\/\/akademia-zdrowia.pl\/lodz\/oferta-szkoleniowa\/projekty-unijne\/"},{"@type":"ListItem","position":4,"name":"Stacja Aktywacja"}]},{"@type":"WebSite","@id":"https:\/\/akademia-zdrowia.pl\/lodz\/#website","url":"https:\/\/akademia-zdrowia.pl\/lodz\/","name":"Akademia Zdrowia \u0141\u00f3d\u017a","description":"","potentialAction":[{"@type":"SearchAction","target":{"@type":"EntryPoint","urlTemplate":"https:\/\/akademia-zdrowia.pl\/lodz\/?s={search_term_string}"},"query-input":{"@type":"PropertyValueSpecification","valueRequired":true,"valueName":"search_term_string"}}],"inLanguage":"pl-PL"}]}},"_links":{"self":[{"href":"https:\/\/akademia-zdrowia.pl\/lodz\/wp-json\/wp\/v2\/pages\/4508","targetHints":{"allow":["GET"]}}],"collection":[{"href":"https:\/\/akademia-zdrowia.pl\/lodz\/wp-json\/wp\/v2\/pages"}],"about":[{"href":"https:\/\/akademia-zdrowia.pl\/lodz\/wp-json\/wp\/v2\/types\/page"}],"author":[{"embeddable":true,"href":"https:\/\/akademia-zdrowia.pl\/lodz\/wp-json\/wp\/v2\/users\/1"}],"replies":[{"embeddable":true,"href":"https:\/\/akademia-zdrowia.pl\/lodz\/wp-json\/wp\/v2\/comments?post=4508"}],"version-history":[{"count":43,"href":"https:\/\/akademia-zdrowia.pl\/lodz\/wp-json\/wp\/v2\/pages\/4508\/revisions"}],"predecessor-version":[{"id":16304,"href":"https:\/\/akademia-zdrowia.pl\/lodz\/wp-json\/wp\/v2\/pages\/4508\/revisions\/16304"}],"up":[{"embeddable":true,"href":"https:\/\/akademia-zdrowia.pl\/lodz\/wp-json\/wp\/v2\/pages\/55"}],"wp:attachment":[{"href":"https:\/\/akademia-zdrowia.pl\/lodz\/wp-json\/wp\/v2\/media?parent=4508"}],"curies":[{"name":"wp","href":"https:\/\/api.w.org\/{rel}","templated":true}]}}