{"id":570,"date":"2018-01-10T14:02:38","date_gmt":"2018-01-10T13:02:38","guid":{"rendered":"https:\/\/akademia-zdrowia.pl\/lodz\/?page_id=570"},"modified":"2024-10-18T13:51:41","modified_gmt":"2024-10-18T11:51:41","slug":"wynajem-sal","status":"publish","type":"page","link":"https:\/\/akademia-zdrowia.pl\/lodz\/o-nas\/wynajem-sal\/","title":{"rendered":"Wynajem sal"},"content":{"rendered":"\t\t<div data-elementor-type=\"wp-page\" data-elementor-id=\"570\" class=\"elementor elementor-570\" data-elementor-post-type=\"page\">\n\t\t\t\t\t\t<section class=\"elementor-section elementor-top-section elementor-element elementor-element-7cc0787 elementor-section-boxed elementor-section-height-default elementor-section-height-default\" data-id=\"7cc0787\" data-element_type=\"section\" data-e-type=\"section\">\n\t\t\t\t\t\t<div class=\"elementor-container elementor-column-gap-default\">\n\t\t\t\t\t<div class=\"elementor-column elementor-col-100 elementor-top-column elementor-element elementor-element-83522e0\" data-id=\"83522e0\" data-element_type=\"column\" data-e-type=\"column\">\n\t\t\t<div class=\"elementor-widget-wrap elementor-element-populated\">\n\t\t\t\t\t\t<div class=\"elementor-element elementor-element-c9040a6 elementor-widget elementor-widget-rs-heading\" data-id=\"c9040a6\" data-element_type=\"widget\" data-e-type=\"widget\" data-widget_type=\"rs-heading.default\">\n\t\t\t\t<div class=\"elementor-widget-container\">\n\t\t\t\t\t        <div class=\"rs-heading default \">\r\n        \t<div class=\"title-inner\">\r\n        \t\t      \t\t\r\n\t            <span class=\"sub-text \">AKADEMIA ZDROWIA<\/span><h1 class=\"title\"><span class=\"watermark\"><\/span>Nasze pracownie<\/h1>\t        <\/div>\r\n\t                <\/div>\r\n        \t\t\t\t<\/div>\n\t\t\t\t<\/div>\n\t\t\t\t\t<\/div>\n\t\t<\/div>\n\t\t\t\t\t<\/div>\n\t\t<\/section>\n\t\t\t\t<section class=\"elementor-section elementor-top-section elementor-element elementor-element-9858018 elementor-section-stretched elementor-section-boxed elementor-section-height-default elementor-section-height-default\" data-id=\"9858018\" data-element_type=\"section\" data-e-type=\"section\" data-settings=\"{&quot;stretch_section&quot;:&quot;section-stretched&quot;,&quot;background_background&quot;:&quot;classic&quot;}\">\n\t\t\t\t\t\t<div class=\"elementor-container elementor-column-gap-default\">\n\t\t\t\t\t<div class=\"elementor-column elementor-col-100 elementor-top-column elementor-element elementor-element-4d4f924\" data-id=\"4d4f924\" data-element_type=\"column\" data-e-type=\"column\">\n\t\t\t<div class=\"elementor-widget-wrap elementor-element-populated\">\n\t\t\t\t\t\t<div class=\"elementor-element elementor-element-1d9a2dc elementor-widget elementor-widget-text-editor\" data-id=\"1d9a2dc\" data-element_type=\"widget\" data-e-type=\"widget\" data-widget_type=\"text-editor.default\">\n\t\t\t\t<div class=\"elementor-widget-container\">\n\t\t\t\t\t\t\t\t\t<div><p><strong>Zwracamy si\u0119 do Pa\u0144stwa z propozycj\u0105 wsp\u00f3\u0142pracy w zakresie wynajmu sal i auli szkoleniowych oraz ofert\u0105 organizacji od podstaw samych szkole\u0144 i warsztat\u00f3w o dowolnej tematyce.<\/strong><\/p><\/div><div><div><p><strong>Wynajem sal w siedzibie w \u0141odzi (ul. Kili\u0144skiego 21)\u00a0<\/strong><a href=\"tel:+422557700\">tel: 42 255-77-00<\/a>\u00a0<\/p><p>W\u0142asna baza lokalowa, w pe\u0142ni dostosowana do potrzeb ON, obejmuj\u0105ca budynek o pow. 1506m2 z 13 salami dydaktycznymi [6 wyk\u0142adowych, 1 informatyczna oraz 5 Pracowni Zawodowych, w tym PRACOWNIA OPIEKUNA MEDYCZNEGO oraz FRYZJERSKA].<\/p><ul><li>pracownie zawodowe ( komputerowa, kosmetyczna, fryzjerska, masa\u017cu) wraz ze sprz\u0119tem \u2013 120 z\u0142\/h brutto<\/li><li>60 z\u0142\/h brutto \u2013 aule wyk\u0142adowe do 50 os\u00f3b<\/li><li>70 z\u0142\/h brutto \u2013 aula wyk\u0142adowa do 90 os\u00f3b<\/li><li>50 z\u0142\/h brutto sale wyposa\u017cone w ekrany i rzutniki<\/li><\/ul><\/div><div><img fetchpriority=\"high\" decoding=\"async\" src=\"https:\/\/akademia-zdrowia.pl\/lodz\/wp-content\/uploads\/2018\/01\/AZ-LODZ.jpg\" alt=\"\" width=\"1200\" height=\"800\" \/><\/div><div><p><br \/><strong>Wynajem sal w Filii w Kielcach (Al. IX Wiek\u00f3w Kielc 8\/24)\u00a0tel: \u00a0<a href=\"tel:+413680066\">41 3680066<\/a><\/strong><\/p><ul><li>1 sala do 25 os\u00f3b \u2013\u00a045\u00a0z\u0142\/h brutto<\/li><li>1 sala (aula) do 50 os\u00f3b \u2013\u00a060\u00a0z\u0142\/h brutto<\/li><li>sala na spotkania indywidualne, wyposa\u017cona w biurko, krzes\u0142a i komputer \u2013\u00a045\u00a0z\u0142\/h brutto<\/li><li>pracownia zawodowa ze sprz\u0119tem \u2013\u00a075\u00a0z\u0142\/h brutto<\/li><\/ul><\/div><div><img decoding=\"async\" src=\"https:\/\/akademia-zdrowia.pl\/lodz\/wp-content\/uploads\/2018\/01\/AZ-KIELCE.jpg\" alt=\"\" \/><\/div><div><p><br \/><strong>Wynajem sal w Filii w Warszawie ( ul. Jana Kazimierza 45\/5)\u00a0tel.: <a href=\"tel:+228622960\">22 862 29 60<\/a>\u00a0 tel.:<a href=\"tel:+228622961\"> 22 862 29 61<\/a><\/strong><\/p><ul><li>Aula do 80 os\u00f3b \u2013 70 z\u0142 netto\/h<\/li><li>Sala do 30 os\u00f3b \u2013 50 z\u0142 netto\/h<\/li><li>Sala do 20 os\u00f3b \u2013 50 z\u0142 netto\/h<\/li><\/ul><\/div><div><img decoding=\"async\" src=\"https:\/\/akademia-zdrowia.pl\/lodz\/wp-content\/uploads\/2018\/01\/az-warszawa.jpg\" alt=\"\" \/><\/div><div>\u00a0<\/div><\/div>\t\t\t\t\t\t\t\t<\/div>\n\t\t\t\t<\/div>\n\t\t\t\t\t<\/div>\n\t\t<\/div>\n\t\t\t\t\t<\/div>\n\t\t<\/section>\n\t\t\t\t<\/div>\n\t\t","protected":false},"excerpt":{"rendered":"<p>AKADEMIA ZDROWIA Nasze pracownie Zwracamy si\u0119 do Pa\u0144stwa z propozycj\u0105 wsp\u00f3\u0142pracy w zakresie wynajmu sal i auli szkoleniowych oraz ofert\u0105 organizacji od podstaw samych szkole\u0144 i warsztat\u00f3w o dowolnej tematyce. Wynajem sal w siedzibie w \u0141odzi (ul. Kili\u0144skiego 21)\u00a0tel: 42 255-77-00\u00a0 W\u0142asna baza lokalowa, w pe\u0142ni dostosowana do potrzeb ON, obejmuj\u0105ca budynek o pow. 1506m2&#8230;<\/p>\n","protected":false},"author":1,"featured_media":0,"parent":31,"menu_order":0,"comment_status":"closed","ping_status":"closed","template":"","meta":{"footnotes":""},"class_list":["post-570","page","type-page","status-publish","hentry"],"yoast_head":"<!-- This site is optimized with the Yoast SEO Premium plugin v18.9 (Yoast SEO v27.2) - https:\/\/yoast.com\/product\/yoast-seo-premium-wordpress\/ -->\n<title>Wynajem sal - Akademia Zdrowia \u0141\u00f3d\u017a - Kursy zawodowe, szko\u0142y policealne, szko\u0142y dla doros\u0142ych<\/title>\n<meta name=\"description\" content=\"AKADEMIA ZDROWIANasze pracownie Zwracamy si\u0119 do Pa\u0144stwa z propozycj\u0105 wsp\u00f3\u0142pracy w zakresie wynajmu sal i auli szkoleniowych oraz ofert\u0105 organizacji od\" \/>\n<meta name=\"robots\" content=\"index, follow, max-snippet:-1, max-image-preview:large, max-video-preview:-1\" \/>\n<link rel=\"canonical\" href=\"https:\/\/akademia-zdrowia.pl\/lodz\/o-nas\/wynajem-sal\/\" \/>\n<meta property=\"og:locale\" content=\"pl_PL\" \/>\n<meta property=\"og:type\" content=\"article\" \/>\n<meta property=\"og:title\" content=\"Wynajem sal\" \/>\n<meta property=\"og:description\" content=\"AKADEMIA ZDROWIANasze pracownie Zwracamy si\u0119 do Pa\u0144stwa z propozycj\u0105 wsp\u00f3\u0142pracy w zakresie wynajmu sal i auli szkoleniowych oraz ofert\u0105 organizacji od\" \/>\n<meta property=\"og:url\" content=\"https:\/\/akademia-zdrowia.pl\/lodz\/o-nas\/wynajem-sal\/\" \/>\n<meta property=\"og:site_name\" content=\"Akademia Zdrowia \u0141\u00f3d\u017a\" \/>\n<meta property=\"article:modified_time\" content=\"2024-10-18T11:51:41+00:00\" \/>\n<meta property=\"og:image\" content=\"https:\/\/akademia-zdrowia.pl\/lodz\/wp-content\/uploads\/2018\/01\/AZ-LODZ.jpg\" \/>\n<meta name=\"twitter:card\" content=\"summary_large_image\" \/>\n<meta name=\"twitter:label1\" content=\"Szacowany czas czytania\" \/>\n\t<meta name=\"twitter:data1\" content=\"2 minuty\" \/>\n<script type=\"application\/ld+json\" class=\"yoast-schema-graph\">{\"@context\":\"https:\/\/schema.org\",\"@graph\":[{\"@type\":\"WebPage\",\"@id\":\"https:\/\/akademia-zdrowia.pl\/lodz\/o-nas\/wynajem-sal\/\",\"url\":\"https:\/\/akademia-zdrowia.pl\/lodz\/o-nas\/wynajem-sal\/\",\"name\":\"Wynajem sal - Akademia Zdrowia \u0141\u00f3d\u017a - Kursy zawodowe, szko\u0142y policealne, szko\u0142y dla doros\u0142ych\",\"isPartOf\":{\"@id\":\"https:\/\/akademia-zdrowia.pl\/lodz\/#website\"},\"primaryImageOfPage\":{\"@id\":\"https:\/\/akademia-zdrowia.pl\/lodz\/o-nas\/wynajem-sal\/#primaryimage\"},\"image\":{\"@id\":\"https:\/\/akademia-zdrowia.pl\/lodz\/o-nas\/wynajem-sal\/#primaryimage\"},\"thumbnailUrl\":\"https:\/\/akademia-zdrowia.pl\/lodz\/wp-content\/uploads\/2018\/01\/AZ-LODZ.jpg\",\"datePublished\":\"2018-01-10T13:02:38+00:00\",\"dateModified\":\"2024-10-18T11:51:41+00:00\",\"description\":\"AKADEMIA ZDROWIANasze pracownie Zwracamy si\u0119 do Pa\u0144stwa z propozycj\u0105 wsp\u00f3\u0142pracy w zakresie wynajmu sal i auli szkoleniowych oraz ofert\u0105 organizacji od\",\"breadcrumb\":{\"@id\":\"https:\/\/akademia-zdrowia.pl\/lodz\/o-nas\/wynajem-sal\/#breadcrumb\"},\"inLanguage\":\"pl-PL\",\"potentialAction\":[{\"@type\":\"ReadAction\",\"target\":[\"https:\/\/akademia-zdrowia.pl\/lodz\/o-nas\/wynajem-sal\/\"]}]},{\"@type\":\"ImageObject\",\"inLanguage\":\"pl-PL\",\"@id\":\"https:\/\/akademia-zdrowia.pl\/lodz\/o-nas\/wynajem-sal\/#primaryimage\",\"url\":\"https:\/\/akademia-zdrowia.pl\/lodz\/wp-content\/uploads\/2018\/01\/AZ-LODZ.jpg\",\"contentUrl\":\"https:\/\/akademia-zdrowia.pl\/lodz\/wp-content\/uploads\/2018\/01\/AZ-LODZ.jpg\",\"width\":1200,\"height\":800},{\"@type\":\"BreadcrumbList\",\"@id\":\"https:\/\/akademia-zdrowia.pl\/lodz\/o-nas\/wynajem-sal\/#breadcrumb\",\"itemListElement\":[{\"@type\":\"ListItem\",\"position\":1,\"name\":\"Strona g\u0142\u00f3wna\",\"item\":\"https:\/\/akademia-zdrowia.pl\/lodz\/\"},{\"@type\":\"ListItem\",\"position\":2,\"name\":\"O nas\",\"item\":\"https:\/\/akademia-zdrowia.pl\/lodz\/o-nas\/\"},{\"@type\":\"ListItem\",\"position\":3,\"name\":\"Wynajem sal\"}]},{\"@type\":\"WebSite\",\"@id\":\"https:\/\/akademia-zdrowia.pl\/lodz\/#website\",\"url\":\"https:\/\/akademia-zdrowia.pl\/lodz\/\",\"name\":\"Akademia Zdrowia \u0141\u00f3d\u017a\",\"description\":\"\",\"potentialAction\":[{\"@type\":\"SearchAction\",\"target\":{\"@type\":\"EntryPoint\",\"urlTemplate\":\"https:\/\/akademia-zdrowia.pl\/lodz\/?s={search_term_string}\"},\"query-input\":{\"@type\":\"PropertyValueSpecification\",\"valueRequired\":true,\"valueName\":\"search_term_string\"}}],\"inLanguage\":\"pl-PL\"}]}<\/script>\n<!-- \/ Yoast SEO Premium plugin. -->","yoast_head_json":{"title":"Wynajem sal - Akademia Zdrowia \u0141\u00f3d\u017a - Kursy zawodowe, szko\u0142y policealne, szko\u0142y dla doros\u0142ych","description":"AKADEMIA ZDROWIANasze pracownie Zwracamy si\u0119 do Pa\u0144stwa z propozycj\u0105 wsp\u00f3\u0142pracy w zakresie wynajmu sal i auli szkoleniowych oraz ofert\u0105 organizacji od","robots":{"index":"index","follow":"follow","max-snippet":"max-snippet:-1","max-image-preview":"max-image-preview:large","max-video-preview":"max-video-preview:-1"},"canonical":"https:\/\/akademia-zdrowia.pl\/lodz\/o-nas\/wynajem-sal\/","og_locale":"pl_PL","og_type":"article","og_title":"Wynajem sal","og_description":"AKADEMIA ZDROWIANasze pracownie Zwracamy si\u0119 do Pa\u0144stwa z propozycj\u0105 wsp\u00f3\u0142pracy w zakresie wynajmu sal i auli szkoleniowych oraz ofert\u0105 organizacji od","og_url":"https:\/\/akademia-zdrowia.pl\/lodz\/o-nas\/wynajem-sal\/","og_site_name":"Akademia Zdrowia \u0141\u00f3d\u017a","article_modified_time":"2024-10-18T11:51:41+00:00","og_image":[{"url":"https:\/\/akademia-zdrowia.pl\/lodz\/wp-content\/uploads\/2018\/01\/AZ-LODZ.jpg","type":"","width":"","height":""}],"twitter_card":"summary_large_image","twitter_misc":{"Szacowany czas czytania":"2 minuty"},"schema":{"@context":"https:\/\/schema.org","@graph":[{"@type":"WebPage","@id":"https:\/\/akademia-zdrowia.pl\/lodz\/o-nas\/wynajem-sal\/","url":"https:\/\/akademia-zdrowia.pl\/lodz\/o-nas\/wynajem-sal\/","name":"Wynajem sal - Akademia Zdrowia \u0141\u00f3d\u017a - Kursy zawodowe, szko\u0142y policealne, szko\u0142y dla doros\u0142ych","isPartOf":{"@id":"https:\/\/akademia-zdrowia.pl\/lodz\/#website"},"primaryImageOfPage":{"@id":"https:\/\/akademia-zdrowia.pl\/lodz\/o-nas\/wynajem-sal\/#primaryimage"},"image":{"@id":"https:\/\/akademia-zdrowia.pl\/lodz\/o-nas\/wynajem-sal\/#primaryimage"},"thumbnailUrl":"https:\/\/akademia-zdrowia.pl\/lodz\/wp-content\/uploads\/2018\/01\/AZ-LODZ.jpg","datePublished":"2018-01-10T13:02:38+00:00","dateModified":"2024-10-18T11:51:41+00:00","description":"AKADEMIA ZDROWIANasze pracownie Zwracamy si\u0119 do Pa\u0144stwa z propozycj\u0105 wsp\u00f3\u0142pracy w zakresie wynajmu sal i auli szkoleniowych oraz ofert\u0105 organizacji od","breadcrumb":{"@id":"https:\/\/akademia-zdrowia.pl\/lodz\/o-nas\/wynajem-sal\/#breadcrumb"},"inLanguage":"pl-PL","potentialAction":[{"@type":"ReadAction","target":["https:\/\/akademia-zdrowia.pl\/lodz\/o-nas\/wynajem-sal\/"]}]},{"@type":"ImageObject","inLanguage":"pl-PL","@id":"https:\/\/akademia-zdrowia.pl\/lodz\/o-nas\/wynajem-sal\/#primaryimage","url":"https:\/\/akademia-zdrowia.pl\/lodz\/wp-content\/uploads\/2018\/01\/AZ-LODZ.jpg","contentUrl":"https:\/\/akademia-zdrowia.pl\/lodz\/wp-content\/uploads\/2018\/01\/AZ-LODZ.jpg","width":1200,"height":800},{"@type":"BreadcrumbList","@id":"https:\/\/akademia-zdrowia.pl\/lodz\/o-nas\/wynajem-sal\/#breadcrumb","itemListElement":[{"@type":"ListItem","position":1,"name":"Strona g\u0142\u00f3wna","item":"https:\/\/akademia-zdrowia.pl\/lodz\/"},{"@type":"ListItem","position":2,"name":"O nas","item":"https:\/\/akademia-zdrowia.pl\/lodz\/o-nas\/"},{"@type":"ListItem","position":3,"name":"Wynajem sal"}]},{"@type":"WebSite","@id":"https:\/\/akademia-zdrowia.pl\/lodz\/#website","url":"https:\/\/akademia-zdrowia.pl\/lodz\/","name":"Akademia Zdrowia \u0141\u00f3d\u017a","description":"","potentialAction":[{"@type":"SearchAction","target":{"@type":"EntryPoint","urlTemplate":"https:\/\/akademia-zdrowia.pl\/lodz\/?s={search_term_string}"},"query-input":{"@type":"PropertyValueSpecification","valueRequired":true,"valueName":"search_term_string"}}],"inLanguage":"pl-PL"}]}},"_links":{"self":[{"href":"https:\/\/akademia-zdrowia.pl\/lodz\/wp-json\/wp\/v2\/pages\/570","targetHints":{"allow":["GET"]}}],"collection":[{"href":"https:\/\/akademia-zdrowia.pl\/lodz\/wp-json\/wp\/v2\/pages"}],"about":[{"href":"https:\/\/akademia-zdrowia.pl\/lodz\/wp-json\/wp\/v2\/types\/page"}],"author":[{"embeddable":true,"href":"https:\/\/akademia-zdrowia.pl\/lodz\/wp-json\/wp\/v2\/users\/1"}],"replies":[{"embeddable":true,"href":"https:\/\/akademia-zdrowia.pl\/lodz\/wp-json\/wp\/v2\/comments?post=570"}],"version-history":[{"count":82,"href":"https:\/\/akademia-zdrowia.pl\/lodz\/wp-json\/wp\/v2\/pages\/570\/revisions"}],"predecessor-version":[{"id":15776,"href":"https:\/\/akademia-zdrowia.pl\/lodz\/wp-json\/wp\/v2\/pages\/570\/revisions\/15776"}],"up":[{"embeddable":true,"href":"https:\/\/akademia-zdrowia.pl\/lodz\/wp-json\/wp\/v2\/pages\/31"}],"wp:attachment":[{"href":"https:\/\/akademia-zdrowia.pl\/lodz\/wp-json\/wp\/v2\/media?parent=570"}],"curies":[{"name":"wp","href":"https:\/\/api.w.org\/{rel}","templated":true}]}}