{"id":6204,"date":"2021-11-03T18:10:13","date_gmt":"2021-11-03T17:10:13","guid":{"rendered":"https:\/\/akademia-zdrowia.pl\/lodz\/?page_id=6204"},"modified":"2022-02-13T22:02:31","modified_gmt":"2022-02-13T21:02:31","slug":"dokumenty-rekrutacyjne-czas-na-nowe-mozliwosci","status":"publish","type":"page","link":"https:\/\/akademia-zdrowia.pl\/lodz\/oferta-szkoleniowa\/projekty-unijne\/czas-na-nowe-mozliwosci\/dokumenty-rekrutacyjne-czas-na-nowe-mozliwosci\/","title":{"rendered":"Dokumenty rekrutacyjne czas na nowe mo\u017cliwo\u015bci"},"content":{"rendered":"\t\t<div data-elementor-type=\"wp-page\" data-elementor-id=\"6204\" class=\"elementor elementor-6204\" data-elementor-post-type=\"page\">\n\t\t\t\t\t\t<section class=\"elementor-section elementor-top-section elementor-element elementor-element-f88b363 elementor-section-boxed elementor-section-height-default elementor-section-height-default\" data-id=\"f88b363\" data-element_type=\"section\" data-e-type=\"section\">\n\t\t\t\t\t\t<div class=\"elementor-container elementor-column-gap-default\">\n\t\t\t\t\t<div class=\"elementor-column elementor-col-66 elementor-top-column elementor-element elementor-element-7f3a1d7\" data-id=\"7f3a1d7\" data-element_type=\"column\" data-e-type=\"column\">\n\t\t\t<div class=\"elementor-widget-wrap elementor-element-populated\">\n\t\t\t\t\t\t<div class=\"elementor-element elementor-element-3c52017 elementor-widget elementor-widget-text-editor\" data-id=\"3c52017\" data-element_type=\"widget\" data-e-type=\"widget\" data-widget_type=\"text-editor.default\">\n\t\t\t\t<div class=\"elementor-widget-container\">\n\t\t\t\t\t\t\t\t\t<p><img decoding=\"async\" class=\"aligncenter wp-image-4366 size-large\" src=\"https:\/\/akademia-zdrowia.pl\/lodz\/wp-content\/uploads\/2021\/09\/Zrzut-ekranu-2021-09-22-o-17.40.41-1024x122.png\" \/><\/p><p>\u00a0<\/p><p>Zapraszamy do zapoznania si\u0119 ze wzorami dokument\u00f3w rekrutacyjnych.<\/p><ul><li><a href=\"https:\/\/akademia-zdrowia.pl\/lodz\/wp-content\/uploads\/2021\/09\/formularz-rekrutacyjny.odt\">Formularz rekrutacyjny<\/a><\/li><li><a href=\"https:\/\/akademia-zdrowia.pl\/lodz\/wp-content\/uploads\/2021\/09\/regulamin-projektu-12.docx\">Regulamin rekrutacji<\/a><\/li><li><a href=\"https:\/\/akademia-zdrowia.pl\/lodz\/wp-content\/uploads\/2021\/09\/dane-SL-1-17.docx\">Dane uczestnika<\/a><\/li><li><a href=\"https:\/\/akademia-zdrowia.pl\/lodz\/wp-content\/uploads\/2021\/09\/oswiadczenie.odt\">O\u015bwiadczenie Rodo<\/a><\/li><li><a href=\"https:\/\/akademia-zdrowia.pl\/lodz\/wp-content\/uploads\/2021\/09\/umowa.odt\">Wz\u00f3r umowy<\/a><\/li><\/ul><p>Wype\u0142nione formularze mo\u017cna sk\u0142ada\u0107 w Biurze Projektu\u00a0<strong>\u201d Czas na nowe mo\u017cliwo\u015bci\u201d<\/strong>\u00a0 lub\u00a0 zeskanowa\u0107\u00a0\u00a0\u00a0\u00a0\u00a0 i wys\u0142a\u0107 na adres\u00a0<strong>czasnanowemozliwosci@akademia-zdrowia.pl.\u00a0<\/strong>Zapraszamy r\u00f3wnie\u017c do kontaktu telefonicznego pod numerem<strong>\u00a042 255 77 00.<\/strong><\/p><p>\u00a0<\/p><p><img fetchpriority=\"high\" decoding=\"async\" class=\"aligncenter wp-image-4372 size-large\" src=\"https:\/\/akademia-zdrowia.pl\/lodz\/wp-content\/uploads\/sites\/2\/2021\/09\/zrzut-ekranu-2021-09-22-o-19_optimized.12.42-723x1024.png\" sizes=\"(max-width: 723px) 100vw, 723px\" srcset=\"https:\/\/akademia-zdrowia.pl\/lodz\/wp-content\/uploads\/sites\/2\/2021\/09\/zrzut-ekranu-2021-09-22-o-19_optimized.12.42-723x1024.png 723w, https:\/\/akademia-zdrowia.pl\/lodz\/wp-content\/uploads\/sites\/2\/2021\/09\/zrzut-ekranu-2021-09-22-o-19_optimized.12.42-106x150.png 106w, https:\/\/akademia-zdrowia.pl\/lodz\/wp-content\/uploads\/sites\/2\/2021\/09\/zrzut-ekranu-2021-09-22-o-19_optimized.12.42-212x300.png 212w, https:\/\/akademia-zdrowia.pl\/lodz\/wp-content\/uploads\/sites\/2\/2021\/09\/zrzut-ekranu-2021-09-22-o-19_optimized.12.42-768x1087.png 768w, https:\/\/akademia-zdrowia.pl\/lodz\/wp-content\/uploads\/sites\/2\/2021\/09\/zrzut-ekranu-2021-09-22-o-19_optimized.12.42-1320x1869.png 1320w, https:\/\/akademia-zdrowia.pl\/lodz\/wp-content\/uploads\/sites\/2\/2021\/09\/zrzut-ekranu-2021-09-22-o-19_optimized.12.42.png 1582w\" alt=\"\" width=\"723\" height=\"1024\" \/><\/p>\t\t\t\t\t\t\t\t<\/div>\n\t\t\t\t<\/div>\n\t\t\t\t\t<\/div>\n\t\t<\/div>\n\t\t\t\t<div class=\"elementor-column elementor-col-33 elementor-top-column elementor-element elementor-element-228de6c\" data-id=\"228de6c\" data-element_type=\"column\" data-e-type=\"column\">\n\t\t\t<div class=\"elementor-widget-wrap elementor-element-populated\">\n\t\t\t\t\t\t<div class=\"elementor-element elementor-element-32b4925 elementor-widget elementor-widget-rs-image\" data-id=\"32b4925\" data-element_type=\"widget\" data-e-type=\"widget\" data-widget_type=\"rs-image.default\">\n\t\t\t\t<div class=\"elementor-widget-container\">\n\t\t\t\t\t\n        <div class=\"rs-image \">\n                            <img decoding=\"async\" class=\"rs-multi-image \" src=\"https:\/\/akademia-zdrowia.pl\/lodz\/wp-content\/uploads\/2022\/01\/IMG_0795-2-scaled.jpg\" alt=\"image\"\/>\n                    <\/div>\n\n              \n    \t\t\t\t<\/div>\n\t\t\t\t<\/div>\n\t\t\t\t<div class=\"elementor-element elementor-element-e86b2df elementor-widget elementor-widget-text-editor\" data-id=\"e86b2df\" data-element_type=\"widget\" data-e-type=\"widget\" data-widget_type=\"text-editor.default\">\n\t\t\t\t<div class=\"elementor-widget-container\">\n\t\t\t\t\t\t\t\t\t<div class=\"adres\"><div class=\"adres\"><p style=\"text-align: center;\">ul. Jana Kili\u0144skiego 21<br \/><span style=\"color: var( --e-global-color-text ); font-family: var( --e-global-typography-text-font-family ), Sans-serif; font-weight: var( --e-global-typography-text-font-weight );\">90-205 \u0141\u00f3d\u017a<br \/><\/span><img decoding=\"async\" style=\"color: var( --e-global-color-text ); font-family: var( --e-global-typography-text-font-family ), Sans-serif; font-weight: var( --e-global-typography-text-font-weight );\" src=\"https:\/\/akademia-zdrowia.pl\/lodz\/wp-content\/themes\/akademia-podstrona\/img\/phone-ico_red.png\" alt=\"marker\" \/><span style=\"color: var( --e-global-color-text ); font-family: var( --e-global-typography-text-font-family ), Sans-serif; font-weight: var( --e-global-typography-text-font-weight );\">\u00a0\u00a0<\/span><span style=\"color: var( --e-global-color-text ); font-family: var( --e-global-typography-text-font-family ), Sans-serif; font-weight: var( --e-global-typography-text-font-weight );\">tel.\u00a0<\/span><a style=\"font-family: var( --e-global-typography-text-font-family ), Sans-serif; font-weight: var( --e-global-typography-text-font-weight ); background-color: #ffffff;\" href=\"tel:42 255 77 00\">42 255 77 00<\/a><span style=\"color: var( --e-global-color-text ); font-family: var( --e-global-typography-text-font-family ), Sans-serif; font-weight: var( --e-global-typography-text-font-weight );\">\u00a0\u00a0<\/span><span style=\"color: var( --e-global-color-text ); font-family: var( --e-global-typography-text-font-family ), Sans-serif; font-weight: var( --e-global-typography-text-font-weight );\">tel.\/fax\u00a0<\/span><a style=\"font-family: var( --e-global-typography-text-font-family ), Sans-serif; font-weight: var( --e-global-typography-text-font-weight ); background-color: #ffffff;\" href=\"tel:42 255 77 01\">42 255 77 01<\/a><\/p><\/div><div class=\"dodatkowe\"><p style=\"text-align: center;\">Sekretariat czynny od poniedzia\u0142ku do pi\u0105tku w godzinach 9.00-16.00<\/p><p style=\"text-align: center;\"><span style=\"color: #000080; font-family: var( --e-global-typography-text-font-family ), Sans-serif;\"><b>Zarezerwuj miejsce ju\u017c dzi\u015b!<\/b><\/span><\/p><\/div><\/div>\t\t\t\t\t\t\t\t<\/div>\n\t\t\t\t<\/div>\n\t\t\t\t\t<\/div>\n\t\t<\/div>\n\t\t\t\t\t<\/div>\n\t\t<\/section>\n\t\t\t\t<\/div>\n\t\t","protected":false},"excerpt":{"rendered":"<p>\u00a0 Zapraszamy do zapoznania si\u0119 ze wzorami dokument\u00f3w rekrutacyjnych. Formularz rekrutacyjny Regulamin rekrutacji Dane uczestnika O\u015bwiadczenie Rodo Wz\u00f3r umowy Wype\u0142nione formularze mo\u017cna sk\u0142ada\u0107 w Biurze Projektu\u00a0\u201d Czas na nowe mo\u017cliwo\u015bci\u201d\u00a0 lub\u00a0 zeskanowa\u0107\u00a0\u00a0\u00a0\u00a0\u00a0 i wys\u0142a\u0107 na adres\u00a0czasnanowemozliwosci@akademia-zdrowia.pl.\u00a0Zapraszamy r\u00f3wnie\u017c do kontaktu telefonicznego pod numerem\u00a042 255 77 00. \u00a0 ul. Jana Kili\u0144skiego 2190-205 \u0141\u00f3d\u017a\u00a0\u00a0tel.\u00a042 255 77 00\u00a0\u00a0tel.\/fax\u00a042 255&#8230;<\/p>\n","protected":false},"author":1,"featured_media":0,"parent":4374,"menu_order":0,"comment_status":"closed","ping_status":"closed","template":"","meta":{"footnotes":""},"class_list":["post-6204","page","type-page","status-publish","hentry"],"yoast_head":"<!-- This site is optimized with the Yoast SEO Premium plugin v18.9 (Yoast SEO v27.2) - https:\/\/yoast.com\/product\/yoast-seo-premium-wordpress\/ -->\n<title>Dokumenty rekrutacyjne czas na nowe mo\u017cliwo\u015bci - Akademia Zdrowia \u0141\u00f3d\u017a - Kursy zawodowe, szko\u0142y policealne, szko\u0142y dla doros\u0142ych<\/title>\n<meta name=\"description\" content=\"\u00a0Zapraszamy do zapoznania si\u0119 ze wzorami dokument\u00f3w rekrutacyjnych.Formularz rekrutacyjnyRegulamin rekrutacjiDane uczestnikaO\u015bwiadczenie RodoWz\u00f3r\" \/>\n<meta name=\"robots\" content=\"index, follow, max-snippet:-1, max-image-preview:large, max-video-preview:-1\" \/>\n<link rel=\"canonical\" href=\"https:\/\/akademia-zdrowia.pl\/lodz\/oferta-szkoleniowa\/projekty-unijne\/czas-na-nowe-mozliwosci\/dokumenty-rekrutacyjne-czas-na-nowe-mozliwosci\/\" \/>\n<meta property=\"og:locale\" content=\"pl_PL\" \/>\n<meta property=\"og:type\" content=\"article\" \/>\n<meta property=\"og:title\" content=\"Dokumenty rekrutacyjne czas na nowe mo\u017cliwo\u015bci\" \/>\n<meta property=\"og:description\" content=\"\u00a0Zapraszamy do zapoznania si\u0119 ze wzorami dokument\u00f3w rekrutacyjnych.Formularz rekrutacyjnyRegulamin rekrutacjiDane uczestnikaO\u015bwiadczenie RodoWz\u00f3r\" \/>\n<meta property=\"og:url\" content=\"https:\/\/akademia-zdrowia.pl\/lodz\/oferta-szkoleniowa\/projekty-unijne\/czas-na-nowe-mozliwosci\/dokumenty-rekrutacyjne-czas-na-nowe-mozliwosci\/\" \/>\n<meta property=\"og:site_name\" content=\"Akademia Zdrowia \u0141\u00f3d\u017a\" \/>\n<meta property=\"article:modified_time\" content=\"2022-02-13T21:02:31+00:00\" \/>\n<meta property=\"og:image\" content=\"https:\/\/akademia-zdrowia.pl\/lodz\/wp-content\/uploads\/2021\/09\/Zrzut-ekranu-2021-09-22-o-17.40.41-1024x122.png\" \/>\n<meta name=\"twitter:card\" content=\"summary_large_image\" \/>\n<meta name=\"twitter:label1\" content=\"Szacowany czas czytania\" \/>\n\t<meta name=\"twitter:data1\" content=\"2 minuty\" \/>\n<script type=\"application\/ld+json\" class=\"yoast-schema-graph\">{\"@context\":\"https:\/\/schema.org\",\"@graph\":[{\"@type\":\"WebPage\",\"@id\":\"https:\/\/akademia-zdrowia.pl\/lodz\/oferta-szkoleniowa\/projekty-unijne\/czas-na-nowe-mozliwosci\/dokumenty-rekrutacyjne-czas-na-nowe-mozliwosci\/\",\"url\":\"https:\/\/akademia-zdrowia.pl\/lodz\/oferta-szkoleniowa\/projekty-unijne\/czas-na-nowe-mozliwosci\/dokumenty-rekrutacyjne-czas-na-nowe-mozliwosci\/\",\"name\":\"Dokumenty rekrutacyjne czas na nowe mo\u017cliwo\u015bci - Akademia Zdrowia \u0141\u00f3d\u017a - Kursy zawodowe, szko\u0142y policealne, szko\u0142y dla doros\u0142ych\",\"isPartOf\":{\"@id\":\"https:\/\/akademia-zdrowia.pl\/lodz\/#website\"},\"primaryImageOfPage\":{\"@id\":\"https:\/\/akademia-zdrowia.pl\/lodz\/oferta-szkoleniowa\/projekty-unijne\/czas-na-nowe-mozliwosci\/dokumenty-rekrutacyjne-czas-na-nowe-mozliwosci\/#primaryimage\"},\"image\":{\"@id\":\"https:\/\/akademia-zdrowia.pl\/lodz\/oferta-szkoleniowa\/projekty-unijne\/czas-na-nowe-mozliwosci\/dokumenty-rekrutacyjne-czas-na-nowe-mozliwosci\/#primaryimage\"},\"thumbnailUrl\":\"https:\/\/akademia-zdrowia.pl\/lodz\/wp-content\/uploads\/2021\/09\/Zrzut-ekranu-2021-09-22-o-17.40.41-1024x122.png\",\"datePublished\":\"2021-11-03T17:10:13+00:00\",\"dateModified\":\"2022-02-13T21:02:31+00:00\",\"description\":\"\u00a0Zapraszamy do zapoznania si\u0119 ze wzorami dokument\u00f3w rekrutacyjnych.Formularz rekrutacyjnyRegulamin rekrutacjiDane uczestnikaO\u015bwiadczenie RodoWz\u00f3r\",\"breadcrumb\":{\"@id\":\"https:\/\/akademia-zdrowia.pl\/lodz\/oferta-szkoleniowa\/projekty-unijne\/czas-na-nowe-mozliwosci\/dokumenty-rekrutacyjne-czas-na-nowe-mozliwosci\/#breadcrumb\"},\"inLanguage\":\"pl-PL\",\"potentialAction\":[{\"@type\":\"ReadAction\",\"target\":[\"https:\/\/akademia-zdrowia.pl\/lodz\/oferta-szkoleniowa\/projekty-unijne\/czas-na-nowe-mozliwosci\/dokumenty-rekrutacyjne-czas-na-nowe-mozliwosci\/\"]}]},{\"@type\":\"ImageObject\",\"inLanguage\":\"pl-PL\",\"@id\":\"https:\/\/akademia-zdrowia.pl\/lodz\/oferta-szkoleniowa\/projekty-unijne\/czas-na-nowe-mozliwosci\/dokumenty-rekrutacyjne-czas-na-nowe-mozliwosci\/#primaryimage\",\"url\":\"https:\/\/akademia-zdrowia.pl\/lodz\/wp-content\/uploads\/2021\/09\/Zrzut-ekranu-2021-09-22-o-17.40.41.png\",\"contentUrl\":\"https:\/\/akademia-zdrowia.pl\/lodz\/wp-content\/uploads\/2021\/09\/Zrzut-ekranu-2021-09-22-o-17.40.41.png\",\"width\":1920,\"height\":228},{\"@type\":\"BreadcrumbList\",\"@id\":\"https:\/\/akademia-zdrowia.pl\/lodz\/oferta-szkoleniowa\/projekty-unijne\/czas-na-nowe-mozliwosci\/dokumenty-rekrutacyjne-czas-na-nowe-mozliwosci\/#breadcrumb\",\"itemListElement\":[{\"@type\":\"ListItem\",\"position\":1,\"name\":\"Strona g\u0142\u00f3wna\",\"item\":\"https:\/\/akademia-zdrowia.pl\/lodz\/\"},{\"@type\":\"ListItem\",\"position\":2,\"name\":\"Oferta szkoleniowa\",\"item\":\"https:\/\/akademia-zdrowia.pl\/lodz\/oferta-szkoleniowa\/\"},{\"@type\":\"ListItem\",\"position\":3,\"name\":\"Projekty unijne\",\"item\":\"https:\/\/akademia-zdrowia.pl\/lodz\/oferta-szkoleniowa\/projekty-unijne\/\"},{\"@type\":\"ListItem\",\"position\":4,\"name\":\"Czas na nowe mo\u017cliwo\u015bci\",\"item\":\"https:\/\/akademia-zdrowia.pl\/lodz\/oferta-szkoleniowa\/projekty-unijne\/czas-na-nowe-mozliwosci\/\"},{\"@type\":\"ListItem\",\"position\":5,\"name\":\"Dokumenty rekrutacyjne czas na nowe mo\u017cliwo\u015bci\"}]},{\"@type\":\"WebSite\",\"@id\":\"https:\/\/akademia-zdrowia.pl\/lodz\/#website\",\"url\":\"https:\/\/akademia-zdrowia.pl\/lodz\/\",\"name\":\"Akademia Zdrowia \u0141\u00f3d\u017a\",\"description\":\"\",\"potentialAction\":[{\"@type\":\"SearchAction\",\"target\":{\"@type\":\"EntryPoint\",\"urlTemplate\":\"https:\/\/akademia-zdrowia.pl\/lodz\/?s={search_term_string}\"},\"query-input\":{\"@type\":\"PropertyValueSpecification\",\"valueRequired\":true,\"valueName\":\"search_term_string\"}}],\"inLanguage\":\"pl-PL\"}]}<\/script>\n<!-- \/ Yoast SEO Premium plugin. -->","yoast_head_json":{"title":"Dokumenty rekrutacyjne czas na nowe mo\u017cliwo\u015bci - Akademia Zdrowia \u0141\u00f3d\u017a - Kursy zawodowe, szko\u0142y policealne, szko\u0142y dla doros\u0142ych","description":"\u00a0Zapraszamy do zapoznania si\u0119 ze wzorami dokument\u00f3w rekrutacyjnych.Formularz rekrutacyjnyRegulamin rekrutacjiDane uczestnikaO\u015bwiadczenie RodoWz\u00f3r","robots":{"index":"index","follow":"follow","max-snippet":"max-snippet:-1","max-image-preview":"max-image-preview:large","max-video-preview":"max-video-preview:-1"},"canonical":"https:\/\/akademia-zdrowia.pl\/lodz\/oferta-szkoleniowa\/projekty-unijne\/czas-na-nowe-mozliwosci\/dokumenty-rekrutacyjne-czas-na-nowe-mozliwosci\/","og_locale":"pl_PL","og_type":"article","og_title":"Dokumenty rekrutacyjne czas na nowe mo\u017cliwo\u015bci","og_description":"\u00a0Zapraszamy do zapoznania si\u0119 ze wzorami dokument\u00f3w rekrutacyjnych.Formularz rekrutacyjnyRegulamin rekrutacjiDane uczestnikaO\u015bwiadczenie RodoWz\u00f3r","og_url":"https:\/\/akademia-zdrowia.pl\/lodz\/oferta-szkoleniowa\/projekty-unijne\/czas-na-nowe-mozliwosci\/dokumenty-rekrutacyjne-czas-na-nowe-mozliwosci\/","og_site_name":"Akademia Zdrowia \u0141\u00f3d\u017a","article_modified_time":"2022-02-13T21:02:31+00:00","og_image":[{"url":"https:\/\/akademia-zdrowia.pl\/lodz\/wp-content\/uploads\/2021\/09\/Zrzut-ekranu-2021-09-22-o-17.40.41-1024x122.png","type":"","width":"","height":""}],"twitter_card":"summary_large_image","twitter_misc":{"Szacowany czas czytania":"2 minuty"},"schema":{"@context":"https:\/\/schema.org","@graph":[{"@type":"WebPage","@id":"https:\/\/akademia-zdrowia.pl\/lodz\/oferta-szkoleniowa\/projekty-unijne\/czas-na-nowe-mozliwosci\/dokumenty-rekrutacyjne-czas-na-nowe-mozliwosci\/","url":"https:\/\/akademia-zdrowia.pl\/lodz\/oferta-szkoleniowa\/projekty-unijne\/czas-na-nowe-mozliwosci\/dokumenty-rekrutacyjne-czas-na-nowe-mozliwosci\/","name":"Dokumenty rekrutacyjne czas na nowe mo\u017cliwo\u015bci - Akademia Zdrowia \u0141\u00f3d\u017a - Kursy zawodowe, szko\u0142y policealne, szko\u0142y dla doros\u0142ych","isPartOf":{"@id":"https:\/\/akademia-zdrowia.pl\/lodz\/#website"},"primaryImageOfPage":{"@id":"https:\/\/akademia-zdrowia.pl\/lodz\/oferta-szkoleniowa\/projekty-unijne\/czas-na-nowe-mozliwosci\/dokumenty-rekrutacyjne-czas-na-nowe-mozliwosci\/#primaryimage"},"image":{"@id":"https:\/\/akademia-zdrowia.pl\/lodz\/oferta-szkoleniowa\/projekty-unijne\/czas-na-nowe-mozliwosci\/dokumenty-rekrutacyjne-czas-na-nowe-mozliwosci\/#primaryimage"},"thumbnailUrl":"https:\/\/akademia-zdrowia.pl\/lodz\/wp-content\/uploads\/2021\/09\/Zrzut-ekranu-2021-09-22-o-17.40.41-1024x122.png","datePublished":"2021-11-03T17:10:13+00:00","dateModified":"2022-02-13T21:02:31+00:00","description":"\u00a0Zapraszamy do zapoznania si\u0119 ze wzorami dokument\u00f3w rekrutacyjnych.Formularz rekrutacyjnyRegulamin rekrutacjiDane uczestnikaO\u015bwiadczenie RodoWz\u00f3r","breadcrumb":{"@id":"https:\/\/akademia-zdrowia.pl\/lodz\/oferta-szkoleniowa\/projekty-unijne\/czas-na-nowe-mozliwosci\/dokumenty-rekrutacyjne-czas-na-nowe-mozliwosci\/#breadcrumb"},"inLanguage":"pl-PL","potentialAction":[{"@type":"ReadAction","target":["https:\/\/akademia-zdrowia.pl\/lodz\/oferta-szkoleniowa\/projekty-unijne\/czas-na-nowe-mozliwosci\/dokumenty-rekrutacyjne-czas-na-nowe-mozliwosci\/"]}]},{"@type":"ImageObject","inLanguage":"pl-PL","@id":"https:\/\/akademia-zdrowia.pl\/lodz\/oferta-szkoleniowa\/projekty-unijne\/czas-na-nowe-mozliwosci\/dokumenty-rekrutacyjne-czas-na-nowe-mozliwosci\/#primaryimage","url":"https:\/\/akademia-zdrowia.pl\/lodz\/wp-content\/uploads\/2021\/09\/Zrzut-ekranu-2021-09-22-o-17.40.41.png","contentUrl":"https:\/\/akademia-zdrowia.pl\/lodz\/wp-content\/uploads\/2021\/09\/Zrzut-ekranu-2021-09-22-o-17.40.41.png","width":1920,"height":228},{"@type":"BreadcrumbList","@id":"https:\/\/akademia-zdrowia.pl\/lodz\/oferta-szkoleniowa\/projekty-unijne\/czas-na-nowe-mozliwosci\/dokumenty-rekrutacyjne-czas-na-nowe-mozliwosci\/#breadcrumb","itemListElement":[{"@type":"ListItem","position":1,"name":"Strona g\u0142\u00f3wna","item":"https:\/\/akademia-zdrowia.pl\/lodz\/"},{"@type":"ListItem","position":2,"name":"Oferta szkoleniowa","item":"https:\/\/akademia-zdrowia.pl\/lodz\/oferta-szkoleniowa\/"},{"@type":"ListItem","position":3,"name":"Projekty unijne","item":"https:\/\/akademia-zdrowia.pl\/lodz\/oferta-szkoleniowa\/projekty-unijne\/"},{"@type":"ListItem","position":4,"name":"Czas na nowe mo\u017cliwo\u015bci","item":"https:\/\/akademia-zdrowia.pl\/lodz\/oferta-szkoleniowa\/projekty-unijne\/czas-na-nowe-mozliwosci\/"},{"@type":"ListItem","position":5,"name":"Dokumenty rekrutacyjne czas na nowe mo\u017cliwo\u015bci"}]},{"@type":"WebSite","@id":"https:\/\/akademia-zdrowia.pl\/lodz\/#website","url":"https:\/\/akademia-zdrowia.pl\/lodz\/","name":"Akademia Zdrowia \u0141\u00f3d\u017a","description":"","potentialAction":[{"@type":"SearchAction","target":{"@type":"EntryPoint","urlTemplate":"https:\/\/akademia-zdrowia.pl\/lodz\/?s={search_term_string}"},"query-input":{"@type":"PropertyValueSpecification","valueRequired":true,"valueName":"search_term_string"}}],"inLanguage":"pl-PL"}]}},"_links":{"self":[{"href":"https:\/\/akademia-zdrowia.pl\/lodz\/wp-json\/wp\/v2\/pages\/6204","targetHints":{"allow":["GET"]}}],"collection":[{"href":"https:\/\/akademia-zdrowia.pl\/lodz\/wp-json\/wp\/v2\/pages"}],"about":[{"href":"https:\/\/akademia-zdrowia.pl\/lodz\/wp-json\/wp\/v2\/types\/page"}],"author":[{"embeddable":true,"href":"https:\/\/akademia-zdrowia.pl\/lodz\/wp-json\/wp\/v2\/users\/1"}],"replies":[{"embeddable":true,"href":"https:\/\/akademia-zdrowia.pl\/lodz\/wp-json\/wp\/v2\/comments?post=6204"}],"version-history":[{"count":26,"href":"https:\/\/akademia-zdrowia.pl\/lodz\/wp-json\/wp\/v2\/pages\/6204\/revisions"}],"predecessor-version":[{"id":9328,"href":"https:\/\/akademia-zdrowia.pl\/lodz\/wp-json\/wp\/v2\/pages\/6204\/revisions\/9328"}],"up":[{"embeddable":true,"href":"https:\/\/akademia-zdrowia.pl\/lodz\/wp-json\/wp\/v2\/pages\/4374"}],"wp:attachment":[{"href":"https:\/\/akademia-zdrowia.pl\/lodz\/wp-json\/wp\/v2\/media?parent=6204"}],"curies":[{"name":"wp","href":"https:\/\/api.w.org\/{rel}","templated":true}]}}