{"id":81,"date":"2018-01-02T14:48:06","date_gmt":"2018-01-02T13:48:06","guid":{"rendered":"https:\/\/akademia-zdrowia.pl\/lodz\/?page_id=81"},"modified":"2025-05-22T16:07:13","modified_gmt":"2025-05-22T14:07:13","slug":"technik-fotografii-i-multimediow","status":"publish","type":"page","link":"https:\/\/akademia-zdrowia.pl\/lodz\/szkoly-mlodziezowe-stacjonarne\/technik-fotografii-i-multimediow\/","title":{"rendered":"Technik Fotografii i Multimedi\u00f3w"},"content":{"rendered":"\t\t<div data-elementor-type=\"wp-page\" data-elementor-id=\"81\" class=\"elementor elementor-81\" data-elementor-post-type=\"page\">\n\t\t\t\t\t\t<section class=\"elementor-section elementor-top-section elementor-element elementor-element-6b644ba elementor-section-boxed elementor-section-height-default elementor-section-height-default\" data-id=\"6b644ba\" data-element_type=\"section\" data-e-type=\"section\">\n\t\t\t\t\t\t<div class=\"elementor-container elementor-column-gap-default\">\n\t\t\t\t\t<div class=\"elementor-column elementor-col-100 elementor-top-column elementor-element elementor-element-a78c9ad\" data-id=\"a78c9ad\" data-element_type=\"column\" data-e-type=\"column\">\n\t\t\t<div class=\"elementor-widget-wrap elementor-element-populated\">\n\t\t\t\t\t\t<div class=\"elementor-element elementor-element-a9f3c6c elementor-widget elementor-widget-rs-heading\" data-id=\"a9f3c6c\" data-element_type=\"widget\" data-e-type=\"widget\" data-widget_type=\"rs-heading.default\">\n\t\t\t\t<div class=\"elementor-widget-container\">\n\t\t\t\t\t        <div class=\"rs-heading default \">\r\n        \t<div class=\"title-inner\">\r\n        \t\t      \t\t\r\n\t            <span class=\"sub-text \">AKADEMIA ZDROWIA DLA M\u0141ODZIE\u017bY<\/span><h1 class=\"title\"><span class=\"watermark\"><\/span>Technik fotografii i multimedi\u00f3w<\/h1>\t        <\/div>\r\n\t                <\/div>\r\n        \t\t\t\t<\/div>\n\t\t\t\t<\/div>\n\t\t\t\t\t<\/div>\n\t\t<\/div>\n\t\t\t\t\t<\/div>\n\t\t<\/section>\n\t\t\t\t<section class=\"elementor-section elementor-top-section elementor-element elementor-element-7b1ce59 elementor-section-stretched elementor-section-boxed elementor-section-height-default elementor-section-height-default\" data-id=\"7b1ce59\" data-element_type=\"section\" data-e-type=\"section\" data-settings=\"{&quot;background_background&quot;:&quot;classic&quot;,&quot;stretch_section&quot;:&quot;section-stretched&quot;}\">\n\t\t\t\t\t\t<div class=\"elementor-container elementor-column-gap-default\">\n\t\t\t\t\t<div class=\"elementor-column elementor-col-50 elementor-top-column elementor-element elementor-element-cf26935\" data-id=\"cf26935\" data-element_type=\"column\" data-e-type=\"column\">\n\t\t\t<div class=\"elementor-widget-wrap elementor-element-populated\">\n\t\t\t\t\t\t<div class=\"elementor-element elementor-element-e4ba3aa elementor-widget elementor-widget-rs-heading\" data-id=\"e4ba3aa\" data-element_type=\"widget\" data-e-type=\"widget\" data-widget_type=\"rs-heading.default\">\n\t\t\t\t<div class=\"elementor-widget-container\">\n\t\t\t\t\t        <div class=\"rs-heading default \">\r\n        \t<div class=\"title-inner\">\r\n        \t\t      \t\t\r\n\t            <span class=\"sub-text \">ZOSTA\u0143 Z AKADEMI\u0104 ZDROWIA<\/span><h2 class=\"title\"><span class=\"watermark\"><\/span>Technikiem fotografii i multimedi\u00f3w<\/h2>\t        <\/div>\r\n\t                    \t<div class=\"description\">\r\n            \t\t<p>Technik fotografii i multimedi\u00f3w to kierunek, na kt\u00f3rym mo\u017cna realizowa\u0107 swoje marzenia, rozwija\u0107 artystyczne spojrzenie na \u015bwiat, doskonali\u0107 swoje umiej\u0119tno\u015bci multimedialne, a w przysz\u0142o\u015bci po\u0142\u0105czy\u0107 pasj\u0119 z prac\u0105 zawodow\u0105.<\/p><p>Technik fotografii i multimedi\u00f3w to zaw\u00f3d z potencja\u0142em na przysz\u0142o\u015b\u0107. Efekty pracy technika fotografii i multimedi\u00f3w mog\u0105 zosta\u0107 wykorzystane w redakcjach prasowych, agencjach reklamowych, studiach fotograficznych, przy tworzeniu reporta\u017cy prasowych, kampanii reklamowych i okoliczno\u015bciowych, przy przygotowaniu materia\u0142\u00f3w do druku, tworzeniu prac multimedialnych na potrzeby Internetu i nie tylko.\u00a0 To zaw\u00f3d, w kt\u00f3rym mo\u017cna realizowa\u0107 siebie samego, rozwija\u0107 artystyczne spojrzenie na \u015bwiat, doskonali\u0107 swoje umiej\u0119tno\u015bci multimedialne a w przysz\u0142o\u015bci po\u0142\u0105czy\u0107 pasj\u0119 z prac\u0105 zawodow\u0105.<\/p><ul><li>Czesne 0 z\u0142otych!!!<\/li><li>Nauka w szkole trwa 5 lat<\/li><li>Wymagane s\u0105 badania lekarskie Medycyny Pracy<\/li><li>Po uko\u0144czeniu nauki przyst\u0119pujesz do matury<\/li><li>W trakcie nauki przyst\u0119pujesz do egzamin\u00f3w zawodowych<\/li><li>Lokalizacja w centrum \u0141odzi i blisko\u015b\u0107 Dworca Fabrycznego to u\u0142atwienie dla doje\u017cd\u017caj\u0105cych spoza \u0141odzi.<\/li><\/ul>            \t\t\r\n            \t<\/div>\r\n        \t        <\/div>\r\n        \t\t\t\t<\/div>\n\t\t\t\t<\/div>\n\t\t\t\t\t<\/div>\n\t\t<\/div>\n\t\t\t\t<div class=\"elementor-column elementor-col-50 elementor-top-column elementor-element elementor-element-dfcd4be\" data-id=\"dfcd4be\" data-element_type=\"column\" data-e-type=\"column\">\n\t\t\t<div class=\"elementor-widget-wrap elementor-element-populated\">\n\t\t\t\t\t\t<div class=\"elementor-element elementor-element-8d21556 elementor-widget elementor-widget-image\" data-id=\"8d21556\" data-element_type=\"widget\" data-e-type=\"widget\" data-widget_type=\"image.default\">\n\t\t\t\t<div class=\"elementor-widget-container\">\n\t\t\t\t\t\t\t\t\t\t\t\t\t\t\t<img fetchpriority=\"high\" decoding=\"async\" width=\"561\" height=\"861\" src=\"https:\/\/akademia-zdrowia.pl\/lodz\/wp-content\/uploads\/2024\/10\/fotografia-i-multimedia.png\" class=\"attachment-large size-large wp-image-15061\" alt=\"\" srcset=\"https:\/\/akademia-zdrowia.pl\/lodz\/wp-content\/uploads\/2024\/10\/fotografia-i-multimedia.png 561w, https:\/\/akademia-zdrowia.pl\/lodz\/wp-content\/uploads\/2024\/10\/fotografia-i-multimedia-195x300.png 195w, https:\/\/akademia-zdrowia.pl\/lodz\/wp-content\/uploads\/2024\/10\/fotografia-i-multimedia-500x767.png 500w\" sizes=\"(max-width: 561px) 100vw, 561px\" \/>\t\t\t\t\t\t\t\t\t\t\t\t\t\t\t<\/div>\n\t\t\t\t<\/div>\n\t\t\t\t\t<\/div>\n\t\t<\/div>\n\t\t\t\t\t<\/div>\n\t\t<\/section>\n\t\t\t\t<section class=\"elementor-section elementor-top-section elementor-element elementor-element-fce2852 elementor-section-boxed elementor-section-height-default elementor-section-height-default\" data-id=\"fce2852\" data-element_type=\"section\" data-e-type=\"section\">\n\t\t\t\t\t\t<div class=\"elementor-container elementor-column-gap-default\">\n\t\t\t\t\t<div class=\"elementor-column elementor-col-100 elementor-top-column elementor-element elementor-element-f3abe3d\" data-id=\"f3abe3d\" data-element_type=\"column\" data-e-type=\"column\">\n\t\t\t<div class=\"elementor-widget-wrap elementor-element-populated\">\n\t\t\t\t\t\t<div class=\"elementor-element elementor-element-07f64a1 elementor-widget elementor-widget-rs-heading\" data-id=\"07f64a1\" data-element_type=\"widget\" data-e-type=\"widget\" data-widget_type=\"rs-heading.default\">\n\t\t\t\t<div class=\"elementor-widget-container\">\n\t\t\t\t\t        <div class=\"rs-heading default \">\r\n        \t<div class=\"title-inner\">\r\n        \t\t      \t\t\r\n\t            <span class=\"sub-text \">AKADEMIA ZDROWIA DLA M\u0141ODZIE\u017bY<\/span><h2 class=\"title\"><span class=\"watermark\"><\/span>Technik fotografii i multimedi\u00f3w - zaw\u00f3d przysz\u0142o\u015bci!<\/h2>\t        <\/div>\r\n\t                <\/div>\r\n        \t\t\t\t<\/div>\n\t\t\t\t<\/div>\n\t\t\t\t\t<\/div>\n\t\t<\/div>\n\t\t\t\t\t<\/div>\n\t\t<\/section>\n\t\t\t\t<section class=\"elementor-section elementor-top-section elementor-element elementor-element-856c4ad elementor-section-boxed elementor-section-height-default elementor-section-height-default\" data-id=\"856c4ad\" data-element_type=\"section\" data-e-type=\"section\">\n\t\t\t\t\t\t<div class=\"elementor-container elementor-column-gap-default\">\n\t\t\t\t\t<div class=\"elementor-column elementor-col-50 elementor-top-column elementor-element elementor-element-7ac9e42\" data-id=\"7ac9e42\" data-element_type=\"column\" data-e-type=\"column\">\n\t\t\t<div class=\"elementor-widget-wrap elementor-element-populated\">\n\t\t\t\t\t\t<div class=\"elementor-element elementor-element-55a9cf5 elementor-widget elementor-widget-image\" data-id=\"55a9cf5\" data-element_type=\"widget\" data-e-type=\"widget\" data-widget_type=\"image.default\">\n\t\t\t\t<div class=\"elementor-widget-container\">\n\t\t\t\t\t\t\t\t\t\t\t\t\t\t\t<img decoding=\"async\" width=\"561\" height=\"861\" src=\"https:\/\/akademia-zdrowia.pl\/lodz\/wp-content\/uploads\/2024\/10\/fotografia-i-multimedia2.png\" class=\"attachment-large size-large wp-image-15063\" alt=\"\" srcset=\"https:\/\/akademia-zdrowia.pl\/lodz\/wp-content\/uploads\/2024\/10\/fotografia-i-multimedia2.png 561w, https:\/\/akademia-zdrowia.pl\/lodz\/wp-content\/uploads\/2024\/10\/fotografia-i-multimedia2-195x300.png 195w, https:\/\/akademia-zdrowia.pl\/lodz\/wp-content\/uploads\/2024\/10\/fotografia-i-multimedia2-500x767.png 500w\" sizes=\"(max-width: 561px) 100vw, 561px\" \/>\t\t\t\t\t\t\t\t\t\t\t\t\t\t\t<\/div>\n\t\t\t\t<\/div>\n\t\t\t\t\t<\/div>\n\t\t<\/div>\n\t\t\t\t<div class=\"elementor-column elementor-col-50 elementor-top-column elementor-element elementor-element-6a1e728\" data-id=\"6a1e728\" data-element_type=\"column\" data-e-type=\"column\">\n\t\t\t<div class=\"elementor-widget-wrap elementor-element-populated\">\n\t\t\t\t\t\t<div class=\"elementor-element elementor-element-f69ebb9 elementor-widget elementor-widget-text-editor\" data-id=\"f69ebb9\" data-element_type=\"widget\" data-e-type=\"widget\" data-widget_type=\"text-editor.default\">\n\t\t\t\t<div class=\"elementor-widget-container\">\n\t\t\t\t\t\t\t\t\t<p>W trakcie trwania nauki ucze\u0144 przyst\u0119puje do dw\u00f3ch egzamin\u00f3w potwierdzaj\u0105cych kwalifikacje w zawodzie:<\/p><p><strong>K1 Rejestracja, obr\u00f3bka i publikacja obrazu<\/strong><\/p><p>Egzamin ten potwierdza wiedz\u0119 zakresie m.in pos\u0142ugiwania si\u0119 terminologi\u0105 w zakresie fotografii i grafiki komputerowej, prowadzenia kontroli proces\u00f3w obr\u00f3bki i kopiowania obraz\u00f3w pod wzgl\u0119dem technologicznym i jako\u015bciowym, przestrzegania zasad techniki \u015bwietlnej w realizacji o\u015bwietlenia planu zdj\u0119ciowego, przestrzegania zasad techniki \u015bwietlnej w realizacji o\u015bwietlenia planu zdj\u0119ciowego.<\/p><p><strong>K2 Realizacja projekt\u00f3w multimedialnych<\/strong><\/p><p>Przygotowuj\u0105c si\u0119 do tego egzaminu, przysz\u0142y technik fotografii i multimedi\u00f3w nauczy si\u0119, m.in. dobierania oprogramowania do tworzenia grafiki, animacji i efekt\u00f3w specjalnych, stosowania metod i techniki tworzenia internetowych projekt\u00f3w multimedialnych, przestrzegania zasad publikacji i aktualizacji gotowego projektu internetowego, okre\u015blania \u017ar\u00f3de\u0142 pozyskiwania materia\u0142\u00f3w cyfrowych.<\/p><p><strong>Po uko\u0144czeniu nauki na kierunku Technik fotografii i multimedi\u00f3w b\u0119dziesz m\u00f3g\u0142 z powodzeniem:<\/strong><\/p><ul><li>Przygotowywa\u0107 plan zdj\u0119ciowy<\/li><li>Wykonywa\u0107 fotografie studyjne i w plenerze<\/li><li>Obs\u0142ugiwa\u0107 programy graficzne przeznaczone do obr\u00f3bki obrazu cyfrowego<\/li><li>Edytowa\u0107 i retuszowa\u0107 zdj\u0119cia<\/li><li>Przygotowywa\u0107 fotografie i prace graficzne przeznaczone do wydruku<\/li><li>Przygotowywa\u0107 prezentacje graficzne i multimedialne<\/li><li>Wykonywa\u0107 i wdra\u017ca\u0107 internetowe projekty multimedialne<\/li><\/ul>\t\t\t\t\t\t\t\t<\/div>\n\t\t\t\t<\/div>\n\t\t\t\t\t<\/div>\n\t\t<\/div>\n\t\t\t\t\t<\/div>\n\t\t<\/section>\n\t\t\t\t<section class=\"elementor-section elementor-top-section elementor-element elementor-element-da782df elementor-section-boxed elementor-section-height-default elementor-section-height-default\" data-id=\"da782df\" data-element_type=\"section\" data-e-type=\"section\" data-settings=\"{&quot;background_background&quot;:&quot;classic&quot;}\">\n\t\t\t\t\t\t<div class=\"elementor-container elementor-column-gap-default\">\n\t\t\t\t\t<div class=\"elementor-column elementor-col-50 elementor-top-column elementor-element elementor-element-8b2d5f0\" data-id=\"8b2d5f0\" data-element_type=\"column\" data-e-type=\"column\" data-settings=\"{&quot;background_background&quot;:&quot;classic&quot;}\">\n\t\t\t<div class=\"elementor-widget-wrap elementor-element-populated\">\n\t\t\t\t\t\t<div class=\"elementor-element elementor-element-89fc9fb elementor-widget-mobile__width-initial elementor-widget elementor-widget-rs-heading\" data-id=\"89fc9fb\" data-element_type=\"widget\" data-e-type=\"widget\" data-widget_type=\"rs-heading.default\">\n\t\t\t\t<div class=\"elementor-widget-container\">\n\t\t\t\t\t        <div class=\"rs-heading default \">\r\n        \t<div class=\"title-inner\">\r\n        \t\t      \t\t\r\n\t            <span class=\"sub-text \">MASZ PYTANIA<\/span><h2 class=\"title\"><span class=\"watermark\"><\/span>Zadzwo\u0144 - odpowiemy na wszystkie Twoje pytania!<\/h2>\t        <\/div>\r\n\t                    \t<div class=\"description\">\r\n            \t\t<div class=\"flex-shrink-0 flex flex-col relative items-end\"><div class=\"pt-0\"><div class=\"gizmo-bot-avatar flex h-8 w-8 items-center justify-center overflow-hidden rounded-full\"><div class=\"relative p-1 rounded-sm flex items-center justify-center bg-token-main-surface-primary text-token-text-primary h-8 w-8\">Zadzwo\u0144 i dowiedz si\u0119 wi\u0119cej o rekrutacji do naszych szk\u00f3\u0142 m\u0142odzie\u017cowych! Nie czekaj \u2013 wszystkie informacje czekaj\u0105 na Ciebie!<\/div><\/div><\/div><\/div>            \t\t\r\n            \t<\/div>\r\n        \t        <\/div>\r\n        \t\t\t\t<\/div>\n\t\t\t\t<\/div>\n\t\t\t\t\t<\/div>\n\t\t<\/div>\n\t\t\t\t<div class=\"elementor-column elementor-col-50 elementor-top-column elementor-element elementor-element-7cff00f\" data-id=\"7cff00f\" data-element_type=\"column\" data-e-type=\"column\">\n\t\t\t<div class=\"elementor-widget-wrap elementor-element-populated\">\n\t\t\t\t\t\t<div class=\"elementor-element elementor-element-1935bcd elementor-widget elementor-widget-rs-button\" data-id=\"1935bcd\" data-element_type=\"widget\" data-e-type=\"widget\" data-widget_type=\"rs-button.default\">\n\t\t\t\t<div class=\"elementor-widget-container\">\n\t\t\t\t\t\t\r\n\t\t\r\n\t\t<div class=\"rs-view-btn\">\r\n\t\t\t\t\t\t<a class=\"rs-btn rs-btnblack rs-btn-style1\" href=\"tel:+4842\u202f255-77-00\" >\t\t\t\t\r\n\t\t\t\t<span class=\"rs_btn__text\"><span class=\"btn_text\">Zadzwo\u0144 - 42\u202f255-77-00<\/span><\/span>\r\n\t\t\t<\/a>\r\n\t\t<\/div>    \r\n\t\t\t\t\t<\/div>\n\t\t\t\t<\/div>\n\t\t\t\t<div class=\"elementor-element elementor-element-0d21103 elementor-widget elementor-widget-rs-button\" data-id=\"0d21103\" data-element_type=\"widget\" data-e-type=\"widget\" data-widget_type=\"rs-button.default\">\n\t\t\t\t<div class=\"elementor-widget-container\">\n\t\t\t\t\t\t\r\n\t\t\r\n\t\t<div class=\"rs-view-btn\">\r\n\t\t\t\t\t\t<a class=\"rs-btn rs-btnblack rs-btn-style1\" href=\"mailto:lodz@akademia-zdrowia.pl\" >\t\t\t\t\r\n\t\t\t\t<span class=\"rs_btn__text\"><span class=\"btn_text\">Napisz do nas e-mail<\/span><\/span>\r\n\t\t\t<\/a>\r\n\t\t<\/div>    \r\n\t\t\t\t\t<\/div>\n\t\t\t\t<\/div>\n\t\t\t\t\t<\/div>\n\t\t<\/div>\n\t\t\t\t\t<\/div>\n\t\t<\/section>\n\t\t\t\t<\/div>\n\t\t","protected":false},"excerpt":{"rendered":"<p>AKADEMIA ZDROWIA DLA M\u0141ODZIE\u017bY Technik fotografii i multimedi\u00f3w ZOSTA\u0143 Z AKADEMI\u0104 ZDROWIA Technikiem fotografii i multimedi\u00f3w Technik fotografii i multimedi\u00f3w to kierunek, na kt\u00f3rym mo\u017cna realizowa\u0107 swoje marzenia, rozwija\u0107 artystyczne spojrzenie na \u015bwiat, doskonali\u0107 swoje umiej\u0119tno\u015bci multimedialne, a w przysz\u0142o\u015bci po\u0142\u0105czy\u0107 pasj\u0119 z prac\u0105 zawodow\u0105. Technik fotografii i multimedi\u00f3w to zaw\u00f3d z potencja\u0142em na przysz\u0142o\u015b\u0107&#8230;.<\/p>\n","protected":false},"author":1,"featured_media":0,"parent":45,"menu_order":0,"comment_status":"closed","ping_status":"closed","template":"","meta":{"footnotes":""},"class_list":["post-81","page","type-page","status-publish","hentry"],"yoast_head":"<!-- This site is optimized with the Yoast SEO Premium plugin v18.9 (Yoast SEO v27.2) - https:\/\/yoast.com\/product\/yoast-seo-premium-wordpress\/ -->\n<title>Technik Fotografii i Multimedi\u00f3w - Akademia Zdrowia \u0141\u00f3d\u017a - Kursy zawodowe, szko\u0142y policealne, szko\u0142y dla doros\u0142ych<\/title>\n<meta name=\"description\" content=\"AKADEMIA ZDROWIA DLA M\u0141ODZIE\u017bYTechnik fotografii i multimedi\u00f3w ZOSTA\u0143 Z AKADEMI\u0104 ZDROWIATechnikiem fotografii i multimedi\u00f3w Technik fotografii i\" \/>\n<meta name=\"robots\" content=\"index, follow, max-snippet:-1, max-image-preview:large, max-video-preview:-1\" \/>\n<link rel=\"canonical\" href=\"https:\/\/akademia-zdrowia.pl\/lodz\/szkoly-mlodziezowe-stacjonarne\/technik-fotografii-i-multimediow\/\" \/>\n<meta property=\"og:locale\" content=\"pl_PL\" \/>\n<meta property=\"og:type\" content=\"article\" \/>\n<meta property=\"og:title\" content=\"Technik Fotografii i Multimedi\u00f3w\" \/>\n<meta property=\"og:description\" content=\"AKADEMIA ZDROWIA DLA M\u0141ODZIE\u017bYTechnik fotografii i multimedi\u00f3w ZOSTA\u0143 Z AKADEMI\u0104 ZDROWIATechnikiem fotografii i multimedi\u00f3w Technik fotografii i\" \/>\n<meta property=\"og:url\" content=\"https:\/\/akademia-zdrowia.pl\/lodz\/szkoly-mlodziezowe-stacjonarne\/technik-fotografii-i-multimediow\/\" \/>\n<meta property=\"og:site_name\" content=\"Akademia Zdrowia \u0141\u00f3d\u017a\" \/>\n<meta property=\"article:modified_time\" content=\"2025-05-22T14:07:13+00:00\" \/>\n<meta property=\"og:image\" content=\"https:\/\/akademia-zdrowia.pl\/lodz\/wp-content\/uploads\/2024\/10\/fotografia-i-multimedia.png\" \/>\n\t<meta property=\"og:image:width\" content=\"561\" \/>\n\t<meta property=\"og:image:height\" content=\"861\" \/>\n\t<meta property=\"og:image:type\" content=\"image\/png\" \/>\n<meta name=\"twitter:card\" content=\"summary_large_image\" \/>\n<meta name=\"twitter:label1\" content=\"Szacowany czas czytania\" \/>\n\t<meta name=\"twitter:data1\" content=\"3 minuty\" \/>\n<script type=\"application\/ld+json\" class=\"yoast-schema-graph\">{\"@context\":\"https:\/\/schema.org\",\"@graph\":[{\"@type\":\"WebPage\",\"@id\":\"https:\/\/akademia-zdrowia.pl\/lodz\/szkoly-mlodziezowe-stacjonarne\/technik-fotografii-i-multimediow\/\",\"url\":\"https:\/\/akademia-zdrowia.pl\/lodz\/szkoly-mlodziezowe-stacjonarne\/technik-fotografii-i-multimediow\/\",\"name\":\"Technik Fotografii i Multimedi\u00f3w - Akademia Zdrowia \u0141\u00f3d\u017a - Kursy zawodowe, szko\u0142y policealne, szko\u0142y dla doros\u0142ych\",\"isPartOf\":{\"@id\":\"https:\/\/akademia-zdrowia.pl\/lodz\/#website\"},\"primaryImageOfPage\":{\"@id\":\"https:\/\/akademia-zdrowia.pl\/lodz\/szkoly-mlodziezowe-stacjonarne\/technik-fotografii-i-multimediow\/#primaryimage\"},\"image\":{\"@id\":\"https:\/\/akademia-zdrowia.pl\/lodz\/szkoly-mlodziezowe-stacjonarne\/technik-fotografii-i-multimediow\/#primaryimage\"},\"thumbnailUrl\":\"https:\/\/akademia-zdrowia.pl\/lodz\/wp-content\/uploads\/2024\/10\/fotografia-i-multimedia.png\",\"datePublished\":\"2018-01-02T13:48:06+00:00\",\"dateModified\":\"2025-05-22T14:07:13+00:00\",\"description\":\"AKADEMIA ZDROWIA DLA M\u0141ODZIE\u017bYTechnik fotografii i multimedi\u00f3w ZOSTA\u0143 Z AKADEMI\u0104 ZDROWIATechnikiem fotografii i multimedi\u00f3w Technik fotografii i\",\"breadcrumb\":{\"@id\":\"https:\/\/akademia-zdrowia.pl\/lodz\/szkoly-mlodziezowe-stacjonarne\/technik-fotografii-i-multimediow\/#breadcrumb\"},\"inLanguage\":\"pl-PL\",\"potentialAction\":[{\"@type\":\"ReadAction\",\"target\":[\"https:\/\/akademia-zdrowia.pl\/lodz\/szkoly-mlodziezowe-stacjonarne\/technik-fotografii-i-multimediow\/\"]}]},{\"@type\":\"ImageObject\",\"inLanguage\":\"pl-PL\",\"@id\":\"https:\/\/akademia-zdrowia.pl\/lodz\/szkoly-mlodziezowe-stacjonarne\/technik-fotografii-i-multimediow\/#primaryimage\",\"url\":\"https:\/\/akademia-zdrowia.pl\/lodz\/wp-content\/uploads\/2024\/10\/fotografia-i-multimedia.png\",\"contentUrl\":\"https:\/\/akademia-zdrowia.pl\/lodz\/wp-content\/uploads\/2024\/10\/fotografia-i-multimedia.png\",\"width\":561,\"height\":861},{\"@type\":\"BreadcrumbList\",\"@id\":\"https:\/\/akademia-zdrowia.pl\/lodz\/szkoly-mlodziezowe-stacjonarne\/technik-fotografii-i-multimediow\/#breadcrumb\",\"itemListElement\":[{\"@type\":\"ListItem\",\"position\":1,\"name\":\"Strona g\u0142\u00f3wna\",\"item\":\"https:\/\/akademia-zdrowia.pl\/lodz\/\"},{\"@type\":\"ListItem\",\"position\":2,\"name\":\"Szko\u0142y m\u0142odzie\u017cowe stacjonarne\",\"item\":\"https:\/\/akademia-zdrowia.pl\/lodz\/szkoly-mlodziezowe-stacjonarne\/\"},{\"@type\":\"ListItem\",\"position\":3,\"name\":\"Technik Fotografii i Multimedi\u00f3w\"}]},{\"@type\":\"WebSite\",\"@id\":\"https:\/\/akademia-zdrowia.pl\/lodz\/#website\",\"url\":\"https:\/\/akademia-zdrowia.pl\/lodz\/\",\"name\":\"Akademia Zdrowia \u0141\u00f3d\u017a\",\"description\":\"\",\"potentialAction\":[{\"@type\":\"SearchAction\",\"target\":{\"@type\":\"EntryPoint\",\"urlTemplate\":\"https:\/\/akademia-zdrowia.pl\/lodz\/?s={search_term_string}\"},\"query-input\":{\"@type\":\"PropertyValueSpecification\",\"valueRequired\":true,\"valueName\":\"search_term_string\"}}],\"inLanguage\":\"pl-PL\"}]}<\/script>\n<!-- \/ Yoast SEO Premium plugin. -->","yoast_head_json":{"title":"Technik Fotografii i Multimedi\u00f3w - Akademia Zdrowia \u0141\u00f3d\u017a - Kursy zawodowe, szko\u0142y policealne, szko\u0142y dla doros\u0142ych","description":"AKADEMIA ZDROWIA DLA M\u0141ODZIE\u017bYTechnik fotografii i multimedi\u00f3w ZOSTA\u0143 Z AKADEMI\u0104 ZDROWIATechnikiem fotografii i multimedi\u00f3w Technik fotografii i","robots":{"index":"index","follow":"follow","max-snippet":"max-snippet:-1","max-image-preview":"max-image-preview:large","max-video-preview":"max-video-preview:-1"},"canonical":"https:\/\/akademia-zdrowia.pl\/lodz\/szkoly-mlodziezowe-stacjonarne\/technik-fotografii-i-multimediow\/","og_locale":"pl_PL","og_type":"article","og_title":"Technik Fotografii i Multimedi\u00f3w","og_description":"AKADEMIA ZDROWIA DLA M\u0141ODZIE\u017bYTechnik fotografii i multimedi\u00f3w ZOSTA\u0143 Z AKADEMI\u0104 ZDROWIATechnikiem fotografii i multimedi\u00f3w Technik fotografii i","og_url":"https:\/\/akademia-zdrowia.pl\/lodz\/szkoly-mlodziezowe-stacjonarne\/technik-fotografii-i-multimediow\/","og_site_name":"Akademia Zdrowia \u0141\u00f3d\u017a","article_modified_time":"2025-05-22T14:07:13+00:00","og_image":[{"width":561,"height":861,"url":"https:\/\/akademia-zdrowia.pl\/lodz\/wp-content\/uploads\/2024\/10\/fotografia-i-multimedia.png","type":"image\/png"}],"twitter_card":"summary_large_image","twitter_misc":{"Szacowany czas czytania":"3 minuty"},"schema":{"@context":"https:\/\/schema.org","@graph":[{"@type":"WebPage","@id":"https:\/\/akademia-zdrowia.pl\/lodz\/szkoly-mlodziezowe-stacjonarne\/technik-fotografii-i-multimediow\/","url":"https:\/\/akademia-zdrowia.pl\/lodz\/szkoly-mlodziezowe-stacjonarne\/technik-fotografii-i-multimediow\/","name":"Technik Fotografii i Multimedi\u00f3w - Akademia Zdrowia \u0141\u00f3d\u017a - Kursy zawodowe, szko\u0142y policealne, szko\u0142y dla doros\u0142ych","isPartOf":{"@id":"https:\/\/akademia-zdrowia.pl\/lodz\/#website"},"primaryImageOfPage":{"@id":"https:\/\/akademia-zdrowia.pl\/lodz\/szkoly-mlodziezowe-stacjonarne\/technik-fotografii-i-multimediow\/#primaryimage"},"image":{"@id":"https:\/\/akademia-zdrowia.pl\/lodz\/szkoly-mlodziezowe-stacjonarne\/technik-fotografii-i-multimediow\/#primaryimage"},"thumbnailUrl":"https:\/\/akademia-zdrowia.pl\/lodz\/wp-content\/uploads\/2024\/10\/fotografia-i-multimedia.png","datePublished":"2018-01-02T13:48:06+00:00","dateModified":"2025-05-22T14:07:13+00:00","description":"AKADEMIA ZDROWIA DLA M\u0141ODZIE\u017bYTechnik fotografii i multimedi\u00f3w ZOSTA\u0143 Z AKADEMI\u0104 ZDROWIATechnikiem fotografii i multimedi\u00f3w Technik fotografii i","breadcrumb":{"@id":"https:\/\/akademia-zdrowia.pl\/lodz\/szkoly-mlodziezowe-stacjonarne\/technik-fotografii-i-multimediow\/#breadcrumb"},"inLanguage":"pl-PL","potentialAction":[{"@type":"ReadAction","target":["https:\/\/akademia-zdrowia.pl\/lodz\/szkoly-mlodziezowe-stacjonarne\/technik-fotografii-i-multimediow\/"]}]},{"@type":"ImageObject","inLanguage":"pl-PL","@id":"https:\/\/akademia-zdrowia.pl\/lodz\/szkoly-mlodziezowe-stacjonarne\/technik-fotografii-i-multimediow\/#primaryimage","url":"https:\/\/akademia-zdrowia.pl\/lodz\/wp-content\/uploads\/2024\/10\/fotografia-i-multimedia.png","contentUrl":"https:\/\/akademia-zdrowia.pl\/lodz\/wp-content\/uploads\/2024\/10\/fotografia-i-multimedia.png","width":561,"height":861},{"@type":"BreadcrumbList","@id":"https:\/\/akademia-zdrowia.pl\/lodz\/szkoly-mlodziezowe-stacjonarne\/technik-fotografii-i-multimediow\/#breadcrumb","itemListElement":[{"@type":"ListItem","position":1,"name":"Strona g\u0142\u00f3wna","item":"https:\/\/akademia-zdrowia.pl\/lodz\/"},{"@type":"ListItem","position":2,"name":"Szko\u0142y m\u0142odzie\u017cowe stacjonarne","item":"https:\/\/akademia-zdrowia.pl\/lodz\/szkoly-mlodziezowe-stacjonarne\/"},{"@type":"ListItem","position":3,"name":"Technik Fotografii i Multimedi\u00f3w"}]},{"@type":"WebSite","@id":"https:\/\/akademia-zdrowia.pl\/lodz\/#website","url":"https:\/\/akademia-zdrowia.pl\/lodz\/","name":"Akademia Zdrowia \u0141\u00f3d\u017a","description":"","potentialAction":[{"@type":"SearchAction","target":{"@type":"EntryPoint","urlTemplate":"https:\/\/akademia-zdrowia.pl\/lodz\/?s={search_term_string}"},"query-input":{"@type":"PropertyValueSpecification","valueRequired":true,"valueName":"search_term_string"}}],"inLanguage":"pl-PL"}]}},"_links":{"self":[{"href":"https:\/\/akademia-zdrowia.pl\/lodz\/wp-json\/wp\/v2\/pages\/81","targetHints":{"allow":["GET"]}}],"collection":[{"href":"https:\/\/akademia-zdrowia.pl\/lodz\/wp-json\/wp\/v2\/pages"}],"about":[{"href":"https:\/\/akademia-zdrowia.pl\/lodz\/wp-json\/wp\/v2\/types\/page"}],"author":[{"embeddable":true,"href":"https:\/\/akademia-zdrowia.pl\/lodz\/wp-json\/wp\/v2\/users\/1"}],"replies":[{"embeddable":true,"href":"https:\/\/akademia-zdrowia.pl\/lodz\/wp-json\/wp\/v2\/comments?post=81"}],"version-history":[{"count":73,"href":"https:\/\/akademia-zdrowia.pl\/lodz\/wp-json\/wp\/v2\/pages\/81\/revisions"}],"predecessor-version":[{"id":17031,"href":"https:\/\/akademia-zdrowia.pl\/lodz\/wp-json\/wp\/v2\/pages\/81\/revisions\/17031"}],"up":[{"embeddable":true,"href":"https:\/\/akademia-zdrowia.pl\/lodz\/wp-json\/wp\/v2\/pages\/45"}],"wp:attachment":[{"href":"https:\/\/akademia-zdrowia.pl\/lodz\/wp-json\/wp\/v2\/media?parent=81"}],"curies":[{"name":"wp","href":"https:\/\/api.w.org\/{rel}","templated":true}]}}