{"id":9197,"date":"2022-03-24T14:11:06","date_gmt":"2022-03-24T13:11:06","guid":{"rendered":"https:\/\/akademia-zdrowia.pl\/lodz\/?page_id=9197"},"modified":"2022-03-24T14:44:07","modified_gmt":"2022-03-24T13:44:07","slug":"twoj-nowy-start-zapytanie-ofertowe-szkolenie-zawodowe-nr-2","status":"publish","type":"page","link":"https:\/\/akademia-zdrowia.pl\/lodz\/oferta-szkoleniowa\/projekty-unijne\/twoj-nowy-start\/twoj-nowy-start-zapytanie-ofertowe-szkolenie-zawodowe-nr-2\/","title":{"rendered":"TW\u00d3J NOWY START &#8211; ZAPYTANIE OFERTOWE SZKOLENIE ZAWODOWE NR.2"},"content":{"rendered":"\t\t<div data-elementor-type=\"wp-page\" data-elementor-id=\"9197\" class=\"elementor elementor-9197\" data-elementor-post-type=\"page\">\n\t\t\t\t\t\t<section class=\"elementor-section elementor-top-section elementor-element elementor-element-76a6e00 elementor-section-boxed elementor-section-height-default elementor-section-height-default\" data-id=\"76a6e00\" data-element_type=\"section\" data-e-type=\"section\">\n\t\t\t\t\t\t<div class=\"elementor-container elementor-column-gap-default\">\n\t\t\t\t\t<div class=\"elementor-column elementor-col-100 elementor-top-column elementor-element elementor-element-d056c76\" data-id=\"d056c76\" data-element_type=\"column\" data-e-type=\"column\">\n\t\t\t<div class=\"elementor-widget-wrap elementor-element-populated\">\n\t\t\t\t\t\t<div class=\"elementor-element elementor-element-56e431e elementor-widget elementor-widget-image\" data-id=\"56e431e\" data-element_type=\"widget\" data-e-type=\"widget\" data-widget_type=\"image.default\">\n\t\t\t\t<div class=\"elementor-widget-container\">\n\t\t\t\t\t\t\t\t\t\t\t\t\t\t\t<img decoding=\"async\" width=\"626\" height=\"71\" src=\"https:\/\/akademia-zdrowia.pl\/lodz\/wp-content\/uploads\/2020\/03\/image001.png\" class=\"attachment-large size-large wp-image-2293\" alt=\"\" srcset=\"https:\/\/akademia-zdrowia.pl\/lodz\/wp-content\/uploads\/2020\/03\/image001.png 626w, https:\/\/akademia-zdrowia.pl\/lodz\/wp-content\/uploads\/2020\/03\/image001-300x34.png 300w\" sizes=\"(max-width: 626px) 100vw, 626px\" \/>\t\t\t\t\t\t\t\t\t\t\t\t\t\t\t<\/div>\n\t\t\t\t<\/div>\n\t\t\t\t\t<\/div>\n\t\t<\/div>\n\t\t\t\t\t<\/div>\n\t\t<\/section>\n\t\t\t\t<section class=\"elementor-section elementor-top-section elementor-element elementor-element-10f6c06 elementor-section-boxed elementor-section-height-default elementor-section-height-default\" data-id=\"10f6c06\" data-element_type=\"section\" data-e-type=\"section\">\n\t\t\t\t\t\t<div class=\"elementor-container elementor-column-gap-default\">\n\t\t\t\t\t<div class=\"elementor-column elementor-col-100 elementor-top-column elementor-element elementor-element-ff9b654\" data-id=\"ff9b654\" data-element_type=\"column\" data-e-type=\"column\">\n\t\t\t<div class=\"elementor-widget-wrap elementor-element-populated\">\n\t\t\t\t\t\t<div class=\"elementor-element elementor-element-a32dee9 elementor-widget elementor-widget-text-editor\" data-id=\"a32dee9\" data-element_type=\"widget\" data-e-type=\"widget\" data-widget_type=\"text-editor.default\">\n\t\t\t\t<div class=\"elementor-widget-container\">\n\t\t\t\t\t\t\t\t\t<p><a href=\"https:\/\/akademia-zdrowia.pl\/lodz\/wp-content\/uploads\/2022\/03\/zapytanie-ofertowe-2.docx\">Zapytanie Ofertowe<\/a><\/p><p><a href=\"https:\/\/akademia-zdrowia.pl\/lodz\/wp-content\/uploads\/2022\/03\/zalacznik-nr-1-3.docx\">Za\u0142\u0105cznik Nr 1<\/a><\/p><p><a href=\"https:\/\/akademia-zdrowia.pl\/lodz\/wp-content\/uploads\/2022\/03\/zalacznik-nr-2-3.docx\">Za\u0142\u0105cznik Nr 2<\/a><\/p><p><a href=\"https:\/\/akademia-zdrowia.pl\/lodz\/wp-content\/uploads\/2022\/03\/zalacznik-nr-2a-i-2-b-2.docx\">Za\u0142\u0105cznik Nr 2a I 2 B<\/a><\/p><p><a href=\"https:\/\/akademia-zdrowia.pl\/lodz\/wp-content\/uploads\/2022\/03\/zalacznik-nr-3-3.docx\">Za\u0142\u0105cznik Nr 3<\/a><\/p><p><a href=\"https:\/\/akademia-zdrowia.pl\/lodz\/wp-content\/uploads\/2022\/03\/zalacznik-nr-4-2.docx\">Za\u0142\u0105cznik Nr 4<\/a><\/p><p><a href=\"https:\/\/akademia-zdrowia.pl\/lodz\/wp-content\/uploads\/2022\/03\/protokol-zawiadomienie-3.docx\">Protok\u00f3\u0142 Zawiadomienie<\/a><\/p>\t\t\t\t\t\t\t\t<\/div>\n\t\t\t\t<\/div>\n\t\t\t\t\t<\/div>\n\t\t<\/div>\n\t\t\t\t\t<\/div>\n\t\t<\/section>\n\t\t\t\t<\/div>\n\t\t","protected":false},"excerpt":{"rendered":"<p>Zapytanie Ofertowe Za\u0142\u0105cznik Nr 1 Za\u0142\u0105cznik Nr 2 Za\u0142\u0105cznik Nr 2a I 2 B Za\u0142\u0105cznik Nr 3 Za\u0142\u0105cznik Nr 4 Protok\u00f3\u0142 Zawiadomienie<\/p>\n","protected":false},"author":3,"featured_media":0,"parent":4095,"menu_order":0,"comment_status":"closed","ping_status":"closed","template":"","meta":{"footnotes":""},"class_list":["post-9197","page","type-page","status-publish","hentry"],"yoast_head":"<!-- This site is optimized with the Yoast SEO Premium plugin v18.9 (Yoast SEO v27.2) - https:\/\/yoast.com\/product\/yoast-seo-premium-wordpress\/ -->\n<title>TW\u00d3J NOWY START - ZAPYTANIE OFERTOWE SZKOLENIE ZAWODOWE NR.2 - Akademia Zdrowia \u0141\u00f3d\u017a - Kursy zawodowe, szko\u0142y policealne, szko\u0142y dla doros\u0142ych<\/title>\n<meta name=\"description\" content=\"Zapytanie OfertoweZa\u0142\u0105cznik Nr 1Za\u0142\u0105cznik Nr 2Za\u0142\u0105cznik Nr 2a I 2 BZa\u0142\u0105cznik Nr 3Za\u0142\u0105cznik Nr 4Protok\u00f3\u0142 Zawiadomienie\" \/>\n<meta name=\"robots\" content=\"index, follow, max-snippet:-1, max-image-preview:large, max-video-preview:-1\" \/>\n<link rel=\"canonical\" href=\"https:\/\/akademia-zdrowia.pl\/lodz\/oferta-szkoleniowa\/projekty-unijne\/twoj-nowy-start\/twoj-nowy-start-zapytanie-ofertowe-szkolenie-zawodowe-nr-2\/\" \/>\n<meta property=\"og:locale\" content=\"pl_PL\" \/>\n<meta property=\"og:type\" content=\"article\" \/>\n<meta property=\"og:title\" content=\"TW\u00d3J NOWY START - ZAPYTANIE OFERTOWE SZKOLENIE ZAWODOWE NR.2\" \/>\n<meta property=\"og:description\" content=\"Zapytanie OfertoweZa\u0142\u0105cznik Nr 1Za\u0142\u0105cznik Nr 2Za\u0142\u0105cznik Nr 2a I 2 BZa\u0142\u0105cznik Nr 3Za\u0142\u0105cznik Nr 4Protok\u00f3\u0142 Zawiadomienie\" \/>\n<meta property=\"og:url\" content=\"https:\/\/akademia-zdrowia.pl\/lodz\/oferta-szkoleniowa\/projekty-unijne\/twoj-nowy-start\/twoj-nowy-start-zapytanie-ofertowe-szkolenie-zawodowe-nr-2\/\" \/>\n<meta property=\"og:site_name\" content=\"Akademia Zdrowia \u0141\u00f3d\u017a\" \/>\n<meta property=\"article:modified_time\" content=\"2022-03-24T13:44:07+00:00\" \/>\n<meta property=\"og:image\" content=\"https:\/\/akademia-zdrowia.pl\/lodz\/wp-content\/uploads\/2020\/03\/image001.png\" \/>\n<meta name=\"twitter:card\" content=\"summary_large_image\" \/>\n<meta name=\"twitter:label1\" content=\"Szacowany czas czytania\" \/>\n\t<meta name=\"twitter:data1\" content=\"1 minuta\" \/>\n<script type=\"application\/ld+json\" class=\"yoast-schema-graph\">{\"@context\":\"https:\/\/schema.org\",\"@graph\":[{\"@type\":\"WebPage\",\"@id\":\"https:\/\/akademia-zdrowia.pl\/lodz\/oferta-szkoleniowa\/projekty-unijne\/twoj-nowy-start\/twoj-nowy-start-zapytanie-ofertowe-szkolenie-zawodowe-nr-2\/\",\"url\":\"https:\/\/akademia-zdrowia.pl\/lodz\/oferta-szkoleniowa\/projekty-unijne\/twoj-nowy-start\/twoj-nowy-start-zapytanie-ofertowe-szkolenie-zawodowe-nr-2\/\",\"name\":\"TW\u00d3J NOWY START - ZAPYTANIE OFERTOWE SZKOLENIE ZAWODOWE NR.2 - Akademia Zdrowia \u0141\u00f3d\u017a - Kursy zawodowe, szko\u0142y policealne, szko\u0142y dla doros\u0142ych\",\"isPartOf\":{\"@id\":\"https:\/\/akademia-zdrowia.pl\/lodz\/#website\"},\"primaryImageOfPage\":{\"@id\":\"https:\/\/akademia-zdrowia.pl\/lodz\/oferta-szkoleniowa\/projekty-unijne\/twoj-nowy-start\/twoj-nowy-start-zapytanie-ofertowe-szkolenie-zawodowe-nr-2\/#primaryimage\"},\"image\":{\"@id\":\"https:\/\/akademia-zdrowia.pl\/lodz\/oferta-szkoleniowa\/projekty-unijne\/twoj-nowy-start\/twoj-nowy-start-zapytanie-ofertowe-szkolenie-zawodowe-nr-2\/#primaryimage\"},\"thumbnailUrl\":\"https:\/\/akademia-zdrowia.pl\/lodz\/wp-content\/uploads\/2020\/03\/image001.png\",\"datePublished\":\"2022-03-24T13:11:06+00:00\",\"dateModified\":\"2022-03-24T13:44:07+00:00\",\"description\":\"Zapytanie OfertoweZa\u0142\u0105cznik Nr 1Za\u0142\u0105cznik Nr 2Za\u0142\u0105cznik Nr 2a I 2 BZa\u0142\u0105cznik Nr 3Za\u0142\u0105cznik Nr 4Protok\u00f3\u0142 Zawiadomienie\",\"breadcrumb\":{\"@id\":\"https:\/\/akademia-zdrowia.pl\/lodz\/oferta-szkoleniowa\/projekty-unijne\/twoj-nowy-start\/twoj-nowy-start-zapytanie-ofertowe-szkolenie-zawodowe-nr-2\/#breadcrumb\"},\"inLanguage\":\"pl-PL\",\"potentialAction\":[{\"@type\":\"ReadAction\",\"target\":[\"https:\/\/akademia-zdrowia.pl\/lodz\/oferta-szkoleniowa\/projekty-unijne\/twoj-nowy-start\/twoj-nowy-start-zapytanie-ofertowe-szkolenie-zawodowe-nr-2\/\"]}]},{\"@type\":\"ImageObject\",\"inLanguage\":\"pl-PL\",\"@id\":\"https:\/\/akademia-zdrowia.pl\/lodz\/oferta-szkoleniowa\/projekty-unijne\/twoj-nowy-start\/twoj-nowy-start-zapytanie-ofertowe-szkolenie-zawodowe-nr-2\/#primaryimage\",\"url\":\"https:\/\/akademia-zdrowia.pl\/lodz\/wp-content\/uploads\/2020\/03\/image001.png\",\"contentUrl\":\"https:\/\/akademia-zdrowia.pl\/lodz\/wp-content\/uploads\/2020\/03\/image001.png\",\"width\":626,\"height\":71},{\"@type\":\"BreadcrumbList\",\"@id\":\"https:\/\/akademia-zdrowia.pl\/lodz\/oferta-szkoleniowa\/projekty-unijne\/twoj-nowy-start\/twoj-nowy-start-zapytanie-ofertowe-szkolenie-zawodowe-nr-2\/#breadcrumb\",\"itemListElement\":[{\"@type\":\"ListItem\",\"position\":1,\"name\":\"Strona g\u0142\u00f3wna\",\"item\":\"https:\/\/akademia-zdrowia.pl\/lodz\/\"},{\"@type\":\"ListItem\",\"position\":2,\"name\":\"Oferta szkoleniowa\",\"item\":\"https:\/\/akademia-zdrowia.pl\/lodz\/oferta-szkoleniowa\/\"},{\"@type\":\"ListItem\",\"position\":3,\"name\":\"Projekty unijne\",\"item\":\"https:\/\/akademia-zdrowia.pl\/lodz\/oferta-szkoleniowa\/projekty-unijne\/\"},{\"@type\":\"ListItem\",\"position\":4,\"name\":\"Tw\u00f3j nowy start\",\"item\":\"https:\/\/akademia-zdrowia.pl\/lodz\/oferta-szkoleniowa\/projekty-unijne\/twoj-nowy-start\/\"},{\"@type\":\"ListItem\",\"position\":5,\"name\":\"TW\u00d3J NOWY START &#8211; ZAPYTANIE OFERTOWE SZKOLENIE ZAWODOWE NR.2\"}]},{\"@type\":\"WebSite\",\"@id\":\"https:\/\/akademia-zdrowia.pl\/lodz\/#website\",\"url\":\"https:\/\/akademia-zdrowia.pl\/lodz\/\",\"name\":\"Akademia Zdrowia \u0141\u00f3d\u017a\",\"description\":\"\",\"potentialAction\":[{\"@type\":\"SearchAction\",\"target\":{\"@type\":\"EntryPoint\",\"urlTemplate\":\"https:\/\/akademia-zdrowia.pl\/lodz\/?s={search_term_string}\"},\"query-input\":{\"@type\":\"PropertyValueSpecification\",\"valueRequired\":true,\"valueName\":\"search_term_string\"}}],\"inLanguage\":\"pl-PL\"}]}<\/script>\n<!-- \/ Yoast SEO Premium plugin. -->","yoast_head_json":{"title":"TW\u00d3J NOWY START - ZAPYTANIE OFERTOWE SZKOLENIE ZAWODOWE NR.2 - Akademia Zdrowia \u0141\u00f3d\u017a - Kursy zawodowe, szko\u0142y policealne, szko\u0142y dla doros\u0142ych","description":"Zapytanie OfertoweZa\u0142\u0105cznik Nr 1Za\u0142\u0105cznik Nr 2Za\u0142\u0105cznik Nr 2a I 2 BZa\u0142\u0105cznik Nr 3Za\u0142\u0105cznik Nr 4Protok\u00f3\u0142 Zawiadomienie","robots":{"index":"index","follow":"follow","max-snippet":"max-snippet:-1","max-image-preview":"max-image-preview:large","max-video-preview":"max-video-preview:-1"},"canonical":"https:\/\/akademia-zdrowia.pl\/lodz\/oferta-szkoleniowa\/projekty-unijne\/twoj-nowy-start\/twoj-nowy-start-zapytanie-ofertowe-szkolenie-zawodowe-nr-2\/","og_locale":"pl_PL","og_type":"article","og_title":"TW\u00d3J NOWY START - ZAPYTANIE OFERTOWE SZKOLENIE ZAWODOWE NR.2","og_description":"Zapytanie OfertoweZa\u0142\u0105cznik Nr 1Za\u0142\u0105cznik Nr 2Za\u0142\u0105cznik Nr 2a I 2 BZa\u0142\u0105cznik Nr 3Za\u0142\u0105cznik Nr 4Protok\u00f3\u0142 Zawiadomienie","og_url":"https:\/\/akademia-zdrowia.pl\/lodz\/oferta-szkoleniowa\/projekty-unijne\/twoj-nowy-start\/twoj-nowy-start-zapytanie-ofertowe-szkolenie-zawodowe-nr-2\/","og_site_name":"Akademia Zdrowia \u0141\u00f3d\u017a","article_modified_time":"2022-03-24T13:44:07+00:00","og_image":[{"url":"https:\/\/akademia-zdrowia.pl\/lodz\/wp-content\/uploads\/2020\/03\/image001.png","type":"","width":"","height":""}],"twitter_card":"summary_large_image","twitter_misc":{"Szacowany czas czytania":"1 minuta"},"schema":{"@context":"https:\/\/schema.org","@graph":[{"@type":"WebPage","@id":"https:\/\/akademia-zdrowia.pl\/lodz\/oferta-szkoleniowa\/projekty-unijne\/twoj-nowy-start\/twoj-nowy-start-zapytanie-ofertowe-szkolenie-zawodowe-nr-2\/","url":"https:\/\/akademia-zdrowia.pl\/lodz\/oferta-szkoleniowa\/projekty-unijne\/twoj-nowy-start\/twoj-nowy-start-zapytanie-ofertowe-szkolenie-zawodowe-nr-2\/","name":"TW\u00d3J NOWY START - ZAPYTANIE OFERTOWE SZKOLENIE ZAWODOWE NR.2 - Akademia Zdrowia \u0141\u00f3d\u017a - Kursy zawodowe, szko\u0142y policealne, szko\u0142y dla doros\u0142ych","isPartOf":{"@id":"https:\/\/akademia-zdrowia.pl\/lodz\/#website"},"primaryImageOfPage":{"@id":"https:\/\/akademia-zdrowia.pl\/lodz\/oferta-szkoleniowa\/projekty-unijne\/twoj-nowy-start\/twoj-nowy-start-zapytanie-ofertowe-szkolenie-zawodowe-nr-2\/#primaryimage"},"image":{"@id":"https:\/\/akademia-zdrowia.pl\/lodz\/oferta-szkoleniowa\/projekty-unijne\/twoj-nowy-start\/twoj-nowy-start-zapytanie-ofertowe-szkolenie-zawodowe-nr-2\/#primaryimage"},"thumbnailUrl":"https:\/\/akademia-zdrowia.pl\/lodz\/wp-content\/uploads\/2020\/03\/image001.png","datePublished":"2022-03-24T13:11:06+00:00","dateModified":"2022-03-24T13:44:07+00:00","description":"Zapytanie OfertoweZa\u0142\u0105cznik Nr 1Za\u0142\u0105cznik Nr 2Za\u0142\u0105cznik Nr 2a I 2 BZa\u0142\u0105cznik Nr 3Za\u0142\u0105cznik Nr 4Protok\u00f3\u0142 Zawiadomienie","breadcrumb":{"@id":"https:\/\/akademia-zdrowia.pl\/lodz\/oferta-szkoleniowa\/projekty-unijne\/twoj-nowy-start\/twoj-nowy-start-zapytanie-ofertowe-szkolenie-zawodowe-nr-2\/#breadcrumb"},"inLanguage":"pl-PL","potentialAction":[{"@type":"ReadAction","target":["https:\/\/akademia-zdrowia.pl\/lodz\/oferta-szkoleniowa\/projekty-unijne\/twoj-nowy-start\/twoj-nowy-start-zapytanie-ofertowe-szkolenie-zawodowe-nr-2\/"]}]},{"@type":"ImageObject","inLanguage":"pl-PL","@id":"https:\/\/akademia-zdrowia.pl\/lodz\/oferta-szkoleniowa\/projekty-unijne\/twoj-nowy-start\/twoj-nowy-start-zapytanie-ofertowe-szkolenie-zawodowe-nr-2\/#primaryimage","url":"https:\/\/akademia-zdrowia.pl\/lodz\/wp-content\/uploads\/2020\/03\/image001.png","contentUrl":"https:\/\/akademia-zdrowia.pl\/lodz\/wp-content\/uploads\/2020\/03\/image001.png","width":626,"height":71},{"@type":"BreadcrumbList","@id":"https:\/\/akademia-zdrowia.pl\/lodz\/oferta-szkoleniowa\/projekty-unijne\/twoj-nowy-start\/twoj-nowy-start-zapytanie-ofertowe-szkolenie-zawodowe-nr-2\/#breadcrumb","itemListElement":[{"@type":"ListItem","position":1,"name":"Strona g\u0142\u00f3wna","item":"https:\/\/akademia-zdrowia.pl\/lodz\/"},{"@type":"ListItem","position":2,"name":"Oferta szkoleniowa","item":"https:\/\/akademia-zdrowia.pl\/lodz\/oferta-szkoleniowa\/"},{"@type":"ListItem","position":3,"name":"Projekty unijne","item":"https:\/\/akademia-zdrowia.pl\/lodz\/oferta-szkoleniowa\/projekty-unijne\/"},{"@type":"ListItem","position":4,"name":"Tw\u00f3j nowy start","item":"https:\/\/akademia-zdrowia.pl\/lodz\/oferta-szkoleniowa\/projekty-unijne\/twoj-nowy-start\/"},{"@type":"ListItem","position":5,"name":"TW\u00d3J NOWY START &#8211; ZAPYTANIE OFERTOWE SZKOLENIE ZAWODOWE NR.2"}]},{"@type":"WebSite","@id":"https:\/\/akademia-zdrowia.pl\/lodz\/#website","url":"https:\/\/akademia-zdrowia.pl\/lodz\/","name":"Akademia Zdrowia \u0141\u00f3d\u017a","description":"","potentialAction":[{"@type":"SearchAction","target":{"@type":"EntryPoint","urlTemplate":"https:\/\/akademia-zdrowia.pl\/lodz\/?s={search_term_string}"},"query-input":{"@type":"PropertyValueSpecification","valueRequired":true,"valueName":"search_term_string"}}],"inLanguage":"pl-PL"}]}},"_links":{"self":[{"href":"https:\/\/akademia-zdrowia.pl\/lodz\/wp-json\/wp\/v2\/pages\/9197","targetHints":{"allow":["GET"]}}],"collection":[{"href":"https:\/\/akademia-zdrowia.pl\/lodz\/wp-json\/wp\/v2\/pages"}],"about":[{"href":"https:\/\/akademia-zdrowia.pl\/lodz\/wp-json\/wp\/v2\/types\/page"}],"author":[{"embeddable":true,"href":"https:\/\/akademia-zdrowia.pl\/lodz\/wp-json\/wp\/v2\/users\/3"}],"replies":[{"embeddable":true,"href":"https:\/\/akademia-zdrowia.pl\/lodz\/wp-json\/wp\/v2\/comments?post=9197"}],"version-history":[{"count":8,"href":"https:\/\/akademia-zdrowia.pl\/lodz\/wp-json\/wp\/v2\/pages\/9197\/revisions"}],"predecessor-version":[{"id":9287,"href":"https:\/\/akademia-zdrowia.pl\/lodz\/wp-json\/wp\/v2\/pages\/9197\/revisions\/9287"}],"up":[{"embeddable":true,"href":"https:\/\/akademia-zdrowia.pl\/lodz\/wp-json\/wp\/v2\/pages\/4095"}],"wp:attachment":[{"href":"https:\/\/akademia-zdrowia.pl\/lodz\/wp-json\/wp\/v2\/media?parent=9197"}],"curies":[{"name":"wp","href":"https:\/\/api.w.org\/{rel}","templated":true}]}}