{"id":1531,"date":"2019-10-15T13:30:57","date_gmt":"2019-10-15T11:30:57","guid":{"rendered":"https:\/\/akademia-zdrowia.pl\/rzeszow\/?page_id=1531"},"modified":"2021-11-25T18:18:16","modified_gmt":"2021-11-25T17:18:16","slug":"akademia-jezyka-angielskiego-na-podkarpaciu","status":"publish","type":"page","link":"https:\/\/akademia-zdrowia.pl\/rzeszow\/oferta-szkoleniowa\/projekty-unijne\/akademia-jezyka-angielskiego-na-podkarpaciu\/","title":{"rendered":"Akademia j\u0119zyka angielskiego na Podkarpaciu"},"content":{"rendered":"\t\t<div data-elementor-type=\"wp-page\" data-elementor-id=\"1531\" class=\"elementor elementor-1531\" data-elementor-post-type=\"page\">\n\t\t\t\t\t\t<section class=\"elementor-section elementor-top-section elementor-element elementor-element-7d0153c elementor-section-boxed elementor-section-height-default elementor-section-height-default\" data-id=\"7d0153c\" data-element_type=\"section\" data-e-type=\"section\">\n\t\t\t\t\t\t<div class=\"elementor-container elementor-column-gap-default\">\n\t\t\t\t\t<div class=\"elementor-column elementor-col-25 elementor-top-column elementor-element elementor-element-c28aad9\" data-id=\"c28aad9\" data-element_type=\"column\" data-e-type=\"column\">\n\t\t\t<div class=\"elementor-widget-wrap\">\n\t\t\t\t\t\t\t<\/div>\n\t\t<\/div>\n\t\t\t\t<div class=\"elementor-column elementor-col-25 elementor-top-column elementor-element elementor-element-20750f1\" data-id=\"20750f1\" data-element_type=\"column\" data-e-type=\"column\">\n\t\t\t<div class=\"elementor-widget-wrap\">\n\t\t\t\t\t\t\t<\/div>\n\t\t<\/div>\n\t\t\t\t<div class=\"elementor-column elementor-col-25 elementor-top-column elementor-element elementor-element-3b6042a\" data-id=\"3b6042a\" data-element_type=\"column\" data-e-type=\"column\">\n\t\t\t<div class=\"elementor-widget-wrap\">\n\t\t\t\t\t\t\t<\/div>\n\t\t<\/div>\n\t\t\t\t<div class=\"elementor-column elementor-col-25 elementor-top-column elementor-element elementor-element-f75a35c\" data-id=\"f75a35c\" data-element_type=\"column\" data-e-type=\"column\">\n\t\t\t<div class=\"elementor-widget-wrap\">\n\t\t\t\t\t\t\t<\/div>\n\t\t<\/div>\n\t\t\t\t\t<\/div>\n\t\t<\/section>\n\t\t\t\t<\/div>\n\t\t","protected":false},"excerpt":{"rendered":"<p>O PROJEKCIE AKADEMIA J\u0118ZYKA ANGIELSKIEGO NA PODKARPACIU ZAPYTANIA OFERTOWE\/ROZEZNANIA RYNKU AKADEMIA J\u0118ZYKA ANGIELSKIEGO NA PODKARPACIU HARMONOGRAM DZIA\u0141A\u0143 AKADEMIA J\u0118ZYKA ANGIELSKIEGO NA PODKARPACIU UCZ SI\u0118 J\u0118ZYKA ZA DARMO!<\/p>\n","protected":false},"author":1,"featured_media":1501,"parent":55,"menu_order":0,"comment_status":"closed","ping_status":"closed","template":"","meta":{"footnotes":""},"class_list":["post-1531","page","type-page","status-publish","has-post-thumbnail","hentry"],"yoast_head":"<!-- This site is optimized with the Yoast SEO plugin v26.9 - https:\/\/yoast.com\/product\/yoast-seo-wordpress\/ -->\n<title>Akademia j\u0119zyka angielskiego na Podkarpaciu - Akademia Zdrowia Rzesz\u00f3w<\/title>\n<meta name=\"robots\" content=\"index, follow, max-snippet:-1, max-image-preview:large, max-video-preview:-1\" \/>\n<link rel=\"canonical\" href=\"https:\/\/akademia-zdrowia.pl\/rzeszow\/oferta-szkoleniowa\/projekty-unijne\/akademia-jezyka-angielskiego-na-podkarpaciu\/\" \/>\n<meta property=\"og:locale\" content=\"pl_PL\" \/>\n<meta property=\"og:type\" content=\"article\" \/>\n<meta property=\"og:title\" content=\"Akademia j\u0119zyka angielskiego na Podkarpaciu - Akademia Zdrowia Rzesz\u00f3w\" \/>\n<meta property=\"og:description\" content=\"O PROJEKCIE AKADEMIA J\u0118ZYKA ANGIELSKIEGO NA PODKARPACIU ZAPYTANIA OFERTOWE\/ROZEZNANIA RYNKU AKADEMIA J\u0118ZYKA ANGIELSKIEGO NA PODKARPACIU HARMONOGRAM DZIA\u0141A\u0143 AKADEMIA J\u0118ZYKA ANGIELSKIEGO NA PODKARPACIU UCZ SI\u0118 J\u0118ZYKA ZA DARMO!\" \/>\n<meta property=\"og:url\" content=\"https:\/\/akademia-zdrowia.pl\/rzeszow\/oferta-szkoleniowa\/projekty-unijne\/akademia-jezyka-angielskiego-na-podkarpaciu\/\" \/>\n<meta property=\"og:site_name\" content=\"Akademia Zdrowia Rzesz\u00f3w\" \/>\n<meta property=\"article:modified_time\" content=\"2021-11-25T17:18:16+00:00\" \/>\n<meta property=\"og:image\" content=\"https:\/\/akademia-zdrowia.pl\/rzeszow\/wp-content\/uploads\/2019\/10\/Kopia-297x420-2.png\" \/>\n\t<meta property=\"og:image:width\" content=\"1123\" \/>\n\t<meta property=\"og:image:height\" content=\"1587\" \/>\n\t<meta property=\"og:image:type\" content=\"image\/png\" \/>\n<meta name=\"twitter:card\" content=\"summary_large_image\" \/>\n<script type=\"application\/ld+json\" class=\"yoast-schema-graph\">{\"@context\":\"https:\/\/schema.org\",\"@graph\":[{\"@type\":\"WebPage\",\"@id\":\"https:\/\/akademia-zdrowia.pl\/rzeszow\/oferta-szkoleniowa\/projekty-unijne\/akademia-jezyka-angielskiego-na-podkarpaciu\/\",\"url\":\"https:\/\/akademia-zdrowia.pl\/rzeszow\/oferta-szkoleniowa\/projekty-unijne\/akademia-jezyka-angielskiego-na-podkarpaciu\/\",\"name\":\"Akademia j\u0119zyka angielskiego na Podkarpaciu - Akademia Zdrowia Rzesz\u00f3w\",\"isPartOf\":{\"@id\":\"https:\/\/akademia-zdrowia.pl\/rzeszow\/#website\"},\"primaryImageOfPage\":{\"@id\":\"https:\/\/akademia-zdrowia.pl\/rzeszow\/oferta-szkoleniowa\/projekty-unijne\/akademia-jezyka-angielskiego-na-podkarpaciu\/#primaryimage\"},\"image\":{\"@id\":\"https:\/\/akademia-zdrowia.pl\/rzeszow\/oferta-szkoleniowa\/projekty-unijne\/akademia-jezyka-angielskiego-na-podkarpaciu\/#primaryimage\"},\"thumbnailUrl\":\"https:\/\/akademia-zdrowia.pl\/rzeszow\/wp-content\/uploads\/2019\/10\/Kopia-297x420-2.png\",\"datePublished\":\"2019-10-15T11:30:57+00:00\",\"dateModified\":\"2021-11-25T17:18:16+00:00\",\"breadcrumb\":{\"@id\":\"https:\/\/akademia-zdrowia.pl\/rzeszow\/oferta-szkoleniowa\/projekty-unijne\/akademia-jezyka-angielskiego-na-podkarpaciu\/#breadcrumb\"},\"inLanguage\":\"pl-PL\",\"potentialAction\":[{\"@type\":\"ReadAction\",\"target\":[\"https:\/\/akademia-zdrowia.pl\/rzeszow\/oferta-szkoleniowa\/projekty-unijne\/akademia-jezyka-angielskiego-na-podkarpaciu\/\"]}]},{\"@type\":\"ImageObject\",\"inLanguage\":\"pl-PL\",\"@id\":\"https:\/\/akademia-zdrowia.pl\/rzeszow\/oferta-szkoleniowa\/projekty-unijne\/akademia-jezyka-angielskiego-na-podkarpaciu\/#primaryimage\",\"url\":\"https:\/\/akademia-zdrowia.pl\/rzeszow\/wp-content\/uploads\/2019\/10\/Kopia-297x420-2.png\",\"contentUrl\":\"https:\/\/akademia-zdrowia.pl\/rzeszow\/wp-content\/uploads\/2019\/10\/Kopia-297x420-2.png\",\"width\":1123,\"height\":1587},{\"@type\":\"BreadcrumbList\",\"@id\":\"https:\/\/akademia-zdrowia.pl\/rzeszow\/oferta-szkoleniowa\/projekty-unijne\/akademia-jezyka-angielskiego-na-podkarpaciu\/#breadcrumb\",\"itemListElement\":[{\"@type\":\"ListItem\",\"position\":1,\"name\":\"Strona g\u0142\u00f3wna\",\"item\":\"https:\/\/akademia-zdrowia.pl\/rzeszow\/\"},{\"@type\":\"ListItem\",\"position\":2,\"name\":\"Oferta szkoleniowa\",\"item\":\"https:\/\/akademia-zdrowia.pl\/rzeszow\/oferta-szkoleniowa\/\"},{\"@type\":\"ListItem\",\"position\":3,\"name\":\"Projekty unijne\",\"item\":\"https:\/\/akademia-zdrowia.pl\/rzeszow\/oferta-szkoleniowa\/projekty-unijne\/\"},{\"@type\":\"ListItem\",\"position\":4,\"name\":\"Akademia j\u0119zyka angielskiego na Podkarpaciu\"}]},{\"@type\":\"WebSite\",\"@id\":\"https:\/\/akademia-zdrowia.pl\/rzeszow\/#website\",\"url\":\"https:\/\/akademia-zdrowia.pl\/rzeszow\/\",\"name\":\"Akademia Zdrowia Rzesz\u00f3w\",\"description\":\"\",\"potentialAction\":[{\"@type\":\"SearchAction\",\"target\":{\"@type\":\"EntryPoint\",\"urlTemplate\":\"https:\/\/akademia-zdrowia.pl\/rzeszow\/?s={search_term_string}\"},\"query-input\":{\"@type\":\"PropertyValueSpecification\",\"valueRequired\":true,\"valueName\":\"search_term_string\"}}],\"inLanguage\":\"pl-PL\"}]}<\/script>\n<!-- \/ Yoast SEO plugin. -->","yoast_head_json":{"title":"Akademia j\u0119zyka angielskiego na Podkarpaciu - Akademia Zdrowia Rzesz\u00f3w","robots":{"index":"index","follow":"follow","max-snippet":"max-snippet:-1","max-image-preview":"max-image-preview:large","max-video-preview":"max-video-preview:-1"},"canonical":"https:\/\/akademia-zdrowia.pl\/rzeszow\/oferta-szkoleniowa\/projekty-unijne\/akademia-jezyka-angielskiego-na-podkarpaciu\/","og_locale":"pl_PL","og_type":"article","og_title":"Akademia j\u0119zyka angielskiego na Podkarpaciu - Akademia Zdrowia Rzesz\u00f3w","og_description":"O PROJEKCIE AKADEMIA J\u0118ZYKA ANGIELSKIEGO NA PODKARPACIU ZAPYTANIA OFERTOWE\/ROZEZNANIA RYNKU AKADEMIA J\u0118ZYKA ANGIELSKIEGO NA PODKARPACIU HARMONOGRAM DZIA\u0141A\u0143 AKADEMIA J\u0118ZYKA ANGIELSKIEGO NA PODKARPACIU UCZ SI\u0118 J\u0118ZYKA ZA DARMO!","og_url":"https:\/\/akademia-zdrowia.pl\/rzeszow\/oferta-szkoleniowa\/projekty-unijne\/akademia-jezyka-angielskiego-na-podkarpaciu\/","og_site_name":"Akademia Zdrowia Rzesz\u00f3w","article_modified_time":"2021-11-25T17:18:16+00:00","og_image":[{"width":1123,"height":1587,"url":"https:\/\/akademia-zdrowia.pl\/rzeszow\/wp-content\/uploads\/2019\/10\/Kopia-297x420-2.png","type":"image\/png"}],"twitter_card":"summary_large_image","schema":{"@context":"https:\/\/schema.org","@graph":[{"@type":"WebPage","@id":"https:\/\/akademia-zdrowia.pl\/rzeszow\/oferta-szkoleniowa\/projekty-unijne\/akademia-jezyka-angielskiego-na-podkarpaciu\/","url":"https:\/\/akademia-zdrowia.pl\/rzeszow\/oferta-szkoleniowa\/projekty-unijne\/akademia-jezyka-angielskiego-na-podkarpaciu\/","name":"Akademia j\u0119zyka angielskiego na Podkarpaciu - Akademia Zdrowia Rzesz\u00f3w","isPartOf":{"@id":"https:\/\/akademia-zdrowia.pl\/rzeszow\/#website"},"primaryImageOfPage":{"@id":"https:\/\/akademia-zdrowia.pl\/rzeszow\/oferta-szkoleniowa\/projekty-unijne\/akademia-jezyka-angielskiego-na-podkarpaciu\/#primaryimage"},"image":{"@id":"https:\/\/akademia-zdrowia.pl\/rzeszow\/oferta-szkoleniowa\/projekty-unijne\/akademia-jezyka-angielskiego-na-podkarpaciu\/#primaryimage"},"thumbnailUrl":"https:\/\/akademia-zdrowia.pl\/rzeszow\/wp-content\/uploads\/2019\/10\/Kopia-297x420-2.png","datePublished":"2019-10-15T11:30:57+00:00","dateModified":"2021-11-25T17:18:16+00:00","breadcrumb":{"@id":"https:\/\/akademia-zdrowia.pl\/rzeszow\/oferta-szkoleniowa\/projekty-unijne\/akademia-jezyka-angielskiego-na-podkarpaciu\/#breadcrumb"},"inLanguage":"pl-PL","potentialAction":[{"@type":"ReadAction","target":["https:\/\/akademia-zdrowia.pl\/rzeszow\/oferta-szkoleniowa\/projekty-unijne\/akademia-jezyka-angielskiego-na-podkarpaciu\/"]}]},{"@type":"ImageObject","inLanguage":"pl-PL","@id":"https:\/\/akademia-zdrowia.pl\/rzeszow\/oferta-szkoleniowa\/projekty-unijne\/akademia-jezyka-angielskiego-na-podkarpaciu\/#primaryimage","url":"https:\/\/akademia-zdrowia.pl\/rzeszow\/wp-content\/uploads\/2019\/10\/Kopia-297x420-2.png","contentUrl":"https:\/\/akademia-zdrowia.pl\/rzeszow\/wp-content\/uploads\/2019\/10\/Kopia-297x420-2.png","width":1123,"height":1587},{"@type":"BreadcrumbList","@id":"https:\/\/akademia-zdrowia.pl\/rzeszow\/oferta-szkoleniowa\/projekty-unijne\/akademia-jezyka-angielskiego-na-podkarpaciu\/#breadcrumb","itemListElement":[{"@type":"ListItem","position":1,"name":"Strona g\u0142\u00f3wna","item":"https:\/\/akademia-zdrowia.pl\/rzeszow\/"},{"@type":"ListItem","position":2,"name":"Oferta szkoleniowa","item":"https:\/\/akademia-zdrowia.pl\/rzeszow\/oferta-szkoleniowa\/"},{"@type":"ListItem","position":3,"name":"Projekty unijne","item":"https:\/\/akademia-zdrowia.pl\/rzeszow\/oferta-szkoleniowa\/projekty-unijne\/"},{"@type":"ListItem","position":4,"name":"Akademia j\u0119zyka angielskiego na Podkarpaciu"}]},{"@type":"WebSite","@id":"https:\/\/akademia-zdrowia.pl\/rzeszow\/#website","url":"https:\/\/akademia-zdrowia.pl\/rzeszow\/","name":"Akademia Zdrowia Rzesz\u00f3w","description":"","potentialAction":[{"@type":"SearchAction","target":{"@type":"EntryPoint","urlTemplate":"https:\/\/akademia-zdrowia.pl\/rzeszow\/?s={search_term_string}"},"query-input":{"@type":"PropertyValueSpecification","valueRequired":true,"valueName":"search_term_string"}}],"inLanguage":"pl-PL"}]}},"_links":{"self":[{"href":"https:\/\/akademia-zdrowia.pl\/rzeszow\/wp-json\/wp\/v2\/pages\/1531","targetHints":{"allow":["GET"]}}],"collection":[{"href":"https:\/\/akademia-zdrowia.pl\/rzeszow\/wp-json\/wp\/v2\/pages"}],"about":[{"href":"https:\/\/akademia-zdrowia.pl\/rzeszow\/wp-json\/wp\/v2\/types\/page"}],"author":[{"embeddable":true,"href":"https:\/\/akademia-zdrowia.pl\/rzeszow\/wp-json\/wp\/v2\/users\/1"}],"replies":[{"embeddable":true,"href":"https:\/\/akademia-zdrowia.pl\/rzeszow\/wp-json\/wp\/v2\/comments?post=1531"}],"version-history":[{"count":5,"href":"https:\/\/akademia-zdrowia.pl\/rzeszow\/wp-json\/wp\/v2\/pages\/1531\/revisions"}],"predecessor-version":[{"id":2602,"href":"https:\/\/akademia-zdrowia.pl\/rzeszow\/wp-json\/wp\/v2\/pages\/1531\/revisions\/2602"}],"up":[{"embeddable":true,"href":"https:\/\/akademia-zdrowia.pl\/rzeszow\/wp-json\/wp\/v2\/pages\/55"}],"wp:featuredmedia":[{"embeddable":true,"href":"https:\/\/akademia-zdrowia.pl\/rzeszow\/wp-json\/wp\/v2\/media\/1501"}],"wp:attachment":[{"href":"https:\/\/akademia-zdrowia.pl\/rzeszow\/wp-json\/wp\/v2\/media?parent=1531"}],"curies":[{"name":"wp","href":"https:\/\/api.w.org\/{rel}","templated":true}]}}