{"id":1533,"date":"2019-10-15T13:33:11","date_gmt":"2019-10-15T11:33:11","guid":{"rendered":"https:\/\/akademia-zdrowia.pl\/rzeszow\/?page_id=1533"},"modified":"2022-02-13T20:12:46","modified_gmt":"2022-02-13T19:12:46","slug":"o-projekcie-akademia-jezyka-angielskiego-na-podkarpaciu","status":"publish","type":"page","link":"https:\/\/akademia-zdrowia.pl\/rzeszow\/oferta-szkoleniowa\/projekty-unijne\/akademia-jezyka-angielskiego-na-podkarpaciu\/o-projekcie-akademia-jezyka-angielskiego-na-podkarpaciu\/","title":{"rendered":"O projekcie Akademia j\u0119zyka angielskiego na Podkarpaciu"},"content":{"rendered":"\t\t<div data-elementor-type=\"wp-page\" data-elementor-id=\"1533\" class=\"elementor elementor-1533\" data-elementor-post-type=\"page\">\n\t\t\t\t\t\t<section class=\"elementor-section elementor-top-section elementor-element elementor-element-9617509 elementor-section-boxed elementor-section-height-default elementor-section-height-default\" data-id=\"9617509\" data-element_type=\"section\" data-e-type=\"section\">\n\t\t\t\t\t\t<div class=\"elementor-container elementor-column-gap-default\">\n\t\t\t\t\t<div class=\"elementor-column elementor-col-66 elementor-top-column elementor-element elementor-element-a7c1ddb\" data-id=\"a7c1ddb\" data-element_type=\"column\" data-e-type=\"column\">\n\t\t\t<div class=\"elementor-widget-wrap elementor-element-populated\">\n\t\t\t\t\t\t<div class=\"elementor-element elementor-element-11673595 elementor-widget elementor-widget-text-editor\" data-id=\"11673595\" data-element_type=\"widget\" data-e-type=\"widget\" data-widget_type=\"text-editor.default\">\n\t\t\t\t<div class=\"elementor-widget-container\">\n\t\t\t\t\t\t\t\t\t<p><img fetchpriority=\"high\" decoding=\"async\" class=\"aligncenter size-full wp-image-2071\" src=\"https:\/\/akademia-zdrowia.pl\/rzeszow\/wp-content\/uploads\/2019\/10\/fepr-pl-podk-ueefs.jpg\" alt=\"\" width=\"1737\" height=\"127\"><\/p>\n<p><span style=\"font-size: 20px;\"><strong>O projekcie&nbsp;<\/strong><\/span><\/p>\n<p>Projekt &#8220;<strong>Akademia&nbsp;j\u0119zyka&nbsp;angielskiego&nbsp;na&nbsp;Podkarpaciu&#8221;&nbsp;<\/strong>realizowany jest przez Akademi\u0119 Zdrowia Izabela \u0141ajs.<\/p>\n<p>Projekt realizowany&nbsp;w ramach Programu Operacyjnego Regionalny Program Operacyjny Wojew\u00f3dztwa Podkarpackiego na lata 2014-2020<\/p>\n<p>O\u015b IX. Jako\u015b\u0107 edukacji i kompetencji w regionie<\/p>\n<p>Dzia\u0142anie 9.3&nbsp;Podnoszenie&nbsp;kompetencji&nbsp;os\u00f3b&nbsp;doros\u0142ych&nbsp;w&nbsp;obszarze&nbsp;TIK&nbsp;i&nbsp;j\u0119zyk\u00f3w&nbsp;obcych<\/p>\n<p><strong>&nbsp;<\/strong><\/p>\n<p><span style=\"font-size: 20px;\"><strong>Grupa docelowa&nbsp;<\/strong><\/span><\/p>\n<p>Grup\u0119 docelow\u0105 projektu stanowi 300 (180K\/120 M) os\u00f3b doros\u0142ych &nbsp;w wieku 25 lat i wi\u0119cej, kt\u00f3re&nbsp;ucz\u0105&nbsp;si\u0119, pracuj\u0105 oraz &nbsp;posiadaj\u0105cych miejsce zamieszkania na obszarze <strong><u>wojew\u00f3dztwa podkarpackiego<\/u><\/strong> w rozumieniu przepis\u00f3w Kodeksu Cywilnego.<\/p>\n<p><span style=\"font-size: 20px;\"><strong>Cel projektu<\/strong><\/span><\/p>\n<p>Celem projektu jest nabycie umiej\u0119tno\u015bci pos\u0142ugiwania si\u0119 j\u0119zykiem angielskim na poziomie A1,A2 lub B1 zgodnie z ESOKJprzez miimum.80% spo\u015br\u00f3d 300(180K\/120M) os\u00f3b doros\u0142ych w wieku 25 lat i wi\u0119cej wykazuj\u0105cych najwi\u0119ksz\u0105 luk\u0119 kompetencyjn\u0105 w zakresie j\u0119zyk\u00f3w obcych oraz posiadaj\u0105cych najwi\u0119ksze potrzeby w dost\u0119pie do&nbsp; edukacji, w szczeg\u00f3lno\u015bci osoby o niskich kwalifikacjach i osoby w wieku 50 lat i wi\u0119cej, kt\u00f3re ucz\u0105 si\u0119, pracuj\u0105 lub zamieszkuj\u0105 na obszarze woj. podkarpackiego z w\u0142asnej inicjatywy zainteresowane nabyciem kwalifikacji j\u0119zykowych poprzez uczestnictwo w kursach z zakr.j\u0119z. ang.zako\u0144czonych egz. zew. TOEIC Bridge zg. z ESOKJ przyczyniaj\u0105cych si\u0119 do poprawy syt. zaw. na rynku pracy<br><\/p>\n<p><span style=\"font-size: 20px;\"><strong>Rekrutacja<\/strong><\/span><\/p>\n<p>Rekrutacja prowadzona jest w spos\u00f3b ci\u0105g\u0142y od dnia 01.09.2019 r.<\/p>\n<p><strong>Okres realizacji projektu<\/strong>: 01.09.2019 do 30.06.2021<\/p>\n<p>Do pobrania:<\/p>\n<p><a href=\"https:\/\/akademia-zdrowia.pl\/rzeszow\/wp-content\/uploads\/2019\/10\/Formularz-zgloszeniowy.docx\">Formularz zg\u0142oszeniowy<\/a><\/p>\n<p><a href=\"https:\/\/akademia-zdrowia.pl\/rzeszow\/wp-content\/uploads\/2019\/10\/O\u015bwiadczenie-o-spelnieniu-kryteri\u00f3w-formalnych.docx\">O\u015bwiadczenie o spe\u0142nieniu kryteri\u00f3w formalnych<\/a><\/p>\n<p><a href=\"https:\/\/akademia-zdrowia.pl\/rzeszow\/wp-content\/uploads\/2019\/10\/Oswiadczenie_os-pracujaca.doc\">O\u015bwiadczenie_os pracuj\u0105ca<\/a><\/p>\n<p><a href=\"https:\/\/akademia-zdrowia.pl\/rzeszow\/wp-content\/uploads\/2019\/10\/Regulamin-rekrutacji-i-uczestnictwa.pdf\">Regulamin rekrutacji i uczestnictwa<\/a><\/p>\n<p><span style=\"font-size: 20px;\"><strong>Biuro projektu:<\/strong><\/span><\/p>\n<p>ul. Jagiello\u0144ska 5,<\/p>\n<p>35-025 Rzesz\u00f3w<\/p>\n<p>e-mail:&nbsp;<a href=\"https:\/\/poczta.wp.pl\/k\/\">rzeszow@akademia-zdrowia.pl<\/a><\/p>\n<p>Czynne w godz. 8.00-16.00<\/p>\n<p>Warto\u015b\u0107 projektu:&nbsp;782&nbsp;891,70 z\u0142<\/p>\n<p>Wk\u0142ad UE:&nbsp;743&nbsp;747,11 z\u0142<\/p>\n<p>Wk\u0142ad w\u0142asny:&nbsp;39&nbsp;144,59 z\u0142<\/p>\t\t\t\t\t\t\t\t<\/div>\n\t\t\t\t<\/div>\n\t\t\t\t\t<\/div>\n\t\t<\/div>\n\t\t\t\t<div class=\"elementor-column elementor-col-33 elementor-top-column elementor-element elementor-element-130e99b\" data-id=\"130e99b\" data-element_type=\"column\" data-e-type=\"column\">\n\t\t\t<div class=\"elementor-widget-wrap elementor-element-populated\">\n\t\t\t\t\t\t<div class=\"elementor-element elementor-element-e731353 elementor-widget elementor-widget-rs-image\" data-id=\"e731353\" data-element_type=\"widget\" data-e-type=\"widget\" data-widget_type=\"rs-image.default\">\n\t\t\t\t<div class=\"elementor-widget-container\">\n\t\t\t\t\t\n        <div class=\"rs-image \">\n                            <img decoding=\"async\" class=\"rs-multi-image \" src=\"https:\/\/akademia-zdrowia.pl\/rzeszow\/wp-content\/uploads\/2021\/10\/rzeszow.png\" alt=\"image\"\/>\n                    <\/div>\n\n              \n    \t\t\t\t<\/div>\n\t\t\t\t<\/div>\n\t\t\t\t<div class=\"elementor-element elementor-element-77086b0 elementor-widget elementor-widget-text-editor\" data-id=\"77086b0\" data-element_type=\"widget\" data-e-type=\"widget\" data-widget_type=\"text-editor.default\">\n\t\t\t\t<div class=\"elementor-widget-container\">\n\t\t\t\t\t\t\t\t\t<div><p style=\"text-align: center;\"><img decoding=\"async\" style=\"color: var( --e-global-color-text ); font-family: var( --e-global-typography-text-font-family ), Sans-serif; font-weight: var( --e-global-typography-text-font-weight );\" src=\"https:\/\/akademia2.grafpro.us\/lodz\/wp-content\/themes\/akademia-podstrona\/img\/phone-ico_red.png\" alt=\"marker\" \/><span style=\"color: var( --e-global-color-text ); font-family: var( --e-global-typography-text-font-family ), Sans-serif; font-weight: var( --e-global-typography-text-font-weight );\">\u00a0\u00a0<\/span><span style=\"color: var( --e-global-color-text ); font-family: var( --e-global-typography-text-font-family ), Sans-serif; font-weight: var( --e-global-typography-text-font-weight );\">tel.\u00a0<\/span><a style=\"font-family: var( --e-global-typography-text-font-family ), Sans-serif; font-weight: var( --e-global-typography-text-font-weight ); background-color: #ffffff;\" href=\"tel:662 518 410\">662 518 410<\/a><br \/><i><\/i>\u00a0\u00a0<a style=\"font-family: var( --e-global-typography-text-font-family ), Sans-serif; font-weight: var( --e-global-typography-text-font-weight ); background-color: #ffffff;\" href=\"mailto:rzeszow@akademia-zdrowia.pl\">rzeszow@akademia-zdrowia.pl<\/a><\/p><\/div><div><p style=\"text-align: center;\"><span style=\"color: #000080; font-family: var( --e-global-typography-text-font-family ), Sans-serif;\"><b>Zarezerwuj miejsce ju\u017c dzi\u015b!<\/b><\/span><\/p><\/div>\t\t\t\t\t\t\t\t<\/div>\n\t\t\t\t<\/div>\n\t\t\t\t\t<\/div>\n\t\t<\/div>\n\t\t\t\t\t<\/div>\n\t\t<\/section>\n\t\t\t\t<\/div>\n\t\t","protected":false},"excerpt":{"rendered":"<p>O projekcie&nbsp; Projekt &#8220;Akademia&nbsp;j\u0119zyka&nbsp;angielskiego&nbsp;na&nbsp;Podkarpaciu&#8221;&nbsp;realizowany jest przez Akademi\u0119 Zdrowia Izabela \u0141ajs. Projekt realizowany&nbsp;w ramach Programu Operacyjnego Regionalny Program Operacyjny Wojew\u00f3dztwa Podkarpackiego na lata 2014-2020 O\u015b IX. Jako\u015b\u0107 edukacji i kompetencji w regionie Dzia\u0142anie 9.3&nbsp;Podnoszenie&nbsp;kompetencji&nbsp;os\u00f3b&nbsp;doros\u0142ych&nbsp;w&nbsp;obszarze&nbsp;TIK&nbsp;i&nbsp;j\u0119zyk\u00f3w&nbsp;obcych &nbsp; Grupa docelowa&nbsp; Grup\u0119 docelow\u0105 projektu stanowi 300 (180K\/120 M) os\u00f3b doros\u0142ych &nbsp;w wieku 25 lat i wi\u0119cej, kt\u00f3re&nbsp;ucz\u0105&nbsp;si\u0119, pracuj\u0105 oraz &nbsp;posiadaj\u0105cych&#8230;<\/p>\n","protected":false},"author":1,"featured_media":0,"parent":1531,"menu_order":0,"comment_status":"closed","ping_status":"closed","template":"","meta":{"footnotes":""},"class_list":["post-1533","page","type-page","status-publish","hentry"],"yoast_head":"<!-- This site is optimized with the Yoast SEO plugin v26.9 - https:\/\/yoast.com\/product\/yoast-seo-wordpress\/ -->\n<title>O projekcie Akademia j\u0119zyka angielskiego na Podkarpaciu - Akademia Zdrowia Rzesz\u00f3w<\/title>\n<meta name=\"robots\" content=\"index, follow, max-snippet:-1, max-image-preview:large, max-video-preview:-1\" \/>\n<link rel=\"canonical\" href=\"https:\/\/akademia-zdrowia.pl\/rzeszow\/oferta-szkoleniowa\/projekty-unijne\/akademia-jezyka-angielskiego-na-podkarpaciu\/o-projekcie-akademia-jezyka-angielskiego-na-podkarpaciu\/\" \/>\n<meta property=\"og:locale\" content=\"pl_PL\" \/>\n<meta property=\"og:type\" content=\"article\" \/>\n<meta property=\"og:title\" content=\"O projekcie Akademia j\u0119zyka angielskiego na Podkarpaciu - Akademia Zdrowia Rzesz\u00f3w\" \/>\n<meta property=\"og:description\" content=\"O projekcie&nbsp; Projekt &#8220;Akademia&nbsp;j\u0119zyka&nbsp;angielskiego&nbsp;na&nbsp;Podkarpaciu&#8221;&nbsp;realizowany jest przez Akademi\u0119 Zdrowia Izabela \u0141ajs. Projekt realizowany&nbsp;w ramach Programu Operacyjnego Regionalny Program Operacyjny Wojew\u00f3dztwa Podkarpackiego na lata 2014-2020 O\u015b IX. Jako\u015b\u0107 edukacji i kompetencji w regionie Dzia\u0142anie 9.3&nbsp;Podnoszenie&nbsp;kompetencji&nbsp;os\u00f3b&nbsp;doros\u0142ych&nbsp;w&nbsp;obszarze&nbsp;TIK&nbsp;i&nbsp;j\u0119zyk\u00f3w&nbsp;obcych &nbsp; Grupa docelowa&nbsp; Grup\u0119 docelow\u0105 projektu stanowi 300 (180K\/120 M) os\u00f3b doros\u0142ych &nbsp;w wieku 25 lat i wi\u0119cej, kt\u00f3re&nbsp;ucz\u0105&nbsp;si\u0119, pracuj\u0105 oraz &nbsp;posiadaj\u0105cych...\" \/>\n<meta property=\"og:url\" content=\"https:\/\/akademia-zdrowia.pl\/rzeszow\/oferta-szkoleniowa\/projekty-unijne\/akademia-jezyka-angielskiego-na-podkarpaciu\/o-projekcie-akademia-jezyka-angielskiego-na-podkarpaciu\/\" \/>\n<meta property=\"og:site_name\" content=\"Akademia Zdrowia Rzesz\u00f3w\" \/>\n<meta property=\"article:modified_time\" content=\"2022-02-13T19:12:46+00:00\" \/>\n<meta property=\"og:image\" content=\"https:\/\/akademia-zdrowia.pl\/rzeszow\/wp-content\/uploads\/2019\/10\/fepr-pl-podk-ueefs.jpg\" \/>\n<meta name=\"twitter:card\" content=\"summary_large_image\" \/>\n<meta name=\"twitter:label1\" content=\"Szacowany czas czytania\" \/>\n\t<meta name=\"twitter:data1\" content=\"2 minuty\" \/>\n<script type=\"application\/ld+json\" class=\"yoast-schema-graph\">{\"@context\":\"https:\/\/schema.org\",\"@graph\":[{\"@type\":\"WebPage\",\"@id\":\"https:\/\/akademia-zdrowia.pl\/rzeszow\/oferta-szkoleniowa\/projekty-unijne\/akademia-jezyka-angielskiego-na-podkarpaciu\/o-projekcie-akademia-jezyka-angielskiego-na-podkarpaciu\/\",\"url\":\"https:\/\/akademia-zdrowia.pl\/rzeszow\/oferta-szkoleniowa\/projekty-unijne\/akademia-jezyka-angielskiego-na-podkarpaciu\/o-projekcie-akademia-jezyka-angielskiego-na-podkarpaciu\/\",\"name\":\"O projekcie Akademia j\u0119zyka angielskiego na Podkarpaciu - Akademia Zdrowia Rzesz\u00f3w\",\"isPartOf\":{\"@id\":\"https:\/\/akademia-zdrowia.pl\/rzeszow\/#website\"},\"primaryImageOfPage\":{\"@id\":\"https:\/\/akademia-zdrowia.pl\/rzeszow\/oferta-szkoleniowa\/projekty-unijne\/akademia-jezyka-angielskiego-na-podkarpaciu\/o-projekcie-akademia-jezyka-angielskiego-na-podkarpaciu\/#primaryimage\"},\"image\":{\"@id\":\"https:\/\/akademia-zdrowia.pl\/rzeszow\/oferta-szkoleniowa\/projekty-unijne\/akademia-jezyka-angielskiego-na-podkarpaciu\/o-projekcie-akademia-jezyka-angielskiego-na-podkarpaciu\/#primaryimage\"},\"thumbnailUrl\":\"https:\/\/akademia-zdrowia.pl\/rzeszow\/wp-content\/uploads\/2019\/10\/fepr-pl-podk-ueefs.jpg\",\"datePublished\":\"2019-10-15T11:33:11+00:00\",\"dateModified\":\"2022-02-13T19:12:46+00:00\",\"breadcrumb\":{\"@id\":\"https:\/\/akademia-zdrowia.pl\/rzeszow\/oferta-szkoleniowa\/projekty-unijne\/akademia-jezyka-angielskiego-na-podkarpaciu\/o-projekcie-akademia-jezyka-angielskiego-na-podkarpaciu\/#breadcrumb\"},\"inLanguage\":\"pl-PL\",\"potentialAction\":[{\"@type\":\"ReadAction\",\"target\":[\"https:\/\/akademia-zdrowia.pl\/rzeszow\/oferta-szkoleniowa\/projekty-unijne\/akademia-jezyka-angielskiego-na-podkarpaciu\/o-projekcie-akademia-jezyka-angielskiego-na-podkarpaciu\/\"]}]},{\"@type\":\"ImageObject\",\"inLanguage\":\"pl-PL\",\"@id\":\"https:\/\/akademia-zdrowia.pl\/rzeszow\/oferta-szkoleniowa\/projekty-unijne\/akademia-jezyka-angielskiego-na-podkarpaciu\/o-projekcie-akademia-jezyka-angielskiego-na-podkarpaciu\/#primaryimage\",\"url\":\"https:\/\/akademia-zdrowia.pl\/rzeszow\/wp-content\/uploads\/2019\/10\/fepr-pl-podk-ueefs.jpg\",\"contentUrl\":\"https:\/\/akademia-zdrowia.pl\/rzeszow\/wp-content\/uploads\/2019\/10\/fepr-pl-podk-ueefs.jpg\"},{\"@type\":\"BreadcrumbList\",\"@id\":\"https:\/\/akademia-zdrowia.pl\/rzeszow\/oferta-szkoleniowa\/projekty-unijne\/akademia-jezyka-angielskiego-na-podkarpaciu\/o-projekcie-akademia-jezyka-angielskiego-na-podkarpaciu\/#breadcrumb\",\"itemListElement\":[{\"@type\":\"ListItem\",\"position\":1,\"name\":\"Strona g\u0142\u00f3wna\",\"item\":\"https:\/\/akademia-zdrowia.pl\/rzeszow\/\"},{\"@type\":\"ListItem\",\"position\":2,\"name\":\"Oferta szkoleniowa\",\"item\":\"https:\/\/akademia-zdrowia.pl\/rzeszow\/oferta-szkoleniowa\/\"},{\"@type\":\"ListItem\",\"position\":3,\"name\":\"Projekty unijne\",\"item\":\"https:\/\/akademia-zdrowia.pl\/rzeszow\/oferta-szkoleniowa\/projekty-unijne\/\"},{\"@type\":\"ListItem\",\"position\":4,\"name\":\"Akademia j\u0119zyka angielskiego na Podkarpaciu\",\"item\":\"https:\/\/akademia-zdrowia.pl\/rzeszow\/oferta-szkoleniowa\/projekty-unijne\/akademia-jezyka-angielskiego-na-podkarpaciu\/\"},{\"@type\":\"ListItem\",\"position\":5,\"name\":\"O projekcie Akademia j\u0119zyka angielskiego na Podkarpaciu\"}]},{\"@type\":\"WebSite\",\"@id\":\"https:\/\/akademia-zdrowia.pl\/rzeszow\/#website\",\"url\":\"https:\/\/akademia-zdrowia.pl\/rzeszow\/\",\"name\":\"Akademia Zdrowia Rzesz\u00f3w\",\"description\":\"\",\"potentialAction\":[{\"@type\":\"SearchAction\",\"target\":{\"@type\":\"EntryPoint\",\"urlTemplate\":\"https:\/\/akademia-zdrowia.pl\/rzeszow\/?s={search_term_string}\"},\"query-input\":{\"@type\":\"PropertyValueSpecification\",\"valueRequired\":true,\"valueName\":\"search_term_string\"}}],\"inLanguage\":\"pl-PL\"}]}<\/script>\n<!-- \/ Yoast SEO plugin. -->","yoast_head_json":{"title":"O projekcie Akademia j\u0119zyka angielskiego na Podkarpaciu - Akademia Zdrowia Rzesz\u00f3w","robots":{"index":"index","follow":"follow","max-snippet":"max-snippet:-1","max-image-preview":"max-image-preview:large","max-video-preview":"max-video-preview:-1"},"canonical":"https:\/\/akademia-zdrowia.pl\/rzeszow\/oferta-szkoleniowa\/projekty-unijne\/akademia-jezyka-angielskiego-na-podkarpaciu\/o-projekcie-akademia-jezyka-angielskiego-na-podkarpaciu\/","og_locale":"pl_PL","og_type":"article","og_title":"O projekcie Akademia j\u0119zyka angielskiego na Podkarpaciu - Akademia Zdrowia Rzesz\u00f3w","og_description":"O projekcie&nbsp; Projekt &#8220;Akademia&nbsp;j\u0119zyka&nbsp;angielskiego&nbsp;na&nbsp;Podkarpaciu&#8221;&nbsp;realizowany jest przez Akademi\u0119 Zdrowia Izabela \u0141ajs. Projekt realizowany&nbsp;w ramach Programu Operacyjnego Regionalny Program Operacyjny Wojew\u00f3dztwa Podkarpackiego na lata 2014-2020 O\u015b IX. Jako\u015b\u0107 edukacji i kompetencji w regionie Dzia\u0142anie 9.3&nbsp;Podnoszenie&nbsp;kompetencji&nbsp;os\u00f3b&nbsp;doros\u0142ych&nbsp;w&nbsp;obszarze&nbsp;TIK&nbsp;i&nbsp;j\u0119zyk\u00f3w&nbsp;obcych &nbsp; Grupa docelowa&nbsp; Grup\u0119 docelow\u0105 projektu stanowi 300 (180K\/120 M) os\u00f3b doros\u0142ych &nbsp;w wieku 25 lat i wi\u0119cej, kt\u00f3re&nbsp;ucz\u0105&nbsp;si\u0119, pracuj\u0105 oraz &nbsp;posiadaj\u0105cych...","og_url":"https:\/\/akademia-zdrowia.pl\/rzeszow\/oferta-szkoleniowa\/projekty-unijne\/akademia-jezyka-angielskiego-na-podkarpaciu\/o-projekcie-akademia-jezyka-angielskiego-na-podkarpaciu\/","og_site_name":"Akademia Zdrowia Rzesz\u00f3w","article_modified_time":"2022-02-13T19:12:46+00:00","og_image":[{"url":"https:\/\/akademia-zdrowia.pl\/rzeszow\/wp-content\/uploads\/2019\/10\/fepr-pl-podk-ueefs.jpg","type":"","width":"","height":""}],"twitter_card":"summary_large_image","twitter_misc":{"Szacowany czas czytania":"2 minuty"},"schema":{"@context":"https:\/\/schema.org","@graph":[{"@type":"WebPage","@id":"https:\/\/akademia-zdrowia.pl\/rzeszow\/oferta-szkoleniowa\/projekty-unijne\/akademia-jezyka-angielskiego-na-podkarpaciu\/o-projekcie-akademia-jezyka-angielskiego-na-podkarpaciu\/","url":"https:\/\/akademia-zdrowia.pl\/rzeszow\/oferta-szkoleniowa\/projekty-unijne\/akademia-jezyka-angielskiego-na-podkarpaciu\/o-projekcie-akademia-jezyka-angielskiego-na-podkarpaciu\/","name":"O projekcie Akademia j\u0119zyka angielskiego na Podkarpaciu - Akademia Zdrowia Rzesz\u00f3w","isPartOf":{"@id":"https:\/\/akademia-zdrowia.pl\/rzeszow\/#website"},"primaryImageOfPage":{"@id":"https:\/\/akademia-zdrowia.pl\/rzeszow\/oferta-szkoleniowa\/projekty-unijne\/akademia-jezyka-angielskiego-na-podkarpaciu\/o-projekcie-akademia-jezyka-angielskiego-na-podkarpaciu\/#primaryimage"},"image":{"@id":"https:\/\/akademia-zdrowia.pl\/rzeszow\/oferta-szkoleniowa\/projekty-unijne\/akademia-jezyka-angielskiego-na-podkarpaciu\/o-projekcie-akademia-jezyka-angielskiego-na-podkarpaciu\/#primaryimage"},"thumbnailUrl":"https:\/\/akademia-zdrowia.pl\/rzeszow\/wp-content\/uploads\/2019\/10\/fepr-pl-podk-ueefs.jpg","datePublished":"2019-10-15T11:33:11+00:00","dateModified":"2022-02-13T19:12:46+00:00","breadcrumb":{"@id":"https:\/\/akademia-zdrowia.pl\/rzeszow\/oferta-szkoleniowa\/projekty-unijne\/akademia-jezyka-angielskiego-na-podkarpaciu\/o-projekcie-akademia-jezyka-angielskiego-na-podkarpaciu\/#breadcrumb"},"inLanguage":"pl-PL","potentialAction":[{"@type":"ReadAction","target":["https:\/\/akademia-zdrowia.pl\/rzeszow\/oferta-szkoleniowa\/projekty-unijne\/akademia-jezyka-angielskiego-na-podkarpaciu\/o-projekcie-akademia-jezyka-angielskiego-na-podkarpaciu\/"]}]},{"@type":"ImageObject","inLanguage":"pl-PL","@id":"https:\/\/akademia-zdrowia.pl\/rzeszow\/oferta-szkoleniowa\/projekty-unijne\/akademia-jezyka-angielskiego-na-podkarpaciu\/o-projekcie-akademia-jezyka-angielskiego-na-podkarpaciu\/#primaryimage","url":"https:\/\/akademia-zdrowia.pl\/rzeszow\/wp-content\/uploads\/2019\/10\/fepr-pl-podk-ueefs.jpg","contentUrl":"https:\/\/akademia-zdrowia.pl\/rzeszow\/wp-content\/uploads\/2019\/10\/fepr-pl-podk-ueefs.jpg"},{"@type":"BreadcrumbList","@id":"https:\/\/akademia-zdrowia.pl\/rzeszow\/oferta-szkoleniowa\/projekty-unijne\/akademia-jezyka-angielskiego-na-podkarpaciu\/o-projekcie-akademia-jezyka-angielskiego-na-podkarpaciu\/#breadcrumb","itemListElement":[{"@type":"ListItem","position":1,"name":"Strona g\u0142\u00f3wna","item":"https:\/\/akademia-zdrowia.pl\/rzeszow\/"},{"@type":"ListItem","position":2,"name":"Oferta szkoleniowa","item":"https:\/\/akademia-zdrowia.pl\/rzeszow\/oferta-szkoleniowa\/"},{"@type":"ListItem","position":3,"name":"Projekty unijne","item":"https:\/\/akademia-zdrowia.pl\/rzeszow\/oferta-szkoleniowa\/projekty-unijne\/"},{"@type":"ListItem","position":4,"name":"Akademia j\u0119zyka angielskiego na Podkarpaciu","item":"https:\/\/akademia-zdrowia.pl\/rzeszow\/oferta-szkoleniowa\/projekty-unijne\/akademia-jezyka-angielskiego-na-podkarpaciu\/"},{"@type":"ListItem","position":5,"name":"O projekcie Akademia j\u0119zyka angielskiego na Podkarpaciu"}]},{"@type":"WebSite","@id":"https:\/\/akademia-zdrowia.pl\/rzeszow\/#website","url":"https:\/\/akademia-zdrowia.pl\/rzeszow\/","name":"Akademia Zdrowia Rzesz\u00f3w","description":"","potentialAction":[{"@type":"SearchAction","target":{"@type":"EntryPoint","urlTemplate":"https:\/\/akademia-zdrowia.pl\/rzeszow\/?s={search_term_string}"},"query-input":{"@type":"PropertyValueSpecification","valueRequired":true,"valueName":"search_term_string"}}],"inLanguage":"pl-PL"}]}},"_links":{"self":[{"href":"https:\/\/akademia-zdrowia.pl\/rzeszow\/wp-json\/wp\/v2\/pages\/1533","targetHints":{"allow":["GET"]}}],"collection":[{"href":"https:\/\/akademia-zdrowia.pl\/rzeszow\/wp-json\/wp\/v2\/pages"}],"about":[{"href":"https:\/\/akademia-zdrowia.pl\/rzeszow\/wp-json\/wp\/v2\/types\/page"}],"author":[{"embeddable":true,"href":"https:\/\/akademia-zdrowia.pl\/rzeszow\/wp-json\/wp\/v2\/users\/1"}],"replies":[{"embeddable":true,"href":"https:\/\/akademia-zdrowia.pl\/rzeszow\/wp-json\/wp\/v2\/comments?post=1533"}],"version-history":[{"count":18,"href":"https:\/\/akademia-zdrowia.pl\/rzeszow\/wp-json\/wp\/v2\/pages\/1533\/revisions"}],"predecessor-version":[{"id":2935,"href":"https:\/\/akademia-zdrowia.pl\/rzeszow\/wp-json\/wp\/v2\/pages\/1533\/revisions\/2935"}],"up":[{"embeddable":true,"href":"https:\/\/akademia-zdrowia.pl\/rzeszow\/wp-json\/wp\/v2\/pages\/1531"}],"wp:attachment":[{"href":"https:\/\/akademia-zdrowia.pl\/rzeszow\/wp-json\/wp\/v2\/media?parent=1533"}],"curies":[{"name":"wp","href":"https:\/\/api.w.org\/{rel}","templated":true}]}}