{"id":1558,"date":"2019-12-05T14:19:49","date_gmt":"2019-12-05T13:19:49","guid":{"rendered":"https:\/\/akademia-zdrowia.pl\/rzeszow\/?page_id=1558"},"modified":"2022-02-13T20:19:49","modified_gmt":"2022-02-13T19:19:49","slug":"harmonogram-dzialan-akademia-jezyka-angielskiego-na-podkarpaciu","status":"publish","type":"page","link":"https:\/\/akademia-zdrowia.pl\/rzeszow\/harmonogram-dzialan-akademia-jezyka-angielskiego-na-podkarpaciu\/","title":{"rendered":"Harmonogram dzia\u0142a\u0144 Akademia j\u0119zyka angielskiego na Podkarpaciu"},"content":{"rendered":"\t\t<div data-elementor-type=\"wp-page\" data-elementor-id=\"1558\" class=\"elementor elementor-1558\" data-elementor-post-type=\"page\">\n\t\t\t\t\t\t<section class=\"elementor-section elementor-top-section elementor-element elementor-element-2fba0ba elementor-section-boxed elementor-section-height-default elementor-section-height-default\" data-id=\"2fba0ba\" data-element_type=\"section\" data-e-type=\"section\">\n\t\t\t\t\t\t<div class=\"elementor-container elementor-column-gap-default\">\n\t\t\t\t\t<div class=\"elementor-column elementor-col-66 elementor-top-column elementor-element elementor-element-16f685f\" data-id=\"16f685f\" data-element_type=\"column\" data-e-type=\"column\">\n\t\t\t<div class=\"elementor-widget-wrap elementor-element-populated\">\n\t\t\t\t\t\t<div class=\"elementor-element elementor-element-395d3559 elementor-widget elementor-widget-text-editor\" data-id=\"395d3559\" data-element_type=\"widget\" data-e-type=\"widget\" data-widget_type=\"text-editor.default\">\n\t\t\t\t<div class=\"elementor-widget-container\">\n\t\t\t\t\t\t\t\t\t<p><img fetchpriority=\"high\" decoding=\"async\" class=\"aligncenter size-full wp-image-2071\" src=\"https:\/\/akademia-zdrowia.pl\/rzeszow\/wp-content\/uploads\/2019\/10\/fepr-pl-podk-ueefs.jpg\" alt=\"\" width=\"1737\" height=\"127\"><\/p>\n<p><strong>Akademia Zdrowia<\/strong> zaprasza do zapoznania si\u0119 z harmonogramem zaj\u0119\u0107 dla poszczeg\u00f3lnych grup :<\/p>\n<p><a href=\"https:\/\/akademia-zdrowia.pl\/rzeszow\/wp-content\/uploads\/2019\/12\/Harmonogram-grupa-A1_1-oraz-grupa-A2_1.pdf\">Harmonogram grupa A1_1 oraz grupa A2_1<\/a><\/p>\n<p><a href=\"https:\/\/akademia-zdrowia.pl\/rzeszow\/wp-content\/uploads\/2019\/12\/Harmonogram-grupa-A1_2-oraz-grupa-A2_2.pdf\">Harmonogram grupa A1_2 oraz grupa A2_2<\/a><\/p>\n<p><a href=\"https:\/\/akademia-zdrowia.pl\/rzeszow\/wp-content\/uploads\/2019\/12\/Harmonogram-grupa-A1_3-oraz-grupa-A2_3.pdf\">Harmonogram grupa A1_3 oraz grupa A2_3<\/a><\/p>\n<p><a href=\"https:\/\/akademia-zdrowia.pl\/rzeszow\/wp-content\/uploads\/2019\/12\/Harmonogram-grupa-B1_1.pdf\">Harmonogram grupa B1_1<\/a><\/p>\n<p><a href=\"https:\/\/akademia-zdrowia.pl\/rzeszow\/wp-content\/uploads\/2019\/12\/Harmonogram_B1_2.pdf\">Harmonogram grupa B1_2<\/a><\/p>\n<p><a href=\"https:\/\/akademia-zdrowia.pl\/rzeszow\/wp-content\/uploads\/2019\/12\/Harmonogram_A1_5.pdf\">Harmonogram grupa A1_5<\/a><\/p>\n<p><a href=\"https:\/\/akademia-zdrowia.pl\/rzeszow\/wp-content\/uploads\/2019\/12\/Harmonogram_A1_4oraz-A2_4.pdf\">Harmonogram grupa A1_4 oraz grupa A2_4<\/a><\/p>\n<p><a href=\"https:\/\/akademia-zdrowia.pl\/rzeszow\/wp-content\/uploads\/2019\/12\/Harmonogram-A1_gr6-oraz-A2_gr5.pdf\">Harmonogram grupa A1_6 oraz grupa A2_5<\/a><\/p>\n<p><a href=\"https:\/\/akademia-zdrowia.pl\/rzeszow\/wp-content\/uploads\/2019\/12\/Harmonogram_A1_gr7.pdf\">Harmonogram grupa A1_7<\/a><\/p>\n<p><a href=\"https:\/\/akademia-zdrowia.pl\/rzeszow\/wp-content\/uploads\/2019\/12\/Harmonogram-grupa-A2_6.pdf\">Harmonogram grupa A2_6<\/a><\/p>\n<p><a href=\"https:\/\/akademia-zdrowia.pl\/rzeszow\/wp-content\/uploads\/2019\/12\/Harmonogram-grupa-A1_8.pdf\">Harmonogram grupa A1_8<\/a><\/p>\n<p><a href=\"https:\/\/akademia-zdrowia.pl\/rzeszow\/wp-content\/uploads\/2019\/12\/Harmonogram-grupa-B1_3.pdf\">Harmonogram grupa B1_3<\/a><\/p>\t\t\t\t\t\t\t\t<\/div>\n\t\t\t\t<\/div>\n\t\t\t\t\t<\/div>\n\t\t<\/div>\n\t\t\t\t<div class=\"elementor-column elementor-col-33 elementor-top-column elementor-element elementor-element-67be301\" data-id=\"67be301\" data-element_type=\"column\" data-e-type=\"column\">\n\t\t\t<div class=\"elementor-widget-wrap elementor-element-populated\">\n\t\t\t\t\t\t<div class=\"elementor-element elementor-element-d81ec38 elementor-widget elementor-widget-rs-image\" data-id=\"d81ec38\" data-element_type=\"widget\" data-e-type=\"widget\" data-widget_type=\"rs-image.default\">\n\t\t\t\t<div class=\"elementor-widget-container\">\n\t\t\t\t\t\n        <div class=\"rs-image \">\n                            <img decoding=\"async\" class=\"rs-multi-image \" src=\"https:\/\/akademia-zdrowia.pl\/rzeszow\/wp-content\/uploads\/2021\/10\/rzeszow.png\" alt=\"image\"\/>\n                    <\/div>\n\n              \n    \t\t\t\t<\/div>\n\t\t\t\t<\/div>\n\t\t\t\t<div class=\"elementor-element elementor-element-a32ed43 elementor-widget elementor-widget-text-editor\" data-id=\"a32ed43\" data-element_type=\"widget\" data-e-type=\"widget\" data-widget_type=\"text-editor.default\">\n\t\t\t\t<div class=\"elementor-widget-container\">\n\t\t\t\t\t\t\t\t\t<div><p style=\"text-align: center;\"><img decoding=\"async\" style=\"color: var( --e-global-color-text ); font-family: var( --e-global-typography-text-font-family ), Sans-serif; font-weight: var( --e-global-typography-text-font-weight );\" src=\"https:\/\/akademia2.grafpro.us\/lodz\/wp-content\/themes\/akademia-podstrona\/img\/phone-ico_red.png\" alt=\"marker\" \/><span style=\"color: var( --e-global-color-text ); font-family: var( --e-global-typography-text-font-family ), Sans-serif; font-weight: var( --e-global-typography-text-font-weight );\">\u00a0\u00a0<\/span><span style=\"color: var( --e-global-color-text ); font-family: var( --e-global-typography-text-font-family ), Sans-serif; font-weight: var( --e-global-typography-text-font-weight );\">tel.\u00a0<\/span><a style=\"font-family: var( --e-global-typography-text-font-family ), Sans-serif; font-weight: var( --e-global-typography-text-font-weight ); background-color: #ffffff;\" href=\"tel:662 518 410\">662 518 410<\/a><br \/><i><\/i>\u00a0\u00a0<a style=\"font-family: var( --e-global-typography-text-font-family ), Sans-serif; font-weight: var( --e-global-typography-text-font-weight ); background-color: #ffffff;\" href=\"mailto:rzeszow@akademia-zdrowia.pl\">rzeszow@akademia-zdrowia.pl<\/a><\/p><\/div><div><p style=\"text-align: center;\"><span style=\"color: #000080; font-family: var( --e-global-typography-text-font-family ), Sans-serif;\"><b>Zarezerwuj miejsce ju\u017c dzi\u015b!<\/b><\/span><\/p><\/div>\t\t\t\t\t\t\t\t<\/div>\n\t\t\t\t<\/div>\n\t\t\t\t\t<\/div>\n\t\t<\/div>\n\t\t\t\t\t<\/div>\n\t\t<\/section>\n\t\t\t\t<\/div>\n\t\t","protected":false},"excerpt":{"rendered":"<p>Akademia Zdrowia zaprasza do zapoznania si\u0119 z harmonogramem zaj\u0119\u0107 dla poszczeg\u00f3lnych grup : Harmonogram grupa A1_1 oraz grupa A2_1 Harmonogram grupa A1_2 oraz grupa A2_2 Harmonogram grupa A1_3 oraz grupa A2_3 Harmonogram grupa B1_1 Harmonogram grupa B1_2 Harmonogram grupa A1_5 Harmonogram grupa A1_4 oraz grupa A2_4 Harmonogram grupa A1_6 oraz grupa A2_5 Harmonogram grupa A1_7&#8230;<\/p>\n","protected":false},"author":1,"featured_media":0,"parent":0,"menu_order":0,"comment_status":"closed","ping_status":"closed","template":"","meta":{"footnotes":""},"class_list":["post-1558","page","type-page","status-publish","hentry"],"yoast_head":"<!-- This site is optimized with the Yoast SEO plugin v26.9 - https:\/\/yoast.com\/product\/yoast-seo-wordpress\/ -->\n<title>Harmonogram dzia\u0142a\u0144 Akademia j\u0119zyka angielskiego na Podkarpaciu - Akademia Zdrowia Rzesz\u00f3w<\/title>\n<meta name=\"robots\" content=\"index, follow, max-snippet:-1, max-image-preview:large, max-video-preview:-1\" \/>\n<link rel=\"canonical\" href=\"https:\/\/akademia-zdrowia.pl\/rzeszow\/harmonogram-dzialan-akademia-jezyka-angielskiego-na-podkarpaciu\/\" \/>\n<meta property=\"og:locale\" content=\"pl_PL\" \/>\n<meta property=\"og:type\" content=\"article\" \/>\n<meta property=\"og:title\" content=\"Harmonogram dzia\u0142a\u0144 Akademia j\u0119zyka angielskiego na Podkarpaciu - Akademia Zdrowia Rzesz\u00f3w\" \/>\n<meta property=\"og:description\" content=\"Akademia Zdrowia zaprasza do zapoznania si\u0119 z harmonogramem zaj\u0119\u0107 dla poszczeg\u00f3lnych grup : Harmonogram grupa A1_1 oraz grupa A2_1 Harmonogram grupa A1_2 oraz grupa A2_2 Harmonogram grupa A1_3 oraz grupa A2_3 Harmonogram grupa B1_1 Harmonogram grupa B1_2 Harmonogram grupa A1_5 Harmonogram grupa A1_4 oraz grupa A2_4 Harmonogram grupa A1_6 oraz grupa A2_5 Harmonogram grupa A1_7...\" \/>\n<meta property=\"og:url\" content=\"https:\/\/akademia-zdrowia.pl\/rzeszow\/harmonogram-dzialan-akademia-jezyka-angielskiego-na-podkarpaciu\/\" \/>\n<meta property=\"og:site_name\" content=\"Akademia Zdrowia Rzesz\u00f3w\" \/>\n<meta property=\"article:modified_time\" content=\"2022-02-13T19:19:49+00:00\" \/>\n<meta property=\"og:image\" content=\"https:\/\/akademia-zdrowia.pl\/rzeszow\/wp-content\/uploads\/2019\/10\/fepr-pl-podk-ueefs.jpg\" \/>\n<meta name=\"twitter:card\" content=\"summary_large_image\" \/>\n<script type=\"application\/ld+json\" class=\"yoast-schema-graph\">{\"@context\":\"https:\/\/schema.org\",\"@graph\":[{\"@type\":\"WebPage\",\"@id\":\"https:\/\/akademia-zdrowia.pl\/rzeszow\/harmonogram-dzialan-akademia-jezyka-angielskiego-na-podkarpaciu\/\",\"url\":\"https:\/\/akademia-zdrowia.pl\/rzeszow\/harmonogram-dzialan-akademia-jezyka-angielskiego-na-podkarpaciu\/\",\"name\":\"Harmonogram dzia\u0142a\u0144 Akademia j\u0119zyka angielskiego na Podkarpaciu - Akademia Zdrowia Rzesz\u00f3w\",\"isPartOf\":{\"@id\":\"https:\/\/akademia-zdrowia.pl\/rzeszow\/#website\"},\"primaryImageOfPage\":{\"@id\":\"https:\/\/akademia-zdrowia.pl\/rzeszow\/harmonogram-dzialan-akademia-jezyka-angielskiego-na-podkarpaciu\/#primaryimage\"},\"image\":{\"@id\":\"https:\/\/akademia-zdrowia.pl\/rzeszow\/harmonogram-dzialan-akademia-jezyka-angielskiego-na-podkarpaciu\/#primaryimage\"},\"thumbnailUrl\":\"https:\/\/akademia-zdrowia.pl\/rzeszow\/wp-content\/uploads\/2019\/10\/fepr-pl-podk-ueefs.jpg\",\"datePublished\":\"2019-12-05T13:19:49+00:00\",\"dateModified\":\"2022-02-13T19:19:49+00:00\",\"breadcrumb\":{\"@id\":\"https:\/\/akademia-zdrowia.pl\/rzeszow\/harmonogram-dzialan-akademia-jezyka-angielskiego-na-podkarpaciu\/#breadcrumb\"},\"inLanguage\":\"pl-PL\",\"potentialAction\":[{\"@type\":\"ReadAction\",\"target\":[\"https:\/\/akademia-zdrowia.pl\/rzeszow\/harmonogram-dzialan-akademia-jezyka-angielskiego-na-podkarpaciu\/\"]}]},{\"@type\":\"ImageObject\",\"inLanguage\":\"pl-PL\",\"@id\":\"https:\/\/akademia-zdrowia.pl\/rzeszow\/harmonogram-dzialan-akademia-jezyka-angielskiego-na-podkarpaciu\/#primaryimage\",\"url\":\"https:\/\/akademia-zdrowia.pl\/rzeszow\/wp-content\/uploads\/2019\/10\/fepr-pl-podk-ueefs.jpg\",\"contentUrl\":\"https:\/\/akademia-zdrowia.pl\/rzeszow\/wp-content\/uploads\/2019\/10\/fepr-pl-podk-ueefs.jpg\"},{\"@type\":\"BreadcrumbList\",\"@id\":\"https:\/\/akademia-zdrowia.pl\/rzeszow\/harmonogram-dzialan-akademia-jezyka-angielskiego-na-podkarpaciu\/#breadcrumb\",\"itemListElement\":[{\"@type\":\"ListItem\",\"position\":1,\"name\":\"Strona g\u0142\u00f3wna\",\"item\":\"https:\/\/akademia-zdrowia.pl\/rzeszow\/\"},{\"@type\":\"ListItem\",\"position\":2,\"name\":\"Harmonogram dzia\u0142a\u0144 Akademia j\u0119zyka angielskiego na Podkarpaciu\"}]},{\"@type\":\"WebSite\",\"@id\":\"https:\/\/akademia-zdrowia.pl\/rzeszow\/#website\",\"url\":\"https:\/\/akademia-zdrowia.pl\/rzeszow\/\",\"name\":\"Akademia Zdrowia Rzesz\u00f3w\",\"description\":\"\",\"potentialAction\":[{\"@type\":\"SearchAction\",\"target\":{\"@type\":\"EntryPoint\",\"urlTemplate\":\"https:\/\/akademia-zdrowia.pl\/rzeszow\/?s={search_term_string}\"},\"query-input\":{\"@type\":\"PropertyValueSpecification\",\"valueRequired\":true,\"valueName\":\"search_term_string\"}}],\"inLanguage\":\"pl-PL\"}]}<\/script>\n<!-- \/ Yoast SEO plugin. -->","yoast_head_json":{"title":"Harmonogram dzia\u0142a\u0144 Akademia j\u0119zyka angielskiego na Podkarpaciu - Akademia Zdrowia Rzesz\u00f3w","robots":{"index":"index","follow":"follow","max-snippet":"max-snippet:-1","max-image-preview":"max-image-preview:large","max-video-preview":"max-video-preview:-1"},"canonical":"https:\/\/akademia-zdrowia.pl\/rzeszow\/harmonogram-dzialan-akademia-jezyka-angielskiego-na-podkarpaciu\/","og_locale":"pl_PL","og_type":"article","og_title":"Harmonogram dzia\u0142a\u0144 Akademia j\u0119zyka angielskiego na Podkarpaciu - Akademia Zdrowia Rzesz\u00f3w","og_description":"Akademia Zdrowia zaprasza do zapoznania si\u0119 z harmonogramem zaj\u0119\u0107 dla poszczeg\u00f3lnych grup : Harmonogram grupa A1_1 oraz grupa A2_1 Harmonogram grupa A1_2 oraz grupa A2_2 Harmonogram grupa A1_3 oraz grupa A2_3 Harmonogram grupa B1_1 Harmonogram grupa B1_2 Harmonogram grupa A1_5 Harmonogram grupa A1_4 oraz grupa A2_4 Harmonogram grupa A1_6 oraz grupa A2_5 Harmonogram grupa A1_7...","og_url":"https:\/\/akademia-zdrowia.pl\/rzeszow\/harmonogram-dzialan-akademia-jezyka-angielskiego-na-podkarpaciu\/","og_site_name":"Akademia Zdrowia Rzesz\u00f3w","article_modified_time":"2022-02-13T19:19:49+00:00","og_image":[{"url":"https:\/\/akademia-zdrowia.pl\/rzeszow\/wp-content\/uploads\/2019\/10\/fepr-pl-podk-ueefs.jpg","type":"","width":"","height":""}],"twitter_card":"summary_large_image","schema":{"@context":"https:\/\/schema.org","@graph":[{"@type":"WebPage","@id":"https:\/\/akademia-zdrowia.pl\/rzeszow\/harmonogram-dzialan-akademia-jezyka-angielskiego-na-podkarpaciu\/","url":"https:\/\/akademia-zdrowia.pl\/rzeszow\/harmonogram-dzialan-akademia-jezyka-angielskiego-na-podkarpaciu\/","name":"Harmonogram dzia\u0142a\u0144 Akademia j\u0119zyka angielskiego na Podkarpaciu - Akademia Zdrowia Rzesz\u00f3w","isPartOf":{"@id":"https:\/\/akademia-zdrowia.pl\/rzeszow\/#website"},"primaryImageOfPage":{"@id":"https:\/\/akademia-zdrowia.pl\/rzeszow\/harmonogram-dzialan-akademia-jezyka-angielskiego-na-podkarpaciu\/#primaryimage"},"image":{"@id":"https:\/\/akademia-zdrowia.pl\/rzeszow\/harmonogram-dzialan-akademia-jezyka-angielskiego-na-podkarpaciu\/#primaryimage"},"thumbnailUrl":"https:\/\/akademia-zdrowia.pl\/rzeszow\/wp-content\/uploads\/2019\/10\/fepr-pl-podk-ueefs.jpg","datePublished":"2019-12-05T13:19:49+00:00","dateModified":"2022-02-13T19:19:49+00:00","breadcrumb":{"@id":"https:\/\/akademia-zdrowia.pl\/rzeszow\/harmonogram-dzialan-akademia-jezyka-angielskiego-na-podkarpaciu\/#breadcrumb"},"inLanguage":"pl-PL","potentialAction":[{"@type":"ReadAction","target":["https:\/\/akademia-zdrowia.pl\/rzeszow\/harmonogram-dzialan-akademia-jezyka-angielskiego-na-podkarpaciu\/"]}]},{"@type":"ImageObject","inLanguage":"pl-PL","@id":"https:\/\/akademia-zdrowia.pl\/rzeszow\/harmonogram-dzialan-akademia-jezyka-angielskiego-na-podkarpaciu\/#primaryimage","url":"https:\/\/akademia-zdrowia.pl\/rzeszow\/wp-content\/uploads\/2019\/10\/fepr-pl-podk-ueefs.jpg","contentUrl":"https:\/\/akademia-zdrowia.pl\/rzeszow\/wp-content\/uploads\/2019\/10\/fepr-pl-podk-ueefs.jpg"},{"@type":"BreadcrumbList","@id":"https:\/\/akademia-zdrowia.pl\/rzeszow\/harmonogram-dzialan-akademia-jezyka-angielskiego-na-podkarpaciu\/#breadcrumb","itemListElement":[{"@type":"ListItem","position":1,"name":"Strona g\u0142\u00f3wna","item":"https:\/\/akademia-zdrowia.pl\/rzeszow\/"},{"@type":"ListItem","position":2,"name":"Harmonogram dzia\u0142a\u0144 Akademia j\u0119zyka angielskiego na Podkarpaciu"}]},{"@type":"WebSite","@id":"https:\/\/akademia-zdrowia.pl\/rzeszow\/#website","url":"https:\/\/akademia-zdrowia.pl\/rzeszow\/","name":"Akademia Zdrowia Rzesz\u00f3w","description":"","potentialAction":[{"@type":"SearchAction","target":{"@type":"EntryPoint","urlTemplate":"https:\/\/akademia-zdrowia.pl\/rzeszow\/?s={search_term_string}"},"query-input":{"@type":"PropertyValueSpecification","valueRequired":true,"valueName":"search_term_string"}}],"inLanguage":"pl-PL"}]}},"_links":{"self":[{"href":"https:\/\/akademia-zdrowia.pl\/rzeszow\/wp-json\/wp\/v2\/pages\/1558","targetHints":{"allow":["GET"]}}],"collection":[{"href":"https:\/\/akademia-zdrowia.pl\/rzeszow\/wp-json\/wp\/v2\/pages"}],"about":[{"href":"https:\/\/akademia-zdrowia.pl\/rzeszow\/wp-json\/wp\/v2\/types\/page"}],"author":[{"embeddable":true,"href":"https:\/\/akademia-zdrowia.pl\/rzeszow\/wp-json\/wp\/v2\/users\/1"}],"replies":[{"embeddable":true,"href":"https:\/\/akademia-zdrowia.pl\/rzeszow\/wp-json\/wp\/v2\/comments?post=1558"}],"version-history":[{"count":9,"href":"https:\/\/akademia-zdrowia.pl\/rzeszow\/wp-json\/wp\/v2\/pages\/1558\/revisions"}],"predecessor-version":[{"id":2965,"href":"https:\/\/akademia-zdrowia.pl\/rzeszow\/wp-json\/wp\/v2\/pages\/1558\/revisions\/2965"}],"wp:attachment":[{"href":"https:\/\/akademia-zdrowia.pl\/rzeszow\/wp-json\/wp\/v2\/media?parent=1558"}],"curies":[{"name":"wp","href":"https:\/\/api.w.org\/{rel}","templated":true}]}}