{"id":1617,"date":"2020-01-27T13:12:53","date_gmt":"2020-01-27T12:12:53","guid":{"rendered":"https:\/\/akademia-zdrowia.pl\/rzeszow\/?page_id=1617"},"modified":"2022-02-13T20:20:30","modified_gmt":"2022-02-13T19:20:30","slug":"ucz-sie-jezyka-za-darmo","status":"publish","type":"page","link":"https:\/\/akademia-zdrowia.pl\/rzeszow\/oferta-szkoleniowa\/projekty-unijne\/akademia-jezyka-angielskiego-na-podkarpaciu\/ucz-sie-jezyka-za-darmo\/","title":{"rendered":"Ucz si\u0119 j\u0119zyka za darmo!"},"content":{"rendered":"\t\t<div data-elementor-type=\"wp-page\" data-elementor-id=\"1617\" class=\"elementor elementor-1617\" data-elementor-post-type=\"page\">\n\t\t\t\t\t\t<section class=\"elementor-section elementor-top-section elementor-element elementor-element-effc58c elementor-section-boxed elementor-section-height-default elementor-section-height-default\" data-id=\"effc58c\" data-element_type=\"section\" data-e-type=\"section\">\n\t\t\t\t\t\t<div class=\"elementor-container elementor-column-gap-default\">\n\t\t\t\t\t<div class=\"elementor-column elementor-col-66 elementor-top-column elementor-element elementor-element-4dfb8ad\" data-id=\"4dfb8ad\" data-element_type=\"column\" data-e-type=\"column\">\n\t\t\t<div class=\"elementor-widget-wrap elementor-element-populated\">\n\t\t\t\t\t\t<div class=\"elementor-element elementor-element-39a96ba1 elementor-widget elementor-widget-text-editor\" data-id=\"39a96ba1\" data-element_type=\"widget\" data-e-type=\"widget\" data-widget_type=\"text-editor.default\">\n\t\t\t\t<div class=\"elementor-widget-container\">\n\t\t\t\t\t\t\t\t\t<p>\u00a0<\/p><p style=\"text-align: center;\"><span style=\"font-size: 18px; color: #ff0000;\"><strong><span id=\"fbPhotoSnowliftCaption\" class=\"fbPhotosPhotoCaption\" tabindex=\"0\" aria-live=\"polite\" data-ft=\"{\"><span class=\"hasCaption\"><span class=\"_5mfr\"><span class=\"_6qdm\">Akademia Zdrowia zaprasza na BEZP\u0141ATNY kurs j\u0119zyka angielskiego!<\/span><\/span><\/span><\/span><\/strong><\/span><\/p><p style=\"text-align: center;\"><span id=\"fbPhotoSnowliftCaption\" class=\"fbPhotosPhotoCaption\" tabindex=\"0\" aria-live=\"polite\" data-ft=\"{\"><span class=\"hasCaption\"><span style=\"color: #800000;\"><strong><span style=\"font-size: 17px;\"> Szkolenie skierowane jest do os\u00f3b<\/span> <\/strong><\/span><br \/>&#8211; powy\u017cej 25 roku \u017cycia,<br \/>&#8211; zamieszkuj\u0105cych wojew\u00f3dztwo podkarpackie,<span class=\"text_exposed_show\"><br \/>&#8211; pracuj\u0105cych, ucz\u0105cych si\u0119, b\u0105d\u017a bezrobotnych,<br \/>&#8211; z w\u0142asnej inicjatywy zainteresowanych nabyciem, uzupe\u0142nieniem lub podwy\u017cszeniem swoich umiej\u0119tno\u015bci j\u0119zykowych.<\/span><\/span><\/span><\/p><p style=\"text-align: center;\"><span style=\"color: #800000;\"><strong><span style=\"font-size: 17px;\"> W ramach bezp\u0142atnego szkolenia zapewniamy<\/span> <\/strong><\/span><br \/><span class=\"_5mfr\"><span class=\"_6qdm\">&#8211; <\/span><\/span>120 godzin nauki j\u0119zyka angielskiego z wykwalifikowan\u0105 kadr\u0105 lektor\u00f3w<br \/><span class=\"_5mfr\"><span class=\"_6qdm\">&#8211; <\/span><\/span>Materia\u0142y szkoleniowe &#8211; podr\u0119cznik z \u0107wiczeniami<br \/>&#8211; Egzamin zewn\u0119trzny z certyfikatem TOEIC Bridge &#8211; mi\u0119dzynarodowy certyfikat znajomo\u015bci j\u0119zyka.<\/p><p style=\"text-align: center;\"><span style=\"font-size: 17px;\"><strong> Zapisy w sekretariacie, ilo\u015b\u0107 miejsc ograniczona !<\/strong><\/span><br \/>ul. Jagiello\u0144ska 5, 35-025 Rzesz\u00f3w<\/p><p style=\"text-align: center;\"><span id=\"fbPhotoSnowliftCaption\" class=\"fbPhotosPhotoCaption\" tabindex=\"0\" aria-live=\"polite\" data-ft=\"{\"><span class=\"hasCaption\"><span class=\"text_exposed_show\">mail: rzeszow@akademia-zdrowia.com.pl\u00a0<br \/><\/span><\/span><\/span><\/p><p>\u00a0<\/p>\t\t\t\t\t\t\t\t<\/div>\n\t\t\t\t<\/div>\n\t\t\t\t\t<\/div>\n\t\t<\/div>\n\t\t\t\t<div class=\"elementor-column elementor-col-33 elementor-top-column elementor-element elementor-element-47476f1\" data-id=\"47476f1\" data-element_type=\"column\" data-e-type=\"column\">\n\t\t\t<div class=\"elementor-widget-wrap elementor-element-populated\">\n\t\t\t\t\t\t<div class=\"elementor-element elementor-element-f791ec6 elementor-widget elementor-widget-rs-image\" data-id=\"f791ec6\" data-element_type=\"widget\" data-e-type=\"widget\" data-widget_type=\"rs-image.default\">\n\t\t\t\t<div class=\"elementor-widget-container\">\n\t\t\t\t\t\n        <div class=\"rs-image \">\n                            <img decoding=\"async\" class=\"rs-multi-image \" src=\"https:\/\/akademia-zdrowia.pl\/rzeszow\/wp-content\/uploads\/2021\/10\/rzeszow.png\" alt=\"image\"\/>\n                    <\/div>\n\n              \n    \t\t\t\t<\/div>\n\t\t\t\t<\/div>\n\t\t\t\t<div class=\"elementor-element elementor-element-42c98de elementor-widget elementor-widget-text-editor\" data-id=\"42c98de\" data-element_type=\"widget\" data-e-type=\"widget\" data-widget_type=\"text-editor.default\">\n\t\t\t\t<div class=\"elementor-widget-container\">\n\t\t\t\t\t\t\t\t\t<div><p style=\"text-align: center;\">\u00a0<\/p><p style=\"text-align: center;\"><img decoding=\"async\" style=\"color: var( --e-global-color-text ); font-family: var( --e-global-typography-text-font-family ), Sans-serif; font-weight: var( --e-global-typography-text-font-weight );\" src=\"https:\/\/akademia2.grafpro.us\/lodz\/wp-content\/themes\/akademia-podstrona\/img\/phone-ico_red.png\" alt=\"marker\" \/><span style=\"color: var( --e-global-color-text ); font-family: var( --e-global-typography-text-font-family ), Sans-serif; font-weight: var( --e-global-typography-text-font-weight );\">\u00a0\u00a0<\/span><span style=\"color: var( --e-global-color-text ); font-family: var( --e-global-typography-text-font-family ), Sans-serif; font-weight: var( --e-global-typography-text-font-weight );\">tel.\u00a0<\/span><a style=\"font-family: var( --e-global-typography-text-font-family ), Sans-serif; font-weight: var( --e-global-typography-text-font-weight ); background-color: #ffffff;\" href=\"tel:662 518 410\">662 518 410<\/a><br \/><i><\/i>\u00a0\u00a0<a style=\"font-family: var( --e-global-typography-text-font-family ), Sans-serif; font-weight: var( --e-global-typography-text-font-weight ); background-color: #ffffff;\" href=\"mailto:rzeszow@akademia-zdrowia.pl\">rzeszow@akademia-zdrowia.pl<\/a><\/p><\/div><div><p style=\"text-align: center;\"><span style=\"color: #000080; font-family: var( --e-global-typography-text-font-family ), Sans-serif;\"><b>Zarezerwuj miejsce ju\u017c dzi\u015b!<\/b><\/span><\/p><\/div>\t\t\t\t\t\t\t\t<\/div>\n\t\t\t\t<\/div>\n\t\t\t\t\t<\/div>\n\t\t<\/div>\n\t\t\t\t\t<\/div>\n\t\t<\/section>\n\t\t\t\t<\/div>\n\t\t","protected":false},"excerpt":{"rendered":"<p>\u00a0 Akademia Zdrowia zaprasza na BEZP\u0141ATNY kurs j\u0119zyka angielskiego! Szkolenie skierowane jest do os\u00f3b &#8211; powy\u017cej 25 roku \u017cycia,&#8211; zamieszkuj\u0105cych wojew\u00f3dztwo podkarpackie,&#8211; pracuj\u0105cych, ucz\u0105cych si\u0119, b\u0105d\u017a bezrobotnych,&#8211; z w\u0142asnej inicjatywy zainteresowanych nabyciem, uzupe\u0142nieniem lub podwy\u017cszeniem swoich umiej\u0119tno\u015bci j\u0119zykowych. W ramach bezp\u0142atnego szkolenia zapewniamy &#8211; 120 godzin nauki j\u0119zyka angielskiego z wykwalifikowan\u0105 kadr\u0105 lektor\u00f3w&#8211; Materia\u0142y szkoleniowe&#8230;<\/p>\n","protected":false},"author":1,"featured_media":0,"parent":1531,"menu_order":0,"comment_status":"closed","ping_status":"closed","template":"","meta":{"footnotes":""},"class_list":["post-1617","page","type-page","status-publish","hentry"],"yoast_head":"<!-- This site is optimized with the Yoast SEO plugin v26.9 - https:\/\/yoast.com\/product\/yoast-seo-wordpress\/ -->\n<title>Ucz si\u0119 j\u0119zyka za darmo! - Akademia Zdrowia Rzesz\u00f3w<\/title>\n<meta name=\"robots\" content=\"index, follow, max-snippet:-1, max-image-preview:large, max-video-preview:-1\" \/>\n<link rel=\"canonical\" href=\"https:\/\/akademia-zdrowia.pl\/rzeszow\/oferta-szkoleniowa\/projekty-unijne\/akademia-jezyka-angielskiego-na-podkarpaciu\/ucz-sie-jezyka-za-darmo\/\" \/>\n<meta property=\"og:locale\" content=\"pl_PL\" \/>\n<meta property=\"og:type\" content=\"article\" \/>\n<meta property=\"og:title\" content=\"Ucz si\u0119 j\u0119zyka za darmo! - Akademia Zdrowia Rzesz\u00f3w\" \/>\n<meta property=\"og:description\" content=\"\u00a0 Akademia Zdrowia zaprasza na BEZP\u0141ATNY kurs j\u0119zyka angielskiego! Szkolenie skierowane jest do os\u00f3b &#8211; powy\u017cej 25 roku \u017cycia,&#8211; zamieszkuj\u0105cych wojew\u00f3dztwo podkarpackie,&#8211; pracuj\u0105cych, ucz\u0105cych si\u0119, b\u0105d\u017a bezrobotnych,&#8211; z w\u0142asnej inicjatywy zainteresowanych nabyciem, uzupe\u0142nieniem lub podwy\u017cszeniem swoich umiej\u0119tno\u015bci j\u0119zykowych. W ramach bezp\u0142atnego szkolenia zapewniamy &#8211; 120 godzin nauki j\u0119zyka angielskiego z wykwalifikowan\u0105 kadr\u0105 lektor\u00f3w&#8211; Materia\u0142y szkoleniowe...\" \/>\n<meta property=\"og:url\" content=\"https:\/\/akademia-zdrowia.pl\/rzeszow\/oferta-szkoleniowa\/projekty-unijne\/akademia-jezyka-angielskiego-na-podkarpaciu\/ucz-sie-jezyka-za-darmo\/\" \/>\n<meta property=\"og:site_name\" content=\"Akademia Zdrowia Rzesz\u00f3w\" \/>\n<meta property=\"article:modified_time\" content=\"2022-02-13T19:20:30+00:00\" \/>\n<meta property=\"og:image\" content=\"https:\/\/akademia-zdrowia.pl\/rzeszow\/wp-content\/uploads\/2021\/10\/rzeszow.png\" \/>\n<meta name=\"twitter:card\" content=\"summary_large_image\" \/>\n<meta name=\"twitter:label1\" content=\"Szacowany czas czytania\" \/>\n\t<meta name=\"twitter:data1\" content=\"1 minuta\" \/>\n<script type=\"application\/ld+json\" class=\"yoast-schema-graph\">{\"@context\":\"https:\/\/schema.org\",\"@graph\":[{\"@type\":\"WebPage\",\"@id\":\"https:\/\/akademia-zdrowia.pl\/rzeszow\/oferta-szkoleniowa\/projekty-unijne\/akademia-jezyka-angielskiego-na-podkarpaciu\/ucz-sie-jezyka-za-darmo\/\",\"url\":\"https:\/\/akademia-zdrowia.pl\/rzeszow\/oferta-szkoleniowa\/projekty-unijne\/akademia-jezyka-angielskiego-na-podkarpaciu\/ucz-sie-jezyka-za-darmo\/\",\"name\":\"Ucz si\u0119 j\u0119zyka za darmo! - Akademia Zdrowia Rzesz\u00f3w\",\"isPartOf\":{\"@id\":\"https:\/\/akademia-zdrowia.pl\/rzeszow\/#website\"},\"primaryImageOfPage\":{\"@id\":\"https:\/\/akademia-zdrowia.pl\/rzeszow\/oferta-szkoleniowa\/projekty-unijne\/akademia-jezyka-angielskiego-na-podkarpaciu\/ucz-sie-jezyka-za-darmo\/#primaryimage\"},\"image\":{\"@id\":\"https:\/\/akademia-zdrowia.pl\/rzeszow\/oferta-szkoleniowa\/projekty-unijne\/akademia-jezyka-angielskiego-na-podkarpaciu\/ucz-sie-jezyka-za-darmo\/#primaryimage\"},\"thumbnailUrl\":\"https:\/\/akademia-zdrowia.pl\/rzeszow\/wp-content\/uploads\/2021\/10\/rzeszow.png\",\"datePublished\":\"2020-01-27T12:12:53+00:00\",\"dateModified\":\"2022-02-13T19:20:30+00:00\",\"breadcrumb\":{\"@id\":\"https:\/\/akademia-zdrowia.pl\/rzeszow\/oferta-szkoleniowa\/projekty-unijne\/akademia-jezyka-angielskiego-na-podkarpaciu\/ucz-sie-jezyka-za-darmo\/#breadcrumb\"},\"inLanguage\":\"pl-PL\",\"potentialAction\":[{\"@type\":\"ReadAction\",\"target\":[\"https:\/\/akademia-zdrowia.pl\/rzeszow\/oferta-szkoleniowa\/projekty-unijne\/akademia-jezyka-angielskiego-na-podkarpaciu\/ucz-sie-jezyka-za-darmo\/\"]}]},{\"@type\":\"ImageObject\",\"inLanguage\":\"pl-PL\",\"@id\":\"https:\/\/akademia-zdrowia.pl\/rzeszow\/oferta-szkoleniowa\/projekty-unijne\/akademia-jezyka-angielskiego-na-podkarpaciu\/ucz-sie-jezyka-za-darmo\/#primaryimage\",\"url\":\"https:\/\/akademia-zdrowia.pl\/rzeszow\/wp-content\/uploads\/2021\/10\/rzeszow.png\",\"contentUrl\":\"https:\/\/akademia-zdrowia.pl\/rzeszow\/wp-content\/uploads\/2021\/10\/rzeszow.png\",\"width\":390,\"height\":277},{\"@type\":\"BreadcrumbList\",\"@id\":\"https:\/\/akademia-zdrowia.pl\/rzeszow\/oferta-szkoleniowa\/projekty-unijne\/akademia-jezyka-angielskiego-na-podkarpaciu\/ucz-sie-jezyka-za-darmo\/#breadcrumb\",\"itemListElement\":[{\"@type\":\"ListItem\",\"position\":1,\"name\":\"Strona g\u0142\u00f3wna\",\"item\":\"https:\/\/akademia-zdrowia.pl\/rzeszow\/\"},{\"@type\":\"ListItem\",\"position\":2,\"name\":\"Oferta szkoleniowa\",\"item\":\"https:\/\/akademia-zdrowia.pl\/rzeszow\/oferta-szkoleniowa\/\"},{\"@type\":\"ListItem\",\"position\":3,\"name\":\"Projekty unijne\",\"item\":\"https:\/\/akademia-zdrowia.pl\/rzeszow\/oferta-szkoleniowa\/projekty-unijne\/\"},{\"@type\":\"ListItem\",\"position\":4,\"name\":\"Akademia j\u0119zyka angielskiego na Podkarpaciu\",\"item\":\"https:\/\/akademia-zdrowia.pl\/rzeszow\/oferta-szkoleniowa\/projekty-unijne\/akademia-jezyka-angielskiego-na-podkarpaciu\/\"},{\"@type\":\"ListItem\",\"position\":5,\"name\":\"Ucz si\u0119 j\u0119zyka za darmo!\"}]},{\"@type\":\"WebSite\",\"@id\":\"https:\/\/akademia-zdrowia.pl\/rzeszow\/#website\",\"url\":\"https:\/\/akademia-zdrowia.pl\/rzeszow\/\",\"name\":\"Akademia Zdrowia Rzesz\u00f3w\",\"description\":\"\",\"potentialAction\":[{\"@type\":\"SearchAction\",\"target\":{\"@type\":\"EntryPoint\",\"urlTemplate\":\"https:\/\/akademia-zdrowia.pl\/rzeszow\/?s={search_term_string}\"},\"query-input\":{\"@type\":\"PropertyValueSpecification\",\"valueRequired\":true,\"valueName\":\"search_term_string\"}}],\"inLanguage\":\"pl-PL\"}]}<\/script>\n<!-- \/ Yoast SEO plugin. -->","yoast_head_json":{"title":"Ucz si\u0119 j\u0119zyka za darmo! - Akademia Zdrowia Rzesz\u00f3w","robots":{"index":"index","follow":"follow","max-snippet":"max-snippet:-1","max-image-preview":"max-image-preview:large","max-video-preview":"max-video-preview:-1"},"canonical":"https:\/\/akademia-zdrowia.pl\/rzeszow\/oferta-szkoleniowa\/projekty-unijne\/akademia-jezyka-angielskiego-na-podkarpaciu\/ucz-sie-jezyka-za-darmo\/","og_locale":"pl_PL","og_type":"article","og_title":"Ucz si\u0119 j\u0119zyka za darmo! - Akademia Zdrowia Rzesz\u00f3w","og_description":"\u00a0 Akademia Zdrowia zaprasza na BEZP\u0141ATNY kurs j\u0119zyka angielskiego! Szkolenie skierowane jest do os\u00f3b &#8211; powy\u017cej 25 roku \u017cycia,&#8211; zamieszkuj\u0105cych wojew\u00f3dztwo podkarpackie,&#8211; pracuj\u0105cych, ucz\u0105cych si\u0119, b\u0105d\u017a bezrobotnych,&#8211; z w\u0142asnej inicjatywy zainteresowanych nabyciem, uzupe\u0142nieniem lub podwy\u017cszeniem swoich umiej\u0119tno\u015bci j\u0119zykowych. W ramach bezp\u0142atnego szkolenia zapewniamy &#8211; 120 godzin nauki j\u0119zyka angielskiego z wykwalifikowan\u0105 kadr\u0105 lektor\u00f3w&#8211; Materia\u0142y szkoleniowe...","og_url":"https:\/\/akademia-zdrowia.pl\/rzeszow\/oferta-szkoleniowa\/projekty-unijne\/akademia-jezyka-angielskiego-na-podkarpaciu\/ucz-sie-jezyka-za-darmo\/","og_site_name":"Akademia Zdrowia Rzesz\u00f3w","article_modified_time":"2022-02-13T19:20:30+00:00","og_image":[{"url":"https:\/\/akademia-zdrowia.pl\/rzeszow\/wp-content\/uploads\/2021\/10\/rzeszow.png","type":"","width":"","height":""}],"twitter_card":"summary_large_image","twitter_misc":{"Szacowany czas czytania":"1 minuta"},"schema":{"@context":"https:\/\/schema.org","@graph":[{"@type":"WebPage","@id":"https:\/\/akademia-zdrowia.pl\/rzeszow\/oferta-szkoleniowa\/projekty-unijne\/akademia-jezyka-angielskiego-na-podkarpaciu\/ucz-sie-jezyka-za-darmo\/","url":"https:\/\/akademia-zdrowia.pl\/rzeszow\/oferta-szkoleniowa\/projekty-unijne\/akademia-jezyka-angielskiego-na-podkarpaciu\/ucz-sie-jezyka-za-darmo\/","name":"Ucz si\u0119 j\u0119zyka za darmo! - Akademia Zdrowia Rzesz\u00f3w","isPartOf":{"@id":"https:\/\/akademia-zdrowia.pl\/rzeszow\/#website"},"primaryImageOfPage":{"@id":"https:\/\/akademia-zdrowia.pl\/rzeszow\/oferta-szkoleniowa\/projekty-unijne\/akademia-jezyka-angielskiego-na-podkarpaciu\/ucz-sie-jezyka-za-darmo\/#primaryimage"},"image":{"@id":"https:\/\/akademia-zdrowia.pl\/rzeszow\/oferta-szkoleniowa\/projekty-unijne\/akademia-jezyka-angielskiego-na-podkarpaciu\/ucz-sie-jezyka-za-darmo\/#primaryimage"},"thumbnailUrl":"https:\/\/akademia-zdrowia.pl\/rzeszow\/wp-content\/uploads\/2021\/10\/rzeszow.png","datePublished":"2020-01-27T12:12:53+00:00","dateModified":"2022-02-13T19:20:30+00:00","breadcrumb":{"@id":"https:\/\/akademia-zdrowia.pl\/rzeszow\/oferta-szkoleniowa\/projekty-unijne\/akademia-jezyka-angielskiego-na-podkarpaciu\/ucz-sie-jezyka-za-darmo\/#breadcrumb"},"inLanguage":"pl-PL","potentialAction":[{"@type":"ReadAction","target":["https:\/\/akademia-zdrowia.pl\/rzeszow\/oferta-szkoleniowa\/projekty-unijne\/akademia-jezyka-angielskiego-na-podkarpaciu\/ucz-sie-jezyka-za-darmo\/"]}]},{"@type":"ImageObject","inLanguage":"pl-PL","@id":"https:\/\/akademia-zdrowia.pl\/rzeszow\/oferta-szkoleniowa\/projekty-unijne\/akademia-jezyka-angielskiego-na-podkarpaciu\/ucz-sie-jezyka-za-darmo\/#primaryimage","url":"https:\/\/akademia-zdrowia.pl\/rzeszow\/wp-content\/uploads\/2021\/10\/rzeszow.png","contentUrl":"https:\/\/akademia-zdrowia.pl\/rzeszow\/wp-content\/uploads\/2021\/10\/rzeszow.png","width":390,"height":277},{"@type":"BreadcrumbList","@id":"https:\/\/akademia-zdrowia.pl\/rzeszow\/oferta-szkoleniowa\/projekty-unijne\/akademia-jezyka-angielskiego-na-podkarpaciu\/ucz-sie-jezyka-za-darmo\/#breadcrumb","itemListElement":[{"@type":"ListItem","position":1,"name":"Strona g\u0142\u00f3wna","item":"https:\/\/akademia-zdrowia.pl\/rzeszow\/"},{"@type":"ListItem","position":2,"name":"Oferta szkoleniowa","item":"https:\/\/akademia-zdrowia.pl\/rzeszow\/oferta-szkoleniowa\/"},{"@type":"ListItem","position":3,"name":"Projekty unijne","item":"https:\/\/akademia-zdrowia.pl\/rzeszow\/oferta-szkoleniowa\/projekty-unijne\/"},{"@type":"ListItem","position":4,"name":"Akademia j\u0119zyka angielskiego na Podkarpaciu","item":"https:\/\/akademia-zdrowia.pl\/rzeszow\/oferta-szkoleniowa\/projekty-unijne\/akademia-jezyka-angielskiego-na-podkarpaciu\/"},{"@type":"ListItem","position":5,"name":"Ucz si\u0119 j\u0119zyka za darmo!"}]},{"@type":"WebSite","@id":"https:\/\/akademia-zdrowia.pl\/rzeszow\/#website","url":"https:\/\/akademia-zdrowia.pl\/rzeszow\/","name":"Akademia Zdrowia Rzesz\u00f3w","description":"","potentialAction":[{"@type":"SearchAction","target":{"@type":"EntryPoint","urlTemplate":"https:\/\/akademia-zdrowia.pl\/rzeszow\/?s={search_term_string}"},"query-input":{"@type":"PropertyValueSpecification","valueRequired":true,"valueName":"search_term_string"}}],"inLanguage":"pl-PL"}]}},"_links":{"self":[{"href":"https:\/\/akademia-zdrowia.pl\/rzeszow\/wp-json\/wp\/v2\/pages\/1617","targetHints":{"allow":["GET"]}}],"collection":[{"href":"https:\/\/akademia-zdrowia.pl\/rzeszow\/wp-json\/wp\/v2\/pages"}],"about":[{"href":"https:\/\/akademia-zdrowia.pl\/rzeszow\/wp-json\/wp\/v2\/types\/page"}],"author":[{"embeddable":true,"href":"https:\/\/akademia-zdrowia.pl\/rzeszow\/wp-json\/wp\/v2\/users\/1"}],"replies":[{"embeddable":true,"href":"https:\/\/akademia-zdrowia.pl\/rzeszow\/wp-json\/wp\/v2\/comments?post=1617"}],"version-history":[{"count":9,"href":"https:\/\/akademia-zdrowia.pl\/rzeszow\/wp-json\/wp\/v2\/pages\/1617\/revisions"}],"predecessor-version":[{"id":2968,"href":"https:\/\/akademia-zdrowia.pl\/rzeszow\/wp-json\/wp\/v2\/pages\/1617\/revisions\/2968"}],"up":[{"embeddable":true,"href":"https:\/\/akademia-zdrowia.pl\/rzeszow\/wp-json\/wp\/v2\/pages\/1531"}],"wp:attachment":[{"href":"https:\/\/akademia-zdrowia.pl\/rzeszow\/wp-json\/wp\/v2\/media?parent=1617"}],"curies":[{"name":"wp","href":"https:\/\/api.w.org\/{rel}","templated":true}]}}