{"id":2333,"date":"2021-10-03T10:06:11","date_gmt":"2021-10-03T08:06:11","guid":{"rendered":"https:\/\/akademia-zdrowia.pl\/rzeszow\/?page_id=2333"},"modified":"2022-12-12T09:49:48","modified_gmt":"2022-12-12T08:49:48","slug":"indywidualne-kursy-i-szkolenia","status":"publish","type":"page","link":"https:\/\/akademia-zdrowia.pl\/rzeszow\/indywidualne-kursy-i-szkolenia\/","title":{"rendered":"Indywidualne kursy i szkolenia"},"content":{"rendered":"\t\t<div data-elementor-type=\"wp-page\" data-elementor-id=\"2333\" class=\"elementor elementor-2333\" data-elementor-post-type=\"page\">\n\t\t\t\t\t\t<section class=\"elementor-section elementor-top-section elementor-element elementor-element-aabf633 elementor-section-boxed elementor-section-height-default elementor-section-height-default\" data-id=\"aabf633\" data-element_type=\"section\" data-e-type=\"section\">\n\t\t\t\t\t\t<div class=\"elementor-container elementor-column-gap-default\">\n\t\t\t\t\t<div class=\"elementor-column elementor-col-100 elementor-top-column elementor-element elementor-element-19a79b8\" data-id=\"19a79b8\" data-element_type=\"column\" data-e-type=\"column\">\n\t\t\t<div class=\"elementor-widget-wrap elementor-element-populated\">\n\t\t\t\t\t\t<section class=\"elementor-section elementor-inner-section elementor-element elementor-element-1d8c797 elementor-section-boxed elementor-section-height-default elementor-section-height-default\" data-id=\"1d8c797\" data-element_type=\"section\" data-e-type=\"section\">\n\t\t\t\t\t\t<div class=\"elementor-container elementor-column-gap-default\">\n\t\t\t\t\t<div class=\"elementor-column elementor-col-100 elementor-inner-column elementor-element elementor-element-2730293\" data-id=\"2730293\" data-element_type=\"column\" data-e-type=\"column\">\n\t\t\t<div class=\"elementor-widget-wrap elementor-element-populated\">\n\t\t\t\t\t\t<div class=\"elementor-element elementor-element-3d69865 elementor-widget elementor-widget-image\" data-id=\"3d69865\" data-element_type=\"widget\" data-e-type=\"widget\" data-widget_type=\"image.default\">\n\t\t\t\t<div class=\"elementor-widget-container\">\n\t\t\t\t\t\t\t\t\t\t\t\t\t\t\t<img fetchpriority=\"high\" decoding=\"async\" width=\"640\" height=\"640\" src=\"https:\/\/akademia-zdrowia.pl\/rzeszow\/wp-content\/uploads\/2022\/12\/Krajowy-Fundusz-Szkoleniowy--1024x1024.png\" class=\"attachment-large size-large wp-image-3183\" alt=\"\" srcset=\"https:\/\/akademia-zdrowia.pl\/rzeszow\/wp-content\/uploads\/2022\/12\/Krajowy-Fundusz-Szkoleniowy--1024x1024.png 1024w, https:\/\/akademia-zdrowia.pl\/rzeszow\/wp-content\/uploads\/2022\/12\/Krajowy-Fundusz-Szkoleniowy--300x300.png 300w, https:\/\/akademia-zdrowia.pl\/rzeszow\/wp-content\/uploads\/2022\/12\/Krajowy-Fundusz-Szkoleniowy--150x150.png 150w, https:\/\/akademia-zdrowia.pl\/rzeszow\/wp-content\/uploads\/2022\/12\/Krajowy-Fundusz-Szkoleniowy--768x768.png 768w, https:\/\/akademia-zdrowia.pl\/rzeszow\/wp-content\/uploads\/2022\/12\/Krajowy-Fundusz-Szkoleniowy--500x500.png 500w, https:\/\/akademia-zdrowia.pl\/rzeszow\/wp-content\/uploads\/2022\/12\/Krajowy-Fundusz-Szkoleniowy--120x120.png 120w, https:\/\/akademia-zdrowia.pl\/rzeszow\/wp-content\/uploads\/2022\/12\/Krajowy-Fundusz-Szkoleniowy--220x220.png 220w, https:\/\/akademia-zdrowia.pl\/rzeszow\/wp-content\/uploads\/2022\/12\/Krajowy-Fundusz-Szkoleniowy--390x390.png 390w, https:\/\/akademia-zdrowia.pl\/rzeszow\/wp-content\/uploads\/2022\/12\/Krajowy-Fundusz-Szkoleniowy--1000x1000.png 1000w, https:\/\/akademia-zdrowia.pl\/rzeszow\/wp-content\/uploads\/2022\/12\/Krajowy-Fundusz-Szkoleniowy-.png 1080w\" sizes=\"(max-width: 640px) 100vw, 640px\" \/>\t\t\t\t\t\t\t\t\t\t\t\t\t\t\t<\/div>\n\t\t\t\t<\/div>\n\t\t\t\t\t<\/div>\n\t\t<\/div>\n\t\t\t\t\t<\/div>\n\t\t<\/section>\n\t\t\t\t<div class=\"elementor-element elementor-element-c2aa00e elementor-widget elementor-widget-text-editor\" data-id=\"c2aa00e\" data-element_type=\"widget\" data-e-type=\"widget\" data-widget_type=\"text-editor.default\">\n\t\t\t\t<div class=\"elementor-widget-container\">\n\t\t\t\t\t\t\t\t\t<p>\u00a0<\/p><p>\u00a0<\/p><p>Akademia Zdrowia w Rzeszowie prowadzi indywidualne kursy i szkolenia z zakresu:<\/p><p>Kosmetyki m.in.:<\/p><ul><li>Stylizacja paznokci;<\/li><li>Henna pudrowa z geometri\u0105 brwi;<\/li><li>Stylizacja rz\u0119s 1:1 , Volume\/Mega Volume, Kim Kardashian, Russian Volume;<\/li><\/ul><p>Masa\u017cu m.in.:<\/p><ul><li>Masa\u017c liftinguj\u0105cy twarzy (w po\u0142\u0105czeniu z masa\u017cem twarzy ba\u0144k\u0105);<\/li><li>Masa\u017c ba\u0144k\u0105 chi\u0144sk\u0105 (leczniczy i antycellulitowy);<\/li><li>Masa\u017c relaksacyjny aromaterapeutyczny (z elementami wiedzy o naturalnych olejkach eterycznych);<\/li><li>Masa\u017c Ajurwedyjski;<\/li><li>Refleksologia \u00a0st\u00f3p;<\/li><li>FaceTaping;<\/li><\/ul><p>Weterynarii m.in.:<\/p><ul><li>Dietetyka weterynaryjna;<\/li><li>Behawioryzm;<\/li><li>Grooming;<\/li><\/ul><h4>Zainteresowanych prosimy o kontakt pod nr. telefonu &#8211;\u00a0698 592 960\u00a0<\/h4>\t\t\t\t\t\t\t\t<\/div>\n\t\t\t\t<\/div>\n\t\t\t\t<div class=\"elementor-element elementor-element-843fe3c elementor-arrows-position-inside elementor-pagination-position-outside elementor-widget elementor-widget-image-carousel\" data-id=\"843fe3c\" data-element_type=\"widget\" data-e-type=\"widget\" data-settings=\"{&quot;navigation&quot;:&quot;both&quot;,&quot;autoplay&quot;:&quot;yes&quot;,&quot;pause_on_hover&quot;:&quot;yes&quot;,&quot;pause_on_interaction&quot;:&quot;yes&quot;,&quot;autoplay_speed&quot;:5000,&quot;infinite&quot;:&quot;yes&quot;,&quot;speed&quot;:500}\" data-widget_type=\"image-carousel.default\">\n\t\t\t\t<div class=\"elementor-widget-container\">\n\t\t\t\t\t\t\t<div class=\"elementor-image-carousel-wrapper swiper\" role=\"region\" aria-roledescription=\"carousel\" aria-label=\"Karuzela obrazk\u00f3w\" dir=\"ltr\">\n\t\t\t<div class=\"elementor-image-carousel swiper-wrapper\" aria-live=\"off\">\n\t\t\t\t\t\t\t\t<div class=\"swiper-slide\" role=\"group\" aria-roledescription=\"slide\" aria-label=\"1 z 4\"><figure class=\"swiper-slide-inner\"><img decoding=\"async\" class=\"swiper-slide-image\" src=\"https:\/\/akademia-zdrowia.pl\/rzeszow\/wp-content\/uploads\/elementor\/thumbs\/1-pj92dn4zxwxavwmyf6ek2lpuz0chp6hce70zllvjlc.png\" alt=\"1\" \/><\/figure><\/div><div class=\"swiper-slide\" role=\"group\" aria-roledescription=\"slide\" aria-label=\"2 z 4\"><figure class=\"swiper-slide-inner\"><img decoding=\"async\" class=\"swiper-slide-image\" src=\"https:\/\/akademia-zdrowia.pl\/rzeszow\/wp-content\/uploads\/elementor\/thumbs\/young-woman-enjoy-face-massage-in-spa-scaled-plltwp0wjw7k8y1m2mmrr2a90urygrfaq7ywfyp0q8.jpg\" alt=\"Young caucasian woman relaxing in luxury spa\" \/><\/figure><\/div><div class=\"swiper-slide\" role=\"group\" aria-roledescription=\"slide\" aria-label=\"3 z 4\"><figure class=\"swiper-slide-inner\"><img decoding=\"async\" class=\"swiper-slide-image\" src=\"https:\/\/akademia-zdrowia.pl\/rzeszow\/wp-content\/uploads\/elementor\/thumbs\/haircuting-process-small-dog-sits-on-the-table-dog-with-a-professional-1-scaled-plltxx7bh3w1em9fwnq8i94wxyq7ijaokampzyvils.jpg\" alt=\"Haircuting process. Small dog sits on the table. Dog with a professional.\" \/><\/figure><\/div><div class=\"swiper-slide\" role=\"group\" aria-roledescription=\"slide\" aria-label=\"4 z 4\"><figure class=\"swiper-slide-inner\"><img decoding=\"async\" class=\"swiper-slide-image\" src=\"https:\/\/akademia-zdrowia.pl\/rzeszow\/wp-content\/uploads\/elementor\/thumbs\/haircuting-process-small-dog-sits-on-the-table-dog-with-a-professional-scaled-plltz878ytodj4d6a81kyx9yn8ak7eh9er8zzsxtyo.jpg\" alt=\"Haircuting process. Small dog sits on the table. Dog with a professional.\" \/><\/figure><\/div>\t\t\t<\/div>\n\t\t\t\t\t\t\t\t\t\t\t\t<div class=\"elementor-swiper-button elementor-swiper-button-prev\" role=\"button\" tabindex=\"0\">\n\t\t\t\t\t\t<i aria-hidden=\"true\" class=\"eicon-chevron-left\"><\/i>\t\t\t\t\t<\/div>\n\t\t\t\t\t<div class=\"elementor-swiper-button elementor-swiper-button-next\" role=\"button\" tabindex=\"0\">\n\t\t\t\t\t\t<i aria-hidden=\"true\" class=\"eicon-chevron-right\"><\/i>\t\t\t\t\t<\/div>\n\t\t\t\t\n\t\t\t\t\t\t\t\t\t<div class=\"swiper-pagination\"><\/div>\n\t\t\t\t\t\t\t\t\t<\/div>\n\t\t\t\t\t\t<\/div>\n\t\t\t\t<\/div>\n\t\t\t\t\t<\/div>\n\t\t<\/div>\n\t\t\t\t\t<\/div>\n\t\t<\/section>\n\t\t\t\t<\/div>\n\t\t","protected":false},"excerpt":{"rendered":"<p>Nadchodz\u0105ce szkolenia Nadchodz\u0105ce szkolenia \u00a0 \u00a0 Akademia Zdrowia w Rzeszowie prowadzi indywidualne kursy i szkolenia z zakresu: Kosmetyki m.in.: Stylizacja paznokci; Henna pudrowa z geometri\u0105 brwi; Stylizacja rz\u0119s 1:1 , Volume\/Mega Volume, Kim Kardashian, Russian Volume; Masa\u017cu m.in.: Masa\u017c liftinguj\u0105cy twarzy (w po\u0142\u0105czeniu z masa\u017cem twarzy ba\u0144k\u0105); Masa\u017c ba\u0144k\u0105 chi\u0144sk\u0105 (leczniczy i antycellulitowy); Masa\u017c relaksacyjny&#8230;<\/p>\n","protected":false},"author":1,"featured_media":0,"parent":0,"menu_order":0,"comment_status":"closed","ping_status":"closed","template":"","meta":{"footnotes":""},"class_list":["post-2333","page","type-page","status-publish","hentry"],"yoast_head":"<!-- This site is optimized with the Yoast SEO plugin v26.9 - https:\/\/yoast.com\/product\/yoast-seo-wordpress\/ -->\n<title>Indywidualne kursy i szkolenia - Akademia Zdrowia Rzesz\u00f3w<\/title>\n<meta name=\"robots\" content=\"index, follow, max-snippet:-1, max-image-preview:large, max-video-preview:-1\" \/>\n<link rel=\"canonical\" href=\"https:\/\/akademia-zdrowia.pl\/rzeszow\/indywidualne-kursy-i-szkolenia\/\" \/>\n<meta property=\"og:locale\" content=\"pl_PL\" \/>\n<meta property=\"og:type\" content=\"article\" \/>\n<meta property=\"og:title\" content=\"Indywidualne kursy i szkolenia - Akademia Zdrowia Rzesz\u00f3w\" \/>\n<meta property=\"og:description\" content=\"Nadchodz\u0105ce szkolenia Nadchodz\u0105ce szkolenia \u00a0 \u00a0 Akademia Zdrowia w Rzeszowie prowadzi indywidualne kursy i szkolenia z zakresu: Kosmetyki m.in.: Stylizacja paznokci; Henna pudrowa z geometri\u0105 brwi; Stylizacja rz\u0119s 1:1 , Volume\/Mega Volume, Kim Kardashian, Russian Volume; Masa\u017cu m.in.: Masa\u017c liftinguj\u0105cy twarzy (w po\u0142\u0105czeniu z masa\u017cem twarzy ba\u0144k\u0105); Masa\u017c ba\u0144k\u0105 chi\u0144sk\u0105 (leczniczy i antycellulitowy); Masa\u017c relaksacyjny...\" \/>\n<meta property=\"og:url\" content=\"https:\/\/akademia-zdrowia.pl\/rzeszow\/indywidualne-kursy-i-szkolenia\/\" \/>\n<meta property=\"og:site_name\" content=\"Akademia Zdrowia Rzesz\u00f3w\" \/>\n<meta property=\"article:modified_time\" content=\"2022-12-12T08:49:48+00:00\" \/>\n<meta property=\"og:image\" content=\"https:\/\/akademia-zdrowia.pl\/rzeszow\/wp-content\/uploads\/2022\/12\/Krajowy-Fundusz-Szkoleniowy--1024x1024.png\" \/>\n<meta name=\"twitter:card\" content=\"summary_large_image\" \/>\n<meta name=\"twitter:label1\" content=\"Szacowany czas czytania\" \/>\n\t<meta name=\"twitter:data1\" content=\"3 minuty\" \/>\n<script type=\"application\/ld+json\" class=\"yoast-schema-graph\">{\"@context\":\"https:\/\/schema.org\",\"@graph\":[{\"@type\":\"WebPage\",\"@id\":\"https:\/\/akademia-zdrowia.pl\/rzeszow\/indywidualne-kursy-i-szkolenia\/\",\"url\":\"https:\/\/akademia-zdrowia.pl\/rzeszow\/indywidualne-kursy-i-szkolenia\/\",\"name\":\"Indywidualne kursy i szkolenia - Akademia Zdrowia Rzesz\u00f3w\",\"isPartOf\":{\"@id\":\"https:\/\/akademia-zdrowia.pl\/rzeszow\/#website\"},\"primaryImageOfPage\":{\"@id\":\"https:\/\/akademia-zdrowia.pl\/rzeszow\/indywidualne-kursy-i-szkolenia\/#primaryimage\"},\"image\":{\"@id\":\"https:\/\/akademia-zdrowia.pl\/rzeszow\/indywidualne-kursy-i-szkolenia\/#primaryimage\"},\"thumbnailUrl\":\"https:\/\/akademia-zdrowia.pl\/rzeszow\/wp-content\/uploads\/2022\/12\/Krajowy-Fundusz-Szkoleniowy--1024x1024.png\",\"datePublished\":\"2021-10-03T08:06:11+00:00\",\"dateModified\":\"2022-12-12T08:49:48+00:00\",\"breadcrumb\":{\"@id\":\"https:\/\/akademia-zdrowia.pl\/rzeszow\/indywidualne-kursy-i-szkolenia\/#breadcrumb\"},\"inLanguage\":\"pl-PL\",\"potentialAction\":[{\"@type\":\"ReadAction\",\"target\":[\"https:\/\/akademia-zdrowia.pl\/rzeszow\/indywidualne-kursy-i-szkolenia\/\"]}]},{\"@type\":\"ImageObject\",\"inLanguage\":\"pl-PL\",\"@id\":\"https:\/\/akademia-zdrowia.pl\/rzeszow\/indywidualne-kursy-i-szkolenia\/#primaryimage\",\"url\":\"https:\/\/akademia-zdrowia.pl\/rzeszow\/wp-content\/uploads\/2022\/12\/Krajowy-Fundusz-Szkoleniowy-.png\",\"contentUrl\":\"https:\/\/akademia-zdrowia.pl\/rzeszow\/wp-content\/uploads\/2022\/12\/Krajowy-Fundusz-Szkoleniowy-.png\",\"width\":1080,\"height\":1080},{\"@type\":\"BreadcrumbList\",\"@id\":\"https:\/\/akademia-zdrowia.pl\/rzeszow\/indywidualne-kursy-i-szkolenia\/#breadcrumb\",\"itemListElement\":[{\"@type\":\"ListItem\",\"position\":1,\"name\":\"Strona g\u0142\u00f3wna\",\"item\":\"https:\/\/akademia-zdrowia.pl\/rzeszow\/\"},{\"@type\":\"ListItem\",\"position\":2,\"name\":\"Indywidualne kursy i szkolenia\"}]},{\"@type\":\"WebSite\",\"@id\":\"https:\/\/akademia-zdrowia.pl\/rzeszow\/#website\",\"url\":\"https:\/\/akademia-zdrowia.pl\/rzeszow\/\",\"name\":\"Akademia Zdrowia Rzesz\u00f3w\",\"description\":\"\",\"potentialAction\":[{\"@type\":\"SearchAction\",\"target\":{\"@type\":\"EntryPoint\",\"urlTemplate\":\"https:\/\/akademia-zdrowia.pl\/rzeszow\/?s={search_term_string}\"},\"query-input\":{\"@type\":\"PropertyValueSpecification\",\"valueRequired\":true,\"valueName\":\"search_term_string\"}}],\"inLanguage\":\"pl-PL\"}]}<\/script>\n<!-- \/ Yoast SEO plugin. -->","yoast_head_json":{"title":"Indywidualne kursy i szkolenia - Akademia Zdrowia Rzesz\u00f3w","robots":{"index":"index","follow":"follow","max-snippet":"max-snippet:-1","max-image-preview":"max-image-preview:large","max-video-preview":"max-video-preview:-1"},"canonical":"https:\/\/akademia-zdrowia.pl\/rzeszow\/indywidualne-kursy-i-szkolenia\/","og_locale":"pl_PL","og_type":"article","og_title":"Indywidualne kursy i szkolenia - Akademia Zdrowia Rzesz\u00f3w","og_description":"Nadchodz\u0105ce szkolenia Nadchodz\u0105ce szkolenia \u00a0 \u00a0 Akademia Zdrowia w Rzeszowie prowadzi indywidualne kursy i szkolenia z zakresu: Kosmetyki m.in.: Stylizacja paznokci; Henna pudrowa z geometri\u0105 brwi; Stylizacja rz\u0119s 1:1 , Volume\/Mega Volume, Kim Kardashian, Russian Volume; Masa\u017cu m.in.: Masa\u017c liftinguj\u0105cy twarzy (w po\u0142\u0105czeniu z masa\u017cem twarzy ba\u0144k\u0105); Masa\u017c ba\u0144k\u0105 chi\u0144sk\u0105 (leczniczy i antycellulitowy); Masa\u017c relaksacyjny...","og_url":"https:\/\/akademia-zdrowia.pl\/rzeszow\/indywidualne-kursy-i-szkolenia\/","og_site_name":"Akademia Zdrowia Rzesz\u00f3w","article_modified_time":"2022-12-12T08:49:48+00:00","og_image":[{"url":"https:\/\/akademia-zdrowia.pl\/rzeszow\/wp-content\/uploads\/2022\/12\/Krajowy-Fundusz-Szkoleniowy--1024x1024.png","type":"","width":"","height":""}],"twitter_card":"summary_large_image","twitter_misc":{"Szacowany czas czytania":"3 minuty"},"schema":{"@context":"https:\/\/schema.org","@graph":[{"@type":"WebPage","@id":"https:\/\/akademia-zdrowia.pl\/rzeszow\/indywidualne-kursy-i-szkolenia\/","url":"https:\/\/akademia-zdrowia.pl\/rzeszow\/indywidualne-kursy-i-szkolenia\/","name":"Indywidualne kursy i szkolenia - Akademia Zdrowia Rzesz\u00f3w","isPartOf":{"@id":"https:\/\/akademia-zdrowia.pl\/rzeszow\/#website"},"primaryImageOfPage":{"@id":"https:\/\/akademia-zdrowia.pl\/rzeszow\/indywidualne-kursy-i-szkolenia\/#primaryimage"},"image":{"@id":"https:\/\/akademia-zdrowia.pl\/rzeszow\/indywidualne-kursy-i-szkolenia\/#primaryimage"},"thumbnailUrl":"https:\/\/akademia-zdrowia.pl\/rzeszow\/wp-content\/uploads\/2022\/12\/Krajowy-Fundusz-Szkoleniowy--1024x1024.png","datePublished":"2021-10-03T08:06:11+00:00","dateModified":"2022-12-12T08:49:48+00:00","breadcrumb":{"@id":"https:\/\/akademia-zdrowia.pl\/rzeszow\/indywidualne-kursy-i-szkolenia\/#breadcrumb"},"inLanguage":"pl-PL","potentialAction":[{"@type":"ReadAction","target":["https:\/\/akademia-zdrowia.pl\/rzeszow\/indywidualne-kursy-i-szkolenia\/"]}]},{"@type":"ImageObject","inLanguage":"pl-PL","@id":"https:\/\/akademia-zdrowia.pl\/rzeszow\/indywidualne-kursy-i-szkolenia\/#primaryimage","url":"https:\/\/akademia-zdrowia.pl\/rzeszow\/wp-content\/uploads\/2022\/12\/Krajowy-Fundusz-Szkoleniowy-.png","contentUrl":"https:\/\/akademia-zdrowia.pl\/rzeszow\/wp-content\/uploads\/2022\/12\/Krajowy-Fundusz-Szkoleniowy-.png","width":1080,"height":1080},{"@type":"BreadcrumbList","@id":"https:\/\/akademia-zdrowia.pl\/rzeszow\/indywidualne-kursy-i-szkolenia\/#breadcrumb","itemListElement":[{"@type":"ListItem","position":1,"name":"Strona g\u0142\u00f3wna","item":"https:\/\/akademia-zdrowia.pl\/rzeszow\/"},{"@type":"ListItem","position":2,"name":"Indywidualne kursy i szkolenia"}]},{"@type":"WebSite","@id":"https:\/\/akademia-zdrowia.pl\/rzeszow\/#website","url":"https:\/\/akademia-zdrowia.pl\/rzeszow\/","name":"Akademia Zdrowia Rzesz\u00f3w","description":"","potentialAction":[{"@type":"SearchAction","target":{"@type":"EntryPoint","urlTemplate":"https:\/\/akademia-zdrowia.pl\/rzeszow\/?s={search_term_string}"},"query-input":{"@type":"PropertyValueSpecification","valueRequired":true,"valueName":"search_term_string"}}],"inLanguage":"pl-PL"}]}},"_links":{"self":[{"href":"https:\/\/akademia-zdrowia.pl\/rzeszow\/wp-json\/wp\/v2\/pages\/2333","targetHints":{"allow":["GET"]}}],"collection":[{"href":"https:\/\/akademia-zdrowia.pl\/rzeszow\/wp-json\/wp\/v2\/pages"}],"about":[{"href":"https:\/\/akademia-zdrowia.pl\/rzeszow\/wp-json\/wp\/v2\/types\/page"}],"author":[{"embeddable":true,"href":"https:\/\/akademia-zdrowia.pl\/rzeszow\/wp-json\/wp\/v2\/users\/1"}],"replies":[{"embeddable":true,"href":"https:\/\/akademia-zdrowia.pl\/rzeszow\/wp-json\/wp\/v2\/comments?post=2333"}],"version-history":[{"count":66,"href":"https:\/\/akademia-zdrowia.pl\/rzeszow\/wp-json\/wp\/v2\/pages\/2333\/revisions"}],"predecessor-version":[{"id":3200,"href":"https:\/\/akademia-zdrowia.pl\/rzeszow\/wp-json\/wp\/v2\/pages\/2333\/revisions\/3200"}],"wp:attachment":[{"href":"https:\/\/akademia-zdrowia.pl\/rzeszow\/wp-json\/wp\/v2\/media?parent=2333"}],"curies":[{"name":"wp","href":"https:\/\/api.w.org\/{rel}","templated":true}]}}