{"id":305,"date":"2018-01-10T09:10:30","date_gmt":"2018-01-10T08:10:30","guid":{"rendered":"http:\/\/www.akademia-zdrowia.pl\/lodz\/?page_id=305"},"modified":"2018-01-10T09:10:30","modified_gmt":"2018-01-10T08:10:30","slug":"technik-weterynarii","status":"publish","type":"page","link":"https:\/\/akademia-zdrowia.pl\/rzeszow\/oferta-szkoleniowa\/technik-weterynarii\/","title":{"rendered":"Technik weterynarii"},"content":{"rendered":"<p><span style=\"font-size: 19px;\"><strong>HARMONOGRAM KURS\u00d3W DLA PIEL\u0118GNIAREK:<\/strong><\/span><\/p>\n<ul style=\"list-style-type: disc;\">\n<li><span style=\"font-size: 18px;\"><strong>Wywiad i badanie fizykalne &#8211; <span style=\"color: #ff0000;\">26.10.2019<\/span><\/strong><\/span><\/li>\n<li><span style=\"font-size: 18px;\"><strong>EKG &#8211; <span style=\"color: #ff0000;\">12.10.2019<\/span><\/strong><\/span><\/li>\n<li><span style=\"font-size: 18px;\"><strong>RKO &#8211; <span style=\"color: #ff0000;\">05.10.2019<\/span><\/strong><\/span><\/li>\n<li><span style=\"font-size: 18px;\"><strong>ROK noworodka &#8211; <span style=\"color: #ff0000;\">02.11.2019<\/span><\/strong><\/span><\/li>\n<\/ul>\n<p><img fetchpriority=\"high\" decoding=\"async\" class=\"aligncenter size-full wp-image-1472\" src=\"https:\/\/akademia-zdrowia.pl\/rzeszow\/wp-content\/uploads\/sites\/6\/2019\/09\/zdjecia-na-www14.png\" alt=\"\" width=\"750\" height=\"420\" \/><\/p>\n","protected":false},"excerpt":{"rendered":"<p>HARMONOGRAM KURS\u00d3W DLA PIEL\u0118GNIAREK: Wywiad i badanie fizykalne &#8211; 26.10.2019 EKG &#8211; 12.10.2019 RKO &#8211; 05.10.2019 ROK noworodka &#8211; 02.11.2019<\/p>\n","protected":false},"author":1,"featured_media":0,"parent":29,"menu_order":0,"comment_status":"closed","ping_status":"closed","template":"oferta-podstrona.php","meta":{"footnotes":""},"class_list":["post-305","page","type-page","status-publish","hentry"],"yoast_head":"<!-- This site is optimized with the Yoast SEO plugin v26.9 - https:\/\/yoast.com\/product\/yoast-seo-wordpress\/ -->\n<title>Technik weterynarii - Akademia Zdrowia Rzesz\u00f3w<\/title>\n<meta name=\"robots\" content=\"index, follow, max-snippet:-1, max-image-preview:large, max-video-preview:-1\" \/>\n<link rel=\"canonical\" href=\"https:\/\/akademia-zdrowia.pl\/rzeszow\/oferta-szkoleniowa\/technik-weterynarii\/\" \/>\n<meta property=\"og:locale\" content=\"pl_PL\" \/>\n<meta property=\"og:type\" content=\"article\" \/>\n<meta property=\"og:title\" content=\"Technik weterynarii - Akademia Zdrowia Rzesz\u00f3w\" \/>\n<meta property=\"og:description\" content=\"HARMONOGRAM KURS\u00d3W DLA PIEL\u0118GNIAREK: Wywiad i badanie fizykalne &#8211; 26.10.2019 EKG &#8211; 12.10.2019 RKO &#8211; 05.10.2019 ROK noworodka &#8211; 02.11.2019\" \/>\n<meta property=\"og:url\" content=\"https:\/\/akademia-zdrowia.pl\/rzeszow\/oferta-szkoleniowa\/technik-weterynarii\/\" \/>\n<meta property=\"og:site_name\" content=\"Akademia Zdrowia Rzesz\u00f3w\" \/>\n<meta property=\"og:image\" content=\"https:\/\/akademia-zdrowia.pl\/rzeszow\/wp-content\/uploads\/sites\/6\/2019\/09\/zdjecia-na-www14.png\" \/>\n<meta name=\"twitter:card\" content=\"summary_large_image\" \/>\n<script type=\"application\/ld+json\" class=\"yoast-schema-graph\">{\"@context\":\"https:\/\/schema.org\",\"@graph\":[{\"@type\":\"WebPage\",\"@id\":\"https:\/\/akademia-zdrowia.pl\/rzeszow\/oferta-szkoleniowa\/technik-weterynarii\/\",\"url\":\"https:\/\/akademia-zdrowia.pl\/rzeszow\/oferta-szkoleniowa\/technik-weterynarii\/\",\"name\":\"Technik weterynarii - Akademia Zdrowia Rzesz\u00f3w\",\"isPartOf\":{\"@id\":\"https:\/\/akademia-zdrowia.pl\/rzeszow\/#website\"},\"primaryImageOfPage\":{\"@id\":\"https:\/\/akademia-zdrowia.pl\/rzeszow\/oferta-szkoleniowa\/technik-weterynarii\/#primaryimage\"},\"image\":{\"@id\":\"https:\/\/akademia-zdrowia.pl\/rzeszow\/oferta-szkoleniowa\/technik-weterynarii\/#primaryimage\"},\"thumbnailUrl\":\"https:\/\/akademia-zdrowia.pl\/rzeszow\/wp-content\/uploads\/sites\/6\/2019\/09\/zdjecia-na-www14.png\",\"datePublished\":\"2018-01-10T08:10:30+00:00\",\"breadcrumb\":{\"@id\":\"https:\/\/akademia-zdrowia.pl\/rzeszow\/oferta-szkoleniowa\/technik-weterynarii\/#breadcrumb\"},\"inLanguage\":\"pl-PL\",\"potentialAction\":[{\"@type\":\"ReadAction\",\"target\":[\"https:\/\/akademia-zdrowia.pl\/rzeszow\/oferta-szkoleniowa\/technik-weterynarii\/\"]}]},{\"@type\":\"ImageObject\",\"inLanguage\":\"pl-PL\",\"@id\":\"https:\/\/akademia-zdrowia.pl\/rzeszow\/oferta-szkoleniowa\/technik-weterynarii\/#primaryimage\",\"url\":\"https:\/\/akademia-zdrowia.pl\/rzeszow\/wp-content\/uploads\/sites\/6\/2019\/09\/zdjecia-na-www14.png\",\"contentUrl\":\"https:\/\/akademia-zdrowia.pl\/rzeszow\/wp-content\/uploads\/sites\/6\/2019\/09\/zdjecia-na-www14.png\"},{\"@type\":\"BreadcrumbList\",\"@id\":\"https:\/\/akademia-zdrowia.pl\/rzeszow\/oferta-szkoleniowa\/technik-weterynarii\/#breadcrumb\",\"itemListElement\":[{\"@type\":\"ListItem\",\"position\":1,\"name\":\"Strona g\u0142\u00f3wna\",\"item\":\"https:\/\/akademia-zdrowia.pl\/rzeszow\/\"},{\"@type\":\"ListItem\",\"position\":2,\"name\":\"Oferta szkoleniowa\",\"item\":\"https:\/\/akademia-zdrowia.pl\/rzeszow\/oferta-szkoleniowa\/\"},{\"@type\":\"ListItem\",\"position\":3,\"name\":\"Technik weterynarii\"}]},{\"@type\":\"WebSite\",\"@id\":\"https:\/\/akademia-zdrowia.pl\/rzeszow\/#website\",\"url\":\"https:\/\/akademia-zdrowia.pl\/rzeszow\/\",\"name\":\"Akademia Zdrowia Rzesz\u00f3w\",\"description\":\"\",\"potentialAction\":[{\"@type\":\"SearchAction\",\"target\":{\"@type\":\"EntryPoint\",\"urlTemplate\":\"https:\/\/akademia-zdrowia.pl\/rzeszow\/?s={search_term_string}\"},\"query-input\":{\"@type\":\"PropertyValueSpecification\",\"valueRequired\":true,\"valueName\":\"search_term_string\"}}],\"inLanguage\":\"pl-PL\"}]}<\/script>\n<!-- \/ Yoast SEO plugin. -->","yoast_head_json":{"title":"Technik weterynarii - Akademia Zdrowia Rzesz\u00f3w","robots":{"index":"index","follow":"follow","max-snippet":"max-snippet:-1","max-image-preview":"max-image-preview:large","max-video-preview":"max-video-preview:-1"},"canonical":"https:\/\/akademia-zdrowia.pl\/rzeszow\/oferta-szkoleniowa\/technik-weterynarii\/","og_locale":"pl_PL","og_type":"article","og_title":"Technik weterynarii - Akademia Zdrowia Rzesz\u00f3w","og_description":"HARMONOGRAM KURS\u00d3W DLA PIEL\u0118GNIAREK: Wywiad i badanie fizykalne &#8211; 26.10.2019 EKG &#8211; 12.10.2019 RKO &#8211; 05.10.2019 ROK noworodka &#8211; 02.11.2019","og_url":"https:\/\/akademia-zdrowia.pl\/rzeszow\/oferta-szkoleniowa\/technik-weterynarii\/","og_site_name":"Akademia Zdrowia Rzesz\u00f3w","og_image":[{"url":"https:\/\/akademia-zdrowia.pl\/rzeszow\/wp-content\/uploads\/sites\/6\/2019\/09\/zdjecia-na-www14.png","type":"","width":"","height":""}],"twitter_card":"summary_large_image","schema":{"@context":"https:\/\/schema.org","@graph":[{"@type":"WebPage","@id":"https:\/\/akademia-zdrowia.pl\/rzeszow\/oferta-szkoleniowa\/technik-weterynarii\/","url":"https:\/\/akademia-zdrowia.pl\/rzeszow\/oferta-szkoleniowa\/technik-weterynarii\/","name":"Technik weterynarii - Akademia Zdrowia Rzesz\u00f3w","isPartOf":{"@id":"https:\/\/akademia-zdrowia.pl\/rzeszow\/#website"},"primaryImageOfPage":{"@id":"https:\/\/akademia-zdrowia.pl\/rzeszow\/oferta-szkoleniowa\/technik-weterynarii\/#primaryimage"},"image":{"@id":"https:\/\/akademia-zdrowia.pl\/rzeszow\/oferta-szkoleniowa\/technik-weterynarii\/#primaryimage"},"thumbnailUrl":"https:\/\/akademia-zdrowia.pl\/rzeszow\/wp-content\/uploads\/sites\/6\/2019\/09\/zdjecia-na-www14.png","datePublished":"2018-01-10T08:10:30+00:00","breadcrumb":{"@id":"https:\/\/akademia-zdrowia.pl\/rzeszow\/oferta-szkoleniowa\/technik-weterynarii\/#breadcrumb"},"inLanguage":"pl-PL","potentialAction":[{"@type":"ReadAction","target":["https:\/\/akademia-zdrowia.pl\/rzeszow\/oferta-szkoleniowa\/technik-weterynarii\/"]}]},{"@type":"ImageObject","inLanguage":"pl-PL","@id":"https:\/\/akademia-zdrowia.pl\/rzeszow\/oferta-szkoleniowa\/technik-weterynarii\/#primaryimage","url":"https:\/\/akademia-zdrowia.pl\/rzeszow\/wp-content\/uploads\/sites\/6\/2019\/09\/zdjecia-na-www14.png","contentUrl":"https:\/\/akademia-zdrowia.pl\/rzeszow\/wp-content\/uploads\/sites\/6\/2019\/09\/zdjecia-na-www14.png"},{"@type":"BreadcrumbList","@id":"https:\/\/akademia-zdrowia.pl\/rzeszow\/oferta-szkoleniowa\/technik-weterynarii\/#breadcrumb","itemListElement":[{"@type":"ListItem","position":1,"name":"Strona g\u0142\u00f3wna","item":"https:\/\/akademia-zdrowia.pl\/rzeszow\/"},{"@type":"ListItem","position":2,"name":"Oferta szkoleniowa","item":"https:\/\/akademia-zdrowia.pl\/rzeszow\/oferta-szkoleniowa\/"},{"@type":"ListItem","position":3,"name":"Technik weterynarii"}]},{"@type":"WebSite","@id":"https:\/\/akademia-zdrowia.pl\/rzeszow\/#website","url":"https:\/\/akademia-zdrowia.pl\/rzeszow\/","name":"Akademia Zdrowia Rzesz\u00f3w","description":"","potentialAction":[{"@type":"SearchAction","target":{"@type":"EntryPoint","urlTemplate":"https:\/\/akademia-zdrowia.pl\/rzeszow\/?s={search_term_string}"},"query-input":{"@type":"PropertyValueSpecification","valueRequired":true,"valueName":"search_term_string"}}],"inLanguage":"pl-PL"}]}},"_links":{"self":[{"href":"https:\/\/akademia-zdrowia.pl\/rzeszow\/wp-json\/wp\/v2\/pages\/305","targetHints":{"allow":["GET"]}}],"collection":[{"href":"https:\/\/akademia-zdrowia.pl\/rzeszow\/wp-json\/wp\/v2\/pages"}],"about":[{"href":"https:\/\/akademia-zdrowia.pl\/rzeszow\/wp-json\/wp\/v2\/types\/page"}],"author":[{"embeddable":true,"href":"https:\/\/akademia-zdrowia.pl\/rzeszow\/wp-json\/wp\/v2\/users\/1"}],"replies":[{"embeddable":true,"href":"https:\/\/akademia-zdrowia.pl\/rzeszow\/wp-json\/wp\/v2\/comments?post=305"}],"version-history":[{"count":0,"href":"https:\/\/akademia-zdrowia.pl\/rzeszow\/wp-json\/wp\/v2\/pages\/305\/revisions"}],"up":[{"embeddable":true,"href":"https:\/\/akademia-zdrowia.pl\/rzeszow\/wp-json\/wp\/v2\/pages\/29"}],"wp:attachment":[{"href":"https:\/\/akademia-zdrowia.pl\/rzeszow\/wp-json\/wp\/v2\/media?parent=305"}],"curies":[{"name":"wp","href":"https:\/\/api.w.org\/{rel}","templated":true}]}}