{"id":3417,"date":"2024-06-09T09:30:06","date_gmt":"2024-06-09T07:30:06","guid":{"rendered":"https:\/\/akademia-zdrowia.pl\/rzeszow\/?page_id=3417"},"modified":"2024-09-10T00:58:30","modified_gmt":"2024-09-09T22:58:30","slug":"stylizacja-paznokci","status":"publish","type":"page","link":"https:\/\/akademia-zdrowia.pl\/rzeszow\/kursy-i-szkolenia\/stylizacja-paznokci\/","title":{"rendered":"Stylizacja paznokci"},"content":{"rendered":"\t\t<div data-elementor-type=\"wp-page\" data-elementor-id=\"3417\" class=\"elementor elementor-3417\" data-elementor-post-type=\"page\">\n\t\t\t\t\t\t<section class=\"elementor-section elementor-top-section elementor-element elementor-element-1ccfa851 elementor-section-boxed elementor-section-height-default elementor-section-height-default\" data-id=\"1ccfa851\" data-element_type=\"section\" data-e-type=\"section\">\n\t\t\t\t\t\t<div class=\"elementor-container elementor-column-gap-default\">\n\t\t\t\t\t<div class=\"elementor-column elementor-col-100 elementor-top-column elementor-element elementor-element-3d72c10a\" data-id=\"3d72c10a\" data-element_type=\"column\" data-e-type=\"column\">\n\t\t\t<div class=\"elementor-widget-wrap elementor-element-populated\">\n\t\t\t\t\t\t<div class=\"elementor-element elementor-element-7a0c1ead elementor-widget elementor-widget-rs-heading\" data-id=\"7a0c1ead\" data-element_type=\"widget\" data-e-type=\"widget\" data-widget_type=\"rs-heading.default\">\n\t\t\t\t<div class=\"elementor-widget-container\">\n\t\t\t\t\t        <div class=\"rs-heading default \">\r\n        \t<div class=\"title-inner\">\r\n        \t\t      \t\t\r\n\t            <span class=\"sub-text \">AKADEMIA ZDROWIA DLA BRAN\u017bY BEAUTY<\/span><h2 class=\"title\"><span class=\"watermark\"><\/span>Stylizacja paznokci<\/h2>\t        <\/div>\r\n\t                <\/div>\r\n        \t\t\t\t<\/div>\n\t\t\t\t<\/div>\n\t\t\t\t\t<\/div>\n\t\t<\/div>\n\t\t\t\t\t<\/div>\n\t\t<\/section>\n\t\t\t\t<section class=\"elementor-section elementor-top-section elementor-element elementor-element-bd44323 elementor-section-boxed elementor-section-height-default elementor-section-height-default\" data-id=\"bd44323\" data-element_type=\"section\" data-e-type=\"section\">\n\t\t\t\t\t\t<div class=\"elementor-container elementor-column-gap-default\">\n\t\t\t\t\t<div class=\"elementor-column elementor-col-25 elementor-top-column elementor-element elementor-element-6a2d0b6\" data-id=\"6a2d0b6\" data-element_type=\"column\" data-e-type=\"column\">\n\t\t\t<div class=\"elementor-widget-wrap elementor-element-populated\">\n\t\t\t\t\t\t<div class=\"elementor-element elementor-element-49e417b3 elementor-widget elementor-widget-rs-image-hover-effect\" data-id=\"49e417b3\" data-element_type=\"widget\" data-e-type=\"widget\" data-widget_type=\"rs-image-hover-effect.default\">\n\t\t\t\t<div class=\"elementor-widget-container\">\n\t\t\t\t\t\n        <div class=\"rs-image-hover-effect\">\n       \n                   \n\n            <div class=\"animation-effect default\">\n                \n                        \n                <div class=\"image-part\">\n                                            <div class=\"image-overlay\"><\/div>\n                                        <img fetchpriority=\"high\" decoding=\"async\" width=\"640\" height=\"426\" src=\"https:\/\/akademia-zdrowia.pl\/rzeszow\/wp-content\/uploads\/2024\/08\/manicure-3-768x511.png\" class=\"attachment-medium_large size-medium_large\" alt=\"\" srcset=\"https:\/\/akademia-zdrowia.pl\/rzeszow\/wp-content\/uploads\/2024\/08\/manicure-3-768x511.png 768w, https:\/\/akademia-zdrowia.pl\/rzeszow\/wp-content\/uploads\/2024\/08\/manicure-3-300x200.png 300w, https:\/\/akademia-zdrowia.pl\/rzeszow\/wp-content\/uploads\/2024\/08\/manicure-3-500x333.png 500w, https:\/\/akademia-zdrowia.pl\/rzeszow\/wp-content\/uploads\/2024\/08\/manicure-3.png 1000w\" sizes=\"(max-width: 640px) 100vw, 640px\" \/> \n\n                                        <\/div>\n                                    <div class=\"image-content\">\n                         \n                         \n                                                    <div class=\"title-part\">\n                                                            \n                                <div class=\"image-title-part\">\n                                    <h2  class=\"image-title\"> <a href=\"https:\/\/akademia-zdrowia.pl\/rzeszow\/kursy-i-szkolenia\/stylizacja-paznokci\/manicure-i-pielegnacja-dloni\/\" > Manicure i stylizacja d\u0142oni<\/a><\/h2>\n                                <\/div>\n                            <\/div>\n                            \n                            \n                                                            <div class=\"button-part top\">\n                                                                        <a class=\"btn-text image-btn icon-after\" href=\"\" >             \n                                        <span class=\"btn-text\"> Zobacz szczeg\u00f3\u0142y<\/span>\n                                                                                    <i class=\"fa fa fa-angle-right\"><\/i>\n                                                                            <\/a>\n                                <\/div>\n                                                <\/div>                   \n                            <\/div>\n        <\/div>        \n    \t\t\t\t<\/div>\n\t\t\t\t<\/div>\n\t\t\t\t\t<\/div>\n\t\t<\/div>\n\t\t\t\t<div class=\"elementor-column elementor-col-25 elementor-top-column elementor-element elementor-element-54ce5e38\" data-id=\"54ce5e38\" data-element_type=\"column\" data-e-type=\"column\">\n\t\t\t<div class=\"elementor-widget-wrap elementor-element-populated\">\n\t\t\t\t\t\t<div class=\"elementor-element elementor-element-5781e0ba elementor-widget elementor-widget-rs-image-hover-effect\" data-id=\"5781e0ba\" data-element_type=\"widget\" data-e-type=\"widget\" data-widget_type=\"rs-image-hover-effect.default\">\n\t\t\t\t<div class=\"elementor-widget-container\">\n\t\t\t\t\t\n        <div class=\"rs-image-hover-effect\">\n       \n                   \n\n            <div class=\"animation-effect default\">\n                \n                        \n                <div class=\"image-part\">\n                                            <div class=\"image-overlay\"><\/div>\n                                        <img decoding=\"async\" width=\"640\" height=\"426\" src=\"https:\/\/akademia-zdrowia.pl\/rzeszow\/wp-content\/uploads\/2024\/08\/hybrydowy-manicure-768x511.png\" class=\"attachment-medium_large size-medium_large\" alt=\"\" srcset=\"https:\/\/akademia-zdrowia.pl\/rzeszow\/wp-content\/uploads\/2024\/08\/hybrydowy-manicure-768x511.png 768w, https:\/\/akademia-zdrowia.pl\/rzeszow\/wp-content\/uploads\/2024\/08\/hybrydowy-manicure-300x200.png 300w, https:\/\/akademia-zdrowia.pl\/rzeszow\/wp-content\/uploads\/2024\/08\/hybrydowy-manicure-500x333.png 500w, https:\/\/akademia-zdrowia.pl\/rzeszow\/wp-content\/uploads\/2024\/08\/hybrydowy-manicure.png 1000w\" sizes=\"(max-width: 640px) 100vw, 640px\" \/> \n\n                                        <\/div>\n                                    <div class=\"image-content\">\n                         \n                         \n                                                    <div class=\"title-part\">\n                                                            \n                                <div class=\"image-title-part\">\n                                    <h2  class=\"image-title\"> <a href=\"\/rzeszow\/kursy-i-szkolenia\/stylizacja-paznokci\/manicure-hybrydowy\/\" >  Manicure hybrydowy<\/a><\/h2>\n                                <\/div>\n                            <\/div>\n                            \n                            \n                                                            <div class=\"button-part top\">\n                                                                        <a class=\"btn-text image-btn icon-after\" href=\"\" >             \n                                        <span class=\"btn-text\"> Zobacz szczeg\u00f3\u0142y<\/span>\n                                                                                    <i class=\"fa fa fa-angle-right\"><\/i>\n                                                                            <\/a>\n                                <\/div>\n                                                <\/div>                   \n                            <\/div>\n        <\/div>        \n    \t\t\t\t<\/div>\n\t\t\t\t<\/div>\n\t\t\t\t\t<\/div>\n\t\t<\/div>\n\t\t\t\t<div class=\"elementor-column elementor-col-25 elementor-top-column elementor-element elementor-element-193a29a6\" data-id=\"193a29a6\" data-element_type=\"column\" data-e-type=\"column\">\n\t\t\t<div class=\"elementor-widget-wrap\">\n\t\t\t\t\t\t\t<\/div>\n\t\t<\/div>\n\t\t\t\t<div class=\"elementor-column elementor-col-25 elementor-top-column elementor-element elementor-element-28017be6\" data-id=\"28017be6\" data-element_type=\"column\" data-e-type=\"column\">\n\t\t\t<div class=\"elementor-widget-wrap\">\n\t\t\t\t\t\t\t<\/div>\n\t\t<\/div>\n\t\t\t\t\t<\/div>\n\t\t<\/section>\n\t\t\t\t<section class=\"elementor-section elementor-top-section elementor-element elementor-element-bd00a80 elementor-section-boxed elementor-section-height-default elementor-section-height-default\" data-id=\"bd00a80\" data-element_type=\"section\" data-e-type=\"section\" data-settings=\"{&quot;background_background&quot;:&quot;classic&quot;}\">\n\t\t\t\t\t\t<div class=\"elementor-container elementor-column-gap-default\">\n\t\t\t\t\t<div class=\"elementor-column elementor-col-50 elementor-top-column elementor-element elementor-element-220bff08\" data-id=\"220bff08\" data-element_type=\"column\" data-e-type=\"column\" data-settings=\"{&quot;background_background&quot;:&quot;classic&quot;}\">\n\t\t\t<div class=\"elementor-widget-wrap elementor-element-populated\">\n\t\t\t\t\t\t<div class=\"elementor-element elementor-element-59b680b6 elementor-widget-mobile__width-initial elementor-widget elementor-widget-rs-heading\" data-id=\"59b680b6\" data-element_type=\"widget\" data-e-type=\"widget\" data-widget_type=\"rs-heading.default\">\n\t\t\t\t<div class=\"elementor-widget-container\">\n\t\t\t\t\t        <div class=\"rs-heading default \">\r\n        \t<div class=\"title-inner\">\r\n        \t\t      \t\t\r\n\t            <span class=\"sub-text \">MASZ PYTANIA<\/span><h2 class=\"title\"><span class=\"watermark\"><\/span>Skontaktuj  si\u0119 z nami!<\/h2>\t        <\/div>\r\n\t                    \t<div class=\"description\">\r\n            \t\t<p>Kliknij aby zadzwoni\u0107 do opiekuna kurs\u00f3w beauty.<\/p>            \t\t\r\n            \t<\/div>\r\n        \t        <\/div>\r\n        \t\t\t\t<\/div>\n\t\t\t\t<\/div>\n\t\t\t\t<div class=\"elementor-element elementor-element-7f4ea232 elementor-widget elementor-widget-rs-button\" data-id=\"7f4ea232\" data-element_type=\"widget\" data-e-type=\"widget\" data-widget_type=\"rs-button.default\">\n\t\t\t\t<div class=\"elementor-widget-container\">\n\t\t\t\t\t\t\r\n\t\t\r\n\t\t<div class=\"rs-view-btn\">\r\n\t\t\t\t\t\t<a class=\"rs-btn rs-btnblack rs-btn-style1\" href=\"tel:+48698592960\" >\t\t\t\t\r\n\t\t\t\t<span class=\"rs_btn__text\"><span class=\"btn_text\">ZADZWO\u0143<\/span><\/span>\r\n\t\t\t<\/a>\r\n\t\t<\/div>    \r\n\t\t\t\t\t<\/div>\n\t\t\t\t<\/div>\n\t\t\t\t\t<\/div>\n\t\t<\/div>\n\t\t\t\t<div class=\"elementor-column elementor-col-50 elementor-top-column elementor-element elementor-element-d5fed5f\" data-id=\"d5fed5f\" data-element_type=\"column\" data-e-type=\"column\">\n\t\t\t<div class=\"elementor-widget-wrap elementor-element-populated\">\n\t\t\t\t\t\t<div class=\"elementor-element elementor-element-1ec0460 elementor-widget elementor-widget-rs-heading\" data-id=\"1ec0460\" data-element_type=\"widget\" data-e-type=\"widget\" data-widget_type=\"rs-heading.default\">\n\t\t\t\t<div class=\"elementor-widget-container\">\n\t\t\t\t\t        <div class=\"rs-heading default \">\r\n        \t<div class=\"title-inner\">\r\n        \t\t      \t\t\r\n\t            <span class=\"sub-text \">ZAUFANY PARTNER<\/span><h2 class=\"title\"><span class=\"watermark\"><\/span>Dlaczego warto wybra\u0107 nas<\/h2>\t        <\/div>\r\n\t                    \t<div class=\"description\">\r\n            \t\t<p>Zaufaj naszemu wieloletniemu do\u015bwiadczeniu i zespo\u0142owi specjalist\u00f3w. Oferujemy profesjonalne szkolenia, kt\u00f3re pomog\u0105 rozwija\u0107 Tw\u00f3j biznes. Wybieraj\u0105c nas, inwestujesz w sprawdzonego partnera, kt\u00f3ry wspiera sukces Twojej firmy. Skontaktuj si\u0119 z nami i zacznij rozwija\u0107 si\u0119 razem z nami!<\/p>            \t\t\r\n            \t<\/div>\r\n        \t        <\/div>\r\n        \t\t\t\t<\/div>\n\t\t\t\t<\/div>\n\t\t\t\t\t<\/div>\n\t\t<\/div>\n\t\t\t\t\t<\/div>\n\t\t<\/section>\n\t\t\t\t<\/div>\n\t\t","protected":false},"excerpt":{"rendered":"<p>AKADEMIA ZDROWIA DLA BRAN\u017bY BEAUTY Stylizacja paznokci Manicure i stylizacja d\u0142oni Zobacz szczeg\u00f3\u0142y Manicure hybrydowy Zobacz szczeg\u00f3\u0142y MASZ PYTANIA Skontaktuj si\u0119 z nami! Kliknij aby zadzwoni\u0107 do opiekuna kurs\u00f3w beauty. ZADZWO\u0143 ZAUFANY PARTNER Dlaczego warto wybra\u0107 nas Zaufaj naszemu wieloletniemu do\u015bwiadczeniu i zespo\u0142owi specjalist\u00f3w. Oferujemy profesjonalne szkolenia, kt\u00f3re pomog\u0105 rozwija\u0107 Tw\u00f3j biznes. Wybieraj\u0105c nas, inwestujesz&#8230;<\/p>\n","protected":false},"author":3,"featured_media":0,"parent":3314,"menu_order":0,"comment_status":"closed","ping_status":"closed","template":"","meta":{"footnotes":""},"class_list":["post-3417","page","type-page","status-publish","hentry"],"yoast_head":"<!-- This site is optimized with the Yoast SEO plugin v26.9 - https:\/\/yoast.com\/product\/yoast-seo-wordpress\/ -->\n<title>Stylizacja paznokci - Akademia Zdrowia Rzesz\u00f3w<\/title>\n<meta name=\"robots\" content=\"index, follow, max-snippet:-1, max-image-preview:large, max-video-preview:-1\" \/>\n<link rel=\"canonical\" href=\"https:\/\/akademia-zdrowia.pl\/rzeszow\/kursy-i-szkolenia\/stylizacja-paznokci\/\" \/>\n<meta property=\"og:locale\" content=\"pl_PL\" \/>\n<meta property=\"og:type\" content=\"article\" \/>\n<meta property=\"og:title\" content=\"Stylizacja paznokci - Akademia Zdrowia Rzesz\u00f3w\" \/>\n<meta property=\"og:description\" content=\"AKADEMIA ZDROWIA DLA BRAN\u017bY BEAUTY Stylizacja paznokci Manicure i stylizacja d\u0142oni Zobacz szczeg\u00f3\u0142y Manicure hybrydowy Zobacz szczeg\u00f3\u0142y MASZ PYTANIA Skontaktuj si\u0119 z nami! Kliknij aby zadzwoni\u0107 do opiekuna kurs\u00f3w beauty. ZADZWO\u0143 ZAUFANY PARTNER Dlaczego warto wybra\u0107 nas Zaufaj naszemu wieloletniemu do\u015bwiadczeniu i zespo\u0142owi specjalist\u00f3w. Oferujemy profesjonalne szkolenia, kt\u00f3re pomog\u0105 rozwija\u0107 Tw\u00f3j biznes. Wybieraj\u0105c nas, inwestujesz...\" \/>\n<meta property=\"og:url\" content=\"https:\/\/akademia-zdrowia.pl\/rzeszow\/kursy-i-szkolenia\/stylizacja-paznokci\/\" \/>\n<meta property=\"og:site_name\" content=\"Akademia Zdrowia Rzesz\u00f3w\" \/>\n<meta property=\"article:modified_time\" content=\"2024-09-09T22:58:30+00:00\" \/>\n<meta property=\"og:image\" content=\"https:\/\/akademia-zdrowia.pl\/rzeszow\/wp-content\/uploads\/2024\/08\/manicure-3-768x511.png\" \/>\n<meta name=\"twitter:card\" content=\"summary_large_image\" \/>\n<meta name=\"twitter:label1\" content=\"Szacowany czas czytania\" \/>\n\t<meta name=\"twitter:data1\" content=\"1 minuta\" \/>\n<script type=\"application\/ld+json\" class=\"yoast-schema-graph\">{\"@context\":\"https:\/\/schema.org\",\"@graph\":[{\"@type\":\"WebPage\",\"@id\":\"https:\/\/akademia-zdrowia.pl\/rzeszow\/kursy-i-szkolenia\/stylizacja-paznokci\/\",\"url\":\"https:\/\/akademia-zdrowia.pl\/rzeszow\/kursy-i-szkolenia\/stylizacja-paznokci\/\",\"name\":\"Stylizacja paznokci - Akademia Zdrowia Rzesz\u00f3w\",\"isPartOf\":{\"@id\":\"https:\/\/akademia-zdrowia.pl\/rzeszow\/#website\"},\"primaryImageOfPage\":{\"@id\":\"https:\/\/akademia-zdrowia.pl\/rzeszow\/kursy-i-szkolenia\/stylizacja-paznokci\/#primaryimage\"},\"image\":{\"@id\":\"https:\/\/akademia-zdrowia.pl\/rzeszow\/kursy-i-szkolenia\/stylizacja-paznokci\/#primaryimage\"},\"thumbnailUrl\":\"https:\/\/akademia-zdrowia.pl\/rzeszow\/wp-content\/uploads\/2024\/08\/manicure-3-768x511.png\",\"datePublished\":\"2024-06-09T07:30:06+00:00\",\"dateModified\":\"2024-09-09T22:58:30+00:00\",\"breadcrumb\":{\"@id\":\"https:\/\/akademia-zdrowia.pl\/rzeszow\/kursy-i-szkolenia\/stylizacja-paznokci\/#breadcrumb\"},\"inLanguage\":\"pl-PL\",\"potentialAction\":[{\"@type\":\"ReadAction\",\"target\":[\"https:\/\/akademia-zdrowia.pl\/rzeszow\/kursy-i-szkolenia\/stylizacja-paznokci\/\"]}]},{\"@type\":\"ImageObject\",\"inLanguage\":\"pl-PL\",\"@id\":\"https:\/\/akademia-zdrowia.pl\/rzeszow\/kursy-i-szkolenia\/stylizacja-paznokci\/#primaryimage\",\"url\":\"https:\/\/akademia-zdrowia.pl\/rzeszow\/wp-content\/uploads\/2024\/08\/manicure-3.png\",\"contentUrl\":\"https:\/\/akademia-zdrowia.pl\/rzeszow\/wp-content\/uploads\/2024\/08\/manicure-3.png\",\"width\":1000,\"height\":666},{\"@type\":\"BreadcrumbList\",\"@id\":\"https:\/\/akademia-zdrowia.pl\/rzeszow\/kursy-i-szkolenia\/stylizacja-paznokci\/#breadcrumb\",\"itemListElement\":[{\"@type\":\"ListItem\",\"position\":1,\"name\":\"Strona g\u0142\u00f3wna\",\"item\":\"https:\/\/akademia-zdrowia.pl\/rzeszow\/\"},{\"@type\":\"ListItem\",\"position\":2,\"name\":\"Kursy i szkolenia\",\"item\":\"https:\/\/akademia-zdrowia.pl\/rzeszow\/kursy-i-szkolenia\/\"},{\"@type\":\"ListItem\",\"position\":3,\"name\":\"Stylizacja paznokci\"}]},{\"@type\":\"WebSite\",\"@id\":\"https:\/\/akademia-zdrowia.pl\/rzeszow\/#website\",\"url\":\"https:\/\/akademia-zdrowia.pl\/rzeszow\/\",\"name\":\"Akademia Zdrowia Rzesz\u00f3w\",\"description\":\"\",\"potentialAction\":[{\"@type\":\"SearchAction\",\"target\":{\"@type\":\"EntryPoint\",\"urlTemplate\":\"https:\/\/akademia-zdrowia.pl\/rzeszow\/?s={search_term_string}\"},\"query-input\":{\"@type\":\"PropertyValueSpecification\",\"valueRequired\":true,\"valueName\":\"search_term_string\"}}],\"inLanguage\":\"pl-PL\"}]}<\/script>\n<!-- \/ Yoast SEO plugin. -->","yoast_head_json":{"title":"Stylizacja paznokci - Akademia Zdrowia Rzesz\u00f3w","robots":{"index":"index","follow":"follow","max-snippet":"max-snippet:-1","max-image-preview":"max-image-preview:large","max-video-preview":"max-video-preview:-1"},"canonical":"https:\/\/akademia-zdrowia.pl\/rzeszow\/kursy-i-szkolenia\/stylizacja-paznokci\/","og_locale":"pl_PL","og_type":"article","og_title":"Stylizacja paznokci - Akademia Zdrowia Rzesz\u00f3w","og_description":"AKADEMIA ZDROWIA DLA BRAN\u017bY BEAUTY Stylizacja paznokci Manicure i stylizacja d\u0142oni Zobacz szczeg\u00f3\u0142y Manicure hybrydowy Zobacz szczeg\u00f3\u0142y MASZ PYTANIA Skontaktuj si\u0119 z nami! Kliknij aby zadzwoni\u0107 do opiekuna kurs\u00f3w beauty. ZADZWO\u0143 ZAUFANY PARTNER Dlaczego warto wybra\u0107 nas Zaufaj naszemu wieloletniemu do\u015bwiadczeniu i zespo\u0142owi specjalist\u00f3w. Oferujemy profesjonalne szkolenia, kt\u00f3re pomog\u0105 rozwija\u0107 Tw\u00f3j biznes. Wybieraj\u0105c nas, inwestujesz...","og_url":"https:\/\/akademia-zdrowia.pl\/rzeszow\/kursy-i-szkolenia\/stylizacja-paznokci\/","og_site_name":"Akademia Zdrowia Rzesz\u00f3w","article_modified_time":"2024-09-09T22:58:30+00:00","og_image":[{"url":"https:\/\/akademia-zdrowia.pl\/rzeszow\/wp-content\/uploads\/2024\/08\/manicure-3-768x511.png","type":"","width":"","height":""}],"twitter_card":"summary_large_image","twitter_misc":{"Szacowany czas czytania":"1 minuta"},"schema":{"@context":"https:\/\/schema.org","@graph":[{"@type":"WebPage","@id":"https:\/\/akademia-zdrowia.pl\/rzeszow\/kursy-i-szkolenia\/stylizacja-paznokci\/","url":"https:\/\/akademia-zdrowia.pl\/rzeszow\/kursy-i-szkolenia\/stylizacja-paznokci\/","name":"Stylizacja paznokci - Akademia Zdrowia Rzesz\u00f3w","isPartOf":{"@id":"https:\/\/akademia-zdrowia.pl\/rzeszow\/#website"},"primaryImageOfPage":{"@id":"https:\/\/akademia-zdrowia.pl\/rzeszow\/kursy-i-szkolenia\/stylizacja-paznokci\/#primaryimage"},"image":{"@id":"https:\/\/akademia-zdrowia.pl\/rzeszow\/kursy-i-szkolenia\/stylizacja-paznokci\/#primaryimage"},"thumbnailUrl":"https:\/\/akademia-zdrowia.pl\/rzeszow\/wp-content\/uploads\/2024\/08\/manicure-3-768x511.png","datePublished":"2024-06-09T07:30:06+00:00","dateModified":"2024-09-09T22:58:30+00:00","breadcrumb":{"@id":"https:\/\/akademia-zdrowia.pl\/rzeszow\/kursy-i-szkolenia\/stylizacja-paznokci\/#breadcrumb"},"inLanguage":"pl-PL","potentialAction":[{"@type":"ReadAction","target":["https:\/\/akademia-zdrowia.pl\/rzeszow\/kursy-i-szkolenia\/stylizacja-paznokci\/"]}]},{"@type":"ImageObject","inLanguage":"pl-PL","@id":"https:\/\/akademia-zdrowia.pl\/rzeszow\/kursy-i-szkolenia\/stylizacja-paznokci\/#primaryimage","url":"https:\/\/akademia-zdrowia.pl\/rzeszow\/wp-content\/uploads\/2024\/08\/manicure-3.png","contentUrl":"https:\/\/akademia-zdrowia.pl\/rzeszow\/wp-content\/uploads\/2024\/08\/manicure-3.png","width":1000,"height":666},{"@type":"BreadcrumbList","@id":"https:\/\/akademia-zdrowia.pl\/rzeszow\/kursy-i-szkolenia\/stylizacja-paznokci\/#breadcrumb","itemListElement":[{"@type":"ListItem","position":1,"name":"Strona g\u0142\u00f3wna","item":"https:\/\/akademia-zdrowia.pl\/rzeszow\/"},{"@type":"ListItem","position":2,"name":"Kursy i szkolenia","item":"https:\/\/akademia-zdrowia.pl\/rzeszow\/kursy-i-szkolenia\/"},{"@type":"ListItem","position":3,"name":"Stylizacja paznokci"}]},{"@type":"WebSite","@id":"https:\/\/akademia-zdrowia.pl\/rzeszow\/#website","url":"https:\/\/akademia-zdrowia.pl\/rzeszow\/","name":"Akademia Zdrowia Rzesz\u00f3w","description":"","potentialAction":[{"@type":"SearchAction","target":{"@type":"EntryPoint","urlTemplate":"https:\/\/akademia-zdrowia.pl\/rzeszow\/?s={search_term_string}"},"query-input":{"@type":"PropertyValueSpecification","valueRequired":true,"valueName":"search_term_string"}}],"inLanguage":"pl-PL"}]}},"_links":{"self":[{"href":"https:\/\/akademia-zdrowia.pl\/rzeszow\/wp-json\/wp\/v2\/pages\/3417","targetHints":{"allow":["GET"]}}],"collection":[{"href":"https:\/\/akademia-zdrowia.pl\/rzeszow\/wp-json\/wp\/v2\/pages"}],"about":[{"href":"https:\/\/akademia-zdrowia.pl\/rzeszow\/wp-json\/wp\/v2\/types\/page"}],"author":[{"embeddable":true,"href":"https:\/\/akademia-zdrowia.pl\/rzeszow\/wp-json\/wp\/v2\/users\/3"}],"replies":[{"embeddable":true,"href":"https:\/\/akademia-zdrowia.pl\/rzeszow\/wp-json\/wp\/v2\/comments?post=3417"}],"version-history":[{"count":42,"href":"https:\/\/akademia-zdrowia.pl\/rzeszow\/wp-json\/wp\/v2\/pages\/3417\/revisions"}],"predecessor-version":[{"id":5152,"href":"https:\/\/akademia-zdrowia.pl\/rzeszow\/wp-json\/wp\/v2\/pages\/3417\/revisions\/5152"}],"up":[{"embeddable":true,"href":"https:\/\/akademia-zdrowia.pl\/rzeszow\/wp-json\/wp\/v2\/pages\/3314"}],"wp:attachment":[{"href":"https:\/\/akademia-zdrowia.pl\/rzeszow\/wp-json\/wp\/v2\/media?parent=3417"}],"curies":[{"name":"wp","href":"https:\/\/api.w.org\/{rel}","templated":true}]}}