{"id":3443,"date":"2024-06-09T10:08:51","date_gmt":"2024-06-09T08:08:51","guid":{"rendered":"https:\/\/akademia-zdrowia.pl\/rzeszow\/?page_id=3443"},"modified":"2024-09-10T01:02:04","modified_gmt":"2024-09-09T23:02:04","slug":"manicure-hybrydowy","status":"publish","type":"page","link":"https:\/\/akademia-zdrowia.pl\/rzeszow\/kursy-i-szkolenia\/stylizacja-paznokci\/manicure-hybrydowy\/","title":{"rendered":"Manicure hybrydowy"},"content":{"rendered":"\t\t<div data-elementor-type=\"wp-page\" data-elementor-id=\"3443\" class=\"elementor elementor-3443\" data-elementor-post-type=\"page\">\n\t\t\t\t\t\t<section class=\"elementor-section elementor-top-section elementor-element elementor-element-50ab84e5 elementor-section-boxed elementor-section-height-default elementor-section-height-default\" data-id=\"50ab84e5\" data-element_type=\"section\" data-e-type=\"section\">\n\t\t\t\t\t\t<div class=\"elementor-container elementor-column-gap-default\">\n\t\t\t\t\t<div class=\"elementor-column elementor-col-100 elementor-top-column elementor-element elementor-element-7f51e7bf\" data-id=\"7f51e7bf\" data-element_type=\"column\" data-e-type=\"column\">\n\t\t\t<div class=\"elementor-widget-wrap elementor-element-populated\">\n\t\t\t\t\t\t<div class=\"elementor-element elementor-element-23705c2a elementor-widget elementor-widget-rs-heading\" data-id=\"23705c2a\" data-element_type=\"widget\" data-e-type=\"widget\" data-widget_type=\"rs-heading.default\">\n\t\t\t\t<div class=\"elementor-widget-container\">\n\t\t\t\t\t        <div class=\"rs-heading default \">\r\n        \t<div class=\"title-inner\">\r\n        \t\t      \t\t\r\n\t            <span class=\"sub-text \">AKADEMIA ZDROWIA DLA BRAN\u017bY BEAUTY<\/span><h2 class=\"title\"><span class=\"watermark\"><\/span>Manicure hybrydowy<\/h2>\t        <\/div>\r\n\t                <\/div>\r\n        \t\t\t\t<\/div>\n\t\t\t\t<\/div>\n\t\t\t\t\t<\/div>\n\t\t<\/div>\n\t\t\t\t\t<\/div>\n\t\t<\/section>\n\t\t\t\t<section class=\"elementor-section elementor-top-section elementor-element elementor-element-7ef0d72f elementor-section-stretched elementor-section-boxed elementor-section-height-default elementor-section-height-default\" data-id=\"7ef0d72f\" data-element_type=\"section\" data-e-type=\"section\" data-settings=\"{&quot;background_background&quot;:&quot;classic&quot;,&quot;stretch_section&quot;:&quot;section-stretched&quot;}\">\n\t\t\t\t\t\t<div class=\"elementor-container elementor-column-gap-default\">\n\t\t\t\t\t<div class=\"elementor-column elementor-col-50 elementor-top-column elementor-element elementor-element-c77400e\" data-id=\"c77400e\" data-element_type=\"column\" data-e-type=\"column\">\n\t\t\t<div class=\"elementor-widget-wrap elementor-element-populated\">\n\t\t\t\t\t\t<div class=\"elementor-element elementor-element-262138a7 elementor-widget elementor-widget-rs-heading\" data-id=\"262138a7\" data-element_type=\"widget\" data-e-type=\"widget\" data-widget_type=\"rs-heading.default\">\n\t\t\t\t<div class=\"elementor-widget-container\">\n\t\t\t\t\t        <div class=\"rs-heading default \">\r\n        \t<div class=\"title-inner\">\r\n        \t\t      \t\t\r\n\t            <span class=\"sub-text \">JAK WYGL\u0104DA SZKOLENIE<\/span><h2 class=\"title\"><span class=\"watermark\"><\/span>Program szkolenia<\/h2>\t        <\/div>\r\n\t                    \t<div class=\"description\">\r\n            \t\t<p><strong>Kurs przeznaczony jest dla os\u00f3b, kt\u00f3re chc\u0105 nauczy\u0107 si\u0119 wykonywania manicure hybrydowego od podstaw lub udoskonali\u0107 swoje umiej\u0119tno\u015bci w zakresie wykonywania tego zabiegu.<\/strong><u><\/u><u><\/u><\/p><p><strong>Teoria min:<\/strong><u><\/u><u><\/u><\/p><ul><li>Wyposa\u017cenie stanowiska do manicure., zasady bhp podczas zabiegu.<\/li><li>Procedura dezynfekcji, sterylizacji narz\u0119dzi.<br \/>Budowa paznokci. i choroby i defekty paznokci.<\/li><li>Narz\u0119dzia i aparaty u\u017cywane podczas zabiegu i preparaty stosowane w manicure hybrydowym.<\/li><li>Wskazania i przeciwwskazania do manicure hybrydowego.<\/li><li>Procedura zabiegowa - krok po kroku.<\/li><li>Podstawy zdobienia.<\/li><li>Zalecenia piel\u0119gnacyjne dla klienta do domu.<\/li><li>Usuwanie lakieru hybrydowego.<u><\/u><u><\/u><\/li><\/ul><p><strong>Praktyka min:<\/strong><u><\/u><u><\/u><\/p><ul><li>Przygotowanie stanowisko pracy i przygotowanie klienta do zabiegu.<\/li><li>Przeprowadzanie wywiadu.<\/li><li>Diagnozowanie zmiany na paznokciach.<\/li><li>Prawid\u0142owe wykonanie manicure hybrydowego.<\/li><li>Zalecenie w piel\u0119gnacji domowej.<\/li><li>Dezynfekowanie i \u00a0sterylizacja narz\u0119dzi.<\/li><li>Porz\u0105dkowanie stanowisko pracy.<u><\/u><u><\/u><\/li><\/ul><p><strong>8h certyfikaty w j\u0119z. polskim i angielskim<\/strong><\/p>            \t\t\r\n            \t<\/div>\r\n        \t        <\/div>\r\n        \t\t\t\t<\/div>\n\t\t\t\t<\/div>\n\t\t\t\t<div class=\"elementor-element elementor-element-2f04ca0a elementor-widget elementor-widget-rs-button\" data-id=\"2f04ca0a\" data-element_type=\"widget\" data-e-type=\"widget\" data-widget_type=\"rs-button.default\">\n\t\t\t\t<div class=\"elementor-widget-container\">\n\t\t\t\t\t\t\r\n\t\t\r\n\t\t<div class=\"rs-view-btn\">\r\n\t\t\t\t\t\t<a class=\"rs-btn rs-btnblack rs-btn-style1\" href=\"tel:+48698592960\" >\t\t\t\t\r\n\t\t\t\t<span class=\"rs_btn__text\"><span class=\"btn_text\">ZADZWO\u0143 - Monika 698 592 960<\/span><\/span>\r\n\t\t\t<\/a>\r\n\t\t<\/div>    \r\n\t\t\t\t\t<\/div>\n\t\t\t\t<\/div>\n\t\t\t\t\t<\/div>\n\t\t<\/div>\n\t\t\t\t<div class=\"elementor-column elementor-col-50 elementor-top-column elementor-element elementor-element-615efc35\" data-id=\"615efc35\" data-element_type=\"column\" data-e-type=\"column\">\n\t\t\t<div class=\"elementor-widget-wrap elementor-element-populated\">\n\t\t\t\t\t\t<div class=\"elementor-element elementor-element-5ba6e871 elementor-widget elementor-widget-image\" data-id=\"5ba6e871\" data-element_type=\"widget\" data-e-type=\"widget\" data-widget_type=\"image.default\">\n\t\t\t\t<div class=\"elementor-widget-container\">\n\t\t\t\t\t\t\t\t\t\t\t\t\t\t\t<img fetchpriority=\"high\" decoding=\"async\" width=\"576\" height=\"864\" src=\"https:\/\/akademia-zdrowia.pl\/rzeszow\/wp-content\/uploads\/2024\/08\/hybrydowy-manicure2.png\" class=\"attachment-large size-large wp-image-4758\" alt=\"\" srcset=\"https:\/\/akademia-zdrowia.pl\/rzeszow\/wp-content\/uploads\/2024\/08\/hybrydowy-manicure2.png 576w, https:\/\/akademia-zdrowia.pl\/rzeszow\/wp-content\/uploads\/2024\/08\/hybrydowy-manicure2-200x300.png 200w, https:\/\/akademia-zdrowia.pl\/rzeszow\/wp-content\/uploads\/2024\/08\/hybrydowy-manicure2-500x750.png 500w\" sizes=\"(max-width: 576px) 100vw, 576px\" \/>\t\t\t\t\t\t\t\t\t\t\t\t\t\t\t<\/div>\n\t\t\t\t<\/div>\n\t\t\t\t\t<\/div>\n\t\t<\/div>\n\t\t\t\t\t<\/div>\n\t\t<\/section>\n\t\t\t\t<section class=\"elementor-section elementor-top-section elementor-element elementor-element-57ad13a9 elementor-section-boxed elementor-section-height-default elementor-section-height-default\" data-id=\"57ad13a9\" data-element_type=\"section\" data-e-type=\"section\" data-settings=\"{&quot;background_background&quot;:&quot;classic&quot;}\">\n\t\t\t\t\t\t<div class=\"elementor-container elementor-column-gap-default\">\n\t\t\t\t\t<div class=\"elementor-column elementor-col-50 elementor-top-column elementor-element elementor-element-28d64c59\" data-id=\"28d64c59\" data-element_type=\"column\" data-e-type=\"column\" data-settings=\"{&quot;background_background&quot;:&quot;classic&quot;}\">\n\t\t\t<div class=\"elementor-widget-wrap elementor-element-populated\">\n\t\t\t\t\t\t<div class=\"elementor-element elementor-element-54a81346 elementor-widget-mobile__width-initial elementor-widget elementor-widget-rs-heading\" data-id=\"54a81346\" data-element_type=\"widget\" data-e-type=\"widget\" data-widget_type=\"rs-heading.default\">\n\t\t\t\t<div class=\"elementor-widget-container\">\n\t\t\t\t\t        <div class=\"rs-heading default \">\r\n        \t<div class=\"title-inner\">\r\n        \t\t      \t\t\r\n\t            <span class=\"sub-text \">NIE MASZ POMYS\u0141U NA PREZENT?<\/span><h2 class=\"title\"><span class=\"watermark\"><\/span>Kup voucher!<\/h2>\t        <\/div>\r\n\t                    \t<div class=\"description\">\r\n            \t\t<div class=\"flex-shrink-0 flex flex-col relative items-end\"><div><div class=\"pt-0\"><div class=\"gizmo-bot-avatar flex h-8 w-8 items-center justify-center overflow-hidden rounded-full\"><div class=\"relative p-1 rounded-sm flex items-center justify-center bg-token-main-surface-primary text-token-text-primary h-8 w-8\">Podaruj bliskim wyj\u0105tkowy prezent! Kup voucher na nasze szkolenia i kursy \u2014 to doskona\u0142y spos\u00f3b na rozw\u00f3j i nowe umiej\u0119tno\u015bci. Idealny prezent na ka\u017cd\u0105 okazj\u0119!<\/div><\/div><\/div><\/div><\/div>            \t\t\r\n            \t<\/div>\r\n        \t        <\/div>\r\n        \t\t\t\t<\/div>\n\t\t\t\t<\/div>\n\t\t\t\t<div class=\"elementor-element elementor-element-28f667c elementor-widget elementor-widget-rs-button\" data-id=\"28f667c\" data-element_type=\"widget\" data-e-type=\"widget\" data-widget_type=\"rs-button.default\">\n\t\t\t\t<div class=\"elementor-widget-container\">\n\t\t\t\t\t\t\r\n\t\t\r\n\t\t<div class=\"rs-view-btn\">\r\n\t\t\t\t\t\t<a class=\"rs-btn rs-btnblack rs-btn-style1\" href=\"tel:+48698592960\" >\t\t\t\t\r\n\t\t\t\t<span class=\"rs_btn__text\"><span class=\"btn_text\">ZADZWO\u0143 - ZAM\u00d3W VOUCHER<\/span><\/span>\r\n\t\t\t<\/a>\r\n\t\t<\/div>    \r\n\t\t\t\t\t<\/div>\n\t\t\t\t<\/div>\n\t\t\t\t\t<\/div>\n\t\t<\/div>\n\t\t\t\t<div class=\"elementor-column elementor-col-50 elementor-top-column elementor-element elementor-element-477ebc51\" data-id=\"477ebc51\" data-element_type=\"column\" data-e-type=\"column\">\n\t\t\t<div class=\"elementor-widget-wrap elementor-element-populated\">\n\t\t\t\t\t\t<div class=\"elementor-element elementor-element-678dae11 elementor-widget elementor-widget-rs-heading\" data-id=\"678dae11\" data-element_type=\"widget\" data-e-type=\"widget\" data-widget_type=\"rs-heading.default\">\n\t\t\t\t<div class=\"elementor-widget-container\">\n\t\t\t\t\t        <div class=\"rs-heading default \">\r\n        \t<div class=\"title-inner\">\r\n        \t\t      \t\t\r\n\t            <span class=\"sub-text \">ZAUFANY PARTNER<\/span><h2 class=\"title\"><span class=\"watermark\"><\/span>Dlaczego warto wybra\u0107 nas<\/h2>\t        <\/div>\r\n\t                    \t<div class=\"description\">\r\n            \t\t<p>Zaufaj naszemu wieloletniemu do\u015bwiadczeniu i zespo\u0142owi specjalist\u00f3w. Oferujemy profesjonalne szkolenia, kt\u00f3re pomog\u0105 rozwija\u0107 Tw\u00f3j biznes. Wybieraj\u0105c nas, inwestujesz w sprawdzonego partnera, kt\u00f3ry wspiera sukces Twojej firmy. Skontaktuj si\u0119 z nami i zacznij rozwija\u0107 si\u0119 razem z nami!<\/p>            \t\t\r\n            \t<\/div>\r\n        \t        <\/div>\r\n        \t\t\t\t<\/div>\n\t\t\t\t<\/div>\n\t\t\t\t\t<\/div>\n\t\t<\/div>\n\t\t\t\t\t<\/div>\n\t\t<\/section>\n\t\t\t\t<\/div>\n\t\t","protected":false},"excerpt":{"rendered":"<p>AKADEMIA ZDROWIA DLA BRAN\u017bY BEAUTY Manicure hybrydowy JAK WYGL\u0104DA SZKOLENIE Program szkolenia Kurs przeznaczony jest dla os\u00f3b, kt\u00f3re chc\u0105 nauczy\u0107 si\u0119 wykonywania manicure hybrydowego od podstaw lub udoskonali\u0107 swoje umiej\u0119tno\u015bci w zakresie wykonywania tego zabiegu. Teoria min: Wyposa\u017cenie stanowiska do manicure., zasady bhp podczas zabiegu. Procedura dezynfekcji, sterylizacji narz\u0119dzi. Budowa paznokci. i choroby i defekty&#8230;<\/p>\n","protected":false},"author":3,"featured_media":0,"parent":3417,"menu_order":0,"comment_status":"closed","ping_status":"closed","template":"","meta":{"footnotes":""},"class_list":["post-3443","page","type-page","status-publish","hentry"],"yoast_head":"<!-- This site is optimized with the Yoast SEO plugin v26.9 - https:\/\/yoast.com\/product\/yoast-seo-wordpress\/ -->\n<title>Manicure hybrydowy - Akademia Zdrowia Rzesz\u00f3w<\/title>\n<meta name=\"robots\" content=\"index, follow, max-snippet:-1, max-image-preview:large, max-video-preview:-1\" \/>\n<link rel=\"canonical\" href=\"https:\/\/akademia-zdrowia.pl\/rzeszow\/kursy-i-szkolenia\/stylizacja-paznokci\/manicure-hybrydowy\/\" \/>\n<meta property=\"og:locale\" content=\"pl_PL\" \/>\n<meta property=\"og:type\" content=\"article\" \/>\n<meta property=\"og:title\" content=\"Manicure hybrydowy - Akademia Zdrowia Rzesz\u00f3w\" \/>\n<meta property=\"og:description\" content=\"AKADEMIA ZDROWIA DLA BRAN\u017bY BEAUTY Manicure hybrydowy JAK WYGL\u0104DA SZKOLENIE Program szkolenia Kurs przeznaczony jest dla os\u00f3b, kt\u00f3re chc\u0105 nauczy\u0107 si\u0119 wykonywania manicure hybrydowego od podstaw lub udoskonali\u0107 swoje umiej\u0119tno\u015bci w zakresie wykonywania tego zabiegu. Teoria min: Wyposa\u017cenie stanowiska do manicure., zasady bhp podczas zabiegu. Procedura dezynfekcji, sterylizacji narz\u0119dzi. Budowa paznokci. i choroby i defekty...\" \/>\n<meta property=\"og:url\" content=\"https:\/\/akademia-zdrowia.pl\/rzeszow\/kursy-i-szkolenia\/stylizacja-paznokci\/manicure-hybrydowy\/\" \/>\n<meta property=\"og:site_name\" content=\"Akademia Zdrowia Rzesz\u00f3w\" \/>\n<meta property=\"article:modified_time\" content=\"2024-09-09T23:02:04+00:00\" \/>\n<meta property=\"og:image\" content=\"https:\/\/akademia-zdrowia.pl\/rzeszow\/wp-content\/uploads\/2024\/08\/hybrydowy-manicure2.png\" \/>\n<meta name=\"twitter:card\" content=\"summary_large_image\" \/>\n<meta name=\"twitter:label1\" content=\"Szacowany czas czytania\" \/>\n\t<meta name=\"twitter:data1\" content=\"2 minuty\" \/>\n<script type=\"application\/ld+json\" class=\"yoast-schema-graph\">{\"@context\":\"https:\/\/schema.org\",\"@graph\":[{\"@type\":\"WebPage\",\"@id\":\"https:\/\/akademia-zdrowia.pl\/rzeszow\/kursy-i-szkolenia\/stylizacja-paznokci\/manicure-hybrydowy\/\",\"url\":\"https:\/\/akademia-zdrowia.pl\/rzeszow\/kursy-i-szkolenia\/stylizacja-paznokci\/manicure-hybrydowy\/\",\"name\":\"Manicure hybrydowy - Akademia Zdrowia Rzesz\u00f3w\",\"isPartOf\":{\"@id\":\"https:\/\/akademia-zdrowia.pl\/rzeszow\/#website\"},\"primaryImageOfPage\":{\"@id\":\"https:\/\/akademia-zdrowia.pl\/rzeszow\/kursy-i-szkolenia\/stylizacja-paznokci\/manicure-hybrydowy\/#primaryimage\"},\"image\":{\"@id\":\"https:\/\/akademia-zdrowia.pl\/rzeszow\/kursy-i-szkolenia\/stylizacja-paznokci\/manicure-hybrydowy\/#primaryimage\"},\"thumbnailUrl\":\"https:\/\/akademia-zdrowia.pl\/rzeszow\/wp-content\/uploads\/2024\/08\/hybrydowy-manicure2.png\",\"datePublished\":\"2024-06-09T08:08:51+00:00\",\"dateModified\":\"2024-09-09T23:02:04+00:00\",\"breadcrumb\":{\"@id\":\"https:\/\/akademia-zdrowia.pl\/rzeszow\/kursy-i-szkolenia\/stylizacja-paznokci\/manicure-hybrydowy\/#breadcrumb\"},\"inLanguage\":\"pl-PL\",\"potentialAction\":[{\"@type\":\"ReadAction\",\"target\":[\"https:\/\/akademia-zdrowia.pl\/rzeszow\/kursy-i-szkolenia\/stylizacja-paznokci\/manicure-hybrydowy\/\"]}]},{\"@type\":\"ImageObject\",\"inLanguage\":\"pl-PL\",\"@id\":\"https:\/\/akademia-zdrowia.pl\/rzeszow\/kursy-i-szkolenia\/stylizacja-paznokci\/manicure-hybrydowy\/#primaryimage\",\"url\":\"https:\/\/akademia-zdrowia.pl\/rzeszow\/wp-content\/uploads\/2024\/08\/hybrydowy-manicure2.png\",\"contentUrl\":\"https:\/\/akademia-zdrowia.pl\/rzeszow\/wp-content\/uploads\/2024\/08\/hybrydowy-manicure2.png\",\"width\":576,\"height\":864},{\"@type\":\"BreadcrumbList\",\"@id\":\"https:\/\/akademia-zdrowia.pl\/rzeszow\/kursy-i-szkolenia\/stylizacja-paznokci\/manicure-hybrydowy\/#breadcrumb\",\"itemListElement\":[{\"@type\":\"ListItem\",\"position\":1,\"name\":\"Strona g\u0142\u00f3wna\",\"item\":\"https:\/\/akademia-zdrowia.pl\/rzeszow\/\"},{\"@type\":\"ListItem\",\"position\":2,\"name\":\"Kursy i szkolenia\",\"item\":\"https:\/\/akademia-zdrowia.pl\/rzeszow\/kursy-i-szkolenia\/\"},{\"@type\":\"ListItem\",\"position\":3,\"name\":\"Stylizacja paznokci\",\"item\":\"https:\/\/akademia-zdrowia.pl\/rzeszow\/kursy-i-szkolenia\/stylizacja-paznokci\/\"},{\"@type\":\"ListItem\",\"position\":4,\"name\":\"Manicure hybrydowy\"}]},{\"@type\":\"WebSite\",\"@id\":\"https:\/\/akademia-zdrowia.pl\/rzeszow\/#website\",\"url\":\"https:\/\/akademia-zdrowia.pl\/rzeszow\/\",\"name\":\"Akademia Zdrowia Rzesz\u00f3w\",\"description\":\"\",\"potentialAction\":[{\"@type\":\"SearchAction\",\"target\":{\"@type\":\"EntryPoint\",\"urlTemplate\":\"https:\/\/akademia-zdrowia.pl\/rzeszow\/?s={search_term_string}\"},\"query-input\":{\"@type\":\"PropertyValueSpecification\",\"valueRequired\":true,\"valueName\":\"search_term_string\"}}],\"inLanguage\":\"pl-PL\"}]}<\/script>\n<!-- \/ Yoast SEO plugin. -->","yoast_head_json":{"title":"Manicure hybrydowy - Akademia Zdrowia Rzesz\u00f3w","robots":{"index":"index","follow":"follow","max-snippet":"max-snippet:-1","max-image-preview":"max-image-preview:large","max-video-preview":"max-video-preview:-1"},"canonical":"https:\/\/akademia-zdrowia.pl\/rzeszow\/kursy-i-szkolenia\/stylizacja-paznokci\/manicure-hybrydowy\/","og_locale":"pl_PL","og_type":"article","og_title":"Manicure hybrydowy - Akademia Zdrowia Rzesz\u00f3w","og_description":"AKADEMIA ZDROWIA DLA BRAN\u017bY BEAUTY Manicure hybrydowy JAK WYGL\u0104DA SZKOLENIE Program szkolenia Kurs przeznaczony jest dla os\u00f3b, kt\u00f3re chc\u0105 nauczy\u0107 si\u0119 wykonywania manicure hybrydowego od podstaw lub udoskonali\u0107 swoje umiej\u0119tno\u015bci w zakresie wykonywania tego zabiegu. Teoria min: Wyposa\u017cenie stanowiska do manicure., zasady bhp podczas zabiegu. Procedura dezynfekcji, sterylizacji narz\u0119dzi. Budowa paznokci. i choroby i defekty...","og_url":"https:\/\/akademia-zdrowia.pl\/rzeszow\/kursy-i-szkolenia\/stylizacja-paznokci\/manicure-hybrydowy\/","og_site_name":"Akademia Zdrowia Rzesz\u00f3w","article_modified_time":"2024-09-09T23:02:04+00:00","og_image":[{"url":"https:\/\/akademia-zdrowia.pl\/rzeszow\/wp-content\/uploads\/2024\/08\/hybrydowy-manicure2.png","type":"","width":"","height":""}],"twitter_card":"summary_large_image","twitter_misc":{"Szacowany czas czytania":"2 minuty"},"schema":{"@context":"https:\/\/schema.org","@graph":[{"@type":"WebPage","@id":"https:\/\/akademia-zdrowia.pl\/rzeszow\/kursy-i-szkolenia\/stylizacja-paznokci\/manicure-hybrydowy\/","url":"https:\/\/akademia-zdrowia.pl\/rzeszow\/kursy-i-szkolenia\/stylizacja-paznokci\/manicure-hybrydowy\/","name":"Manicure hybrydowy - Akademia Zdrowia Rzesz\u00f3w","isPartOf":{"@id":"https:\/\/akademia-zdrowia.pl\/rzeszow\/#website"},"primaryImageOfPage":{"@id":"https:\/\/akademia-zdrowia.pl\/rzeszow\/kursy-i-szkolenia\/stylizacja-paznokci\/manicure-hybrydowy\/#primaryimage"},"image":{"@id":"https:\/\/akademia-zdrowia.pl\/rzeszow\/kursy-i-szkolenia\/stylizacja-paznokci\/manicure-hybrydowy\/#primaryimage"},"thumbnailUrl":"https:\/\/akademia-zdrowia.pl\/rzeszow\/wp-content\/uploads\/2024\/08\/hybrydowy-manicure2.png","datePublished":"2024-06-09T08:08:51+00:00","dateModified":"2024-09-09T23:02:04+00:00","breadcrumb":{"@id":"https:\/\/akademia-zdrowia.pl\/rzeszow\/kursy-i-szkolenia\/stylizacja-paznokci\/manicure-hybrydowy\/#breadcrumb"},"inLanguage":"pl-PL","potentialAction":[{"@type":"ReadAction","target":["https:\/\/akademia-zdrowia.pl\/rzeszow\/kursy-i-szkolenia\/stylizacja-paznokci\/manicure-hybrydowy\/"]}]},{"@type":"ImageObject","inLanguage":"pl-PL","@id":"https:\/\/akademia-zdrowia.pl\/rzeszow\/kursy-i-szkolenia\/stylizacja-paznokci\/manicure-hybrydowy\/#primaryimage","url":"https:\/\/akademia-zdrowia.pl\/rzeszow\/wp-content\/uploads\/2024\/08\/hybrydowy-manicure2.png","contentUrl":"https:\/\/akademia-zdrowia.pl\/rzeszow\/wp-content\/uploads\/2024\/08\/hybrydowy-manicure2.png","width":576,"height":864},{"@type":"BreadcrumbList","@id":"https:\/\/akademia-zdrowia.pl\/rzeszow\/kursy-i-szkolenia\/stylizacja-paznokci\/manicure-hybrydowy\/#breadcrumb","itemListElement":[{"@type":"ListItem","position":1,"name":"Strona g\u0142\u00f3wna","item":"https:\/\/akademia-zdrowia.pl\/rzeszow\/"},{"@type":"ListItem","position":2,"name":"Kursy i szkolenia","item":"https:\/\/akademia-zdrowia.pl\/rzeszow\/kursy-i-szkolenia\/"},{"@type":"ListItem","position":3,"name":"Stylizacja paznokci","item":"https:\/\/akademia-zdrowia.pl\/rzeszow\/kursy-i-szkolenia\/stylizacja-paznokci\/"},{"@type":"ListItem","position":4,"name":"Manicure hybrydowy"}]},{"@type":"WebSite","@id":"https:\/\/akademia-zdrowia.pl\/rzeszow\/#website","url":"https:\/\/akademia-zdrowia.pl\/rzeszow\/","name":"Akademia Zdrowia Rzesz\u00f3w","description":"","potentialAction":[{"@type":"SearchAction","target":{"@type":"EntryPoint","urlTemplate":"https:\/\/akademia-zdrowia.pl\/rzeszow\/?s={search_term_string}"},"query-input":{"@type":"PropertyValueSpecification","valueRequired":true,"valueName":"search_term_string"}}],"inLanguage":"pl-PL"}]}},"_links":{"self":[{"href":"https:\/\/akademia-zdrowia.pl\/rzeszow\/wp-json\/wp\/v2\/pages\/3443","targetHints":{"allow":["GET"]}}],"collection":[{"href":"https:\/\/akademia-zdrowia.pl\/rzeszow\/wp-json\/wp\/v2\/pages"}],"about":[{"href":"https:\/\/akademia-zdrowia.pl\/rzeszow\/wp-json\/wp\/v2\/types\/page"}],"author":[{"embeddable":true,"href":"https:\/\/akademia-zdrowia.pl\/rzeszow\/wp-json\/wp\/v2\/users\/3"}],"replies":[{"embeddable":true,"href":"https:\/\/akademia-zdrowia.pl\/rzeszow\/wp-json\/wp\/v2\/comments?post=3443"}],"version-history":[{"count":12,"href":"https:\/\/akademia-zdrowia.pl\/rzeszow\/wp-json\/wp\/v2\/pages\/3443\/revisions"}],"predecessor-version":[{"id":5160,"href":"https:\/\/akademia-zdrowia.pl\/rzeszow\/wp-json\/wp\/v2\/pages\/3443\/revisions\/5160"}],"up":[{"embeddable":true,"href":"https:\/\/akademia-zdrowia.pl\/rzeszow\/wp-json\/wp\/v2\/pages\/3417"}],"wp:attachment":[{"href":"https:\/\/akademia-zdrowia.pl\/rzeszow\/wp-json\/wp\/v2\/media?parent=3443"}],"curies":[{"name":"wp","href":"https:\/\/api.w.org\/{rel}","templated":true}]}}