{"id":3490,"date":"2024-06-09T22:54:39","date_gmt":"2024-06-09T20:54:39","guid":{"rendered":"https:\/\/akademia-zdrowia.pl\/rzeszow\/?page_id=3490"},"modified":"2024-09-10T01:00:28","modified_gmt":"2024-09-09T23:00:28","slug":"masaz-relaksacyjny-ajurwedyjski-olejowy-abhyanga","status":"publish","type":"page","link":"https:\/\/akademia-zdrowia.pl\/rzeszow\/kursy-i-szkolenia\/kursy-masazu\/masaz-relaksacyjny-ajurwedyjski-olejowy-abhyanga\/","title":{"rendered":"Masa\u017c relaksacyjny Ajurwedyjski olejowy (Abhyanga)"},"content":{"rendered":"\t\t<div data-elementor-type=\"wp-page\" data-elementor-id=\"3490\" class=\"elementor elementor-3490\" data-elementor-post-type=\"page\">\n\t\t\t\t\t\t<section class=\"elementor-section elementor-top-section elementor-element elementor-element-64c77cb9 elementor-section-boxed elementor-section-height-default elementor-section-height-default\" data-id=\"64c77cb9\" data-element_type=\"section\" data-e-type=\"section\">\n\t\t\t\t\t\t<div class=\"elementor-container elementor-column-gap-default\">\n\t\t\t\t\t<div class=\"elementor-column elementor-col-100 elementor-top-column elementor-element elementor-element-12b6f693\" data-id=\"12b6f693\" data-element_type=\"column\" data-e-type=\"column\">\n\t\t\t<div class=\"elementor-widget-wrap elementor-element-populated\">\n\t\t\t\t\t\t<div class=\"elementor-element elementor-element-458f15e8 elementor-widget elementor-widget-rs-heading\" data-id=\"458f15e8\" data-element_type=\"widget\" data-e-type=\"widget\" data-widget_type=\"rs-heading.default\">\n\t\t\t\t<div class=\"elementor-widget-container\">\n\t\t\t\t\t        <div class=\"rs-heading default \">\r\n        \t<div class=\"title-inner\">\r\n        \t\t      \t\t\r\n\t            <span class=\"sub-text \">AKADEMIA ZDROWIA DLA BRAN\u017bY BEAUTY<\/span><h2 class=\"title\"><span class=\"watermark\"><\/span>Masa\u017c relaksacyjny Ajurwedyjski olejowy (Abhyanga)<\/h2>\t        <\/div>\r\n\t                <\/div>\r\n        \t\t\t\t<\/div>\n\t\t\t\t<\/div>\n\t\t\t\t\t<\/div>\n\t\t<\/div>\n\t\t\t\t\t<\/div>\n\t\t<\/section>\n\t\t\t\t<section class=\"elementor-section elementor-top-section elementor-element elementor-element-671d1492 elementor-section-stretched elementor-section-boxed elementor-section-height-default elementor-section-height-default\" data-id=\"671d1492\" data-element_type=\"section\" data-e-type=\"section\" data-settings=\"{&quot;background_background&quot;:&quot;classic&quot;,&quot;stretch_section&quot;:&quot;section-stretched&quot;}\">\n\t\t\t\t\t\t<div class=\"elementor-container elementor-column-gap-default\">\n\t\t\t\t\t<div class=\"elementor-column elementor-col-50 elementor-top-column elementor-element elementor-element-1e4041ae\" data-id=\"1e4041ae\" data-element_type=\"column\" data-e-type=\"column\">\n\t\t\t<div class=\"elementor-widget-wrap elementor-element-populated\">\n\t\t\t\t\t\t<div class=\"elementor-element elementor-element-654f2a00 elementor-widget elementor-widget-rs-heading\" data-id=\"654f2a00\" data-element_type=\"widget\" data-e-type=\"widget\" data-widget_type=\"rs-heading.default\">\n\t\t\t\t<div class=\"elementor-widget-container\">\n\t\t\t\t\t        <div class=\"rs-heading default \">\r\n        \t<div class=\"title-inner\">\r\n        \t\t      \t\t\r\n\t            <span class=\"sub-text \">JAK WYGL\u0104DA SZKOLENIE<\/span><h2 class=\"title\"><span class=\"watermark\"><\/span>Program szkolenia<\/h2>\t        <\/div>\r\n\t                    \t<div class=\"description\">\r\n            \t\t<p style=\"font-weight: 400\"><strong>Celem kursu jest \u00a0poznanie technik masa\u017cu Abhyanga. Ten tradycyjny masa\u017c nale\u017c\u0105cy do klasyki masa\u017cy ayurvedyjskich, jest to najbardziej kompletn\u0105 terapi\u0105 cia\u0142a zawieraj\u0105c\u0105 relaksuj\u0105cy masa\u017c przedniej i tylnej strony ca\u0142ego cia\u0142a, opr\u00f3cz g\u0142owy i twarzy.<\/strong><\/p><p style=\"font-weight: 400\"><strong>W programie min:<\/strong><\/p><ul><li style=\"font-weight: 400\">Masa\u017c Ayurveda \u2013 historia.<\/li><li style=\"font-weight: 400\">Koncepcja dotycz\u0105ca kr\u0105\u017cenia energii w ciele ludzkim.<\/li><li style=\"font-weight: 400\">Psychologiczny, \u00a0duchowy aspekt terapii masa\u017cem Abhyanga.<\/li><li style=\"font-weight: 400\">Przeciwwskazania i wskazania do zabiegu<br \/>przygotowanie do zabiegu.<\/li><li style=\"font-weight: 400\">Techniki wykorzystywane w terapii ayurveda abhyanga-teoria i praktyka.<\/li><li style=\"font-weight: 400\">Praca na modelkach<\/li><li style=\"font-weight: 400\">Zasady i metodyka masa\u017cu.<\/li><\/ul><p style=\"font-weight: 400\"><strong>8 h, certyfikat w j\u0119z. polskimi i angielskim.<\/strong><\/p>            \t\t\r\n            \t<\/div>\r\n        \t        <\/div>\r\n        \t\t\t\t<\/div>\n\t\t\t\t<\/div>\n\t\t\t\t<div class=\"elementor-element elementor-element-55ece85f elementor-widget elementor-widget-rs-button\" data-id=\"55ece85f\" data-element_type=\"widget\" data-e-type=\"widget\" data-widget_type=\"rs-button.default\">\n\t\t\t\t<div class=\"elementor-widget-container\">\n\t\t\t\t\t\t\r\n\t\t\r\n\t\t<div class=\"rs-view-btn\">\r\n\t\t\t\t\t\t<a class=\"rs-btn rs-btnblack rs-btn-style1\" href=\"tel:+48698592960\" >\t\t\t\t\r\n\t\t\t\t<span class=\"rs_btn__text\"><span class=\"btn_text\">ZADZWO\u0143 - Monika 698 592 960<\/span><\/span>\r\n\t\t\t<\/a>\r\n\t\t<\/div>    \r\n\t\t\t\t\t<\/div>\n\t\t\t\t<\/div>\n\t\t\t\t\t<\/div>\n\t\t<\/div>\n\t\t\t\t<div class=\"elementor-column elementor-col-50 elementor-top-column elementor-element elementor-element-742cb1ed\" data-id=\"742cb1ed\" data-element_type=\"column\" data-e-type=\"column\">\n\t\t\t<div class=\"elementor-widget-wrap elementor-element-populated\">\n\t\t\t\t\t\t<div class=\"elementor-element elementor-element-1a5f3474 elementor-widget elementor-widget-image\" data-id=\"1a5f3474\" data-element_type=\"widget\" data-e-type=\"widget\" data-widget_type=\"image.default\">\n\t\t\t\t<div class=\"elementor-widget-container\">\n\t\t\t\t\t\t\t\t\t\t\t\t\t\t\t<img fetchpriority=\"high\" decoding=\"async\" width=\"576\" height=\"864\" src=\"https:\/\/akademia-zdrowia.pl\/rzeszow\/wp-content\/uploads\/2024\/08\/Masaz-relaksacyjny-Ajurwedyjski-olejowy-Abhyanga.png\" class=\"attachment-large size-large wp-image-4586\" alt=\"\" srcset=\"https:\/\/akademia-zdrowia.pl\/rzeszow\/wp-content\/uploads\/2024\/08\/Masaz-relaksacyjny-Ajurwedyjski-olejowy-Abhyanga.png 576w, https:\/\/akademia-zdrowia.pl\/rzeszow\/wp-content\/uploads\/2024\/08\/Masaz-relaksacyjny-Ajurwedyjski-olejowy-Abhyanga-200x300.png 200w, https:\/\/akademia-zdrowia.pl\/rzeszow\/wp-content\/uploads\/2024\/08\/Masaz-relaksacyjny-Ajurwedyjski-olejowy-Abhyanga-500x750.png 500w\" sizes=\"(max-width: 576px) 100vw, 576px\" \/>\t\t\t\t\t\t\t\t\t\t\t\t\t\t\t<\/div>\n\t\t\t\t<\/div>\n\t\t\t\t\t<\/div>\n\t\t<\/div>\n\t\t\t\t\t<\/div>\n\t\t<\/section>\n\t\t\t\t<section class=\"elementor-section elementor-top-section elementor-element elementor-element-235cf429 elementor-section-boxed elementor-section-height-default elementor-section-height-default\" data-id=\"235cf429\" data-element_type=\"section\" data-e-type=\"section\" data-settings=\"{&quot;background_background&quot;:&quot;classic&quot;}\">\n\t\t\t\t\t\t<div class=\"elementor-container elementor-column-gap-default\">\n\t\t\t\t\t<div class=\"elementor-column elementor-col-50 elementor-top-column elementor-element elementor-element-79e6cd9e\" data-id=\"79e6cd9e\" data-element_type=\"column\" data-e-type=\"column\" data-settings=\"{&quot;background_background&quot;:&quot;classic&quot;}\">\n\t\t\t<div class=\"elementor-widget-wrap elementor-element-populated\">\n\t\t\t\t\t\t<div class=\"elementor-element elementor-element-267ab8fb elementor-widget-mobile__width-initial elementor-widget elementor-widget-rs-heading\" data-id=\"267ab8fb\" data-element_type=\"widget\" data-e-type=\"widget\" data-widget_type=\"rs-heading.default\">\n\t\t\t\t<div class=\"elementor-widget-container\">\n\t\t\t\t\t        <div class=\"rs-heading default \">\r\n        \t<div class=\"title-inner\">\r\n        \t\t      \t\t\r\n\t            <span class=\"sub-text \">NIE MASZ POMYS\u0141U NA PREZENT?<\/span><h2 class=\"title\"><span class=\"watermark\"><\/span>Kup voucher!<\/h2>\t        <\/div>\r\n\t                    \t<div class=\"description\">\r\n            \t\t<div class=\"flex-shrink-0 flex flex-col relative items-end\"><div><div class=\"pt-0\"><div class=\"gizmo-bot-avatar flex h-8 w-8 items-center justify-center overflow-hidden rounded-full\"><div class=\"relative p-1 rounded-sm flex items-center justify-center bg-token-main-surface-primary text-token-text-primary h-8 w-8\">Podaruj bliskim wyj\u0105tkowy prezent! Kup voucher na nasze szkolenia i kursy \u2014 to doskona\u0142y spos\u00f3b na rozw\u00f3j i nowe umiej\u0119tno\u015bci. Idealny prezent na ka\u017cd\u0105 okazj\u0119!<\/div><\/div><\/div><\/div><\/div>            \t\t\r\n            \t<\/div>\r\n        \t        <\/div>\r\n        \t\t\t\t<\/div>\n\t\t\t\t<\/div>\n\t\t\t\t<div class=\"elementor-element elementor-element-75e7c840 elementor-widget elementor-widget-rs-button\" data-id=\"75e7c840\" data-element_type=\"widget\" data-e-type=\"widget\" data-widget_type=\"rs-button.default\">\n\t\t\t\t<div class=\"elementor-widget-container\">\n\t\t\t\t\t\t\r\n\t\t\r\n\t\t<div class=\"rs-view-btn\">\r\n\t\t\t\t\t\t<a class=\"rs-btn rs-btnblack rs-btn-style1\" href=\"tel:+48698592960\" >\t\t\t\t\r\n\t\t\t\t<span class=\"rs_btn__text\"><span class=\"btn_text\">ZADZWO\u0143 - ZAM\u00d3W VOUCHER<\/span><\/span>\r\n\t\t\t<\/a>\r\n\t\t<\/div>    \r\n\t\t\t\t\t<\/div>\n\t\t\t\t<\/div>\n\t\t\t\t\t<\/div>\n\t\t<\/div>\n\t\t\t\t<div class=\"elementor-column elementor-col-50 elementor-top-column elementor-element elementor-element-3adc63\" data-id=\"3adc63\" data-element_type=\"column\" data-e-type=\"column\">\n\t\t\t<div class=\"elementor-widget-wrap elementor-element-populated\">\n\t\t\t\t\t\t<div class=\"elementor-element elementor-element-12615e71 elementor-widget elementor-widget-rs-heading\" data-id=\"12615e71\" data-element_type=\"widget\" data-e-type=\"widget\" data-widget_type=\"rs-heading.default\">\n\t\t\t\t<div class=\"elementor-widget-container\">\n\t\t\t\t\t        <div class=\"rs-heading default \">\r\n        \t<div class=\"title-inner\">\r\n        \t\t      \t\t\r\n\t            <span class=\"sub-text \">ZAUFANY PARTNER<\/span><h2 class=\"title\"><span class=\"watermark\"><\/span>Dlaczego warto wybra\u0107 nas<\/h2>\t        <\/div>\r\n\t                    \t<div class=\"description\">\r\n            \t\t<p>Zaufaj naszemu wieloletniemu do\u015bwiadczeniu i zespo\u0142owi specjalist\u00f3w. Oferujemy profesjonalne szkolenia, kt\u00f3re pomog\u0105 rozwija\u0107 Tw\u00f3j biznes. Wybieraj\u0105c nas, inwestujesz w sprawdzonego partnera, kt\u00f3ry wspiera sukces Twojej firmy. Skontaktuj si\u0119 z nami i zacznij rozwija\u0107 si\u0119 razem z nami!<\/p>            \t\t\r\n            \t<\/div>\r\n        \t        <\/div>\r\n        \t\t\t\t<\/div>\n\t\t\t\t<\/div>\n\t\t\t\t\t<\/div>\n\t\t<\/div>\n\t\t\t\t\t<\/div>\n\t\t<\/section>\n\t\t\t\t<\/div>\n\t\t","protected":false},"excerpt":{"rendered":"<p>AKADEMIA ZDROWIA DLA BRAN\u017bY BEAUTY Masa\u017c relaksacyjny Ajurwedyjski olejowy (Abhyanga) JAK WYGL\u0104DA SZKOLENIE Program szkolenia Celem kursu jest \u00a0poznanie technik masa\u017cu Abhyanga. Ten tradycyjny masa\u017c nale\u017c\u0105cy do klasyki masa\u017cy ayurvedyjskich, jest to najbardziej kompletn\u0105 terapi\u0105 cia\u0142a zawieraj\u0105c\u0105 relaksuj\u0105cy masa\u017c przedniej i tylnej strony ca\u0142ego cia\u0142a, opr\u00f3cz g\u0142owy i twarzy. W programie min: Masa\u017c Ayurveda \u2013&#8230;<\/p>\n","protected":false},"author":3,"featured_media":0,"parent":3473,"menu_order":0,"comment_status":"closed","ping_status":"closed","template":"","meta":{"footnotes":""},"class_list":["post-3490","page","type-page","status-publish","hentry"],"yoast_head":"<!-- This site is optimized with the Yoast SEO plugin v26.9 - https:\/\/yoast.com\/product\/yoast-seo-wordpress\/ -->\n<title>Masa\u017c relaksacyjny Ajurwedyjski olejowy (Abhyanga) - Akademia Zdrowia Rzesz\u00f3w<\/title>\n<meta name=\"robots\" content=\"index, follow, max-snippet:-1, max-image-preview:large, max-video-preview:-1\" \/>\n<link rel=\"canonical\" href=\"https:\/\/akademia-zdrowia.pl\/rzeszow\/kursy-i-szkolenia\/kursy-masazu\/masaz-relaksacyjny-ajurwedyjski-olejowy-abhyanga\/\" \/>\n<meta property=\"og:locale\" content=\"pl_PL\" \/>\n<meta property=\"og:type\" content=\"article\" \/>\n<meta property=\"og:title\" content=\"Masa\u017c relaksacyjny Ajurwedyjski olejowy (Abhyanga) - Akademia Zdrowia Rzesz\u00f3w\" \/>\n<meta property=\"og:description\" content=\"AKADEMIA ZDROWIA DLA BRAN\u017bY BEAUTY Masa\u017c relaksacyjny Ajurwedyjski olejowy (Abhyanga) JAK WYGL\u0104DA SZKOLENIE Program szkolenia Celem kursu jest \u00a0poznanie technik masa\u017cu Abhyanga. Ten tradycyjny masa\u017c nale\u017c\u0105cy do klasyki masa\u017cy ayurvedyjskich, jest to najbardziej kompletn\u0105 terapi\u0105 cia\u0142a zawieraj\u0105c\u0105 relaksuj\u0105cy masa\u017c przedniej i tylnej strony ca\u0142ego cia\u0142a, opr\u00f3cz g\u0142owy i twarzy. W programie min: Masa\u017c Ayurveda \u2013...\" \/>\n<meta property=\"og:url\" content=\"https:\/\/akademia-zdrowia.pl\/rzeszow\/kursy-i-szkolenia\/kursy-masazu\/masaz-relaksacyjny-ajurwedyjski-olejowy-abhyanga\/\" \/>\n<meta property=\"og:site_name\" content=\"Akademia Zdrowia Rzesz\u00f3w\" \/>\n<meta property=\"article:modified_time\" content=\"2024-09-09T23:00:28+00:00\" \/>\n<meta property=\"og:image\" content=\"https:\/\/akademia-zdrowia.pl\/rzeszow\/wp-content\/uploads\/2024\/08\/Masaz-relaksacyjny-Ajurwedyjski-olejowy-Abhyanga.png\" \/>\n<meta name=\"twitter:card\" content=\"summary_large_image\" \/>\n<meta name=\"twitter:label1\" content=\"Szacowany czas czytania\" \/>\n\t<meta name=\"twitter:data1\" content=\"2 minuty\" \/>\n<script type=\"application\/ld+json\" class=\"yoast-schema-graph\">{\"@context\":\"https:\/\/schema.org\",\"@graph\":[{\"@type\":\"WebPage\",\"@id\":\"https:\/\/akademia-zdrowia.pl\/rzeszow\/kursy-i-szkolenia\/kursy-masazu\/masaz-relaksacyjny-ajurwedyjski-olejowy-abhyanga\/\",\"url\":\"https:\/\/akademia-zdrowia.pl\/rzeszow\/kursy-i-szkolenia\/kursy-masazu\/masaz-relaksacyjny-ajurwedyjski-olejowy-abhyanga\/\",\"name\":\"Masa\u017c relaksacyjny Ajurwedyjski olejowy (Abhyanga) - Akademia Zdrowia Rzesz\u00f3w\",\"isPartOf\":{\"@id\":\"https:\/\/akademia-zdrowia.pl\/rzeszow\/#website\"},\"primaryImageOfPage\":{\"@id\":\"https:\/\/akademia-zdrowia.pl\/rzeszow\/kursy-i-szkolenia\/kursy-masazu\/masaz-relaksacyjny-ajurwedyjski-olejowy-abhyanga\/#primaryimage\"},\"image\":{\"@id\":\"https:\/\/akademia-zdrowia.pl\/rzeszow\/kursy-i-szkolenia\/kursy-masazu\/masaz-relaksacyjny-ajurwedyjski-olejowy-abhyanga\/#primaryimage\"},\"thumbnailUrl\":\"https:\/\/akademia-zdrowia.pl\/rzeszow\/wp-content\/uploads\/2024\/08\/Masaz-relaksacyjny-Ajurwedyjski-olejowy-Abhyanga.png\",\"datePublished\":\"2024-06-09T20:54:39+00:00\",\"dateModified\":\"2024-09-09T23:00:28+00:00\",\"breadcrumb\":{\"@id\":\"https:\/\/akademia-zdrowia.pl\/rzeszow\/kursy-i-szkolenia\/kursy-masazu\/masaz-relaksacyjny-ajurwedyjski-olejowy-abhyanga\/#breadcrumb\"},\"inLanguage\":\"pl-PL\",\"potentialAction\":[{\"@type\":\"ReadAction\",\"target\":[\"https:\/\/akademia-zdrowia.pl\/rzeszow\/kursy-i-szkolenia\/kursy-masazu\/masaz-relaksacyjny-ajurwedyjski-olejowy-abhyanga\/\"]}]},{\"@type\":\"ImageObject\",\"inLanguage\":\"pl-PL\",\"@id\":\"https:\/\/akademia-zdrowia.pl\/rzeszow\/kursy-i-szkolenia\/kursy-masazu\/masaz-relaksacyjny-ajurwedyjski-olejowy-abhyanga\/#primaryimage\",\"url\":\"https:\/\/akademia-zdrowia.pl\/rzeszow\/wp-content\/uploads\/2024\/08\/Masaz-relaksacyjny-Ajurwedyjski-olejowy-Abhyanga.png\",\"contentUrl\":\"https:\/\/akademia-zdrowia.pl\/rzeszow\/wp-content\/uploads\/2024\/08\/Masaz-relaksacyjny-Ajurwedyjski-olejowy-Abhyanga.png\",\"width\":576,\"height\":864},{\"@type\":\"BreadcrumbList\",\"@id\":\"https:\/\/akademia-zdrowia.pl\/rzeszow\/kursy-i-szkolenia\/kursy-masazu\/masaz-relaksacyjny-ajurwedyjski-olejowy-abhyanga\/#breadcrumb\",\"itemListElement\":[{\"@type\":\"ListItem\",\"position\":1,\"name\":\"Strona g\u0142\u00f3wna\",\"item\":\"https:\/\/akademia-zdrowia.pl\/rzeszow\/\"},{\"@type\":\"ListItem\",\"position\":2,\"name\":\"Kursy i szkolenia\",\"item\":\"https:\/\/akademia-zdrowia.pl\/rzeszow\/kursy-i-szkolenia\/\"},{\"@type\":\"ListItem\",\"position\":3,\"name\":\"Kursy masa\u017cu\",\"item\":\"https:\/\/akademia-zdrowia.pl\/rzeszow\/kursy-i-szkolenia\/kursy-masazu\/\"},{\"@type\":\"ListItem\",\"position\":4,\"name\":\"Masa\u017c relaksacyjny Ajurwedyjski olejowy (Abhyanga)\"}]},{\"@type\":\"WebSite\",\"@id\":\"https:\/\/akademia-zdrowia.pl\/rzeszow\/#website\",\"url\":\"https:\/\/akademia-zdrowia.pl\/rzeszow\/\",\"name\":\"Akademia Zdrowia Rzesz\u00f3w\",\"description\":\"\",\"potentialAction\":[{\"@type\":\"SearchAction\",\"target\":{\"@type\":\"EntryPoint\",\"urlTemplate\":\"https:\/\/akademia-zdrowia.pl\/rzeszow\/?s={search_term_string}\"},\"query-input\":{\"@type\":\"PropertyValueSpecification\",\"valueRequired\":true,\"valueName\":\"search_term_string\"}}],\"inLanguage\":\"pl-PL\"}]}<\/script>\n<!-- \/ Yoast SEO plugin. -->","yoast_head_json":{"title":"Masa\u017c relaksacyjny Ajurwedyjski olejowy (Abhyanga) - Akademia Zdrowia Rzesz\u00f3w","robots":{"index":"index","follow":"follow","max-snippet":"max-snippet:-1","max-image-preview":"max-image-preview:large","max-video-preview":"max-video-preview:-1"},"canonical":"https:\/\/akademia-zdrowia.pl\/rzeszow\/kursy-i-szkolenia\/kursy-masazu\/masaz-relaksacyjny-ajurwedyjski-olejowy-abhyanga\/","og_locale":"pl_PL","og_type":"article","og_title":"Masa\u017c relaksacyjny Ajurwedyjski olejowy (Abhyanga) - Akademia Zdrowia Rzesz\u00f3w","og_description":"AKADEMIA ZDROWIA DLA BRAN\u017bY BEAUTY Masa\u017c relaksacyjny Ajurwedyjski olejowy (Abhyanga) JAK WYGL\u0104DA SZKOLENIE Program szkolenia Celem kursu jest \u00a0poznanie technik masa\u017cu Abhyanga. Ten tradycyjny masa\u017c nale\u017c\u0105cy do klasyki masa\u017cy ayurvedyjskich, jest to najbardziej kompletn\u0105 terapi\u0105 cia\u0142a zawieraj\u0105c\u0105 relaksuj\u0105cy masa\u017c przedniej i tylnej strony ca\u0142ego cia\u0142a, opr\u00f3cz g\u0142owy i twarzy. W programie min: Masa\u017c Ayurveda \u2013...","og_url":"https:\/\/akademia-zdrowia.pl\/rzeszow\/kursy-i-szkolenia\/kursy-masazu\/masaz-relaksacyjny-ajurwedyjski-olejowy-abhyanga\/","og_site_name":"Akademia Zdrowia Rzesz\u00f3w","article_modified_time":"2024-09-09T23:00:28+00:00","og_image":[{"url":"https:\/\/akademia-zdrowia.pl\/rzeszow\/wp-content\/uploads\/2024\/08\/Masaz-relaksacyjny-Ajurwedyjski-olejowy-Abhyanga.png","type":"","width":"","height":""}],"twitter_card":"summary_large_image","twitter_misc":{"Szacowany czas czytania":"2 minuty"},"schema":{"@context":"https:\/\/schema.org","@graph":[{"@type":"WebPage","@id":"https:\/\/akademia-zdrowia.pl\/rzeszow\/kursy-i-szkolenia\/kursy-masazu\/masaz-relaksacyjny-ajurwedyjski-olejowy-abhyanga\/","url":"https:\/\/akademia-zdrowia.pl\/rzeszow\/kursy-i-szkolenia\/kursy-masazu\/masaz-relaksacyjny-ajurwedyjski-olejowy-abhyanga\/","name":"Masa\u017c relaksacyjny Ajurwedyjski olejowy (Abhyanga) - Akademia Zdrowia Rzesz\u00f3w","isPartOf":{"@id":"https:\/\/akademia-zdrowia.pl\/rzeszow\/#website"},"primaryImageOfPage":{"@id":"https:\/\/akademia-zdrowia.pl\/rzeszow\/kursy-i-szkolenia\/kursy-masazu\/masaz-relaksacyjny-ajurwedyjski-olejowy-abhyanga\/#primaryimage"},"image":{"@id":"https:\/\/akademia-zdrowia.pl\/rzeszow\/kursy-i-szkolenia\/kursy-masazu\/masaz-relaksacyjny-ajurwedyjski-olejowy-abhyanga\/#primaryimage"},"thumbnailUrl":"https:\/\/akademia-zdrowia.pl\/rzeszow\/wp-content\/uploads\/2024\/08\/Masaz-relaksacyjny-Ajurwedyjski-olejowy-Abhyanga.png","datePublished":"2024-06-09T20:54:39+00:00","dateModified":"2024-09-09T23:00:28+00:00","breadcrumb":{"@id":"https:\/\/akademia-zdrowia.pl\/rzeszow\/kursy-i-szkolenia\/kursy-masazu\/masaz-relaksacyjny-ajurwedyjski-olejowy-abhyanga\/#breadcrumb"},"inLanguage":"pl-PL","potentialAction":[{"@type":"ReadAction","target":["https:\/\/akademia-zdrowia.pl\/rzeszow\/kursy-i-szkolenia\/kursy-masazu\/masaz-relaksacyjny-ajurwedyjski-olejowy-abhyanga\/"]}]},{"@type":"ImageObject","inLanguage":"pl-PL","@id":"https:\/\/akademia-zdrowia.pl\/rzeszow\/kursy-i-szkolenia\/kursy-masazu\/masaz-relaksacyjny-ajurwedyjski-olejowy-abhyanga\/#primaryimage","url":"https:\/\/akademia-zdrowia.pl\/rzeszow\/wp-content\/uploads\/2024\/08\/Masaz-relaksacyjny-Ajurwedyjski-olejowy-Abhyanga.png","contentUrl":"https:\/\/akademia-zdrowia.pl\/rzeszow\/wp-content\/uploads\/2024\/08\/Masaz-relaksacyjny-Ajurwedyjski-olejowy-Abhyanga.png","width":576,"height":864},{"@type":"BreadcrumbList","@id":"https:\/\/akademia-zdrowia.pl\/rzeszow\/kursy-i-szkolenia\/kursy-masazu\/masaz-relaksacyjny-ajurwedyjski-olejowy-abhyanga\/#breadcrumb","itemListElement":[{"@type":"ListItem","position":1,"name":"Strona g\u0142\u00f3wna","item":"https:\/\/akademia-zdrowia.pl\/rzeszow\/"},{"@type":"ListItem","position":2,"name":"Kursy i szkolenia","item":"https:\/\/akademia-zdrowia.pl\/rzeszow\/kursy-i-szkolenia\/"},{"@type":"ListItem","position":3,"name":"Kursy masa\u017cu","item":"https:\/\/akademia-zdrowia.pl\/rzeszow\/kursy-i-szkolenia\/kursy-masazu\/"},{"@type":"ListItem","position":4,"name":"Masa\u017c relaksacyjny Ajurwedyjski olejowy (Abhyanga)"}]},{"@type":"WebSite","@id":"https:\/\/akademia-zdrowia.pl\/rzeszow\/#website","url":"https:\/\/akademia-zdrowia.pl\/rzeszow\/","name":"Akademia Zdrowia Rzesz\u00f3w","description":"","potentialAction":[{"@type":"SearchAction","target":{"@type":"EntryPoint","urlTemplate":"https:\/\/akademia-zdrowia.pl\/rzeszow\/?s={search_term_string}"},"query-input":{"@type":"PropertyValueSpecification","valueRequired":true,"valueName":"search_term_string"}}],"inLanguage":"pl-PL"}]}},"_links":{"self":[{"href":"https:\/\/akademia-zdrowia.pl\/rzeszow\/wp-json\/wp\/v2\/pages\/3490","targetHints":{"allow":["GET"]}}],"collection":[{"href":"https:\/\/akademia-zdrowia.pl\/rzeszow\/wp-json\/wp\/v2\/pages"}],"about":[{"href":"https:\/\/akademia-zdrowia.pl\/rzeszow\/wp-json\/wp\/v2\/types\/page"}],"author":[{"embeddable":true,"href":"https:\/\/akademia-zdrowia.pl\/rzeszow\/wp-json\/wp\/v2\/users\/3"}],"replies":[{"embeddable":true,"href":"https:\/\/akademia-zdrowia.pl\/rzeszow\/wp-json\/wp\/v2\/comments?post=3490"}],"version-history":[{"count":12,"href":"https:\/\/akademia-zdrowia.pl\/rzeszow\/wp-json\/wp\/v2\/pages\/3490\/revisions"}],"predecessor-version":[{"id":5157,"href":"https:\/\/akademia-zdrowia.pl\/rzeszow\/wp-json\/wp\/v2\/pages\/3490\/revisions\/5157"}],"up":[{"embeddable":true,"href":"https:\/\/akademia-zdrowia.pl\/rzeszow\/wp-json\/wp\/v2\/pages\/3473"}],"wp:attachment":[{"href":"https:\/\/akademia-zdrowia.pl\/rzeszow\/wp-json\/wp\/v2\/media?parent=3490"}],"curies":[{"name":"wp","href":"https:\/\/api.w.org\/{rel}","templated":true}]}}