{"id":3498,"date":"2024-06-09T22:57:18","date_gmt":"2024-06-09T20:57:18","guid":{"rendered":"https:\/\/akademia-zdrowia.pl\/rzeszow\/?page_id=3498"},"modified":"2024-09-10T00:59:50","modified_gmt":"2024-09-09T22:59:50","slug":"masaz-banka-chinska","status":"publish","type":"page","link":"https:\/\/akademia-zdrowia.pl\/rzeszow\/kursy-i-szkolenia\/kursy-masazu\/masaz-banka-chinska\/","title":{"rendered":"Masa\u017c ba\u0144k\u0105 chi\u0144sk\u0105"},"content":{"rendered":"\t\t<div data-elementor-type=\"wp-page\" data-elementor-id=\"3498\" class=\"elementor elementor-3498\" data-elementor-post-type=\"page\">\n\t\t\t\t\t\t<section class=\"elementor-section elementor-top-section elementor-element elementor-element-6b7d7700 elementor-section-boxed elementor-section-height-default elementor-section-height-default\" data-id=\"6b7d7700\" data-element_type=\"section\" data-e-type=\"section\">\n\t\t\t\t\t\t<div class=\"elementor-container elementor-column-gap-default\">\n\t\t\t\t\t<div class=\"elementor-column elementor-col-100 elementor-top-column elementor-element elementor-element-d345721\" data-id=\"d345721\" data-element_type=\"column\" data-e-type=\"column\">\n\t\t\t<div class=\"elementor-widget-wrap elementor-element-populated\">\n\t\t\t\t\t\t<div class=\"elementor-element elementor-element-4263afd2 elementor-widget elementor-widget-rs-heading\" data-id=\"4263afd2\" data-element_type=\"widget\" data-e-type=\"widget\" data-widget_type=\"rs-heading.default\">\n\t\t\t\t<div class=\"elementor-widget-container\">\n\t\t\t\t\t        <div class=\"rs-heading default \">\r\n        \t<div class=\"title-inner\">\r\n        \t\t      \t\t\r\n\t            <span class=\"sub-text \">AKADEMIA ZDROWIA DLA BRAN\u017bY BEAUTY<\/span><h2 class=\"title\"><span class=\"watermark\"><\/span>Masa\u017c ba\u0144k\u0105 chi\u0144sk\u0105<\/h2>\t        <\/div>\r\n\t                <\/div>\r\n        \t\t\t\t<\/div>\n\t\t\t\t<\/div>\n\t\t\t\t\t<\/div>\n\t\t<\/div>\n\t\t\t\t\t<\/div>\n\t\t<\/section>\n\t\t\t\t<section class=\"elementor-section elementor-top-section elementor-element elementor-element-1011f2cb elementor-section-stretched elementor-section-boxed elementor-section-height-default elementor-section-height-default\" data-id=\"1011f2cb\" data-element_type=\"section\" data-e-type=\"section\" data-settings=\"{&quot;background_background&quot;:&quot;classic&quot;,&quot;stretch_section&quot;:&quot;section-stretched&quot;}\">\n\t\t\t\t\t\t<div class=\"elementor-container elementor-column-gap-default\">\n\t\t\t\t\t<div class=\"elementor-column elementor-col-50 elementor-top-column elementor-element elementor-element-eb95af\" data-id=\"eb95af\" data-element_type=\"column\" data-e-type=\"column\">\n\t\t\t<div class=\"elementor-widget-wrap elementor-element-populated\">\n\t\t\t\t\t\t<div class=\"elementor-element elementor-element-4c1bb8d3 elementor-widget elementor-widget-rs-heading\" data-id=\"4c1bb8d3\" data-element_type=\"widget\" data-e-type=\"widget\" data-widget_type=\"rs-heading.default\">\n\t\t\t\t<div class=\"elementor-widget-container\">\n\t\t\t\t\t        <div class=\"rs-heading default \">\r\n        \t<div class=\"title-inner\">\r\n        \t\t      \t\t\r\n\t            <span class=\"sub-text \">JAK WYGL\u0104DA SZKOLENIE<\/span><h2 class=\"title\"><span class=\"watermark\"><\/span>Program szkolenia<\/h2>\t        <\/div>\r\n\t                    \t<div class=\"description\">\r\n            \t\t<p style=\"font-weight: 400\"><strong>Celem kursu jest \u00a0poznanie \u00a0historii i zasad dzia\u0142ania ba\u0144ki chi\u0144skiej, a tak\u017ce techniki masa\u017cu z jej wykorzystaniem.<\/strong><\/p><p style=\"font-weight: 400\"><strong>W programie m.in.:<\/strong><\/p><ul><li style=\"font-weight: 400\">Historia masa\u017cu ba\u0144kami.<\/li><li style=\"font-weight: 400\">Zasady dzia\u0142ania baniek.<\/li><li style=\"font-weight: 400\">Rodzaje baniek u\u017cywanych do zabiegu (ba\u0144ki ogniowe, pr\u00f3\u017cniowe i chi\u0144skie).<\/li><li style=\"font-weight: 400\">Przygotowanie do zabiegu.<\/li><li style=\"font-weight: 400\">Higiena i konserwacja sprz\u0119tu.<\/li><li style=\"font-weight: 400\">Zasady i metodyka zabiegu.<\/li><li style=\"font-weight: 400\">Wykonanie masa\u017cu na modelce pod okiem instruktora.<\/li><\/ul><p style=\"font-weight: 400\"><strong>8 h, certyfikat w j\u0119z. .polskim i angielskim<\/strong><\/p>            \t\t\r\n            \t<\/div>\r\n        \t        <\/div>\r\n        \t\t\t\t<\/div>\n\t\t\t\t<\/div>\n\t\t\t\t<div class=\"elementor-element elementor-element-607fe45e elementor-widget elementor-widget-rs-button\" data-id=\"607fe45e\" data-element_type=\"widget\" data-e-type=\"widget\" data-widget_type=\"rs-button.default\">\n\t\t\t\t<div class=\"elementor-widget-container\">\n\t\t\t\t\t\t\r\n\t\t\r\n\t\t<div class=\"rs-view-btn\">\r\n\t\t\t\t\t\t<a class=\"rs-btn rs-btnblack rs-btn-style1\" href=\"tel:+48698592960\" >\t\t\t\t\r\n\t\t\t\t<span class=\"rs_btn__text\"><span class=\"btn_text\">ZADZWO\u0143 - Monika 698 592 960<\/span><\/span>\r\n\t\t\t<\/a>\r\n\t\t<\/div>    \r\n\t\t\t\t\t<\/div>\n\t\t\t\t<\/div>\n\t\t\t\t\t<\/div>\n\t\t<\/div>\n\t\t\t\t<div class=\"elementor-column elementor-col-50 elementor-top-column elementor-element elementor-element-3c01a8f2\" data-id=\"3c01a8f2\" data-element_type=\"column\" data-e-type=\"column\">\n\t\t\t<div class=\"elementor-widget-wrap elementor-element-populated\">\n\t\t\t\t\t\t<div class=\"elementor-element elementor-element-417a1d6a elementor-widget elementor-widget-image\" data-id=\"417a1d6a\" data-element_type=\"widget\" data-e-type=\"widget\" data-widget_type=\"image.default\">\n\t\t\t\t<div class=\"elementor-widget-container\">\n\t\t\t\t\t\t\t\t\t\t\t\t\t\t\t<img fetchpriority=\"high\" decoding=\"async\" width=\"640\" height=\"928\" src=\"https:\/\/akademia-zdrowia.pl\/rzeszow\/wp-content\/uploads\/2024\/08\/banka_chinska_sec-706x1024.jpg\" class=\"attachment-large size-large wp-image-4542\" alt=\"\" srcset=\"https:\/\/akademia-zdrowia.pl\/rzeszow\/wp-content\/uploads\/2024\/08\/banka_chinska_sec-706x1024.jpg 706w, https:\/\/akademia-zdrowia.pl\/rzeszow\/wp-content\/uploads\/2024\/08\/banka_chinska_sec-207x300.jpg 207w, https:\/\/akademia-zdrowia.pl\/rzeszow\/wp-content\/uploads\/2024\/08\/banka_chinska_sec-768x1114.jpg 768w, https:\/\/akademia-zdrowia.pl\/rzeszow\/wp-content\/uploads\/2024\/08\/banka_chinska_sec-500x725.jpg 500w, https:\/\/akademia-zdrowia.pl\/rzeszow\/wp-content\/uploads\/2024\/08\/banka_chinska_sec.jpg 812w\" sizes=\"(max-width: 640px) 100vw, 640px\" \/>\t\t\t\t\t\t\t\t\t\t\t\t\t\t\t<\/div>\n\t\t\t\t<\/div>\n\t\t\t\t\t<\/div>\n\t\t<\/div>\n\t\t\t\t\t<\/div>\n\t\t<\/section>\n\t\t\t\t<section class=\"elementor-section elementor-top-section elementor-element elementor-element-48101c8d elementor-section-boxed elementor-section-height-default elementor-section-height-default\" data-id=\"48101c8d\" data-element_type=\"section\" data-e-type=\"section\" data-settings=\"{&quot;background_background&quot;:&quot;classic&quot;}\">\n\t\t\t\t\t\t<div class=\"elementor-container elementor-column-gap-default\">\n\t\t\t\t\t<div class=\"elementor-column elementor-col-50 elementor-top-column elementor-element elementor-element-581d900c\" data-id=\"581d900c\" data-element_type=\"column\" data-e-type=\"column\" data-settings=\"{&quot;background_background&quot;:&quot;classic&quot;}\">\n\t\t\t<div class=\"elementor-widget-wrap elementor-element-populated\">\n\t\t\t\t\t\t<div class=\"elementor-element elementor-element-6fa21fa elementor-widget-mobile__width-initial elementor-widget elementor-widget-rs-heading\" data-id=\"6fa21fa\" data-element_type=\"widget\" data-e-type=\"widget\" data-widget_type=\"rs-heading.default\">\n\t\t\t\t<div class=\"elementor-widget-container\">\n\t\t\t\t\t        <div class=\"rs-heading default \">\r\n        \t<div class=\"title-inner\">\r\n        \t\t      \t\t\r\n\t            <span class=\"sub-text \">NIE MASZ POMYS\u0141U NA PREZENT?<\/span><h2 class=\"title\"><span class=\"watermark\"><\/span>Kup voucher!<\/h2>\t        <\/div>\r\n\t                    \t<div class=\"description\">\r\n            \t\t<div class=\"flex-shrink-0 flex flex-col relative items-end\"><div><div class=\"pt-0\"><div class=\"gizmo-bot-avatar flex h-8 w-8 items-center justify-center overflow-hidden rounded-full\"><div class=\"relative p-1 rounded-sm flex items-center justify-center bg-token-main-surface-primary text-token-text-primary h-8 w-8\">Podaruj bliskim wyj\u0105tkowy prezent! Kup voucher na nasze szkolenia i kursy \u2014 to doskona\u0142y spos\u00f3b na rozw\u00f3j i nowe umiej\u0119tno\u015bci. Idealny prezent na ka\u017cd\u0105 okazj\u0119!<\/div><\/div><\/div><\/div><\/div>            \t\t\r\n            \t<\/div>\r\n        \t        <\/div>\r\n        \t\t\t\t<\/div>\n\t\t\t\t<\/div>\n\t\t\t\t<div class=\"elementor-element elementor-element-55d72c5f elementor-widget elementor-widget-rs-button\" data-id=\"55d72c5f\" data-element_type=\"widget\" data-e-type=\"widget\" data-widget_type=\"rs-button.default\">\n\t\t\t\t<div class=\"elementor-widget-container\">\n\t\t\t\t\t\t\r\n\t\t\r\n\t\t<div class=\"rs-view-btn\">\r\n\t\t\t\t\t\t<a class=\"rs-btn rs-btnblack rs-btn-style1\" href=\"tel:+48698592960\" >\t\t\t\t\r\n\t\t\t\t<span class=\"rs_btn__text\"><span class=\"btn_text\">ZADZWO\u0143 - ZAM\u00d3W VOUCHER<\/span><\/span>\r\n\t\t\t<\/a>\r\n\t\t<\/div>    \r\n\t\t\t\t\t<\/div>\n\t\t\t\t<\/div>\n\t\t\t\t\t<\/div>\n\t\t<\/div>\n\t\t\t\t<div class=\"elementor-column elementor-col-50 elementor-top-column elementor-element elementor-element-70f583bf\" data-id=\"70f583bf\" data-element_type=\"column\" data-e-type=\"column\">\n\t\t\t<div class=\"elementor-widget-wrap elementor-element-populated\">\n\t\t\t\t\t\t<div class=\"elementor-element elementor-element-11737f0d elementor-widget elementor-widget-rs-heading\" data-id=\"11737f0d\" data-element_type=\"widget\" data-e-type=\"widget\" data-widget_type=\"rs-heading.default\">\n\t\t\t\t<div class=\"elementor-widget-container\">\n\t\t\t\t\t        <div class=\"rs-heading default \">\r\n        \t<div class=\"title-inner\">\r\n        \t\t      \t\t\r\n\t            <span class=\"sub-text \">ZAUFANY PARTNER<\/span><h2 class=\"title\"><span class=\"watermark\"><\/span>Dlaczego warto wybra\u0107 nas<\/h2>\t        <\/div>\r\n\t                    \t<div class=\"description\">\r\n            \t\t<p>Zaufaj naszemu wieloletniemu do\u015bwiadczeniu i zespo\u0142owi specjalist\u00f3w. Oferujemy profesjonalne szkolenia, kt\u00f3re pomog\u0105 rozwija\u0107 Tw\u00f3j biznes. Wybieraj\u0105c nas, inwestujesz w sprawdzonego partnera, kt\u00f3ry wspiera sukces Twojej firmy. Skontaktuj si\u0119 z nami i zacznij rozwija\u0107 si\u0119 razem z nami!<\/p>            \t\t\r\n            \t<\/div>\r\n        \t        <\/div>\r\n        \t\t\t\t<\/div>\n\t\t\t\t<\/div>\n\t\t\t\t\t<\/div>\n\t\t<\/div>\n\t\t\t\t\t<\/div>\n\t\t<\/section>\n\t\t\t\t<\/div>\n\t\t","protected":false},"excerpt":{"rendered":"<p>AKADEMIA ZDROWIA DLA BRAN\u017bY BEAUTY Masa\u017c ba\u0144k\u0105 chi\u0144sk\u0105 JAK WYGL\u0104DA SZKOLENIE Program szkolenia Celem kursu jest \u00a0poznanie \u00a0historii i zasad dzia\u0142ania ba\u0144ki chi\u0144skiej, a tak\u017ce techniki masa\u017cu z jej wykorzystaniem. W programie m.in.: Historia masa\u017cu ba\u0144kami. Zasady dzia\u0142ania baniek. Rodzaje baniek u\u017cywanych do zabiegu (ba\u0144ki ogniowe, pr\u00f3\u017cniowe i chi\u0144skie). Przygotowanie do zabiegu. Higiena i konserwacja&#8230;<\/p>\n","protected":false},"author":3,"featured_media":0,"parent":3473,"menu_order":0,"comment_status":"closed","ping_status":"closed","template":"","meta":{"footnotes":""},"class_list":["post-3498","page","type-page","status-publish","hentry"],"yoast_head":"<!-- This site is optimized with the Yoast SEO plugin v26.9 - https:\/\/yoast.com\/product\/yoast-seo-wordpress\/ -->\n<title>Masa\u017c ba\u0144k\u0105 chi\u0144sk\u0105 - Akademia Zdrowia Rzesz\u00f3w<\/title>\n<meta name=\"robots\" content=\"index, follow, max-snippet:-1, max-image-preview:large, max-video-preview:-1\" \/>\n<link rel=\"canonical\" href=\"https:\/\/akademia-zdrowia.pl\/rzeszow\/kursy-i-szkolenia\/kursy-masazu\/masaz-banka-chinska\/\" \/>\n<meta property=\"og:locale\" content=\"pl_PL\" \/>\n<meta property=\"og:type\" content=\"article\" \/>\n<meta property=\"og:title\" content=\"Masa\u017c ba\u0144k\u0105 chi\u0144sk\u0105 - Akademia Zdrowia Rzesz\u00f3w\" \/>\n<meta property=\"og:description\" content=\"AKADEMIA ZDROWIA DLA BRAN\u017bY BEAUTY Masa\u017c ba\u0144k\u0105 chi\u0144sk\u0105 JAK WYGL\u0104DA SZKOLENIE Program szkolenia Celem kursu jest \u00a0poznanie \u00a0historii i zasad dzia\u0142ania ba\u0144ki chi\u0144skiej, a tak\u017ce techniki masa\u017cu z jej wykorzystaniem. W programie m.in.: Historia masa\u017cu ba\u0144kami. Zasady dzia\u0142ania baniek. Rodzaje baniek u\u017cywanych do zabiegu (ba\u0144ki ogniowe, pr\u00f3\u017cniowe i chi\u0144skie). Przygotowanie do zabiegu. Higiena i konserwacja...\" \/>\n<meta property=\"og:url\" content=\"https:\/\/akademia-zdrowia.pl\/rzeszow\/kursy-i-szkolenia\/kursy-masazu\/masaz-banka-chinska\/\" \/>\n<meta property=\"og:site_name\" content=\"Akademia Zdrowia Rzesz\u00f3w\" \/>\n<meta property=\"article:modified_time\" content=\"2024-09-09T22:59:50+00:00\" \/>\n<meta property=\"og:image\" content=\"https:\/\/akademia-zdrowia.pl\/rzeszow\/wp-content\/uploads\/2024\/08\/banka_chinska_sec-706x1024.jpg\" \/>\n<meta name=\"twitter:card\" content=\"summary_large_image\" \/>\n<meta name=\"twitter:label1\" content=\"Szacowany czas czytania\" \/>\n\t<meta name=\"twitter:data1\" content=\"2 minuty\" \/>\n<script type=\"application\/ld+json\" class=\"yoast-schema-graph\">{\"@context\":\"https:\/\/schema.org\",\"@graph\":[{\"@type\":\"WebPage\",\"@id\":\"https:\/\/akademia-zdrowia.pl\/rzeszow\/kursy-i-szkolenia\/kursy-masazu\/masaz-banka-chinska\/\",\"url\":\"https:\/\/akademia-zdrowia.pl\/rzeszow\/kursy-i-szkolenia\/kursy-masazu\/masaz-banka-chinska\/\",\"name\":\"Masa\u017c ba\u0144k\u0105 chi\u0144sk\u0105 - Akademia Zdrowia Rzesz\u00f3w\",\"isPartOf\":{\"@id\":\"https:\/\/akademia-zdrowia.pl\/rzeszow\/#website\"},\"primaryImageOfPage\":{\"@id\":\"https:\/\/akademia-zdrowia.pl\/rzeszow\/kursy-i-szkolenia\/kursy-masazu\/masaz-banka-chinska\/#primaryimage\"},\"image\":{\"@id\":\"https:\/\/akademia-zdrowia.pl\/rzeszow\/kursy-i-szkolenia\/kursy-masazu\/masaz-banka-chinska\/#primaryimage\"},\"thumbnailUrl\":\"https:\/\/akademia-zdrowia.pl\/rzeszow\/wp-content\/uploads\/2024\/08\/banka_chinska_sec-706x1024.jpg\",\"datePublished\":\"2024-06-09T20:57:18+00:00\",\"dateModified\":\"2024-09-09T22:59:50+00:00\",\"breadcrumb\":{\"@id\":\"https:\/\/akademia-zdrowia.pl\/rzeszow\/kursy-i-szkolenia\/kursy-masazu\/masaz-banka-chinska\/#breadcrumb\"},\"inLanguage\":\"pl-PL\",\"potentialAction\":[{\"@type\":\"ReadAction\",\"target\":[\"https:\/\/akademia-zdrowia.pl\/rzeszow\/kursy-i-szkolenia\/kursy-masazu\/masaz-banka-chinska\/\"]}]},{\"@type\":\"ImageObject\",\"inLanguage\":\"pl-PL\",\"@id\":\"https:\/\/akademia-zdrowia.pl\/rzeszow\/kursy-i-szkolenia\/kursy-masazu\/masaz-banka-chinska\/#primaryimage\",\"url\":\"https:\/\/akademia-zdrowia.pl\/rzeszow\/wp-content\/uploads\/2024\/08\/banka_chinska_sec.jpg\",\"contentUrl\":\"https:\/\/akademia-zdrowia.pl\/rzeszow\/wp-content\/uploads\/2024\/08\/banka_chinska_sec.jpg\",\"width\":812,\"height\":1178},{\"@type\":\"BreadcrumbList\",\"@id\":\"https:\/\/akademia-zdrowia.pl\/rzeszow\/kursy-i-szkolenia\/kursy-masazu\/masaz-banka-chinska\/#breadcrumb\",\"itemListElement\":[{\"@type\":\"ListItem\",\"position\":1,\"name\":\"Strona g\u0142\u00f3wna\",\"item\":\"https:\/\/akademia-zdrowia.pl\/rzeszow\/\"},{\"@type\":\"ListItem\",\"position\":2,\"name\":\"Kursy i szkolenia\",\"item\":\"https:\/\/akademia-zdrowia.pl\/rzeszow\/kursy-i-szkolenia\/\"},{\"@type\":\"ListItem\",\"position\":3,\"name\":\"Kursy masa\u017cu\",\"item\":\"https:\/\/akademia-zdrowia.pl\/rzeszow\/kursy-i-szkolenia\/kursy-masazu\/\"},{\"@type\":\"ListItem\",\"position\":4,\"name\":\"Masa\u017c ba\u0144k\u0105 chi\u0144sk\u0105\"}]},{\"@type\":\"WebSite\",\"@id\":\"https:\/\/akademia-zdrowia.pl\/rzeszow\/#website\",\"url\":\"https:\/\/akademia-zdrowia.pl\/rzeszow\/\",\"name\":\"Akademia Zdrowia Rzesz\u00f3w\",\"description\":\"\",\"potentialAction\":[{\"@type\":\"SearchAction\",\"target\":{\"@type\":\"EntryPoint\",\"urlTemplate\":\"https:\/\/akademia-zdrowia.pl\/rzeszow\/?s={search_term_string}\"},\"query-input\":{\"@type\":\"PropertyValueSpecification\",\"valueRequired\":true,\"valueName\":\"search_term_string\"}}],\"inLanguage\":\"pl-PL\"}]}<\/script>\n<!-- \/ Yoast SEO plugin. -->","yoast_head_json":{"title":"Masa\u017c ba\u0144k\u0105 chi\u0144sk\u0105 - Akademia Zdrowia Rzesz\u00f3w","robots":{"index":"index","follow":"follow","max-snippet":"max-snippet:-1","max-image-preview":"max-image-preview:large","max-video-preview":"max-video-preview:-1"},"canonical":"https:\/\/akademia-zdrowia.pl\/rzeszow\/kursy-i-szkolenia\/kursy-masazu\/masaz-banka-chinska\/","og_locale":"pl_PL","og_type":"article","og_title":"Masa\u017c ba\u0144k\u0105 chi\u0144sk\u0105 - Akademia Zdrowia Rzesz\u00f3w","og_description":"AKADEMIA ZDROWIA DLA BRAN\u017bY BEAUTY Masa\u017c ba\u0144k\u0105 chi\u0144sk\u0105 JAK WYGL\u0104DA SZKOLENIE Program szkolenia Celem kursu jest \u00a0poznanie \u00a0historii i zasad dzia\u0142ania ba\u0144ki chi\u0144skiej, a tak\u017ce techniki masa\u017cu z jej wykorzystaniem. W programie m.in.: Historia masa\u017cu ba\u0144kami. Zasady dzia\u0142ania baniek. Rodzaje baniek u\u017cywanych do zabiegu (ba\u0144ki ogniowe, pr\u00f3\u017cniowe i chi\u0144skie). Przygotowanie do zabiegu. Higiena i konserwacja...","og_url":"https:\/\/akademia-zdrowia.pl\/rzeszow\/kursy-i-szkolenia\/kursy-masazu\/masaz-banka-chinska\/","og_site_name":"Akademia Zdrowia Rzesz\u00f3w","article_modified_time":"2024-09-09T22:59:50+00:00","og_image":[{"url":"https:\/\/akademia-zdrowia.pl\/rzeszow\/wp-content\/uploads\/2024\/08\/banka_chinska_sec-706x1024.jpg","type":"","width":"","height":""}],"twitter_card":"summary_large_image","twitter_misc":{"Szacowany czas czytania":"2 minuty"},"schema":{"@context":"https:\/\/schema.org","@graph":[{"@type":"WebPage","@id":"https:\/\/akademia-zdrowia.pl\/rzeszow\/kursy-i-szkolenia\/kursy-masazu\/masaz-banka-chinska\/","url":"https:\/\/akademia-zdrowia.pl\/rzeszow\/kursy-i-szkolenia\/kursy-masazu\/masaz-banka-chinska\/","name":"Masa\u017c ba\u0144k\u0105 chi\u0144sk\u0105 - Akademia Zdrowia Rzesz\u00f3w","isPartOf":{"@id":"https:\/\/akademia-zdrowia.pl\/rzeszow\/#website"},"primaryImageOfPage":{"@id":"https:\/\/akademia-zdrowia.pl\/rzeszow\/kursy-i-szkolenia\/kursy-masazu\/masaz-banka-chinska\/#primaryimage"},"image":{"@id":"https:\/\/akademia-zdrowia.pl\/rzeszow\/kursy-i-szkolenia\/kursy-masazu\/masaz-banka-chinska\/#primaryimage"},"thumbnailUrl":"https:\/\/akademia-zdrowia.pl\/rzeszow\/wp-content\/uploads\/2024\/08\/banka_chinska_sec-706x1024.jpg","datePublished":"2024-06-09T20:57:18+00:00","dateModified":"2024-09-09T22:59:50+00:00","breadcrumb":{"@id":"https:\/\/akademia-zdrowia.pl\/rzeszow\/kursy-i-szkolenia\/kursy-masazu\/masaz-banka-chinska\/#breadcrumb"},"inLanguage":"pl-PL","potentialAction":[{"@type":"ReadAction","target":["https:\/\/akademia-zdrowia.pl\/rzeszow\/kursy-i-szkolenia\/kursy-masazu\/masaz-banka-chinska\/"]}]},{"@type":"ImageObject","inLanguage":"pl-PL","@id":"https:\/\/akademia-zdrowia.pl\/rzeszow\/kursy-i-szkolenia\/kursy-masazu\/masaz-banka-chinska\/#primaryimage","url":"https:\/\/akademia-zdrowia.pl\/rzeszow\/wp-content\/uploads\/2024\/08\/banka_chinska_sec.jpg","contentUrl":"https:\/\/akademia-zdrowia.pl\/rzeszow\/wp-content\/uploads\/2024\/08\/banka_chinska_sec.jpg","width":812,"height":1178},{"@type":"BreadcrumbList","@id":"https:\/\/akademia-zdrowia.pl\/rzeszow\/kursy-i-szkolenia\/kursy-masazu\/masaz-banka-chinska\/#breadcrumb","itemListElement":[{"@type":"ListItem","position":1,"name":"Strona g\u0142\u00f3wna","item":"https:\/\/akademia-zdrowia.pl\/rzeszow\/"},{"@type":"ListItem","position":2,"name":"Kursy i szkolenia","item":"https:\/\/akademia-zdrowia.pl\/rzeszow\/kursy-i-szkolenia\/"},{"@type":"ListItem","position":3,"name":"Kursy masa\u017cu","item":"https:\/\/akademia-zdrowia.pl\/rzeszow\/kursy-i-szkolenia\/kursy-masazu\/"},{"@type":"ListItem","position":4,"name":"Masa\u017c ba\u0144k\u0105 chi\u0144sk\u0105"}]},{"@type":"WebSite","@id":"https:\/\/akademia-zdrowia.pl\/rzeszow\/#website","url":"https:\/\/akademia-zdrowia.pl\/rzeszow\/","name":"Akademia Zdrowia Rzesz\u00f3w","description":"","potentialAction":[{"@type":"SearchAction","target":{"@type":"EntryPoint","urlTemplate":"https:\/\/akademia-zdrowia.pl\/rzeszow\/?s={search_term_string}"},"query-input":{"@type":"PropertyValueSpecification","valueRequired":true,"valueName":"search_term_string"}}],"inLanguage":"pl-PL"}]}},"_links":{"self":[{"href":"https:\/\/akademia-zdrowia.pl\/rzeszow\/wp-json\/wp\/v2\/pages\/3498","targetHints":{"allow":["GET"]}}],"collection":[{"href":"https:\/\/akademia-zdrowia.pl\/rzeszow\/wp-json\/wp\/v2\/pages"}],"about":[{"href":"https:\/\/akademia-zdrowia.pl\/rzeszow\/wp-json\/wp\/v2\/types\/page"}],"author":[{"embeddable":true,"href":"https:\/\/akademia-zdrowia.pl\/rzeszow\/wp-json\/wp\/v2\/users\/3"}],"replies":[{"embeddable":true,"href":"https:\/\/akademia-zdrowia.pl\/rzeszow\/wp-json\/wp\/v2\/comments?post=3498"}],"version-history":[{"count":12,"href":"https:\/\/akademia-zdrowia.pl\/rzeszow\/wp-json\/wp\/v2\/pages\/3498\/revisions"}],"predecessor-version":[{"id":5155,"href":"https:\/\/akademia-zdrowia.pl\/rzeszow\/wp-json\/wp\/v2\/pages\/3498\/revisions\/5155"}],"up":[{"embeddable":true,"href":"https:\/\/akademia-zdrowia.pl\/rzeszow\/wp-json\/wp\/v2\/pages\/3473"}],"wp:attachment":[{"href":"https:\/\/akademia-zdrowia.pl\/rzeszow\/wp-json\/wp\/v2\/media?parent=3498"}],"curies":[{"name":"wp","href":"https:\/\/api.w.org\/{rel}","templated":true}]}}