{"id":3506,"date":"2024-06-09T23:00:24","date_gmt":"2024-06-09T21:00:24","guid":{"rendered":"https:\/\/akademia-zdrowia.pl\/rzeszow\/?page_id=3506"},"modified":"2024-09-10T01:00:11","modified_gmt":"2024-09-09T23:00:11","slug":"masaz-relaksacyjny","status":"publish","type":"page","link":"https:\/\/akademia-zdrowia.pl\/rzeszow\/kursy-i-szkolenia\/kursy-masazu\/masaz-relaksacyjny\/","title":{"rendered":"Masa\u017c relaksacyjny"},"content":{"rendered":"\t\t<div data-elementor-type=\"wp-page\" data-elementor-id=\"3506\" class=\"elementor elementor-3506\" data-elementor-post-type=\"page\">\n\t\t\t\t\t\t<section class=\"elementor-section elementor-top-section elementor-element elementor-element-548a27d0 elementor-section-boxed elementor-section-height-default elementor-section-height-default\" data-id=\"548a27d0\" data-element_type=\"section\" data-e-type=\"section\">\n\t\t\t\t\t\t<div class=\"elementor-container elementor-column-gap-default\">\n\t\t\t\t\t<div class=\"elementor-column elementor-col-100 elementor-top-column elementor-element elementor-element-8ef817a\" data-id=\"8ef817a\" data-element_type=\"column\" data-e-type=\"column\">\n\t\t\t<div class=\"elementor-widget-wrap elementor-element-populated\">\n\t\t\t\t\t\t<div class=\"elementor-element elementor-element-5ef244a6 elementor-widget elementor-widget-rs-heading\" data-id=\"5ef244a6\" data-element_type=\"widget\" data-e-type=\"widget\" data-widget_type=\"rs-heading.default\">\n\t\t\t\t<div class=\"elementor-widget-container\">\n\t\t\t\t\t        <div class=\"rs-heading default \">\r\n        \t<div class=\"title-inner\">\r\n        \t\t      \t\t\r\n\t            <span class=\"sub-text \">AKADEMIA ZDROWIA DLA BRAN\u017bY BEAUTY<\/span><h2 class=\"title\"><span class=\"watermark\"><\/span>Masa\u017c relaksacyjny<\/h2>\t        <\/div>\r\n\t                <\/div>\r\n        \t\t\t\t<\/div>\n\t\t\t\t<\/div>\n\t\t\t\t\t<\/div>\n\t\t<\/div>\n\t\t\t\t\t<\/div>\n\t\t<\/section>\n\t\t\t\t<section class=\"elementor-section elementor-top-section elementor-element elementor-element-44372fbd elementor-section-stretched elementor-section-boxed elementor-section-height-default elementor-section-height-default\" data-id=\"44372fbd\" data-element_type=\"section\" data-e-type=\"section\" data-settings=\"{&quot;background_background&quot;:&quot;classic&quot;,&quot;stretch_section&quot;:&quot;section-stretched&quot;}\">\n\t\t\t\t\t\t<div class=\"elementor-container elementor-column-gap-default\">\n\t\t\t\t\t<div class=\"elementor-column elementor-col-50 elementor-top-column elementor-element elementor-element-947c268\" data-id=\"947c268\" data-element_type=\"column\" data-e-type=\"column\">\n\t\t\t<div class=\"elementor-widget-wrap elementor-element-populated\">\n\t\t\t\t\t\t<div class=\"elementor-element elementor-element-65b60231 elementor-widget elementor-widget-rs-heading\" data-id=\"65b60231\" data-element_type=\"widget\" data-e-type=\"widget\" data-widget_type=\"rs-heading.default\">\n\t\t\t\t<div class=\"elementor-widget-container\">\n\t\t\t\t\t        <div class=\"rs-heading default \">\r\n        \t<div class=\"title-inner\">\r\n        \t\t      \t\t\r\n\t            <span class=\"sub-text \">JAK WYGL\u0104DA SZKOLENIE<\/span><h2 class=\"title\"><span class=\"watermark\"><\/span>Program szkolenia<\/h2>\t        <\/div>\r\n\t                    \t<div class=\"description\">\r\n            \t\t<p><strong>W programie min:<\/strong><\/p><ul><li>Rodzaje masa\u017cy relaksacyjnych.<\/li><li>W\u0142a\u015bciwo\u015bci i dzia\u0142anie masa\u017cu.<\/li><li>Wskazania i przeciwwskazania do zabiegu.<\/li><li>Zalety terapii masa\u017cem relaksacyjnym.<\/li><li>Przygotowanie do zabiegu.<\/li><li>Zasady i metodyka zabiegu<\/li><\/ul><p><strong>8 h, certyfikat w j\u0119zyku polskim i angielskim.<\/strong><\/p>            \t\t\r\n            \t<\/div>\r\n        \t        <\/div>\r\n        \t\t\t\t<\/div>\n\t\t\t\t<\/div>\n\t\t\t\t<div class=\"elementor-element elementor-element-1ec33946 elementor-widget elementor-widget-rs-button\" data-id=\"1ec33946\" data-element_type=\"widget\" data-e-type=\"widget\" data-widget_type=\"rs-button.default\">\n\t\t\t\t<div class=\"elementor-widget-container\">\n\t\t\t\t\t\t\r\n\t\t\r\n\t\t<div class=\"rs-view-btn\">\r\n\t\t\t\t\t\t<a class=\"rs-btn rs-btnblack rs-btn-style1\" href=\"tel:+48698592960\" >\t\t\t\t\r\n\t\t\t\t<span class=\"rs_btn__text\"><span class=\"btn_text\">ZADZWO\u0143 - Monika 698 592 960<\/span><\/span>\r\n\t\t\t<\/a>\r\n\t\t<\/div>    \r\n\t\t\t\t\t<\/div>\n\t\t\t\t<\/div>\n\t\t\t\t\t<\/div>\n\t\t<\/div>\n\t\t\t\t<div class=\"elementor-column elementor-col-50 elementor-top-column elementor-element elementor-element-23bf6c30\" data-id=\"23bf6c30\" data-element_type=\"column\" data-e-type=\"column\">\n\t\t\t<div class=\"elementor-widget-wrap elementor-element-populated\">\n\t\t\t\t\t\t<div class=\"elementor-element elementor-element-5f12b92 elementor-widget elementor-widget-image\" data-id=\"5f12b92\" data-element_type=\"widget\" data-e-type=\"widget\" data-widget_type=\"image.default\">\n\t\t\t\t<div class=\"elementor-widget-container\">\n\t\t\t\t\t\t\t\t\t\t\t\t\t\t\t<img fetchpriority=\"high\" decoding=\"async\" width=\"640\" height=\"928\" src=\"https:\/\/akademia-zdrowia.pl\/rzeszow\/wp-content\/uploads\/2024\/08\/masaz_relaksacyjny-706x1024.jpg\" class=\"attachment-large size-large wp-image-4577\" alt=\"\" srcset=\"https:\/\/akademia-zdrowia.pl\/rzeszow\/wp-content\/uploads\/2024\/08\/masaz_relaksacyjny-706x1024.jpg 706w, https:\/\/akademia-zdrowia.pl\/rzeszow\/wp-content\/uploads\/2024\/08\/masaz_relaksacyjny-207x300.jpg 207w, https:\/\/akademia-zdrowia.pl\/rzeszow\/wp-content\/uploads\/2024\/08\/masaz_relaksacyjny-768x1114.jpg 768w, https:\/\/akademia-zdrowia.pl\/rzeszow\/wp-content\/uploads\/2024\/08\/masaz_relaksacyjny-500x725.jpg 500w, https:\/\/akademia-zdrowia.pl\/rzeszow\/wp-content\/uploads\/2024\/08\/masaz_relaksacyjny.jpg 812w\" sizes=\"(max-width: 640px) 100vw, 640px\" \/>\t\t\t\t\t\t\t\t\t\t\t\t\t\t\t<\/div>\n\t\t\t\t<\/div>\n\t\t\t\t\t<\/div>\n\t\t<\/div>\n\t\t\t\t\t<\/div>\n\t\t<\/section>\n\t\t\t\t<section class=\"elementor-section elementor-top-section elementor-element elementor-element-54096f0e elementor-section-boxed elementor-section-height-default elementor-section-height-default\" data-id=\"54096f0e\" data-element_type=\"section\" data-e-type=\"section\" data-settings=\"{&quot;background_background&quot;:&quot;classic&quot;}\">\n\t\t\t\t\t\t<div class=\"elementor-container elementor-column-gap-default\">\n\t\t\t\t\t<div class=\"elementor-column elementor-col-50 elementor-top-column elementor-element elementor-element-695db0bf\" data-id=\"695db0bf\" data-element_type=\"column\" data-e-type=\"column\" data-settings=\"{&quot;background_background&quot;:&quot;classic&quot;}\">\n\t\t\t<div class=\"elementor-widget-wrap elementor-element-populated\">\n\t\t\t\t\t\t<div class=\"elementor-element elementor-element-2720fb52 elementor-widget-mobile__width-initial elementor-widget elementor-widget-rs-heading\" data-id=\"2720fb52\" data-element_type=\"widget\" data-e-type=\"widget\" data-widget_type=\"rs-heading.default\">\n\t\t\t\t<div class=\"elementor-widget-container\">\n\t\t\t\t\t        <div class=\"rs-heading default \">\r\n        \t<div class=\"title-inner\">\r\n        \t\t      \t\t\r\n\t            <span class=\"sub-text \">NIE MASZ POMYS\u0141U NA PREZENT?<\/span><h2 class=\"title\"><span class=\"watermark\"><\/span>Kup voucher!<\/h2>\t        <\/div>\r\n\t                    \t<div class=\"description\">\r\n            \t\t<div class=\"flex-shrink-0 flex flex-col relative items-end\"><div><div class=\"pt-0\"><div class=\"gizmo-bot-avatar flex h-8 w-8 items-center justify-center overflow-hidden rounded-full\"><div class=\"relative p-1 rounded-sm flex items-center justify-center bg-token-main-surface-primary text-token-text-primary h-8 w-8\">Podaruj bliskim wyj\u0105tkowy prezent! Kup voucher na nasze szkolenia i kursy \u2014 to doskona\u0142y spos\u00f3b na rozw\u00f3j i nowe umiej\u0119tno\u015bci. Idealny prezent na ka\u017cd\u0105 okazj\u0119!<\/div><\/div><\/div><\/div><\/div>            \t\t\r\n            \t<\/div>\r\n        \t        <\/div>\r\n        \t\t\t\t<\/div>\n\t\t\t\t<\/div>\n\t\t\t\t<div class=\"elementor-element elementor-element-311f6662 elementor-widget elementor-widget-rs-button\" data-id=\"311f6662\" data-element_type=\"widget\" data-e-type=\"widget\" data-widget_type=\"rs-button.default\">\n\t\t\t\t<div class=\"elementor-widget-container\">\n\t\t\t\t\t\t\r\n\t\t\r\n\t\t<div class=\"rs-view-btn\">\r\n\t\t\t\t\t\t<a class=\"rs-btn rs-btnblack rs-btn-style1\" href=\"tel:+48698592960\" >\t\t\t\t\r\n\t\t\t\t<span class=\"rs_btn__text\"><span class=\"btn_text\">ZADZWO\u0143 - ZAM\u00d3W VOUCHER<\/span><\/span>\r\n\t\t\t<\/a>\r\n\t\t<\/div>    \r\n\t\t\t\t\t<\/div>\n\t\t\t\t<\/div>\n\t\t\t\t\t<\/div>\n\t\t<\/div>\n\t\t\t\t<div class=\"elementor-column elementor-col-50 elementor-top-column elementor-element elementor-element-7c0f22ef\" data-id=\"7c0f22ef\" data-element_type=\"column\" data-e-type=\"column\">\n\t\t\t<div class=\"elementor-widget-wrap elementor-element-populated\">\n\t\t\t\t\t\t<div class=\"elementor-element elementor-element-56fedae elementor-widget elementor-widget-rs-heading\" data-id=\"56fedae\" data-element_type=\"widget\" data-e-type=\"widget\" data-widget_type=\"rs-heading.default\">\n\t\t\t\t<div class=\"elementor-widget-container\">\n\t\t\t\t\t        <div class=\"rs-heading default \">\r\n        \t<div class=\"title-inner\">\r\n        \t\t      \t\t\r\n\t            <span class=\"sub-text \">ZAUFANY PARTNER<\/span><h2 class=\"title\"><span class=\"watermark\"><\/span>Dlaczego warto wybra\u0107 nas<\/h2>\t        <\/div>\r\n\t                    \t<div class=\"description\">\r\n            \t\t<p>Zaufaj naszemu wieloletniemu do\u015bwiadczeniu i zespo\u0142owi specjalist\u00f3w. Oferujemy profesjonalne szkolenia, kt\u00f3re pomog\u0105 rozwija\u0107 Tw\u00f3j biznes. Wybieraj\u0105c nas, inwestujesz w sprawdzonego partnera, kt\u00f3ry wspiera sukces Twojej firmy. Skontaktuj si\u0119 z nami i zacznij rozwija\u0107 si\u0119 razem z nami!<\/p>            \t\t\r\n            \t<\/div>\r\n        \t        <\/div>\r\n        \t\t\t\t<\/div>\n\t\t\t\t<\/div>\n\t\t\t\t\t<\/div>\n\t\t<\/div>\n\t\t\t\t\t<\/div>\n\t\t<\/section>\n\t\t\t\t<\/div>\n\t\t","protected":false},"excerpt":{"rendered":"<p>AKADEMIA ZDROWIA DLA BRAN\u017bY BEAUTY Masa\u017c relaksacyjny JAK WYGL\u0104DA SZKOLENIE Program szkolenia W programie min: Rodzaje masa\u017cy relaksacyjnych. W\u0142a\u015bciwo\u015bci i dzia\u0142anie masa\u017cu. Wskazania i przeciwwskazania do zabiegu. Zalety terapii masa\u017cem relaksacyjnym. Przygotowanie do zabiegu. Zasady i metodyka zabiegu 8 h, certyfikat w j\u0119zyku polskim i angielskim. ZADZWO\u0143 &#8211; Monika 698 592 960 NIE MASZ POMYS\u0141U&#8230;<\/p>\n","protected":false},"author":3,"featured_media":3618,"parent":3473,"menu_order":0,"comment_status":"closed","ping_status":"closed","template":"","meta":{"footnotes":""},"class_list":["post-3506","page","type-page","status-publish","has-post-thumbnail","hentry"],"yoast_head":"<!-- This site is optimized with the Yoast SEO plugin v26.9 - https:\/\/yoast.com\/product\/yoast-seo-wordpress\/ -->\n<title>Masa\u017c relaksacyjny - Akademia Zdrowia Rzesz\u00f3w<\/title>\n<meta name=\"robots\" content=\"index, follow, max-snippet:-1, max-image-preview:large, max-video-preview:-1\" \/>\n<link rel=\"canonical\" href=\"https:\/\/akademia-zdrowia.pl\/rzeszow\/kursy-i-szkolenia\/kursy-masazu\/masaz-relaksacyjny\/\" \/>\n<meta property=\"og:locale\" content=\"pl_PL\" \/>\n<meta property=\"og:type\" content=\"article\" \/>\n<meta property=\"og:title\" content=\"Masa\u017c relaksacyjny - Akademia Zdrowia Rzesz\u00f3w\" \/>\n<meta property=\"og:description\" content=\"AKADEMIA ZDROWIA DLA BRAN\u017bY BEAUTY Masa\u017c relaksacyjny JAK WYGL\u0104DA SZKOLENIE Program szkolenia W programie min: Rodzaje masa\u017cy relaksacyjnych. W\u0142a\u015bciwo\u015bci i dzia\u0142anie masa\u017cu. Wskazania i przeciwwskazania do zabiegu. Zalety terapii masa\u017cem relaksacyjnym. Przygotowanie do zabiegu. Zasady i metodyka zabiegu 8 h, certyfikat w j\u0119zyku polskim i angielskim. ZADZWO\u0143 &#8211; Monika 698 592 960 NIE MASZ POMYS\u0141U...\" \/>\n<meta property=\"og:url\" content=\"https:\/\/akademia-zdrowia.pl\/rzeszow\/kursy-i-szkolenia\/kursy-masazu\/masaz-relaksacyjny\/\" \/>\n<meta property=\"og:site_name\" content=\"Akademia Zdrowia Rzesz\u00f3w\" \/>\n<meta property=\"article:modified_time\" content=\"2024-09-09T23:00:11+00:00\" \/>\n<meta property=\"og:image\" content=\"https:\/\/akademia-zdrowia.pl\/rzeszow\/wp-content\/uploads\/2024\/06\/masaz.png\" \/>\n\t<meta property=\"og:image:width\" content=\"800\" \/>\n\t<meta property=\"og:image:height\" content=\"533\" \/>\n\t<meta property=\"og:image:type\" content=\"image\/png\" \/>\n<meta name=\"twitter:card\" content=\"summary_large_image\" \/>\n<meta name=\"twitter:label1\" content=\"Szacowany czas czytania\" \/>\n\t<meta name=\"twitter:data1\" content=\"2 minuty\" \/>\n<script type=\"application\/ld+json\" class=\"yoast-schema-graph\">{\"@context\":\"https:\/\/schema.org\",\"@graph\":[{\"@type\":\"WebPage\",\"@id\":\"https:\/\/akademia-zdrowia.pl\/rzeszow\/kursy-i-szkolenia\/kursy-masazu\/masaz-relaksacyjny\/\",\"url\":\"https:\/\/akademia-zdrowia.pl\/rzeszow\/kursy-i-szkolenia\/kursy-masazu\/masaz-relaksacyjny\/\",\"name\":\"Masa\u017c relaksacyjny - Akademia Zdrowia Rzesz\u00f3w\",\"isPartOf\":{\"@id\":\"https:\/\/akademia-zdrowia.pl\/rzeszow\/#website\"},\"primaryImageOfPage\":{\"@id\":\"https:\/\/akademia-zdrowia.pl\/rzeszow\/kursy-i-szkolenia\/kursy-masazu\/masaz-relaksacyjny\/#primaryimage\"},\"image\":{\"@id\":\"https:\/\/akademia-zdrowia.pl\/rzeszow\/kursy-i-szkolenia\/kursy-masazu\/masaz-relaksacyjny\/#primaryimage\"},\"thumbnailUrl\":\"https:\/\/akademia-zdrowia.pl\/rzeszow\/wp-content\/uploads\/2024\/06\/masaz.png\",\"datePublished\":\"2024-06-09T21:00:24+00:00\",\"dateModified\":\"2024-09-09T23:00:11+00:00\",\"breadcrumb\":{\"@id\":\"https:\/\/akademia-zdrowia.pl\/rzeszow\/kursy-i-szkolenia\/kursy-masazu\/masaz-relaksacyjny\/#breadcrumb\"},\"inLanguage\":\"pl-PL\",\"potentialAction\":[{\"@type\":\"ReadAction\",\"target\":[\"https:\/\/akademia-zdrowia.pl\/rzeszow\/kursy-i-szkolenia\/kursy-masazu\/masaz-relaksacyjny\/\"]}]},{\"@type\":\"ImageObject\",\"inLanguage\":\"pl-PL\",\"@id\":\"https:\/\/akademia-zdrowia.pl\/rzeszow\/kursy-i-szkolenia\/kursy-masazu\/masaz-relaksacyjny\/#primaryimage\",\"url\":\"https:\/\/akademia-zdrowia.pl\/rzeszow\/wp-content\/uploads\/2024\/06\/masaz.png\",\"contentUrl\":\"https:\/\/akademia-zdrowia.pl\/rzeszow\/wp-content\/uploads\/2024\/06\/masaz.png\",\"width\":800,\"height\":533},{\"@type\":\"BreadcrumbList\",\"@id\":\"https:\/\/akademia-zdrowia.pl\/rzeszow\/kursy-i-szkolenia\/kursy-masazu\/masaz-relaksacyjny\/#breadcrumb\",\"itemListElement\":[{\"@type\":\"ListItem\",\"position\":1,\"name\":\"Strona g\u0142\u00f3wna\",\"item\":\"https:\/\/akademia-zdrowia.pl\/rzeszow\/\"},{\"@type\":\"ListItem\",\"position\":2,\"name\":\"Kursy i szkolenia\",\"item\":\"https:\/\/akademia-zdrowia.pl\/rzeszow\/kursy-i-szkolenia\/\"},{\"@type\":\"ListItem\",\"position\":3,\"name\":\"Kursy masa\u017cu\",\"item\":\"https:\/\/akademia-zdrowia.pl\/rzeszow\/kursy-i-szkolenia\/kursy-masazu\/\"},{\"@type\":\"ListItem\",\"position\":4,\"name\":\"Masa\u017c relaksacyjny\"}]},{\"@type\":\"WebSite\",\"@id\":\"https:\/\/akademia-zdrowia.pl\/rzeszow\/#website\",\"url\":\"https:\/\/akademia-zdrowia.pl\/rzeszow\/\",\"name\":\"Akademia Zdrowia Rzesz\u00f3w\",\"description\":\"\",\"potentialAction\":[{\"@type\":\"SearchAction\",\"target\":{\"@type\":\"EntryPoint\",\"urlTemplate\":\"https:\/\/akademia-zdrowia.pl\/rzeszow\/?s={search_term_string}\"},\"query-input\":{\"@type\":\"PropertyValueSpecification\",\"valueRequired\":true,\"valueName\":\"search_term_string\"}}],\"inLanguage\":\"pl-PL\"}]}<\/script>\n<!-- \/ Yoast SEO plugin. -->","yoast_head_json":{"title":"Masa\u017c relaksacyjny - Akademia Zdrowia Rzesz\u00f3w","robots":{"index":"index","follow":"follow","max-snippet":"max-snippet:-1","max-image-preview":"max-image-preview:large","max-video-preview":"max-video-preview:-1"},"canonical":"https:\/\/akademia-zdrowia.pl\/rzeszow\/kursy-i-szkolenia\/kursy-masazu\/masaz-relaksacyjny\/","og_locale":"pl_PL","og_type":"article","og_title":"Masa\u017c relaksacyjny - Akademia Zdrowia Rzesz\u00f3w","og_description":"AKADEMIA ZDROWIA DLA BRAN\u017bY BEAUTY Masa\u017c relaksacyjny JAK WYGL\u0104DA SZKOLENIE Program szkolenia W programie min: Rodzaje masa\u017cy relaksacyjnych. W\u0142a\u015bciwo\u015bci i dzia\u0142anie masa\u017cu. Wskazania i przeciwwskazania do zabiegu. Zalety terapii masa\u017cem relaksacyjnym. Przygotowanie do zabiegu. Zasady i metodyka zabiegu 8 h, certyfikat w j\u0119zyku polskim i angielskim. ZADZWO\u0143 &#8211; Monika 698 592 960 NIE MASZ POMYS\u0141U...","og_url":"https:\/\/akademia-zdrowia.pl\/rzeszow\/kursy-i-szkolenia\/kursy-masazu\/masaz-relaksacyjny\/","og_site_name":"Akademia Zdrowia Rzesz\u00f3w","article_modified_time":"2024-09-09T23:00:11+00:00","og_image":[{"width":800,"height":533,"url":"https:\/\/akademia-zdrowia.pl\/rzeszow\/wp-content\/uploads\/2024\/06\/masaz.png","type":"image\/png"}],"twitter_card":"summary_large_image","twitter_misc":{"Szacowany czas czytania":"2 minuty"},"schema":{"@context":"https:\/\/schema.org","@graph":[{"@type":"WebPage","@id":"https:\/\/akademia-zdrowia.pl\/rzeszow\/kursy-i-szkolenia\/kursy-masazu\/masaz-relaksacyjny\/","url":"https:\/\/akademia-zdrowia.pl\/rzeszow\/kursy-i-szkolenia\/kursy-masazu\/masaz-relaksacyjny\/","name":"Masa\u017c relaksacyjny - Akademia Zdrowia Rzesz\u00f3w","isPartOf":{"@id":"https:\/\/akademia-zdrowia.pl\/rzeszow\/#website"},"primaryImageOfPage":{"@id":"https:\/\/akademia-zdrowia.pl\/rzeszow\/kursy-i-szkolenia\/kursy-masazu\/masaz-relaksacyjny\/#primaryimage"},"image":{"@id":"https:\/\/akademia-zdrowia.pl\/rzeszow\/kursy-i-szkolenia\/kursy-masazu\/masaz-relaksacyjny\/#primaryimage"},"thumbnailUrl":"https:\/\/akademia-zdrowia.pl\/rzeszow\/wp-content\/uploads\/2024\/06\/masaz.png","datePublished":"2024-06-09T21:00:24+00:00","dateModified":"2024-09-09T23:00:11+00:00","breadcrumb":{"@id":"https:\/\/akademia-zdrowia.pl\/rzeszow\/kursy-i-szkolenia\/kursy-masazu\/masaz-relaksacyjny\/#breadcrumb"},"inLanguage":"pl-PL","potentialAction":[{"@type":"ReadAction","target":["https:\/\/akademia-zdrowia.pl\/rzeszow\/kursy-i-szkolenia\/kursy-masazu\/masaz-relaksacyjny\/"]}]},{"@type":"ImageObject","inLanguage":"pl-PL","@id":"https:\/\/akademia-zdrowia.pl\/rzeszow\/kursy-i-szkolenia\/kursy-masazu\/masaz-relaksacyjny\/#primaryimage","url":"https:\/\/akademia-zdrowia.pl\/rzeszow\/wp-content\/uploads\/2024\/06\/masaz.png","contentUrl":"https:\/\/akademia-zdrowia.pl\/rzeszow\/wp-content\/uploads\/2024\/06\/masaz.png","width":800,"height":533},{"@type":"BreadcrumbList","@id":"https:\/\/akademia-zdrowia.pl\/rzeszow\/kursy-i-szkolenia\/kursy-masazu\/masaz-relaksacyjny\/#breadcrumb","itemListElement":[{"@type":"ListItem","position":1,"name":"Strona g\u0142\u00f3wna","item":"https:\/\/akademia-zdrowia.pl\/rzeszow\/"},{"@type":"ListItem","position":2,"name":"Kursy i szkolenia","item":"https:\/\/akademia-zdrowia.pl\/rzeszow\/kursy-i-szkolenia\/"},{"@type":"ListItem","position":3,"name":"Kursy masa\u017cu","item":"https:\/\/akademia-zdrowia.pl\/rzeszow\/kursy-i-szkolenia\/kursy-masazu\/"},{"@type":"ListItem","position":4,"name":"Masa\u017c relaksacyjny"}]},{"@type":"WebSite","@id":"https:\/\/akademia-zdrowia.pl\/rzeszow\/#website","url":"https:\/\/akademia-zdrowia.pl\/rzeszow\/","name":"Akademia Zdrowia Rzesz\u00f3w","description":"","potentialAction":[{"@type":"SearchAction","target":{"@type":"EntryPoint","urlTemplate":"https:\/\/akademia-zdrowia.pl\/rzeszow\/?s={search_term_string}"},"query-input":{"@type":"PropertyValueSpecification","valueRequired":true,"valueName":"search_term_string"}}],"inLanguage":"pl-PL"}]}},"_links":{"self":[{"href":"https:\/\/akademia-zdrowia.pl\/rzeszow\/wp-json\/wp\/v2\/pages\/3506","targetHints":{"allow":["GET"]}}],"collection":[{"href":"https:\/\/akademia-zdrowia.pl\/rzeszow\/wp-json\/wp\/v2\/pages"}],"about":[{"href":"https:\/\/akademia-zdrowia.pl\/rzeszow\/wp-json\/wp\/v2\/types\/page"}],"author":[{"embeddable":true,"href":"https:\/\/akademia-zdrowia.pl\/rzeszow\/wp-json\/wp\/v2\/users\/3"}],"replies":[{"embeddable":true,"href":"https:\/\/akademia-zdrowia.pl\/rzeszow\/wp-json\/wp\/v2\/comments?post=3506"}],"version-history":[{"count":9,"href":"https:\/\/akademia-zdrowia.pl\/rzeszow\/wp-json\/wp\/v2\/pages\/3506\/revisions"}],"predecessor-version":[{"id":5156,"href":"https:\/\/akademia-zdrowia.pl\/rzeszow\/wp-json\/wp\/v2\/pages\/3506\/revisions\/5156"}],"up":[{"embeddable":true,"href":"https:\/\/akademia-zdrowia.pl\/rzeszow\/wp-json\/wp\/v2\/pages\/3473"}],"wp:featuredmedia":[{"embeddable":true,"href":"https:\/\/akademia-zdrowia.pl\/rzeszow\/wp-json\/wp\/v2\/media\/3618"}],"wp:attachment":[{"href":"https:\/\/akademia-zdrowia.pl\/rzeszow\/wp-json\/wp\/v2\/media?parent=3506"}],"curies":[{"name":"wp","href":"https:\/\/api.w.org\/{rel}","templated":true}]}}