{"id":3543,"date":"2024-06-09T23:22:05","date_gmt":"2024-06-09T21:22:05","guid":{"rendered":"https:\/\/akademia-zdrowia.pl\/rzeszow\/?page_id=3543"},"modified":"2024-06-09T23:27:02","modified_gmt":"2024-06-09T21:27:02","slug":"duplikaty-swiadectw-ukonczenia-szkoly","status":"publish","type":"page","link":"https:\/\/akademia-zdrowia.pl\/rzeszow\/duplikaty-swiadectw-ukonczenia-szkoly\/","title":{"rendered":"Duplikaty \u015bwiadectw uko\u0144czenia szko\u0142y"},"content":{"rendered":"\t\t<div data-elementor-type=\"wp-page\" data-elementor-id=\"3543\" class=\"elementor elementor-3543\" data-elementor-post-type=\"page\">\n\t\t\t\t\t\t<section class=\"elementor-section elementor-top-section elementor-element elementor-element-747445c elementor-section-stretched elementor-section-boxed elementor-section-height-default elementor-section-height-default\" data-id=\"747445c\" data-element_type=\"section\" data-e-type=\"section\" data-settings=\"{&quot;stretch_section&quot;:&quot;section-stretched&quot;}\">\n\t\t\t\t\t\t<div class=\"elementor-container elementor-column-gap-default\">\n\t\t\t\t\t<div class=\"elementor-column elementor-col-100 elementor-top-column elementor-element elementor-element-210b67a\" data-id=\"210b67a\" data-element_type=\"column\" data-e-type=\"column\">\n\t\t\t<div class=\"elementor-widget-wrap elementor-element-populated\">\n\t\t\t\t\t\t<div class=\"elementor-element elementor-element-6a41312 elementor-widget elementor-widget-text-editor\" data-id=\"6a41312\" data-element_type=\"widget\" data-e-type=\"widget\" data-widget_type=\"text-editor.default\">\n\t\t\t\t<div class=\"elementor-widget-container\">\n\t\t\t\t\t\t\t\t\t<h2>INFORMACJA W SPRAWIE DUPLIKAT\u00d3W \u015aWIADECTW UKO\u0143CZENIA SZKO\u0141Y<\/h2><p>Wszystkich absolwent\u00f3w Policealnego Studium Zawodowego &#8220;Akademia Zdrowia&#8221; oraz Policealnego Studium &#8220;Akademii Zdrowia&#8221; w Rzeszowie , kt\u00f3rzy chcieliby otrzyma\u0107 duplikat a uko\u0144czyli szko\u0142\u0119 do 2022 r. prosimy o bezpo\u015bredni kontakt z KURATORIUM O\u015aWIATY W RZESZOWIE (dane kontaktowe <u><\/u>poni\u017cej)<u><\/u><u><\/u><u><\/u><\/p><p>Wszelkie dokumenty zosta\u0142y przekazane do Archiwum Zak\u0142adowego Kuratorium O\u015bwiaty w Rzeszowie z siedzib\u0105 w Tarnobrzegu.<u><\/u><u><\/u><u><\/u><\/p><p><strong>Kuratorium O\u015bwiaty w Rzeszowie<\/strong><br \/><strong><u><\/u><u><\/u>ul. Grunwaldzka 15<\/strong><br \/><strong><u><\/u><u><\/u>35-959 Rzesz\u00f3w<\/strong><br \/><a href=\"https:\/\/www.ko.rzeszow.pl\/\" target=\"_blank\" rel=\"noopener\" data-saferedirecturl=\"https:\/\/www.google.com\/url?q=https:\/\/www.ko.rzeszow.pl\/&amp;source=gmail&amp;ust=1718002272078000&amp;usg=AOvVaw1jctP10ASr-sHxd0tWMU8z\">https:\/\/www.ko.rzeszow.pl\/<\/a><br \/>telefon: 17 867 11 42, 17 867-11-49<br \/>fax: 17 867-19-54<br \/>www: <a href=\"http:\/\/www.ko.rzeszow.pl\/\" target=\"_blank\" rel=\"noopener\" data-saferedirecturl=\"https:\/\/www.google.com\/url?q=http:\/\/www.ko.rzeszow.pl&amp;source=gmail&amp;ust=1718002272078000&amp;usg=AOvVaw2E_pAvaOBEZ0u4xEQdZGlf\">www.ko.rzeszow.pl<\/a><br \/>e-mail: <a href=\"mailto:kuratorium@ko.rzeszow.pl\" target=\"_blank\" rel=\"noopener\">kuratorium@ko.rzeszow.pl<\/a><u><\/u><\/p><p><strong>Godziny otwarcia:<\/strong><br \/><u><\/u><u><\/u>poniedzia\u0142ek 7:30 \u2013 15:30<br \/><u><\/u><u><\/u>wtorek 7:30 \u2013 15:30<br \/>\u015broda\u00a0 7:30 \u2013 15:30<br \/>czwartek\u00a0 7:30 \u2013 15:30<br \/><u><\/u><u><\/u>pi\u0105tek\u00a0 7:30 \u2013 15:30<br \/><u><\/u><u><\/u>sobota\u00a0 nieczynne<br \/><u><\/u><u><\/u>niedziela nieczynne<\/p>\t\t\t\t\t\t\t\t<\/div>\n\t\t\t\t<\/div>\n\t\t\t\t\t<\/div>\n\t\t<\/div>\n\t\t\t\t\t<\/div>\n\t\t<\/section>\n\t\t\t\t<\/div>\n\t\t","protected":false},"excerpt":{"rendered":"<p>INFORMACJA W SPRAWIE DUPLIKAT\u00d3W \u015aWIADECTW UKO\u0143CZENIA SZKO\u0141Y Wszystkich absolwent\u00f3w Policealnego Studium Zawodowego &#8220;Akademia Zdrowia&#8221; oraz Policealnego Studium &#8220;Akademii Zdrowia&#8221; w Rzeszowie , kt\u00f3rzy chcieliby otrzyma\u0107 duplikat a uko\u0144czyli szko\u0142\u0119 do 2022 r. prosimy o bezpo\u015bredni kontakt z KURATORIUM O\u015aWIATY W RZESZOWIE (dane kontaktowe poni\u017cej) Wszelkie dokumenty zosta\u0142y przekazane do Archiwum Zak\u0142adowego Kuratorium O\u015bwiaty w Rzeszowie&#8230;<\/p>\n","protected":false},"author":3,"featured_media":0,"parent":0,"menu_order":0,"comment_status":"closed","ping_status":"closed","template":"","meta":{"footnotes":""},"class_list":["post-3543","page","type-page","status-publish","hentry"],"yoast_head":"<!-- This site is optimized with the Yoast SEO plugin v26.9 - https:\/\/yoast.com\/product\/yoast-seo-wordpress\/ -->\n<title>Duplikaty \u015bwiadectw uko\u0144czenia szko\u0142y - Akademia Zdrowia Rzesz\u00f3w<\/title>\n<meta name=\"robots\" content=\"index, follow, max-snippet:-1, max-image-preview:large, max-video-preview:-1\" \/>\n<link rel=\"canonical\" href=\"https:\/\/akademia-zdrowia.pl\/rzeszow\/duplikaty-swiadectw-ukonczenia-szkoly\/\" \/>\n<meta property=\"og:locale\" content=\"pl_PL\" \/>\n<meta property=\"og:type\" content=\"article\" \/>\n<meta property=\"og:title\" content=\"Duplikaty \u015bwiadectw uko\u0144czenia szko\u0142y - Akademia Zdrowia Rzesz\u00f3w\" \/>\n<meta property=\"og:description\" content=\"INFORMACJA W SPRAWIE DUPLIKAT\u00d3W \u015aWIADECTW UKO\u0143CZENIA SZKO\u0141Y Wszystkich absolwent\u00f3w Policealnego Studium Zawodowego &#8220;Akademia Zdrowia&#8221; oraz Policealnego Studium &#8220;Akademii Zdrowia&#8221; w Rzeszowie , kt\u00f3rzy chcieliby otrzyma\u0107 duplikat a uko\u0144czyli szko\u0142\u0119 do 2022 r. prosimy o bezpo\u015bredni kontakt z KURATORIUM O\u015aWIATY W RZESZOWIE (dane kontaktowe poni\u017cej) Wszelkie dokumenty zosta\u0142y przekazane do Archiwum Zak\u0142adowego Kuratorium O\u015bwiaty w Rzeszowie...\" \/>\n<meta property=\"og:url\" content=\"https:\/\/akademia-zdrowia.pl\/rzeszow\/duplikaty-swiadectw-ukonczenia-szkoly\/\" \/>\n<meta property=\"og:site_name\" content=\"Akademia Zdrowia Rzesz\u00f3w\" \/>\n<meta property=\"article:modified_time\" content=\"2024-06-09T21:27:02+00:00\" \/>\n<meta name=\"twitter:card\" content=\"summary_large_image\" \/>\n<meta name=\"twitter:label1\" content=\"Szacowany czas czytania\" \/>\n\t<meta name=\"twitter:data1\" content=\"1 minuta\" \/>\n<script type=\"application\/ld+json\" class=\"yoast-schema-graph\">{\"@context\":\"https:\/\/schema.org\",\"@graph\":[{\"@type\":\"WebPage\",\"@id\":\"https:\/\/akademia-zdrowia.pl\/rzeszow\/duplikaty-swiadectw-ukonczenia-szkoly\/\",\"url\":\"https:\/\/akademia-zdrowia.pl\/rzeszow\/duplikaty-swiadectw-ukonczenia-szkoly\/\",\"name\":\"Duplikaty \u015bwiadectw uko\u0144czenia szko\u0142y - Akademia Zdrowia Rzesz\u00f3w\",\"isPartOf\":{\"@id\":\"https:\/\/akademia-zdrowia.pl\/rzeszow\/#website\"},\"datePublished\":\"2024-06-09T21:22:05+00:00\",\"dateModified\":\"2024-06-09T21:27:02+00:00\",\"breadcrumb\":{\"@id\":\"https:\/\/akademia-zdrowia.pl\/rzeszow\/duplikaty-swiadectw-ukonczenia-szkoly\/#breadcrumb\"},\"inLanguage\":\"pl-PL\",\"potentialAction\":[{\"@type\":\"ReadAction\",\"target\":[\"https:\/\/akademia-zdrowia.pl\/rzeszow\/duplikaty-swiadectw-ukonczenia-szkoly\/\"]}]},{\"@type\":\"BreadcrumbList\",\"@id\":\"https:\/\/akademia-zdrowia.pl\/rzeszow\/duplikaty-swiadectw-ukonczenia-szkoly\/#breadcrumb\",\"itemListElement\":[{\"@type\":\"ListItem\",\"position\":1,\"name\":\"Strona g\u0142\u00f3wna\",\"item\":\"https:\/\/akademia-zdrowia.pl\/rzeszow\/\"},{\"@type\":\"ListItem\",\"position\":2,\"name\":\"Duplikaty \u015bwiadectw uko\u0144czenia szko\u0142y\"}]},{\"@type\":\"WebSite\",\"@id\":\"https:\/\/akademia-zdrowia.pl\/rzeszow\/#website\",\"url\":\"https:\/\/akademia-zdrowia.pl\/rzeszow\/\",\"name\":\"Akademia Zdrowia Rzesz\u00f3w\",\"description\":\"\",\"potentialAction\":[{\"@type\":\"SearchAction\",\"target\":{\"@type\":\"EntryPoint\",\"urlTemplate\":\"https:\/\/akademia-zdrowia.pl\/rzeszow\/?s={search_term_string}\"},\"query-input\":{\"@type\":\"PropertyValueSpecification\",\"valueRequired\":true,\"valueName\":\"search_term_string\"}}],\"inLanguage\":\"pl-PL\"}]}<\/script>\n<!-- \/ Yoast SEO plugin. -->","yoast_head_json":{"title":"Duplikaty \u015bwiadectw uko\u0144czenia szko\u0142y - Akademia Zdrowia Rzesz\u00f3w","robots":{"index":"index","follow":"follow","max-snippet":"max-snippet:-1","max-image-preview":"max-image-preview:large","max-video-preview":"max-video-preview:-1"},"canonical":"https:\/\/akademia-zdrowia.pl\/rzeszow\/duplikaty-swiadectw-ukonczenia-szkoly\/","og_locale":"pl_PL","og_type":"article","og_title":"Duplikaty \u015bwiadectw uko\u0144czenia szko\u0142y - Akademia Zdrowia Rzesz\u00f3w","og_description":"INFORMACJA W SPRAWIE DUPLIKAT\u00d3W \u015aWIADECTW UKO\u0143CZENIA SZKO\u0141Y Wszystkich absolwent\u00f3w Policealnego Studium Zawodowego &#8220;Akademia Zdrowia&#8221; oraz Policealnego Studium &#8220;Akademii Zdrowia&#8221; w Rzeszowie , kt\u00f3rzy chcieliby otrzyma\u0107 duplikat a uko\u0144czyli szko\u0142\u0119 do 2022 r. prosimy o bezpo\u015bredni kontakt z KURATORIUM O\u015aWIATY W RZESZOWIE (dane kontaktowe poni\u017cej) Wszelkie dokumenty zosta\u0142y przekazane do Archiwum Zak\u0142adowego Kuratorium O\u015bwiaty w Rzeszowie...","og_url":"https:\/\/akademia-zdrowia.pl\/rzeszow\/duplikaty-swiadectw-ukonczenia-szkoly\/","og_site_name":"Akademia Zdrowia Rzesz\u00f3w","article_modified_time":"2024-06-09T21:27:02+00:00","twitter_card":"summary_large_image","twitter_misc":{"Szacowany czas czytania":"1 minuta"},"schema":{"@context":"https:\/\/schema.org","@graph":[{"@type":"WebPage","@id":"https:\/\/akademia-zdrowia.pl\/rzeszow\/duplikaty-swiadectw-ukonczenia-szkoly\/","url":"https:\/\/akademia-zdrowia.pl\/rzeszow\/duplikaty-swiadectw-ukonczenia-szkoly\/","name":"Duplikaty \u015bwiadectw uko\u0144czenia szko\u0142y - Akademia Zdrowia Rzesz\u00f3w","isPartOf":{"@id":"https:\/\/akademia-zdrowia.pl\/rzeszow\/#website"},"datePublished":"2024-06-09T21:22:05+00:00","dateModified":"2024-06-09T21:27:02+00:00","breadcrumb":{"@id":"https:\/\/akademia-zdrowia.pl\/rzeszow\/duplikaty-swiadectw-ukonczenia-szkoly\/#breadcrumb"},"inLanguage":"pl-PL","potentialAction":[{"@type":"ReadAction","target":["https:\/\/akademia-zdrowia.pl\/rzeszow\/duplikaty-swiadectw-ukonczenia-szkoly\/"]}]},{"@type":"BreadcrumbList","@id":"https:\/\/akademia-zdrowia.pl\/rzeszow\/duplikaty-swiadectw-ukonczenia-szkoly\/#breadcrumb","itemListElement":[{"@type":"ListItem","position":1,"name":"Strona g\u0142\u00f3wna","item":"https:\/\/akademia-zdrowia.pl\/rzeszow\/"},{"@type":"ListItem","position":2,"name":"Duplikaty \u015bwiadectw uko\u0144czenia szko\u0142y"}]},{"@type":"WebSite","@id":"https:\/\/akademia-zdrowia.pl\/rzeszow\/#website","url":"https:\/\/akademia-zdrowia.pl\/rzeszow\/","name":"Akademia Zdrowia Rzesz\u00f3w","description":"","potentialAction":[{"@type":"SearchAction","target":{"@type":"EntryPoint","urlTemplate":"https:\/\/akademia-zdrowia.pl\/rzeszow\/?s={search_term_string}"},"query-input":{"@type":"PropertyValueSpecification","valueRequired":true,"valueName":"search_term_string"}}],"inLanguage":"pl-PL"}]}},"_links":{"self":[{"href":"https:\/\/akademia-zdrowia.pl\/rzeszow\/wp-json\/wp\/v2\/pages\/3543","targetHints":{"allow":["GET"]}}],"collection":[{"href":"https:\/\/akademia-zdrowia.pl\/rzeszow\/wp-json\/wp\/v2\/pages"}],"about":[{"href":"https:\/\/akademia-zdrowia.pl\/rzeszow\/wp-json\/wp\/v2\/types\/page"}],"author":[{"embeddable":true,"href":"https:\/\/akademia-zdrowia.pl\/rzeszow\/wp-json\/wp\/v2\/users\/3"}],"replies":[{"embeddable":true,"href":"https:\/\/akademia-zdrowia.pl\/rzeszow\/wp-json\/wp\/v2\/comments?post=3543"}],"version-history":[{"count":7,"href":"https:\/\/akademia-zdrowia.pl\/rzeszow\/wp-json\/wp\/v2\/pages\/3543\/revisions"}],"predecessor-version":[{"id":3554,"href":"https:\/\/akademia-zdrowia.pl\/rzeszow\/wp-json\/wp\/v2\/pages\/3543\/revisions\/3554"}],"wp:attachment":[{"href":"https:\/\/akademia-zdrowia.pl\/rzeszow\/wp-json\/wp\/v2\/media?parent=3543"}],"curies":[{"name":"wp","href":"https:\/\/api.w.org\/{rel}","templated":true}]}}