{"id":55,"date":"2018-01-02T13:11:54","date_gmt":"2018-01-02T12:11:54","guid":{"rendered":"http:\/\/www.akademia-zdrowia.pl\/lodz\/?page_id=55"},"modified":"2024-12-04T12:11:24","modified_gmt":"2024-12-04T11:11:24","slug":"projekty-unijne","status":"publish","type":"page","link":"https:\/\/akademia-zdrowia.pl\/rzeszow\/oferta-szkoleniowa\/projekty-unijne\/","title":{"rendered":"Projekty unijne"},"content":{"rendered":"\t\t<div data-elementor-type=\"wp-page\" data-elementor-id=\"55\" class=\"elementor elementor-55\" data-elementor-post-type=\"page\">\n\t\t\t\t\t\t<section class=\"elementor-section elementor-top-section elementor-element elementor-element-b6dbdaa elementor-section-boxed elementor-section-height-default elementor-section-height-default\" data-id=\"b6dbdaa\" data-element_type=\"section\" data-e-type=\"section\">\n\t\t\t\t\t\t<div class=\"elementor-container elementor-column-gap-default\">\n\t\t\t\t\t<div class=\"elementor-column elementor-col-33 elementor-top-column elementor-element elementor-element-9144e4a\" data-id=\"9144e4a\" data-element_type=\"column\" data-e-type=\"column\">\n\t\t\t<div class=\"elementor-widget-wrap elementor-element-populated\">\n\t\t\t\t\t\t<div class=\"elementor-element elementor-element-bd1af9b elementor-position-top elementor-widget elementor-widget-image-box\" data-id=\"bd1af9b\" data-element_type=\"widget\" data-e-type=\"widget\" data-widget_type=\"image-box.default\">\n\t\t\t\t<div class=\"elementor-widget-container\">\n\t\t\t\t\t<div class=\"elementor-image-box-wrapper\"><figure class=\"elementor-image-box-img\"><a href=\"https:\/\/akademia-zdrowia.pl\/rzeszow\/oferta-szkoleniowa\/projekty-unijne\/aktywni-na-podkarpaciu\/\" tabindex=\"-1\"><img fetchpriority=\"high\" decoding=\"async\" width=\"369\" height=\"299\" src=\"https:\/\/akademia-zdrowia.pl\/rzeszow\/wp-content\/uploads\/2024\/12\/projekt_aktywni_na_podkarpaciu.jpg\" class=\"elementor-animation-grow attachment-full size-full wp-image-5305\" alt=\"\" srcset=\"https:\/\/akademia-zdrowia.pl\/rzeszow\/wp-content\/uploads\/2024\/12\/projekt_aktywni_na_podkarpaciu.jpg 369w, https:\/\/akademia-zdrowia.pl\/rzeszow\/wp-content\/uploads\/2024\/12\/projekt_aktywni_na_podkarpaciu-300x243.jpg 300w\" sizes=\"(max-width: 369px) 100vw, 369px\" \/><\/a><\/figure><div class=\"elementor-image-box-content\"><h3 class=\"elementor-image-box-title\"><a href=\"https:\/\/akademia-zdrowia.pl\/rzeszow\/oferta-szkoleniowa\/projekty-unijne\/aktywni-na-podkarpaciu\/\">Aktywni na Podkarpaciu<\/a><\/h3><\/div><\/div>\t\t\t\t<\/div>\n\t\t\t\t<\/div>\n\t\t\t\t\t<\/div>\n\t\t<\/div>\n\t\t\t\t<div class=\"elementor-column elementor-col-33 elementor-top-column elementor-element elementor-element-8b13960\" data-id=\"8b13960\" data-element_type=\"column\" data-e-type=\"column\">\n\t\t\t<div class=\"elementor-widget-wrap elementor-element-populated\">\n\t\t\t\t\t\t<div class=\"elementor-element elementor-element-9146df5 elementor-position-top elementor-widget elementor-widget-image-box\" data-id=\"9146df5\" data-element_type=\"widget\" data-e-type=\"widget\" data-widget_type=\"image-box.default\">\n\t\t\t\t<div class=\"elementor-widget-container\">\n\t\t\t\t\t<div class=\"elementor-image-box-wrapper\"><figure class=\"elementor-image-box-img\"><a href=\"\/rzeszow\/oferta-szkoleniowa\/projekty-unijne\/rozwin-skrzydla-na-podkarpaciu\/\" tabindex=\"-1\"><img decoding=\"async\" width=\"369\" height=\"299\" src=\"https:\/\/akademia-zdrowia.pl\/rzeszow\/wp-content\/uploads\/2018\/01\/kursy_kosmetyka_fryzjerstwo-1.jpg\" class=\"elementor-animation-grow attachment-full size-full wp-image-1081\" alt=\"\" srcset=\"https:\/\/akademia-zdrowia.pl\/rzeszow\/wp-content\/uploads\/2018\/01\/kursy_kosmetyka_fryzjerstwo-1.jpg 369w, https:\/\/akademia-zdrowia.pl\/rzeszow\/wp-content\/uploads\/2018\/01\/kursy_kosmetyka_fryzjerstwo-1-300x243.jpg 300w\" sizes=\"(max-width: 369px) 100vw, 369px\" \/><\/a><\/figure><div class=\"elementor-image-box-content\"><h3 class=\"elementor-image-box-title\"><a href=\"\/rzeszow\/oferta-szkoleniowa\/projekty-unijne\/rozwin-skrzydla-na-podkarpaciu\/\">Rozwi\u0144 skrzyd\u0142a na Podkarpaciu - ZREALIZOWANE<\/a><\/h3><\/div><\/div>\t\t\t\t<\/div>\n\t\t\t\t<\/div>\n\t\t\t\t\t<\/div>\n\t\t<\/div>\n\t\t\t\t<div class=\"elementor-column elementor-col-33 elementor-top-column elementor-element elementor-element-1ce9be0\" data-id=\"1ce9be0\" data-element_type=\"column\" data-e-type=\"column\">\n\t\t\t<div class=\"elementor-widget-wrap elementor-element-populated\">\n\t\t\t\t\t\t<div class=\"elementor-element elementor-element-84f1461 elementor-position-top elementor-widget elementor-widget-image-box\" data-id=\"84f1461\" data-element_type=\"widget\" data-e-type=\"widget\" data-widget_type=\"image-box.default\">\n\t\t\t\t<div class=\"elementor-widget-container\">\n\t\t\t\t\t<div class=\"elementor-image-box-wrapper\"><figure class=\"elementor-image-box-img\"><a href=\"\/rzeszow\/oferta-szkoleniowa\/projekty-unijne\/podkarpacie-stawia-na-kwalifikacje\/\" tabindex=\"-1\"><img decoding=\"async\" width=\"369\" height=\"299\" src=\"https:\/\/akademia-zdrowia.pl\/rzeszow\/wp-content\/uploads\/2021\/11\/podkarpacie-kwalifikacje.jpg\" class=\"elementor-animation-grow attachment-full size-full wp-image-2792\" alt=\"\" srcset=\"https:\/\/akademia-zdrowia.pl\/rzeszow\/wp-content\/uploads\/2021\/11\/podkarpacie-kwalifikacje.jpg 369w, https:\/\/akademia-zdrowia.pl\/rzeszow\/wp-content\/uploads\/2021\/11\/podkarpacie-kwalifikacje-300x243.jpg 300w\" sizes=\"(max-width: 369px) 100vw, 369px\" \/><\/a><\/figure><div class=\"elementor-image-box-content\"><h3 class=\"elementor-image-box-title\"><a href=\"\/rzeszow\/oferta-szkoleniowa\/projekty-unijne\/podkarpacie-stawia-na-kwalifikacje\/\">Podkarpacie stawia na kwalifikacje - ZREALIZOWANE<\/a><\/h3><\/div><\/div>\t\t\t\t<\/div>\n\t\t\t\t<\/div>\n\t\t\t\t\t<\/div>\n\t\t<\/div>\n\t\t\t\t\t<\/div>\n\t\t<\/section>\n\t\t\t\t<section class=\"elementor-section elementor-top-section elementor-element elementor-element-3f1c0e2 elementor-section-boxed elementor-section-height-default elementor-section-height-default\" data-id=\"3f1c0e2\" data-element_type=\"section\" data-e-type=\"section\">\n\t\t\t\t\t\t<div class=\"elementor-container elementor-column-gap-default\">\n\t\t\t\t\t<div class=\"elementor-column elementor-col-33 elementor-top-column elementor-element elementor-element-57944b9\" data-id=\"57944b9\" data-element_type=\"column\" data-e-type=\"column\">\n\t\t\t<div class=\"elementor-widget-wrap elementor-element-populated\">\n\t\t\t\t\t\t<div class=\"elementor-element elementor-element-3c4f39d elementor-position-top elementor-widget elementor-widget-image-box\" data-id=\"3c4f39d\" data-element_type=\"widget\" data-e-type=\"widget\" data-widget_type=\"image-box.default\">\n\t\t\t\t<div class=\"elementor-widget-container\">\n\t\t\t\t\t<div class=\"elementor-image-box-wrapper\"><figure class=\"elementor-image-box-img\"><a href=\"\/rzeszow\/oferta-szkoleniowa\/projekty-unijne\/podkarpacie-dla-mlodych\/\" tabindex=\"-1\"><img loading=\"lazy\" decoding=\"async\" width=\"369\" height=\"299\" src=\"https:\/\/akademia-zdrowia.pl\/rzeszow\/wp-content\/uploads\/2021\/11\/akademia.jpg\" class=\"elementor-animation-grow attachment-full size-full wp-image-2793\" alt=\"\" srcset=\"https:\/\/akademia-zdrowia.pl\/rzeszow\/wp-content\/uploads\/2021\/11\/akademia.jpg 369w, https:\/\/akademia-zdrowia.pl\/rzeszow\/wp-content\/uploads\/2021\/11\/akademia-300x243.jpg 300w\" sizes=\"(max-width: 369px) 100vw, 369px\" \/><\/a><\/figure><div class=\"elementor-image-box-content\"><h3 class=\"elementor-image-box-title\"><a href=\"\/rzeszow\/oferta-szkoleniowa\/projekty-unijne\/podkarpacie-dla-mlodych\/\">Podkarpacie dla m\u0142odych - ZREALIZOWANE<\/a><\/h3><\/div><\/div>\t\t\t\t<\/div>\n\t\t\t\t<\/div>\n\t\t\t\t\t<\/div>\n\t\t<\/div>\n\t\t\t\t<div class=\"elementor-column elementor-col-33 elementor-top-column elementor-element elementor-element-7b15825\" data-id=\"7b15825\" data-element_type=\"column\" data-e-type=\"column\">\n\t\t\t<div class=\"elementor-widget-wrap elementor-element-populated\">\n\t\t\t\t\t\t<div class=\"elementor-element elementor-element-c291850 elementor-position-top elementor-widget elementor-widget-image-box\" data-id=\"c291850\" data-element_type=\"widget\" data-e-type=\"widget\" data-widget_type=\"image-box.default\">\n\t\t\t\t<div class=\"elementor-widget-container\">\n\t\t\t\t\t<div class=\"elementor-image-box-wrapper\"><figure class=\"elementor-image-box-img\"><a href=\"\/rzeszow\/oferta-szkoleniowa\/projekty-unijne\/akademia-jezyka-angielskiego-na-podkarpaciu\/\" tabindex=\"-1\"><img loading=\"lazy\" decoding=\"async\" width=\"369\" height=\"299\" src=\"https:\/\/akademia-zdrowia.pl\/rzeszow\/wp-content\/uploads\/2021\/11\/akademia-jezyka.jpg\" class=\"elementor-animation-grow attachment-full size-full wp-image-2810\" alt=\"\" srcset=\"https:\/\/akademia-zdrowia.pl\/rzeszow\/wp-content\/uploads\/2021\/11\/akademia-jezyka.jpg 369w, https:\/\/akademia-zdrowia.pl\/rzeszow\/wp-content\/uploads\/2021\/11\/akademia-jezyka-300x243.jpg 300w\" sizes=\"(max-width: 369px) 100vw, 369px\" \/><\/a><\/figure><div class=\"elementor-image-box-content\"><h3 class=\"elementor-image-box-title\"><a href=\"\/rzeszow\/oferta-szkoleniowa\/projekty-unijne\/akademia-jezyka-angielskiego-na-podkarpaciu\/\">Akademia j\u0119zyka angielskiego na Podkarpaciu - ZREALIZOWANE<\/a><\/h3><\/div><\/div>\t\t\t\t<\/div>\n\t\t\t\t<\/div>\n\t\t\t\t\t<\/div>\n\t\t<\/div>\n\t\t\t\t<div class=\"elementor-column elementor-col-33 elementor-top-column elementor-element elementor-element-8a7e186\" data-id=\"8a7e186\" data-element_type=\"column\" data-e-type=\"column\">\n\t\t\t<div class=\"elementor-widget-wrap elementor-element-populated\">\n\t\t\t\t\t\t<div class=\"elementor-element elementor-element-f2ff9d7 elementor-position-top elementor-widget elementor-widget-image-box\" data-id=\"f2ff9d7\" data-element_type=\"widget\" data-e-type=\"widget\" data-widget_type=\"image-box.default\">\n\t\t\t\t<div class=\"elementor-widget-container\">\n\t\t\t\t\t<div class=\"elementor-image-box-wrapper\"><figure class=\"elementor-image-box-img\"><a href=\"\/rzeszow\/oferta-szkoleniowa\/projekty-unijne\/1682-2\/\" tabindex=\"-1\"><img loading=\"lazy\" decoding=\"async\" width=\"369\" height=\"299\" src=\"https:\/\/akademia-zdrowia.pl\/rzeszow\/wp-content\/uploads\/2018\/01\/zaoczne-szkoly_policealne-1.jpg\" class=\"elementor-animation-grow attachment-full size-full wp-image-1098\" alt=\"\" srcset=\"https:\/\/akademia-zdrowia.pl\/rzeszow\/wp-content\/uploads\/2018\/01\/zaoczne-szkoly_policealne-1.jpg 369w, https:\/\/akademia-zdrowia.pl\/rzeszow\/wp-content\/uploads\/2018\/01\/zaoczne-szkoly_policealne-1-300x243.jpg 300w\" sizes=\"(max-width: 369px) 100vw, 369px\" \/><\/a><\/figure><div class=\"elementor-image-box-content\"><h3 class=\"elementor-image-box-title\"><a href=\"\/rzeszow\/oferta-szkoleniowa\/projekty-unijne\/1682-2\/\">Spirala do sukcesu - ZREALIZOWANE<\/a><\/h3><\/div><\/div>\t\t\t\t<\/div>\n\t\t\t\t<\/div>\n\t\t\t\t\t<\/div>\n\t\t<\/div>\n\t\t\t\t\t<\/div>\n\t\t<\/section>\n\t\t\t\t<\/div>\n\t\t","protected":false},"excerpt":{"rendered":"<p>Aktywni na Podkarpaciu Rozwi\u0144 skrzyd\u0142a na Podkarpaciu &#8211; ZREALIZOWANE Podkarpacie stawia na kwalifikacje &#8211; ZREALIZOWANE Podkarpacie dla m\u0142odych &#8211; ZREALIZOWANE Akademia j\u0119zyka angielskiego na Podkarpaciu &#8211; ZREALIZOWANE Spirala do sukcesu &#8211; ZREALIZOWANE<\/p>\n","protected":false},"author":1,"featured_media":0,"parent":29,"menu_order":0,"comment_status":"closed","ping_status":"closed","template":"","meta":{"footnotes":""},"class_list":["post-55","page","type-page","status-publish","hentry"],"yoast_head":"<!-- This site is optimized with the Yoast SEO plugin v26.9 - https:\/\/yoast.com\/product\/yoast-seo-wordpress\/ -->\n<title>Projekty unijne - Akademia Zdrowia Rzesz\u00f3w<\/title>\n<meta name=\"robots\" content=\"index, follow, max-snippet:-1, max-image-preview:large, max-video-preview:-1\" \/>\n<link rel=\"canonical\" href=\"https:\/\/akademia-zdrowia.pl\/rzeszow\/oferta-szkoleniowa\/projekty-unijne\/\" \/>\n<meta property=\"og:locale\" content=\"pl_PL\" \/>\n<meta property=\"og:type\" content=\"article\" \/>\n<meta property=\"og:title\" content=\"Projekty unijne - Akademia Zdrowia Rzesz\u00f3w\" \/>\n<meta property=\"og:description\" content=\"Aktywni na Podkarpaciu Rozwi\u0144 skrzyd\u0142a na Podkarpaciu &#8211; ZREALIZOWANE Podkarpacie stawia na kwalifikacje &#8211; ZREALIZOWANE Podkarpacie dla m\u0142odych &#8211; ZREALIZOWANE Akademia j\u0119zyka angielskiego na Podkarpaciu &#8211; ZREALIZOWANE Spirala do sukcesu &#8211; ZREALIZOWANE\" \/>\n<meta property=\"og:url\" content=\"https:\/\/akademia-zdrowia.pl\/rzeszow\/oferta-szkoleniowa\/projekty-unijne\/\" \/>\n<meta property=\"og:site_name\" content=\"Akademia Zdrowia Rzesz\u00f3w\" \/>\n<meta property=\"article:modified_time\" content=\"2024-12-04T11:11:24+00:00\" \/>\n<meta property=\"og:image\" content=\"https:\/\/akademia-zdrowia.pl\/rzeszow\/wp-content\/uploads\/2024\/12\/projekt_aktywni_na_podkarpaciu.jpg\" \/>\n<meta name=\"twitter:card\" content=\"summary_large_image\" \/>\n<meta name=\"twitter:label1\" content=\"Szacowany czas czytania\" \/>\n\t<meta name=\"twitter:data1\" content=\"2 minuty\" \/>\n<script type=\"application\/ld+json\" class=\"yoast-schema-graph\">{\"@context\":\"https:\/\/schema.org\",\"@graph\":[{\"@type\":\"WebPage\",\"@id\":\"https:\/\/akademia-zdrowia.pl\/rzeszow\/oferta-szkoleniowa\/projekty-unijne\/\",\"url\":\"https:\/\/akademia-zdrowia.pl\/rzeszow\/oferta-szkoleniowa\/projekty-unijne\/\",\"name\":\"Projekty unijne - Akademia Zdrowia Rzesz\u00f3w\",\"isPartOf\":{\"@id\":\"https:\/\/akademia-zdrowia.pl\/rzeszow\/#website\"},\"primaryImageOfPage\":{\"@id\":\"https:\/\/akademia-zdrowia.pl\/rzeszow\/oferta-szkoleniowa\/projekty-unijne\/#primaryimage\"},\"image\":{\"@id\":\"https:\/\/akademia-zdrowia.pl\/rzeszow\/oferta-szkoleniowa\/projekty-unijne\/#primaryimage\"},\"thumbnailUrl\":\"https:\/\/akademia-zdrowia.pl\/rzeszow\/wp-content\/uploads\/2024\/12\/projekt_aktywni_na_podkarpaciu.jpg\",\"datePublished\":\"2018-01-02T12:11:54+00:00\",\"dateModified\":\"2024-12-04T11:11:24+00:00\",\"breadcrumb\":{\"@id\":\"https:\/\/akademia-zdrowia.pl\/rzeszow\/oferta-szkoleniowa\/projekty-unijne\/#breadcrumb\"},\"inLanguage\":\"pl-PL\",\"potentialAction\":[{\"@type\":\"ReadAction\",\"target\":[\"https:\/\/akademia-zdrowia.pl\/rzeszow\/oferta-szkoleniowa\/projekty-unijne\/\"]}]},{\"@type\":\"ImageObject\",\"inLanguage\":\"pl-PL\",\"@id\":\"https:\/\/akademia-zdrowia.pl\/rzeszow\/oferta-szkoleniowa\/projekty-unijne\/#primaryimage\",\"url\":\"https:\/\/akademia-zdrowia.pl\/rzeszow\/wp-content\/uploads\/2024\/12\/projekt_aktywni_na_podkarpaciu.jpg\",\"contentUrl\":\"https:\/\/akademia-zdrowia.pl\/rzeszow\/wp-content\/uploads\/2024\/12\/projekt_aktywni_na_podkarpaciu.jpg\",\"width\":369,\"height\":299},{\"@type\":\"BreadcrumbList\",\"@id\":\"https:\/\/akademia-zdrowia.pl\/rzeszow\/oferta-szkoleniowa\/projekty-unijne\/#breadcrumb\",\"itemListElement\":[{\"@type\":\"ListItem\",\"position\":1,\"name\":\"Strona g\u0142\u00f3wna\",\"item\":\"https:\/\/akademia-zdrowia.pl\/rzeszow\/\"},{\"@type\":\"ListItem\",\"position\":2,\"name\":\"Oferta szkoleniowa\",\"item\":\"https:\/\/akademia-zdrowia.pl\/rzeszow\/oferta-szkoleniowa\/\"},{\"@type\":\"ListItem\",\"position\":3,\"name\":\"Projekty unijne\"}]},{\"@type\":\"WebSite\",\"@id\":\"https:\/\/akademia-zdrowia.pl\/rzeszow\/#website\",\"url\":\"https:\/\/akademia-zdrowia.pl\/rzeszow\/\",\"name\":\"Akademia Zdrowia Rzesz\u00f3w\",\"description\":\"\",\"potentialAction\":[{\"@type\":\"SearchAction\",\"target\":{\"@type\":\"EntryPoint\",\"urlTemplate\":\"https:\/\/akademia-zdrowia.pl\/rzeszow\/?s={search_term_string}\"},\"query-input\":{\"@type\":\"PropertyValueSpecification\",\"valueRequired\":true,\"valueName\":\"search_term_string\"}}],\"inLanguage\":\"pl-PL\"}]}<\/script>\n<!-- \/ Yoast SEO plugin. -->","yoast_head_json":{"title":"Projekty unijne - Akademia Zdrowia Rzesz\u00f3w","robots":{"index":"index","follow":"follow","max-snippet":"max-snippet:-1","max-image-preview":"max-image-preview:large","max-video-preview":"max-video-preview:-1"},"canonical":"https:\/\/akademia-zdrowia.pl\/rzeszow\/oferta-szkoleniowa\/projekty-unijne\/","og_locale":"pl_PL","og_type":"article","og_title":"Projekty unijne - Akademia Zdrowia Rzesz\u00f3w","og_description":"Aktywni na Podkarpaciu Rozwi\u0144 skrzyd\u0142a na Podkarpaciu &#8211; ZREALIZOWANE Podkarpacie stawia na kwalifikacje &#8211; ZREALIZOWANE Podkarpacie dla m\u0142odych &#8211; ZREALIZOWANE Akademia j\u0119zyka angielskiego na Podkarpaciu &#8211; ZREALIZOWANE Spirala do sukcesu &#8211; ZREALIZOWANE","og_url":"https:\/\/akademia-zdrowia.pl\/rzeszow\/oferta-szkoleniowa\/projekty-unijne\/","og_site_name":"Akademia Zdrowia Rzesz\u00f3w","article_modified_time":"2024-12-04T11:11:24+00:00","og_image":[{"url":"https:\/\/akademia-zdrowia.pl\/rzeszow\/wp-content\/uploads\/2024\/12\/projekt_aktywni_na_podkarpaciu.jpg","type":"","width":"","height":""}],"twitter_card":"summary_large_image","twitter_misc":{"Szacowany czas czytania":"2 minuty"},"schema":{"@context":"https:\/\/schema.org","@graph":[{"@type":"WebPage","@id":"https:\/\/akademia-zdrowia.pl\/rzeszow\/oferta-szkoleniowa\/projekty-unijne\/","url":"https:\/\/akademia-zdrowia.pl\/rzeszow\/oferta-szkoleniowa\/projekty-unijne\/","name":"Projekty unijne - Akademia Zdrowia Rzesz\u00f3w","isPartOf":{"@id":"https:\/\/akademia-zdrowia.pl\/rzeszow\/#website"},"primaryImageOfPage":{"@id":"https:\/\/akademia-zdrowia.pl\/rzeszow\/oferta-szkoleniowa\/projekty-unijne\/#primaryimage"},"image":{"@id":"https:\/\/akademia-zdrowia.pl\/rzeszow\/oferta-szkoleniowa\/projekty-unijne\/#primaryimage"},"thumbnailUrl":"https:\/\/akademia-zdrowia.pl\/rzeszow\/wp-content\/uploads\/2024\/12\/projekt_aktywni_na_podkarpaciu.jpg","datePublished":"2018-01-02T12:11:54+00:00","dateModified":"2024-12-04T11:11:24+00:00","breadcrumb":{"@id":"https:\/\/akademia-zdrowia.pl\/rzeszow\/oferta-szkoleniowa\/projekty-unijne\/#breadcrumb"},"inLanguage":"pl-PL","potentialAction":[{"@type":"ReadAction","target":["https:\/\/akademia-zdrowia.pl\/rzeszow\/oferta-szkoleniowa\/projekty-unijne\/"]}]},{"@type":"ImageObject","inLanguage":"pl-PL","@id":"https:\/\/akademia-zdrowia.pl\/rzeszow\/oferta-szkoleniowa\/projekty-unijne\/#primaryimage","url":"https:\/\/akademia-zdrowia.pl\/rzeszow\/wp-content\/uploads\/2024\/12\/projekt_aktywni_na_podkarpaciu.jpg","contentUrl":"https:\/\/akademia-zdrowia.pl\/rzeszow\/wp-content\/uploads\/2024\/12\/projekt_aktywni_na_podkarpaciu.jpg","width":369,"height":299},{"@type":"BreadcrumbList","@id":"https:\/\/akademia-zdrowia.pl\/rzeszow\/oferta-szkoleniowa\/projekty-unijne\/#breadcrumb","itemListElement":[{"@type":"ListItem","position":1,"name":"Strona g\u0142\u00f3wna","item":"https:\/\/akademia-zdrowia.pl\/rzeszow\/"},{"@type":"ListItem","position":2,"name":"Oferta szkoleniowa","item":"https:\/\/akademia-zdrowia.pl\/rzeszow\/oferta-szkoleniowa\/"},{"@type":"ListItem","position":3,"name":"Projekty unijne"}]},{"@type":"WebSite","@id":"https:\/\/akademia-zdrowia.pl\/rzeszow\/#website","url":"https:\/\/akademia-zdrowia.pl\/rzeszow\/","name":"Akademia Zdrowia Rzesz\u00f3w","description":"","potentialAction":[{"@type":"SearchAction","target":{"@type":"EntryPoint","urlTemplate":"https:\/\/akademia-zdrowia.pl\/rzeszow\/?s={search_term_string}"},"query-input":{"@type":"PropertyValueSpecification","valueRequired":true,"valueName":"search_term_string"}}],"inLanguage":"pl-PL"}]}},"_links":{"self":[{"href":"https:\/\/akademia-zdrowia.pl\/rzeszow\/wp-json\/wp\/v2\/pages\/55","targetHints":{"allow":["GET"]}}],"collection":[{"href":"https:\/\/akademia-zdrowia.pl\/rzeszow\/wp-json\/wp\/v2\/pages"}],"about":[{"href":"https:\/\/akademia-zdrowia.pl\/rzeszow\/wp-json\/wp\/v2\/types\/page"}],"author":[{"embeddable":true,"href":"https:\/\/akademia-zdrowia.pl\/rzeszow\/wp-json\/wp\/v2\/users\/1"}],"replies":[{"embeddable":true,"href":"https:\/\/akademia-zdrowia.pl\/rzeszow\/wp-json\/wp\/v2\/comments?post=55"}],"version-history":[{"count":95,"href":"https:\/\/akademia-zdrowia.pl\/rzeszow\/wp-json\/wp\/v2\/pages\/55\/revisions"}],"predecessor-version":[{"id":5315,"href":"https:\/\/akademia-zdrowia.pl\/rzeszow\/wp-json\/wp\/v2\/pages\/55\/revisions\/5315"}],"up":[{"embeddable":true,"href":"https:\/\/akademia-zdrowia.pl\/rzeszow\/wp-json\/wp\/v2\/pages\/29"}],"wp:attachment":[{"href":"https:\/\/akademia-zdrowia.pl\/rzeszow\/wp-json\/wp\/v2\/media?parent=55"}],"curies":[{"name":"wp","href":"https:\/\/api.w.org\/{rel}","templated":true}]}}