{"id":1161,"date":"2018-01-22T10:38:30","date_gmt":"2018-01-22T09:38:30","guid":{"rendered":"https:\/\/akademia-zdrowia.pl\/warszawa\/?page_id=1161"},"modified":"2021-11-11T00:33:14","modified_gmt":"2021-11-10T23:33:14","slug":"dokumenty-rekrutacyjne","status":"publish","type":"page","link":"https:\/\/akademia-zdrowia.pl\/warszawa\/rekrutacja\/dokumenty-rekrutacyjne\/","title":{"rendered":"Dokumenty rekrutacyjne"},"content":{"rendered":"\t\t<div data-elementor-type=\"wp-page\" data-elementor-id=\"1161\" class=\"elementor elementor-1161\" data-elementor-post-type=\"page\">\n\t\t\t\t\t\t<section class=\"elementor-section elementor-top-section elementor-element elementor-element-010d61a elementor-section-boxed elementor-section-height-default elementor-section-height-default\" data-id=\"010d61a\" data-element_type=\"section\">\n\t\t\t\t\t\t<div class=\"elementor-container elementor-column-gap-default\">\n\t\t\t\t\t<div class=\"elementor-column elementor-col-66 elementor-top-column elementor-element elementor-element-20ba977\" data-id=\"20ba977\" data-element_type=\"column\">\n\t\t\t<div class=\"elementor-widget-wrap elementor-element-populated\">\n\t\t\t\t\t\t<div class=\"elementor-element elementor-element-57789e0 elementor-widget elementor-widget-text-editor\" data-id=\"57789e0\" data-element_type=\"widget\" data-widget_type=\"text-editor.default\">\n\t\t\t\t<div class=\"elementor-widget-container\">\n\t\t\t\t\t\t\t\t\t<div class=\"row\"><div class=\"col-12 opis\"><h4 style=\"text-align: center;\"><b>Je\u015bli masz sko\u0144czone 18 lat mo\u017cesz \u2013 bez egzamin\u00f3w wst\u0119pnych,\u00a0<br \/><\/b><b style=\"color: var( --e-global-color-text ); font-family: var( --e-global-typography-text-font-family ), Sans-serif;\">a nawet matury \u2013 zosta\u0107 naszym s\u0142uchaczem.<br \/><\/b><b style=\"color: var( --e-global-color-text ); font-family: var( --e-global-typography-text-font-family ), Sans-serif;\">Skompletuj dokumenty i dostarcz je do nas.<\/b><\/h4><\/div><\/div><div class=\"col-12\"><div class=\"header\"><h4>Szko\u0142y policealne:<\/h4><\/div><ul class=\"linki\"><li>\u015bwiadectwo uko\u0144czenia szko\u0142y \u015bredniej<\/li><li>2 zdj\u0119cia<\/li><li>za\u015bwiadczenie od lekarza medycyny pracy o braku przeciwwskaza\u0144 do podj\u0119cia nauki na danym kierunku<\/li><\/ul><\/div><div class=\"col-12\"><div class=\"header\"><h4>Szko\u0142y policealne:<\/h4><\/div><ul class=\"linki\"><li>\u015bwiadectwo uko\u0144czenia ostatniej szko\u0142y<\/li><li>2 zdj\u0119cia<\/li><li>za\u015bwiadczenie od lekarza medycyny pracy o braku przeciwwskaza\u0144 do podj\u0119cia nauki na danym kierunku<\/li><\/ul><\/div><div class=\"col-12\"><p class=\"pod-plikami\"><strong>Na miejscu poprosimy o wype\u0142nienie formularza zg\u0142oszeniowego,\u00a0\u00a0 a tak\u017ce umowy, gwarantuj\u0105cej najwy\u017csz\u0105 jako\u015b\u0107 \u015bwiadczonych przez nas us\u0142ug.<\/strong><\/p><\/div>\t\t\t\t\t\t\t\t<\/div>\n\t\t\t\t<\/div>\n\t\t\t\t<div class=\"elementor-element elementor-element-6d1ee5c elementor-alert-info elementor-widget elementor-widget-alert\" data-id=\"6d1ee5c\" data-element_type=\"widget\" data-widget_type=\"alert.default\">\n\t\t\t\t<div class=\"elementor-widget-container\">\n\t\t\t\t\t\t\t<div class=\"elementor-alert\" role=\"alert\">\n\n\t\t\t\t\t\t<span class=\"elementor-alert-title\">INFORMACJA<\/span>\n\t\t\t\n\t\t\t\t\t\t<span class=\"elementor-alert-description\">Uczni\u00f3w szk\u00f3\u0142 gimnazjalnych oraz wszystkich chc\u0105cych rozpocz\u0105\u0107 nauk\u0119 w Liceum lub Technikum dla m\u0142odzie\u017cy zapraszamy do zak\u0142adki szko\u0142y m\u0142odzie\u017cowe<\/span>\n\t\t\t\n\t\t\t\n\t\t<\/div>\n\t\t\t\t\t\t<\/div>\n\t\t\t\t<\/div>\n\t\t\t\t\t<\/div>\n\t\t<\/div>\n\t\t\t\t<div class=\"elementor-column elementor-col-33 elementor-top-column elementor-element elementor-element-2b18e69\" data-id=\"2b18e69\" data-element_type=\"column\">\n\t\t\t<div class=\"elementor-widget-wrap elementor-element-populated\">\n\t\t\t\t\t\t<div class=\"elementor-element elementor-element-c9e04d4 elementor-widget elementor-widget-rs-image\" data-id=\"c9e04d4\" data-element_type=\"widget\" data-widget_type=\"rs-image.default\">\n\t\t\t\t<div class=\"elementor-widget-container\">\n\t\t\t\t\t\n        <div class=\"rs-image \">\n                            <img decoding=\"async\" class=\"rs-multi-image \" src=\"https:\/\/akademia-zdrowia.pl\/warszawa\/wp-content\/uploads\/2021\/10\/wawa.png\" alt=\"image\"\/>\n                    <\/div>\n\n              \n    \t\t\t\t<\/div>\n\t\t\t\t<\/div>\n\t\t\t\t<div class=\"elementor-element elementor-element-16186be elementor-widget elementor-widget-text-editor\" data-id=\"16186be\" data-element_type=\"widget\" data-widget_type=\"text-editor.default\">\n\t\t\t\t<div class=\"elementor-widget-container\">\n\t\t\t\t\t\t\t\t\t<div class=\"adres\"><p style=\"text-align: center;\">Jana Kazimierza 45\/5<br \/><span style=\"color: var( --e-global-color-text ); font-family: var( --e-global-typography-text-font-family ), Sans-serif; font-weight: var( --e-global-typography-text-font-weight );\">01-248 Warszawa<br \/><br \/><\/span><img decoding=\"async\" style=\"color: var( --e-global-color-text ); font-family: var( --e-global-typography-text-font-family ), Sans-serif; font-weight: var( --e-global-typography-text-font-weight );\" src=\"https:\/\/www.akademia-zdrowia.pl\/lodz\/wp-content\/themes\/akademia-podstrona\/img\/phone-ico_red.png\" alt=\"marker\" \/><span style=\"color: var( --e-global-color-text ); font-family: var( --e-global-typography-text-font-family ), Sans-serif; font-weight: var( --e-global-typography-text-font-weight );\">\u00a0\u00a0<\/span><span style=\"color: var( --e-global-color-text ); font-family: var( --e-global-typography-text-font-family ), Sans-serif; font-weight: var( --e-global-typography-text-font-weight );\">tel.\u00a0<\/span><a style=\"font-family: var( --e-global-typography-text-font-family ), Sans-serif; font-weight: var( --e-global-typography-text-font-weight ); background-color: #ffffff;\" href=\"tel:22 862 29 60\">(22) 862 29 60<\/a><span style=\"color: var( --e-global-color-text ); font-family: var( --e-global-typography-text-font-family ), Sans-serif; font-weight: var( --e-global-typography-text-font-weight );\">\u00a0\u00a0<br \/><\/span><span style=\"color: var( --e-global-color-text ); font-family: var( --e-global-typography-text-font-family ), Sans-serif; font-weight: var( --e-global-typography-text-font-weight );\">tel.\/fax\u00a0<\/span><a style=\"font-family: var( --e-global-typography-text-font-family ), Sans-serif; font-weight: var( --e-global-typography-text-font-weight ); background-color: #ffffff;\" href=\"tel:22 862 29 61\">(22) 862 29 61<\/a><\/p><\/div><div class=\"dodatkowe\"><p style=\"text-align: center;\">Sekretariat czynny od poniedzia\u0142ku do pi\u0105tku w godzinach 9.00-16.00<\/p><p style=\"text-align: center;\"><span style=\"color: #000080; font-family: var( --e-global-typography-text-font-family ), Sans-serif;\"><b>Zarezerwuj miejsce ju\u017c dzi\u015b!<\/b><\/span><\/p><\/div>\t\t\t\t\t\t\t\t<\/div>\n\t\t\t\t<\/div>\n\t\t\t\t<div class=\"elementor-element elementor-element-88fad0a elementor-align-center elementor-widget elementor-widget-bdt-advanced-button\" data-id=\"88fad0a\" data-element_type=\"widget\" data-widget_type=\"bdt-advanced-button.default\">\n\t\t\t\t<div class=\"elementor-widget-container\">\n\t\t\t\t\t\t\t<div class=\"bdt-ep-button-wrapper\">\r\n\t\t\t<a href=\"\/warszawa\/zapisz-sie\/\" class=\"bdt-ep-button bdt-ep-button-effect-a bdt-ep-button-size-sm\">\r\n\t\t\t\t\t\t<div class=\"bdt-ep-button-content-wrapper bdt-flex bdt-flex-middle bdt-flex-center  \" data-text=\"ZAPISZ SI\u0118\">\r\n\t\t\t\r\n\t\t\t<div class=\"bdt-ep-button-text\">\r\n\r\n                <span class=\"avdbtn-text\">ZAPISZ SI\u0118<\/span>\r\n\r\n\t\t\t\t            <\/div>\r\n\r\n\t\t\t\r\n\t\t<\/div>\r\n\t\t\t\t\t<\/a>\r\n\t\t<\/div>\r\n\t\t\t\t\t\t<\/div>\n\t\t\t\t<\/div>\n\t\t\t\t<div class=\"elementor-element elementor-element-fe18bc4 bdt-navbar-style-1 elementor-widget elementor-widget-bdt-scrollnav\" data-id=\"fe18bc4\" data-element_type=\"widget\" data-widget_type=\"bdt-scrollnav.default\">\n\t\t\t\t<div class=\"elementor-widget-container\">\n\t\t\t\t\t\t\t<div class=\"bdt-scrollnav bdt-navbar-container bdt-navbar-transparent bdt-navbar \" data-bdt-navbar=\"\">\r\n\t\t\t<div class=\"bdt-navbar-center\">\r\n\t\t\t\t<ul class=\"bdt-nav bdt-nav-default\" data-bdt-scrollspy-nav=\"closest: li; scroll: true; offset: 0;\">\r\n\t\t\t\t\t\t\t\t<li>\r\n\t\t\t\t<a data-tippy-content=\"\" href=\"\/warszawa\/rekrutacja\/\">\r\n\t\t\t\t\tRekrutacja\t\t\t\t\t\t\t\t\t<\/a>\r\n\t\t\t<\/li>\r\n\t\t\t\t\t\t<li>\r\n\t\t\t\t<a data-tippy-content=\"\" href=\"\/warszawa\/rekrutacja\/dokumenty-rekrutacyjne\/\">\r\n\t\t\t\t\tDokumenty rekrutacyjne\t\t\t\t\t\t\t\t\t<\/a>\r\n\t\t\t<\/li>\r\n\t\t\t\t\t\t\t<\/ul>\r\n\t\t\t<\/div>\r\n\t\t<\/div>\r\n\t    \t\t\t\t<\/div>\n\t\t\t\t<\/div>\n\t\t\t\t\t<\/div>\n\t\t<\/div>\n\t\t\t\t\t<\/div>\n\t\t<\/section>\n\t\t\t\t<\/div>\n\t\t","protected":false},"excerpt":{"rendered":"<p>Je\u015bli masz sko\u0144czone 18 lat mo\u017cesz \u2013 bez egzamin\u00f3w wst\u0119pnych,\u00a0a nawet matury \u2013 zosta\u0107 naszym s\u0142uchaczem.Skompletuj dokumenty i dostarcz je do nas. Szko\u0142y policealne: \u015bwiadectwo uko\u0144czenia szko\u0142y \u015bredniej 2 zdj\u0119cia za\u015bwiadczenie od lekarza medycyny pracy o braku przeciwwskaza\u0144 do podj\u0119cia nauki na danym kierunku Szko\u0142y policealne: \u015bwiadectwo uko\u0144czenia ostatniej szko\u0142y 2 zdj\u0119cia za\u015bwiadczenie od lekarza&#8230;<\/p>\n","protected":false},"author":1,"featured_media":0,"parent":33,"menu_order":0,"comment_status":"closed","ping_status":"closed","template":"","meta":{"footnotes":""},"class_list":["post-1161","page","type-page","status-publish","hentry"],"yoast_head":"<!-- This site is optimized with the Yoast SEO plugin v26.8 - https:\/\/yoast.com\/product\/yoast-seo-wordpress\/ -->\n<title>Dokumenty rekrutacyjne - Akademia zdrowia \u2013 Warszawa \u2013 Kursy zawodowe, szko\u0142y policealne<\/title>\n<meta name=\"description\" content=\"Je\u015bli masz sko\u0144czone 18 lat mo\u017cesz \u2013 bez egzamin\u00f3w wst\u0119pnych,\u00a0a nawet matury \u2013 zosta\u0107 naszym s\u0142uchaczem.Skompletuj dokumenty i dostarcz je do nas.Szko\u0142y\" \/>\n<meta name=\"robots\" content=\"index, follow, max-snippet:-1, max-image-preview:large, max-video-preview:-1\" \/>\n<link rel=\"canonical\" href=\"https:\/\/akademia-zdrowia.pl\/warszawa\/rekrutacja\/dokumenty-rekrutacyjne\/\" \/>\n<meta property=\"og:locale\" content=\"pl_PL\" \/>\n<meta property=\"og:type\" content=\"article\" \/>\n<meta property=\"og:title\" content=\"Dokumenty rekrutacyjne - Akademia zdrowia \u2013 Warszawa \u2013 Kursy zawodowe, szko\u0142y policealne\" \/>\n<meta property=\"og:description\" content=\"Je\u015bli masz sko\u0144czone 18 lat mo\u017cesz \u2013 bez egzamin\u00f3w wst\u0119pnych,\u00a0a nawet matury \u2013 zosta\u0107 naszym s\u0142uchaczem.Skompletuj dokumenty i dostarcz je do nas.Szko\u0142y\" \/>\n<meta property=\"og:url\" content=\"https:\/\/akademia-zdrowia.pl\/warszawa\/rekrutacja\/dokumenty-rekrutacyjne\/\" \/>\n<meta property=\"og:site_name\" content=\"Nowa kategoria kursu\" \/>\n<meta property=\"article:modified_time\" content=\"2021-11-10T23:33:14+00:00\" \/>\n<meta property=\"og:image\" content=\"https:\/\/akademia-zdrowia.pl\/warszawa\/wp-content\/uploads\/2021\/10\/wawa.png\" \/>\n<meta name=\"twitter:card\" content=\"summary_large_image\" \/>\n<meta name=\"twitter:label1\" content=\"Szacowany czas czytania\" \/>\n\t<meta name=\"twitter:data1\" content=\"1 minuta\" \/>\n<script type=\"application\/ld+json\" class=\"yoast-schema-graph\">{\"@context\":\"https:\/\/schema.org\",\"@graph\":[{\"@type\":\"WebPage\",\"@id\":\"https:\/\/akademia-zdrowia.pl\/warszawa\/rekrutacja\/dokumenty-rekrutacyjne\/\",\"url\":\"https:\/\/akademia-zdrowia.pl\/warszawa\/rekrutacja\/dokumenty-rekrutacyjne\/\",\"name\":\"Dokumenty rekrutacyjne - Akademia zdrowia \u2013 Warszawa \u2013 Kursy zawodowe, szko\u0142y policealne\",\"isPartOf\":{\"@id\":\"https:\/\/akademia-zdrowia.pl\/warszawa\/#website\"},\"primaryImageOfPage\":{\"@id\":\"https:\/\/akademia-zdrowia.pl\/warszawa\/rekrutacja\/dokumenty-rekrutacyjne\/#primaryimage\"},\"image\":{\"@id\":\"https:\/\/akademia-zdrowia.pl\/warszawa\/rekrutacja\/dokumenty-rekrutacyjne\/#primaryimage\"},\"thumbnailUrl\":\"https:\/\/akademia-zdrowia.pl\/warszawa\/wp-content\/uploads\/2021\/10\/wawa.png\",\"datePublished\":\"2018-01-22T09:38:30+00:00\",\"dateModified\":\"2021-11-10T23:33:14+00:00\",\"description\":\"Je\u015bli masz sko\u0144czone 18 lat mo\u017cesz \u2013 bez egzamin\u00f3w wst\u0119pnych,\u00a0a nawet matury \u2013 zosta\u0107 naszym s\u0142uchaczem.Skompletuj dokumenty i dostarcz je do nas.Szko\u0142y\",\"breadcrumb\":{\"@id\":\"https:\/\/akademia-zdrowia.pl\/warszawa\/rekrutacja\/dokumenty-rekrutacyjne\/#breadcrumb\"},\"inLanguage\":\"pl-PL\",\"potentialAction\":[{\"@type\":\"ReadAction\",\"target\":[\"https:\/\/akademia-zdrowia.pl\/warszawa\/rekrutacja\/dokumenty-rekrutacyjne\/\"]}]},{\"@type\":\"ImageObject\",\"inLanguage\":\"pl-PL\",\"@id\":\"https:\/\/akademia-zdrowia.pl\/warszawa\/rekrutacja\/dokumenty-rekrutacyjne\/#primaryimage\",\"url\":\"https:\/\/akademia-zdrowia.pl\/warszawa\/wp-content\/uploads\/2021\/10\/wawa.png\",\"contentUrl\":\"https:\/\/akademia-zdrowia.pl\/warszawa\/wp-content\/uploads\/2021\/10\/wawa.png\",\"width\":390,\"height\":277},{\"@type\":\"BreadcrumbList\",\"@id\":\"https:\/\/akademia-zdrowia.pl\/warszawa\/rekrutacja\/dokumenty-rekrutacyjne\/#breadcrumb\",\"itemListElement\":[{\"@type\":\"ListItem\",\"position\":1,\"name\":\"Strona g\u0142\u00f3wna\",\"item\":\"https:\/\/akademia-zdrowia.pl\/warszawa\/\"},{\"@type\":\"ListItem\",\"position\":2,\"name\":\"Rekrutacja\",\"item\":\"https:\/\/akademia-zdrowia.pl\/warszawa\/rekrutacja\/\"},{\"@type\":\"ListItem\",\"position\":3,\"name\":\"Dokumenty rekrutacyjne\"}]},{\"@type\":\"WebSite\",\"@id\":\"https:\/\/akademia-zdrowia.pl\/warszawa\/#website\",\"url\":\"https:\/\/akademia-zdrowia.pl\/warszawa\/\",\"name\":\"Nowa kategoria kursu\",\"description\":\"Nowy kurs \",\"potentialAction\":[{\"@type\":\"SearchAction\",\"target\":{\"@type\":\"EntryPoint\",\"urlTemplate\":\"https:\/\/akademia-zdrowia.pl\/warszawa\/?s={search_term_string}\"},\"query-input\":{\"@type\":\"PropertyValueSpecification\",\"valueRequired\":true,\"valueName\":\"search_term_string\"}}],\"inLanguage\":\"pl-PL\"}]}<\/script>\n<!-- \/ Yoast SEO plugin. -->","yoast_head_json":{"title":"Dokumenty rekrutacyjne - Akademia zdrowia \u2013 Warszawa \u2013 Kursy zawodowe, szko\u0142y policealne","description":"Je\u015bli masz sko\u0144czone 18 lat mo\u017cesz \u2013 bez egzamin\u00f3w wst\u0119pnych,\u00a0a nawet matury \u2013 zosta\u0107 naszym s\u0142uchaczem.Skompletuj dokumenty i dostarcz je do nas.Szko\u0142y","robots":{"index":"index","follow":"follow","max-snippet":"max-snippet:-1","max-image-preview":"max-image-preview:large","max-video-preview":"max-video-preview:-1"},"canonical":"https:\/\/akademia-zdrowia.pl\/warszawa\/rekrutacja\/dokumenty-rekrutacyjne\/","og_locale":"pl_PL","og_type":"article","og_title":"Dokumenty rekrutacyjne - Akademia zdrowia \u2013 Warszawa \u2013 Kursy zawodowe, szko\u0142y policealne","og_description":"Je\u015bli masz sko\u0144czone 18 lat mo\u017cesz \u2013 bez egzamin\u00f3w wst\u0119pnych,\u00a0a nawet matury \u2013 zosta\u0107 naszym s\u0142uchaczem.Skompletuj dokumenty i dostarcz je do nas.Szko\u0142y","og_url":"https:\/\/akademia-zdrowia.pl\/warszawa\/rekrutacja\/dokumenty-rekrutacyjne\/","og_site_name":"Nowa kategoria kursu","article_modified_time":"2021-11-10T23:33:14+00:00","og_image":[{"url":"https:\/\/akademia-zdrowia.pl\/warszawa\/wp-content\/uploads\/2021\/10\/wawa.png","type":"","width":"","height":""}],"twitter_card":"summary_large_image","twitter_misc":{"Szacowany czas czytania":"1 minuta"},"schema":{"@context":"https:\/\/schema.org","@graph":[{"@type":"WebPage","@id":"https:\/\/akademia-zdrowia.pl\/warszawa\/rekrutacja\/dokumenty-rekrutacyjne\/","url":"https:\/\/akademia-zdrowia.pl\/warszawa\/rekrutacja\/dokumenty-rekrutacyjne\/","name":"Dokumenty rekrutacyjne - Akademia zdrowia \u2013 Warszawa \u2013 Kursy zawodowe, szko\u0142y policealne","isPartOf":{"@id":"https:\/\/akademia-zdrowia.pl\/warszawa\/#website"},"primaryImageOfPage":{"@id":"https:\/\/akademia-zdrowia.pl\/warszawa\/rekrutacja\/dokumenty-rekrutacyjne\/#primaryimage"},"image":{"@id":"https:\/\/akademia-zdrowia.pl\/warszawa\/rekrutacja\/dokumenty-rekrutacyjne\/#primaryimage"},"thumbnailUrl":"https:\/\/akademia-zdrowia.pl\/warszawa\/wp-content\/uploads\/2021\/10\/wawa.png","datePublished":"2018-01-22T09:38:30+00:00","dateModified":"2021-11-10T23:33:14+00:00","description":"Je\u015bli masz sko\u0144czone 18 lat mo\u017cesz \u2013 bez egzamin\u00f3w wst\u0119pnych,\u00a0a nawet matury \u2013 zosta\u0107 naszym s\u0142uchaczem.Skompletuj dokumenty i dostarcz je do nas.Szko\u0142y","breadcrumb":{"@id":"https:\/\/akademia-zdrowia.pl\/warszawa\/rekrutacja\/dokumenty-rekrutacyjne\/#breadcrumb"},"inLanguage":"pl-PL","potentialAction":[{"@type":"ReadAction","target":["https:\/\/akademia-zdrowia.pl\/warszawa\/rekrutacja\/dokumenty-rekrutacyjne\/"]}]},{"@type":"ImageObject","inLanguage":"pl-PL","@id":"https:\/\/akademia-zdrowia.pl\/warszawa\/rekrutacja\/dokumenty-rekrutacyjne\/#primaryimage","url":"https:\/\/akademia-zdrowia.pl\/warszawa\/wp-content\/uploads\/2021\/10\/wawa.png","contentUrl":"https:\/\/akademia-zdrowia.pl\/warszawa\/wp-content\/uploads\/2021\/10\/wawa.png","width":390,"height":277},{"@type":"BreadcrumbList","@id":"https:\/\/akademia-zdrowia.pl\/warszawa\/rekrutacja\/dokumenty-rekrutacyjne\/#breadcrumb","itemListElement":[{"@type":"ListItem","position":1,"name":"Strona g\u0142\u00f3wna","item":"https:\/\/akademia-zdrowia.pl\/warszawa\/"},{"@type":"ListItem","position":2,"name":"Rekrutacja","item":"https:\/\/akademia-zdrowia.pl\/warszawa\/rekrutacja\/"},{"@type":"ListItem","position":3,"name":"Dokumenty rekrutacyjne"}]},{"@type":"WebSite","@id":"https:\/\/akademia-zdrowia.pl\/warszawa\/#website","url":"https:\/\/akademia-zdrowia.pl\/warszawa\/","name":"Nowa kategoria kursu","description":"Nowy kurs ","potentialAction":[{"@type":"SearchAction","target":{"@type":"EntryPoint","urlTemplate":"https:\/\/akademia-zdrowia.pl\/warszawa\/?s={search_term_string}"},"query-input":{"@type":"PropertyValueSpecification","valueRequired":true,"valueName":"search_term_string"}}],"inLanguage":"pl-PL"}]}},"_links":{"self":[{"href":"https:\/\/akademia-zdrowia.pl\/warszawa\/wp-json\/wp\/v2\/pages\/1161","targetHints":{"allow":["GET"]}}],"collection":[{"href":"https:\/\/akademia-zdrowia.pl\/warszawa\/wp-json\/wp\/v2\/pages"}],"about":[{"href":"https:\/\/akademia-zdrowia.pl\/warszawa\/wp-json\/wp\/v2\/types\/page"}],"author":[{"embeddable":true,"href":"https:\/\/akademia-zdrowia.pl\/warszawa\/wp-json\/wp\/v2\/users\/1"}],"replies":[{"embeddable":true,"href":"https:\/\/akademia-zdrowia.pl\/warszawa\/wp-json\/wp\/v2\/comments?post=1161"}],"version-history":[{"count":6,"href":"https:\/\/akademia-zdrowia.pl\/warszawa\/wp-json\/wp\/v2\/pages\/1161\/revisions"}],"predecessor-version":[{"id":2657,"href":"https:\/\/akademia-zdrowia.pl\/warszawa\/wp-json\/wp\/v2\/pages\/1161\/revisions\/2657"}],"up":[{"embeddable":true,"href":"https:\/\/akademia-zdrowia.pl\/warszawa\/wp-json\/wp\/v2\/pages\/33"}],"wp:attachment":[{"href":"https:\/\/akademia-zdrowia.pl\/warszawa\/wp-json\/wp\/v2\/media?parent=1161"}],"curies":[{"name":"wp","href":"https:\/\/api.w.org\/{rel}","templated":true}]}}