{"id":1487,"date":"2019-01-31T15:08:42","date_gmt":"2019-01-31T14:08:42","guid":{"rendered":"https:\/\/akademia-zdrowia.pl\/warszawa\/?page_id=1487"},"modified":"2019-01-31T15:08:42","modified_gmt":"2019-01-31T14:08:42","slug":"toeic-bridge","status":"publish","type":"page","link":"https:\/\/akademia-zdrowia.pl\/warszawa\/toeic-bridge\/","title":{"rendered":"TOEIC Bridge"},"content":{"rendered":"<p>&nbsp;<\/p>\n<p>Mi\u0119dzynarodowy certyfikat z og\u00f3lnego j\u0119zyka angielskiego dla os\u00f3b na pocz\u0105tkowych poziomach zaawansowania. Jest to pisemny test z rozumienia tekstu s\u0142uchanego i czytanego przeznaczony dla os\u00f3b na poziomach od pocz\u0105tkowego A1 do \u015bredniozaawansowanego B1, wg Europejskiego Systemu Opisu Kszta\u0142cenia J\u0119zykowego (CEFR). Pozwala obiektywnie zmierzy\u0107 efekty dotychczasowej nauki i motywuje do dalszego rozwijania umiej\u0119tno\u015bci.<\/p>\n<p style=\"text-align: center;\"><strong><span style=\"color: #ff0000;\">JU\u017b TERAZ ZAPISZ SI\u0118 NA TEST ! ! !<\/span><\/strong><\/p>\n<p>Testu si\u0119 nie &#8216;oblewa&#8217;, zawsze otrzymuje si\u0119 wynik w punktach, odpowiednio do aktualnego poziomu zaawansowania.<\/p>\n<p>Jest przyjazny dla uczni\u00f3w pocz\u0105tkuj\u0105cych &#8211; nie wymaga m\u00f3wienia ani pisania, sprawdza znajomo\u015b\u0107 j\u0119zyka angielskiego skupiaj\u0105c si\u0119 na praktycznych jego zastosowaniach, na prawdziwych sytuacjach z \u017cycia.<\/p>\n<p>Nie wymaga specjalnego przygotowania, mo\u017cna go zda\u0107 w dowolnym momencie nauki na sesji egzaminacyjnej, kt\u00f3ra odbywa si\u0119 w wyznaczonych terminach.<\/p>\n<p>Certyfikat TOEIC Bridge jest cennym dodatkiem do na wymagaj\u0105cym rynku pracy.<\/p>\n<p><span style=\"color: #000080;\"><strong>KILKA S\u0141\u00d3W O EGZAMINIE <\/strong><\/span><\/p>\n<p>TOEIC Bridge to pisemny test sk\u0142adaj\u0105cy si\u0119 ze 100 pyta\u0144, kt\u00f3ry trwa ok. 60 min. Jest to test wyboru podzielony na dwie sekcje: Listening Comprehension (50 pyta\u0144, 25 min) i Reading Comprehension (50 pyta\u0144, 35 min). Stopie\u0144 trudno\u015bci pyta\u0144 jest zr\u00f3\u017cnicowany, aby precyzyjnie okre\u015bli\u0107, na jakim poziomie znajduje si\u0119 zdaj\u0105cy. Kandydat otrzymuje r\u00f3\u017cn\u0105 liczb\u0119 punkt\u00f3w, w zale\u017cno\u015bci od stopnia trudno\u015bci poszczeg\u00f3lnych pyta\u0144. Wynik testu to liczba punkt\u00f3w na skali 20-180 punkt\u00f3w. Pytania na te\u015bcie TOEIC Bridge s\u0105 znacznie \u0142atwiejsze ni\u017c na te\u015bcie TOEIC Listening &amp; Reading. Po otrzymaniu wysokiego wyniku z testu zdaj\u0105cy s\u0105 gotowi do przyst\u0105pienia do testu TOEIC.<\/p>\n<p>&nbsp;<\/p>\n<p>&nbsp;<\/p>\n<p>&nbsp;<\/p>\n<p><img fetchpriority=\"high\" decoding=\"async\" class=\"aligncenter size-full wp-image-1495\" src=\"https:\/\/akademia-zdrowia.pl\/warszawa\/wp-content\/uploads\/sites\/3\/2019\/01\/bridge.jpg\" alt=\"\" width=\"1202\" height=\"1969\" srcset=\"https:\/\/akademia-zdrowia.pl\/warszawa\/wp-content\/uploads\/2019\/01\/bridge.jpg 1202w, https:\/\/akademia-zdrowia.pl\/warszawa\/wp-content\/uploads\/2019\/01\/bridge-183x300.jpg 183w, https:\/\/akademia-zdrowia.pl\/warszawa\/wp-content\/uploads\/2019\/01\/bridge-625x1024.jpg 625w, https:\/\/akademia-zdrowia.pl\/warszawa\/wp-content\/uploads\/2019\/01\/bridge-768x1258.jpg 768w, https:\/\/akademia-zdrowia.pl\/warszawa\/wp-content\/uploads\/2019\/01\/bridge-938x1536.jpg 938w\" sizes=\"(max-width: 1202px) 100vw, 1202px\" \/><\/p>\n<p>&nbsp;<\/p>\n","protected":false},"excerpt":{"rendered":"<p>&nbsp; Mi\u0119dzynarodowy certyfikat z og\u00f3lnego j\u0119zyka angielskiego dla os\u00f3b na pocz\u0105tkowych poziomach zaawansowania. Jest to pisemny test z rozumienia tekstu s\u0142uchanego i czytanego przeznaczony dla os\u00f3b na poziomach od pocz\u0105tkowego A1 do \u015bredniozaawansowanego B1, wg Europejskiego Systemu Opisu Kszta\u0142cenia J\u0119zykowego (CEFR). Pozwala obiektywnie zmierzy\u0107 efekty dotychczasowej nauki i motywuje do dalszego rozwijania umiej\u0119tno\u015bci. JU\u017b TERAZ&#8230;<\/p>\n","protected":false},"author":1,"featured_media":0,"parent":0,"menu_order":0,"comment_status":"closed","ping_status":"closed","template":"","meta":{"footnotes":""},"class_list":["post-1487","page","type-page","status-publish","hentry"],"yoast_head":"<!-- This site is optimized with the Yoast SEO plugin v26.8 - https:\/\/yoast.com\/product\/yoast-seo-wordpress\/ -->\n<title>TOEIC Bridge - Akademia zdrowia \u2013 Warszawa \u2013 Kursy zawodowe, szko\u0142y policealne<\/title>\n<meta name=\"description\" content=\"&nbsp; Mi\u0119dzynarodowy certyfikat z og\u00f3lnego j\u0119zyka angielskiego dla os\u00f3b na pocz\u0105tkowych poziomach zaawansowania. Jest to pisemny test z rozumienia tekstu\" \/>\n<meta name=\"robots\" content=\"index, follow, max-snippet:-1, max-image-preview:large, max-video-preview:-1\" \/>\n<link rel=\"canonical\" href=\"https:\/\/akademia-zdrowia.pl\/warszawa\/toeic-bridge\/\" \/>\n<meta property=\"og:locale\" content=\"pl_PL\" \/>\n<meta property=\"og:type\" content=\"article\" \/>\n<meta property=\"og:title\" content=\"TOEIC Bridge - Akademia zdrowia \u2013 Warszawa \u2013 Kursy zawodowe, szko\u0142y policealne\" \/>\n<meta property=\"og:description\" content=\"&nbsp; Mi\u0119dzynarodowy certyfikat z og\u00f3lnego j\u0119zyka angielskiego dla os\u00f3b na pocz\u0105tkowych poziomach zaawansowania. Jest to pisemny test z rozumienia tekstu\" \/>\n<meta property=\"og:url\" content=\"https:\/\/akademia-zdrowia.pl\/warszawa\/toeic-bridge\/\" \/>\n<meta property=\"og:site_name\" content=\"Nowa kategoria kursu\" \/>\n<meta property=\"og:image\" content=\"https:\/\/akademia-zdrowia.pl\/warszawa\/wp-content\/uploads\/sites\/3\/2019\/01\/bridge.jpg\" \/>\n<meta name=\"twitter:card\" content=\"summary_large_image\" \/>\n<meta name=\"twitter:label1\" content=\"Szacowany czas czytania\" \/>\n\t<meta name=\"twitter:data1\" content=\"1 minuta\" \/>\n<script type=\"application\/ld+json\" class=\"yoast-schema-graph\">{\"@context\":\"https:\/\/schema.org\",\"@graph\":[{\"@type\":\"WebPage\",\"@id\":\"https:\/\/akademia-zdrowia.pl\/warszawa\/toeic-bridge\/\",\"url\":\"https:\/\/akademia-zdrowia.pl\/warszawa\/toeic-bridge\/\",\"name\":\"TOEIC Bridge - Akademia zdrowia \u2013 Warszawa \u2013 Kursy zawodowe, szko\u0142y policealne\",\"isPartOf\":{\"@id\":\"https:\/\/akademia-zdrowia.pl\/warszawa\/#website\"},\"primaryImageOfPage\":{\"@id\":\"https:\/\/akademia-zdrowia.pl\/warszawa\/toeic-bridge\/#primaryimage\"},\"image\":{\"@id\":\"https:\/\/akademia-zdrowia.pl\/warszawa\/toeic-bridge\/#primaryimage\"},\"thumbnailUrl\":\"https:\/\/akademia-zdrowia.pl\/warszawa\/wp-content\/uploads\/sites\/3\/2019\/01\/bridge.jpg\",\"datePublished\":\"2019-01-31T14:08:42+00:00\",\"description\":\"&nbsp; Mi\u0119dzynarodowy certyfikat z og\u00f3lnego j\u0119zyka angielskiego dla os\u00f3b na pocz\u0105tkowych poziomach zaawansowania. Jest to pisemny test z rozumienia tekstu\",\"breadcrumb\":{\"@id\":\"https:\/\/akademia-zdrowia.pl\/warszawa\/toeic-bridge\/#breadcrumb\"},\"inLanguage\":\"pl-PL\",\"potentialAction\":[{\"@type\":\"ReadAction\",\"target\":[\"https:\/\/akademia-zdrowia.pl\/warszawa\/toeic-bridge\/\"]}]},{\"@type\":\"ImageObject\",\"inLanguage\":\"pl-PL\",\"@id\":\"https:\/\/akademia-zdrowia.pl\/warszawa\/toeic-bridge\/#primaryimage\",\"url\":\"https:\/\/akademia-zdrowia.pl\/warszawa\/wp-content\/uploads\/sites\/3\/2019\/01\/bridge.jpg\",\"contentUrl\":\"https:\/\/akademia-zdrowia.pl\/warszawa\/wp-content\/uploads\/sites\/3\/2019\/01\/bridge.jpg\"},{\"@type\":\"BreadcrumbList\",\"@id\":\"https:\/\/akademia-zdrowia.pl\/warszawa\/toeic-bridge\/#breadcrumb\",\"itemListElement\":[{\"@type\":\"ListItem\",\"position\":1,\"name\":\"Strona g\u0142\u00f3wna\",\"item\":\"https:\/\/akademia-zdrowia.pl\/warszawa\/\"},{\"@type\":\"ListItem\",\"position\":2,\"name\":\"TOEIC Bridge\"}]},{\"@type\":\"WebSite\",\"@id\":\"https:\/\/akademia-zdrowia.pl\/warszawa\/#website\",\"url\":\"https:\/\/akademia-zdrowia.pl\/warszawa\/\",\"name\":\"Nowa kategoria kursu\",\"description\":\"Nowy kurs \",\"potentialAction\":[{\"@type\":\"SearchAction\",\"target\":{\"@type\":\"EntryPoint\",\"urlTemplate\":\"https:\/\/akademia-zdrowia.pl\/warszawa\/?s={search_term_string}\"},\"query-input\":{\"@type\":\"PropertyValueSpecification\",\"valueRequired\":true,\"valueName\":\"search_term_string\"}}],\"inLanguage\":\"pl-PL\"}]}<\/script>\n<!-- \/ Yoast SEO plugin. -->","yoast_head_json":{"title":"TOEIC Bridge - Akademia zdrowia \u2013 Warszawa \u2013 Kursy zawodowe, szko\u0142y policealne","description":"&nbsp; Mi\u0119dzynarodowy certyfikat z og\u00f3lnego j\u0119zyka angielskiego dla os\u00f3b na pocz\u0105tkowych poziomach zaawansowania. Jest to pisemny test z rozumienia tekstu","robots":{"index":"index","follow":"follow","max-snippet":"max-snippet:-1","max-image-preview":"max-image-preview:large","max-video-preview":"max-video-preview:-1"},"canonical":"https:\/\/akademia-zdrowia.pl\/warszawa\/toeic-bridge\/","og_locale":"pl_PL","og_type":"article","og_title":"TOEIC Bridge - Akademia zdrowia \u2013 Warszawa \u2013 Kursy zawodowe, szko\u0142y policealne","og_description":"&nbsp; Mi\u0119dzynarodowy certyfikat z og\u00f3lnego j\u0119zyka angielskiego dla os\u00f3b na pocz\u0105tkowych poziomach zaawansowania. Jest to pisemny test z rozumienia tekstu","og_url":"https:\/\/akademia-zdrowia.pl\/warszawa\/toeic-bridge\/","og_site_name":"Nowa kategoria kursu","og_image":[{"url":"https:\/\/akademia-zdrowia.pl\/warszawa\/wp-content\/uploads\/sites\/3\/2019\/01\/bridge.jpg","type":"","width":"","height":""}],"twitter_card":"summary_large_image","twitter_misc":{"Szacowany czas czytania":"1 minuta"},"schema":{"@context":"https:\/\/schema.org","@graph":[{"@type":"WebPage","@id":"https:\/\/akademia-zdrowia.pl\/warszawa\/toeic-bridge\/","url":"https:\/\/akademia-zdrowia.pl\/warszawa\/toeic-bridge\/","name":"TOEIC Bridge - Akademia zdrowia \u2013 Warszawa \u2013 Kursy zawodowe, szko\u0142y policealne","isPartOf":{"@id":"https:\/\/akademia-zdrowia.pl\/warszawa\/#website"},"primaryImageOfPage":{"@id":"https:\/\/akademia-zdrowia.pl\/warszawa\/toeic-bridge\/#primaryimage"},"image":{"@id":"https:\/\/akademia-zdrowia.pl\/warszawa\/toeic-bridge\/#primaryimage"},"thumbnailUrl":"https:\/\/akademia-zdrowia.pl\/warszawa\/wp-content\/uploads\/sites\/3\/2019\/01\/bridge.jpg","datePublished":"2019-01-31T14:08:42+00:00","description":"&nbsp; Mi\u0119dzynarodowy certyfikat z og\u00f3lnego j\u0119zyka angielskiego dla os\u00f3b na pocz\u0105tkowych poziomach zaawansowania. Jest to pisemny test z rozumienia tekstu","breadcrumb":{"@id":"https:\/\/akademia-zdrowia.pl\/warszawa\/toeic-bridge\/#breadcrumb"},"inLanguage":"pl-PL","potentialAction":[{"@type":"ReadAction","target":["https:\/\/akademia-zdrowia.pl\/warszawa\/toeic-bridge\/"]}]},{"@type":"ImageObject","inLanguage":"pl-PL","@id":"https:\/\/akademia-zdrowia.pl\/warszawa\/toeic-bridge\/#primaryimage","url":"https:\/\/akademia-zdrowia.pl\/warszawa\/wp-content\/uploads\/sites\/3\/2019\/01\/bridge.jpg","contentUrl":"https:\/\/akademia-zdrowia.pl\/warszawa\/wp-content\/uploads\/sites\/3\/2019\/01\/bridge.jpg"},{"@type":"BreadcrumbList","@id":"https:\/\/akademia-zdrowia.pl\/warszawa\/toeic-bridge\/#breadcrumb","itemListElement":[{"@type":"ListItem","position":1,"name":"Strona g\u0142\u00f3wna","item":"https:\/\/akademia-zdrowia.pl\/warszawa\/"},{"@type":"ListItem","position":2,"name":"TOEIC Bridge"}]},{"@type":"WebSite","@id":"https:\/\/akademia-zdrowia.pl\/warszawa\/#website","url":"https:\/\/akademia-zdrowia.pl\/warszawa\/","name":"Nowa kategoria kursu","description":"Nowy kurs ","potentialAction":[{"@type":"SearchAction","target":{"@type":"EntryPoint","urlTemplate":"https:\/\/akademia-zdrowia.pl\/warszawa\/?s={search_term_string}"},"query-input":{"@type":"PropertyValueSpecification","valueRequired":true,"valueName":"search_term_string"}}],"inLanguage":"pl-PL"}]}},"_links":{"self":[{"href":"https:\/\/akademia-zdrowia.pl\/warszawa\/wp-json\/wp\/v2\/pages\/1487","targetHints":{"allow":["GET"]}}],"collection":[{"href":"https:\/\/akademia-zdrowia.pl\/warszawa\/wp-json\/wp\/v2\/pages"}],"about":[{"href":"https:\/\/akademia-zdrowia.pl\/warszawa\/wp-json\/wp\/v2\/types\/page"}],"author":[{"embeddable":true,"href":"https:\/\/akademia-zdrowia.pl\/warszawa\/wp-json\/wp\/v2\/users\/1"}],"replies":[{"embeddable":true,"href":"https:\/\/akademia-zdrowia.pl\/warszawa\/wp-json\/wp\/v2\/comments?post=1487"}],"version-history":[{"count":0,"href":"https:\/\/akademia-zdrowia.pl\/warszawa\/wp-json\/wp\/v2\/pages\/1487\/revisions"}],"wp:attachment":[{"href":"https:\/\/akademia-zdrowia.pl\/warszawa\/wp-json\/wp\/v2\/media?parent=1487"}],"curies":[{"name":"wp","href":"https:\/\/api.w.org\/{rel}","templated":true}]}}