{"id":1491,"date":"2019-01-31T15:12:16","date_gmt":"2019-01-31T14:12:16","guid":{"rendered":"https:\/\/akademia-zdrowia.pl\/warszawa\/?page_id=1491"},"modified":"2019-01-31T15:12:16","modified_gmt":"2019-01-31T14:12:16","slug":"toefl-junior","status":"publish","type":"page","link":"https:\/\/akademia-zdrowia.pl\/warszawa\/toefl-junior\/","title":{"rendered":"TOEFL JUNIOR"},"content":{"rendered":"<p>&nbsp;<\/p>\n<p>Mi\u0119dzynarodowy certyfikat z j\u0119zyka angielskiego przeznaczony dla gimnazjalist\u00f3w i licealist\u00f3w. Jest skierowany do os\u00f3b na poziomach od podstawowego (A2) do \u015bredniego wy\u017cszego (B2). Nale\u017cy pami\u0119ta\u0107, \u017ce poziomy Rady Europy i zakres kompetencji j\u0119zykowych jest zale\u017cny od grupy wiekowej, dlatego np. poziom kompetencji okre\u015blony jako B2 dla ucznia gimnazjum, nie b\u0119dzie pokrywa\u0107 si\u0119 z poziomem kompetencji okre\u015blonym jako B2 u osoby doros\u0142ej.<\/p>\n<p style=\"text-align: center;\"><strong><span style=\"color: #ff0000;\">JU\u017b TERAZ ZAPISZ SI\u0118 NA TEST !<\/span><\/strong><\/p>\n<p>TOEFL Junior sprawdza znajomo\u015b\u0107 j\u0119zyka angielskiego w kontek\u015bcie szko\u0142y i kontakt\u00f3w mi\u0119dzyludzkich, ocenia umiej\u0119tno\u015b\u0107 pos\u0142ugiwania si\u0119 j\u0119zykiem praktycznym w \u015brodowisku szkolnym i codziennym \u017cyciu uczni\u00f3w. Test ten jest odpowiedni dla os\u00f3b, kt\u00f3re planuj\u0105 wykorzysta\u0107 j\u0119zyk angielski, kontynuuj\u0105c nauk\u0119 w zagranicznych gimnazjach i liceach, a tak\u017ce dla uczni\u00f3w, kt\u00f3rzy w przysz\u0142o\u015bci planuj\u0105 podej\u015b\u0107 do testu TOEFL, umo\u017cliwiaj\u0105cego podj\u0119cie studi\u00f3w na zagranicznych uczelniach.<\/p>\n<p>Mi\u0119dzynarodowy test nastawiony na praktyczn\u0105 umiej\u0119tno\u015b\u0107 pos\u0142ugiwania si\u0119 j\u0119zykiem angielskim w szko\u0142ach i w angloj\u0119zycznym \u015brodowisku.<\/p>\n<p>Test, kt\u00f3ry ocenia na skali punktowej, dlatego te\u017c nie mo\u017cna go &#8220;obla\u0107&#8221;. Wynik to pomiar umiej\u0119tno\u015bci kandydata na precyzyjnej i obiektywnej skali<\/p>\n<p>Pozwala na otrzymanie wynik\u00f3w, maksymalnie w 10 dni roboczych.<\/p>\n<p>Zdaj\u0105cy otrzymuje Raport Wynik\u00f3w z opisem wykazanych podczas testu umiej\u0119tno\u015bci j\u0119zykowych oraz interpretacj\u0105 wyniku punktowego.<\/p>\n<p><span style=\"color: #000080;\"><strong>PAR\u0118 S\u0141\u00d3W O TE\u015aCIE<\/strong> <\/span><\/p>\n<p>Test TOEFL Junior jest pisemnym testem i sk\u0142ada si\u0119 z 3 sekcji:<\/p>\n<p>1. Listening Comprehension (42 zadania, 35-40 min): nagrania w kontek\u015bcie szkolnym, typowym dla m\u0142odzie\u017cy jak i w kontek\u015bcie codziennego \u017cycia uczni\u00f3w, rozumienie przekazu, g\u0142\u00f3wnych informacji i wyci\u0105ganie wniosk\u00f3w. Pytania odnosz\u0105 si\u0119 do zr\u00f3\u017cnicowanych wypowiedzi, dialog\u00f3w i monolog\u00f3w w j\u0119zyku angielskim<\/p>\n<p>2.Language Form and Meaning (42 zadania, 25 min): sprawdza rozumienie gramatyki i s\u0142\u00f3w w kontek\u015bcie, a tak\u017ce rozpoznawanie i w\u0142a\u015bciwe u\u017cywanie struktur gramatycznych oraz s\u0142ownictwa w kontek\u015bcie<\/p>\n<p>3.Reading Comprehension (42 zadania, 50 min): sprawdza umiej\u0119tno\u015b\u0107 czytania i rozumienia tekst\u00f3w w kontek\u015bcie nauki szkolnej (sztuka, nauka, spo\u0142ecze\u0144stwo) oraz w kontek\u015bcie pozaszkolnym (wiadomo\u015bci email, listy, broszury, reklamy, harmonogramy)<\/p>\n<p>Skala ocen opiera si\u0119 na liczbie punkt\u00f3w w przedziale od 600 do 900.<\/p>\n<p>Warto przeczyta\u0107 :<\/p>\n<p><a href=\"http:\/\/www.akademia-zdrowia.pl\/lodz\/wp-content\/uploads\/sites\/2\/2018\/12\/TOEFL-Junior-list-do-rodzic\u00f3w.pdf\">TOEFL Junior list do rodzic\u00f3w<\/a><\/p>\n<p><img fetchpriority=\"high\" decoding=\"async\" class=\"wp-image-1492 alignleft\" src=\"https:\/\/akademia-zdrowia.pl\/warszawa\/wp-content\/uploads\/sites\/3\/2019\/01\/2-300x124.jpg\" alt=\"\" width=\"800\" height=\"330\" srcset=\"https:\/\/akademia-zdrowia.pl\/warszawa\/wp-content\/uploads\/2019\/01\/2-300x124.jpg 300w, https:\/\/akademia-zdrowia.pl\/warszawa\/wp-content\/uploads\/2019\/01\/2-1024x422.jpg 1024w, https:\/\/akademia-zdrowia.pl\/warszawa\/wp-content\/uploads\/2019\/01\/2-768x316.jpg 768w, https:\/\/akademia-zdrowia.pl\/warszawa\/wp-content\/uploads\/2019\/01\/2-1536x633.jpg 1536w, https:\/\/akademia-zdrowia.pl\/warszawa\/wp-content\/uploads\/2019\/01\/2-2048x844.jpg 2048w, https:\/\/akademia-zdrowia.pl\/warszawa\/wp-content\/uploads\/2019\/01\/2-1320x544.jpg 1320w\" sizes=\"(max-width: 800px) 100vw, 800px\" \/><\/p>\n","protected":false},"excerpt":{"rendered":"<p>&nbsp; Mi\u0119dzynarodowy certyfikat z j\u0119zyka angielskiego przeznaczony dla gimnazjalist\u00f3w i licealist\u00f3w. Jest skierowany do os\u00f3b na poziomach od podstawowego (A2) do \u015bredniego wy\u017cszego (B2). Nale\u017cy pami\u0119ta\u0107, \u017ce poziomy Rady Europy i zakres kompetencji j\u0119zykowych jest zale\u017cny od grupy wiekowej, dlatego np. poziom kompetencji okre\u015blony jako B2 dla ucznia gimnazjum, nie b\u0119dzie pokrywa\u0107 si\u0119 z poziomem&#8230;<\/p>\n","protected":false},"author":1,"featured_media":0,"parent":0,"menu_order":0,"comment_status":"closed","ping_status":"closed","template":"","meta":{"footnotes":""},"class_list":["post-1491","page","type-page","status-publish","hentry"],"yoast_head":"<!-- This site is optimized with the Yoast SEO plugin v26.8 - https:\/\/yoast.com\/product\/yoast-seo-wordpress\/ -->\n<title>TOEFL JUNIOR - Akademia zdrowia \u2013 Warszawa \u2013 Kursy zawodowe, szko\u0142y policealne<\/title>\n<meta name=\"description\" content=\"&nbsp; Mi\u0119dzynarodowy certyfikat z j\u0119zyka angielskiego przeznaczony dla gimnazjalist\u00f3w i licealist\u00f3w. Jest skierowany do os\u00f3b na poziomach od podstawowego\" \/>\n<meta name=\"robots\" content=\"index, follow, max-snippet:-1, max-image-preview:large, max-video-preview:-1\" \/>\n<link rel=\"canonical\" href=\"https:\/\/akademia-zdrowia.pl\/warszawa\/toefl-junior\/\" \/>\n<meta property=\"og:locale\" content=\"pl_PL\" \/>\n<meta property=\"og:type\" content=\"article\" \/>\n<meta property=\"og:title\" content=\"TOEFL JUNIOR - Akademia zdrowia \u2013 Warszawa \u2013 Kursy zawodowe, szko\u0142y policealne\" \/>\n<meta property=\"og:description\" content=\"&nbsp; Mi\u0119dzynarodowy certyfikat z j\u0119zyka angielskiego przeznaczony dla gimnazjalist\u00f3w i licealist\u00f3w. Jest skierowany do os\u00f3b na poziomach od podstawowego\" \/>\n<meta property=\"og:url\" content=\"https:\/\/akademia-zdrowia.pl\/warszawa\/toefl-junior\/\" \/>\n<meta property=\"og:site_name\" content=\"Nowa kategoria kursu\" \/>\n<meta property=\"og:image\" content=\"https:\/\/akademia-zdrowia.pl\/warszawa\/wp-content\/uploads\/sites\/3\/2019\/01\/2-300x124.jpg\" \/>\n<meta name=\"twitter:card\" content=\"summary_large_image\" \/>\n<meta name=\"twitter:label1\" content=\"Szacowany czas czytania\" \/>\n\t<meta name=\"twitter:data1\" content=\"2 minuty\" \/>\n<script type=\"application\/ld+json\" class=\"yoast-schema-graph\">{\"@context\":\"https:\/\/schema.org\",\"@graph\":[{\"@type\":\"WebPage\",\"@id\":\"https:\/\/akademia-zdrowia.pl\/warszawa\/toefl-junior\/\",\"url\":\"https:\/\/akademia-zdrowia.pl\/warszawa\/toefl-junior\/\",\"name\":\"TOEFL JUNIOR - Akademia zdrowia \u2013 Warszawa \u2013 Kursy zawodowe, szko\u0142y policealne\",\"isPartOf\":{\"@id\":\"https:\/\/akademia-zdrowia.pl\/warszawa\/#website\"},\"primaryImageOfPage\":{\"@id\":\"https:\/\/akademia-zdrowia.pl\/warszawa\/toefl-junior\/#primaryimage\"},\"image\":{\"@id\":\"https:\/\/akademia-zdrowia.pl\/warszawa\/toefl-junior\/#primaryimage\"},\"thumbnailUrl\":\"https:\/\/akademia-zdrowia.pl\/warszawa\/wp-content\/uploads\/sites\/3\/2019\/01\/2-300x124.jpg\",\"datePublished\":\"2019-01-31T14:12:16+00:00\",\"description\":\"&nbsp; Mi\u0119dzynarodowy certyfikat z j\u0119zyka angielskiego przeznaczony dla gimnazjalist\u00f3w i licealist\u00f3w. Jest skierowany do os\u00f3b na poziomach od podstawowego\",\"breadcrumb\":{\"@id\":\"https:\/\/akademia-zdrowia.pl\/warszawa\/toefl-junior\/#breadcrumb\"},\"inLanguage\":\"pl-PL\",\"potentialAction\":[{\"@type\":\"ReadAction\",\"target\":[\"https:\/\/akademia-zdrowia.pl\/warszawa\/toefl-junior\/\"]}]},{\"@type\":\"ImageObject\",\"inLanguage\":\"pl-PL\",\"@id\":\"https:\/\/akademia-zdrowia.pl\/warszawa\/toefl-junior\/#primaryimage\",\"url\":\"https:\/\/akademia-zdrowia.pl\/warszawa\/wp-content\/uploads\/sites\/3\/2019\/01\/2-300x124.jpg\",\"contentUrl\":\"https:\/\/akademia-zdrowia.pl\/warszawa\/wp-content\/uploads\/sites\/3\/2019\/01\/2-300x124.jpg\"},{\"@type\":\"BreadcrumbList\",\"@id\":\"https:\/\/akademia-zdrowia.pl\/warszawa\/toefl-junior\/#breadcrumb\",\"itemListElement\":[{\"@type\":\"ListItem\",\"position\":1,\"name\":\"Strona g\u0142\u00f3wna\",\"item\":\"https:\/\/akademia-zdrowia.pl\/warszawa\/\"},{\"@type\":\"ListItem\",\"position\":2,\"name\":\"TOEFL JUNIOR\"}]},{\"@type\":\"WebSite\",\"@id\":\"https:\/\/akademia-zdrowia.pl\/warszawa\/#website\",\"url\":\"https:\/\/akademia-zdrowia.pl\/warszawa\/\",\"name\":\"Nowa kategoria kursu\",\"description\":\"Nowy kurs \",\"potentialAction\":[{\"@type\":\"SearchAction\",\"target\":{\"@type\":\"EntryPoint\",\"urlTemplate\":\"https:\/\/akademia-zdrowia.pl\/warszawa\/?s={search_term_string}\"},\"query-input\":{\"@type\":\"PropertyValueSpecification\",\"valueRequired\":true,\"valueName\":\"search_term_string\"}}],\"inLanguage\":\"pl-PL\"}]}<\/script>\n<!-- \/ Yoast SEO plugin. -->","yoast_head_json":{"title":"TOEFL JUNIOR - Akademia zdrowia \u2013 Warszawa \u2013 Kursy zawodowe, szko\u0142y policealne","description":"&nbsp; Mi\u0119dzynarodowy certyfikat z j\u0119zyka angielskiego przeznaczony dla gimnazjalist\u00f3w i licealist\u00f3w. Jest skierowany do os\u00f3b na poziomach od podstawowego","robots":{"index":"index","follow":"follow","max-snippet":"max-snippet:-1","max-image-preview":"max-image-preview:large","max-video-preview":"max-video-preview:-1"},"canonical":"https:\/\/akademia-zdrowia.pl\/warszawa\/toefl-junior\/","og_locale":"pl_PL","og_type":"article","og_title":"TOEFL JUNIOR - Akademia zdrowia \u2013 Warszawa \u2013 Kursy zawodowe, szko\u0142y policealne","og_description":"&nbsp; Mi\u0119dzynarodowy certyfikat z j\u0119zyka angielskiego przeznaczony dla gimnazjalist\u00f3w i licealist\u00f3w. Jest skierowany do os\u00f3b na poziomach od podstawowego","og_url":"https:\/\/akademia-zdrowia.pl\/warszawa\/toefl-junior\/","og_site_name":"Nowa kategoria kursu","og_image":[{"url":"https:\/\/akademia-zdrowia.pl\/warszawa\/wp-content\/uploads\/sites\/3\/2019\/01\/2-300x124.jpg","type":"","width":"","height":""}],"twitter_card":"summary_large_image","twitter_misc":{"Szacowany czas czytania":"2 minuty"},"schema":{"@context":"https:\/\/schema.org","@graph":[{"@type":"WebPage","@id":"https:\/\/akademia-zdrowia.pl\/warszawa\/toefl-junior\/","url":"https:\/\/akademia-zdrowia.pl\/warszawa\/toefl-junior\/","name":"TOEFL JUNIOR - Akademia zdrowia \u2013 Warszawa \u2013 Kursy zawodowe, szko\u0142y policealne","isPartOf":{"@id":"https:\/\/akademia-zdrowia.pl\/warszawa\/#website"},"primaryImageOfPage":{"@id":"https:\/\/akademia-zdrowia.pl\/warszawa\/toefl-junior\/#primaryimage"},"image":{"@id":"https:\/\/akademia-zdrowia.pl\/warszawa\/toefl-junior\/#primaryimage"},"thumbnailUrl":"https:\/\/akademia-zdrowia.pl\/warszawa\/wp-content\/uploads\/sites\/3\/2019\/01\/2-300x124.jpg","datePublished":"2019-01-31T14:12:16+00:00","description":"&nbsp; Mi\u0119dzynarodowy certyfikat z j\u0119zyka angielskiego przeznaczony dla gimnazjalist\u00f3w i licealist\u00f3w. Jest skierowany do os\u00f3b na poziomach od podstawowego","breadcrumb":{"@id":"https:\/\/akademia-zdrowia.pl\/warszawa\/toefl-junior\/#breadcrumb"},"inLanguage":"pl-PL","potentialAction":[{"@type":"ReadAction","target":["https:\/\/akademia-zdrowia.pl\/warszawa\/toefl-junior\/"]}]},{"@type":"ImageObject","inLanguage":"pl-PL","@id":"https:\/\/akademia-zdrowia.pl\/warszawa\/toefl-junior\/#primaryimage","url":"https:\/\/akademia-zdrowia.pl\/warszawa\/wp-content\/uploads\/sites\/3\/2019\/01\/2-300x124.jpg","contentUrl":"https:\/\/akademia-zdrowia.pl\/warszawa\/wp-content\/uploads\/sites\/3\/2019\/01\/2-300x124.jpg"},{"@type":"BreadcrumbList","@id":"https:\/\/akademia-zdrowia.pl\/warszawa\/toefl-junior\/#breadcrumb","itemListElement":[{"@type":"ListItem","position":1,"name":"Strona g\u0142\u00f3wna","item":"https:\/\/akademia-zdrowia.pl\/warszawa\/"},{"@type":"ListItem","position":2,"name":"TOEFL JUNIOR"}]},{"@type":"WebSite","@id":"https:\/\/akademia-zdrowia.pl\/warszawa\/#website","url":"https:\/\/akademia-zdrowia.pl\/warszawa\/","name":"Nowa kategoria kursu","description":"Nowy kurs ","potentialAction":[{"@type":"SearchAction","target":{"@type":"EntryPoint","urlTemplate":"https:\/\/akademia-zdrowia.pl\/warszawa\/?s={search_term_string}"},"query-input":{"@type":"PropertyValueSpecification","valueRequired":true,"valueName":"search_term_string"}}],"inLanguage":"pl-PL"}]}},"_links":{"self":[{"href":"https:\/\/akademia-zdrowia.pl\/warszawa\/wp-json\/wp\/v2\/pages\/1491","targetHints":{"allow":["GET"]}}],"collection":[{"href":"https:\/\/akademia-zdrowia.pl\/warszawa\/wp-json\/wp\/v2\/pages"}],"about":[{"href":"https:\/\/akademia-zdrowia.pl\/warszawa\/wp-json\/wp\/v2\/types\/page"}],"author":[{"embeddable":true,"href":"https:\/\/akademia-zdrowia.pl\/warszawa\/wp-json\/wp\/v2\/users\/1"}],"replies":[{"embeddable":true,"href":"https:\/\/akademia-zdrowia.pl\/warszawa\/wp-json\/wp\/v2\/comments?post=1491"}],"version-history":[{"count":0,"href":"https:\/\/akademia-zdrowia.pl\/warszawa\/wp-json\/wp\/v2\/pages\/1491\/revisions"}],"wp:attachment":[{"href":"https:\/\/akademia-zdrowia.pl\/warszawa\/wp-json\/wp\/v2\/media?parent=1491"}],"curies":[{"name":"wp","href":"https:\/\/api.w.org\/{rel}","templated":true}]}}