{"id":1513,"date":"2019-02-01T09:31:05","date_gmt":"2019-02-01T08:31:05","guid":{"rendered":"https:\/\/akademia-zdrowia.pl\/warszawa\/?page_id=1513"},"modified":"2021-11-10T23:39:55","modified_gmt":"2021-11-10T22:39:55","slug":"kursy-dla-najmlodszych","status":"publish","type":"page","link":"https:\/\/akademia-zdrowia.pl\/warszawa\/kursy-dla-najmlodszych\/","title":{"rendered":"Kursy dla najm\u0142odszych"},"content":{"rendered":"\t\t<div data-elementor-type=\"wp-page\" data-elementor-id=\"1513\" class=\"elementor elementor-1513\" data-elementor-post-type=\"page\">\n\t\t\t\t\t\t<section class=\"elementor-section elementor-top-section elementor-element elementor-element-7ac94ae9 elementor-section-boxed elementor-section-height-default elementor-section-height-default\" data-id=\"7ac94ae9\" data-element_type=\"section\">\n\t\t\t\t\t\t<div class=\"elementor-container elementor-column-gap-default\">\n\t\t\t\t\t<div class=\"elementor-column elementor-col-100 elementor-top-column elementor-element elementor-element-12d06f56\" data-id=\"12d06f56\" data-element_type=\"column\">\n\t\t\t<div class=\"elementor-widget-wrap elementor-element-populated\">\n\t\t\t\t\t\t<div class=\"elementor-element elementor-element-5435d371 elementor-widget elementor-widget-text-editor\" data-id=\"5435d371\" data-element_type=\"widget\" data-widget_type=\"text-editor.default\">\n\t\t\t\t<div class=\"elementor-widget-container\">\n\t\t\t\t\t\t\t\t\t<p style=\"text-align: center;\"><span style=\"color: #ff0000;\"><strong>Dzieci ucz\u0105 si\u0119 najszybciej-przyprowad\u017a swoje dziecko do nas !<\/strong><\/span><\/p><p>Kursy dla dzieci, to praktyczna nauka j\u0119zyka, kt\u00f3ra przebiega w spos\u00f3b naturalny, dostosowany do mo\u017cliwo\u015bci poznawczych dziecka. Poprzez szereg prostych pyta\u0144 i\u00a0odpowiedzi dzieci ucz\u0105 si\u0119 ca\u0142o\u015bciowego u\u017cywania struktur j\u0119zykowych, a\u00a0du\u017ca dynamika zaj\u0119\u0107 sprawia, ze mali uczniowie szybko nabywaj\u0105 umiej\u0119tno\u015bci rozumienia z\u00a0kontekstu. Usystematyzowane powt\u00f3rki i\u00a0pomoce wizualne u\u0142atwiaj\u0105 utrwalenie zdobytej wiedzy. A wszystko to przeplatane jest odpowiednio dobranymi grami aktywizuj\u0105cymi i\u00a0motywuj\u0105cymi. Pozwalaj\u0105 one zapobiega\u0107 znu\u017ceniu oraz wspomagaj\u0105 zapami\u0119tywanie nowych partii materia\u0142u. Dzieci uwielbiaj\u0105 zaj\u0119cia tak\u0105 metod\u0105.<\/p><p>Nowy materia\u0142, s\u0142\u00f3wka i struktury gramatyczne, s\u0105 wprowadzane w ma\u0142ych partiach, przy wykorzystaniu zabaw, obrazk\u00f3w b\u0105d\u017a ruch\u00f3w lektora.<\/p><p>My rozumiemy, \u017ce dzieci rozwijaj\u0105 si\u0119 i odnosz\u0105 sukcesy w szkole, kiedy nauka przebiega w spos\u00f3b interaktywny, anga\u017cuj\u0105cy i zawiera elementy zabawy.<\/p><p>Nasi nauczyciele, sale lekcyjne i metody nauczania zach\u0119caj\u0105 dzieci do eksperyment\u00f3w j\u0119zykowych, budowania pewno\u015bci siebie i rozwijania umiej\u0119tno\u015bci komunikowania si\u0119 w j\u0119zyku obcym. Zapewniamy bezpieczne, wspieraj\u0105ce i stymuluj\u0105ce \u015brodowisko do nauki.<\/p><p>Dzieci posiadaj\u0105 naturaln\u0105 zdolno\u015b\u0107 uczenia si\u0119 j\u0119zyk\u00f3w obcych, co skutecznie wykorzystujemy i rozwijamy podczas naszych zaj\u0119\u0107. W atmosferze zabawy dziecko os\u0142uchuje si\u0119 z d\u017awi\u0119kami j\u0119zyka obcego i pr\u00f3buje je na\u015bladowa\u0107, deklamuj\u0105c rymowanki, \u015bpiewaj\u0105c piosenki, ale przede wszystkim wykonuj\u0105c i wydaj\u0105c r\u00f3\u017cne polecenia. Dziecko czerpie\u00a0du\u017co rado\u015bci z nauki m\u00f3wienia\u00a0oraz\u00a0rozumienia s\u0142\u00f3w i zwrot\u00f3w w j\u0119zyku obcym. Te nowe umiej\u0119tno\u015bci\u00a0pobudzaj\u0105 tak\u017ce rozw\u00f3j po\u0142\u0105cze\u0144 nerwowych w rozwijaj\u0105cym si\u0119 m\u00f3zgu dziecka. W rezultacie u\u0142atwi mu to przyswajanie wiadomo\u015bci z innych dziedzin wiedzy w przysz\u0142o\u015bci. W trakcie roku szkolnego, organizujemy\u00a0lekcje pokazowe dla rodzic\u00f3w, by mieli okazj\u0119 zobaczy\u0107 to, czego ju\u017c nauczy\u0142y si\u0119 ich pociechy.<\/p><p><span style=\"color: #ff0000;\"><strong>Angielski dla dzieci to zaj\u0119cia dla m\u0142odych odkrywc\u00f3w j\u0119zykowych.<\/strong><\/span><\/p><p><strong>Cel:\u00a0<\/strong>Zbudowanie i wzmacnianie kompetencji j\u0119zykowych dzieci i m\u0142odzie\u017cy oraz przygotowanie do pierwszego w \u017cyciu certyfikatu j\u0119zykowego.<\/p><p><strong>Zaj\u0119cia<\/strong><strong>\u00a0w grupach:\u00a0<\/strong>5 \u2013 10 os\u00f3b.<\/p><p><strong>Czas trwania:\u00a0\u00a0<\/strong>2 x w tygodniu po 90 min. Koszt miesi\u0119czny 150 z\u0142.<\/p>\t\t\t\t\t\t\t\t<\/div>\n\t\t\t\t<\/div>\n\t\t\t\t\t<\/div>\n\t\t<\/div>\n\t\t\t\t\t<\/div>\n\t\t<\/section>\n\t\t\t\t<section class=\"elementor-section elementor-top-section elementor-element elementor-element-f941c03 elementor-section-boxed elementor-section-height-default elementor-section-height-default\" data-id=\"f941c03\" data-element_type=\"section\">\n\t\t\t\t\t\t<div class=\"elementor-container elementor-column-gap-default\">\n\t\t\t\t\t<div class=\"elementor-column elementor-col-33 elementor-top-column elementor-element elementor-element-5f8c0d6\" data-id=\"5f8c0d6\" data-element_type=\"column\">\n\t\t\t<div class=\"elementor-widget-wrap elementor-element-populated\">\n\t\t\t\t\t\t<div class=\"elementor-element elementor-element-8cc9b84 elementor-position-top elementor-widget elementor-widget-image-box\" data-id=\"8cc9b84\" data-element_type=\"widget\" data-widget_type=\"image-box.default\">\n\t\t\t\t<div class=\"elementor-widget-container\">\n\t\t\t\t\t<div class=\"elementor-image-box-wrapper\"><figure class=\"elementor-image-box-img\"><a href=\"\/warszawa\/toefl-junior\/\" tabindex=\"-1\"><img decoding=\"async\" src=\"https:\/\/akademia2.grafpro.us\/lodz\/wp-content\/uploads\/2018\/12\/TOEFL-Junior-Standard-Flyer-kopia.jpg\" title=\"\" alt=\"\" class=\"elementor-animation-grow\" loading=\"lazy\" \/><\/a><\/figure><div class=\"elementor-image-box-content\"><h3 class=\"elementor-image-box-title\"><a href=\"\/warszawa\/toefl-junior\/\">TOEFL JUNIOR<\/a><\/h3><\/div><\/div>\t\t\t\t<\/div>\n\t\t\t\t<\/div>\n\t\t\t\t\t<\/div>\n\t\t<\/div>\n\t\t\t\t<div class=\"elementor-column elementor-col-33 elementor-top-column elementor-element elementor-element-d10424e\" data-id=\"d10424e\" data-element_type=\"column\">\n\t\t\t<div class=\"elementor-widget-wrap\">\n\t\t\t\t\t\t\t<\/div>\n\t\t<\/div>\n\t\t\t\t<div class=\"elementor-column elementor-col-33 elementor-top-column elementor-element elementor-element-2e03f2f\" data-id=\"2e03f2f\" data-element_type=\"column\">\n\t\t\t<div class=\"elementor-widget-wrap\">\n\t\t\t\t\t\t\t<\/div>\n\t\t<\/div>\n\t\t\t\t\t<\/div>\n\t\t<\/section>\n\t\t\t\t<\/div>\n\t\t","protected":false},"excerpt":{"rendered":"<p>Dzieci ucz\u0105 si\u0119 najszybciej-przyprowad\u017a swoje dziecko do nas ! Kursy dla dzieci, to praktyczna nauka j\u0119zyka, kt\u00f3ra przebiega w spos\u00f3b naturalny, dostosowany do mo\u017cliwo\u015bci poznawczych dziecka. Poprzez szereg prostych pyta\u0144 i\u00a0odpowiedzi dzieci ucz\u0105 si\u0119 ca\u0142o\u015bciowego u\u017cywania struktur j\u0119zykowych, a\u00a0du\u017ca dynamika zaj\u0119\u0107 sprawia, ze mali uczniowie szybko nabywaj\u0105 umiej\u0119tno\u015bci rozumienia z\u00a0kontekstu. Usystematyzowane powt\u00f3rki i\u00a0pomoce wizualne u\u0142atwiaj\u0105&#8230;<\/p>\n","protected":false},"author":1,"featured_media":0,"parent":0,"menu_order":0,"comment_status":"closed","ping_status":"closed","template":"","meta":{"footnotes":""},"class_list":["post-1513","page","type-page","status-publish","hentry"],"yoast_head":"<!-- This site is optimized with the Yoast SEO plugin v26.8 - https:\/\/yoast.com\/product\/yoast-seo-wordpress\/ -->\n<title>Kursy dla najm\u0142odszych - Akademia zdrowia \u2013 Warszawa \u2013 Kursy zawodowe, szko\u0142y policealne<\/title>\n<meta name=\"description\" content=\"Dzieci ucz\u0105 si\u0119 najszybciej-przyprowad\u017a swoje dziecko do nas !Kursy dla dzieci, to praktyczna nauka j\u0119zyka, kt\u00f3ra przebiega w spos\u00f3b naturalny,\" \/>\n<meta name=\"robots\" content=\"index, follow, max-snippet:-1, max-image-preview:large, max-video-preview:-1\" \/>\n<link rel=\"canonical\" href=\"https:\/\/akademia-zdrowia.pl\/warszawa\/kursy-dla-najmlodszych\/\" \/>\n<meta property=\"og:locale\" content=\"pl_PL\" \/>\n<meta property=\"og:type\" content=\"article\" \/>\n<meta property=\"og:title\" content=\"Kursy dla najm\u0142odszych - Akademia zdrowia \u2013 Warszawa \u2013 Kursy zawodowe, szko\u0142y policealne\" \/>\n<meta property=\"og:description\" content=\"Dzieci ucz\u0105 si\u0119 najszybciej-przyprowad\u017a swoje dziecko do nas !Kursy dla dzieci, to praktyczna nauka j\u0119zyka, kt\u00f3ra przebiega w spos\u00f3b naturalny,\" \/>\n<meta property=\"og:url\" content=\"https:\/\/akademia-zdrowia.pl\/warszawa\/kursy-dla-najmlodszych\/\" \/>\n<meta property=\"og:site_name\" content=\"Nowa kategoria kursu\" \/>\n<meta property=\"article:modified_time\" content=\"2021-11-10T22:39:55+00:00\" \/>\n<meta property=\"og:image\" content=\"https:\/\/akademia2.grafpro.us\/lodz\/wp-content\/uploads\/2018\/12\/TOEFL-Junior-Standard-Flyer-kopia.jpg\" \/>\n<meta name=\"twitter:card\" content=\"summary_large_image\" \/>\n<meta name=\"twitter:label1\" content=\"Szacowany czas czytania\" \/>\n\t<meta name=\"twitter:data1\" content=\"2 minuty\" \/>\n<script type=\"application\/ld+json\" class=\"yoast-schema-graph\">{\"@context\":\"https:\/\/schema.org\",\"@graph\":[{\"@type\":\"WebPage\",\"@id\":\"https:\/\/akademia-zdrowia.pl\/warszawa\/kursy-dla-najmlodszych\/\",\"url\":\"https:\/\/akademia-zdrowia.pl\/warszawa\/kursy-dla-najmlodszych\/\",\"name\":\"Kursy dla najm\u0142odszych - Akademia zdrowia \u2013 Warszawa \u2013 Kursy zawodowe, szko\u0142y policealne\",\"isPartOf\":{\"@id\":\"https:\/\/akademia-zdrowia.pl\/warszawa\/#website\"},\"primaryImageOfPage\":{\"@id\":\"https:\/\/akademia-zdrowia.pl\/warszawa\/kursy-dla-najmlodszych\/#primaryimage\"},\"image\":{\"@id\":\"https:\/\/akademia-zdrowia.pl\/warszawa\/kursy-dla-najmlodszych\/#primaryimage\"},\"thumbnailUrl\":\"https:\/\/akademia2.grafpro.us\/lodz\/wp-content\/uploads\/2018\/12\/TOEFL-Junior-Standard-Flyer-kopia.jpg\",\"datePublished\":\"2019-02-01T08:31:05+00:00\",\"dateModified\":\"2021-11-10T22:39:55+00:00\",\"description\":\"Dzieci ucz\u0105 si\u0119 najszybciej-przyprowad\u017a swoje dziecko do nas !Kursy dla dzieci, to praktyczna nauka j\u0119zyka, kt\u00f3ra przebiega w spos\u00f3b naturalny,\",\"breadcrumb\":{\"@id\":\"https:\/\/akademia-zdrowia.pl\/warszawa\/kursy-dla-najmlodszych\/#breadcrumb\"},\"inLanguage\":\"pl-PL\",\"potentialAction\":[{\"@type\":\"ReadAction\",\"target\":[\"https:\/\/akademia-zdrowia.pl\/warszawa\/kursy-dla-najmlodszych\/\"]}]},{\"@type\":\"ImageObject\",\"inLanguage\":\"pl-PL\",\"@id\":\"https:\/\/akademia-zdrowia.pl\/warszawa\/kursy-dla-najmlodszych\/#primaryimage\",\"url\":\"https:\/\/akademia2.grafpro.us\/lodz\/wp-content\/uploads\/2018\/12\/TOEFL-Junior-Standard-Flyer-kopia.jpg\",\"contentUrl\":\"https:\/\/akademia2.grafpro.us\/lodz\/wp-content\/uploads\/2018\/12\/TOEFL-Junior-Standard-Flyer-kopia.jpg\"},{\"@type\":\"BreadcrumbList\",\"@id\":\"https:\/\/akademia-zdrowia.pl\/warszawa\/kursy-dla-najmlodszych\/#breadcrumb\",\"itemListElement\":[{\"@type\":\"ListItem\",\"position\":1,\"name\":\"Strona g\u0142\u00f3wna\",\"item\":\"https:\/\/akademia-zdrowia.pl\/warszawa\/\"},{\"@type\":\"ListItem\",\"position\":2,\"name\":\"Kursy dla najm\u0142odszych\"}]},{\"@type\":\"WebSite\",\"@id\":\"https:\/\/akademia-zdrowia.pl\/warszawa\/#website\",\"url\":\"https:\/\/akademia-zdrowia.pl\/warszawa\/\",\"name\":\"Nowa kategoria kursu\",\"description\":\"Nowy kurs \",\"potentialAction\":[{\"@type\":\"SearchAction\",\"target\":{\"@type\":\"EntryPoint\",\"urlTemplate\":\"https:\/\/akademia-zdrowia.pl\/warszawa\/?s={search_term_string}\"},\"query-input\":{\"@type\":\"PropertyValueSpecification\",\"valueRequired\":true,\"valueName\":\"search_term_string\"}}],\"inLanguage\":\"pl-PL\"}]}<\/script>\n<!-- \/ Yoast SEO plugin. -->","yoast_head_json":{"title":"Kursy dla najm\u0142odszych - Akademia zdrowia \u2013 Warszawa \u2013 Kursy zawodowe, szko\u0142y policealne","description":"Dzieci ucz\u0105 si\u0119 najszybciej-przyprowad\u017a swoje dziecko do nas !Kursy dla dzieci, to praktyczna nauka j\u0119zyka, kt\u00f3ra przebiega w spos\u00f3b naturalny,","robots":{"index":"index","follow":"follow","max-snippet":"max-snippet:-1","max-image-preview":"max-image-preview:large","max-video-preview":"max-video-preview:-1"},"canonical":"https:\/\/akademia-zdrowia.pl\/warszawa\/kursy-dla-najmlodszych\/","og_locale":"pl_PL","og_type":"article","og_title":"Kursy dla najm\u0142odszych - Akademia zdrowia \u2013 Warszawa \u2013 Kursy zawodowe, szko\u0142y policealne","og_description":"Dzieci ucz\u0105 si\u0119 najszybciej-przyprowad\u017a swoje dziecko do nas !Kursy dla dzieci, to praktyczna nauka j\u0119zyka, kt\u00f3ra przebiega w spos\u00f3b naturalny,","og_url":"https:\/\/akademia-zdrowia.pl\/warszawa\/kursy-dla-najmlodszych\/","og_site_name":"Nowa kategoria kursu","article_modified_time":"2021-11-10T22:39:55+00:00","og_image":[{"url":"https:\/\/akademia2.grafpro.us\/lodz\/wp-content\/uploads\/2018\/12\/TOEFL-Junior-Standard-Flyer-kopia.jpg","type":"","width":"","height":""}],"twitter_card":"summary_large_image","twitter_misc":{"Szacowany czas czytania":"2 minuty"},"schema":{"@context":"https:\/\/schema.org","@graph":[{"@type":"WebPage","@id":"https:\/\/akademia-zdrowia.pl\/warszawa\/kursy-dla-najmlodszych\/","url":"https:\/\/akademia-zdrowia.pl\/warszawa\/kursy-dla-najmlodszych\/","name":"Kursy dla najm\u0142odszych - Akademia zdrowia \u2013 Warszawa \u2013 Kursy zawodowe, szko\u0142y policealne","isPartOf":{"@id":"https:\/\/akademia-zdrowia.pl\/warszawa\/#website"},"primaryImageOfPage":{"@id":"https:\/\/akademia-zdrowia.pl\/warszawa\/kursy-dla-najmlodszych\/#primaryimage"},"image":{"@id":"https:\/\/akademia-zdrowia.pl\/warszawa\/kursy-dla-najmlodszych\/#primaryimage"},"thumbnailUrl":"https:\/\/akademia2.grafpro.us\/lodz\/wp-content\/uploads\/2018\/12\/TOEFL-Junior-Standard-Flyer-kopia.jpg","datePublished":"2019-02-01T08:31:05+00:00","dateModified":"2021-11-10T22:39:55+00:00","description":"Dzieci ucz\u0105 si\u0119 najszybciej-przyprowad\u017a swoje dziecko do nas !Kursy dla dzieci, to praktyczna nauka j\u0119zyka, kt\u00f3ra przebiega w spos\u00f3b naturalny,","breadcrumb":{"@id":"https:\/\/akademia-zdrowia.pl\/warszawa\/kursy-dla-najmlodszych\/#breadcrumb"},"inLanguage":"pl-PL","potentialAction":[{"@type":"ReadAction","target":["https:\/\/akademia-zdrowia.pl\/warszawa\/kursy-dla-najmlodszych\/"]}]},{"@type":"ImageObject","inLanguage":"pl-PL","@id":"https:\/\/akademia-zdrowia.pl\/warszawa\/kursy-dla-najmlodszych\/#primaryimage","url":"https:\/\/akademia2.grafpro.us\/lodz\/wp-content\/uploads\/2018\/12\/TOEFL-Junior-Standard-Flyer-kopia.jpg","contentUrl":"https:\/\/akademia2.grafpro.us\/lodz\/wp-content\/uploads\/2018\/12\/TOEFL-Junior-Standard-Flyer-kopia.jpg"},{"@type":"BreadcrumbList","@id":"https:\/\/akademia-zdrowia.pl\/warszawa\/kursy-dla-najmlodszych\/#breadcrumb","itemListElement":[{"@type":"ListItem","position":1,"name":"Strona g\u0142\u00f3wna","item":"https:\/\/akademia-zdrowia.pl\/warszawa\/"},{"@type":"ListItem","position":2,"name":"Kursy dla najm\u0142odszych"}]},{"@type":"WebSite","@id":"https:\/\/akademia-zdrowia.pl\/warszawa\/#website","url":"https:\/\/akademia-zdrowia.pl\/warszawa\/","name":"Nowa kategoria kursu","description":"Nowy kurs ","potentialAction":[{"@type":"SearchAction","target":{"@type":"EntryPoint","urlTemplate":"https:\/\/akademia-zdrowia.pl\/warszawa\/?s={search_term_string}"},"query-input":{"@type":"PropertyValueSpecification","valueRequired":true,"valueName":"search_term_string"}}],"inLanguage":"pl-PL"}]}},"_links":{"self":[{"href":"https:\/\/akademia-zdrowia.pl\/warszawa\/wp-json\/wp\/v2\/pages\/1513","targetHints":{"allow":["GET"]}}],"collection":[{"href":"https:\/\/akademia-zdrowia.pl\/warszawa\/wp-json\/wp\/v2\/pages"}],"about":[{"href":"https:\/\/akademia-zdrowia.pl\/warszawa\/wp-json\/wp\/v2\/types\/page"}],"author":[{"embeddable":true,"href":"https:\/\/akademia-zdrowia.pl\/warszawa\/wp-json\/wp\/v2\/users\/1"}],"replies":[{"embeddable":true,"href":"https:\/\/akademia-zdrowia.pl\/warszawa\/wp-json\/wp\/v2\/comments?post=1513"}],"version-history":[{"count":6,"href":"https:\/\/akademia-zdrowia.pl\/warszawa\/wp-json\/wp\/v2\/pages\/1513\/revisions"}],"predecessor-version":[{"id":2594,"href":"https:\/\/akademia-zdrowia.pl\/warszawa\/wp-json\/wp\/v2\/pages\/1513\/revisions\/2594"}],"wp:attachment":[{"href":"https:\/\/akademia-zdrowia.pl\/warszawa\/wp-json\/wp\/v2\/media?parent=1513"}],"curies":[{"name":"wp","href":"https:\/\/api.w.org\/{rel}","templated":true}]}}