{"id":31,"date":"2018-01-02T13:08:56","date_gmt":"2018-01-02T12:08:56","guid":{"rendered":"http:\/\/www.akademia-zdrowia.pl\/lodz\/?page_id=31"},"modified":"2025-01-10T12:41:30","modified_gmt":"2025-01-10T11:41:30","slug":"o-nas","status":"publish","type":"page","link":"https:\/\/akademia-zdrowia.pl\/warszawa\/o-nas\/","title":{"rendered":"O nas"},"content":{"rendered":"\t\t<div data-elementor-type=\"wp-page\" data-elementor-id=\"31\" class=\"elementor elementor-31\" data-elementor-post-type=\"page\">\n\t\t\t\t\t\t<section class=\"elementor-section elementor-top-section elementor-element elementor-element-7c9527e elementor-section-boxed elementor-section-height-default elementor-section-height-default\" data-id=\"7c9527e\" data-element_type=\"section\">\n\t\t\t\t\t\t<div class=\"elementor-container elementor-column-gap-default\">\n\t\t\t\t\t<div class=\"elementor-column elementor-col-66 elementor-top-column elementor-element elementor-element-1fe724a\" data-id=\"1fe724a\" data-element_type=\"column\">\n\t\t\t<div class=\"elementor-widget-wrap elementor-element-populated\">\n\t\t\t\t\t\t<div class=\"elementor-element elementor-element-90ef1fe elementor-widget elementor-widget-text-editor\" data-id=\"90ef1fe\" data-element_type=\"widget\" data-widget_type=\"text-editor.default\">\n\t\t\t\t<div class=\"elementor-widget-container\">\n\t\t\t\t\t\t\t\t\t<h3 style=\"text-align: center;\">AKADEMIA ZDROWIA<br \/>SERCE W \u015aRODKU MIASTA<br \/>\u2013 rok za\u0142o\u017cenia 1998 \u2013<\/h3><p>To, czym chcemy si\u0119 podzieli\u0107 to co\u015b wi\u0119cej ni\u017c nauka. Mamy dla Was niecodzienn\u0105 kombinacj\u0119. Pomys\u0142 stworzenia Akademii Zdrowia Izabeli \u0141ajs zrodzi\u0142 si\u0119 z ch\u0119ci zaspokojenia potrzeb edukacyjno-zawodowych naszych klient\u00f3w. Dlatego bierzemy odpowiedzialno\u015b\u0107<br \/>za Wasze wykszta\u0142cenie i za Wasze dobre samopoczucie. Na rynku us\u0142ug edukacyjnych dzia\u0142amy ju\u017c od 1998 roku i mo\u017cemy ju\u017c to powiedzie\u0107: AKADEMIA ZDROWIA jest lekiem i sposobem na \u017cycie.<\/p><p>W naszej centrali, w \u0141odzi znajduje si\u0119 \u017c\u00f3\u0142to-niebieskie graffiti. To w\u0142a\u015bnie symbol nieograniczonych mo\u017cliwo\u015bci, kt\u00f3re Wam dajemy. Dla jednych to graffiti b\u0119dzie znakiem doskona\u0142ych kwalifikacji, dla innych symbolem pracy, dla jeszcze innych wyobra\u017ceniem\u00a0wspania\u0142ej zabawy.<\/p><p>W s\u0142onecznych kolorach Akademii Zdrowia Wasze niezwyk\u0142e marzenia b\u0119d\u0105 si\u0119 rozwija\u0107, nabiera\u0107 barw i urzeczywistnia\u0107. Wszystko\u00a0dlatego, \u017ce ludzie Akademii Zdrowia maj\u0105 czas dla ka\u017cdego z Was. Naszymi dzia\u0142aniami kieruj\u0105 uczciwe zasady, poniewa\u017c dbamy o\u00a0wysoki poziom tej plac\u00f3wki. W Akademii Zdrowia swoje miejsce znajduje wielu r\u00f3\u017cnych ludzi: ucz\u0105 si\u0119 u nas osoby m\u0142ode, ucz\u0105 si\u0119<br \/>doro\u015bli, organizujemy bezp\u0142atne szkolenia dla bezrobotnych, a nauczyciele i piel\u0119gniarki podwy\u017cszaj\u0105 swoje kwalifikacje.<\/p><p>Mamy swoje filie w pi\u0119ciu miastach: \u0141odzi, Warszawie, Rzeszowie, Kielcach i Bydgoszczy.<\/p><p>Organizujemy kursy zawodowe dla doros\u0142ych oraz podwy\u017cszamy kwalifikacje piel\u0119gniarek i po\u0142o\u017cnych. Nasze szko\u0142y policealne\u00a0posiadaj\u0105 uprawnienia szko\u0142y publicznej, czyli:<br \/>realizujemy programy nauczania poszczeg\u00f3lnych kierunk\u00f3w zgodnie z wytycznymi Ministerstwa Edukacji Narodowej\u00a0wyk\u0142adaj\u0105 u nas wykwalifikowani pedagodzy\u00a0przeprowadzamy egzaminy zawodowe oraz maturalne\u00a0wydajemy \u015bwiadectwa wystawione przez Okr\u0119gow\u0105 Komisj\u0119 Egzaminacyjn\u0105.\u00a0ponadto nasi s\u0142uchacze mog\u0105 otrzyma\u0107 BEZP\u0141ATNIE stosowne za\u015bwiadczenie do ZUS, MOPS czy WKU o kontynuacji nauki.<\/p><p>To przede wszystkim dzi\u0119ki Wam r\u00f3wnie\u017c nieustannie si\u0119 uczymy.<br \/>Dlatego tak bardzo r\u00f3\u017cnimy si\u0119 od innych plac\u00f3wek edukacyjnych.<\/p>\t\t\t\t\t\t\t\t<\/div>\n\t\t\t\t<\/div>\n\t\t\t\t\t<\/div>\n\t\t<\/div>\n\t\t\t\t<div class=\"elementor-column elementor-col-33 elementor-top-column elementor-element elementor-element-0c22290\" data-id=\"0c22290\" data-element_type=\"column\">\n\t\t\t<div class=\"elementor-widget-wrap elementor-element-populated\">\n\t\t\t\t\t\t<div class=\"elementor-element elementor-element-ad9a646 elementor-widget elementor-widget-rs-image\" data-id=\"ad9a646\" data-element_type=\"widget\" data-widget_type=\"rs-image.default\">\n\t\t\t\t<div class=\"elementor-widget-container\">\n\t\t\t\t\t\n        <div class=\"rs-image \">\n                            <img decoding=\"async\" class=\"rs-multi-image \" src=\"https:\/\/akademia-zdrowia.pl\/warszawa\/wp-content\/uploads\/2021\/10\/wawa.png\" alt=\"image\"\/>\n                    <\/div>\n\n              \n    \t\t\t\t<\/div>\n\t\t\t\t<\/div>\n\t\t\t\t<div class=\"elementor-element elementor-element-dc983cf elementor-widget elementor-widget-text-editor\" data-id=\"dc983cf\" data-element_type=\"widget\" data-widget_type=\"text-editor.default\">\n\t\t\t\t<div class=\"elementor-widget-container\">\n\t\t\t\t\t\t\t\t\t<div class=\"adres\"><p style=\"text-align: center;\">Jana Kazimierza 45\/5<br \/><span style=\"color: var( --e-global-color-text ); font-family: var( --e-global-typography-text-font-family ), Sans-serif; font-weight: var( --e-global-typography-text-font-weight );\">01-248 Warszawa<br \/><br \/><\/span><img decoding=\"async\" style=\"color: var( --e-global-color-text ); font-family: var( --e-global-typography-text-font-family ), Sans-serif; font-weight: var( --e-global-typography-text-font-weight );\" src=\"https:\/\/www.akademia-zdrowia.pl\/lodz\/wp-content\/themes\/akademia-podstrona\/img\/phone-ico_red.png\" alt=\"marker\" \/><span style=\"color: var( --e-global-color-text ); font-family: var( --e-global-typography-text-font-family ), Sans-serif; font-weight: var( --e-global-typography-text-font-weight );\">\u00a0\u00a0<\/span><span style=\"color: var( --e-global-color-text ); font-family: var( --e-global-typography-text-font-family ), Sans-serif; font-weight: var( --e-global-typography-text-font-weight );\">tel.\u00a0<\/span><a style=\"font-family: var( --e-global-typography-text-font-family ), Sans-serif; font-weight: var( --e-global-typography-text-font-weight ); background-color: #ffffff;\" href=\"tel:22 862 29 60\">(22) 862 29 60<\/a><span style=\"color: var( --e-global-color-text ); font-family: var( --e-global-typography-text-font-family ), Sans-serif; font-weight: var( --e-global-typography-text-font-weight );\">\u00a0\u00a0<br \/><\/span><span style=\"color: var( --e-global-color-text ); font-family: var( --e-global-typography-text-font-family ), Sans-serif; font-weight: var( --e-global-typography-text-font-weight );\">tel.\/fax\u00a0<\/span><a style=\"font-family: var( --e-global-typography-text-font-family ), Sans-serif; font-weight: var( --e-global-typography-text-font-weight ); background-color: #ffffff;\" href=\"tel:22 862 29 61\">(22) 862 29 61<\/a><\/p><\/div><div class=\"dodatkowe\"><p style=\"text-align: center;\">Sekretariat czynny od poniedzia\u0142ku do pi\u0105tku w godzinach 9.00-16.00<\/p><p style=\"text-align: center;\"><span style=\"color: #000080; font-family: var( --e-global-typography-text-font-family ), Sans-serif;\"><b>Zarezerwuj miejsce ju\u017c dzi\u015b!<\/b><\/span><\/p><\/div>\t\t\t\t\t\t\t\t<\/div>\n\t\t\t\t<\/div>\n\t\t\t\t<div class=\"elementor-element elementor-element-b105518 elementor-align-center elementor-widget elementor-widget-bdt-advanced-button\" data-id=\"b105518\" data-element_type=\"widget\" data-widget_type=\"bdt-advanced-button.default\">\n\t\t\t\t<div class=\"elementor-widget-container\">\n\t\t\t\t\t\t\t<div class=\"bdt-ep-button-wrapper\">\r\n\t\t\t<a href=\"\/warszawa\/zapisz-sie\/\" class=\"bdt-ep-button bdt-ep-button-effect-a bdt-ep-button-size-sm\">\r\n\t\t\t\t\t\t<div class=\"bdt-ep-button-content-wrapper bdt-flex bdt-flex-middle bdt-flex-center  \" data-text=\"ZAPISZ SI\u0118\">\r\n\t\t\t\r\n\t\t\t<div class=\"bdt-ep-button-text\">\r\n\r\n                <span class=\"avdbtn-text\">ZAPISZ SI\u0118<\/span>\r\n\r\n\t\t\t\t            <\/div>\r\n\r\n\t\t\t\r\n\t\t<\/div>\r\n\t\t\t\t\t<\/a>\r\n\t\t<\/div>\r\n\t\t\t\t\t\t<\/div>\n\t\t\t\t<\/div>\n\t\t\t\t<div class=\"elementor-element elementor-element-ce09874 bdt-navbar-style-1 elementor-widget elementor-widget-bdt-scrollnav\" data-id=\"ce09874\" data-element_type=\"widget\" data-widget_type=\"bdt-scrollnav.default\">\n\t\t\t\t<div class=\"elementor-widget-container\">\n\t\t\t\t\t\t\t<div class=\"bdt-scrollnav bdt-navbar-container bdt-navbar-transparent bdt-navbar \" data-bdt-navbar=\"\">\r\n\t\t\t<div class=\"bdt-navbar-center\">\r\n\t\t\t\t<ul class=\"bdt-nav bdt-nav-default\" data-bdt-scrollspy-nav=\"closest: li; scroll: true; offset: 0;\">\r\n\t\t\t\t\t\t\t\t<li>\r\n\t\t\t\t<a data-tippy-content=\"\" href=\"\/warszawa\/o-nas\/\">\r\n\t\t\t\t\tO nas\t\t\t\t\t\t\t\t\t<\/a>\r\n\t\t\t<\/li>\r\n\t\t\t\t\t\t<li>\r\n\t\t\t\t<a data-tippy-content=\"\" href=\"\/warszawa\/o-nas\/pracownie\/\">\r\n\t\t\t\t\tPracownie\t\t\t\t\t\t\t\t\t<\/a>\r\n\t\t\t<\/li>\r\n\t\t\t\t\t\t<li>\r\n\t\t\t\t<a data-tippy-content=\"\" href=\"\/warszawa\/wynajem-sal\/\">\r\n\t\t\t\t\tWynajem sal\t\t\t\t\t\t\t\t\t<\/a>\r\n\t\t\t<\/li>\r\n\t\t\t\t\t\t<li>\r\n\t\t\t\t<a data-tippy-content=\"\" href=\"\/warszawa\/o-nas\/praca\/\">\r\n\t\t\t\t\tPraca\t\t\t\t\t\t\t\t\t<\/a>\r\n\t\t\t<\/li>\r\n\t\t\t\t\t\t\t<\/ul>\r\n\t\t\t<\/div>\r\n\t\t<\/div>\r\n\t    \t\t\t\t<\/div>\n\t\t\t\t<\/div>\n\t\t\t\t\t<\/div>\n\t\t<\/div>\n\t\t\t\t\t<\/div>\n\t\t<\/section>\n\t\t\t\t<\/div>\n\t\t","protected":false},"excerpt":{"rendered":"<p>AKADEMIA ZDROWIA SERCE W \u015aRODKU MIASTA \u2013 rok za\u0142o\u017cenia 1998 \u2013 To, czym chcemy si\u0119 podzieli\u0107 to co\u015b wi\u0119cej ni\u017c nauka. Mamy dla Was niecodzienn\u0105 kombinacj\u0119. Pomys\u0142 stworzenia Akademii Zdrowia Izabeli \u0141ajs zrodzi\u0142 si\u0119 z ch\u0119ci zaspokojenia potrzeb edukacyjno-zawodowych naszych klient\u00f3w. Dlatego bierzemy odpowiedzialno\u015b\u0107 za Wasze wykszta\u0142cenie i za Wasze dobre samopoczucie. Na rynku us\u0142ug&#8230;<\/p>\n","protected":false},"author":1,"featured_media":0,"parent":0,"menu_order":0,"comment_status":"closed","ping_status":"closed","template":"","meta":{"footnotes":""},"class_list":["post-31","page","type-page","status-publish","hentry"],"yoast_head":"<!-- This site is optimized with the Yoast SEO plugin v26.8 - https:\/\/yoast.com\/product\/yoast-seo-wordpress\/ -->\n<title>O nas - Akademia zdrowia \u2013 Warszawa \u2013 Kursy zawodowe, szko\u0142y policealne<\/title>\n<meta name=\"description\" content=\"AKADEMIA ZDROWIA SERCE W \u015aRODKU MIASTA \u2013 rok za\u0142o\u017cenia 1998 \u2013 To, czym chcemy si\u0119 podzieli\u0107 to co\u015b wi\u0119cej ni\u017c nauka. Mamy dla Was niecodzienn\u0105 kombinacj\u0119.\" \/>\n<meta name=\"robots\" content=\"index, follow, max-snippet:-1, max-image-preview:large, max-video-preview:-1\" \/>\n<link rel=\"canonical\" href=\"https:\/\/akademia-zdrowia.pl\/warszawa\/o-nas\/\" \/>\n<meta property=\"og:locale\" content=\"pl_PL\" \/>\n<meta property=\"og:type\" content=\"article\" \/>\n<meta property=\"og:title\" content=\"O nas - Akademia zdrowia \u2013 Warszawa \u2013 Kursy zawodowe, szko\u0142y policealne\" \/>\n<meta property=\"og:description\" content=\"AKADEMIA ZDROWIA SERCE W \u015aRODKU MIASTA \u2013 rok za\u0142o\u017cenia 1998 \u2013 To, czym chcemy si\u0119 podzieli\u0107 to co\u015b wi\u0119cej ni\u017c nauka. Mamy dla Was niecodzienn\u0105 kombinacj\u0119.\" \/>\n<meta property=\"og:url\" content=\"https:\/\/akademia-zdrowia.pl\/warszawa\/o-nas\/\" \/>\n<meta property=\"og:site_name\" content=\"Nowa kategoria kursu\" \/>\n<meta property=\"article:modified_time\" content=\"2025-01-10T11:41:30+00:00\" \/>\n<meta property=\"og:image\" content=\"https:\/\/akademia-zdrowia.pl\/warszawa\/wp-content\/uploads\/2021\/10\/wawa.png\" \/>\n<meta name=\"twitter:card\" content=\"summary_large_image\" \/>\n<meta name=\"twitter:label1\" content=\"Szacowany czas czytania\" \/>\n\t<meta name=\"twitter:data1\" content=\"3 minuty\" \/>\n<script type=\"application\/ld+json\" class=\"yoast-schema-graph\">{\"@context\":\"https:\/\/schema.org\",\"@graph\":[{\"@type\":\"WebPage\",\"@id\":\"https:\/\/akademia-zdrowia.pl\/warszawa\/o-nas\/\",\"url\":\"https:\/\/akademia-zdrowia.pl\/warszawa\/o-nas\/\",\"name\":\"O nas - Akademia zdrowia \u2013 Warszawa \u2013 Kursy zawodowe, szko\u0142y policealne\",\"isPartOf\":{\"@id\":\"https:\/\/akademia-zdrowia.pl\/warszawa\/#website\"},\"primaryImageOfPage\":{\"@id\":\"https:\/\/akademia-zdrowia.pl\/warszawa\/o-nas\/#primaryimage\"},\"image\":{\"@id\":\"https:\/\/akademia-zdrowia.pl\/warszawa\/o-nas\/#primaryimage\"},\"thumbnailUrl\":\"https:\/\/akademia-zdrowia.pl\/warszawa\/wp-content\/uploads\/2021\/10\/wawa.png\",\"datePublished\":\"2018-01-02T12:08:56+00:00\",\"dateModified\":\"2025-01-10T11:41:30+00:00\",\"description\":\"AKADEMIA ZDROWIA SERCE W \u015aRODKU MIASTA \u2013 rok za\u0142o\u017cenia 1998 \u2013 To, czym chcemy si\u0119 podzieli\u0107 to co\u015b wi\u0119cej ni\u017c nauka. Mamy dla Was niecodzienn\u0105 kombinacj\u0119.\",\"breadcrumb\":{\"@id\":\"https:\/\/akademia-zdrowia.pl\/warszawa\/o-nas\/#breadcrumb\"},\"inLanguage\":\"pl-PL\",\"potentialAction\":[{\"@type\":\"ReadAction\",\"target\":[\"https:\/\/akademia-zdrowia.pl\/warszawa\/o-nas\/\"]}]},{\"@type\":\"ImageObject\",\"inLanguage\":\"pl-PL\",\"@id\":\"https:\/\/akademia-zdrowia.pl\/warszawa\/o-nas\/#primaryimage\",\"url\":\"https:\/\/akademia-zdrowia.pl\/warszawa\/wp-content\/uploads\/2021\/10\/wawa.png\",\"contentUrl\":\"https:\/\/akademia-zdrowia.pl\/warszawa\/wp-content\/uploads\/2021\/10\/wawa.png\",\"width\":390,\"height\":277},{\"@type\":\"BreadcrumbList\",\"@id\":\"https:\/\/akademia-zdrowia.pl\/warszawa\/o-nas\/#breadcrumb\",\"itemListElement\":[{\"@type\":\"ListItem\",\"position\":1,\"name\":\"Strona g\u0142\u00f3wna\",\"item\":\"https:\/\/akademia-zdrowia.pl\/warszawa\/\"},{\"@type\":\"ListItem\",\"position\":2,\"name\":\"O nas\"}]},{\"@type\":\"WebSite\",\"@id\":\"https:\/\/akademia-zdrowia.pl\/warszawa\/#website\",\"url\":\"https:\/\/akademia-zdrowia.pl\/warszawa\/\",\"name\":\"Nowa kategoria kursu\",\"description\":\"Nowy kurs \",\"potentialAction\":[{\"@type\":\"SearchAction\",\"target\":{\"@type\":\"EntryPoint\",\"urlTemplate\":\"https:\/\/akademia-zdrowia.pl\/warszawa\/?s={search_term_string}\"},\"query-input\":{\"@type\":\"PropertyValueSpecification\",\"valueRequired\":true,\"valueName\":\"search_term_string\"}}],\"inLanguage\":\"pl-PL\"}]}<\/script>\n<!-- \/ Yoast SEO plugin. -->","yoast_head_json":{"title":"O nas - Akademia zdrowia \u2013 Warszawa \u2013 Kursy zawodowe, szko\u0142y policealne","description":"AKADEMIA ZDROWIA SERCE W \u015aRODKU MIASTA \u2013 rok za\u0142o\u017cenia 1998 \u2013 To, czym chcemy si\u0119 podzieli\u0107 to co\u015b wi\u0119cej ni\u017c nauka. Mamy dla Was niecodzienn\u0105 kombinacj\u0119.","robots":{"index":"index","follow":"follow","max-snippet":"max-snippet:-1","max-image-preview":"max-image-preview:large","max-video-preview":"max-video-preview:-1"},"canonical":"https:\/\/akademia-zdrowia.pl\/warszawa\/o-nas\/","og_locale":"pl_PL","og_type":"article","og_title":"O nas - Akademia zdrowia \u2013 Warszawa \u2013 Kursy zawodowe, szko\u0142y policealne","og_description":"AKADEMIA ZDROWIA SERCE W \u015aRODKU MIASTA \u2013 rok za\u0142o\u017cenia 1998 \u2013 To, czym chcemy si\u0119 podzieli\u0107 to co\u015b wi\u0119cej ni\u017c nauka. Mamy dla Was niecodzienn\u0105 kombinacj\u0119.","og_url":"https:\/\/akademia-zdrowia.pl\/warszawa\/o-nas\/","og_site_name":"Nowa kategoria kursu","article_modified_time":"2025-01-10T11:41:30+00:00","og_image":[{"url":"https:\/\/akademia-zdrowia.pl\/warszawa\/wp-content\/uploads\/2021\/10\/wawa.png","type":"","width":"","height":""}],"twitter_card":"summary_large_image","twitter_misc":{"Szacowany czas czytania":"3 minuty"},"schema":{"@context":"https:\/\/schema.org","@graph":[{"@type":"WebPage","@id":"https:\/\/akademia-zdrowia.pl\/warszawa\/o-nas\/","url":"https:\/\/akademia-zdrowia.pl\/warszawa\/o-nas\/","name":"O nas - Akademia zdrowia \u2013 Warszawa \u2013 Kursy zawodowe, szko\u0142y policealne","isPartOf":{"@id":"https:\/\/akademia-zdrowia.pl\/warszawa\/#website"},"primaryImageOfPage":{"@id":"https:\/\/akademia-zdrowia.pl\/warszawa\/o-nas\/#primaryimage"},"image":{"@id":"https:\/\/akademia-zdrowia.pl\/warszawa\/o-nas\/#primaryimage"},"thumbnailUrl":"https:\/\/akademia-zdrowia.pl\/warszawa\/wp-content\/uploads\/2021\/10\/wawa.png","datePublished":"2018-01-02T12:08:56+00:00","dateModified":"2025-01-10T11:41:30+00:00","description":"AKADEMIA ZDROWIA SERCE W \u015aRODKU MIASTA \u2013 rok za\u0142o\u017cenia 1998 \u2013 To, czym chcemy si\u0119 podzieli\u0107 to co\u015b wi\u0119cej ni\u017c nauka. Mamy dla Was niecodzienn\u0105 kombinacj\u0119.","breadcrumb":{"@id":"https:\/\/akademia-zdrowia.pl\/warszawa\/o-nas\/#breadcrumb"},"inLanguage":"pl-PL","potentialAction":[{"@type":"ReadAction","target":["https:\/\/akademia-zdrowia.pl\/warszawa\/o-nas\/"]}]},{"@type":"ImageObject","inLanguage":"pl-PL","@id":"https:\/\/akademia-zdrowia.pl\/warszawa\/o-nas\/#primaryimage","url":"https:\/\/akademia-zdrowia.pl\/warszawa\/wp-content\/uploads\/2021\/10\/wawa.png","contentUrl":"https:\/\/akademia-zdrowia.pl\/warszawa\/wp-content\/uploads\/2021\/10\/wawa.png","width":390,"height":277},{"@type":"BreadcrumbList","@id":"https:\/\/akademia-zdrowia.pl\/warszawa\/o-nas\/#breadcrumb","itemListElement":[{"@type":"ListItem","position":1,"name":"Strona g\u0142\u00f3wna","item":"https:\/\/akademia-zdrowia.pl\/warszawa\/"},{"@type":"ListItem","position":2,"name":"O nas"}]},{"@type":"WebSite","@id":"https:\/\/akademia-zdrowia.pl\/warszawa\/#website","url":"https:\/\/akademia-zdrowia.pl\/warszawa\/","name":"Nowa kategoria kursu","description":"Nowy kurs ","potentialAction":[{"@type":"SearchAction","target":{"@type":"EntryPoint","urlTemplate":"https:\/\/akademia-zdrowia.pl\/warszawa\/?s={search_term_string}"},"query-input":{"@type":"PropertyValueSpecification","valueRequired":true,"valueName":"search_term_string"}}],"inLanguage":"pl-PL"}]}},"_links":{"self":[{"href":"https:\/\/akademia-zdrowia.pl\/warszawa\/wp-json\/wp\/v2\/pages\/31","targetHints":{"allow":["GET"]}}],"collection":[{"href":"https:\/\/akademia-zdrowia.pl\/warszawa\/wp-json\/wp\/v2\/pages"}],"about":[{"href":"https:\/\/akademia-zdrowia.pl\/warszawa\/wp-json\/wp\/v2\/types\/page"}],"author":[{"embeddable":true,"href":"https:\/\/akademia-zdrowia.pl\/warszawa\/wp-json\/wp\/v2\/users\/1"}],"replies":[{"embeddable":true,"href":"https:\/\/akademia-zdrowia.pl\/warszawa\/wp-json\/wp\/v2\/comments?post=31"}],"version-history":[{"count":10,"href":"https:\/\/akademia-zdrowia.pl\/warszawa\/wp-json\/wp\/v2\/pages\/31\/revisions"}],"predecessor-version":[{"id":6608,"href":"https:\/\/akademia-zdrowia.pl\/warszawa\/wp-json\/wp\/v2\/pages\/31\/revisions\/6608"}],"wp:attachment":[{"href":"https:\/\/akademia-zdrowia.pl\/warszawa\/wp-json\/wp\/v2\/media?parent=31"}],"curies":[{"name":"wp","href":"https:\/\/api.w.org\/{rel}","templated":true}]}}