{"id":33,"date":"2018-01-02T13:09:06","date_gmt":"2018-01-02T12:09:06","guid":{"rendered":"http:\/\/www.akademia-zdrowia.pl\/lodz\/?page_id=33"},"modified":"2021-11-11T00:28:52","modified_gmt":"2021-11-10T23:28:52","slug":"rekrutacja","status":"publish","type":"page","link":"https:\/\/akademia-zdrowia.pl\/warszawa\/rekrutacja\/","title":{"rendered":"Rekrutacja"},"content":{"rendered":"\t\t<div data-elementor-type=\"wp-page\" data-elementor-id=\"33\" class=\"elementor elementor-33\" data-elementor-post-type=\"page\">\n\t\t\t\t\t\t<section class=\"elementor-section elementor-top-section elementor-element elementor-element-27e092c elementor-section-boxed elementor-section-height-default elementor-section-height-default\" data-id=\"27e092c\" data-element_type=\"section\">\n\t\t\t\t\t\t<div class=\"elementor-container elementor-column-gap-default\">\n\t\t\t\t\t<div class=\"elementor-column elementor-col-66 elementor-top-column elementor-element elementor-element-c70ef17\" data-id=\"c70ef17\" data-element_type=\"column\">\n\t\t\t<div class=\"elementor-widget-wrap elementor-element-populated\">\n\t\t\t\t\t\t<div class=\"elementor-element elementor-element-6e652d7a elementor-widget elementor-widget-text-editor\" data-id=\"6e652d7a\" data-element_type=\"widget\" data-widget_type=\"text-editor.default\">\n\t\t\t\t<div class=\"elementor-widget-container\">\n\t\t\t\t\t\t\t\t\t<p style=\"text-align: center;\"><span style=\"font-size: 20px;\">AKADEMIA ZDROWIA to szko\u0142a inna ni\u017c wszystkie&#8230;<\/span>\n<span style=\"font-size: 20px;\"> je\u017celi chcesz osi\u0105gn\u0105\u0107 sukces i zdoby\u0107 wymarzony zaw\u00f3d zapisz si\u0119 ju\u017c dzi\u015b!<\/span><\/p>\nNauka w szko\u0142ach policealnych rozpoczyna si\u0119 w lutym (semestr letni) oraz we wrze\u015bniu (semestr zimowy). Nab\u00f3r do szk\u00f3\u0142 m\u0142odzie\u017cowych prowadzony jest w systemie elektronicznym ( zapraszamy do zak\u0142adki szko\u0142y m\u0142odzie\u017cowe). Nab\u00f3r na Kwalifikacyjne Kursy Zawodowe oraz kr\u00f3tkie formy kszta\u0142cenia trwa przez ca\u0142y rok. Je\u015bli zdecydowa\u0142e\u015b si\u0119 na kierunek kszta\u0142cenia, wype\u0142nij formularz, kt\u00f3ry znajdziesz w zak\u0142adce <strong>zarezerwuj sobie miejsce<\/strong>. Dzi\u0119ki temu masz zarezerwowane miejsce na interesuj\u0105cym Ci\u0119 kierunku. Dokumenty potrzebne przy zapisie podane s\u0105 w zak\u0142adce &#8220;wymagane dokumenty&#8221;.\t\t\t\t\t\t\t\t<\/div>\n\t\t\t\t<\/div>\n\t\t\t\t\t<\/div>\n\t\t<\/div>\n\t\t\t\t<div class=\"elementor-column elementor-col-33 elementor-top-column elementor-element elementor-element-2125ce4\" data-id=\"2125ce4\" data-element_type=\"column\">\n\t\t\t<div class=\"elementor-widget-wrap elementor-element-populated\">\n\t\t\t\t\t\t<div class=\"elementor-element elementor-element-b4568aa elementor-widget elementor-widget-rs-image\" data-id=\"b4568aa\" data-element_type=\"widget\" data-widget_type=\"rs-image.default\">\n\t\t\t\t<div class=\"elementor-widget-container\">\n\t\t\t\t\t\n        <div class=\"rs-image \">\n                            <img decoding=\"async\" class=\"rs-multi-image \" src=\"https:\/\/akademia-zdrowia.pl\/warszawa\/wp-content\/uploads\/2021\/10\/wawa.png\" alt=\"image\"\/>\n                    <\/div>\n\n              \n    \t\t\t\t<\/div>\n\t\t\t\t<\/div>\n\t\t\t\t<div class=\"elementor-element elementor-element-3ebb4b5 elementor-widget elementor-widget-text-editor\" data-id=\"3ebb4b5\" data-element_type=\"widget\" data-widget_type=\"text-editor.default\">\n\t\t\t\t<div class=\"elementor-widget-container\">\n\t\t\t\t\t\t\t\t\t<div class=\"adres\"><p style=\"text-align: center;\">Jana Kazimierza 45\/5<br \/><span style=\"color: var( --e-global-color-text ); font-family: var( --e-global-typography-text-font-family ), Sans-serif; font-weight: var( --e-global-typography-text-font-weight );\">01-248 Warszawa<br \/><br \/><\/span><img decoding=\"async\" style=\"color: var( --e-global-color-text ); font-family: var( --e-global-typography-text-font-family ), Sans-serif; font-weight: var( --e-global-typography-text-font-weight );\" src=\"https:\/\/www.akademia-zdrowia.pl\/lodz\/wp-content\/themes\/akademia-podstrona\/img\/phone-ico_red.png\" alt=\"marker\" \/><span style=\"color: var( --e-global-color-text ); font-family: var( --e-global-typography-text-font-family ), Sans-serif; font-weight: var( --e-global-typography-text-font-weight );\">\u00a0\u00a0<\/span><span style=\"color: var( --e-global-color-text ); font-family: var( --e-global-typography-text-font-family ), Sans-serif; font-weight: var( --e-global-typography-text-font-weight );\">tel.\u00a0<\/span><a style=\"font-family: var( --e-global-typography-text-font-family ), Sans-serif; font-weight: var( --e-global-typography-text-font-weight ); background-color: #ffffff;\" href=\"tel:22 862 29 60\">(22) 862 29 60<\/a><span style=\"color: var( --e-global-color-text ); font-family: var( --e-global-typography-text-font-family ), Sans-serif; font-weight: var( --e-global-typography-text-font-weight );\">\u00a0\u00a0<br \/><\/span><span style=\"color: var( --e-global-color-text ); font-family: var( --e-global-typography-text-font-family ), Sans-serif; font-weight: var( --e-global-typography-text-font-weight );\">tel.\/fax\u00a0<\/span><a style=\"font-family: var( --e-global-typography-text-font-family ), Sans-serif; font-weight: var( --e-global-typography-text-font-weight ); background-color: #ffffff;\" href=\"tel:22 862 29 61\">(22) 862 29 61<\/a><\/p><\/div><div class=\"dodatkowe\"><p style=\"text-align: center;\">Sekretariat czynny od poniedzia\u0142ku do pi\u0105tku w godzinach 9.00-16.00<\/p><p style=\"text-align: center;\"><span style=\"color: #000080; font-family: var( --e-global-typography-text-font-family ), Sans-serif;\"><b>Zarezerwuj miejsce ju\u017c dzi\u015b!<\/b><\/span><\/p><\/div>\t\t\t\t\t\t\t\t<\/div>\n\t\t\t\t<\/div>\n\t\t\t\t<div class=\"elementor-element elementor-element-72f31ff elementor-align-center elementor-widget elementor-widget-bdt-advanced-button\" data-id=\"72f31ff\" data-element_type=\"widget\" data-widget_type=\"bdt-advanced-button.default\">\n\t\t\t\t<div class=\"elementor-widget-container\">\n\t\t\t\t\t\t\t<div class=\"bdt-ep-button-wrapper\">\r\n\t\t\t<a href=\"\/warszawa\/zapisz-sie\/\" class=\"bdt-ep-button bdt-ep-button-effect-a bdt-ep-button-size-sm\">\r\n\t\t\t\t\t\t<div class=\"bdt-ep-button-content-wrapper bdt-flex bdt-flex-middle bdt-flex-center  \" data-text=\"ZAPISZ SI\u0118\">\r\n\t\t\t\r\n\t\t\t<div class=\"bdt-ep-button-text\">\r\n\r\n                <span class=\"avdbtn-text\">ZAPISZ SI\u0118<\/span>\r\n\r\n\t\t\t\t            <\/div>\r\n\r\n\t\t\t\r\n\t\t<\/div>\r\n\t\t\t\t\t<\/a>\r\n\t\t<\/div>\r\n\t\t\t\t\t\t<\/div>\n\t\t\t\t<\/div>\n\t\t\t\t<div class=\"elementor-element elementor-element-3639e8f bdt-navbar-style-1 elementor-widget elementor-widget-bdt-scrollnav\" data-id=\"3639e8f\" data-element_type=\"widget\" data-widget_type=\"bdt-scrollnav.default\">\n\t\t\t\t<div class=\"elementor-widget-container\">\n\t\t\t\t\t\t\t<div class=\"bdt-scrollnav bdt-navbar-container bdt-navbar-transparent bdt-navbar \" data-bdt-navbar=\"\">\r\n\t\t\t<div class=\"bdt-navbar-center\">\r\n\t\t\t\t<ul class=\"bdt-nav bdt-nav-default\" data-bdt-scrollspy-nav=\"closest: li; scroll: true; offset: 0;\">\r\n\t\t\t\t\t\t\t\t<li>\r\n\t\t\t\t<a data-tippy-content=\"\" href=\"\/warszawa\/rekrutacja\/\">\r\n\t\t\t\t\tRekrutacja\t\t\t\t\t\t\t\t\t<\/a>\r\n\t\t\t<\/li>\r\n\t\t\t\t\t\t<li>\r\n\t\t\t\t<a data-tippy-content=\"\" href=\"\/warszawa\/rekrutacja\/dokumenty-rekrutacyjne\/\">\r\n\t\t\t\t\tDokumenty rekrutacyjne\t\t\t\t\t\t\t\t\t<\/a>\r\n\t\t\t<\/li>\r\n\t\t\t\t\t\t\t<\/ul>\r\n\t\t\t<\/div>\r\n\t\t<\/div>\r\n\t    \t\t\t\t<\/div>\n\t\t\t\t<\/div>\n\t\t\t\t\t<\/div>\n\t\t<\/div>\n\t\t\t\t\t<\/div>\n\t\t<\/section>\n\t\t\t\t<\/div>\n\t\t","protected":false},"excerpt":{"rendered":"<p>AKADEMIA ZDROWIA to szko\u0142a inna ni\u017c wszystkie&#8230; je\u017celi chcesz osi\u0105gn\u0105\u0107 sukces i zdoby\u0107 wymarzony zaw\u00f3d zapisz si\u0119 ju\u017c dzi\u015b! Nauka w szko\u0142ach policealnych rozpoczyna si\u0119 w lutym (semestr letni) oraz we wrze\u015bniu (semestr zimowy). Nab\u00f3r do szk\u00f3\u0142 m\u0142odzie\u017cowych prowadzony jest w systemie elektronicznym ( zapraszamy do zak\u0142adki szko\u0142y m\u0142odzie\u017cowe). Nab\u00f3r na Kwalifikacyjne Kursy Zawodowe oraz&#8230;<\/p>\n","protected":false},"author":1,"featured_media":0,"parent":0,"menu_order":0,"comment_status":"closed","ping_status":"closed","template":"","meta":{"footnotes":""},"class_list":["post-33","page","type-page","status-publish","hentry"],"yoast_head":"<!-- This site is optimized with the Yoast SEO plugin v26.8 - https:\/\/yoast.com\/product\/yoast-seo-wordpress\/ -->\n<title>Rekrutacja - Akademia zdrowia \u2013 Warszawa \u2013 Kursy zawodowe, szko\u0142y policealne<\/title>\n<meta name=\"description\" content=\"AKADEMIA ZDROWIA to szko\u0142a inna ni\u017c wszystkie... je\u017celi chcesz osi\u0105gn\u0105\u0107 sukces i zdoby\u0107 wymarzony zaw\u00f3d zapisz si\u0119 ju\u017c dzi\u015b! Nauka w szko\u0142ach policealnych\" \/>\n<meta name=\"robots\" content=\"index, follow, max-snippet:-1, max-image-preview:large, max-video-preview:-1\" \/>\n<link rel=\"canonical\" href=\"https:\/\/akademia-zdrowia.pl\/warszawa\/rekrutacja\/\" \/>\n<meta property=\"og:locale\" content=\"pl_PL\" \/>\n<meta property=\"og:type\" content=\"article\" \/>\n<meta property=\"og:title\" content=\"Rekrutacja - Akademia zdrowia \u2013 Warszawa \u2013 Kursy zawodowe, szko\u0142y policealne\" \/>\n<meta property=\"og:description\" content=\"AKADEMIA ZDROWIA to szko\u0142a inna ni\u017c wszystkie... je\u017celi chcesz osi\u0105gn\u0105\u0107 sukces i zdoby\u0107 wymarzony zaw\u00f3d zapisz si\u0119 ju\u017c dzi\u015b! Nauka w szko\u0142ach policealnych\" \/>\n<meta property=\"og:url\" content=\"https:\/\/akademia-zdrowia.pl\/warszawa\/rekrutacja\/\" \/>\n<meta property=\"og:site_name\" content=\"Nowa kategoria kursu\" \/>\n<meta property=\"article:modified_time\" content=\"2021-11-10T23:28:52+00:00\" \/>\n<meta property=\"og:image\" content=\"https:\/\/akademia-zdrowia.pl\/warszawa\/wp-content\/uploads\/2021\/10\/wawa.png\" \/>\n<meta name=\"twitter:card\" content=\"summary_large_image\" \/>\n<meta name=\"twitter:label1\" content=\"Szacowany czas czytania\" \/>\n\t<meta name=\"twitter:data1\" content=\"1 minuta\" \/>\n<script type=\"application\/ld+json\" class=\"yoast-schema-graph\">{\"@context\":\"https:\/\/schema.org\",\"@graph\":[{\"@type\":\"WebPage\",\"@id\":\"https:\/\/akademia-zdrowia.pl\/warszawa\/rekrutacja\/\",\"url\":\"https:\/\/akademia-zdrowia.pl\/warszawa\/rekrutacja\/\",\"name\":\"Rekrutacja - Akademia zdrowia \u2013 Warszawa \u2013 Kursy zawodowe, szko\u0142y policealne\",\"isPartOf\":{\"@id\":\"https:\/\/akademia-zdrowia.pl\/warszawa\/#website\"},\"primaryImageOfPage\":{\"@id\":\"https:\/\/akademia-zdrowia.pl\/warszawa\/rekrutacja\/#primaryimage\"},\"image\":{\"@id\":\"https:\/\/akademia-zdrowia.pl\/warszawa\/rekrutacja\/#primaryimage\"},\"thumbnailUrl\":\"https:\/\/akademia-zdrowia.pl\/warszawa\/wp-content\/uploads\/2021\/10\/wawa.png\",\"datePublished\":\"2018-01-02T12:09:06+00:00\",\"dateModified\":\"2021-11-10T23:28:52+00:00\",\"description\":\"AKADEMIA ZDROWIA to szko\u0142a inna ni\u017c wszystkie... je\u017celi chcesz osi\u0105gn\u0105\u0107 sukces i zdoby\u0107 wymarzony zaw\u00f3d zapisz si\u0119 ju\u017c dzi\u015b! Nauka w szko\u0142ach policealnych\",\"breadcrumb\":{\"@id\":\"https:\/\/akademia-zdrowia.pl\/warszawa\/rekrutacja\/#breadcrumb\"},\"inLanguage\":\"pl-PL\",\"potentialAction\":[{\"@type\":\"ReadAction\",\"target\":[\"https:\/\/akademia-zdrowia.pl\/warszawa\/rekrutacja\/\"]}]},{\"@type\":\"ImageObject\",\"inLanguage\":\"pl-PL\",\"@id\":\"https:\/\/akademia-zdrowia.pl\/warszawa\/rekrutacja\/#primaryimage\",\"url\":\"https:\/\/akademia-zdrowia.pl\/warszawa\/wp-content\/uploads\/2021\/10\/wawa.png\",\"contentUrl\":\"https:\/\/akademia-zdrowia.pl\/warszawa\/wp-content\/uploads\/2021\/10\/wawa.png\",\"width\":390,\"height\":277},{\"@type\":\"BreadcrumbList\",\"@id\":\"https:\/\/akademia-zdrowia.pl\/warszawa\/rekrutacja\/#breadcrumb\",\"itemListElement\":[{\"@type\":\"ListItem\",\"position\":1,\"name\":\"Strona g\u0142\u00f3wna\",\"item\":\"https:\/\/akademia-zdrowia.pl\/warszawa\/\"},{\"@type\":\"ListItem\",\"position\":2,\"name\":\"Rekrutacja\"}]},{\"@type\":\"WebSite\",\"@id\":\"https:\/\/akademia-zdrowia.pl\/warszawa\/#website\",\"url\":\"https:\/\/akademia-zdrowia.pl\/warszawa\/\",\"name\":\"Nowa kategoria kursu\",\"description\":\"Nowy kurs \",\"potentialAction\":[{\"@type\":\"SearchAction\",\"target\":{\"@type\":\"EntryPoint\",\"urlTemplate\":\"https:\/\/akademia-zdrowia.pl\/warszawa\/?s={search_term_string}\"},\"query-input\":{\"@type\":\"PropertyValueSpecification\",\"valueRequired\":true,\"valueName\":\"search_term_string\"}}],\"inLanguage\":\"pl-PL\"}]}<\/script>\n<!-- \/ Yoast SEO plugin. -->","yoast_head_json":{"title":"Rekrutacja - Akademia zdrowia \u2013 Warszawa \u2013 Kursy zawodowe, szko\u0142y policealne","description":"AKADEMIA ZDROWIA to szko\u0142a inna ni\u017c wszystkie... je\u017celi chcesz osi\u0105gn\u0105\u0107 sukces i zdoby\u0107 wymarzony zaw\u00f3d zapisz si\u0119 ju\u017c dzi\u015b! Nauka w szko\u0142ach policealnych","robots":{"index":"index","follow":"follow","max-snippet":"max-snippet:-1","max-image-preview":"max-image-preview:large","max-video-preview":"max-video-preview:-1"},"canonical":"https:\/\/akademia-zdrowia.pl\/warszawa\/rekrutacja\/","og_locale":"pl_PL","og_type":"article","og_title":"Rekrutacja - Akademia zdrowia \u2013 Warszawa \u2013 Kursy zawodowe, szko\u0142y policealne","og_description":"AKADEMIA ZDROWIA to szko\u0142a inna ni\u017c wszystkie... je\u017celi chcesz osi\u0105gn\u0105\u0107 sukces i zdoby\u0107 wymarzony zaw\u00f3d zapisz si\u0119 ju\u017c dzi\u015b! Nauka w szko\u0142ach policealnych","og_url":"https:\/\/akademia-zdrowia.pl\/warszawa\/rekrutacja\/","og_site_name":"Nowa kategoria kursu","article_modified_time":"2021-11-10T23:28:52+00:00","og_image":[{"url":"https:\/\/akademia-zdrowia.pl\/warszawa\/wp-content\/uploads\/2021\/10\/wawa.png","type":"","width":"","height":""}],"twitter_card":"summary_large_image","twitter_misc":{"Szacowany czas czytania":"1 minuta"},"schema":{"@context":"https:\/\/schema.org","@graph":[{"@type":"WebPage","@id":"https:\/\/akademia-zdrowia.pl\/warszawa\/rekrutacja\/","url":"https:\/\/akademia-zdrowia.pl\/warszawa\/rekrutacja\/","name":"Rekrutacja - Akademia zdrowia \u2013 Warszawa \u2013 Kursy zawodowe, szko\u0142y policealne","isPartOf":{"@id":"https:\/\/akademia-zdrowia.pl\/warszawa\/#website"},"primaryImageOfPage":{"@id":"https:\/\/akademia-zdrowia.pl\/warszawa\/rekrutacja\/#primaryimage"},"image":{"@id":"https:\/\/akademia-zdrowia.pl\/warszawa\/rekrutacja\/#primaryimage"},"thumbnailUrl":"https:\/\/akademia-zdrowia.pl\/warszawa\/wp-content\/uploads\/2021\/10\/wawa.png","datePublished":"2018-01-02T12:09:06+00:00","dateModified":"2021-11-10T23:28:52+00:00","description":"AKADEMIA ZDROWIA to szko\u0142a inna ni\u017c wszystkie... je\u017celi chcesz osi\u0105gn\u0105\u0107 sukces i zdoby\u0107 wymarzony zaw\u00f3d zapisz si\u0119 ju\u017c dzi\u015b! Nauka w szko\u0142ach policealnych","breadcrumb":{"@id":"https:\/\/akademia-zdrowia.pl\/warszawa\/rekrutacja\/#breadcrumb"},"inLanguage":"pl-PL","potentialAction":[{"@type":"ReadAction","target":["https:\/\/akademia-zdrowia.pl\/warszawa\/rekrutacja\/"]}]},{"@type":"ImageObject","inLanguage":"pl-PL","@id":"https:\/\/akademia-zdrowia.pl\/warszawa\/rekrutacja\/#primaryimage","url":"https:\/\/akademia-zdrowia.pl\/warszawa\/wp-content\/uploads\/2021\/10\/wawa.png","contentUrl":"https:\/\/akademia-zdrowia.pl\/warszawa\/wp-content\/uploads\/2021\/10\/wawa.png","width":390,"height":277},{"@type":"BreadcrumbList","@id":"https:\/\/akademia-zdrowia.pl\/warszawa\/rekrutacja\/#breadcrumb","itemListElement":[{"@type":"ListItem","position":1,"name":"Strona g\u0142\u00f3wna","item":"https:\/\/akademia-zdrowia.pl\/warszawa\/"},{"@type":"ListItem","position":2,"name":"Rekrutacja"}]},{"@type":"WebSite","@id":"https:\/\/akademia-zdrowia.pl\/warszawa\/#website","url":"https:\/\/akademia-zdrowia.pl\/warszawa\/","name":"Nowa kategoria kursu","description":"Nowy kurs ","potentialAction":[{"@type":"SearchAction","target":{"@type":"EntryPoint","urlTemplate":"https:\/\/akademia-zdrowia.pl\/warszawa\/?s={search_term_string}"},"query-input":{"@type":"PropertyValueSpecification","valueRequired":true,"valueName":"search_term_string"}}],"inLanguage":"pl-PL"}]}},"_links":{"self":[{"href":"https:\/\/akademia-zdrowia.pl\/warszawa\/wp-json\/wp\/v2\/pages\/33","targetHints":{"allow":["GET"]}}],"collection":[{"href":"https:\/\/akademia-zdrowia.pl\/warszawa\/wp-json\/wp\/v2\/pages"}],"about":[{"href":"https:\/\/akademia-zdrowia.pl\/warszawa\/wp-json\/wp\/v2\/types\/page"}],"author":[{"embeddable":true,"href":"https:\/\/akademia-zdrowia.pl\/warszawa\/wp-json\/wp\/v2\/users\/1"}],"replies":[{"embeddable":true,"href":"https:\/\/akademia-zdrowia.pl\/warszawa\/wp-json\/wp\/v2\/comments?post=33"}],"version-history":[{"count":3,"href":"https:\/\/akademia-zdrowia.pl\/warszawa\/wp-json\/wp\/v2\/pages\/33\/revisions"}],"predecessor-version":[{"id":2651,"href":"https:\/\/akademia-zdrowia.pl\/warszawa\/wp-json\/wp\/v2\/pages\/33\/revisions\/2651"}],"wp:attachment":[{"href":"https:\/\/akademia-zdrowia.pl\/warszawa\/wp-json\/wp\/v2\/media?parent=33"}],"curies":[{"name":"wp","href":"https:\/\/api.w.org\/{rel}","templated":true}]}}