{"id":342,"date":"2018-01-10T09:50:22","date_gmt":"2018-01-10T08:50:22","guid":{"rendered":"http:\/\/www.akademia-zdrowia.pl\/lodz\/?page_id=342"},"modified":"2024-06-30T17:50:14","modified_gmt":"2024-06-30T15:50:14","slug":"banka-chinska","status":"publish","type":"page","link":"https:\/\/akademia-zdrowia.pl\/warszawa\/oferta-szkoleniowa\/kursy-i-szkolenia\/kursy-masazu\/banka-chinska\/","title":{"rendered":"Ba\u0144ka chi\u0144ska_old"},"content":{"rendered":"\t\t<div data-elementor-type=\"wp-page\" data-elementor-id=\"342\" class=\"elementor elementor-342\" data-elementor-post-type=\"page\">\n\t\t\t\t\t\t<section class=\"elementor-section elementor-top-section elementor-element elementor-element-5c0186a9 elementor-section-stretched elementor-section-boxed elementor-section-height-default elementor-section-height-default\" data-id=\"5c0186a9\" data-element_type=\"section\" data-settings=\"{&quot;stretch_section&quot;:&quot;section-stretched&quot;}\">\n\t\t\t\t\t\t<div class=\"elementor-container elementor-column-gap-default\">\n\t\t\t\t\t<div class=\"elementor-column elementor-col-66 elementor-top-column elementor-element elementor-element-77f38eed\" data-id=\"77f38eed\" data-element_type=\"column\">\n\t\t\t<div class=\"elementor-widget-wrap elementor-element-populated\">\n\t\t\t\t\t\t<div class=\"elementor-element elementor-element-6dea1ffc elementor-widget elementor-widget-text-editor\" data-id=\"6dea1ffc\" data-element_type=\"widget\" data-widget_type=\"text-editor.default\">\n\t\t\t\t<div class=\"elementor-widget-container\">\n\t\t\t\t\t\t\t\t\t<h2 align=\"left\">Ba\u0144ka Chi\u0144ska<\/h2><p align=\"left\">Warsztaty trwaj\u0105 8 godzin dydaktycznych (1 h &#8211; 45 min).<\/p><p align=\"left\"><strong>Zainteresowany szkoleniem? Zadzwo\u0144 &#8211; odpowiemy na wszystkie twoje pytania!<\/strong><\/p><p align=\"left\"><strong>Monika \u2013 <img decoding=\"async\" class=\"alignnone wp-image-11688\" src=\"https:\/\/akademia-zdrowia.pl\/lodz\/wp-content\/uploads\/2023\/09\/whatsapp-logo-png-2288-120x120-1.png\" alt=\"\" width=\"32\" height=\"32\" \/> <a href=\"tel:+48 698 592 960\">698 592 960<\/a><\/strong><\/p><p align=\"left\"><strong><a href=\"\/warszawa\/zapisz-sie-na-kurs\/\">ZAPISZ SI\u0118!<\/a><\/strong><\/p><p align=\"left\">Szkolenie trwa:<\/p><p align=\"left\">w weekendy \u2013 od godziny 9: 00 do 15:00<\/p><p align=\"left\"><strong>W programie m.in.:<\/strong><\/p><ul><li>cellulit czym jest, mechanizm powstawania<\/li><li>przyczyny powstawania cellulitu<\/li><li>fazy rozwoju cellulitu<\/li><li>badanie podmiotowe (wywiad) dotycz\u0105cy cellulitu<\/li><li>historia i pochodzenia baniek chi\u0144skich<\/li><li>istota masa\u017cu<\/li><li>dzia\u0142anie masa\u017cu ba\u0144kami<\/li><li>wskazania i przeciwwskazania do masa\u017cu ba\u0144kami<\/li><li>opracowanie programu i cz\u0119stotliwo\u015bci masa\u017cy<\/li><li>om\u00f3wienie mo\u017cliwo\u015bci \u0142\u0105czenia masa\u017cu z innymi zabiegami modeluj\u0105cymi<\/li><li>om\u00f3wienie komplementarnego procesu wspomagaj\u0105cego odchudzanie i modelowanie sylwetki<\/li><li>praktyczny trening masa\u017cu ba\u0144k\u0105<\/li><li>praktyczny trening masa\u017cu ba\u0144k\u0105 chi\u0144sk\u0105 po\u0142\u0105czony z technikami manualnymi (modeluj\u0105cymi)<\/li><\/ul><p align=\"left\"><strong>Po zako\u0144czeniu szkolenia Uczestnicy kursu otrzymaj\u0105 od nas:<\/strong><\/p><ol><li>\u00a0Certyfikat uko\u0144czenia warsztat\u00f3w Ba\u0144ski Chi\u0144skiej<\/li><\/ol>\t\t\t\t\t\t\t\t<\/div>\n\t\t\t\t<\/div>\n\t\t\t\t<div class=\"elementor-element elementor-element-f33e68d elementor-widget elementor-widget-image\" data-id=\"f33e68d\" data-element_type=\"widget\" data-widget_type=\"image.default\">\n\t\t\t\t<div class=\"elementor-widget-container\">\n\t\t\t\t\t\t\t\t\t\t\t\t\t\t\t<img fetchpriority=\"high\" decoding=\"async\" width=\"640\" height=\"454\" src=\"https:\/\/akademia-zdrowia.pl\/warszawa\/wp-content\/uploads\/2023\/08\/masaz_banka-1024x726.png\" class=\"attachment-large size-large wp-image-4227\" alt=\"\" srcset=\"https:\/\/akademia-zdrowia.pl\/warszawa\/wp-content\/uploads\/2023\/08\/masaz_banka-1024x726.png 1024w, https:\/\/akademia-zdrowia.pl\/warszawa\/wp-content\/uploads\/2023\/08\/masaz_banka-300x213.png 300w, https:\/\/akademia-zdrowia.pl\/warszawa\/wp-content\/uploads\/2023\/08\/masaz_banka-768x545.png 768w, https:\/\/akademia-zdrowia.pl\/warszawa\/wp-content\/uploads\/2023\/08\/masaz_banka-1536x1090.png 1536w, https:\/\/akademia-zdrowia.pl\/warszawa\/wp-content\/uploads\/2023\/08\/masaz_banka-295x208.png 295w, https:\/\/akademia-zdrowia.pl\/warszawa\/wp-content\/uploads\/2023\/08\/masaz_banka-500x355.png 500w, https:\/\/akademia-zdrowia.pl\/warszawa\/wp-content\/uploads\/2023\/08\/masaz_banka-1320x936.png 1320w, https:\/\/akademia-zdrowia.pl\/warszawa\/wp-content\/uploads\/2023\/08\/masaz_banka.png 1748w\" sizes=\"(max-width: 640px) 100vw, 640px\" \/>\t\t\t\t\t\t\t\t\t\t\t\t\t\t\t<\/div>\n\t\t\t\t<\/div>\n\t\t\t\t\t<\/div>\n\t\t<\/div>\n\t\t\t\t<div class=\"elementor-column elementor-col-33 elementor-top-column elementor-element elementor-element-55b7e768\" data-id=\"55b7e768\" data-element_type=\"column\">\n\t\t\t<div class=\"elementor-widget-wrap elementor-element-populated\">\n\t\t\t\t\t\t<div class=\"elementor-element elementor-element-214e9954 elementor-widget elementor-widget-rs-image\" data-id=\"214e9954\" data-element_type=\"widget\" data-widget_type=\"rs-image.default\">\n\t\t\t\t<div class=\"elementor-widget-container\">\n\t\t\t\t\t\n        <div class=\"rs-image \">\n                            <img decoding=\"async\" class=\"rs-multi-image \" src=\"https:\/\/akademia-zdrowia.pl\/warszawa\/wp-content\/uploads\/2023\/08\/az-warszawa-1.jpg\" alt=\"image\"\/>\n                    <\/div>\n\n              \n    \t\t\t\t<\/div>\n\t\t\t\t<\/div>\n\t\t\t\t<div class=\"elementor-element elementor-element-1d96ca17 elementor-widget elementor-widget-text-editor\" data-id=\"1d96ca17\" data-element_type=\"widget\" data-widget_type=\"text-editor.default\">\n\t\t\t\t<div class=\"elementor-widget-container\">\n\t\t\t\t\t\t\t\t\t<div class=\"adres\"><p style=\"text-align: center;\">Jana Kazimierza 45\/5<br \/><span style=\"color: var( --e-global-color-text ); font-family: var( --e-global-typography-text-font-family ), Sans-serif; font-weight: var( --e-global-typography-text-font-weight );\">01-248 Warszawa<\/span><\/p><p><img decoding=\"async\" style=\"color: var( --e-global-color-text ); font-family: var( --e-global-typography-text-font-family ), Sans-serif; font-weight: var( --e-global-typography-text-font-weight );\" src=\"https:\/\/www.akademia-zdrowia.pl\/lodz\/wp-content\/themes\/akademia-podstrona\/img\/phone-ico_red.png\" alt=\"marker\" \/><span style=\"color: var( --e-global-color-text ); font-family: var( --e-global-typography-text-font-family ), Sans-serif; font-weight: var( --e-global-typography-text-font-weight );\">\u00a0\u00a0<\/span><span style=\"color: var( --e-global-color-text ); font-family: var( --e-global-typography-text-font-family ), Sans-serif; font-weight: var( --e-global-typography-text-font-weight );\">tel.\u00a0<\/span><a style=\"font-family: var( --e-global-typography-text-font-family ), Sans-serif; font-weight: var( --e-global-typography-text-font-weight ); background-color: #ffffff;\" href=\"tel:22 862 29 60\">(22) 862 29 60<\/a><span style=\"color: var( --e-global-color-text ); font-family: var( --e-global-typography-text-font-family ), Sans-serif; font-weight: var( --e-global-typography-text-font-weight );\">\u00a0\u00a0<br \/><\/span><span style=\"color: var( --e-global-color-text ); font-family: var( --e-global-typography-text-font-family ), Sans-serif; font-weight: var( --e-global-typography-text-font-weight );\">tel.\/fax\u00a0<\/span><a style=\"font-family: var( --e-global-typography-text-font-family ), Sans-serif; font-weight: var( --e-global-typography-text-font-weight ); background-color: #ffffff;\" href=\"tel:22 862 29 61\">(22) 862 29 61<\/a><\/p><p><img decoding=\"async\" class=\"alignnone wp-image-4175\" src=\"https:\/\/akademia-zdrowia.pl\/warszawa\/wp-content\/uploads\/2023\/08\/whatsapp-logo-png-2288.png\" alt=\"\" width=\"27\" height=\"27\" srcset=\"https:\/\/akademia-zdrowia.pl\/warszawa\/wp-content\/uploads\/2023\/08\/whatsapp-logo-png-2288.png 256w, https:\/\/akademia-zdrowia.pl\/warszawa\/wp-content\/uploads\/2023\/08\/whatsapp-logo-png-2288-150x150.png 150w, https:\/\/akademia-zdrowia.pl\/warszawa\/wp-content\/uploads\/2023\/08\/whatsapp-logo-png-2288-120x120.png 120w, https:\/\/akademia-zdrowia.pl\/warszawa\/wp-content\/uploads\/2023\/08\/whatsapp-logo-png-2288-220x220.png 220w\" sizes=\"(max-width: 27px) 100vw, 27px\" \/> tel. <a href=\"tel:+48 698 592 960\">698 592 960<\/a><\/p><\/div><div class=\"dodatkowe\"><p style=\"text-align: center;\">Sekretariat czynny od poniedzia\u0142ku do pi\u0105tku w godzinach 9.00-16.00<\/p><p style=\"text-align: center;\"><span style=\"color: #000080; font-family: var( --e-global-typography-text-font-family ), Sans-serif;\"><b>Zarezerwuj miejsce ju\u017c dzi\u015b!<\/b><\/span><\/p><\/div>\t\t\t\t\t\t\t\t<\/div>\n\t\t\t\t<\/div>\n\t\t\t\t<div class=\"elementor-element elementor-element-19d696c6 elementor-align-center elementor-widget elementor-widget-bdt-advanced-button\" data-id=\"19d696c6\" data-element_type=\"widget\" data-widget_type=\"bdt-advanced-button.default\">\n\t\t\t\t<div class=\"elementor-widget-container\">\n\t\t\t\t\t\t\t<div class=\"bdt-ep-button-wrapper\">\r\n\t\t\t<a href=\"\/warszawa\/zapisz-sie\/\" class=\"bdt-ep-button bdt-ep-button-effect-a bdt-ep-button-size-sm\">\r\n\t\t\t\t\t\t<div class=\"bdt-ep-button-content-wrapper bdt-flex bdt-flex-middle bdt-flex-center  \" data-text=\"ZAPISZ SI\u0118\">\r\n\t\t\t\r\n\t\t\t<div class=\"bdt-ep-button-text\">\r\n\r\n                <span class=\"avdbtn-text\">ZAPISZ SI\u0118<\/span>\r\n\r\n\t\t\t\t            <\/div>\r\n\r\n\t\t\t\r\n\t\t<\/div>\r\n\t\t\t\t\t<\/a>\r\n\t\t<\/div>\r\n\t\t\t\t\t\t<\/div>\n\t\t\t\t<\/div>\n\t\t\t\t<div class=\"elementor-element elementor-element-4e01c056 bdt-navbar-style-1 elementor-widget elementor-widget-bdt-scrollnav\" data-id=\"4e01c056\" data-element_type=\"widget\" data-widget_type=\"bdt-scrollnav.default\">\n\t\t\t\t<div class=\"elementor-widget-container\">\n\t\t\t\t\t\t\t<div class=\"bdt-scrollnav bdt-navbar-container bdt-navbar-transparent bdt-navbar \" data-bdt-navbar=\"\">\r\n\t\t\t<div class=\"bdt-navbar-center\">\r\n\t\t\t\t<ul class=\"bdt-nav bdt-nav-default\" data-bdt-scrollspy-nav=\"closest: li; scroll: true; offset: 0;\">\r\n\t\t\t\t\t\t\t\t<li>\r\n\t\t\t\t<a data-tippy-content=\"\" href=\"\/warszawa\/oferta-szkoleniowa\/kursy-i-szkolenia\/kursy-masazu\/masaz-klasyczny\/\">\r\n\t\t\t\t\tMasa\u017c klasyczny\t\t\t\t\t\t\t\t\t<\/a>\r\n\t\t\t<\/li>\r\n\t\t\t\t\t\t<li>\r\n\t\t\t\t<a data-tippy-content=\"\" href=\"\/warszawa\/oferta-szkoleniowa\/kursy-i-szkolenia\/kursy-masazu\/masaz-leczniczy\/\">\r\n\t\t\t\t\tMasa\u017c leczniczy\t\t\t\t\t\t\t\t\t<\/a>\r\n\t\t\t<\/li>\r\n\t\t\t\t\t\t<li>\r\n\t\t\t\t<a data-tippy-content=\"\" href=\"\/warszawa\/oferta-szkoleniowa\/kursy-i-szkolenia\/kursy-masazu\/masaz-goracymi-kamieniami\/\">\r\n\t\t\t\t\tMasa\u017c gor\u0105cymi kamieniami\t\t\t\t\t\t\t\t\t<\/a>\r\n\t\t\t<\/li>\r\n\t\t\t\t\t\t<li>\r\n\t\t\t\t<a data-tippy-content=\"\" href=\"\/warszawa\/oferta-szkoleniowa\/kursy-i-szkolenia\/kursy-masazu\/banka-chinska\/\">\r\n\t\t\t\t\tBa\u0144ka chi\u0144ska\t\t\t\t\t\t\t\t\t<\/a>\r\n\t\t\t<\/li>\r\n\t\t\t\t\t\t\t<\/ul>\r\n\t\t\t<\/div>\r\n\t\t<\/div>\r\n\t    \t\t\t\t<\/div>\n\t\t\t\t<\/div>\n\t\t\t\t\t<\/div>\n\t\t<\/div>\n\t\t\t\t\t<\/div>\n\t\t<\/section>\n\t\t\t\t<\/div>\n\t\t","protected":false},"excerpt":{"rendered":"<p>Ba\u0144ka Chi\u0144ska Warsztaty trwaj\u0105 8 godzin dydaktycznych (1 h &#8211; 45 min). Zainteresowany szkoleniem? Zadzwo\u0144 &#8211; odpowiemy na wszystkie twoje pytania! Monika \u2013 698 592 960 ZAPISZ SI\u0118! Szkolenie trwa: w weekendy \u2013 od godziny 9: 00 do 15:00 W programie m.in.: cellulit czym jest, mechanizm powstawania przyczyny powstawania cellulitu fazy rozwoju cellulitu badanie podmiotowe&#8230;<\/p>\n","protected":false},"author":1,"featured_media":0,"parent":330,"menu_order":0,"comment_status":"closed","ping_status":"closed","template":"","meta":{"footnotes":""},"class_list":["post-342","page","type-page","status-publish","hentry"],"yoast_head":"<!-- This site is optimized with the Yoast SEO plugin v26.8 - https:\/\/yoast.com\/product\/yoast-seo-wordpress\/ -->\n<title>Ba\u0144ka chi\u0144ska_old - Akademia zdrowia \u2013 Warszawa \u2013 Kursy zawodowe, szko\u0142y policealne<\/title>\n<meta name=\"description\" content=\"Ba\u0144ka Chi\u0144ska Warsztaty trwaj\u0105 8 godzin dydaktycznych (1 h - 45 min). Zainteresowany szkoleniem? Zadzwo\u0144 - odpowiemy na wszystkie twoje pytania! Monika \u2013\" \/>\n<meta name=\"robots\" content=\"index, follow, max-snippet:-1, max-image-preview:large, max-video-preview:-1\" \/>\n<link rel=\"canonical\" href=\"https:\/\/akademia-zdrowia.pl\/warszawa\/oferta-szkoleniowa\/kursy-i-szkolenia\/kursy-masazu\/banka-chinska\/\" \/>\n<meta property=\"og:locale\" content=\"pl_PL\" \/>\n<meta property=\"og:type\" content=\"article\" \/>\n<meta property=\"og:title\" content=\"Ba\u0144ka chi\u0144ska_old - Akademia zdrowia \u2013 Warszawa \u2013 Kursy zawodowe, szko\u0142y policealne\" \/>\n<meta property=\"og:description\" content=\"Ba\u0144ka Chi\u0144ska Warsztaty trwaj\u0105 8 godzin dydaktycznych (1 h - 45 min). Zainteresowany szkoleniem? Zadzwo\u0144 - odpowiemy na wszystkie twoje pytania! Monika \u2013\" \/>\n<meta property=\"og:url\" content=\"https:\/\/akademia-zdrowia.pl\/warszawa\/oferta-szkoleniowa\/kursy-i-szkolenia\/kursy-masazu\/banka-chinska\/\" \/>\n<meta property=\"og:site_name\" content=\"Nowa kategoria kursu\" \/>\n<meta property=\"article:modified_time\" content=\"2024-06-30T15:50:14+00:00\" \/>\n<meta property=\"og:image\" content=\"https:\/\/akademia-zdrowia.pl\/lodz\/wp-content\/uploads\/2023\/09\/whatsapp-logo-png-2288-120x120-1.png\" \/>\n<meta name=\"twitter:card\" content=\"summary_large_image\" \/>\n<meta name=\"twitter:label1\" content=\"Szacowany czas czytania\" \/>\n\t<meta name=\"twitter:data1\" content=\"2 minuty\" \/>\n<script type=\"application\/ld+json\" class=\"yoast-schema-graph\">{\"@context\":\"https:\/\/schema.org\",\"@graph\":[{\"@type\":\"WebPage\",\"@id\":\"https:\/\/akademia-zdrowia.pl\/warszawa\/oferta-szkoleniowa\/kursy-i-szkolenia\/kursy-masazu\/banka-chinska\/\",\"url\":\"https:\/\/akademia-zdrowia.pl\/warszawa\/oferta-szkoleniowa\/kursy-i-szkolenia\/kursy-masazu\/banka-chinska\/\",\"name\":\"Ba\u0144ka chi\u0144ska_old - Akademia zdrowia \u2013 Warszawa \u2013 Kursy zawodowe, szko\u0142y policealne\",\"isPartOf\":{\"@id\":\"https:\/\/akademia-zdrowia.pl\/warszawa\/#website\"},\"primaryImageOfPage\":{\"@id\":\"https:\/\/akademia-zdrowia.pl\/warszawa\/oferta-szkoleniowa\/kursy-i-szkolenia\/kursy-masazu\/banka-chinska\/#primaryimage\"},\"image\":{\"@id\":\"https:\/\/akademia-zdrowia.pl\/warszawa\/oferta-szkoleniowa\/kursy-i-szkolenia\/kursy-masazu\/banka-chinska\/#primaryimage\"},\"thumbnailUrl\":\"https:\/\/akademia-zdrowia.pl\/lodz\/wp-content\/uploads\/2023\/09\/whatsapp-logo-png-2288-120x120-1.png\",\"datePublished\":\"2018-01-10T08:50:22+00:00\",\"dateModified\":\"2024-06-30T15:50:14+00:00\",\"description\":\"Ba\u0144ka Chi\u0144ska Warsztaty trwaj\u0105 8 godzin dydaktycznych (1 h - 45 min). Zainteresowany szkoleniem? Zadzwo\u0144 - odpowiemy na wszystkie twoje pytania! Monika \u2013\",\"breadcrumb\":{\"@id\":\"https:\/\/akademia-zdrowia.pl\/warszawa\/oferta-szkoleniowa\/kursy-i-szkolenia\/kursy-masazu\/banka-chinska\/#breadcrumb\"},\"inLanguage\":\"pl-PL\",\"potentialAction\":[{\"@type\":\"ReadAction\",\"target\":[\"https:\/\/akademia-zdrowia.pl\/warszawa\/oferta-szkoleniowa\/kursy-i-szkolenia\/kursy-masazu\/banka-chinska\/\"]}]},{\"@type\":\"ImageObject\",\"inLanguage\":\"pl-PL\",\"@id\":\"https:\/\/akademia-zdrowia.pl\/warszawa\/oferta-szkoleniowa\/kursy-i-szkolenia\/kursy-masazu\/banka-chinska\/#primaryimage\",\"url\":\"https:\/\/akademia-zdrowia.pl\/lodz\/wp-content\/uploads\/2023\/09\/whatsapp-logo-png-2288-120x120-1.png\",\"contentUrl\":\"https:\/\/akademia-zdrowia.pl\/lodz\/wp-content\/uploads\/2023\/09\/whatsapp-logo-png-2288-120x120-1.png\"},{\"@type\":\"BreadcrumbList\",\"@id\":\"https:\/\/akademia-zdrowia.pl\/warszawa\/oferta-szkoleniowa\/kursy-i-szkolenia\/kursy-masazu\/banka-chinska\/#breadcrumb\",\"itemListElement\":[{\"@type\":\"ListItem\",\"position\":1,\"name\":\"Strona g\u0142\u00f3wna\",\"item\":\"https:\/\/akademia-zdrowia.pl\/warszawa\/\"},{\"@type\":\"ListItem\",\"position\":2,\"name\":\"Oferta szkoleniowa\",\"item\":\"https:\/\/akademia-zdrowia.pl\/warszawa\/oferta-szkoleniowa\/\"},{\"@type\":\"ListItem\",\"position\":3,\"name\":\"Kursy i szkolenia\",\"item\":\"https:\/\/akademia-zdrowia.pl\/warszawa\/oferta-szkoleniowa\/kursy-i-szkolenia\/\"},{\"@type\":\"ListItem\",\"position\":4,\"name\":\"Kursy masa\u017cu\",\"item\":\"https:\/\/akademia-zdrowia.pl\/warszawa\/oferta-szkoleniowa\/kursy-i-szkolenia\/kursy-masazu\/\"},{\"@type\":\"ListItem\",\"position\":5,\"name\":\"Ba\u0144ka chi\u0144ska_old\"}]},{\"@type\":\"WebSite\",\"@id\":\"https:\/\/akademia-zdrowia.pl\/warszawa\/#website\",\"url\":\"https:\/\/akademia-zdrowia.pl\/warszawa\/\",\"name\":\"Nowa kategoria kursu\",\"description\":\"Nowy kurs \",\"potentialAction\":[{\"@type\":\"SearchAction\",\"target\":{\"@type\":\"EntryPoint\",\"urlTemplate\":\"https:\/\/akademia-zdrowia.pl\/warszawa\/?s={search_term_string}\"},\"query-input\":{\"@type\":\"PropertyValueSpecification\",\"valueRequired\":true,\"valueName\":\"search_term_string\"}}],\"inLanguage\":\"pl-PL\"}]}<\/script>\n<!-- \/ Yoast SEO plugin. -->","yoast_head_json":{"title":"Ba\u0144ka chi\u0144ska_old - Akademia zdrowia \u2013 Warszawa \u2013 Kursy zawodowe, szko\u0142y policealne","description":"Ba\u0144ka Chi\u0144ska Warsztaty trwaj\u0105 8 godzin dydaktycznych (1 h - 45 min). Zainteresowany szkoleniem? Zadzwo\u0144 - odpowiemy na wszystkie twoje pytania! Monika \u2013","robots":{"index":"index","follow":"follow","max-snippet":"max-snippet:-1","max-image-preview":"max-image-preview:large","max-video-preview":"max-video-preview:-1"},"canonical":"https:\/\/akademia-zdrowia.pl\/warszawa\/oferta-szkoleniowa\/kursy-i-szkolenia\/kursy-masazu\/banka-chinska\/","og_locale":"pl_PL","og_type":"article","og_title":"Ba\u0144ka chi\u0144ska_old - Akademia zdrowia \u2013 Warszawa \u2013 Kursy zawodowe, szko\u0142y policealne","og_description":"Ba\u0144ka Chi\u0144ska Warsztaty trwaj\u0105 8 godzin dydaktycznych (1 h - 45 min). Zainteresowany szkoleniem? Zadzwo\u0144 - odpowiemy na wszystkie twoje pytania! Monika \u2013","og_url":"https:\/\/akademia-zdrowia.pl\/warszawa\/oferta-szkoleniowa\/kursy-i-szkolenia\/kursy-masazu\/banka-chinska\/","og_site_name":"Nowa kategoria kursu","article_modified_time":"2024-06-30T15:50:14+00:00","og_image":[{"url":"https:\/\/akademia-zdrowia.pl\/lodz\/wp-content\/uploads\/2023\/09\/whatsapp-logo-png-2288-120x120-1.png","type":"","width":"","height":""}],"twitter_card":"summary_large_image","twitter_misc":{"Szacowany czas czytania":"2 minuty"},"schema":{"@context":"https:\/\/schema.org","@graph":[{"@type":"WebPage","@id":"https:\/\/akademia-zdrowia.pl\/warszawa\/oferta-szkoleniowa\/kursy-i-szkolenia\/kursy-masazu\/banka-chinska\/","url":"https:\/\/akademia-zdrowia.pl\/warszawa\/oferta-szkoleniowa\/kursy-i-szkolenia\/kursy-masazu\/banka-chinska\/","name":"Ba\u0144ka chi\u0144ska_old - Akademia zdrowia \u2013 Warszawa \u2013 Kursy zawodowe, szko\u0142y policealne","isPartOf":{"@id":"https:\/\/akademia-zdrowia.pl\/warszawa\/#website"},"primaryImageOfPage":{"@id":"https:\/\/akademia-zdrowia.pl\/warszawa\/oferta-szkoleniowa\/kursy-i-szkolenia\/kursy-masazu\/banka-chinska\/#primaryimage"},"image":{"@id":"https:\/\/akademia-zdrowia.pl\/warszawa\/oferta-szkoleniowa\/kursy-i-szkolenia\/kursy-masazu\/banka-chinska\/#primaryimage"},"thumbnailUrl":"https:\/\/akademia-zdrowia.pl\/lodz\/wp-content\/uploads\/2023\/09\/whatsapp-logo-png-2288-120x120-1.png","datePublished":"2018-01-10T08:50:22+00:00","dateModified":"2024-06-30T15:50:14+00:00","description":"Ba\u0144ka Chi\u0144ska Warsztaty trwaj\u0105 8 godzin dydaktycznych (1 h - 45 min). Zainteresowany szkoleniem? Zadzwo\u0144 - odpowiemy na wszystkie twoje pytania! Monika \u2013","breadcrumb":{"@id":"https:\/\/akademia-zdrowia.pl\/warszawa\/oferta-szkoleniowa\/kursy-i-szkolenia\/kursy-masazu\/banka-chinska\/#breadcrumb"},"inLanguage":"pl-PL","potentialAction":[{"@type":"ReadAction","target":["https:\/\/akademia-zdrowia.pl\/warszawa\/oferta-szkoleniowa\/kursy-i-szkolenia\/kursy-masazu\/banka-chinska\/"]}]},{"@type":"ImageObject","inLanguage":"pl-PL","@id":"https:\/\/akademia-zdrowia.pl\/warszawa\/oferta-szkoleniowa\/kursy-i-szkolenia\/kursy-masazu\/banka-chinska\/#primaryimage","url":"https:\/\/akademia-zdrowia.pl\/lodz\/wp-content\/uploads\/2023\/09\/whatsapp-logo-png-2288-120x120-1.png","contentUrl":"https:\/\/akademia-zdrowia.pl\/lodz\/wp-content\/uploads\/2023\/09\/whatsapp-logo-png-2288-120x120-1.png"},{"@type":"BreadcrumbList","@id":"https:\/\/akademia-zdrowia.pl\/warszawa\/oferta-szkoleniowa\/kursy-i-szkolenia\/kursy-masazu\/banka-chinska\/#breadcrumb","itemListElement":[{"@type":"ListItem","position":1,"name":"Strona g\u0142\u00f3wna","item":"https:\/\/akademia-zdrowia.pl\/warszawa\/"},{"@type":"ListItem","position":2,"name":"Oferta szkoleniowa","item":"https:\/\/akademia-zdrowia.pl\/warszawa\/oferta-szkoleniowa\/"},{"@type":"ListItem","position":3,"name":"Kursy i szkolenia","item":"https:\/\/akademia-zdrowia.pl\/warszawa\/oferta-szkoleniowa\/kursy-i-szkolenia\/"},{"@type":"ListItem","position":4,"name":"Kursy masa\u017cu","item":"https:\/\/akademia-zdrowia.pl\/warszawa\/oferta-szkoleniowa\/kursy-i-szkolenia\/kursy-masazu\/"},{"@type":"ListItem","position":5,"name":"Ba\u0144ka chi\u0144ska_old"}]},{"@type":"WebSite","@id":"https:\/\/akademia-zdrowia.pl\/warszawa\/#website","url":"https:\/\/akademia-zdrowia.pl\/warszawa\/","name":"Nowa kategoria kursu","description":"Nowy kurs ","potentialAction":[{"@type":"SearchAction","target":{"@type":"EntryPoint","urlTemplate":"https:\/\/akademia-zdrowia.pl\/warszawa\/?s={search_term_string}"},"query-input":{"@type":"PropertyValueSpecification","valueRequired":true,"valueName":"search_term_string"}}],"inLanguage":"pl-PL"}]}},"_links":{"self":[{"href":"https:\/\/akademia-zdrowia.pl\/warszawa\/wp-json\/wp\/v2\/pages\/342","targetHints":{"allow":["GET"]}}],"collection":[{"href":"https:\/\/akademia-zdrowia.pl\/warszawa\/wp-json\/wp\/v2\/pages"}],"about":[{"href":"https:\/\/akademia-zdrowia.pl\/warszawa\/wp-json\/wp\/v2\/types\/page"}],"author":[{"embeddable":true,"href":"https:\/\/akademia-zdrowia.pl\/warszawa\/wp-json\/wp\/v2\/users\/1"}],"replies":[{"embeddable":true,"href":"https:\/\/akademia-zdrowia.pl\/warszawa\/wp-json\/wp\/v2\/comments?post=342"}],"version-history":[{"count":24,"href":"https:\/\/akademia-zdrowia.pl\/warszawa\/wp-json\/wp\/v2\/pages\/342\/revisions"}],"predecessor-version":[{"id":5078,"href":"https:\/\/akademia-zdrowia.pl\/warszawa\/wp-json\/wp\/v2\/pages\/342\/revisions\/5078"}],"up":[{"embeddable":true,"href":"https:\/\/akademia-zdrowia.pl\/warszawa\/wp-json\/wp\/v2\/pages\/330"}],"wp:attachment":[{"href":"https:\/\/akademia-zdrowia.pl\/warszawa\/wp-json\/wp\/v2\/media?parent=342"}],"curies":[{"name":"wp","href":"https:\/\/api.w.org\/{rel}","templated":true}]}}