{"id":3430,"date":"2022-06-20T14:55:00","date_gmt":"2022-06-20T12:55:00","guid":{"rendered":"https:\/\/akademia-zdrowia.pl\/warszawa\/?page_id=3430"},"modified":"2024-09-24T13:41:15","modified_gmt":"2024-09-24T11:41:15","slug":"masaz-kobido","status":"publish","type":"page","link":"https:\/\/akademia-zdrowia.pl\/warszawa\/oferta-szkoleniowa\/kursy-i-szkolenia\/kursy-kosmetyczno-fryzjerskie\/masaz-kobido\/","title":{"rendered":"Masa\u017c Kobido"},"content":{"rendered":"\t\t<div data-elementor-type=\"wp-page\" data-elementor-id=\"3430\" class=\"elementor elementor-3430\" data-elementor-post-type=\"page\">\n\t\t\t\t\t\t<section class=\"elementor-section elementor-top-section elementor-element elementor-element-1c1289e elementor-section-boxed elementor-section-height-default elementor-section-height-default\" data-id=\"1c1289e\" data-element_type=\"section\">\n\t\t\t\t\t\t<div class=\"elementor-container elementor-column-gap-default\">\n\t\t\t\t\t<div class=\"elementor-column elementor-col-33 elementor-top-column elementor-element elementor-element-2255ee2\" data-id=\"2255ee2\" data-element_type=\"column\">\n\t\t\t<div class=\"elementor-widget-wrap\">\n\t\t\t\t\t\t\t<\/div>\n\t\t<\/div>\n\t\t\t\t<div class=\"elementor-column elementor-col-33 elementor-top-column elementor-element elementor-element-4b5848e\" data-id=\"4b5848e\" data-element_type=\"column\">\n\t\t\t<div class=\"elementor-widget-wrap elementor-element-populated\">\n\t\t\t\t\t\t<div class=\"elementor-element elementor-element-162d26f elementor-widget elementor-widget-rs-heading\" data-id=\"162d26f\" data-element_type=\"widget\" data-widget_type=\"rs-heading.default\">\n\t\t\t\t<div class=\"elementor-widget-container\">\n\t\t\t\t\t        <div class=\"rs-heading default center\">\r\n        \t<div class=\"title-inner\">\r\n        \t\t      \t\t\r\n\t            <span class=\"sub-text \">AKADEMIA ZDROWIA DLA BRAN\u017bY BEAUTY<\/span><h2 class=\"title\"><span class=\"watermark\"><\/span>Masa\u017c kobido<\/h2>\t        <\/div>\r\n\t                <\/div>\r\n        \t\t\t\t<\/div>\n\t\t\t\t<\/div>\n\t\t\t\t\t<\/div>\n\t\t<\/div>\n\t\t\t\t<div class=\"elementor-column elementor-col-33 elementor-top-column elementor-element elementor-element-5aa08a0\" data-id=\"5aa08a0\" data-element_type=\"column\">\n\t\t\t<div class=\"elementor-widget-wrap\">\n\t\t\t\t\t\t\t<\/div>\n\t\t<\/div>\n\t\t\t\t\t<\/div>\n\t\t<\/section>\n\t\t\t\t<section class=\"elementor-section elementor-top-section elementor-element elementor-element-1bf0cdf elementor-section-stretched elementor-section-boxed elementor-section-height-default elementor-section-height-default\" data-id=\"1bf0cdf\" data-element_type=\"section\" data-settings=\"{&quot;background_background&quot;:&quot;classic&quot;,&quot;stretch_section&quot;:&quot;section-stretched&quot;}\">\n\t\t\t\t\t\t<div class=\"elementor-container elementor-column-gap-default\">\n\t\t\t\t\t<div class=\"elementor-column elementor-col-50 elementor-top-column elementor-element elementor-element-95f086b\" data-id=\"95f086b\" data-element_type=\"column\">\n\t\t\t<div class=\"elementor-widget-wrap elementor-element-populated\">\n\t\t\t\t\t\t<div class=\"elementor-element elementor-element-9d15002 elementor-widget elementor-widget-rs-heading\" data-id=\"9d15002\" data-element_type=\"widget\" data-widget_type=\"rs-heading.default\">\n\t\t\t\t<div class=\"elementor-widget-container\">\n\t\t\t\t\t        <div class=\"rs-heading default \">\r\n        \t<div class=\"title-inner\">\r\n        \t\t      \t\t\r\n\t            <span class=\"sub-text \">JAK WYGL\u0104DA SZKOLENIE<\/span><h2 class=\"title\"><span class=\"watermark\"><\/span>Program szkolenia<\/h2>\t        <\/div>\r\n\t                    \t<div class=\"description\">\r\n            \t\t<p class=\"v1MsoNormal\">\u201eKO-BI-DO\u201d w t\u0142umaczeniu oznacza \u201eDroga do Naturalnego Pi\u0119kna. Ta procedura zabiegowa bazuje na tradycji medycyny chi\u0144skiej, znanej jako \u201eamma\u201d (dos\u0142. \u201enaciskanie\/pocieranie), a jej korzenie si\u0119gaj\u0105 pi\u0119tnastego stulecia<\/p><p class=\"v1MsoNormal\">Okre\u015blenie \u201eniechirurgiczny lifting twarzy\u201d nie jest przypadkowe. \u00d3w zabieg z racji swojej z\u0142o\u017cono\u015bci i intensywno\u015bci dzia\u0142a zar\u00f3wno powierzchniowo jak i w g\u0142\u0119bokich warstwach sk\u00f3ry twarzy, mi\u0119\u015bni i powi\u0119zi.<\/p><p class=\"v1MsoNormal\">Dzi\u0119ki tak stymuluj\u0105cym technikom \u2013 sk\u00f3ra staje si\u0119 mocniejsza. Dzia\u0142amy na niej do\u015b\u0107 g\u0142\u0119boko, dzi\u0119ki czemu oczyszcza si\u0119 z toksyn przez popraw\u0119 pracy uk\u0142adu limfatycznego i krwiono\u015bnego \u2013 staje si\u0119 lepiej dotleniona. W trakcie masa\u017cu pobudza si\u0119 r\u00f3wnie\u017c prac\u0119 nerw\u00f3w i napi\u0119cie mi\u0119\u015bni. Efektem zatem \u2013 jest naturalny lifting<\/p><p class=\"v1MsoNormal\">Ta zaawansowana metoda masa\u017cu obejmuje z\u0142o\u017cone techniki manualne \u2013 to wszak kombinacja wielu tradycyjnych metod i technik chwyt\u00f3w masa\u017cu, a ich wsp\u00f3lnymi cechami s\u0105 precyzja, si\u0142a i szybko\u015b\u0107. Zabieg nie jest bolesny, ale wywo\u0142uje odczucia na granicy bolesno\u015bci i dopiero w\u00f3wczas mo\u017cemy m\u00f3wi\u0107 o prawid\u0142owym jego wykonaniu<\/p><p class=\"v1MsoNormal\">Celem tego zabiegu jest lifting, poprawa kondycji przede wszystkim struktur podsk\u00f3rnych, sk\u00f3ry oraz praca na punktach akupresurowych. W za\u0142o\u017ceniu ma to doprowadzi\u0107 do r\u00f3wnowagi w sk\u00f3rze oraz mi\u0119\u015bniach twarzy.<\/p><p class=\"v1MsoNormal\">To wieloetapowy zabieg \u2013 rozpoczyna si\u0119 od demakija\u017cu, za\u015b kolejne kroki to relaksuj\u0105cy, g\u0142\u0119boki masa\u017c; drena\u017c limfatyczny; faza liftinguj\u0105ca oraz modeluj\u0105ca po kt\u00f3rej przechodzimy do masa\u017cu kulami solnymi i akupresury. Fina\u0142em za\u015b jest oklejenie twarzy pacjenta ta\u015bmami do plastrowania dynamicznego.<\/p><p class=\"v1MsoNormal\"><strong>Korzy\u015bci z Kobido<\/strong><\/p><p class=\"v1MsoNormal\">Regularne wykonywanie tego zabiegu mo\u017ce prowadzi\u0107 do:<\/p><ul><li class=\"v1MsoNormal\">zniwelowania napi\u0119\u0107 mi\u0119\u015bniowych, kt\u00f3re w du\u017cej mierze odpowiada za tworzenie si\u0119 zmarszczek mimicznych<\/li><li class=\"v1MsoNormal\">zmniejszenia oznak starzenia si\u0119 sk\u00f3ry<\/li><li class=\"v1MsoNormal\">uzyskania \u201ezrelaksowanego\u201d wygl\u0105du dzi\u0119ki pracy na strukturach g\u0142\u0119bokich.<\/li><li class=\"v1MsoNormal\">pobudzenia metabolizmu kom\u00f3rkowego<\/li><li class=\"v1MsoNormal\">oczyszczenia sk\u00f3ry z toksyn<\/li><li class=\"v1MsoNormal\">pobudzenia sk\u00f3ry do produkcji min. kolagenu i elastyny<\/li><li class=\"v1MsoNormal\">uzyskania efektu liftingu twarzy<\/li><li class=\"v1MsoNormal\">poprawienia si\u0119 kontur\u00f3w twarzy<\/li><\/ul><p class=\"v1MsoNormal\"><strong>Wskazania do zabiegu:<\/strong><\/p><p class=\"v1MsoNormal\">Procedura kierowana jest do os\u00f3b chc\u0105cych zachowa\u0107 m\u0142ody wygl\u0105d, jednocze\u015bnie nie b\u0119d\u0105cych przekonanymi do innych, bardziej inwazyjnych metod z zakresu medycyny estetycznej (toksyna botulinowa, wype\u0142niacze, nici liftinguj\u0105ce np. PDO).<\/p><p class=\"v1MsoNormal\"><strong>Bezpo\u015brednimi wskazaniami do wykonania serii zabieg\u00f3w Kobido s\u0105 min.:<\/strong><\/p><ul><li class=\"v1MsoNormal\">wiotka, pomarszczona sk\u00f3ra w obr\u0119bie twarzy, dekoltu, szyi i ramion<\/li><li class=\"v1MsoNormal\">napi\u0119cia mi\u0119\u015bniowe w obr\u0119bie g\u0142owy, ramion, karku, dekoltu<\/li><li class=\"v1MsoNormal\">bruksizm i szcz\u0119ko\u015bcisk<\/li><\/ul><p><strong>Kurs obejmuje 16 godzin.<\/strong><br \/><strong>Po kr\u00f3tkim wst\u0119pie teoretycznym przechodzimy od razu do praktyki !!!<\/strong><\/p>            \t\t\r\n            \t<\/div>\r\n        \t        <\/div>\r\n        \t\t\t\t<\/div>\n\t\t\t\t<\/div>\n\t\t\t\t<section class=\"elementor-section elementor-inner-section elementor-element elementor-element-189c8d9 elementor-section-boxed elementor-section-height-default elementor-section-height-default\" data-id=\"189c8d9\" data-element_type=\"section\">\n\t\t\t\t\t\t<div class=\"elementor-container elementor-column-gap-default\">\n\t\t\t\t\t<div class=\"elementor-column elementor-col-100 elementor-inner-column elementor-element elementor-element-eaadce7\" data-id=\"eaadce7\" data-element_type=\"column\">\n\t\t\t<div class=\"elementor-widget-wrap elementor-element-populated\">\n\t\t\t\t\t\t<div class=\"elementor-element elementor-element-cabd687 elementor-widget elementor-widget-rs-button\" data-id=\"cabd687\" data-element_type=\"widget\" data-widget_type=\"rs-button.default\">\n\t\t\t\t<div class=\"elementor-widget-container\">\n\t\t\t\t\t\t\r\n\t\t\r\n\t\t<div class=\"rs-view-btn\">\r\n\t\t\t\t\t\t<a class=\"rs-btn rs-btnblack rs-btn-style1\" href=\"tel:+48698592960\" >\t\t\t\t\r\n\t\t\t\t<span class=\"rs_btn__text\"><span class=\"btn_text\">ZADZWO\u0143 - Monika 698 592 960<\/span><\/span>\r\n\t\t\t<\/a>\r\n\t\t<\/div>    \r\n\t\t\t\t\t<\/div>\n\t\t\t\t<\/div>\n\t\t\t\t<div class=\"elementor-element elementor-element-fc7c81b elementor-widget elementor-widget-rs-button\" data-id=\"fc7c81b\" data-element_type=\"widget\" data-widget_type=\"rs-button.default\">\n\t\t\t\t<div class=\"elementor-widget-container\">\n\t\t\t\t\t\t\r\n\t\t\r\n\t\t<div class=\"rs-view-btn\">\r\n\t\t\t\t\t\t<a class=\"rs-btn rs-btnblack rs-btn-style1\" href=\"tel:+48662486675\" >\t\t\t\t\r\n\t\t\t\t<span class=\"rs_btn__text\"><span class=\"btn_text\">ZADZWO\u0143 - Ma\u0142gorzata 662 486 675<\/span><\/span>\r\n\t\t\t<\/a>\r\n\t\t<\/div>    \r\n\t\t\t\t\t<\/div>\n\t\t\t\t<\/div>\n\t\t\t\t\t<\/div>\n\t\t<\/div>\n\t\t\t\t\t<\/div>\n\t\t<\/section>\n\t\t\t\t\t<\/div>\n\t\t<\/div>\n\t\t\t\t<div class=\"elementor-column elementor-col-50 elementor-top-column elementor-element elementor-element-4ed9988\" data-id=\"4ed9988\" data-element_type=\"column\">\n\t\t\t<div class=\"elementor-widget-wrap elementor-element-populated\">\n\t\t\t\t\t\t<div class=\"elementor-element elementor-element-036383a elementor-widget elementor-widget-image\" data-id=\"036383a\" data-element_type=\"widget\" data-widget_type=\"image.default\">\n\t\t\t\t<div class=\"elementor-widget-container\">\n\t\t\t\t\t\t\t\t\t\t\t\t\t\t\t<img fetchpriority=\"high\" decoding=\"async\" width=\"640\" height=\"928\" src=\"https:\/\/akademia-zdrowia.pl\/warszawa\/wp-content\/uploads\/2024\/08\/kobido_az_2-706x1024.jpg\" class=\"attachment-large size-large wp-image-5441\" alt=\"\" srcset=\"https:\/\/akademia-zdrowia.pl\/warszawa\/wp-content\/uploads\/2024\/08\/kobido_az_2-706x1024.jpg 706w, https:\/\/akademia-zdrowia.pl\/warszawa\/wp-content\/uploads\/2024\/08\/kobido_az_2-207x300.jpg 207w, https:\/\/akademia-zdrowia.pl\/warszawa\/wp-content\/uploads\/2024\/08\/kobido_az_2-768x1114.jpg 768w, https:\/\/akademia-zdrowia.pl\/warszawa\/wp-content\/uploads\/2024\/08\/kobido_az_2-500x725.jpg 500w, https:\/\/akademia-zdrowia.pl\/warszawa\/wp-content\/uploads\/2024\/08\/kobido_az_2.jpg 812w\" sizes=\"(max-width: 640px) 100vw, 640px\" \/>\t\t\t\t\t\t\t\t\t\t\t\t\t\t\t<\/div>\n\t\t\t\t<\/div>\n\t\t\t\t\t<\/div>\n\t\t<\/div>\n\t\t\t\t\t<\/div>\n\t\t<\/section>\n\t\t\t\t<section class=\"elementor-section elementor-top-section elementor-element elementor-element-1571f95 elementor-section-boxed elementor-section-height-default elementor-section-height-default\" data-id=\"1571f95\" data-element_type=\"section\">\n\t\t\t\t\t\t<div class=\"elementor-container elementor-column-gap-default\">\n\t\t\t\t\t<div class=\"elementor-column elementor-col-50 elementor-top-column elementor-element elementor-element-4fc8413\" data-id=\"4fc8413\" data-element_type=\"column\" data-settings=\"{&quot;background_background&quot;:&quot;classic&quot;}\">\n\t\t\t<div class=\"elementor-widget-wrap elementor-element-populated\">\n\t\t\t\t\t\t<div class=\"elementor-element elementor-element-fbff794 elementor-widget-mobile__width-initial elementor-widget elementor-widget-rs-heading\" data-id=\"fbff794\" data-element_type=\"widget\" data-widget_type=\"rs-heading.default\">\n\t\t\t\t<div class=\"elementor-widget-container\">\n\t\t\t\t\t        <div class=\"rs-heading default \">\r\n        \t<div class=\"title-inner\">\r\n        \t\t      \t\t\r\n\t            <span class=\"sub-text \">MASZ PYTANIA? CHCESZ SI\u0118 ZAPISA\u0106?<\/span><h2 class=\"title\"><span class=\"watermark\"><\/span>Skontaktuj  si\u0119 z nami!<\/h2>\t        <\/div>\r\n\t                    \t<div class=\"description\">\r\n            \t\t<p>Kliknij 'Zadzwo\u0144', aby po\u0142\u0105czy\u0107 si\u0119 z opiekunem kursu!<\/p>            \t\t\r\n            \t<\/div>\r\n        \t        <\/div>\r\n        \t\t\t\t<\/div>\n\t\t\t\t<\/div>\n\t\t\t\t<div class=\"elementor-element elementor-element-b051120 elementor-widget elementor-widget-rs-button\" data-id=\"b051120\" data-element_type=\"widget\" data-widget_type=\"rs-button.default\">\n\t\t\t\t<div class=\"elementor-widget-container\">\n\t\t\t\t\t\t\r\n\t\t\r\n\t\t<div class=\"rs-view-btn\">\r\n\t\t\t\t\t\t<a class=\"rs-btn rs-btnblack rs-btn-style1\" href=\"tel:+4841368066\" >\t\t\t\t\r\n\t\t\t\t<span class=\"rs_btn__text\"><span class=\"btn_text\">ZADZWO\u0143<\/span><\/span>\r\n\t\t\t<\/a>\r\n\t\t<\/div>    \r\n\t\t\t\t\t<\/div>\n\t\t\t\t<\/div>\n\t\t\t\t\t<\/div>\n\t\t<\/div>\n\t\t\t\t<div class=\"elementor-column elementor-col-50 elementor-top-column elementor-element elementor-element-0271dc9\" data-id=\"0271dc9\" data-element_type=\"column\">\n\t\t\t<div class=\"elementor-widget-wrap elementor-element-populated\">\n\t\t\t\t\t\t<div class=\"elementor-element elementor-element-f763ec8 elementor-widget elementor-widget-rs-heading\" data-id=\"f763ec8\" data-element_type=\"widget\" data-widget_type=\"rs-heading.default\">\n\t\t\t\t<div class=\"elementor-widget-container\">\n\t\t\t\t\t        <div class=\"rs-heading default \">\r\n        \t<div class=\"title-inner\">\r\n        \t\t      \t\t\r\n\t            <span class=\"sub-text \">ZAUFANY PARTNER<\/span><h2 class=\"title\"><span class=\"watermark\"><\/span>Dlaczego warto wybra\u0107 nas<\/h2>\t        <\/div>\r\n\t                    \t<div class=\"description\">\r\n            \t\t<p>Zaufaj naszemu wieloletniemu do\u015bwiadczeniu i zespo\u0142owi specjalist\u00f3w. Oferujemy profesjonalne szkolenia, kt\u00f3re pomog\u0105 rozwija\u0107 Tw\u00f3j biznes. Wybieraj\u0105c nas, inwestujesz w sprawdzonego partnera, kt\u00f3ry wspiera sukces Twojej firmy. Skontaktuj si\u0119 z nami i zacznij rozwija\u0107 si\u0119 razem z nami!<\/p>            \t\t\r\n            \t<\/div>\r\n        \t        <\/div>\r\n        \t\t\t\t<\/div>\n\t\t\t\t<\/div>\n\t\t\t\t\t<\/div>\n\t\t<\/div>\n\t\t\t\t\t<\/div>\n\t\t<\/section>\n\t\t\t\t<\/div>\n\t\t","protected":false},"excerpt":{"rendered":"<p>AKADEMIA ZDROWIA DLA BRAN\u017bY BEAUTY Masa\u017c kobido JAK WYGL\u0104DA SZKOLENIE Program szkolenia \u201eKO-BI-DO\u201d w t\u0142umaczeniu oznacza \u201eDroga do Naturalnego Pi\u0119kna. Ta procedura zabiegowa bazuje na tradycji medycyny chi\u0144skiej, znanej jako \u201eamma\u201d (dos\u0142. \u201enaciskanie\/pocieranie), a jej korzenie si\u0119gaj\u0105 pi\u0119tnastego stulecia Okre\u015blenie \u201eniechirurgiczny lifting twarzy\u201d nie jest przypadkowe. \u00d3w zabieg z racji swojej z\u0142o\u017cono\u015bci i intensywno\u015bci dzia\u0142a&#8230;<\/p>\n","protected":false},"author":3,"featured_media":0,"parent":320,"menu_order":0,"comment_status":"closed","ping_status":"closed","template":"","meta":{"footnotes":""},"class_list":["post-3430","page","type-page","status-publish","hentry"],"yoast_head":"<!-- This site is optimized with the Yoast SEO plugin v26.8 - https:\/\/yoast.com\/product\/yoast-seo-wordpress\/ -->\n<title>Masa\u017c Kobido - Akademia zdrowia \u2013 Warszawa \u2013 Kursy zawodowe, szko\u0142y policealne<\/title>\n<meta name=\"description\" content=\"AKADEMIA ZDROWIA DLA BRAN\u017bY BEAUTYMasa\u017c kobido JAK WYGL\u0104DA SZKOLENIEProgram szkolenia \u201eKO-BI-DO\u201d w t\u0142umaczeniu oznacza \u201eDroga do Naturalnego Pi\u0119kna. Ta\" \/>\n<meta name=\"robots\" content=\"index, follow, max-snippet:-1, max-image-preview:large, max-video-preview:-1\" \/>\n<link rel=\"canonical\" href=\"https:\/\/akademia-zdrowia.pl\/warszawa\/oferta-szkoleniowa\/kursy-i-szkolenia\/kursy-kosmetyczno-fryzjerskie\/masaz-kobido\/\" \/>\n<meta property=\"og:locale\" content=\"pl_PL\" \/>\n<meta property=\"og:type\" content=\"article\" \/>\n<meta property=\"og:title\" content=\"Masa\u017c Kobido - Akademia zdrowia \u2013 Warszawa \u2013 Kursy zawodowe, szko\u0142y policealne\" \/>\n<meta property=\"og:description\" content=\"AKADEMIA ZDROWIA DLA BRAN\u017bY BEAUTYMasa\u017c kobido JAK WYGL\u0104DA SZKOLENIEProgram szkolenia \u201eKO-BI-DO\u201d w t\u0142umaczeniu oznacza \u201eDroga do Naturalnego Pi\u0119kna. Ta\" \/>\n<meta property=\"og:url\" content=\"https:\/\/akademia-zdrowia.pl\/warszawa\/oferta-szkoleniowa\/kursy-i-szkolenia\/kursy-kosmetyczno-fryzjerskie\/masaz-kobido\/\" \/>\n<meta property=\"og:site_name\" content=\"Nowa kategoria kursu\" \/>\n<meta property=\"article:modified_time\" content=\"2024-09-24T11:41:15+00:00\" \/>\n<meta property=\"og:image\" content=\"https:\/\/akademia-zdrowia.pl\/warszawa\/wp-content\/uploads\/2024\/08\/kobido_az_2-706x1024.jpg\" \/>\n<meta name=\"twitter:card\" content=\"summary_large_image\" \/>\n<meta name=\"twitter:label1\" content=\"Szacowany czas czytania\" \/>\n\t<meta name=\"twitter:data1\" content=\"3 minuty\" \/>\n<script type=\"application\/ld+json\" class=\"yoast-schema-graph\">{\"@context\":\"https:\/\/schema.org\",\"@graph\":[{\"@type\":\"WebPage\",\"@id\":\"https:\/\/akademia-zdrowia.pl\/warszawa\/oferta-szkoleniowa\/kursy-i-szkolenia\/kursy-kosmetyczno-fryzjerskie\/masaz-kobido\/\",\"url\":\"https:\/\/akademia-zdrowia.pl\/warszawa\/oferta-szkoleniowa\/kursy-i-szkolenia\/kursy-kosmetyczno-fryzjerskie\/masaz-kobido\/\",\"name\":\"Masa\u017c Kobido - Akademia zdrowia \u2013 Warszawa \u2013 Kursy zawodowe, szko\u0142y policealne\",\"isPartOf\":{\"@id\":\"https:\/\/akademia-zdrowia.pl\/warszawa\/#website\"},\"primaryImageOfPage\":{\"@id\":\"https:\/\/akademia-zdrowia.pl\/warszawa\/oferta-szkoleniowa\/kursy-i-szkolenia\/kursy-kosmetyczno-fryzjerskie\/masaz-kobido\/#primaryimage\"},\"image\":{\"@id\":\"https:\/\/akademia-zdrowia.pl\/warszawa\/oferta-szkoleniowa\/kursy-i-szkolenia\/kursy-kosmetyczno-fryzjerskie\/masaz-kobido\/#primaryimage\"},\"thumbnailUrl\":\"https:\/\/akademia-zdrowia.pl\/warszawa\/wp-content\/uploads\/2024\/08\/kobido_az_2-706x1024.jpg\",\"datePublished\":\"2022-06-20T12:55:00+00:00\",\"dateModified\":\"2024-09-24T11:41:15+00:00\",\"description\":\"AKADEMIA ZDROWIA DLA BRAN\u017bY BEAUTYMasa\u017c kobido JAK WYGL\u0104DA SZKOLENIEProgram szkolenia \u201eKO-BI-DO\u201d w t\u0142umaczeniu oznacza \u201eDroga do Naturalnego Pi\u0119kna. Ta\",\"breadcrumb\":{\"@id\":\"https:\/\/akademia-zdrowia.pl\/warszawa\/oferta-szkoleniowa\/kursy-i-szkolenia\/kursy-kosmetyczno-fryzjerskie\/masaz-kobido\/#breadcrumb\"},\"inLanguage\":\"pl-PL\",\"potentialAction\":[{\"@type\":\"ReadAction\",\"target\":[\"https:\/\/akademia-zdrowia.pl\/warszawa\/oferta-szkoleniowa\/kursy-i-szkolenia\/kursy-kosmetyczno-fryzjerskie\/masaz-kobido\/\"]}]},{\"@type\":\"ImageObject\",\"inLanguage\":\"pl-PL\",\"@id\":\"https:\/\/akademia-zdrowia.pl\/warszawa\/oferta-szkoleniowa\/kursy-i-szkolenia\/kursy-kosmetyczno-fryzjerskie\/masaz-kobido\/#primaryimage\",\"url\":\"https:\/\/akademia-zdrowia.pl\/warszawa\/wp-content\/uploads\/2024\/08\/kobido_az_2.jpg\",\"contentUrl\":\"https:\/\/akademia-zdrowia.pl\/warszawa\/wp-content\/uploads\/2024\/08\/kobido_az_2.jpg\",\"width\":812,\"height\":1178},{\"@type\":\"BreadcrumbList\",\"@id\":\"https:\/\/akademia-zdrowia.pl\/warszawa\/oferta-szkoleniowa\/kursy-i-szkolenia\/kursy-kosmetyczno-fryzjerskie\/masaz-kobido\/#breadcrumb\",\"itemListElement\":[{\"@type\":\"ListItem\",\"position\":1,\"name\":\"Strona g\u0142\u00f3wna\",\"item\":\"https:\/\/akademia-zdrowia.pl\/warszawa\/\"},{\"@type\":\"ListItem\",\"position\":2,\"name\":\"Oferta szkoleniowa\",\"item\":\"https:\/\/akademia-zdrowia.pl\/warszawa\/oferta-szkoleniowa\/\"},{\"@type\":\"ListItem\",\"position\":3,\"name\":\"Kursy i szkolenia\",\"item\":\"https:\/\/akademia-zdrowia.pl\/warszawa\/oferta-szkoleniowa\/kursy-i-szkolenia\/\"},{\"@type\":\"ListItem\",\"position\":4,\"name\":\"Kursy kosmetyczne\",\"item\":\"https:\/\/akademia-zdrowia.pl\/warszawa\/oferta-szkoleniowa\/kursy-i-szkolenia\/kursy-kosmetyczno-fryzjerskie\/\"},{\"@type\":\"ListItem\",\"position\":5,\"name\":\"Masa\u017c Kobido\"}]},{\"@type\":\"WebSite\",\"@id\":\"https:\/\/akademia-zdrowia.pl\/warszawa\/#website\",\"url\":\"https:\/\/akademia-zdrowia.pl\/warszawa\/\",\"name\":\"Nowa kategoria kursu\",\"description\":\"Nowy kurs \",\"potentialAction\":[{\"@type\":\"SearchAction\",\"target\":{\"@type\":\"EntryPoint\",\"urlTemplate\":\"https:\/\/akademia-zdrowia.pl\/warszawa\/?s={search_term_string}\"},\"query-input\":{\"@type\":\"PropertyValueSpecification\",\"valueRequired\":true,\"valueName\":\"search_term_string\"}}],\"inLanguage\":\"pl-PL\"}]}<\/script>\n<!-- \/ Yoast SEO plugin. -->","yoast_head_json":{"title":"Masa\u017c Kobido - Akademia zdrowia \u2013 Warszawa \u2013 Kursy zawodowe, szko\u0142y policealne","description":"AKADEMIA ZDROWIA DLA BRAN\u017bY BEAUTYMasa\u017c kobido JAK WYGL\u0104DA SZKOLENIEProgram szkolenia \u201eKO-BI-DO\u201d w t\u0142umaczeniu oznacza \u201eDroga do Naturalnego Pi\u0119kna. Ta","robots":{"index":"index","follow":"follow","max-snippet":"max-snippet:-1","max-image-preview":"max-image-preview:large","max-video-preview":"max-video-preview:-1"},"canonical":"https:\/\/akademia-zdrowia.pl\/warszawa\/oferta-szkoleniowa\/kursy-i-szkolenia\/kursy-kosmetyczno-fryzjerskie\/masaz-kobido\/","og_locale":"pl_PL","og_type":"article","og_title":"Masa\u017c Kobido - Akademia zdrowia \u2013 Warszawa \u2013 Kursy zawodowe, szko\u0142y policealne","og_description":"AKADEMIA ZDROWIA DLA BRAN\u017bY BEAUTYMasa\u017c kobido JAK WYGL\u0104DA SZKOLENIEProgram szkolenia \u201eKO-BI-DO\u201d w t\u0142umaczeniu oznacza \u201eDroga do Naturalnego Pi\u0119kna. Ta","og_url":"https:\/\/akademia-zdrowia.pl\/warszawa\/oferta-szkoleniowa\/kursy-i-szkolenia\/kursy-kosmetyczno-fryzjerskie\/masaz-kobido\/","og_site_name":"Nowa kategoria kursu","article_modified_time":"2024-09-24T11:41:15+00:00","og_image":[{"url":"https:\/\/akademia-zdrowia.pl\/warszawa\/wp-content\/uploads\/2024\/08\/kobido_az_2-706x1024.jpg","type":"","width":"","height":""}],"twitter_card":"summary_large_image","twitter_misc":{"Szacowany czas czytania":"3 minuty"},"schema":{"@context":"https:\/\/schema.org","@graph":[{"@type":"WebPage","@id":"https:\/\/akademia-zdrowia.pl\/warszawa\/oferta-szkoleniowa\/kursy-i-szkolenia\/kursy-kosmetyczno-fryzjerskie\/masaz-kobido\/","url":"https:\/\/akademia-zdrowia.pl\/warszawa\/oferta-szkoleniowa\/kursy-i-szkolenia\/kursy-kosmetyczno-fryzjerskie\/masaz-kobido\/","name":"Masa\u017c Kobido - Akademia zdrowia \u2013 Warszawa \u2013 Kursy zawodowe, szko\u0142y policealne","isPartOf":{"@id":"https:\/\/akademia-zdrowia.pl\/warszawa\/#website"},"primaryImageOfPage":{"@id":"https:\/\/akademia-zdrowia.pl\/warszawa\/oferta-szkoleniowa\/kursy-i-szkolenia\/kursy-kosmetyczno-fryzjerskie\/masaz-kobido\/#primaryimage"},"image":{"@id":"https:\/\/akademia-zdrowia.pl\/warszawa\/oferta-szkoleniowa\/kursy-i-szkolenia\/kursy-kosmetyczno-fryzjerskie\/masaz-kobido\/#primaryimage"},"thumbnailUrl":"https:\/\/akademia-zdrowia.pl\/warszawa\/wp-content\/uploads\/2024\/08\/kobido_az_2-706x1024.jpg","datePublished":"2022-06-20T12:55:00+00:00","dateModified":"2024-09-24T11:41:15+00:00","description":"AKADEMIA ZDROWIA DLA BRAN\u017bY BEAUTYMasa\u017c kobido JAK WYGL\u0104DA SZKOLENIEProgram szkolenia \u201eKO-BI-DO\u201d w t\u0142umaczeniu oznacza \u201eDroga do Naturalnego Pi\u0119kna. Ta","breadcrumb":{"@id":"https:\/\/akademia-zdrowia.pl\/warszawa\/oferta-szkoleniowa\/kursy-i-szkolenia\/kursy-kosmetyczno-fryzjerskie\/masaz-kobido\/#breadcrumb"},"inLanguage":"pl-PL","potentialAction":[{"@type":"ReadAction","target":["https:\/\/akademia-zdrowia.pl\/warszawa\/oferta-szkoleniowa\/kursy-i-szkolenia\/kursy-kosmetyczno-fryzjerskie\/masaz-kobido\/"]}]},{"@type":"ImageObject","inLanguage":"pl-PL","@id":"https:\/\/akademia-zdrowia.pl\/warszawa\/oferta-szkoleniowa\/kursy-i-szkolenia\/kursy-kosmetyczno-fryzjerskie\/masaz-kobido\/#primaryimage","url":"https:\/\/akademia-zdrowia.pl\/warszawa\/wp-content\/uploads\/2024\/08\/kobido_az_2.jpg","contentUrl":"https:\/\/akademia-zdrowia.pl\/warszawa\/wp-content\/uploads\/2024\/08\/kobido_az_2.jpg","width":812,"height":1178},{"@type":"BreadcrumbList","@id":"https:\/\/akademia-zdrowia.pl\/warszawa\/oferta-szkoleniowa\/kursy-i-szkolenia\/kursy-kosmetyczno-fryzjerskie\/masaz-kobido\/#breadcrumb","itemListElement":[{"@type":"ListItem","position":1,"name":"Strona g\u0142\u00f3wna","item":"https:\/\/akademia-zdrowia.pl\/warszawa\/"},{"@type":"ListItem","position":2,"name":"Oferta szkoleniowa","item":"https:\/\/akademia-zdrowia.pl\/warszawa\/oferta-szkoleniowa\/"},{"@type":"ListItem","position":3,"name":"Kursy i szkolenia","item":"https:\/\/akademia-zdrowia.pl\/warszawa\/oferta-szkoleniowa\/kursy-i-szkolenia\/"},{"@type":"ListItem","position":4,"name":"Kursy kosmetyczne","item":"https:\/\/akademia-zdrowia.pl\/warszawa\/oferta-szkoleniowa\/kursy-i-szkolenia\/kursy-kosmetyczno-fryzjerskie\/"},{"@type":"ListItem","position":5,"name":"Masa\u017c Kobido"}]},{"@type":"WebSite","@id":"https:\/\/akademia-zdrowia.pl\/warszawa\/#website","url":"https:\/\/akademia-zdrowia.pl\/warszawa\/","name":"Nowa kategoria kursu","description":"Nowy kurs ","potentialAction":[{"@type":"SearchAction","target":{"@type":"EntryPoint","urlTemplate":"https:\/\/akademia-zdrowia.pl\/warszawa\/?s={search_term_string}"},"query-input":{"@type":"PropertyValueSpecification","valueRequired":true,"valueName":"search_term_string"}}],"inLanguage":"pl-PL"}]}},"_links":{"self":[{"href":"https:\/\/akademia-zdrowia.pl\/warszawa\/wp-json\/wp\/v2\/pages\/3430","targetHints":{"allow":["GET"]}}],"collection":[{"href":"https:\/\/akademia-zdrowia.pl\/warszawa\/wp-json\/wp\/v2\/pages"}],"about":[{"href":"https:\/\/akademia-zdrowia.pl\/warszawa\/wp-json\/wp\/v2\/types\/page"}],"author":[{"embeddable":true,"href":"https:\/\/akademia-zdrowia.pl\/warszawa\/wp-json\/wp\/v2\/users\/3"}],"replies":[{"embeddable":true,"href":"https:\/\/akademia-zdrowia.pl\/warszawa\/wp-json\/wp\/v2\/comments?post=3430"}],"version-history":[{"count":44,"href":"https:\/\/akademia-zdrowia.pl\/warszawa\/wp-json\/wp\/v2\/pages\/3430\/revisions"}],"predecessor-version":[{"id":6226,"href":"https:\/\/akademia-zdrowia.pl\/warszawa\/wp-json\/wp\/v2\/pages\/3430\/revisions\/6226"}],"up":[{"embeddable":true,"href":"https:\/\/akademia-zdrowia.pl\/warszawa\/wp-json\/wp\/v2\/pages\/320"}],"wp:attachment":[{"href":"https:\/\/akademia-zdrowia.pl\/warszawa\/wp-json\/wp\/v2\/media?parent=3430"}],"curies":[{"name":"wp","href":"https:\/\/api.w.org\/{rel}","templated":true}]}}