{"id":350,"date":"2018-01-10T09:51:56","date_gmt":"2018-01-10T08:51:56","guid":{"rendered":"http:\/\/www.akademia-zdrowia.pl\/lodz\/?page_id=350"},"modified":"2024-06-20T13:37:49","modified_gmt":"2024-06-20T11:37:49","slug":"grooming","status":"publish","type":"page","link":"https:\/\/akademia-zdrowia.pl\/warszawa\/oferta-szkoleniowa\/kursy-i-szkolenia\/kursy-weterynaryjne\/grooming\/","title":{"rendered":"Grooming"},"content":{"rendered":"\t\t<div data-elementor-type=\"wp-page\" data-elementor-id=\"350\" class=\"elementor elementor-350\" data-elementor-post-type=\"page\">\n\t\t\t\t\t\t<section class=\"elementor-section elementor-top-section elementor-element elementor-element-a3351aa elementor-section-stretched elementor-section-boxed elementor-section-height-default elementor-section-height-default\" data-id=\"a3351aa\" data-element_type=\"section\" data-settings=\"{&quot;stretch_section&quot;:&quot;section-stretched&quot;}\">\n\t\t\t\t\t\t<div class=\"elementor-container elementor-column-gap-default\">\n\t\t\t\t\t<div class=\"elementor-column elementor-col-66 elementor-top-column elementor-element elementor-element-635d550\" data-id=\"635d550\" data-element_type=\"column\">\n\t\t\t<div class=\"elementor-widget-wrap elementor-element-populated\">\n\t\t\t\t\t\t<div class=\"elementor-element elementor-element-947470a elementor-widget elementor-widget-text-editor\" data-id=\"947470a\" data-element_type=\"widget\" data-widget_type=\"text-editor.default\">\n\t\t\t\t<div class=\"elementor-widget-container\">\n\t\t\t\t\t\t\t\t\t<h2 align=\"left\">Grooming<\/h2>\n<p align=\"left\">Kurs sk\u0142ada si\u0119 z 30 godzin dydaktycznych (1 h \/45 min).<\/p>\n<p align=\"left\">Szkolenie odbywa si\u0119 w profesjonalnym salonie groomerskim<\/p>\n<p align=\"left\"><strong>Zainteresowany szkoleniem? Zadzwo\u0144 &#8211; odpowiemy na wszystkie twoje pytania!<\/strong><\/p>\n<p align=\"left\"><strong>Monika \u2013 <img decoding=\"async\" class=\"alignnone wp-image-11688\" src=\"https:\/\/akademia-zdrowia.pl\/lodz\/wp-content\/uploads\/2023\/09\/whatsapp-logo-png-2288-120x120-1.png\" alt=\"\" width=\"32\" height=\"32\"> <a href=\"http:\/\/+48 698 592 960\" data-wplink-url-error=\"true\">698 592 960<\/a><\/strong><\/p>\n<p align=\"left\"><strong><a href=\"\/warszawa\/zapisz-sie-na-kurs\/\">ZAPISZ SI\u0118!<\/a><\/strong><\/p>\n<p align=\"left\">Szkolenie trwa: terminy i godziny do indywudualnego ustalenia<\/p>\n<p align=\"left\">W programie m.in.:<\/p>\n<ul>\n<li>strzy\u017cenie i stylizacja ps\u00f3w wed\u0142ug wzorc\u00f3w FCI<\/li>\n<li>strzy\u017cenie komercyjne<\/li>\n<li>modne fryzury<\/li>\n<li>dob\u00f3r \u015bci\u0119cia do urody psa<\/li>\n<li>techniki pozwalaj\u0105ce na skr\u00f3cenie czasu strzy\u017cenia<\/li>\n<li>trymowanie<\/li>\n<li>k\u0105piel i zabiegi temu towarzysz\u0105ce<\/li>\n<li>prawid\u0142owa budowa psa i kota (umo\u017cliwia strzy\u017cenie kt\u00f3re tuszuje drobne wady)<\/li>\n<li>budowa w\u0142osa i rodzaje okrywy w\u0142osowej (dob\u00f3r piel\u0119gnacji do danego osobnika)<\/li>\n<li>podstawowe wiadomo\u015bci na temat biologii ps\u00f3w i kot\u00f3w (w tym informacje o chorobach sk\u00f3rnych i paso\u017cytach)<\/li>\n<li>podstawy zachowa\u0144 ps\u00f3w i kot\u00f3w (zrozumienie i podj\u0119cie reakcji na dane zachowanie)<\/li>\n<li>pierwsza pomoc w razie wypadku<\/li>\n<\/ul>\n<p align=\"left\">Po zako\u0144czeniu szkolenia Uczestnicy kursu otrzymaj\u0105 od nas:<\/p>\n<ol>\n<li>Certyfikat uko\u0144czenia kursu Grooming (w j. polskim oraz w j. angielskim )<\/li>\n<li>Za\u015bwiadczenie na druku MEN<\/li>\n<\/ol>\t\t\t\t\t\t\t\t<\/div>\n\t\t\t\t<\/div>\n\t\t\t\t<div class=\"elementor-element elementor-element-b64c12e elementor-widget elementor-widget-image\" data-id=\"b64c12e\" data-element_type=\"widget\" data-widget_type=\"image.default\">\n\t\t\t\t<div class=\"elementor-widget-container\">\n\t\t\t\t\t\t\t\t\t\t\t\t\t\t\t<img fetchpriority=\"high\" decoding=\"async\" width=\"640\" height=\"427\" src=\"https:\/\/akademia-zdrowia.pl\/warszawa\/wp-content\/uploads\/2023\/08\/haircuting-process-small-dog-sits-on-the-table-dog-with-a-professional-1-1024x683.jpg\" class=\"attachment-large size-large wp-image-4197\" alt=\"\" srcset=\"https:\/\/akademia-zdrowia.pl\/warszawa\/wp-content\/uploads\/2023\/08\/haircuting-process-small-dog-sits-on-the-table-dog-with-a-professional-1-1024x683.jpg 1024w, https:\/\/akademia-zdrowia.pl\/warszawa\/wp-content\/uploads\/2023\/08\/haircuting-process-small-dog-sits-on-the-table-dog-with-a-professional-1-300x200.jpg 300w, https:\/\/akademia-zdrowia.pl\/warszawa\/wp-content\/uploads\/2023\/08\/haircuting-process-small-dog-sits-on-the-table-dog-with-a-professional-1-768x512.jpg 768w, https:\/\/akademia-zdrowia.pl\/warszawa\/wp-content\/uploads\/2023\/08\/haircuting-process-small-dog-sits-on-the-table-dog-with-a-professional-1-1536x1024.jpg 1536w, https:\/\/akademia-zdrowia.pl\/warszawa\/wp-content\/uploads\/2023\/08\/haircuting-process-small-dog-sits-on-the-table-dog-with-a-professional-1-2048x1365.jpg 2048w, https:\/\/akademia-zdrowia.pl\/warszawa\/wp-content\/uploads\/2023\/08\/haircuting-process-small-dog-sits-on-the-table-dog-with-a-professional-1-500x333.jpg 500w, https:\/\/akademia-zdrowia.pl\/warszawa\/wp-content\/uploads\/2023\/08\/haircuting-process-small-dog-sits-on-the-table-dog-with-a-professional-1-1320x880.jpg 1320w\" sizes=\"(max-width: 640px) 100vw, 640px\" \/>\t\t\t\t\t\t\t\t\t\t\t\t\t\t\t<\/div>\n\t\t\t\t<\/div>\n\t\t\t\t\t<\/div>\n\t\t<\/div>\n\t\t\t\t<div class=\"elementor-column elementor-col-33 elementor-top-column elementor-element elementor-element-7d4bfd1\" data-id=\"7d4bfd1\" data-element_type=\"column\">\n\t\t\t<div class=\"elementor-widget-wrap elementor-element-populated\">\n\t\t\t\t\t\t<div class=\"elementor-element elementor-element-390975a elementor-widget elementor-widget-rs-image\" data-id=\"390975a\" data-element_type=\"widget\" data-widget_type=\"rs-image.default\">\n\t\t\t\t<div class=\"elementor-widget-container\">\n\t\t\t\t\t\n        <div class=\"rs-image \">\n                            <img decoding=\"async\" class=\"rs-multi-image \" src=\"https:\/\/akademia-zdrowia.pl\/warszawa\/wp-content\/uploads\/2023\/08\/az-warszawa-1.jpg\" alt=\"image\"\/>\n                    <\/div>\n\n              \n    \t\t\t\t<\/div>\n\t\t\t\t<\/div>\n\t\t\t\t<div class=\"elementor-element elementor-element-eb19cd5 elementor-widget elementor-widget-text-editor\" data-id=\"eb19cd5\" data-element_type=\"widget\" data-widget_type=\"text-editor.default\">\n\t\t\t\t<div class=\"elementor-widget-container\">\n\t\t\t\t\t\t\t\t\t<div class=\"adres\"><p style=\"text-align: center;\">Jana Kazimierza 45\/5<br \/><span style=\"color: var( --e-global-color-text ); font-family: var( --e-global-typography-text-font-family ), Sans-serif; font-weight: var( --e-global-typography-text-font-weight );\">01-248 Warszawa<\/span><\/p><p><img decoding=\"async\" style=\"color: var( --e-global-color-text ); font-family: var( --e-global-typography-text-font-family ), Sans-serif; font-weight: var( --e-global-typography-text-font-weight );\" src=\"https:\/\/www.akademia-zdrowia.pl\/lodz\/wp-content\/themes\/akademia-podstrona\/img\/phone-ico_red.png\" alt=\"marker\" \/><span style=\"color: var( --e-global-color-text ); font-family: var( --e-global-typography-text-font-family ), Sans-serif; font-weight: var( --e-global-typography-text-font-weight );\">\u00a0\u00a0<\/span><span style=\"color: var( --e-global-color-text ); font-family: var( --e-global-typography-text-font-family ), Sans-serif; font-weight: var( --e-global-typography-text-font-weight );\">tel.\u00a0<\/span><a style=\"font-family: var( --e-global-typography-text-font-family ), Sans-serif; font-weight: var( --e-global-typography-text-font-weight ); background-color: #ffffff;\" href=\"tel:22 862 29 60\">(22) 862 29 60<\/a><span style=\"color: var( --e-global-color-text ); font-family: var( --e-global-typography-text-font-family ), Sans-serif; font-weight: var( --e-global-typography-text-font-weight );\">\u00a0\u00a0<br \/><\/span><span style=\"color: var( --e-global-color-text ); font-family: var( --e-global-typography-text-font-family ), Sans-serif; font-weight: var( --e-global-typography-text-font-weight );\">tel.\/fax\u00a0<\/span><a style=\"font-family: var( --e-global-typography-text-font-family ), Sans-serif; font-weight: var( --e-global-typography-text-font-weight ); background-color: #ffffff;\" href=\"tel:22 862 29 61\">(22) 862 29 61<\/a><\/p><p><img decoding=\"async\" class=\"alignnone wp-image-4175\" src=\"https:\/\/akademia-zdrowia.pl\/warszawa\/wp-content\/uploads\/2023\/08\/whatsapp-logo-png-2288.png\" alt=\"\" width=\"27\" height=\"27\" srcset=\"https:\/\/akademia-zdrowia.pl\/warszawa\/wp-content\/uploads\/2023\/08\/whatsapp-logo-png-2288.png 256w, https:\/\/akademia-zdrowia.pl\/warszawa\/wp-content\/uploads\/2023\/08\/whatsapp-logo-png-2288-150x150.png 150w, https:\/\/akademia-zdrowia.pl\/warszawa\/wp-content\/uploads\/2023\/08\/whatsapp-logo-png-2288-120x120.png 120w, https:\/\/akademia-zdrowia.pl\/warszawa\/wp-content\/uploads\/2023\/08\/whatsapp-logo-png-2288-220x220.png 220w\" sizes=\"(max-width: 27px) 100vw, 27px\" \/> tel. <a href=\"tel:+48 698 592 960\">698 592 960<\/a><\/p><\/div><div class=\"dodatkowe\"><p style=\"text-align: center;\">Sekretariat czynny od poniedzia\u0142ku do pi\u0105tku w godzinach 9.00-16.00<\/p><p style=\"text-align: center;\"><span style=\"color: #000080; font-family: var( --e-global-typography-text-font-family ), Sans-serif;\"><b>Zarezerwuj miejsce ju\u017c dzi\u015b!<\/b><\/span><\/p><\/div>\t\t\t\t\t\t\t\t<\/div>\n\t\t\t\t<\/div>\n\t\t\t\t<div class=\"elementor-element elementor-element-c3f2f02 elementor-align-center elementor-widget elementor-widget-bdt-advanced-button\" data-id=\"c3f2f02\" data-element_type=\"widget\" data-widget_type=\"bdt-advanced-button.default\">\n\t\t\t\t<div class=\"elementor-widget-container\">\n\t\t\t\t\t\t\t<div class=\"bdt-ep-button-wrapper\">\r\n\t\t\t<a href=\"\/warszawa\/zapisz-sie\/\" class=\"bdt-ep-button bdt-ep-button-effect-a bdt-ep-button-size-sm\">\r\n\t\t\t\t\t\t<div class=\"bdt-ep-button-content-wrapper bdt-flex bdt-flex-middle bdt-flex-center  \" data-text=\"ZAPISZ SI\u0118\">\r\n\t\t\t\r\n\t\t\t<div class=\"bdt-ep-button-text\">\r\n\r\n                <span class=\"avdbtn-text\">ZAPISZ SI\u0118<\/span>\r\n\r\n\t\t\t\t            <\/div>\r\n\r\n\t\t\t\r\n\t\t<\/div>\r\n\t\t\t\t\t<\/a>\r\n\t\t<\/div>\r\n\t\t\t\t\t\t<\/div>\n\t\t\t\t<\/div>\n\t\t\t\t<div class=\"elementor-element elementor-element-a0d3ff1 bdt-navbar-style-1 elementor-widget elementor-widget-bdt-scrollnav\" data-id=\"a0d3ff1\" data-element_type=\"widget\" data-widget_type=\"bdt-scrollnav.default\">\n\t\t\t\t<div class=\"elementor-widget-container\">\n\t\t\t\t\t\t\t<div class=\"bdt-scrollnav bdt-navbar-container bdt-navbar-transparent bdt-navbar \" data-bdt-navbar=\"\">\r\n\t\t\t<div class=\"bdt-navbar-center\">\r\n\t\t\t\t<ul class=\"bdt-nav bdt-nav-default\" data-bdt-scrollspy-nav=\"closest: li; scroll: true; offset: 0;\">\r\n\t\t\t\t\t\t\t\t<li>\r\n\t\t\t\t<a data-tippy-content=\"\" href=\"\/warszawa\/oferta-szkoleniowa\/kursy-i-szkolenia\/kursy-weterynaryjne\/dietetyka-weterynaryjna\/\">\r\n\t\t\t\t\tDietetyka weterynaryjna\t\t\t\t\t\t\t\t\t<\/a>\r\n\t\t\t<\/li>\r\n\t\t\t\t\t\t<li>\r\n\t\t\t\t<a data-tippy-content=\"\" href=\"\/warszawa\/oferta-szkoleniowa\/kursy-i-szkolenia\/kursy-weterynaryjne\/ratownictwo-weterynaryjne\/\">\r\n\t\t\t\t\tRatownictwo weterynaryjne\t\t\t\t\t\t\t\t\t<\/a>\r\n\t\t\t<\/li>\r\n\t\t\t\t\t\t<li>\r\n\t\t\t\t<a data-tippy-content=\"\" href=\"\/warszawa\/oferta-szkoleniowa\/kursy-i-szkolenia\/kursy-weterynaryjne\/behawioryzm\/\">\r\n\t\t\t\t\tBehawioryzm\t\t\t\t\t\t\t\t\t<\/a>\r\n\t\t\t<\/li>\r\n\t\t\t\t\t\t<li>\r\n\t\t\t\t<a data-tippy-content=\"\" href=\"\/warszawa\/oferta-szkoleniowa\/kursy-i-szkolenia\/kursy-weterynaryjne\/grooming\/\">\r\n\t\t\t\t\tGrooming\t\t\t\t\t\t\t\t\t<\/a>\r\n\t\t\t<\/li>\r\n\t\t\t\t\t\t\t<\/ul>\r\n\t\t\t<\/div>\r\n\t\t<\/div>\r\n\t    \t\t\t\t<\/div>\n\t\t\t\t<\/div>\n\t\t\t\t\t<\/div>\n\t\t<\/div>\n\t\t\t\t\t<\/div>\n\t\t<\/section>\n\t\t\t\t<\/div>\n\t\t","protected":false},"excerpt":{"rendered":"<p>Grooming Kurs sk\u0142ada si\u0119 z 30 godzin dydaktycznych (1 h \/45 min). Szkolenie odbywa si\u0119 w profesjonalnym salonie groomerskim Zainteresowany szkoleniem? Zadzwo\u0144 &#8211; odpowiemy na wszystkie twoje pytania! Monika \u2013 698 592 960 ZAPISZ SI\u0118! Szkolenie trwa: terminy i godziny do indywudualnego ustalenia W programie m.in.: strzy\u017cenie i stylizacja ps\u00f3w wed\u0142ug wzorc\u00f3w FCI strzy\u017cenie komercyjne&#8230;<\/p>\n","protected":false},"author":1,"featured_media":0,"parent":332,"menu_order":0,"comment_status":"closed","ping_status":"closed","template":"","meta":{"footnotes":""},"class_list":["post-350","page","type-page","status-publish","hentry"],"yoast_head":"<!-- This site is optimized with the Yoast SEO plugin v26.8 - https:\/\/yoast.com\/product\/yoast-seo-wordpress\/ -->\n<title>Grooming - Akademia zdrowia \u2013 Warszawa \u2013 Kursy zawodowe, szko\u0142y policealne<\/title>\n<meta name=\"description\" content=\"Grooming Kurs sk\u0142ada si\u0119 z 30 godzin dydaktycznych (1 h \/45 min). Szkolenie odbywa si\u0119 w profesjonalnym salonie groomerskim Zainteresowany szkoleniem?\" \/>\n<meta name=\"robots\" content=\"index, follow, max-snippet:-1, max-image-preview:large, max-video-preview:-1\" \/>\n<link rel=\"canonical\" href=\"https:\/\/akademia-zdrowia.pl\/warszawa\/oferta-szkoleniowa\/kursy-i-szkolenia\/kursy-weterynaryjne\/grooming\/\" \/>\n<meta property=\"og:locale\" content=\"pl_PL\" \/>\n<meta property=\"og:type\" content=\"article\" \/>\n<meta property=\"og:title\" content=\"Grooming - Akademia zdrowia \u2013 Warszawa \u2013 Kursy zawodowe, szko\u0142y policealne\" \/>\n<meta property=\"og:description\" content=\"Grooming Kurs sk\u0142ada si\u0119 z 30 godzin dydaktycznych (1 h \/45 min). Szkolenie odbywa si\u0119 w profesjonalnym salonie groomerskim Zainteresowany szkoleniem?\" \/>\n<meta property=\"og:url\" content=\"https:\/\/akademia-zdrowia.pl\/warszawa\/oferta-szkoleniowa\/kursy-i-szkolenia\/kursy-weterynaryjne\/grooming\/\" \/>\n<meta property=\"og:site_name\" content=\"Nowa kategoria kursu\" \/>\n<meta property=\"article:modified_time\" content=\"2024-06-20T11:37:49+00:00\" \/>\n<meta property=\"og:image\" content=\"https:\/\/akademia-zdrowia.pl\/lodz\/wp-content\/uploads\/2023\/09\/whatsapp-logo-png-2288-120x120-1.png\" \/>\n<meta name=\"twitter:card\" content=\"summary_large_image\" \/>\n<meta name=\"twitter:label1\" content=\"Szacowany czas czytania\" \/>\n\t<meta name=\"twitter:data1\" content=\"3 minuty\" \/>\n<script type=\"application\/ld+json\" class=\"yoast-schema-graph\">{\"@context\":\"https:\/\/schema.org\",\"@graph\":[{\"@type\":\"WebPage\",\"@id\":\"https:\/\/akademia-zdrowia.pl\/warszawa\/oferta-szkoleniowa\/kursy-i-szkolenia\/kursy-weterynaryjne\/grooming\/\",\"url\":\"https:\/\/akademia-zdrowia.pl\/warszawa\/oferta-szkoleniowa\/kursy-i-szkolenia\/kursy-weterynaryjne\/grooming\/\",\"name\":\"Grooming - Akademia zdrowia \u2013 Warszawa \u2013 Kursy zawodowe, szko\u0142y policealne\",\"isPartOf\":{\"@id\":\"https:\/\/akademia-zdrowia.pl\/warszawa\/#website\"},\"primaryImageOfPage\":{\"@id\":\"https:\/\/akademia-zdrowia.pl\/warszawa\/oferta-szkoleniowa\/kursy-i-szkolenia\/kursy-weterynaryjne\/grooming\/#primaryimage\"},\"image\":{\"@id\":\"https:\/\/akademia-zdrowia.pl\/warszawa\/oferta-szkoleniowa\/kursy-i-szkolenia\/kursy-weterynaryjne\/grooming\/#primaryimage\"},\"thumbnailUrl\":\"https:\/\/akademia-zdrowia.pl\/lodz\/wp-content\/uploads\/2023\/09\/whatsapp-logo-png-2288-120x120-1.png\",\"datePublished\":\"2018-01-10T08:51:56+00:00\",\"dateModified\":\"2024-06-20T11:37:49+00:00\",\"description\":\"Grooming Kurs sk\u0142ada si\u0119 z 30 godzin dydaktycznych (1 h \/45 min). Szkolenie odbywa si\u0119 w profesjonalnym salonie groomerskim Zainteresowany szkoleniem?\",\"breadcrumb\":{\"@id\":\"https:\/\/akademia-zdrowia.pl\/warszawa\/oferta-szkoleniowa\/kursy-i-szkolenia\/kursy-weterynaryjne\/grooming\/#breadcrumb\"},\"inLanguage\":\"pl-PL\",\"potentialAction\":[{\"@type\":\"ReadAction\",\"target\":[\"https:\/\/akademia-zdrowia.pl\/warszawa\/oferta-szkoleniowa\/kursy-i-szkolenia\/kursy-weterynaryjne\/grooming\/\"]}]},{\"@type\":\"ImageObject\",\"inLanguage\":\"pl-PL\",\"@id\":\"https:\/\/akademia-zdrowia.pl\/warszawa\/oferta-szkoleniowa\/kursy-i-szkolenia\/kursy-weterynaryjne\/grooming\/#primaryimage\",\"url\":\"https:\/\/akademia-zdrowia.pl\/lodz\/wp-content\/uploads\/2023\/09\/whatsapp-logo-png-2288-120x120-1.png\",\"contentUrl\":\"https:\/\/akademia-zdrowia.pl\/lodz\/wp-content\/uploads\/2023\/09\/whatsapp-logo-png-2288-120x120-1.png\"},{\"@type\":\"BreadcrumbList\",\"@id\":\"https:\/\/akademia-zdrowia.pl\/warszawa\/oferta-szkoleniowa\/kursy-i-szkolenia\/kursy-weterynaryjne\/grooming\/#breadcrumb\",\"itemListElement\":[{\"@type\":\"ListItem\",\"position\":1,\"name\":\"Strona g\u0142\u00f3wna\",\"item\":\"https:\/\/akademia-zdrowia.pl\/warszawa\/\"},{\"@type\":\"ListItem\",\"position\":2,\"name\":\"Oferta szkoleniowa\",\"item\":\"https:\/\/akademia-zdrowia.pl\/warszawa\/oferta-szkoleniowa\/\"},{\"@type\":\"ListItem\",\"position\":3,\"name\":\"Kursy i szkolenia\",\"item\":\"https:\/\/akademia-zdrowia.pl\/warszawa\/oferta-szkoleniowa\/kursy-i-szkolenia\/\"},{\"@type\":\"ListItem\",\"position\":4,\"name\":\"Kursy weterynaryjne\",\"item\":\"https:\/\/akademia-zdrowia.pl\/warszawa\/oferta-szkoleniowa\/kursy-i-szkolenia\/kursy-weterynaryjne\/\"},{\"@type\":\"ListItem\",\"position\":5,\"name\":\"Grooming\"}]},{\"@type\":\"WebSite\",\"@id\":\"https:\/\/akademia-zdrowia.pl\/warszawa\/#website\",\"url\":\"https:\/\/akademia-zdrowia.pl\/warszawa\/\",\"name\":\"Nowa kategoria kursu\",\"description\":\"Nowy kurs \",\"potentialAction\":[{\"@type\":\"SearchAction\",\"target\":{\"@type\":\"EntryPoint\",\"urlTemplate\":\"https:\/\/akademia-zdrowia.pl\/warszawa\/?s={search_term_string}\"},\"query-input\":{\"@type\":\"PropertyValueSpecification\",\"valueRequired\":true,\"valueName\":\"search_term_string\"}}],\"inLanguage\":\"pl-PL\"}]}<\/script>\n<!-- \/ Yoast SEO plugin. -->","yoast_head_json":{"title":"Grooming - Akademia zdrowia \u2013 Warszawa \u2013 Kursy zawodowe, szko\u0142y policealne","description":"Grooming Kurs sk\u0142ada si\u0119 z 30 godzin dydaktycznych (1 h \/45 min). Szkolenie odbywa si\u0119 w profesjonalnym salonie groomerskim Zainteresowany szkoleniem?","robots":{"index":"index","follow":"follow","max-snippet":"max-snippet:-1","max-image-preview":"max-image-preview:large","max-video-preview":"max-video-preview:-1"},"canonical":"https:\/\/akademia-zdrowia.pl\/warszawa\/oferta-szkoleniowa\/kursy-i-szkolenia\/kursy-weterynaryjne\/grooming\/","og_locale":"pl_PL","og_type":"article","og_title":"Grooming - Akademia zdrowia \u2013 Warszawa \u2013 Kursy zawodowe, szko\u0142y policealne","og_description":"Grooming Kurs sk\u0142ada si\u0119 z 30 godzin dydaktycznych (1 h \/45 min). Szkolenie odbywa si\u0119 w profesjonalnym salonie groomerskim Zainteresowany szkoleniem?","og_url":"https:\/\/akademia-zdrowia.pl\/warszawa\/oferta-szkoleniowa\/kursy-i-szkolenia\/kursy-weterynaryjne\/grooming\/","og_site_name":"Nowa kategoria kursu","article_modified_time":"2024-06-20T11:37:49+00:00","og_image":[{"url":"https:\/\/akademia-zdrowia.pl\/lodz\/wp-content\/uploads\/2023\/09\/whatsapp-logo-png-2288-120x120-1.png","type":"","width":"","height":""}],"twitter_card":"summary_large_image","twitter_misc":{"Szacowany czas czytania":"3 minuty"},"schema":{"@context":"https:\/\/schema.org","@graph":[{"@type":"WebPage","@id":"https:\/\/akademia-zdrowia.pl\/warszawa\/oferta-szkoleniowa\/kursy-i-szkolenia\/kursy-weterynaryjne\/grooming\/","url":"https:\/\/akademia-zdrowia.pl\/warszawa\/oferta-szkoleniowa\/kursy-i-szkolenia\/kursy-weterynaryjne\/grooming\/","name":"Grooming - Akademia zdrowia \u2013 Warszawa \u2013 Kursy zawodowe, szko\u0142y policealne","isPartOf":{"@id":"https:\/\/akademia-zdrowia.pl\/warszawa\/#website"},"primaryImageOfPage":{"@id":"https:\/\/akademia-zdrowia.pl\/warszawa\/oferta-szkoleniowa\/kursy-i-szkolenia\/kursy-weterynaryjne\/grooming\/#primaryimage"},"image":{"@id":"https:\/\/akademia-zdrowia.pl\/warszawa\/oferta-szkoleniowa\/kursy-i-szkolenia\/kursy-weterynaryjne\/grooming\/#primaryimage"},"thumbnailUrl":"https:\/\/akademia-zdrowia.pl\/lodz\/wp-content\/uploads\/2023\/09\/whatsapp-logo-png-2288-120x120-1.png","datePublished":"2018-01-10T08:51:56+00:00","dateModified":"2024-06-20T11:37:49+00:00","description":"Grooming Kurs sk\u0142ada si\u0119 z 30 godzin dydaktycznych (1 h \/45 min). Szkolenie odbywa si\u0119 w profesjonalnym salonie groomerskim Zainteresowany szkoleniem?","breadcrumb":{"@id":"https:\/\/akademia-zdrowia.pl\/warszawa\/oferta-szkoleniowa\/kursy-i-szkolenia\/kursy-weterynaryjne\/grooming\/#breadcrumb"},"inLanguage":"pl-PL","potentialAction":[{"@type":"ReadAction","target":["https:\/\/akademia-zdrowia.pl\/warszawa\/oferta-szkoleniowa\/kursy-i-szkolenia\/kursy-weterynaryjne\/grooming\/"]}]},{"@type":"ImageObject","inLanguage":"pl-PL","@id":"https:\/\/akademia-zdrowia.pl\/warszawa\/oferta-szkoleniowa\/kursy-i-szkolenia\/kursy-weterynaryjne\/grooming\/#primaryimage","url":"https:\/\/akademia-zdrowia.pl\/lodz\/wp-content\/uploads\/2023\/09\/whatsapp-logo-png-2288-120x120-1.png","contentUrl":"https:\/\/akademia-zdrowia.pl\/lodz\/wp-content\/uploads\/2023\/09\/whatsapp-logo-png-2288-120x120-1.png"},{"@type":"BreadcrumbList","@id":"https:\/\/akademia-zdrowia.pl\/warszawa\/oferta-szkoleniowa\/kursy-i-szkolenia\/kursy-weterynaryjne\/grooming\/#breadcrumb","itemListElement":[{"@type":"ListItem","position":1,"name":"Strona g\u0142\u00f3wna","item":"https:\/\/akademia-zdrowia.pl\/warszawa\/"},{"@type":"ListItem","position":2,"name":"Oferta szkoleniowa","item":"https:\/\/akademia-zdrowia.pl\/warszawa\/oferta-szkoleniowa\/"},{"@type":"ListItem","position":3,"name":"Kursy i szkolenia","item":"https:\/\/akademia-zdrowia.pl\/warszawa\/oferta-szkoleniowa\/kursy-i-szkolenia\/"},{"@type":"ListItem","position":4,"name":"Kursy weterynaryjne","item":"https:\/\/akademia-zdrowia.pl\/warszawa\/oferta-szkoleniowa\/kursy-i-szkolenia\/kursy-weterynaryjne\/"},{"@type":"ListItem","position":5,"name":"Grooming"}]},{"@type":"WebSite","@id":"https:\/\/akademia-zdrowia.pl\/warszawa\/#website","url":"https:\/\/akademia-zdrowia.pl\/warszawa\/","name":"Nowa kategoria kursu","description":"Nowy kurs ","potentialAction":[{"@type":"SearchAction","target":{"@type":"EntryPoint","urlTemplate":"https:\/\/akademia-zdrowia.pl\/warszawa\/?s={search_term_string}"},"query-input":{"@type":"PropertyValueSpecification","valueRequired":true,"valueName":"search_term_string"}}],"inLanguage":"pl-PL"}]}},"_links":{"self":[{"href":"https:\/\/akademia-zdrowia.pl\/warszawa\/wp-json\/wp\/v2\/pages\/350","targetHints":{"allow":["GET"]}}],"collection":[{"href":"https:\/\/akademia-zdrowia.pl\/warszawa\/wp-json\/wp\/v2\/pages"}],"about":[{"href":"https:\/\/akademia-zdrowia.pl\/warszawa\/wp-json\/wp\/v2\/types\/page"}],"author":[{"embeddable":true,"href":"https:\/\/akademia-zdrowia.pl\/warszawa\/wp-json\/wp\/v2\/users\/1"}],"replies":[{"embeddable":true,"href":"https:\/\/akademia-zdrowia.pl\/warszawa\/wp-json\/wp\/v2\/comments?post=350"}],"version-history":[{"count":26,"href":"https:\/\/akademia-zdrowia.pl\/warszawa\/wp-json\/wp\/v2\/pages\/350\/revisions"}],"predecessor-version":[{"id":4563,"href":"https:\/\/akademia-zdrowia.pl\/warszawa\/wp-json\/wp\/v2\/pages\/350\/revisions\/4563"}],"up":[{"embeddable":true,"href":"https:\/\/akademia-zdrowia.pl\/warszawa\/wp-json\/wp\/v2\/pages\/332"}],"wp:attachment":[{"href":"https:\/\/akademia-zdrowia.pl\/warszawa\/wp-json\/wp\/v2\/media?parent=350"}],"curies":[{"name":"wp","href":"https:\/\/api.w.org\/{rel}","templated":true}]}}