{"id":405,"date":"2018-01-10T11:39:02","date_gmt":"2018-01-10T10:39:02","guid":{"rendered":"http:\/\/www.akademia-zdrowia.pl\/lodz\/?page_id=405"},"modified":"2022-02-28T12:39:16","modified_gmt":"2022-02-28T11:39:16","slug":"endoskopia","status":"publish","type":"page","link":"https:\/\/akademia-zdrowia.pl\/warszawa\/oferta-szkoleniowa\/ksztalcenie-pielegniarek-i-poloznych\/kursy-specjalistyczne\/endoskopia\/","title":{"rendered":"Endoskopia"},"content":{"rendered":"\t\t<div data-elementor-type=\"wp-page\" data-elementor-id=\"405\" class=\"elementor elementor-405\" data-elementor-post-type=\"page\">\n\t\t\t\t\t\t<section class=\"elementor-section elementor-top-section elementor-element elementor-element-98f8959 elementor-section-boxed elementor-section-height-default elementor-section-height-default\" data-id=\"98f8959\" data-element_type=\"section\">\n\t\t\t\t\t\t<div class=\"elementor-container elementor-column-gap-default\">\n\t\t\t\t\t<div class=\"elementor-column elementor-col-100 elementor-top-column elementor-element elementor-element-eac1108\" data-id=\"eac1108\" data-element_type=\"column\">\n\t\t\t<div class=\"elementor-widget-wrap elementor-element-populated\">\n\t\t\t\t\t\t<div class=\"elementor-element elementor-element-45a9a4b elementor-widget elementor-widget-bdt-advanced-heading\" data-id=\"45a9a4b\" data-element_type=\"widget\" data-widget_type=\"bdt-advanced-heading.default\">\n\t\t\t\t<div class=\"elementor-widget-container\">\n\t\t\t\t\t<div id =\"45a9a4b\" class=\"bdt-ep-advanced-heading\" data-settings=\"{&quot;titleMultiColor&quot;:&quot;no&quot;}\"><div class=\"bdt-ep-advanced-heading-content bdt-visible@m\"><div class=\"bdt-transform-origin-top-left\">ENDOSKOPIA DLA PIEL\u0118GNIAREK<\/div><\/div><h2 class=\"bdt-ep-advanced-heading-title\"><span class=\"bdt-ep-advanced-heading-main-title\"><span class=\"bdt-ep-advanced-heading-main-title-inner\">ENDOSKOPIA DLA PIEL\u0118GNIAREK<\/span><\/span><\/h2><\/div>\t\t\t\t<\/div>\n\t\t\t\t<\/div>\n\t\t\t\t<div class=\"elementor-element elementor-element-3fee189 elementor-widget elementor-widget-text-editor\" data-id=\"3fee189\" data-element_type=\"widget\" data-widget_type=\"text-editor.default\">\n\t\t\t\t<div class=\"elementor-widget-container\">\n\t\t\t\t\t\t\t\t\t<p>\u00a0<\/p><p><strong>Cel kszta\u0142cenia<\/strong><\/p><p>Przygotowanie piel\u0119gniarki do samodzielnego wykonywania czynno\u015bci zawodowych w pracowni endoskopowej oraz do sprawowania opieki nad pacjentem przed i po endoskopiach<\/p><p><strong><u>Dokumenty niezb\u0119dne, aby przyst\u0105pi\u0107 do kursu:<\/u><\/strong><\/p><ol><li>wniosek wys\u0142any elektronicznie poprzez system SMK<\/li><li>wniosek o dofinansowanie dostarczony w wersji papierowej do sekretariatu 5-7 dni przed rozpocz\u0119ciem kursu ( w przypadku ubiegania si\u0119 o dofinansowanie z WOIPiP)<\/li><\/ol><p><strong>Czas trwania kszta\u0142cenia<\/strong><\/p><p><strong>133godzin dydaktycznych<\/strong><\/p><ul><li>zaj\u0119cia teoretyczne \u2013 63 godzin<\/li><li>Zaj\u0119cia sta\u017cowe- 70 godzin<\/li><\/ul><p>Zaj\u0119cia teoretyczne w systemie weekendowym:<\/p><ul><li>pi\u0105tek godz. 16:00<\/li><li>sobota i niedziela godz. 9:00<\/li><\/ul><p>Zaj\u0119cia sta\u017cowe\u00a0 w wybrane dni powszednie od poniedzia\u0142ku do pi\u0105tku w godzinach porannych<\/p>\t\t\t\t\t\t\t\t<\/div>\n\t\t\t\t<\/div>\n\t\t\t\t<div class=\"elementor-element elementor-element-a352535 elementor-widget elementor-widget-text-editor\" data-id=\"a352535\" data-element_type=\"widget\" data-widget_type=\"text-editor.default\">\n\t\t\t\t<div class=\"elementor-widget-container\">\n\t\t\t\t\t\t\t\t\t<p><strong>Cena kursu- 600,00 z\u0142<br \/><\/strong><strong>Cena kursu przy dofinansowaniu z WOIPiP to TYLKO 120,00 z\u0142<\/strong><\/p>\t\t\t\t\t\t\t\t<\/div>\n\t\t\t\t<\/div>\n\t\t\t\t\t<\/div>\n\t\t<\/div>\n\t\t\t\t\t<\/div>\n\t\t<\/section>\n\t\t\t\t<section class=\"elementor-section elementor-top-section elementor-element elementor-element-03fa731 elementor-section-boxed elementor-section-height-default elementor-section-height-default\" data-id=\"03fa731\" data-element_type=\"section\">\n\t\t\t\t\t\t<div class=\"elementor-container elementor-column-gap-default\">\n\t\t\t\t\t<div class=\"elementor-column elementor-col-100 elementor-top-column elementor-element elementor-element-4f60380\" data-id=\"4f60380\" data-element_type=\"column\">\n\t\t\t<div class=\"elementor-widget-wrap elementor-element-populated\">\n\t\t\t\t\t\t<div class=\"elementor-element elementor-element-84b17b9 elementor-widget elementor-widget-text-editor\" data-id=\"84b17b9\" data-element_type=\"widget\" data-widget_type=\"text-editor.default\">\n\t\t\t\t<div class=\"elementor-widget-container\">\n\t\t\t\t\t\t\t\t\t<p>Szczeg\u00f3\u0142owy program kursu:<br \/><a href=\"https:\/\/ckppip.edu.pl\/wp-content\/uploads\/2020\/10\/Endoskopia.pdf\">https:\/\/ckppip.edu.pl\/wp-content\/uploads\/2020\/10\/Endoskopia.pdf<\/a><\/p><p>Zapisy tylko i wy\u0142\u0105cznie przez system SMK:<br \/><a href=\"https:\/\/smk.ezdrowie.gov.pl\/login.jsp\">https:\/\/smk.ezdrowie.gov.pl\/login.jsp<\/a><\/p><p>Link do pobrania wniosku o dofinansowanie kszta\u0142cenia podyplomowego oraz z WOIPiP:<br \/><a href=\"http:\/\/woipip.pl\/ksztalcenie\/komplet-wnioskow\/\">http:\/\/woipip.pl\/ksztalcenie\/komplet-wnioskow\/<\/a><\/p>\t\t\t\t\t\t\t\t<\/div>\n\t\t\t\t<\/div>\n\t\t\t\t\t<\/div>\n\t\t<\/div>\n\t\t\t\t\t<\/div>\n\t\t<\/section>\n\t\t\t\t<\/div>\n\t\t","protected":false},"excerpt":{"rendered":"<p>ENDOSKOPIA DLA PIEL\u0118GNIAREK ENDOSKOPIA DLA PIEL\u0118GNIAREK \u00a0 Cel kszta\u0142cenia Przygotowanie piel\u0119gniarki do samodzielnego wykonywania czynno\u015bci zawodowych w pracowni endoskopowej oraz do sprawowania opieki nad pacjentem przed i po endoskopiach Dokumenty niezb\u0119dne, aby przyst\u0105pi\u0107 do kursu: wniosek wys\u0142any elektronicznie poprzez system SMK wniosek o dofinansowanie dostarczony w wersji papierowej do sekretariatu 5-7 dni przed rozpocz\u0119ciem kursu&#8230;<\/p>\n","protected":false},"author":1,"featured_media":0,"parent":397,"menu_order":0,"comment_status":"closed","ping_status":"closed","template":"","meta":{"footnotes":""},"class_list":["post-405","page","type-page","status-publish","hentry"],"yoast_head":"<!-- This site is optimized with the Yoast SEO plugin v26.8 - https:\/\/yoast.com\/product\/yoast-seo-wordpress\/ -->\n<title>Endoskopia - Akademia zdrowia \u2013 Warszawa \u2013 Kursy zawodowe, szko\u0142y policealne<\/title>\n<meta name=\"description\" content=\"ENDOSKOPIA DLA PIEL\u0118GNIAREKENDOSKOPIA DLA PIEL\u0118GNIAREK \u00a0Cel kszta\u0142ceniaPrzygotowanie piel\u0119gniarki do samodzielnego wykonywania czynno\u015bci zawodowych w\" \/>\n<meta name=\"robots\" content=\"index, follow, max-snippet:-1, max-image-preview:large, max-video-preview:-1\" \/>\n<link rel=\"canonical\" href=\"https:\/\/akademia-zdrowia.pl\/warszawa\/oferta-szkoleniowa\/ksztalcenie-pielegniarek-i-poloznych\/kursy-specjalistyczne\/endoskopia\/\" \/>\n<meta property=\"og:locale\" content=\"pl_PL\" \/>\n<meta property=\"og:type\" content=\"article\" \/>\n<meta property=\"og:title\" content=\"Endoskopia - Akademia zdrowia \u2013 Warszawa \u2013 Kursy zawodowe, szko\u0142y policealne\" \/>\n<meta property=\"og:description\" content=\"ENDOSKOPIA DLA PIEL\u0118GNIAREKENDOSKOPIA DLA PIEL\u0118GNIAREK \u00a0Cel kszta\u0142ceniaPrzygotowanie piel\u0119gniarki do samodzielnego wykonywania czynno\u015bci zawodowych w\" \/>\n<meta property=\"og:url\" content=\"https:\/\/akademia-zdrowia.pl\/warszawa\/oferta-szkoleniowa\/ksztalcenie-pielegniarek-i-poloznych\/kursy-specjalistyczne\/endoskopia\/\" \/>\n<meta property=\"og:site_name\" content=\"Nowa kategoria kursu\" \/>\n<meta property=\"article:modified_time\" content=\"2022-02-28T11:39:16+00:00\" \/>\n<meta name=\"twitter:card\" content=\"summary_large_image\" \/>\n<meta name=\"twitter:label1\" content=\"Szacowany czas czytania\" \/>\n\t<meta name=\"twitter:data1\" content=\"1 minuta\" \/>\n<script type=\"application\/ld+json\" class=\"yoast-schema-graph\">{\"@context\":\"https:\/\/schema.org\",\"@graph\":[{\"@type\":\"WebPage\",\"@id\":\"https:\/\/akademia-zdrowia.pl\/warszawa\/oferta-szkoleniowa\/ksztalcenie-pielegniarek-i-poloznych\/kursy-specjalistyczne\/endoskopia\/\",\"url\":\"https:\/\/akademia-zdrowia.pl\/warszawa\/oferta-szkoleniowa\/ksztalcenie-pielegniarek-i-poloznych\/kursy-specjalistyczne\/endoskopia\/\",\"name\":\"Endoskopia - Akademia zdrowia \u2013 Warszawa \u2013 Kursy zawodowe, szko\u0142y policealne\",\"isPartOf\":{\"@id\":\"https:\/\/akademia-zdrowia.pl\/warszawa\/#website\"},\"datePublished\":\"2018-01-10T10:39:02+00:00\",\"dateModified\":\"2022-02-28T11:39:16+00:00\",\"description\":\"ENDOSKOPIA DLA PIEL\u0118GNIAREKENDOSKOPIA DLA PIEL\u0118GNIAREK \u00a0Cel kszta\u0142ceniaPrzygotowanie piel\u0119gniarki do samodzielnego wykonywania czynno\u015bci zawodowych w\",\"breadcrumb\":{\"@id\":\"https:\/\/akademia-zdrowia.pl\/warszawa\/oferta-szkoleniowa\/ksztalcenie-pielegniarek-i-poloznych\/kursy-specjalistyczne\/endoskopia\/#breadcrumb\"},\"inLanguage\":\"pl-PL\",\"potentialAction\":[{\"@type\":\"ReadAction\",\"target\":[\"https:\/\/akademia-zdrowia.pl\/warszawa\/oferta-szkoleniowa\/ksztalcenie-pielegniarek-i-poloznych\/kursy-specjalistyczne\/endoskopia\/\"]}]},{\"@type\":\"BreadcrumbList\",\"@id\":\"https:\/\/akademia-zdrowia.pl\/warszawa\/oferta-szkoleniowa\/ksztalcenie-pielegniarek-i-poloznych\/kursy-specjalistyczne\/endoskopia\/#breadcrumb\",\"itemListElement\":[{\"@type\":\"ListItem\",\"position\":1,\"name\":\"Strona g\u0142\u00f3wna\",\"item\":\"https:\/\/akademia-zdrowia.pl\/warszawa\/\"},{\"@type\":\"ListItem\",\"position\":2,\"name\":\"Oferta szkoleniowa\",\"item\":\"https:\/\/akademia-zdrowia.pl\/warszawa\/oferta-szkoleniowa\/\"},{\"@type\":\"ListItem\",\"position\":3,\"name\":\"Kszta\u0142cenie piel\u0119gniarek i po\u0142o\u017cnych\",\"item\":\"https:\/\/akademia-zdrowia.pl\/warszawa\/oferta-szkoleniowa\/ksztalcenie-pielegniarek-i-poloznych\/\"},{\"@type\":\"ListItem\",\"position\":4,\"name\":\"Kursy specjalistyczne\",\"item\":\"https:\/\/akademia-zdrowia.pl\/warszawa\/oferta-szkoleniowa\/ksztalcenie-pielegniarek-i-poloznych\/kursy-specjalistyczne\/\"},{\"@type\":\"ListItem\",\"position\":5,\"name\":\"Endoskopia\"}]},{\"@type\":\"WebSite\",\"@id\":\"https:\/\/akademia-zdrowia.pl\/warszawa\/#website\",\"url\":\"https:\/\/akademia-zdrowia.pl\/warszawa\/\",\"name\":\"Nowa kategoria kursu\",\"description\":\"Nowy kurs \",\"potentialAction\":[{\"@type\":\"SearchAction\",\"target\":{\"@type\":\"EntryPoint\",\"urlTemplate\":\"https:\/\/akademia-zdrowia.pl\/warszawa\/?s={search_term_string}\"},\"query-input\":{\"@type\":\"PropertyValueSpecification\",\"valueRequired\":true,\"valueName\":\"search_term_string\"}}],\"inLanguage\":\"pl-PL\"}]}<\/script>\n<!-- \/ Yoast SEO plugin. -->","yoast_head_json":{"title":"Endoskopia - Akademia zdrowia \u2013 Warszawa \u2013 Kursy zawodowe, szko\u0142y policealne","description":"ENDOSKOPIA DLA PIEL\u0118GNIAREKENDOSKOPIA DLA PIEL\u0118GNIAREK \u00a0Cel kszta\u0142ceniaPrzygotowanie piel\u0119gniarki do samodzielnego wykonywania czynno\u015bci zawodowych w","robots":{"index":"index","follow":"follow","max-snippet":"max-snippet:-1","max-image-preview":"max-image-preview:large","max-video-preview":"max-video-preview:-1"},"canonical":"https:\/\/akademia-zdrowia.pl\/warszawa\/oferta-szkoleniowa\/ksztalcenie-pielegniarek-i-poloznych\/kursy-specjalistyczne\/endoskopia\/","og_locale":"pl_PL","og_type":"article","og_title":"Endoskopia - Akademia zdrowia \u2013 Warszawa \u2013 Kursy zawodowe, szko\u0142y policealne","og_description":"ENDOSKOPIA DLA PIEL\u0118GNIAREKENDOSKOPIA DLA PIEL\u0118GNIAREK \u00a0Cel kszta\u0142ceniaPrzygotowanie piel\u0119gniarki do samodzielnego wykonywania czynno\u015bci zawodowych w","og_url":"https:\/\/akademia-zdrowia.pl\/warszawa\/oferta-szkoleniowa\/ksztalcenie-pielegniarek-i-poloznych\/kursy-specjalistyczne\/endoskopia\/","og_site_name":"Nowa kategoria kursu","article_modified_time":"2022-02-28T11:39:16+00:00","twitter_card":"summary_large_image","twitter_misc":{"Szacowany czas czytania":"1 minuta"},"schema":{"@context":"https:\/\/schema.org","@graph":[{"@type":"WebPage","@id":"https:\/\/akademia-zdrowia.pl\/warszawa\/oferta-szkoleniowa\/ksztalcenie-pielegniarek-i-poloznych\/kursy-specjalistyczne\/endoskopia\/","url":"https:\/\/akademia-zdrowia.pl\/warszawa\/oferta-szkoleniowa\/ksztalcenie-pielegniarek-i-poloznych\/kursy-specjalistyczne\/endoskopia\/","name":"Endoskopia - Akademia zdrowia \u2013 Warszawa \u2013 Kursy zawodowe, szko\u0142y policealne","isPartOf":{"@id":"https:\/\/akademia-zdrowia.pl\/warszawa\/#website"},"datePublished":"2018-01-10T10:39:02+00:00","dateModified":"2022-02-28T11:39:16+00:00","description":"ENDOSKOPIA DLA PIEL\u0118GNIAREKENDOSKOPIA DLA PIEL\u0118GNIAREK \u00a0Cel kszta\u0142ceniaPrzygotowanie piel\u0119gniarki do samodzielnego wykonywania czynno\u015bci zawodowych w","breadcrumb":{"@id":"https:\/\/akademia-zdrowia.pl\/warszawa\/oferta-szkoleniowa\/ksztalcenie-pielegniarek-i-poloznych\/kursy-specjalistyczne\/endoskopia\/#breadcrumb"},"inLanguage":"pl-PL","potentialAction":[{"@type":"ReadAction","target":["https:\/\/akademia-zdrowia.pl\/warszawa\/oferta-szkoleniowa\/ksztalcenie-pielegniarek-i-poloznych\/kursy-specjalistyczne\/endoskopia\/"]}]},{"@type":"BreadcrumbList","@id":"https:\/\/akademia-zdrowia.pl\/warszawa\/oferta-szkoleniowa\/ksztalcenie-pielegniarek-i-poloznych\/kursy-specjalistyczne\/endoskopia\/#breadcrumb","itemListElement":[{"@type":"ListItem","position":1,"name":"Strona g\u0142\u00f3wna","item":"https:\/\/akademia-zdrowia.pl\/warszawa\/"},{"@type":"ListItem","position":2,"name":"Oferta szkoleniowa","item":"https:\/\/akademia-zdrowia.pl\/warszawa\/oferta-szkoleniowa\/"},{"@type":"ListItem","position":3,"name":"Kszta\u0142cenie piel\u0119gniarek i po\u0142o\u017cnych","item":"https:\/\/akademia-zdrowia.pl\/warszawa\/oferta-szkoleniowa\/ksztalcenie-pielegniarek-i-poloznych\/"},{"@type":"ListItem","position":4,"name":"Kursy specjalistyczne","item":"https:\/\/akademia-zdrowia.pl\/warszawa\/oferta-szkoleniowa\/ksztalcenie-pielegniarek-i-poloznych\/kursy-specjalistyczne\/"},{"@type":"ListItem","position":5,"name":"Endoskopia"}]},{"@type":"WebSite","@id":"https:\/\/akademia-zdrowia.pl\/warszawa\/#website","url":"https:\/\/akademia-zdrowia.pl\/warszawa\/","name":"Nowa kategoria kursu","description":"Nowy kurs ","potentialAction":[{"@type":"SearchAction","target":{"@type":"EntryPoint","urlTemplate":"https:\/\/akademia-zdrowia.pl\/warszawa\/?s={search_term_string}"},"query-input":{"@type":"PropertyValueSpecification","valueRequired":true,"valueName":"search_term_string"}}],"inLanguage":"pl-PL"}]}},"_links":{"self":[{"href":"https:\/\/akademia-zdrowia.pl\/warszawa\/wp-json\/wp\/v2\/pages\/405","targetHints":{"allow":["GET"]}}],"collection":[{"href":"https:\/\/akademia-zdrowia.pl\/warszawa\/wp-json\/wp\/v2\/pages"}],"about":[{"href":"https:\/\/akademia-zdrowia.pl\/warszawa\/wp-json\/wp\/v2\/types\/page"}],"author":[{"embeddable":true,"href":"https:\/\/akademia-zdrowia.pl\/warszawa\/wp-json\/wp\/v2\/users\/1"}],"replies":[{"embeddable":true,"href":"https:\/\/akademia-zdrowia.pl\/warszawa\/wp-json\/wp\/v2\/comments?post=405"}],"version-history":[{"count":12,"href":"https:\/\/akademia-zdrowia.pl\/warszawa\/wp-json\/wp\/v2\/pages\/405\/revisions"}],"predecessor-version":[{"id":2988,"href":"https:\/\/akademia-zdrowia.pl\/warszawa\/wp-json\/wp\/v2\/pages\/405\/revisions\/2988"}],"up":[{"embeddable":true,"href":"https:\/\/akademia-zdrowia.pl\/warszawa\/wp-json\/wp\/v2\/pages\/397"}],"wp:attachment":[{"href":"https:\/\/akademia-zdrowia.pl\/warszawa\/wp-json\/wp\/v2\/media?parent=405"}],"curies":[{"name":"wp","href":"https:\/\/api.w.org\/{rel}","templated":true}]}}