{"id":411,"date":"2018-01-10T11:45:54","date_gmt":"2018-01-10T10:45:54","guid":{"rendered":"http:\/\/www.akademia-zdrowia.pl\/lodz\/?page_id=411"},"modified":"2022-02-28T13:18:14","modified_gmt":"2022-02-28T12:18:14","slug":"leczenie-ran-dla-pielegniarek","status":"publish","type":"page","link":"https:\/\/akademia-zdrowia.pl\/warszawa\/oferta-szkoleniowa\/ksztalcenie-pielegniarek-i-poloznych\/kursy-specjalistyczne\/leczenie-ran-dla-pielegniarek\/","title":{"rendered":"Leczenie ran ( dla piel\u0119gniarek)"},"content":{"rendered":"\t\t<div data-elementor-type=\"wp-page\" data-elementor-id=\"411\" class=\"elementor elementor-411\" data-elementor-post-type=\"page\">\n\t\t\t\t\t\t<section class=\"elementor-section elementor-top-section elementor-element elementor-element-8e99878 elementor-section-boxed elementor-section-height-default elementor-section-height-default\" data-id=\"8e99878\" data-element_type=\"section\">\n\t\t\t\t\t\t<div class=\"elementor-container elementor-column-gap-default\">\n\t\t\t\t\t<div class=\"elementor-column elementor-col-100 elementor-top-column elementor-element elementor-element-8d9fb53\" data-id=\"8d9fb53\" data-element_type=\"column\">\n\t\t\t<div class=\"elementor-widget-wrap elementor-element-populated\">\n\t\t\t\t\t\t<div class=\"elementor-element elementor-element-c96f618 elementor-widget elementor-widget-bdt-advanced-heading\" data-id=\"c96f618\" data-element_type=\"widget\" data-widget_type=\"bdt-advanced-heading.default\">\n\t\t\t\t<div class=\"elementor-widget-container\">\n\t\t\t\t\t<div id =\"c96f618\" class=\"bdt-ep-advanced-heading\" data-settings=\"{&quot;titleMultiColor&quot;:&quot;no&quot;}\"><div class=\"bdt-ep-advanced-heading-content bdt-visible@m\"><div class=\"bdt-transform-origin-top-left\">Leczenie ran dla piel\u0119gniarek<\/div><\/div><h2 class=\"bdt-ep-advanced-heading-title\"><span class=\"bdt-ep-advanced-heading-main-title\"><span class=\"bdt-ep-advanced-heading-main-title-inner\">Leczenie ran dla piel\u0119gniarek<\/span><\/span><\/h2><\/div>\t\t\t\t<\/div>\n\t\t\t\t<\/div>\n\t\t\t\t<div class=\"elementor-element elementor-element-456ea08 elementor-widget elementor-widget-text-editor\" data-id=\"456ea08\" data-element_type=\"widget\" data-widget_type=\"text-editor.default\">\n\t\t\t\t<div class=\"elementor-widget-container\">\n\t\t\t\t\t\t\t\t\t<p><strong><br><\/strong><\/p><p><strong>Cel kszta\u0142cenia<\/strong><\/p>\n<p>Przygotowanie piel\u0119gniarki do samodzielnego udzielania \u015bwiadcze\u0144 zdrowotnych w zakresie opieki nad chorym z ran\u0105 odle\u017cynow\u0105, owrzodzeniem nowotworowym, oparzeniem, modmro\u017ceniem, ran\u0105 urazow\u0105 powierzchown\u0105, owrzodzeniem ko\u0144czyn dolnych, stop\u0105 cukrzycow\u0105 oraz do zdejmowania szw\u00f3w z rany<\/p>\n<p><strong>Czas trwania kszta\u0142cenia<\/strong><\/p>\n<p><strong>140 godzin dydaktycznych<\/strong><\/p>\n<ul>\n<li>zaj\u0119cia teoretyczne \u2013 60 godzin,<\/li>\n<li>Zaj\u0119cia sta\u017cowe- 80 godzin.<\/li>\n<\/ul>\n<p>Zaj\u0119cia teoretyczne w systemie weekendowym:<\/p>\n<ul>\n<li>pi\u0105tek godz. 16:00<\/li>\n<li>sobota i niedziela godz. 9:00<\/li>\n<\/ul>\n<p>Zaj\u0119cia sta\u017cowe&nbsp; w wybrane dni powszednie od poniedzia\u0142ku do pi\u0105tku w godzinach porannych<\/p>\n<p><strong><u>Dokumenty niezb\u0119dne, aby przyst\u0105pi\u0107 do kursu:<\/u><\/strong><\/p>\n<ol>\n<li>wniosek wys\u0142any elektronicznie poprzez system SMK<\/li>\n<li>wniosek o dofinansowanie dostarczony w wersji papierowej do sekretariatu 5-7 dni przed rozpocz\u0119ciem kursu ( w przypadku ubiegania si\u0119 o dofinansowanie z WOIPiP)<\/li>\n<\/ol>\t\t\t\t\t\t\t\t<\/div>\n\t\t\t\t<\/div>\n\t\t\t\t\t<\/div>\n\t\t<\/div>\n\t\t\t\t\t<\/div>\n\t\t<\/section>\n\t\t\t\t<section class=\"elementor-section elementor-top-section elementor-element elementor-element-f0c9c79 elementor-section-boxed elementor-section-height-default elementor-section-height-default\" data-id=\"f0c9c79\" data-element_type=\"section\">\n\t\t\t\t\t\t<div class=\"elementor-container elementor-column-gap-default\">\n\t\t\t\t\t<div class=\"elementor-column elementor-col-100 elementor-top-column elementor-element elementor-element-b55d258\" data-id=\"b55d258\" data-element_type=\"column\">\n\t\t\t<div class=\"elementor-widget-wrap elementor-element-populated\">\n\t\t\t\t\t\t<div class=\"elementor-element elementor-element-75d9286 elementor-widget elementor-widget-text-editor\" data-id=\"75d9286\" data-element_type=\"widget\" data-widget_type=\"text-editor.default\">\n\t\t\t\t<div class=\"elementor-widget-container\">\n\t\t\t\t\t\t\t\t\t<p><strong>Cena kursu- 650,00 z\u0142<br \/><\/strong><strong>Cena kursu przy dofinansowaniu z WOIPiP to TYLKO 500,00 z\u0142<\/strong><\/p>\t\t\t\t\t\t\t\t<\/div>\n\t\t\t\t<\/div>\n\t\t\t\t\t<\/div>\n\t\t<\/div>\n\t\t\t\t\t<\/div>\n\t\t<\/section>\n\t\t\t\t<section class=\"elementor-section elementor-top-section elementor-element elementor-element-f0fa10b elementor-section-boxed elementor-section-height-default elementor-section-height-default\" data-id=\"f0fa10b\" data-element_type=\"section\">\n\t\t\t\t\t\t<div class=\"elementor-container elementor-column-gap-default\">\n\t\t\t\t\t<div class=\"elementor-column elementor-col-100 elementor-top-column elementor-element elementor-element-004ca58\" data-id=\"004ca58\" data-element_type=\"column\">\n\t\t\t<div class=\"elementor-widget-wrap elementor-element-populated\">\n\t\t\t\t\t\t<div class=\"elementor-element elementor-element-494d937 elementor-widget elementor-widget-text-editor\" data-id=\"494d937\" data-element_type=\"widget\" data-widget_type=\"text-editor.default\">\n\t\t\t\t<div class=\"elementor-widget-container\">\n\t\t\t\t\t\t\t\t\t<p>Szczeg\u00f3\u0142owy program kursu:<br \/><a href=\"https:\/\/ckppip.edu.pl\/wp-content\/uploads\/2020\/10\/Leczenie-ran-dla-pielegniarek-21.12.2018.pdf\">https:\/\/ckppip.edu.pl\/wp-content\/uploads\/2020\/10\/Leczenie-ran-dla-pielegniarek-21.12.2018.pdf<\/a><\/p><p>Zapisy tylko i wy\u0142\u0105cznie przez system SMK:<br \/><a href=\"https:\/\/smk.ezdrowie.gov.pl\/login.jsp\">https:\/\/smk.ezdrowie.gov.pl\/login.jsp<\/a><\/p><p>Link do pobrania wniosku o dofinansowanie kszta\u0142cenia podyplomowego oraz z WOIPiP:<br \/><a href=\"http:\/\/woipip.pl\/ksztalcenie\/komplet-wnioskow\/\">http:\/\/woipip.pl\/ksztalcenie\/komplet-wnioskow\/<\/a><\/p>\t\t\t\t\t\t\t\t<\/div>\n\t\t\t\t<\/div>\n\t\t\t\t\t<\/div>\n\t\t<\/div>\n\t\t\t\t\t<\/div>\n\t\t<\/section>\n\t\t\t\t<\/div>\n\t\t","protected":false},"excerpt":{"rendered":"<p>Leczenie ran dla piel\u0119gniarek Leczenie ran dla piel\u0119gniarek Cel kszta\u0142cenia Przygotowanie piel\u0119gniarki do samodzielnego udzielania \u015bwiadcze\u0144 zdrowotnych w zakresie opieki nad chorym z ran\u0105 odle\u017cynow\u0105, owrzodzeniem nowotworowym, oparzeniem, modmro\u017ceniem, ran\u0105 urazow\u0105 powierzchown\u0105, owrzodzeniem ko\u0144czyn dolnych, stop\u0105 cukrzycow\u0105 oraz do zdejmowania szw\u00f3w z rany Czas trwania kszta\u0142cenia 140 godzin dydaktycznych zaj\u0119cia teoretyczne \u2013 60 godzin, Zaj\u0119cia&#8230;<\/p>\n","protected":false},"author":1,"featured_media":0,"parent":397,"menu_order":0,"comment_status":"closed","ping_status":"closed","template":"","meta":{"footnotes":""},"class_list":["post-411","page","type-page","status-publish","hentry"],"yoast_head":"<!-- This site is optimized with the Yoast SEO plugin v26.8 - https:\/\/yoast.com\/product\/yoast-seo-wordpress\/ -->\n<title>Leczenie ran ( dla piel\u0119gniarek) - Akademia zdrowia \u2013 Warszawa \u2013 Kursy zawodowe, szko\u0142y policealne<\/title>\n<meta name=\"description\" content=\"Leczenie ran dla piel\u0119gniarekLeczenie ran dla piel\u0119gniarek Cel kszta\u0142cenia Przygotowanie piel\u0119gniarki do samodzielnego udzielania \u015bwiadcze\u0144 zdrowotnych w\" \/>\n<meta name=\"robots\" content=\"index, follow, max-snippet:-1, max-image-preview:large, max-video-preview:-1\" \/>\n<link rel=\"canonical\" href=\"https:\/\/akademia-zdrowia.pl\/warszawa\/oferta-szkoleniowa\/ksztalcenie-pielegniarek-i-poloznych\/kursy-specjalistyczne\/leczenie-ran-dla-pielegniarek\/\" \/>\n<meta property=\"og:locale\" content=\"pl_PL\" \/>\n<meta property=\"og:type\" content=\"article\" \/>\n<meta property=\"og:title\" content=\"Leczenie ran ( dla piel\u0119gniarek) - Akademia zdrowia \u2013 Warszawa \u2013 Kursy zawodowe, szko\u0142y policealne\" \/>\n<meta property=\"og:description\" content=\"Leczenie ran dla piel\u0119gniarekLeczenie ran dla piel\u0119gniarek Cel kszta\u0142cenia Przygotowanie piel\u0119gniarki do samodzielnego udzielania \u015bwiadcze\u0144 zdrowotnych w\" \/>\n<meta property=\"og:url\" content=\"https:\/\/akademia-zdrowia.pl\/warszawa\/oferta-szkoleniowa\/ksztalcenie-pielegniarek-i-poloznych\/kursy-specjalistyczne\/leczenie-ran-dla-pielegniarek\/\" \/>\n<meta property=\"og:site_name\" content=\"Nowa kategoria kursu\" \/>\n<meta property=\"article:modified_time\" content=\"2022-02-28T12:18:14+00:00\" \/>\n<meta name=\"twitter:card\" content=\"summary_large_image\" \/>\n<meta name=\"twitter:label1\" content=\"Szacowany czas czytania\" \/>\n\t<meta name=\"twitter:data1\" content=\"1 minuta\" \/>\n<script type=\"application\/ld+json\" class=\"yoast-schema-graph\">{\"@context\":\"https:\/\/schema.org\",\"@graph\":[{\"@type\":\"WebPage\",\"@id\":\"https:\/\/akademia-zdrowia.pl\/warszawa\/oferta-szkoleniowa\/ksztalcenie-pielegniarek-i-poloznych\/kursy-specjalistyczne\/leczenie-ran-dla-pielegniarek\/\",\"url\":\"https:\/\/akademia-zdrowia.pl\/warszawa\/oferta-szkoleniowa\/ksztalcenie-pielegniarek-i-poloznych\/kursy-specjalistyczne\/leczenie-ran-dla-pielegniarek\/\",\"name\":\"Leczenie ran ( dla piel\u0119gniarek) - Akademia zdrowia \u2013 Warszawa \u2013 Kursy zawodowe, szko\u0142y policealne\",\"isPartOf\":{\"@id\":\"https:\/\/akademia-zdrowia.pl\/warszawa\/#website\"},\"datePublished\":\"2018-01-10T10:45:54+00:00\",\"dateModified\":\"2022-02-28T12:18:14+00:00\",\"description\":\"Leczenie ran dla piel\u0119gniarekLeczenie ran dla piel\u0119gniarek Cel kszta\u0142cenia Przygotowanie piel\u0119gniarki do samodzielnego udzielania \u015bwiadcze\u0144 zdrowotnych w\",\"breadcrumb\":{\"@id\":\"https:\/\/akademia-zdrowia.pl\/warszawa\/oferta-szkoleniowa\/ksztalcenie-pielegniarek-i-poloznych\/kursy-specjalistyczne\/leczenie-ran-dla-pielegniarek\/#breadcrumb\"},\"inLanguage\":\"pl-PL\",\"potentialAction\":[{\"@type\":\"ReadAction\",\"target\":[\"https:\/\/akademia-zdrowia.pl\/warszawa\/oferta-szkoleniowa\/ksztalcenie-pielegniarek-i-poloznych\/kursy-specjalistyczne\/leczenie-ran-dla-pielegniarek\/\"]}]},{\"@type\":\"BreadcrumbList\",\"@id\":\"https:\/\/akademia-zdrowia.pl\/warszawa\/oferta-szkoleniowa\/ksztalcenie-pielegniarek-i-poloznych\/kursy-specjalistyczne\/leczenie-ran-dla-pielegniarek\/#breadcrumb\",\"itemListElement\":[{\"@type\":\"ListItem\",\"position\":1,\"name\":\"Strona g\u0142\u00f3wna\",\"item\":\"https:\/\/akademia-zdrowia.pl\/warszawa\/\"},{\"@type\":\"ListItem\",\"position\":2,\"name\":\"Oferta szkoleniowa\",\"item\":\"https:\/\/akademia-zdrowia.pl\/warszawa\/oferta-szkoleniowa\/\"},{\"@type\":\"ListItem\",\"position\":3,\"name\":\"Kszta\u0142cenie piel\u0119gniarek i po\u0142o\u017cnych\",\"item\":\"https:\/\/akademia-zdrowia.pl\/warszawa\/oferta-szkoleniowa\/ksztalcenie-pielegniarek-i-poloznych\/\"},{\"@type\":\"ListItem\",\"position\":4,\"name\":\"Kursy specjalistyczne\",\"item\":\"https:\/\/akademia-zdrowia.pl\/warszawa\/oferta-szkoleniowa\/ksztalcenie-pielegniarek-i-poloznych\/kursy-specjalistyczne\/\"},{\"@type\":\"ListItem\",\"position\":5,\"name\":\"Leczenie ran ( dla piel\u0119gniarek)\"}]},{\"@type\":\"WebSite\",\"@id\":\"https:\/\/akademia-zdrowia.pl\/warszawa\/#website\",\"url\":\"https:\/\/akademia-zdrowia.pl\/warszawa\/\",\"name\":\"Nowa kategoria kursu\",\"description\":\"Nowy kurs \",\"potentialAction\":[{\"@type\":\"SearchAction\",\"target\":{\"@type\":\"EntryPoint\",\"urlTemplate\":\"https:\/\/akademia-zdrowia.pl\/warszawa\/?s={search_term_string}\"},\"query-input\":{\"@type\":\"PropertyValueSpecification\",\"valueRequired\":true,\"valueName\":\"search_term_string\"}}],\"inLanguage\":\"pl-PL\"}]}<\/script>\n<!-- \/ Yoast SEO plugin. -->","yoast_head_json":{"title":"Leczenie ran ( dla piel\u0119gniarek) - Akademia zdrowia \u2013 Warszawa \u2013 Kursy zawodowe, szko\u0142y policealne","description":"Leczenie ran dla piel\u0119gniarekLeczenie ran dla piel\u0119gniarek Cel kszta\u0142cenia Przygotowanie piel\u0119gniarki do samodzielnego udzielania \u015bwiadcze\u0144 zdrowotnych w","robots":{"index":"index","follow":"follow","max-snippet":"max-snippet:-1","max-image-preview":"max-image-preview:large","max-video-preview":"max-video-preview:-1"},"canonical":"https:\/\/akademia-zdrowia.pl\/warszawa\/oferta-szkoleniowa\/ksztalcenie-pielegniarek-i-poloznych\/kursy-specjalistyczne\/leczenie-ran-dla-pielegniarek\/","og_locale":"pl_PL","og_type":"article","og_title":"Leczenie ran ( dla piel\u0119gniarek) - Akademia zdrowia \u2013 Warszawa \u2013 Kursy zawodowe, szko\u0142y policealne","og_description":"Leczenie ran dla piel\u0119gniarekLeczenie ran dla piel\u0119gniarek Cel kszta\u0142cenia Przygotowanie piel\u0119gniarki do samodzielnego udzielania \u015bwiadcze\u0144 zdrowotnych w","og_url":"https:\/\/akademia-zdrowia.pl\/warszawa\/oferta-szkoleniowa\/ksztalcenie-pielegniarek-i-poloznych\/kursy-specjalistyczne\/leczenie-ran-dla-pielegniarek\/","og_site_name":"Nowa kategoria kursu","article_modified_time":"2022-02-28T12:18:14+00:00","twitter_card":"summary_large_image","twitter_misc":{"Szacowany czas czytania":"1 minuta"},"schema":{"@context":"https:\/\/schema.org","@graph":[{"@type":"WebPage","@id":"https:\/\/akademia-zdrowia.pl\/warszawa\/oferta-szkoleniowa\/ksztalcenie-pielegniarek-i-poloznych\/kursy-specjalistyczne\/leczenie-ran-dla-pielegniarek\/","url":"https:\/\/akademia-zdrowia.pl\/warszawa\/oferta-szkoleniowa\/ksztalcenie-pielegniarek-i-poloznych\/kursy-specjalistyczne\/leczenie-ran-dla-pielegniarek\/","name":"Leczenie ran ( dla piel\u0119gniarek) - Akademia zdrowia \u2013 Warszawa \u2013 Kursy zawodowe, szko\u0142y policealne","isPartOf":{"@id":"https:\/\/akademia-zdrowia.pl\/warszawa\/#website"},"datePublished":"2018-01-10T10:45:54+00:00","dateModified":"2022-02-28T12:18:14+00:00","description":"Leczenie ran dla piel\u0119gniarekLeczenie ran dla piel\u0119gniarek Cel kszta\u0142cenia Przygotowanie piel\u0119gniarki do samodzielnego udzielania \u015bwiadcze\u0144 zdrowotnych w","breadcrumb":{"@id":"https:\/\/akademia-zdrowia.pl\/warszawa\/oferta-szkoleniowa\/ksztalcenie-pielegniarek-i-poloznych\/kursy-specjalistyczne\/leczenie-ran-dla-pielegniarek\/#breadcrumb"},"inLanguage":"pl-PL","potentialAction":[{"@type":"ReadAction","target":["https:\/\/akademia-zdrowia.pl\/warszawa\/oferta-szkoleniowa\/ksztalcenie-pielegniarek-i-poloznych\/kursy-specjalistyczne\/leczenie-ran-dla-pielegniarek\/"]}]},{"@type":"BreadcrumbList","@id":"https:\/\/akademia-zdrowia.pl\/warszawa\/oferta-szkoleniowa\/ksztalcenie-pielegniarek-i-poloznych\/kursy-specjalistyczne\/leczenie-ran-dla-pielegniarek\/#breadcrumb","itemListElement":[{"@type":"ListItem","position":1,"name":"Strona g\u0142\u00f3wna","item":"https:\/\/akademia-zdrowia.pl\/warszawa\/"},{"@type":"ListItem","position":2,"name":"Oferta szkoleniowa","item":"https:\/\/akademia-zdrowia.pl\/warszawa\/oferta-szkoleniowa\/"},{"@type":"ListItem","position":3,"name":"Kszta\u0142cenie piel\u0119gniarek i po\u0142o\u017cnych","item":"https:\/\/akademia-zdrowia.pl\/warszawa\/oferta-szkoleniowa\/ksztalcenie-pielegniarek-i-poloznych\/"},{"@type":"ListItem","position":4,"name":"Kursy specjalistyczne","item":"https:\/\/akademia-zdrowia.pl\/warszawa\/oferta-szkoleniowa\/ksztalcenie-pielegniarek-i-poloznych\/kursy-specjalistyczne\/"},{"@type":"ListItem","position":5,"name":"Leczenie ran ( dla piel\u0119gniarek)"}]},{"@type":"WebSite","@id":"https:\/\/akademia-zdrowia.pl\/warszawa\/#website","url":"https:\/\/akademia-zdrowia.pl\/warszawa\/","name":"Nowa kategoria kursu","description":"Nowy kurs ","potentialAction":[{"@type":"SearchAction","target":{"@type":"EntryPoint","urlTemplate":"https:\/\/akademia-zdrowia.pl\/warszawa\/?s={search_term_string}"},"query-input":{"@type":"PropertyValueSpecification","valueRequired":true,"valueName":"search_term_string"}}],"inLanguage":"pl-PL"}]}},"_links":{"self":[{"href":"https:\/\/akademia-zdrowia.pl\/warszawa\/wp-json\/wp\/v2\/pages\/411","targetHints":{"allow":["GET"]}}],"collection":[{"href":"https:\/\/akademia-zdrowia.pl\/warszawa\/wp-json\/wp\/v2\/pages"}],"about":[{"href":"https:\/\/akademia-zdrowia.pl\/warszawa\/wp-json\/wp\/v2\/types\/page"}],"author":[{"embeddable":true,"href":"https:\/\/akademia-zdrowia.pl\/warszawa\/wp-json\/wp\/v2\/users\/1"}],"replies":[{"embeddable":true,"href":"https:\/\/akademia-zdrowia.pl\/warszawa\/wp-json\/wp\/v2\/comments?post=411"}],"version-history":[{"count":6,"href":"https:\/\/akademia-zdrowia.pl\/warszawa\/wp-json\/wp\/v2\/pages\/411\/revisions"}],"predecessor-version":[{"id":3031,"href":"https:\/\/akademia-zdrowia.pl\/warszawa\/wp-json\/wp\/v2\/pages\/411\/revisions\/3031"}],"up":[{"embeddable":true,"href":"https:\/\/akademia-zdrowia.pl\/warszawa\/wp-json\/wp\/v2\/pages\/397"}],"wp:attachment":[{"href":"https:\/\/akademia-zdrowia.pl\/warszawa\/wp-json\/wp\/v2\/media?parent=411"}],"curies":[{"name":"wp","href":"https:\/\/api.w.org\/{rel}","templated":true}]}}