{"id":4449,"date":"2024-06-04T12:16:55","date_gmt":"2024-06-04T10:16:55","guid":{"rendered":"https:\/\/akademia-zdrowia.pl\/warszawa\/?page_id=4449"},"modified":"2024-06-27T10:42:15","modified_gmt":"2024-06-27T08:42:15","slug":"stymulatory-tkankowe","status":"publish","type":"page","link":"https:\/\/akademia-zdrowia.pl\/warszawa\/oferta-szkoleniowa\/kursy-i-szkolenia\/kursy-kosmetyczno-fryzjerskie\/stymulatory-tkankowe\/","title":{"rendered":"Stymulatory tkankowe"},"content":{"rendered":"\t\t<div data-elementor-type=\"wp-page\" data-elementor-id=\"4449\" class=\"elementor elementor-4449\" data-elementor-post-type=\"page\">\n\t\t\t\t\t\t<section class=\"elementor-section elementor-top-section elementor-element elementor-element-81c8b67 elementor-section-stretched elementor-section-boxed elementor-section-height-default elementor-section-height-default\" data-id=\"81c8b67\" data-element_type=\"section\" data-settings=\"{&quot;stretch_section&quot;:&quot;section-stretched&quot;}\">\n\t\t\t\t\t\t<div class=\"elementor-container elementor-column-gap-default\">\n\t\t\t\t\t<div class=\"elementor-column elementor-col-100 elementor-top-column elementor-element elementor-element-716ac19\" data-id=\"716ac19\" data-element_type=\"column\">\n\t\t\t<div class=\"elementor-widget-wrap elementor-element-populated\">\n\t\t\t\t\t\t<section class=\"elementor-section elementor-inner-section elementor-element elementor-element-73be310 elementor-section-boxed elementor-section-height-default elementor-section-height-default\" data-id=\"73be310\" data-element_type=\"section\">\n\t\t\t\t\t\t<div class=\"elementor-container elementor-column-gap-default\">\n\t\t\t\t\t<div class=\"elementor-column elementor-col-50 elementor-inner-column elementor-element elementor-element-8c704b1\" data-id=\"8c704b1\" data-element_type=\"column\">\n\t\t\t<div class=\"elementor-widget-wrap elementor-element-populated\">\n\t\t\t\t\t\t<div class=\"elementor-element elementor-element-634c7f3 elementor-widget elementor-widget-text-editor\" data-id=\"634c7f3\" data-element_type=\"widget\" data-widget_type=\"text-editor.default\">\n\t\t\t\t<div class=\"elementor-widget-container\">\n\t\t\t\t\t\t\t\t\t<p style=\"font-weight: 400;\">Kurs sk\u0142ada si\u0119 z 8 godzin dydaktycznych.<\/p><p style=\"font-weight: 400;\"><strong>Zainteresowany szkoleniem? Zadzwo\u0144 \u2013 odpowiemy na wszystkie twoje pytania!<\/strong><\/p><p style=\"font-weight: 400;\"><strong>Monika \u2013 <img decoding=\"async\" class=\"alignnone wp-image-4175 \" src=\"https:\/\/akademia-zdrowia.pl\/warszawa\/wp-content\/uploads\/2023\/08\/whatsapp-logo-png-2288-150x150.png\" alt=\"\" width=\"43\" height=\"43\" srcset=\"https:\/\/akademia-zdrowia.pl\/warszawa\/wp-content\/uploads\/2023\/08\/whatsapp-logo-png-2288-150x150.png 150w, https:\/\/akademia-zdrowia.pl\/warszawa\/wp-content\/uploads\/2023\/08\/whatsapp-logo-png-2288.png 256w, https:\/\/akademia-zdrowia.pl\/warszawa\/wp-content\/uploads\/2023\/08\/whatsapp-logo-png-2288-120x120.png 120w, https:\/\/akademia-zdrowia.pl\/warszawa\/wp-content\/uploads\/2023\/08\/whatsapp-logo-png-2288-220x220.png 220w\" sizes=\"(max-width: 43px) 100vw, 43px\" \/> 698 592 960<\/strong><\/p><p style=\"font-weight: 400;\"><strong><a href=\"https:\/\/akademia-zdrowia.pl\/warszawa\/zapisz-sie-na-kurs\/\" data-saferedirecturl=\"https:\/\/www.google.com\/url?q=https:\/\/akademia-zdrowia.pl\/warszawa\/zapisz-sie-na-kurs\/&amp;source=gmail&amp;ust=1717577343082000&amp;usg=AOvVaw2Yfea-qpmg7M99vV8iAROx\">ZAPISZ SI\u0118!<\/a><\/strong><\/p><p style=\"font-weight: 400;\"><strong>Po kr\u00f3tkim wst\u0119pie teoretycznym przechodzimy od razu do praktyki !!!<\/strong><\/p><p style=\"font-weight: 400;\"><strong>ZAKRES SZKOLENIA:<\/strong><\/p><ol style=\"font-weight: 400;\"><li>nabycie szerokiej wiedzy na temat zabiegu mezoterapii ig\u0142owej,<\/li><li>pozyskanie umiej\u0119tno\u015bci praktycznego wykonywania zabiegu,<\/li><li>zachowanie zasad bezpiecze\u0144stwa i sporz\u0105dzanie protoko\u0142u obiegowego.<\/li><\/ol><p style=\"font-weight: 400;\"><strong>CEL SZKOLENIA:<\/strong>\u00a0Wprowadzenie do techniki mezoterapii ig\u0142owej.<\/p>\t\t\t\t\t\t\t\t<\/div>\n\t\t\t\t<\/div>\n\t\t\t\t\t<\/div>\n\t\t<\/div>\n\t\t\t\t<div class=\"elementor-column elementor-col-50 elementor-inner-column elementor-element elementor-element-018f45e\" data-id=\"018f45e\" data-element_type=\"column\">\n\t\t\t<div class=\"elementor-widget-wrap elementor-element-populated\">\n\t\t\t\t\t\t<div class=\"elementor-element elementor-element-02d7212 elementor-widget elementor-widget-rs-image\" data-id=\"02d7212\" data-element_type=\"widget\" data-widget_type=\"rs-image.default\">\n\t\t\t\t<div class=\"elementor-widget-container\">\n\t\t\t\t\t\n        <div class=\"rs-image \">\n                            <img decoding=\"async\" class=\"rs-multi-image \" src=\"https:\/\/akademia-zdrowia.pl\/warszawa\/wp-content\/uploads\/2023\/08\/az-warszawa-1.jpg\" alt=\"image\"\/>\n                    <\/div>\n\n              \n    \t\t\t\t<\/div>\n\t\t\t\t<\/div>\n\t\t\t\t<div class=\"elementor-element elementor-element-fb4b35f elementor-widget elementor-widget-text-editor\" data-id=\"fb4b35f\" data-element_type=\"widget\" data-widget_type=\"text-editor.default\">\n\t\t\t\t<div class=\"elementor-widget-container\">\n\t\t\t\t\t\t\t\t\t<div class=\"adres\"><p style=\"text-align: center;\">Jana Kazimierza 45\/5<br \/><span style=\"color: var( --e-global-color-text ); font-family: var( --e-global-typography-text-font-family ), Sans-serif; font-weight: var( --e-global-typography-text-font-weight );\">01-248 Warszawa<\/span><\/p><p><img decoding=\"async\" style=\"color: var( --e-global-color-text ); font-family: var( --e-global-typography-text-font-family ), Sans-serif; font-weight: var( --e-global-typography-text-font-weight );\" src=\"https:\/\/www.akademia-zdrowia.pl\/lodz\/wp-content\/themes\/akademia-podstrona\/img\/phone-ico_red.png\" alt=\"marker\" \/><span style=\"color: var( --e-global-color-text ); font-family: var( --e-global-typography-text-font-family ), Sans-serif; font-weight: var( --e-global-typography-text-font-weight );\">\u00a0\u00a0<\/span><span style=\"color: var( --e-global-color-text ); font-family: var( --e-global-typography-text-font-family ), Sans-serif; font-weight: var( --e-global-typography-text-font-weight );\">tel.\u00a0<\/span><a style=\"font-family: var( --e-global-typography-text-font-family ), Sans-serif; font-weight: var( --e-global-typography-text-font-weight ); background-color: #ffffff;\" href=\"tel:22 862 29 60\">(22) 862 29 60<\/a><span style=\"color: var( --e-global-color-text ); font-family: var( --e-global-typography-text-font-family ), Sans-serif; font-weight: var( --e-global-typography-text-font-weight );\">\u00a0\u00a0<br \/><\/span><span style=\"color: var( --e-global-color-text ); font-family: var( --e-global-typography-text-font-family ), Sans-serif; font-weight: var( --e-global-typography-text-font-weight );\">tel.\/fax\u00a0<\/span><a style=\"font-family: var( --e-global-typography-text-font-family ), Sans-serif; font-weight: var( --e-global-typography-text-font-weight ); background-color: #ffffff;\" href=\"tel:22 862 29 61\">(22) 862 29 61<\/a><\/p><p><img decoding=\"async\" class=\"alignnone wp-image-4175\" src=\"https:\/\/akademia-zdrowia.pl\/warszawa\/wp-content\/uploads\/2023\/08\/whatsapp-logo-png-2288.png\" alt=\"\" width=\"27\" height=\"27\" srcset=\"https:\/\/akademia-zdrowia.pl\/warszawa\/wp-content\/uploads\/2023\/08\/whatsapp-logo-png-2288.png 256w, https:\/\/akademia-zdrowia.pl\/warszawa\/wp-content\/uploads\/2023\/08\/whatsapp-logo-png-2288-150x150.png 150w, https:\/\/akademia-zdrowia.pl\/warszawa\/wp-content\/uploads\/2023\/08\/whatsapp-logo-png-2288-120x120.png 120w, https:\/\/akademia-zdrowia.pl\/warszawa\/wp-content\/uploads\/2023\/08\/whatsapp-logo-png-2288-220x220.png 220w\" sizes=\"(max-width: 27px) 100vw, 27px\" \/> tel. <a href=\"tel:+48698592960\">698 592 960<\/a><\/p><\/div><div class=\"dodatkowe\"><p style=\"text-align: center;\">Sekretariat czynny od poniedzia\u0142ku do pi\u0105tku w godzinach 9.00-16.00<\/p><p style=\"text-align: center;\"><span style=\"color: #000080; font-family: var( --e-global-typography-text-font-family ), Sans-serif;\"><b>Zarezerwuj miejsce ju\u017c dzi\u015b!<\/b><\/span><\/p><\/div>\t\t\t\t\t\t\t\t<\/div>\n\t\t\t\t<\/div>\n\t\t\t\t<div class=\"elementor-element elementor-element-493c1f6 elementor-align-center elementor-widget elementor-widget-bdt-advanced-button\" data-id=\"493c1f6\" data-element_type=\"widget\" data-widget_type=\"bdt-advanced-button.default\">\n\t\t\t\t<div class=\"elementor-widget-container\">\n\t\t\t\t\t\t\t<div class=\"bdt-ep-button-wrapper\">\r\n\t\t\t<a href=\"\/warszawa\/zapisz-sie\/\" class=\"bdt-ep-button bdt-ep-button-effect-a bdt-ep-button-size-sm\">\r\n\t\t\t\t\t\t<div class=\"bdt-ep-button-content-wrapper bdt-flex bdt-flex-middle bdt-flex-center  \" data-text=\"ZAPISZ SI\u0118\">\r\n\t\t\t\r\n\t\t\t<div class=\"bdt-ep-button-text\">\r\n\r\n                <span class=\"avdbtn-text\">ZAPISZ SI\u0118<\/span>\r\n\r\n\t\t\t\t            <\/div>\r\n\r\n\t\t\t\r\n\t\t<\/div>\r\n\t\t\t\t\t<\/a>\r\n\t\t<\/div>\r\n\t\t\t\t\t\t<\/div>\n\t\t\t\t<\/div>\n\t\t\t\t<div class=\"elementor-element elementor-element-60d7b9a bdt-navbar-style-1 elementor-widget elementor-widget-bdt-scrollnav\" data-id=\"60d7b9a\" data-element_type=\"widget\" data-widget_type=\"bdt-scrollnav.default\">\n\t\t\t\t<div class=\"elementor-widget-container\">\n\t\t\t\t\t\t\t<div class=\"bdt-scrollnav bdt-navbar-container bdt-navbar-transparent bdt-navbar \" data-bdt-navbar=\"\">\r\n\t\t\t<div class=\"bdt-navbar-center\">\r\n\t\t\t\t<ul class=\"bdt-nav bdt-nav-default\" data-bdt-scrollspy-nav=\"closest: li; scroll: true; offset: 0;\">\r\n\t\t\t\t\t\t\t\t<li>\r\n\t\t\t\t<a data-tippy-content=\"\" href=\"\/warszawa\/oferta-szkoleniowa\/kursy-i-szkolenia\/kursy-kosmetyczno-fryzjerskie\/stylizacja-paznokci\/\">\r\n\t\t\t\t\tStylizacja paznokci\t\t\t\t\t\t\t\t\t<\/a>\r\n\t\t\t<\/li>\r\n\t\t\t\t\t\t<li>\r\n\t\t\t\t<a data-tippy-content=\"\" href=\"\/warszawa\/oferta-szkoleniowa\/kursy-i-szkolenia\/kursy-kosmetyczno-fryzjerskie\/kosmetyka-z-elementami-wizazu\/\">\r\n\t\t\t\t\tKosmetyka z elementami wiza\u017cu\t\t\t\t\t\t\t\t\t<\/a>\r\n\t\t\t<\/li>\r\n\t\t\t\t\t\t\t<\/ul>\r\n\t\t\t<\/div>\r\n\t\t<\/div>\r\n\t    \t\t\t\t<\/div>\n\t\t\t\t<\/div>\n\t\t\t\t\t<\/div>\n\t\t<\/div>\n\t\t\t\t\t<\/div>\n\t\t<\/section>\n\t\t\t\t\t<\/div>\n\t\t<\/div>\n\t\t\t\t\t<\/div>\n\t\t<\/section>\n\t\t\t\t<\/div>\n\t\t","protected":false},"excerpt":{"rendered":"<p>Kurs sk\u0142ada si\u0119 z 8 godzin dydaktycznych. Zainteresowany szkoleniem? Zadzwo\u0144 \u2013 odpowiemy na wszystkie twoje pytania! Monika \u2013 698 592 960 ZAPISZ SI\u0118! Po kr\u00f3tkim wst\u0119pie teoretycznym przechodzimy od razu do praktyki !!! ZAKRES SZKOLENIA: nabycie szerokiej wiedzy na temat zabiegu mezoterapii ig\u0142owej, pozyskanie umiej\u0119tno\u015bci praktycznego wykonywania zabiegu, zachowanie zasad bezpiecze\u0144stwa i sporz\u0105dzanie protoko\u0142u obiegowego&#8230;.<\/p>\n","protected":false},"author":3,"featured_media":0,"parent":320,"menu_order":0,"comment_status":"closed","ping_status":"closed","template":"","meta":{"footnotes":""},"class_list":["post-4449","page","type-page","status-publish","hentry"],"yoast_head":"<!-- This site is optimized with the Yoast SEO plugin v26.8 - https:\/\/yoast.com\/product\/yoast-seo-wordpress\/ -->\n<title>Stymulatory tkankowe - Akademia zdrowia \u2013 Warszawa \u2013 Kursy zawodowe, szko\u0142y policealne<\/title>\n<meta name=\"description\" content=\"Kurs sk\u0142ada si\u0119 z 8 godzin dydaktycznych.Zainteresowany szkoleniem? Zadzwo\u0144 \u2013 odpowiemy na wszystkie twoje pytania!Monika \u2013 698 592 960ZAPISZ SI\u0118!Po\" \/>\n<meta name=\"robots\" content=\"index, follow, max-snippet:-1, max-image-preview:large, max-video-preview:-1\" \/>\n<link rel=\"canonical\" href=\"https:\/\/akademia-zdrowia.pl\/warszawa\/oferta-szkoleniowa\/kursy-i-szkolenia\/kursy-kosmetyczno-fryzjerskie\/stymulatory-tkankowe\/\" \/>\n<meta property=\"og:locale\" content=\"pl_PL\" \/>\n<meta property=\"og:type\" content=\"article\" \/>\n<meta property=\"og:title\" content=\"Stymulatory tkankowe - Akademia zdrowia \u2013 Warszawa \u2013 Kursy zawodowe, szko\u0142y policealne\" \/>\n<meta property=\"og:description\" content=\"Kurs sk\u0142ada si\u0119 z 8 godzin dydaktycznych.Zainteresowany szkoleniem? Zadzwo\u0144 \u2013 odpowiemy na wszystkie twoje pytania!Monika \u2013 698 592 960ZAPISZ SI\u0118!Po\" \/>\n<meta property=\"og:url\" content=\"https:\/\/akademia-zdrowia.pl\/warszawa\/oferta-szkoleniowa\/kursy-i-szkolenia\/kursy-kosmetyczno-fryzjerskie\/stymulatory-tkankowe\/\" \/>\n<meta property=\"og:site_name\" content=\"Nowa kategoria kursu\" \/>\n<meta property=\"article:modified_time\" content=\"2024-06-27T08:42:15+00:00\" \/>\n<meta property=\"og:image\" content=\"https:\/\/akademia-zdrowia.pl\/warszawa\/wp-content\/uploads\/2023\/08\/whatsapp-logo-png-2288-150x150.png\" \/>\n<meta name=\"twitter:card\" content=\"summary_large_image\" \/>\n<meta name=\"twitter:label1\" content=\"Szacowany czas czytania\" \/>\n\t<meta name=\"twitter:data1\" content=\"2 minuty\" \/>\n<script type=\"application\/ld+json\" class=\"yoast-schema-graph\">{\"@context\":\"https:\/\/schema.org\",\"@graph\":[{\"@type\":\"WebPage\",\"@id\":\"https:\/\/akademia-zdrowia.pl\/warszawa\/oferta-szkoleniowa\/kursy-i-szkolenia\/kursy-kosmetyczno-fryzjerskie\/stymulatory-tkankowe\/\",\"url\":\"https:\/\/akademia-zdrowia.pl\/warszawa\/oferta-szkoleniowa\/kursy-i-szkolenia\/kursy-kosmetyczno-fryzjerskie\/stymulatory-tkankowe\/\",\"name\":\"Stymulatory tkankowe - Akademia zdrowia \u2013 Warszawa \u2013 Kursy zawodowe, szko\u0142y policealne\",\"isPartOf\":{\"@id\":\"https:\/\/akademia-zdrowia.pl\/warszawa\/#website\"},\"primaryImageOfPage\":{\"@id\":\"https:\/\/akademia-zdrowia.pl\/warszawa\/oferta-szkoleniowa\/kursy-i-szkolenia\/kursy-kosmetyczno-fryzjerskie\/stymulatory-tkankowe\/#primaryimage\"},\"image\":{\"@id\":\"https:\/\/akademia-zdrowia.pl\/warszawa\/oferta-szkoleniowa\/kursy-i-szkolenia\/kursy-kosmetyczno-fryzjerskie\/stymulatory-tkankowe\/#primaryimage\"},\"thumbnailUrl\":\"https:\/\/akademia-zdrowia.pl\/warszawa\/wp-content\/uploads\/2023\/08\/whatsapp-logo-png-2288-150x150.png\",\"datePublished\":\"2024-06-04T10:16:55+00:00\",\"dateModified\":\"2024-06-27T08:42:15+00:00\",\"description\":\"Kurs sk\u0142ada si\u0119 z 8 godzin dydaktycznych.Zainteresowany szkoleniem? Zadzwo\u0144 \u2013 odpowiemy na wszystkie twoje pytania!Monika \u2013 698 592 960ZAPISZ SI\u0118!Po\",\"breadcrumb\":{\"@id\":\"https:\/\/akademia-zdrowia.pl\/warszawa\/oferta-szkoleniowa\/kursy-i-szkolenia\/kursy-kosmetyczno-fryzjerskie\/stymulatory-tkankowe\/#breadcrumb\"},\"inLanguage\":\"pl-PL\",\"potentialAction\":[{\"@type\":\"ReadAction\",\"target\":[\"https:\/\/akademia-zdrowia.pl\/warszawa\/oferta-szkoleniowa\/kursy-i-szkolenia\/kursy-kosmetyczno-fryzjerskie\/stymulatory-tkankowe\/\"]}]},{\"@type\":\"ImageObject\",\"inLanguage\":\"pl-PL\",\"@id\":\"https:\/\/akademia-zdrowia.pl\/warszawa\/oferta-szkoleniowa\/kursy-i-szkolenia\/kursy-kosmetyczno-fryzjerskie\/stymulatory-tkankowe\/#primaryimage\",\"url\":\"https:\/\/akademia-zdrowia.pl\/warszawa\/wp-content\/uploads\/2023\/08\/whatsapp-logo-png-2288.png\",\"contentUrl\":\"https:\/\/akademia-zdrowia.pl\/warszawa\/wp-content\/uploads\/2023\/08\/whatsapp-logo-png-2288.png\",\"width\":256,\"height\":256},{\"@type\":\"BreadcrumbList\",\"@id\":\"https:\/\/akademia-zdrowia.pl\/warszawa\/oferta-szkoleniowa\/kursy-i-szkolenia\/kursy-kosmetyczno-fryzjerskie\/stymulatory-tkankowe\/#breadcrumb\",\"itemListElement\":[{\"@type\":\"ListItem\",\"position\":1,\"name\":\"Strona g\u0142\u00f3wna\",\"item\":\"https:\/\/akademia-zdrowia.pl\/warszawa\/\"},{\"@type\":\"ListItem\",\"position\":2,\"name\":\"Oferta szkoleniowa\",\"item\":\"https:\/\/akademia-zdrowia.pl\/warszawa\/oferta-szkoleniowa\/\"},{\"@type\":\"ListItem\",\"position\":3,\"name\":\"Kursy i szkolenia\",\"item\":\"https:\/\/akademia-zdrowia.pl\/warszawa\/oferta-szkoleniowa\/kursy-i-szkolenia\/\"},{\"@type\":\"ListItem\",\"position\":4,\"name\":\"Kursy kosmetyczne\",\"item\":\"https:\/\/akademia-zdrowia.pl\/warszawa\/oferta-szkoleniowa\/kursy-i-szkolenia\/kursy-kosmetyczno-fryzjerskie\/\"},{\"@type\":\"ListItem\",\"position\":5,\"name\":\"Stymulatory tkankowe\"}]},{\"@type\":\"WebSite\",\"@id\":\"https:\/\/akademia-zdrowia.pl\/warszawa\/#website\",\"url\":\"https:\/\/akademia-zdrowia.pl\/warszawa\/\",\"name\":\"Nowa kategoria kursu\",\"description\":\"Nowy kurs \",\"potentialAction\":[{\"@type\":\"SearchAction\",\"target\":{\"@type\":\"EntryPoint\",\"urlTemplate\":\"https:\/\/akademia-zdrowia.pl\/warszawa\/?s={search_term_string}\"},\"query-input\":{\"@type\":\"PropertyValueSpecification\",\"valueRequired\":true,\"valueName\":\"search_term_string\"}}],\"inLanguage\":\"pl-PL\"}]}<\/script>\n<!-- \/ Yoast SEO plugin. -->","yoast_head_json":{"title":"Stymulatory tkankowe - Akademia zdrowia \u2013 Warszawa \u2013 Kursy zawodowe, szko\u0142y policealne","description":"Kurs sk\u0142ada si\u0119 z 8 godzin dydaktycznych.Zainteresowany szkoleniem? Zadzwo\u0144 \u2013 odpowiemy na wszystkie twoje pytania!Monika \u2013 698 592 960ZAPISZ SI\u0118!Po","robots":{"index":"index","follow":"follow","max-snippet":"max-snippet:-1","max-image-preview":"max-image-preview:large","max-video-preview":"max-video-preview:-1"},"canonical":"https:\/\/akademia-zdrowia.pl\/warszawa\/oferta-szkoleniowa\/kursy-i-szkolenia\/kursy-kosmetyczno-fryzjerskie\/stymulatory-tkankowe\/","og_locale":"pl_PL","og_type":"article","og_title":"Stymulatory tkankowe - Akademia zdrowia \u2013 Warszawa \u2013 Kursy zawodowe, szko\u0142y policealne","og_description":"Kurs sk\u0142ada si\u0119 z 8 godzin dydaktycznych.Zainteresowany szkoleniem? Zadzwo\u0144 \u2013 odpowiemy na wszystkie twoje pytania!Monika \u2013 698 592 960ZAPISZ SI\u0118!Po","og_url":"https:\/\/akademia-zdrowia.pl\/warszawa\/oferta-szkoleniowa\/kursy-i-szkolenia\/kursy-kosmetyczno-fryzjerskie\/stymulatory-tkankowe\/","og_site_name":"Nowa kategoria kursu","article_modified_time":"2024-06-27T08:42:15+00:00","og_image":[{"url":"https:\/\/akademia-zdrowia.pl\/warszawa\/wp-content\/uploads\/2023\/08\/whatsapp-logo-png-2288-150x150.png","type":"","width":"","height":""}],"twitter_card":"summary_large_image","twitter_misc":{"Szacowany czas czytania":"2 minuty"},"schema":{"@context":"https:\/\/schema.org","@graph":[{"@type":"WebPage","@id":"https:\/\/akademia-zdrowia.pl\/warszawa\/oferta-szkoleniowa\/kursy-i-szkolenia\/kursy-kosmetyczno-fryzjerskie\/stymulatory-tkankowe\/","url":"https:\/\/akademia-zdrowia.pl\/warszawa\/oferta-szkoleniowa\/kursy-i-szkolenia\/kursy-kosmetyczno-fryzjerskie\/stymulatory-tkankowe\/","name":"Stymulatory tkankowe - Akademia zdrowia \u2013 Warszawa \u2013 Kursy zawodowe, szko\u0142y policealne","isPartOf":{"@id":"https:\/\/akademia-zdrowia.pl\/warszawa\/#website"},"primaryImageOfPage":{"@id":"https:\/\/akademia-zdrowia.pl\/warszawa\/oferta-szkoleniowa\/kursy-i-szkolenia\/kursy-kosmetyczno-fryzjerskie\/stymulatory-tkankowe\/#primaryimage"},"image":{"@id":"https:\/\/akademia-zdrowia.pl\/warszawa\/oferta-szkoleniowa\/kursy-i-szkolenia\/kursy-kosmetyczno-fryzjerskie\/stymulatory-tkankowe\/#primaryimage"},"thumbnailUrl":"https:\/\/akademia-zdrowia.pl\/warszawa\/wp-content\/uploads\/2023\/08\/whatsapp-logo-png-2288-150x150.png","datePublished":"2024-06-04T10:16:55+00:00","dateModified":"2024-06-27T08:42:15+00:00","description":"Kurs sk\u0142ada si\u0119 z 8 godzin dydaktycznych.Zainteresowany szkoleniem? Zadzwo\u0144 \u2013 odpowiemy na wszystkie twoje pytania!Monika \u2013 698 592 960ZAPISZ SI\u0118!Po","breadcrumb":{"@id":"https:\/\/akademia-zdrowia.pl\/warszawa\/oferta-szkoleniowa\/kursy-i-szkolenia\/kursy-kosmetyczno-fryzjerskie\/stymulatory-tkankowe\/#breadcrumb"},"inLanguage":"pl-PL","potentialAction":[{"@type":"ReadAction","target":["https:\/\/akademia-zdrowia.pl\/warszawa\/oferta-szkoleniowa\/kursy-i-szkolenia\/kursy-kosmetyczno-fryzjerskie\/stymulatory-tkankowe\/"]}]},{"@type":"ImageObject","inLanguage":"pl-PL","@id":"https:\/\/akademia-zdrowia.pl\/warszawa\/oferta-szkoleniowa\/kursy-i-szkolenia\/kursy-kosmetyczno-fryzjerskie\/stymulatory-tkankowe\/#primaryimage","url":"https:\/\/akademia-zdrowia.pl\/warszawa\/wp-content\/uploads\/2023\/08\/whatsapp-logo-png-2288.png","contentUrl":"https:\/\/akademia-zdrowia.pl\/warszawa\/wp-content\/uploads\/2023\/08\/whatsapp-logo-png-2288.png","width":256,"height":256},{"@type":"BreadcrumbList","@id":"https:\/\/akademia-zdrowia.pl\/warszawa\/oferta-szkoleniowa\/kursy-i-szkolenia\/kursy-kosmetyczno-fryzjerskie\/stymulatory-tkankowe\/#breadcrumb","itemListElement":[{"@type":"ListItem","position":1,"name":"Strona g\u0142\u00f3wna","item":"https:\/\/akademia-zdrowia.pl\/warszawa\/"},{"@type":"ListItem","position":2,"name":"Oferta szkoleniowa","item":"https:\/\/akademia-zdrowia.pl\/warszawa\/oferta-szkoleniowa\/"},{"@type":"ListItem","position":3,"name":"Kursy i szkolenia","item":"https:\/\/akademia-zdrowia.pl\/warszawa\/oferta-szkoleniowa\/kursy-i-szkolenia\/"},{"@type":"ListItem","position":4,"name":"Kursy kosmetyczne","item":"https:\/\/akademia-zdrowia.pl\/warszawa\/oferta-szkoleniowa\/kursy-i-szkolenia\/kursy-kosmetyczno-fryzjerskie\/"},{"@type":"ListItem","position":5,"name":"Stymulatory tkankowe"}]},{"@type":"WebSite","@id":"https:\/\/akademia-zdrowia.pl\/warszawa\/#website","url":"https:\/\/akademia-zdrowia.pl\/warszawa\/","name":"Nowa kategoria kursu","description":"Nowy kurs ","potentialAction":[{"@type":"SearchAction","target":{"@type":"EntryPoint","urlTemplate":"https:\/\/akademia-zdrowia.pl\/warszawa\/?s={search_term_string}"},"query-input":{"@type":"PropertyValueSpecification","valueRequired":true,"valueName":"search_term_string"}}],"inLanguage":"pl-PL"}]}},"_links":{"self":[{"href":"https:\/\/akademia-zdrowia.pl\/warszawa\/wp-json\/wp\/v2\/pages\/4449","targetHints":{"allow":["GET"]}}],"collection":[{"href":"https:\/\/akademia-zdrowia.pl\/warszawa\/wp-json\/wp\/v2\/pages"}],"about":[{"href":"https:\/\/akademia-zdrowia.pl\/warszawa\/wp-json\/wp\/v2\/types\/page"}],"author":[{"embeddable":true,"href":"https:\/\/akademia-zdrowia.pl\/warszawa\/wp-json\/wp\/v2\/users\/3"}],"replies":[{"embeddable":true,"href":"https:\/\/akademia-zdrowia.pl\/warszawa\/wp-json\/wp\/v2\/comments?post=4449"}],"version-history":[{"count":13,"href":"https:\/\/akademia-zdrowia.pl\/warszawa\/wp-json\/wp\/v2\/pages\/4449\/revisions"}],"predecessor-version":[{"id":4638,"href":"https:\/\/akademia-zdrowia.pl\/warszawa\/wp-json\/wp\/v2\/pages\/4449\/revisions\/4638"}],"up":[{"embeddable":true,"href":"https:\/\/akademia-zdrowia.pl\/warszawa\/wp-json\/wp\/v2\/pages\/320"}],"wp:attachment":[{"href":"https:\/\/akademia-zdrowia.pl\/warszawa\/wp-json\/wp\/v2\/media?parent=4449"}],"curies":[{"name":"wp","href":"https:\/\/api.w.org\/{rel}","templated":true}]}}