{"id":45,"date":"2018-01-02T13:10:26","date_gmt":"2018-01-02T12:10:26","guid":{"rendered":"http:\/\/www.akademia-zdrowia.pl\/lodz\/?page_id=45"},"modified":"2021-11-11T00:02:15","modified_gmt":"2021-11-10T23:02:15","slug":"szkoly-mlodziezowe","status":"publish","type":"page","link":"https:\/\/akademia-zdrowia.pl\/warszawa\/oferta-szkoleniowa\/szkoly-mlodziezowe\/","title":{"rendered":"Liceum i technikum dla m\u0142odzie\u017cy"},"content":{"rendered":"\t\t<div data-elementor-type=\"wp-page\" data-elementor-id=\"45\" class=\"elementor elementor-45\" data-elementor-post-type=\"page\">\n\t\t\t\t\t\t<section class=\"elementor-section elementor-top-section elementor-element elementor-element-eafcaf8 elementor-section-boxed elementor-section-height-default elementor-section-height-default\" data-id=\"eafcaf8\" data-element_type=\"section\">\n\t\t\t\t\t\t<div class=\"elementor-container elementor-column-gap-default\">\n\t\t\t\t\t<div class=\"elementor-column elementor-col-33 elementor-top-column elementor-element elementor-element-a3ff824\" data-id=\"a3ff824\" data-element_type=\"column\">\n\t\t\t<div class=\"elementor-widget-wrap elementor-element-populated\">\n\t\t\t\t\t\t<div class=\"elementor-element elementor-element-dfdddd2 elementor-position-top elementor-widget elementor-widget-image-box\" data-id=\"dfdddd2\" data-element_type=\"widget\" data-widget_type=\"image-box.default\">\n\t\t\t\t<div class=\"elementor-widget-container\">\n\t\t\t\t\t<div class=\"elementor-image-box-wrapper\"><figure class=\"elementor-image-box-img\"><a href=\"\/warszawa\/oferta-szkoleniowa\/szkoly-mlodziezowe\/liceum-ogolnoksztalcace\/\" tabindex=\"-1\"><img fetchpriority=\"high\" decoding=\"async\" width=\"369\" height=\"299\" src=\"https:\/\/akademia-zdrowia.pl\/warszawa\/wp-content\/uploads\/2021\/11\/liceum-ogolnoksztalcace.jpg\" class=\"elementor-animation-grow attachment-full size-full wp-image-2614\" alt=\"\" srcset=\"https:\/\/akademia-zdrowia.pl\/warszawa\/wp-content\/uploads\/2021\/11\/liceum-ogolnoksztalcace.jpg 369w, https:\/\/akademia-zdrowia.pl\/warszawa\/wp-content\/uploads\/2021\/11\/liceum-ogolnoksztalcace-300x243.jpg 300w\" sizes=\"(max-width: 369px) 100vw, 369px\" \/><\/a><\/figure><div class=\"elementor-image-box-content\"><h3 class=\"elementor-image-box-title\"><a href=\"\/warszawa\/oferta-szkoleniowa\/szkoly-mlodziezowe\/liceum-ogolnoksztalcace\/\">Liceum Og\u00f3lnokszta\u0142c\u0105ce<\/a><\/h3><\/div><\/div>\t\t\t\t<\/div>\n\t\t\t\t<\/div>\n\t\t\t\t\t<\/div>\n\t\t<\/div>\n\t\t\t\t<div class=\"elementor-column elementor-col-33 elementor-top-column elementor-element elementor-element-7331a81\" data-id=\"7331a81\" data-element_type=\"column\">\n\t\t\t<div class=\"elementor-widget-wrap elementor-element-populated\">\n\t\t\t\t\t\t<div class=\"elementor-element elementor-element-212a1d1 elementor-position-top elementor-widget elementor-widget-image-box\" data-id=\"212a1d1\" data-element_type=\"widget\" data-widget_type=\"image-box.default\">\n\t\t\t\t<div class=\"elementor-widget-container\">\n\t\t\t\t\t<div class=\"elementor-image-box-wrapper\"><figure class=\"elementor-image-box-img\"><a href=\"\/warszawa\/oferta-szkoleniowa\/szkoly-mlodziezowe\/technik-weterynarii\/\" tabindex=\"-1\"><img decoding=\"async\" width=\"369\" height=\"299\" src=\"https:\/\/akademia-zdrowia.pl\/warszawa\/wp-content\/uploads\/2018\/01\/technik_weterynari.jpg\" class=\"elementor-animation-grow attachment-full size-full wp-image-1276\" alt=\"\" srcset=\"https:\/\/akademia-zdrowia.pl\/warszawa\/wp-content\/uploads\/2018\/01\/technik_weterynari.jpg 369w, https:\/\/akademia-zdrowia.pl\/warszawa\/wp-content\/uploads\/2018\/01\/technik_weterynari-300x243.jpg 300w\" sizes=\"(max-width: 369px) 100vw, 369px\" \/><\/a><\/figure><div class=\"elementor-image-box-content\"><h3 class=\"elementor-image-box-title\"><a href=\"\/warszawa\/oferta-szkoleniowa\/szkoly-mlodziezowe\/technik-weterynarii\/\">Technik weterynarii<\/a><\/h3><\/div><\/div>\t\t\t\t<\/div>\n\t\t\t\t<\/div>\n\t\t\t\t\t<\/div>\n\t\t<\/div>\n\t\t\t\t<div class=\"elementor-column elementor-col-33 elementor-top-column elementor-element elementor-element-0b4d68b\" data-id=\"0b4d68b\" data-element_type=\"column\">\n\t\t\t<div class=\"elementor-widget-wrap elementor-element-populated\">\n\t\t\t\t\t\t<div class=\"elementor-element elementor-element-9d18216 elementor-position-top elementor-widget elementor-widget-image-box\" data-id=\"9d18216\" data-element_type=\"widget\" data-widget_type=\"image-box.default\">\n\t\t\t\t<div class=\"elementor-widget-container\">\n\t\t\t\t\t<div class=\"elementor-image-box-wrapper\"><figure class=\"elementor-image-box-img\"><a href=\"\/warszawa\/oferta-szkoleniowa\/szkoly-mlodziezowe\/technik-uslug-fryzjerskich\/\" tabindex=\"-1\"><img decoding=\"async\" width=\"369\" height=\"299\" src=\"https:\/\/akademia-zdrowia.pl\/warszawa\/wp-content\/uploads\/2018\/01\/technik_uslug_fryzjerskich.jpg\" class=\"elementor-animation-grow attachment-full size-full wp-image-1277\" alt=\"\" srcset=\"https:\/\/akademia-zdrowia.pl\/warszawa\/wp-content\/uploads\/2018\/01\/technik_uslug_fryzjerskich.jpg 369w, https:\/\/akademia-zdrowia.pl\/warszawa\/wp-content\/uploads\/2018\/01\/technik_uslug_fryzjerskich-300x243.jpg 300w\" sizes=\"(max-width: 369px) 100vw, 369px\" \/><\/a><\/figure><div class=\"elementor-image-box-content\"><h3 class=\"elementor-image-box-title\"><a href=\"\/warszawa\/oferta-szkoleniowa\/szkoly-mlodziezowe\/technik-uslug-fryzjerskich\/\">Technik us\u0142ug fryzjerskich Nasze marki<\/a><\/h3><\/div><\/div>\t\t\t\t<\/div>\n\t\t\t\t<\/div>\n\t\t\t\t\t<\/div>\n\t\t<\/div>\n\t\t\t\t\t<\/div>\n\t\t<\/section>\n\t\t\t\t<\/div>\n\t\t","protected":false},"excerpt":{"rendered":"<p>Liceum Og\u00f3lnokszta\u0142c\u0105ce Technik weterynarii Technik us\u0142ug fryzjerskich Nasze marki<\/p>\n","protected":false},"author":1,"featured_media":0,"parent":29,"menu_order":0,"comment_status":"closed","ping_status":"closed","template":"","meta":{"footnotes":""},"class_list":["post-45","page","type-page","status-publish","hentry"],"yoast_head":"<!-- This site is optimized with the Yoast SEO plugin v26.8 - https:\/\/yoast.com\/product\/yoast-seo-wordpress\/ -->\n<title>Liceum i technikum dla m\u0142odzie\u017cy - Akademia zdrowia \u2013 Warszawa \u2013 Kursy zawodowe, szko\u0142y policealne<\/title>\n<meta name=\"description\" content=\"Liceum Og\u00f3lnokszta\u0142c\u0105ce   Technik weterynarii   Technik us\u0142ug fryzjerskich Nasze marki\" \/>\n<meta name=\"robots\" content=\"index, follow, max-snippet:-1, max-image-preview:large, max-video-preview:-1\" \/>\n<link rel=\"canonical\" href=\"https:\/\/akademia-zdrowia.pl\/warszawa\/oferta-szkoleniowa\/szkoly-mlodziezowe\/\" \/>\n<meta property=\"og:locale\" content=\"pl_PL\" \/>\n<meta property=\"og:type\" content=\"article\" \/>\n<meta property=\"og:title\" content=\"Liceum i technikum dla m\u0142odzie\u017cy - Akademia zdrowia \u2013 Warszawa \u2013 Kursy zawodowe, szko\u0142y policealne\" \/>\n<meta property=\"og:description\" content=\"Liceum Og\u00f3lnokszta\u0142c\u0105ce   Technik weterynarii   Technik us\u0142ug fryzjerskich Nasze marki\" \/>\n<meta property=\"og:url\" content=\"https:\/\/akademia-zdrowia.pl\/warszawa\/oferta-szkoleniowa\/szkoly-mlodziezowe\/\" \/>\n<meta property=\"og:site_name\" content=\"Nowa kategoria kursu\" \/>\n<meta property=\"article:modified_time\" content=\"2021-11-10T23:02:15+00:00\" \/>\n<meta property=\"og:image\" content=\"https:\/\/akademia-zdrowia.pl\/warszawa\/wp-content\/uploads\/2021\/11\/liceum-ogolnoksztalcace.jpg\" \/>\n<meta name=\"twitter:card\" content=\"summary_large_image\" \/>\n<script type=\"application\/ld+json\" class=\"yoast-schema-graph\">{\"@context\":\"https:\/\/schema.org\",\"@graph\":[{\"@type\":\"WebPage\",\"@id\":\"https:\/\/akademia-zdrowia.pl\/warszawa\/oferta-szkoleniowa\/szkoly-mlodziezowe\/\",\"url\":\"https:\/\/akademia-zdrowia.pl\/warszawa\/oferta-szkoleniowa\/szkoly-mlodziezowe\/\",\"name\":\"Liceum i technikum dla m\u0142odzie\u017cy - Akademia zdrowia \u2013 Warszawa \u2013 Kursy zawodowe, szko\u0142y policealne\",\"isPartOf\":{\"@id\":\"https:\/\/akademia-zdrowia.pl\/warszawa\/#website\"},\"primaryImageOfPage\":{\"@id\":\"https:\/\/akademia-zdrowia.pl\/warszawa\/oferta-szkoleniowa\/szkoly-mlodziezowe\/#primaryimage\"},\"image\":{\"@id\":\"https:\/\/akademia-zdrowia.pl\/warszawa\/oferta-szkoleniowa\/szkoly-mlodziezowe\/#primaryimage\"},\"thumbnailUrl\":\"https:\/\/akademia-zdrowia.pl\/warszawa\/wp-content\/uploads\/2021\/11\/liceum-ogolnoksztalcace.jpg\",\"datePublished\":\"2018-01-02T12:10:26+00:00\",\"dateModified\":\"2021-11-10T23:02:15+00:00\",\"description\":\"Liceum Og\u00f3lnokszta\u0142c\u0105ce Technik weterynarii Technik us\u0142ug fryzjerskich Nasze marki\",\"breadcrumb\":{\"@id\":\"https:\/\/akademia-zdrowia.pl\/warszawa\/oferta-szkoleniowa\/szkoly-mlodziezowe\/#breadcrumb\"},\"inLanguage\":\"pl-PL\",\"potentialAction\":[{\"@type\":\"ReadAction\",\"target\":[\"https:\/\/akademia-zdrowia.pl\/warszawa\/oferta-szkoleniowa\/szkoly-mlodziezowe\/\"]}]},{\"@type\":\"ImageObject\",\"inLanguage\":\"pl-PL\",\"@id\":\"https:\/\/akademia-zdrowia.pl\/warszawa\/oferta-szkoleniowa\/szkoly-mlodziezowe\/#primaryimage\",\"url\":\"https:\/\/akademia-zdrowia.pl\/warszawa\/wp-content\/uploads\/2021\/11\/liceum-ogolnoksztalcace.jpg\",\"contentUrl\":\"https:\/\/akademia-zdrowia.pl\/warszawa\/wp-content\/uploads\/2021\/11\/liceum-ogolnoksztalcace.jpg\",\"width\":369,\"height\":299},{\"@type\":\"BreadcrumbList\",\"@id\":\"https:\/\/akademia-zdrowia.pl\/warszawa\/oferta-szkoleniowa\/szkoly-mlodziezowe\/#breadcrumb\",\"itemListElement\":[{\"@type\":\"ListItem\",\"position\":1,\"name\":\"Strona g\u0142\u00f3wna\",\"item\":\"https:\/\/akademia-zdrowia.pl\/warszawa\/\"},{\"@type\":\"ListItem\",\"position\":2,\"name\":\"Oferta szkoleniowa\",\"item\":\"https:\/\/akademia-zdrowia.pl\/warszawa\/oferta-szkoleniowa\/\"},{\"@type\":\"ListItem\",\"position\":3,\"name\":\"Liceum i technikum dla m\u0142odzie\u017cy\"}]},{\"@type\":\"WebSite\",\"@id\":\"https:\/\/akademia-zdrowia.pl\/warszawa\/#website\",\"url\":\"https:\/\/akademia-zdrowia.pl\/warszawa\/\",\"name\":\"Nowa kategoria kursu\",\"description\":\"Nowy kurs \",\"potentialAction\":[{\"@type\":\"SearchAction\",\"target\":{\"@type\":\"EntryPoint\",\"urlTemplate\":\"https:\/\/akademia-zdrowia.pl\/warszawa\/?s={search_term_string}\"},\"query-input\":{\"@type\":\"PropertyValueSpecification\",\"valueRequired\":true,\"valueName\":\"search_term_string\"}}],\"inLanguage\":\"pl-PL\"}]}<\/script>\n<!-- \/ Yoast SEO plugin. -->","yoast_head_json":{"title":"Liceum i technikum dla m\u0142odzie\u017cy - Akademia zdrowia \u2013 Warszawa \u2013 Kursy zawodowe, szko\u0142y policealne","description":"Liceum Og\u00f3lnokszta\u0142c\u0105ce   Technik weterynarii   Technik us\u0142ug fryzjerskich Nasze marki","robots":{"index":"index","follow":"follow","max-snippet":"max-snippet:-1","max-image-preview":"max-image-preview:large","max-video-preview":"max-video-preview:-1"},"canonical":"https:\/\/akademia-zdrowia.pl\/warszawa\/oferta-szkoleniowa\/szkoly-mlodziezowe\/","og_locale":"pl_PL","og_type":"article","og_title":"Liceum i technikum dla m\u0142odzie\u017cy - Akademia zdrowia \u2013 Warszawa \u2013 Kursy zawodowe, szko\u0142y policealne","og_description":"Liceum Og\u00f3lnokszta\u0142c\u0105ce   Technik weterynarii   Technik us\u0142ug fryzjerskich Nasze marki","og_url":"https:\/\/akademia-zdrowia.pl\/warszawa\/oferta-szkoleniowa\/szkoly-mlodziezowe\/","og_site_name":"Nowa kategoria kursu","article_modified_time":"2021-11-10T23:02:15+00:00","og_image":[{"url":"https:\/\/akademia-zdrowia.pl\/warszawa\/wp-content\/uploads\/2021\/11\/liceum-ogolnoksztalcace.jpg","type":"","width":"","height":""}],"twitter_card":"summary_large_image","schema":{"@context":"https:\/\/schema.org","@graph":[{"@type":"WebPage","@id":"https:\/\/akademia-zdrowia.pl\/warszawa\/oferta-szkoleniowa\/szkoly-mlodziezowe\/","url":"https:\/\/akademia-zdrowia.pl\/warszawa\/oferta-szkoleniowa\/szkoly-mlodziezowe\/","name":"Liceum i technikum dla m\u0142odzie\u017cy - Akademia zdrowia \u2013 Warszawa \u2013 Kursy zawodowe, szko\u0142y policealne","isPartOf":{"@id":"https:\/\/akademia-zdrowia.pl\/warszawa\/#website"},"primaryImageOfPage":{"@id":"https:\/\/akademia-zdrowia.pl\/warszawa\/oferta-szkoleniowa\/szkoly-mlodziezowe\/#primaryimage"},"image":{"@id":"https:\/\/akademia-zdrowia.pl\/warszawa\/oferta-szkoleniowa\/szkoly-mlodziezowe\/#primaryimage"},"thumbnailUrl":"https:\/\/akademia-zdrowia.pl\/warszawa\/wp-content\/uploads\/2021\/11\/liceum-ogolnoksztalcace.jpg","datePublished":"2018-01-02T12:10:26+00:00","dateModified":"2021-11-10T23:02:15+00:00","description":"Liceum Og\u00f3lnokszta\u0142c\u0105ce Technik weterynarii Technik us\u0142ug fryzjerskich Nasze marki","breadcrumb":{"@id":"https:\/\/akademia-zdrowia.pl\/warszawa\/oferta-szkoleniowa\/szkoly-mlodziezowe\/#breadcrumb"},"inLanguage":"pl-PL","potentialAction":[{"@type":"ReadAction","target":["https:\/\/akademia-zdrowia.pl\/warszawa\/oferta-szkoleniowa\/szkoly-mlodziezowe\/"]}]},{"@type":"ImageObject","inLanguage":"pl-PL","@id":"https:\/\/akademia-zdrowia.pl\/warszawa\/oferta-szkoleniowa\/szkoly-mlodziezowe\/#primaryimage","url":"https:\/\/akademia-zdrowia.pl\/warszawa\/wp-content\/uploads\/2021\/11\/liceum-ogolnoksztalcace.jpg","contentUrl":"https:\/\/akademia-zdrowia.pl\/warszawa\/wp-content\/uploads\/2021\/11\/liceum-ogolnoksztalcace.jpg","width":369,"height":299},{"@type":"BreadcrumbList","@id":"https:\/\/akademia-zdrowia.pl\/warszawa\/oferta-szkoleniowa\/szkoly-mlodziezowe\/#breadcrumb","itemListElement":[{"@type":"ListItem","position":1,"name":"Strona g\u0142\u00f3wna","item":"https:\/\/akademia-zdrowia.pl\/warszawa\/"},{"@type":"ListItem","position":2,"name":"Oferta szkoleniowa","item":"https:\/\/akademia-zdrowia.pl\/warszawa\/oferta-szkoleniowa\/"},{"@type":"ListItem","position":3,"name":"Liceum i technikum dla m\u0142odzie\u017cy"}]},{"@type":"WebSite","@id":"https:\/\/akademia-zdrowia.pl\/warszawa\/#website","url":"https:\/\/akademia-zdrowia.pl\/warszawa\/","name":"Nowa kategoria kursu","description":"Nowy kurs ","potentialAction":[{"@type":"SearchAction","target":{"@type":"EntryPoint","urlTemplate":"https:\/\/akademia-zdrowia.pl\/warszawa\/?s={search_term_string}"},"query-input":{"@type":"PropertyValueSpecification","valueRequired":true,"valueName":"search_term_string"}}],"inLanguage":"pl-PL"}]}},"_links":{"self":[{"href":"https:\/\/akademia-zdrowia.pl\/warszawa\/wp-json\/wp\/v2\/pages\/45","targetHints":{"allow":["GET"]}}],"collection":[{"href":"https:\/\/akademia-zdrowia.pl\/warszawa\/wp-json\/wp\/v2\/pages"}],"about":[{"href":"https:\/\/akademia-zdrowia.pl\/warszawa\/wp-json\/wp\/v2\/types\/page"}],"author":[{"embeddable":true,"href":"https:\/\/akademia-zdrowia.pl\/warszawa\/wp-json\/wp\/v2\/users\/1"}],"replies":[{"embeddable":true,"href":"https:\/\/akademia-zdrowia.pl\/warszawa\/wp-json\/wp\/v2\/comments?post=45"}],"version-history":[{"count":3,"href":"https:\/\/akademia-zdrowia.pl\/warszawa\/wp-json\/wp\/v2\/pages\/45\/revisions"}],"predecessor-version":[{"id":2617,"href":"https:\/\/akademia-zdrowia.pl\/warszawa\/wp-json\/wp\/v2\/pages\/45\/revisions\/2617"}],"up":[{"embeddable":true,"href":"https:\/\/akademia-zdrowia.pl\/warszawa\/wp-json\/wp\/v2\/pages\/29"}],"wp:attachment":[{"href":"https:\/\/akademia-zdrowia.pl\/warszawa\/wp-json\/wp\/v2\/media?parent=45"}],"curies":[{"name":"wp","href":"https:\/\/api.w.org\/{rel}","templated":true}]}}