{"id":461,"date":"2018-01-10T12:06:16","date_gmt":"2018-01-10T11:06:16","guid":{"rendered":"http:\/\/www.akademia-zdrowia.pl\/lodz\/?page_id=461"},"modified":"2022-02-28T13:02:56","modified_gmt":"2022-02-28T12:02:56","slug":"resuscytacja-krazeniowo-oddechowa","status":"publish","type":"page","link":"https:\/\/akademia-zdrowia.pl\/warszawa\/oferta-szkoleniowa\/ksztalcenie-pielegniarek-i-poloznych\/kursy-specjalistyczne\/resuscytacja-krazeniowo-oddechowa\/","title":{"rendered":"Resuscytacja kr\u0105\u017ceniowo ? oddechowa"},"content":{"rendered":"\t\t<div data-elementor-type=\"wp-page\" data-elementor-id=\"461\" class=\"elementor elementor-461\" data-elementor-post-type=\"page\">\n\t\t\t\t\t\t<section class=\"elementor-section elementor-top-section elementor-element elementor-element-d0c9281 elementor-section-boxed elementor-section-height-default elementor-section-height-default\" data-id=\"d0c9281\" data-element_type=\"section\">\n\t\t\t\t\t\t<div class=\"elementor-container elementor-column-gap-default\">\n\t\t\t\t\t<div class=\"elementor-column elementor-col-100 elementor-top-column elementor-element elementor-element-aa9d11e\" data-id=\"aa9d11e\" data-element_type=\"column\">\n\t\t\t<div class=\"elementor-widget-wrap elementor-element-populated\">\n\t\t\t\t\t\t<div class=\"elementor-element elementor-element-89090c4 elementor-widget elementor-widget-bdt-advanced-heading\" data-id=\"89090c4\" data-element_type=\"widget\" data-widget_type=\"bdt-advanced-heading.default\">\n\t\t\t\t<div class=\"elementor-widget-container\">\n\t\t\t\t\t<div id =\"89090c4\" class=\"bdt-ep-advanced-heading\" data-settings=\"{&quot;titleMultiColor&quot;:&quot;no&quot;}\"><div class=\"bdt-ep-advanced-heading-content bdt-visible@m\"><div class=\"bdt-transform-origin-top-left\">Resuscytacja kr\u0105\u017ceniowo-oddechowa, dla piel\u0119gniarek i po\u0142o\u017cnych<\/div><\/div><h2 class=\"bdt-ep-advanced-heading-title\"><span class=\"bdt-ep-advanced-heading-main-title\"><span class=\"bdt-ep-advanced-heading-main-title-inner\">Resuscytacja kr\u0105\u017ceniowo-oddechowa, dla piel\u0119gniarek i po\u0142o\u017cnych<\/span><\/span><\/h2><\/div>\t\t\t\t<\/div>\n\t\t\t\t<\/div>\n\t\t\t\t<div class=\"elementor-element elementor-element-39dcdc8 elementor-widget elementor-widget-text-editor\" data-id=\"39dcdc8\" data-element_type=\"widget\" data-widget_type=\"text-editor.default\">\n\t\t\t\t<div class=\"elementor-widget-container\">\n\t\t\t\t\t\t\t\t\t<p><strong><br><\/strong><\/p><p><strong>Cel kszta\u0142cenia<\/strong><\/p>\n<p>Przygotowanie piel\u0119gniarki i po\u0142o\u017cnej do samodzielnego rozpoznania stanu nag\u0142ego zagro\u017cenia zdrowotnego i podj\u0119cia dzia\u0142a\u0144 resuscytacyjnych u os\u00f3b doros\u0142ych oraz dzieci i niemowl\u0105t zgodnie ze wsp\u00f3\u0142czesn\u0105 wiedz\u0105 z zakresu ratownictwa medycznego.&nbsp;<\/p>\n<p><strong>&nbsp;<\/strong><strong>Czas trwania kszta\u0142cenia<\/strong><\/p>\n<p><strong>90 godzin dydaktycznych:<\/strong><\/p>\n<ul>\n<li>zaj\u0119cia teoretyczne \u2013 20 godzin<\/li>\n<li>\u0107wiczenia- 40 godzin<\/li>\n<li>zaj\u0119cia praktyczne \u2013 30 godzin<\/li>\n<\/ul>\n<p>Zaj\u0119cia teoretyczne w systemie weekendowym:<\/p>\n<ul>\n<li>pi\u0105tek godz. 16:00<\/li>\n<li>sobota i niedziela godz. 9:00<\/li>\n<li>\u0107wiczenia w wybrane dni w ci\u0105gu tygodnia w godzinach popo\u0142udniowych<\/li>\n<\/ul>\n<p>Zaj\u0119cia sta\u017cowe&nbsp; w wybrane dni powszednie od poniedzia\u0142ku do pi\u0105tku w godzinach porannych<\/p>\n<p><\/p>\n<p><strong><u>Dokumenty niezb\u0119dne, aby przyst\u0105pi\u0107 do kursu:<\/u><\/strong><\/p>\n<ol>\n<li>wniosek wys\u0142any elektronicznie poprzez system SMK<\/li>\n<li>wniosek o dofinansowanie dostarczony w wersji papierowej do sekretariatu 5-7 dni przed rozpocz\u0119ciem kursu ( w przypadku ubiegania si\u0119 o dofinansowanie z WOIPiP)<\/li>\n<\/ol>\t\t\t\t\t\t\t\t<\/div>\n\t\t\t\t<\/div>\n\t\t\t\t\t<\/div>\n\t\t<\/div>\n\t\t\t\t\t<\/div>\n\t\t<\/section>\n\t\t\t\t<section class=\"elementor-section elementor-top-section elementor-element elementor-element-50ede36 elementor-section-boxed elementor-section-height-default elementor-section-height-default\" data-id=\"50ede36\" data-element_type=\"section\">\n\t\t\t\t\t\t<div class=\"elementor-container elementor-column-gap-default\">\n\t\t\t\t\t<div class=\"elementor-column elementor-col-100 elementor-top-column elementor-element elementor-element-c544c1d\" data-id=\"c544c1d\" data-element_type=\"column\">\n\t\t\t<div class=\"elementor-widget-wrap elementor-element-populated\">\n\t\t\t\t\t\t<div class=\"elementor-element elementor-element-6c0c03f elementor-widget elementor-widget-text-editor\" data-id=\"6c0c03f\" data-element_type=\"widget\" data-widget_type=\"text-editor.default\">\n\t\t\t\t<div class=\"elementor-widget-container\">\n\t\t\t\t\t\t\t\t\t<p><strong>Cena kursu- 500,00 z\u0142<br \/><\/strong><strong>Cena kursu przy dofinansowaniu z WOIPiP to TYLKO 100,00 z\u0142<\/strong><\/p>\t\t\t\t\t\t\t\t<\/div>\n\t\t\t\t<\/div>\n\t\t\t\t\t<\/div>\n\t\t<\/div>\n\t\t\t\t\t<\/div>\n\t\t<\/section>\n\t\t\t\t<section class=\"elementor-section elementor-top-section elementor-element elementor-element-2dd5fb2 elementor-section-boxed elementor-section-height-default elementor-section-height-default\" data-id=\"2dd5fb2\" data-element_type=\"section\">\n\t\t\t\t\t\t<div class=\"elementor-container elementor-column-gap-default\">\n\t\t\t\t\t<div class=\"elementor-column elementor-col-100 elementor-top-column elementor-element elementor-element-c31c5b9\" data-id=\"c31c5b9\" data-element_type=\"column\">\n\t\t\t<div class=\"elementor-widget-wrap elementor-element-populated\">\n\t\t\t\t\t\t<div class=\"elementor-element elementor-element-b854c2a elementor-widget elementor-widget-text-editor\" data-id=\"b854c2a\" data-element_type=\"widget\" data-widget_type=\"text-editor.default\">\n\t\t\t\t<div class=\"elementor-widget-container\">\n\t\t\t\t\t\t\t\t\t<p>Szczeg\u00f3\u0142owy program kursu:<br \/><a href=\"https:\/\/ckppip.edu.pl\/wp-content\/uploads\/2020\/10\/Resuscytacja-krazeniowo-oddechowa.pdf\">https:\/\/ckppip.edu.pl\/wp-content\/uploads\/2020\/10\/Resuscytacja-krazeniowo-oddechowa.pdf<\/a><\/p><p>Zapisy tylko i wy\u0142\u0105cznie przez system SMK:<br \/><a href=\"https:\/\/smk.ezdrowie.gov.pl\/login.jsp\">https:\/\/smk.ezdrowie.gov.pl\/login.jsp<\/a><\/p><p>Link do pobrania wniosku o dofinansowanie kszta\u0142cenia podyplomowego oraz z WOIPiP:<br \/><a href=\"http:\/\/woipip.pl\/ksztalcenie\/komplet-wnioskow\/\">http:\/\/woipip.pl\/ksztalcenie\/komplet-wnioskow\/<\/a><\/p><p>\u00a0<\/p>\t\t\t\t\t\t\t\t<\/div>\n\t\t\t\t<\/div>\n\t\t\t\t\t<\/div>\n\t\t<\/div>\n\t\t\t\t\t<\/div>\n\t\t<\/section>\n\t\t\t\t<\/div>\n\t\t","protected":false},"excerpt":{"rendered":"<p>Resuscytacja kr\u0105\u017ceniowo-oddechowa, dla piel\u0119gniarek i po\u0142o\u017cnych Resuscytacja kr\u0105\u017ceniowo-oddechowa, dla piel\u0119gniarek i po\u0142o\u017cnych Cel kszta\u0142cenia Przygotowanie piel\u0119gniarki i po\u0142o\u017cnej do samodzielnego rozpoznania stanu nag\u0142ego zagro\u017cenia zdrowotnego i podj\u0119cia dzia\u0142a\u0144 resuscytacyjnych u os\u00f3b doros\u0142ych oraz dzieci i niemowl\u0105t zgodnie ze wsp\u00f3\u0142czesn\u0105 wiedz\u0105 z zakresu ratownictwa medycznego.&nbsp; &nbsp;Czas trwania kszta\u0142cenia 90 godzin dydaktycznych: zaj\u0119cia teoretyczne \u2013 20 godzin&#8230;<\/p>\n","protected":false},"author":1,"featured_media":0,"parent":397,"menu_order":0,"comment_status":"closed","ping_status":"closed","template":"","meta":{"footnotes":""},"class_list":["post-461","page","type-page","status-publish","hentry"],"yoast_head":"<!-- This site is optimized with the Yoast SEO plugin v26.8 - https:\/\/yoast.com\/product\/yoast-seo-wordpress\/ -->\n<title>Resuscytacja kr\u0105\u017ceniowo ? oddechowa - Akademia zdrowia \u2013 Warszawa \u2013 Kursy zawodowe, szko\u0142y policealne<\/title>\n<meta name=\"description\" content=\"Resuscytacja kr\u0105\u017ceniowo-oddechowa, dla piel\u0119gniarek i po\u0142o\u017cnychResuscytacja kr\u0105\u017ceniowo-oddechowa, dla piel\u0119gniarek i po\u0142o\u017cnych Cel kszta\u0142cenia\" \/>\n<meta name=\"robots\" content=\"index, follow, max-snippet:-1, max-image-preview:large, max-video-preview:-1\" \/>\n<link rel=\"canonical\" href=\"https:\/\/akademia-zdrowia.pl\/warszawa\/oferta-szkoleniowa\/ksztalcenie-pielegniarek-i-poloznych\/kursy-specjalistyczne\/resuscytacja-krazeniowo-oddechowa\/\" \/>\n<meta property=\"og:locale\" content=\"pl_PL\" \/>\n<meta property=\"og:type\" content=\"article\" \/>\n<meta property=\"og:title\" content=\"Resuscytacja kr\u0105\u017ceniowo ? oddechowa - Akademia zdrowia \u2013 Warszawa \u2013 Kursy zawodowe, szko\u0142y policealne\" \/>\n<meta property=\"og:description\" content=\"Resuscytacja kr\u0105\u017ceniowo-oddechowa, dla piel\u0119gniarek i po\u0142o\u017cnychResuscytacja kr\u0105\u017ceniowo-oddechowa, dla piel\u0119gniarek i po\u0142o\u017cnych Cel kszta\u0142cenia\" \/>\n<meta property=\"og:url\" content=\"https:\/\/akademia-zdrowia.pl\/warszawa\/oferta-szkoleniowa\/ksztalcenie-pielegniarek-i-poloznych\/kursy-specjalistyczne\/resuscytacja-krazeniowo-oddechowa\/\" \/>\n<meta property=\"og:site_name\" content=\"Nowa kategoria kursu\" \/>\n<meta property=\"article:modified_time\" content=\"2022-02-28T12:02:56+00:00\" \/>\n<meta name=\"twitter:card\" content=\"summary_large_image\" \/>\n<meta name=\"twitter:label1\" content=\"Szacowany czas czytania\" \/>\n\t<meta name=\"twitter:data1\" content=\"2 minuty\" \/>\n<script type=\"application\/ld+json\" class=\"yoast-schema-graph\">{\"@context\":\"https:\/\/schema.org\",\"@graph\":[{\"@type\":\"WebPage\",\"@id\":\"https:\/\/akademia-zdrowia.pl\/warszawa\/oferta-szkoleniowa\/ksztalcenie-pielegniarek-i-poloznych\/kursy-specjalistyczne\/resuscytacja-krazeniowo-oddechowa\/\",\"url\":\"https:\/\/akademia-zdrowia.pl\/warszawa\/oferta-szkoleniowa\/ksztalcenie-pielegniarek-i-poloznych\/kursy-specjalistyczne\/resuscytacja-krazeniowo-oddechowa\/\",\"name\":\"Resuscytacja kr\u0105\u017ceniowo ? oddechowa - Akademia zdrowia \u2013 Warszawa \u2013 Kursy zawodowe, szko\u0142y policealne\",\"isPartOf\":{\"@id\":\"https:\/\/akademia-zdrowia.pl\/warszawa\/#website\"},\"datePublished\":\"2018-01-10T11:06:16+00:00\",\"dateModified\":\"2022-02-28T12:02:56+00:00\",\"description\":\"Resuscytacja kr\u0105\u017ceniowo-oddechowa, dla piel\u0119gniarek i po\u0142o\u017cnychResuscytacja kr\u0105\u017ceniowo-oddechowa, dla piel\u0119gniarek i po\u0142o\u017cnych Cel kszta\u0142cenia\",\"breadcrumb\":{\"@id\":\"https:\/\/akademia-zdrowia.pl\/warszawa\/oferta-szkoleniowa\/ksztalcenie-pielegniarek-i-poloznych\/kursy-specjalistyczne\/resuscytacja-krazeniowo-oddechowa\/#breadcrumb\"},\"inLanguage\":\"pl-PL\",\"potentialAction\":[{\"@type\":\"ReadAction\",\"target\":[\"https:\/\/akademia-zdrowia.pl\/warszawa\/oferta-szkoleniowa\/ksztalcenie-pielegniarek-i-poloznych\/kursy-specjalistyczne\/resuscytacja-krazeniowo-oddechowa\/\"]}]},{\"@type\":\"BreadcrumbList\",\"@id\":\"https:\/\/akademia-zdrowia.pl\/warszawa\/oferta-szkoleniowa\/ksztalcenie-pielegniarek-i-poloznych\/kursy-specjalistyczne\/resuscytacja-krazeniowo-oddechowa\/#breadcrumb\",\"itemListElement\":[{\"@type\":\"ListItem\",\"position\":1,\"name\":\"Strona g\u0142\u00f3wna\",\"item\":\"https:\/\/akademia-zdrowia.pl\/warszawa\/\"},{\"@type\":\"ListItem\",\"position\":2,\"name\":\"Oferta szkoleniowa\",\"item\":\"https:\/\/akademia-zdrowia.pl\/warszawa\/oferta-szkoleniowa\/\"},{\"@type\":\"ListItem\",\"position\":3,\"name\":\"Kszta\u0142cenie piel\u0119gniarek i po\u0142o\u017cnych\",\"item\":\"https:\/\/akademia-zdrowia.pl\/warszawa\/oferta-szkoleniowa\/ksztalcenie-pielegniarek-i-poloznych\/\"},{\"@type\":\"ListItem\",\"position\":4,\"name\":\"Kursy specjalistyczne\",\"item\":\"https:\/\/akademia-zdrowia.pl\/warszawa\/oferta-szkoleniowa\/ksztalcenie-pielegniarek-i-poloznych\/kursy-specjalistyczne\/\"},{\"@type\":\"ListItem\",\"position\":5,\"name\":\"Resuscytacja kr\u0105\u017ceniowo ? oddechowa\"}]},{\"@type\":\"WebSite\",\"@id\":\"https:\/\/akademia-zdrowia.pl\/warszawa\/#website\",\"url\":\"https:\/\/akademia-zdrowia.pl\/warszawa\/\",\"name\":\"Nowa kategoria kursu\",\"description\":\"Nowy kurs \",\"potentialAction\":[{\"@type\":\"SearchAction\",\"target\":{\"@type\":\"EntryPoint\",\"urlTemplate\":\"https:\/\/akademia-zdrowia.pl\/warszawa\/?s={search_term_string}\"},\"query-input\":{\"@type\":\"PropertyValueSpecification\",\"valueRequired\":true,\"valueName\":\"search_term_string\"}}],\"inLanguage\":\"pl-PL\"}]}<\/script>\n<!-- \/ Yoast SEO plugin. -->","yoast_head_json":{"title":"Resuscytacja kr\u0105\u017ceniowo ? oddechowa - Akademia zdrowia \u2013 Warszawa \u2013 Kursy zawodowe, szko\u0142y policealne","description":"Resuscytacja kr\u0105\u017ceniowo-oddechowa, dla piel\u0119gniarek i po\u0142o\u017cnychResuscytacja kr\u0105\u017ceniowo-oddechowa, dla piel\u0119gniarek i po\u0142o\u017cnych Cel kszta\u0142cenia","robots":{"index":"index","follow":"follow","max-snippet":"max-snippet:-1","max-image-preview":"max-image-preview:large","max-video-preview":"max-video-preview:-1"},"canonical":"https:\/\/akademia-zdrowia.pl\/warszawa\/oferta-szkoleniowa\/ksztalcenie-pielegniarek-i-poloznych\/kursy-specjalistyczne\/resuscytacja-krazeniowo-oddechowa\/","og_locale":"pl_PL","og_type":"article","og_title":"Resuscytacja kr\u0105\u017ceniowo ? oddechowa - Akademia zdrowia \u2013 Warszawa \u2013 Kursy zawodowe, szko\u0142y policealne","og_description":"Resuscytacja kr\u0105\u017ceniowo-oddechowa, dla piel\u0119gniarek i po\u0142o\u017cnychResuscytacja kr\u0105\u017ceniowo-oddechowa, dla piel\u0119gniarek i po\u0142o\u017cnych Cel kszta\u0142cenia","og_url":"https:\/\/akademia-zdrowia.pl\/warszawa\/oferta-szkoleniowa\/ksztalcenie-pielegniarek-i-poloznych\/kursy-specjalistyczne\/resuscytacja-krazeniowo-oddechowa\/","og_site_name":"Nowa kategoria kursu","article_modified_time":"2022-02-28T12:02:56+00:00","twitter_card":"summary_large_image","twitter_misc":{"Szacowany czas czytania":"2 minuty"},"schema":{"@context":"https:\/\/schema.org","@graph":[{"@type":"WebPage","@id":"https:\/\/akademia-zdrowia.pl\/warszawa\/oferta-szkoleniowa\/ksztalcenie-pielegniarek-i-poloznych\/kursy-specjalistyczne\/resuscytacja-krazeniowo-oddechowa\/","url":"https:\/\/akademia-zdrowia.pl\/warszawa\/oferta-szkoleniowa\/ksztalcenie-pielegniarek-i-poloznych\/kursy-specjalistyczne\/resuscytacja-krazeniowo-oddechowa\/","name":"Resuscytacja kr\u0105\u017ceniowo ? oddechowa - Akademia zdrowia \u2013 Warszawa \u2013 Kursy zawodowe, szko\u0142y policealne","isPartOf":{"@id":"https:\/\/akademia-zdrowia.pl\/warszawa\/#website"},"datePublished":"2018-01-10T11:06:16+00:00","dateModified":"2022-02-28T12:02:56+00:00","description":"Resuscytacja kr\u0105\u017ceniowo-oddechowa, dla piel\u0119gniarek i po\u0142o\u017cnychResuscytacja kr\u0105\u017ceniowo-oddechowa, dla piel\u0119gniarek i po\u0142o\u017cnych Cel kszta\u0142cenia","breadcrumb":{"@id":"https:\/\/akademia-zdrowia.pl\/warszawa\/oferta-szkoleniowa\/ksztalcenie-pielegniarek-i-poloznych\/kursy-specjalistyczne\/resuscytacja-krazeniowo-oddechowa\/#breadcrumb"},"inLanguage":"pl-PL","potentialAction":[{"@type":"ReadAction","target":["https:\/\/akademia-zdrowia.pl\/warszawa\/oferta-szkoleniowa\/ksztalcenie-pielegniarek-i-poloznych\/kursy-specjalistyczne\/resuscytacja-krazeniowo-oddechowa\/"]}]},{"@type":"BreadcrumbList","@id":"https:\/\/akademia-zdrowia.pl\/warszawa\/oferta-szkoleniowa\/ksztalcenie-pielegniarek-i-poloznych\/kursy-specjalistyczne\/resuscytacja-krazeniowo-oddechowa\/#breadcrumb","itemListElement":[{"@type":"ListItem","position":1,"name":"Strona g\u0142\u00f3wna","item":"https:\/\/akademia-zdrowia.pl\/warszawa\/"},{"@type":"ListItem","position":2,"name":"Oferta szkoleniowa","item":"https:\/\/akademia-zdrowia.pl\/warszawa\/oferta-szkoleniowa\/"},{"@type":"ListItem","position":3,"name":"Kszta\u0142cenie piel\u0119gniarek i po\u0142o\u017cnych","item":"https:\/\/akademia-zdrowia.pl\/warszawa\/oferta-szkoleniowa\/ksztalcenie-pielegniarek-i-poloznych\/"},{"@type":"ListItem","position":4,"name":"Kursy specjalistyczne","item":"https:\/\/akademia-zdrowia.pl\/warszawa\/oferta-szkoleniowa\/ksztalcenie-pielegniarek-i-poloznych\/kursy-specjalistyczne\/"},{"@type":"ListItem","position":5,"name":"Resuscytacja kr\u0105\u017ceniowo ? oddechowa"}]},{"@type":"WebSite","@id":"https:\/\/akademia-zdrowia.pl\/warszawa\/#website","url":"https:\/\/akademia-zdrowia.pl\/warszawa\/","name":"Nowa kategoria kursu","description":"Nowy kurs ","potentialAction":[{"@type":"SearchAction","target":{"@type":"EntryPoint","urlTemplate":"https:\/\/akademia-zdrowia.pl\/warszawa\/?s={search_term_string}"},"query-input":{"@type":"PropertyValueSpecification","valueRequired":true,"valueName":"search_term_string"}}],"inLanguage":"pl-PL"}]}},"_links":{"self":[{"href":"https:\/\/akademia-zdrowia.pl\/warszawa\/wp-json\/wp\/v2\/pages\/461","targetHints":{"allow":["GET"]}}],"collection":[{"href":"https:\/\/akademia-zdrowia.pl\/warszawa\/wp-json\/wp\/v2\/pages"}],"about":[{"href":"https:\/\/akademia-zdrowia.pl\/warszawa\/wp-json\/wp\/v2\/types\/page"}],"author":[{"embeddable":true,"href":"https:\/\/akademia-zdrowia.pl\/warszawa\/wp-json\/wp\/v2\/users\/1"}],"replies":[{"embeddable":true,"href":"https:\/\/akademia-zdrowia.pl\/warszawa\/wp-json\/wp\/v2\/comments?post=461"}],"version-history":[{"count":3,"href":"https:\/\/akademia-zdrowia.pl\/warszawa\/wp-json\/wp\/v2\/pages\/461\/revisions"}],"predecessor-version":[{"id":3018,"href":"https:\/\/akademia-zdrowia.pl\/warszawa\/wp-json\/wp\/v2\/pages\/461\/revisions\/3018"}],"up":[{"embeddable":true,"href":"https:\/\/akademia-zdrowia.pl\/warszawa\/wp-json\/wp\/v2\/pages\/397"}],"wp:attachment":[{"href":"https:\/\/akademia-zdrowia.pl\/warszawa\/wp-json\/wp\/v2\/media?parent=461"}],"curies":[{"name":"wp","href":"https:\/\/api.w.org\/{rel}","templated":true}]}}