{"id":469,"date":"2018-01-10T12:07:32","date_gmt":"2018-01-10T11:07:32","guid":{"rendered":"http:\/\/www.akademia-zdrowia.pl\/lodz\/?page_id=469"},"modified":"2022-02-28T12:44:49","modified_gmt":"2022-02-28T11:44:49","slug":"wykonywanie-i-interpretacja-zapisu-elektrokardiologicznego","status":"publish","type":"page","link":"https:\/\/akademia-zdrowia.pl\/warszawa\/oferta-szkoleniowa\/ksztalcenie-pielegniarek-i-poloznych\/kursy-specjalistyczne\/wykonywanie-i-interpretacja-zapisu-elektrokardiologicznego\/","title":{"rendered":"Wykonywanie i interpretacja zapisu elektrokardiologicznego"},"content":{"rendered":"\t\t<div data-elementor-type=\"wp-page\" data-elementor-id=\"469\" class=\"elementor elementor-469\" data-elementor-post-type=\"page\">\n\t\t\t\t\t\t<section class=\"elementor-section elementor-top-section elementor-element elementor-element-433b082 elementor-section-boxed elementor-section-height-default elementor-section-height-default\" data-id=\"433b082\" data-element_type=\"section\">\n\t\t\t\t\t\t<div class=\"elementor-container elementor-column-gap-default\">\n\t\t\t\t\t<div class=\"elementor-column elementor-col-100 elementor-top-column elementor-element elementor-element-54f3d04\" data-id=\"54f3d04\" data-element_type=\"column\">\n\t\t\t<div class=\"elementor-widget-wrap elementor-element-populated\">\n\t\t\t\t\t\t<div class=\"elementor-element elementor-element-c41eb90 elementor-widget elementor-widget-bdt-advanced-heading\" data-id=\"c41eb90\" data-element_type=\"widget\" data-widget_type=\"bdt-advanced-heading.default\">\n\t\t\t\t<div class=\"elementor-widget-container\">\n\t\t\t\t\t<div id =\"c41eb90\" class=\"bdt-ep-advanced-heading\" data-settings=\"{&quot;titleMultiColor&quot;:&quot;no&quot;}\"><div class=\"bdt-ep-advanced-heading-content bdt-visible@m\"><div class=\"bdt-transform-origin-top-left\">Wykonanie i interpretacja zapisu elektrokardiograficznego u doros\u0142ych. <\/div><\/div>\t\t\t<div class=\"bdt-ep-advanced-heading-sub-title\">\r\n\t\t\t\t<div class=\"bdt-ep-advanced-heading-sub-title-content\">\r\n\t\t\t\t\t\t\t\t\t\tProgram dla piel\u0119gniarek i po\u0142o\u017cnych\t\t\t\t\t\t\t\t\t<\/div>\r\n\t\t\t\t\t\t\t<\/div>\r\n\t\t\t<h2 class=\"bdt-ep-advanced-heading-title\"><span class=\"bdt-ep-advanced-heading-main-title\"><span class=\"bdt-ep-advanced-heading-main-title-inner\">Wykonanie i interpretacja zapisu elektrokardiograficznego u doros\u0142ych<\/span><\/span><\/h2><\/div>\t\t\t\t<\/div>\n\t\t\t\t<\/div>\n\t\t\t\t<div class=\"elementor-element elementor-element-4efec2b elementor-widget elementor-widget-text-editor\" data-id=\"4efec2b\" data-element_type=\"widget\" data-widget_type=\"text-editor.default\">\n\t\t\t\t<div class=\"elementor-widget-container\">\n\t\t\t\t\t\t\t\t\t<p><strong>\u00a0<\/strong><\/p><p><strong>Cel kszta\u0142cenia<\/strong><\/p><p>Przygotowanie piel\u0119gniarki, po\u0142o\u017cnej do wykonania u osoby doros\u0142ej, badania<\/p><p>elektrokardiograficznego w spoczynku oraz do udzia\u0142u w badaniach diagnostycznych oraz monitorowaniu pacjenta z wykorzystaniem zapisu elektrokardiograficznego, a tak\u017ce do interpretacji sk\u0142adowych prawid\u0142owego zapisu czynno\u015bci bioelektrycznej serca oraz rozpoznania cech elektrokardiograficznych wybranych stan\u00f3w chorobowych, w tym stan\u00f3w zagro\u017cenia \u017cycia i zdrowia.<\/p><p>\u00a0<\/p><p><strong><u>Dokumenty niezb\u0119dne, aby przyst\u0105pi\u0107 do kursu:<\/u><\/strong><\/p><ol><li>wniosek wys\u0142any elektronicznie poprzez system SMK<\/li><li>wniosek o dofinansowanie dostarczony w wersji papierowej do sekretariatu 5-7 dni przed rozpocz\u0119ciem kursu ( w przypadku ubiegania si\u0119 o dofinansowanie z WOIPiP)<\/li><\/ol><p><strong>\u00a0<\/strong><strong>Czas trwania kszta\u0142cenia<\/strong><\/p><p><strong>108 godzin dydaktycznych:<\/strong><\/p><ul><li>zaj\u0119cia teoretyczne \u2013 50 godzin<\/li><li>zaj\u0119cia praktyczne \u2013 58 godzin<\/li><\/ul><p>Zaj\u0119cia teoretyczne w systemie weekendowym:<\/p><ul><li>pi\u0105tek godz. 16:00<\/li><li>sobota i niedziela godz. 9:00<\/li><\/ul><p>Zaj\u0119cia sta\u017cowe\u00a0 w wybrane dni powszednie od poniedzia\u0142ku do pi\u0105tku w godzinach porannych<\/p><p>\u00a0<\/p>\t\t\t\t\t\t\t\t<\/div>\n\t\t\t\t<\/div>\n\t\t\t\t\t<\/div>\n\t\t<\/div>\n\t\t\t\t\t<\/div>\n\t\t<\/section>\n\t\t\t\t<section class=\"elementor-section elementor-top-section elementor-element elementor-element-2bc6126 elementor-section-boxed elementor-section-height-default elementor-section-height-default\" data-id=\"2bc6126\" data-element_type=\"section\">\n\t\t\t\t\t\t<div class=\"elementor-container elementor-column-gap-default\">\n\t\t\t\t\t<div class=\"elementor-column elementor-col-100 elementor-top-column elementor-element elementor-element-74ef36b\" data-id=\"74ef36b\" data-element_type=\"column\">\n\t\t\t<div class=\"elementor-widget-wrap elementor-element-populated\">\n\t\t\t\t\t\t<div class=\"elementor-element elementor-element-3aa080c elementor-widget elementor-widget-text-editor\" data-id=\"3aa080c\" data-element_type=\"widget\" data-widget_type=\"text-editor.default\">\n\t\t\t\t<div class=\"elementor-widget-container\">\n\t\t\t\t\t\t\t\t\t<p><strong>Cena kursu- 500,00 z\u0142<br \/><\/strong><strong>Cena kursu przy dofinansowaniu z WOIPiP to TYLKO 100,00 z\u0142<\/strong><\/p>\t\t\t\t\t\t\t\t<\/div>\n\t\t\t\t<\/div>\n\t\t\t\t\t<\/div>\n\t\t<\/div>\n\t\t\t\t\t<\/div>\n\t\t<\/section>\n\t\t\t\t<section class=\"elementor-section elementor-top-section elementor-element elementor-element-9ae4477 elementor-section-boxed elementor-section-height-default elementor-section-height-default\" data-id=\"9ae4477\" data-element_type=\"section\">\n\t\t\t\t\t\t<div class=\"elementor-container elementor-column-gap-default\">\n\t\t\t\t\t<div class=\"elementor-column elementor-col-100 elementor-top-column elementor-element elementor-element-6e5b880\" data-id=\"6e5b880\" data-element_type=\"column\">\n\t\t\t<div class=\"elementor-widget-wrap elementor-element-populated\">\n\t\t\t\t\t\t<div class=\"elementor-element elementor-element-293181b elementor-widget elementor-widget-text-editor\" data-id=\"293181b\" data-element_type=\"widget\" data-widget_type=\"text-editor.default\">\n\t\t\t\t<div class=\"elementor-widget-container\">\n\t\t\t\t\t\t\t\t\t<p>Szczeg\u00f3\u0142owy program kursu:<br \/><a href=\"https:\/\/ckppip.edu.pl\/wp-content\/uploads\/2020\/10\/Wykonanie-i-interpretacja-zapisu-elektrokardiograficznego-u-doroslych-2017.11.10.pdf\">https:\/\/ckppip.edu.pl\/wp-content\/uploads\/2020\/10\/Wykonanie-i-interpretacja-zapisu-elektrokardiograficznego-u-doroslych-2017.11.10.pdf<\/a><\/p><p>Zapisy tylko i wy\u0142\u0105cznie przez system SMK:<br \/><a href=\"https:\/\/smk.ezdrowie.gov.pl\/login.jsp\">https:\/\/smk.ezdrowie.gov.pl\/login.jsp<\/a><\/p><p>Link do pobrania wniosku o dofinansowanie kszta\u0142cenia podyplomowego oraz z WOIPiP:<br \/><a href=\"http:\/\/woipip.pl\/ksztalcenie\/komplet-wnioskow\/\">http:\/\/woipip.pl\/ksztalcenie\/komplet-wnioskow\/<\/a><\/p>\t\t\t\t\t\t\t\t<\/div>\n\t\t\t\t<\/div>\n\t\t\t\t\t<\/div>\n\t\t<\/div>\n\t\t\t\t\t<\/div>\n\t\t<\/section>\n\t\t\t\t<\/div>\n\t\t","protected":false},"excerpt":{"rendered":"<p>Wykonanie i interpretacja zapisu elektrokardiograficznego u doros\u0142ych. Program dla piel\u0119gniarek i po\u0142o\u017cnych Wykonanie i interpretacja zapisu elektrokardiograficznego u doros\u0142ych \u00a0 Cel kszta\u0142cenia Przygotowanie piel\u0119gniarki, po\u0142o\u017cnej do wykonania u osoby doros\u0142ej, badania elektrokardiograficznego w spoczynku oraz do udzia\u0142u w badaniach diagnostycznych oraz monitorowaniu pacjenta z wykorzystaniem zapisu elektrokardiograficznego, a tak\u017ce do interpretacji sk\u0142adowych prawid\u0142owego zapisu czynno\u015bci&#8230;<\/p>\n","protected":false},"author":1,"featured_media":0,"parent":397,"menu_order":0,"comment_status":"closed","ping_status":"closed","template":"","meta":{"footnotes":""},"class_list":["post-469","page","type-page","status-publish","hentry"],"yoast_head":"<!-- This site is optimized with the Yoast SEO plugin v26.8 - https:\/\/yoast.com\/product\/yoast-seo-wordpress\/ -->\n<title>Wykonywanie i interpretacja zapisu elektrokardiologicznego - Akademia zdrowia \u2013 Warszawa \u2013 Kursy zawodowe, szko\u0142y policealne<\/title>\n<meta name=\"description\" content=\"Wykonanie i interpretacja zapisu elektrokardiograficznego u doros\u0142ych. Program dla piel\u0119gniarek i po\u0142o\u017cnych Wykonanie i interpretacja zapisu\" \/>\n<meta name=\"robots\" content=\"index, follow, max-snippet:-1, max-image-preview:large, max-video-preview:-1\" \/>\n<link rel=\"canonical\" href=\"https:\/\/akademia-zdrowia.pl\/warszawa\/oferta-szkoleniowa\/ksztalcenie-pielegniarek-i-poloznych\/kursy-specjalistyczne\/wykonywanie-i-interpretacja-zapisu-elektrokardiologicznego\/\" \/>\n<meta property=\"og:locale\" content=\"pl_PL\" \/>\n<meta property=\"og:type\" content=\"article\" \/>\n<meta property=\"og:title\" content=\"Wykonywanie i interpretacja zapisu elektrokardiologicznego - Akademia zdrowia \u2013 Warszawa \u2013 Kursy zawodowe, szko\u0142y policealne\" \/>\n<meta property=\"og:description\" content=\"Wykonanie i interpretacja zapisu elektrokardiograficznego u doros\u0142ych. Program dla piel\u0119gniarek i po\u0142o\u017cnych Wykonanie i interpretacja zapisu\" \/>\n<meta property=\"og:url\" content=\"https:\/\/akademia-zdrowia.pl\/warszawa\/oferta-szkoleniowa\/ksztalcenie-pielegniarek-i-poloznych\/kursy-specjalistyczne\/wykonywanie-i-interpretacja-zapisu-elektrokardiologicznego\/\" \/>\n<meta property=\"og:site_name\" content=\"Nowa kategoria kursu\" \/>\n<meta property=\"article:modified_time\" content=\"2022-02-28T11:44:49+00:00\" \/>\n<meta name=\"twitter:card\" content=\"summary_large_image\" \/>\n<meta name=\"twitter:label1\" content=\"Szacowany czas czytania\" \/>\n\t<meta name=\"twitter:data1\" content=\"2 minuty\" \/>\n<script type=\"application\/ld+json\" class=\"yoast-schema-graph\">{\"@context\":\"https:\/\/schema.org\",\"@graph\":[{\"@type\":\"WebPage\",\"@id\":\"https:\/\/akademia-zdrowia.pl\/warszawa\/oferta-szkoleniowa\/ksztalcenie-pielegniarek-i-poloznych\/kursy-specjalistyczne\/wykonywanie-i-interpretacja-zapisu-elektrokardiologicznego\/\",\"url\":\"https:\/\/akademia-zdrowia.pl\/warszawa\/oferta-szkoleniowa\/ksztalcenie-pielegniarek-i-poloznych\/kursy-specjalistyczne\/wykonywanie-i-interpretacja-zapisu-elektrokardiologicznego\/\",\"name\":\"Wykonywanie i interpretacja zapisu elektrokardiologicznego - Akademia zdrowia \u2013 Warszawa \u2013 Kursy zawodowe, szko\u0142y policealne\",\"isPartOf\":{\"@id\":\"https:\/\/akademia-zdrowia.pl\/warszawa\/#website\"},\"datePublished\":\"2018-01-10T11:07:32+00:00\",\"dateModified\":\"2022-02-28T11:44:49+00:00\",\"description\":\"Wykonanie i interpretacja zapisu elektrokardiograficznego u doros\u0142ych. Program dla piel\u0119gniarek i po\u0142o\u017cnych Wykonanie i interpretacja zapisu\",\"breadcrumb\":{\"@id\":\"https:\/\/akademia-zdrowia.pl\/warszawa\/oferta-szkoleniowa\/ksztalcenie-pielegniarek-i-poloznych\/kursy-specjalistyczne\/wykonywanie-i-interpretacja-zapisu-elektrokardiologicznego\/#breadcrumb\"},\"inLanguage\":\"pl-PL\",\"potentialAction\":[{\"@type\":\"ReadAction\",\"target\":[\"https:\/\/akademia-zdrowia.pl\/warszawa\/oferta-szkoleniowa\/ksztalcenie-pielegniarek-i-poloznych\/kursy-specjalistyczne\/wykonywanie-i-interpretacja-zapisu-elektrokardiologicznego\/\"]}]},{\"@type\":\"BreadcrumbList\",\"@id\":\"https:\/\/akademia-zdrowia.pl\/warszawa\/oferta-szkoleniowa\/ksztalcenie-pielegniarek-i-poloznych\/kursy-specjalistyczne\/wykonywanie-i-interpretacja-zapisu-elektrokardiologicznego\/#breadcrumb\",\"itemListElement\":[{\"@type\":\"ListItem\",\"position\":1,\"name\":\"Strona g\u0142\u00f3wna\",\"item\":\"https:\/\/akademia-zdrowia.pl\/warszawa\/\"},{\"@type\":\"ListItem\",\"position\":2,\"name\":\"Oferta szkoleniowa\",\"item\":\"https:\/\/akademia-zdrowia.pl\/warszawa\/oferta-szkoleniowa\/\"},{\"@type\":\"ListItem\",\"position\":3,\"name\":\"Kszta\u0142cenie piel\u0119gniarek i po\u0142o\u017cnych\",\"item\":\"https:\/\/akademia-zdrowia.pl\/warszawa\/oferta-szkoleniowa\/ksztalcenie-pielegniarek-i-poloznych\/\"},{\"@type\":\"ListItem\",\"position\":4,\"name\":\"Kursy specjalistyczne\",\"item\":\"https:\/\/akademia-zdrowia.pl\/warszawa\/oferta-szkoleniowa\/ksztalcenie-pielegniarek-i-poloznych\/kursy-specjalistyczne\/\"},{\"@type\":\"ListItem\",\"position\":5,\"name\":\"Wykonywanie i interpretacja zapisu elektrokardiologicznego\"}]},{\"@type\":\"WebSite\",\"@id\":\"https:\/\/akademia-zdrowia.pl\/warszawa\/#website\",\"url\":\"https:\/\/akademia-zdrowia.pl\/warszawa\/\",\"name\":\"Nowa kategoria kursu\",\"description\":\"Nowy kurs \",\"potentialAction\":[{\"@type\":\"SearchAction\",\"target\":{\"@type\":\"EntryPoint\",\"urlTemplate\":\"https:\/\/akademia-zdrowia.pl\/warszawa\/?s={search_term_string}\"},\"query-input\":{\"@type\":\"PropertyValueSpecification\",\"valueRequired\":true,\"valueName\":\"search_term_string\"}}],\"inLanguage\":\"pl-PL\"}]}<\/script>\n<!-- \/ Yoast SEO plugin. -->","yoast_head_json":{"title":"Wykonywanie i interpretacja zapisu elektrokardiologicznego - Akademia zdrowia \u2013 Warszawa \u2013 Kursy zawodowe, szko\u0142y policealne","description":"Wykonanie i interpretacja zapisu elektrokardiograficznego u doros\u0142ych. Program dla piel\u0119gniarek i po\u0142o\u017cnych Wykonanie i interpretacja zapisu","robots":{"index":"index","follow":"follow","max-snippet":"max-snippet:-1","max-image-preview":"max-image-preview:large","max-video-preview":"max-video-preview:-1"},"canonical":"https:\/\/akademia-zdrowia.pl\/warszawa\/oferta-szkoleniowa\/ksztalcenie-pielegniarek-i-poloznych\/kursy-specjalistyczne\/wykonywanie-i-interpretacja-zapisu-elektrokardiologicznego\/","og_locale":"pl_PL","og_type":"article","og_title":"Wykonywanie i interpretacja zapisu elektrokardiologicznego - Akademia zdrowia \u2013 Warszawa \u2013 Kursy zawodowe, szko\u0142y policealne","og_description":"Wykonanie i interpretacja zapisu elektrokardiograficznego u doros\u0142ych. Program dla piel\u0119gniarek i po\u0142o\u017cnych Wykonanie i interpretacja zapisu","og_url":"https:\/\/akademia-zdrowia.pl\/warszawa\/oferta-szkoleniowa\/ksztalcenie-pielegniarek-i-poloznych\/kursy-specjalistyczne\/wykonywanie-i-interpretacja-zapisu-elektrokardiologicznego\/","og_site_name":"Nowa kategoria kursu","article_modified_time":"2022-02-28T11:44:49+00:00","twitter_card":"summary_large_image","twitter_misc":{"Szacowany czas czytania":"2 minuty"},"schema":{"@context":"https:\/\/schema.org","@graph":[{"@type":"WebPage","@id":"https:\/\/akademia-zdrowia.pl\/warszawa\/oferta-szkoleniowa\/ksztalcenie-pielegniarek-i-poloznych\/kursy-specjalistyczne\/wykonywanie-i-interpretacja-zapisu-elektrokardiologicznego\/","url":"https:\/\/akademia-zdrowia.pl\/warszawa\/oferta-szkoleniowa\/ksztalcenie-pielegniarek-i-poloznych\/kursy-specjalistyczne\/wykonywanie-i-interpretacja-zapisu-elektrokardiologicznego\/","name":"Wykonywanie i interpretacja zapisu elektrokardiologicznego - Akademia zdrowia \u2013 Warszawa \u2013 Kursy zawodowe, szko\u0142y policealne","isPartOf":{"@id":"https:\/\/akademia-zdrowia.pl\/warszawa\/#website"},"datePublished":"2018-01-10T11:07:32+00:00","dateModified":"2022-02-28T11:44:49+00:00","description":"Wykonanie i interpretacja zapisu elektrokardiograficznego u doros\u0142ych. Program dla piel\u0119gniarek i po\u0142o\u017cnych Wykonanie i interpretacja zapisu","breadcrumb":{"@id":"https:\/\/akademia-zdrowia.pl\/warszawa\/oferta-szkoleniowa\/ksztalcenie-pielegniarek-i-poloznych\/kursy-specjalistyczne\/wykonywanie-i-interpretacja-zapisu-elektrokardiologicznego\/#breadcrumb"},"inLanguage":"pl-PL","potentialAction":[{"@type":"ReadAction","target":["https:\/\/akademia-zdrowia.pl\/warszawa\/oferta-szkoleniowa\/ksztalcenie-pielegniarek-i-poloznych\/kursy-specjalistyczne\/wykonywanie-i-interpretacja-zapisu-elektrokardiologicznego\/"]}]},{"@type":"BreadcrumbList","@id":"https:\/\/akademia-zdrowia.pl\/warszawa\/oferta-szkoleniowa\/ksztalcenie-pielegniarek-i-poloznych\/kursy-specjalistyczne\/wykonywanie-i-interpretacja-zapisu-elektrokardiologicznego\/#breadcrumb","itemListElement":[{"@type":"ListItem","position":1,"name":"Strona g\u0142\u00f3wna","item":"https:\/\/akademia-zdrowia.pl\/warszawa\/"},{"@type":"ListItem","position":2,"name":"Oferta szkoleniowa","item":"https:\/\/akademia-zdrowia.pl\/warszawa\/oferta-szkoleniowa\/"},{"@type":"ListItem","position":3,"name":"Kszta\u0142cenie piel\u0119gniarek i po\u0142o\u017cnych","item":"https:\/\/akademia-zdrowia.pl\/warszawa\/oferta-szkoleniowa\/ksztalcenie-pielegniarek-i-poloznych\/"},{"@type":"ListItem","position":4,"name":"Kursy specjalistyczne","item":"https:\/\/akademia-zdrowia.pl\/warszawa\/oferta-szkoleniowa\/ksztalcenie-pielegniarek-i-poloznych\/kursy-specjalistyczne\/"},{"@type":"ListItem","position":5,"name":"Wykonywanie i interpretacja zapisu elektrokardiologicznego"}]},{"@type":"WebSite","@id":"https:\/\/akademia-zdrowia.pl\/warszawa\/#website","url":"https:\/\/akademia-zdrowia.pl\/warszawa\/","name":"Nowa kategoria kursu","description":"Nowy kurs ","potentialAction":[{"@type":"SearchAction","target":{"@type":"EntryPoint","urlTemplate":"https:\/\/akademia-zdrowia.pl\/warszawa\/?s={search_term_string}"},"query-input":{"@type":"PropertyValueSpecification","valueRequired":true,"valueName":"search_term_string"}}],"inLanguage":"pl-PL"}]}},"_links":{"self":[{"href":"https:\/\/akademia-zdrowia.pl\/warszawa\/wp-json\/wp\/v2\/pages\/469","targetHints":{"allow":["GET"]}}],"collection":[{"href":"https:\/\/akademia-zdrowia.pl\/warszawa\/wp-json\/wp\/v2\/pages"}],"about":[{"href":"https:\/\/akademia-zdrowia.pl\/warszawa\/wp-json\/wp\/v2\/types\/page"}],"author":[{"embeddable":true,"href":"https:\/\/akademia-zdrowia.pl\/warszawa\/wp-json\/wp\/v2\/users\/1"}],"replies":[{"embeddable":true,"href":"https:\/\/akademia-zdrowia.pl\/warszawa\/wp-json\/wp\/v2\/comments?post=469"}],"version-history":[{"count":12,"href":"https:\/\/akademia-zdrowia.pl\/warszawa\/wp-json\/wp\/v2\/pages\/469\/revisions"}],"predecessor-version":[{"id":3000,"href":"https:\/\/akademia-zdrowia.pl\/warszawa\/wp-json\/wp\/v2\/pages\/469\/revisions\/3000"}],"up":[{"embeddable":true,"href":"https:\/\/akademia-zdrowia.pl\/warszawa\/wp-json\/wp\/v2\/pages\/397"}],"wp:attachment":[{"href":"https:\/\/akademia-zdrowia.pl\/warszawa\/wp-json\/wp\/v2\/media?parent=469"}],"curies":[{"name":"wp","href":"https:\/\/api.w.org\/{rel}","templated":true}]}}