{"id":4838,"date":"2024-06-28T22:46:33","date_gmt":"2024-06-28T20:46:33","guid":{"rendered":"https:\/\/akademia-zdrowia.pl\/warszawa\/?page_id=4838"},"modified":"2024-09-24T13:25:54","modified_gmt":"2024-09-24T11:25:54","slug":"koktajl-monako","status":"publish","type":"page","link":"https:\/\/akademia-zdrowia.pl\/warszawa\/oferta-szkoleniowa\/kursy-i-szkolenia\/medycyna-estetyczna\/koktajl-monako\/","title":{"rendered":"Koktajl Monako"},"content":{"rendered":"\t\t<div data-elementor-type=\"wp-page\" data-elementor-id=\"4838\" class=\"elementor elementor-4838\" data-elementor-post-type=\"page\">\n\t\t\t\t\t\t<section class=\"elementor-section elementor-top-section elementor-element elementor-element-1aa1f1e elementor-section-boxed elementor-section-height-default elementor-section-height-default\" data-id=\"1aa1f1e\" data-element_type=\"section\">\n\t\t\t\t\t\t<div class=\"elementor-container elementor-column-gap-default\">\n\t\t\t\t\t<div class=\"elementor-column elementor-col-33 elementor-top-column elementor-element elementor-element-9279cb3\" data-id=\"9279cb3\" data-element_type=\"column\">\n\t\t\t<div class=\"elementor-widget-wrap\">\n\t\t\t\t\t\t\t<\/div>\n\t\t<\/div>\n\t\t\t\t<div class=\"elementor-column elementor-col-33 elementor-top-column elementor-element elementor-element-f7c446f\" data-id=\"f7c446f\" data-element_type=\"column\">\n\t\t\t<div class=\"elementor-widget-wrap elementor-element-populated\">\n\t\t\t\t\t\t<div class=\"elementor-element elementor-element-4944945 elementor-widget elementor-widget-rs-heading\" data-id=\"4944945\" data-element_type=\"widget\" data-widget_type=\"rs-heading.default\">\n\t\t\t\t<div class=\"elementor-widget-container\">\n\t\t\t\t\t        <div class=\"rs-heading default center\">\r\n        \t<div class=\"title-inner\">\r\n        \t\t      \t\t\r\n\t            <span class=\"sub-text \">AKADEMIA ZDROWIA DLA BRAN\u017bY BEAUTY<\/span><h2 class=\"title\"><span class=\"watermark\"><\/span>Koktajl Monako<\/h2>\t        <\/div>\r\n\t                <\/div>\r\n        \t\t\t\t<\/div>\n\t\t\t\t<\/div>\n\t\t\t\t\t<\/div>\n\t\t<\/div>\n\t\t\t\t<div class=\"elementor-column elementor-col-33 elementor-top-column elementor-element elementor-element-34eff11\" data-id=\"34eff11\" data-element_type=\"column\">\n\t\t\t<div class=\"elementor-widget-wrap\">\n\t\t\t\t\t\t\t<\/div>\n\t\t<\/div>\n\t\t\t\t\t<\/div>\n\t\t<\/section>\n\t\t\t\t<section class=\"elementor-section elementor-top-section elementor-element elementor-element-53f81c6 elementor-section-stretched elementor-section-boxed elementor-section-height-default elementor-section-height-default\" data-id=\"53f81c6\" data-element_type=\"section\" data-settings=\"{&quot;background_background&quot;:&quot;classic&quot;,&quot;stretch_section&quot;:&quot;section-stretched&quot;}\">\n\t\t\t\t\t\t<div class=\"elementor-container elementor-column-gap-default\">\n\t\t\t\t\t<div class=\"elementor-column elementor-col-50 elementor-top-column elementor-element elementor-element-1798e66\" data-id=\"1798e66\" data-element_type=\"column\">\n\t\t\t<div class=\"elementor-widget-wrap elementor-element-populated\">\n\t\t\t\t\t\t<div class=\"elementor-element elementor-element-0c8ca49 elementor-widget elementor-widget-rs-heading\" data-id=\"0c8ca49\" data-element_type=\"widget\" data-widget_type=\"rs-heading.default\">\n\t\t\t\t<div class=\"elementor-widget-container\">\n\t\t\t\t\t        <div class=\"rs-heading default \">\r\n        \t<div class=\"title-inner\">\r\n        \t\t      \t\t\r\n\t            <span class=\"sub-text \">JAK WYGL\u0104DA SZKOLENIE<\/span><h2 class=\"title\"><span class=\"watermark\"><\/span>Program szkolenia<\/h2>\t        <\/div>\r\n\t                    \t<div class=\"description\">\r\n            \t\t<p>Kurs przeznaczony jest dla os\u00f3b, kt\u00f3re chc\u0105 pozna\u0107 zasady doboru odpowiedniej procedury zabiegowej dla pacjent\u00f3w w r\u00f3\u017cnym wieku, o r\u00f3\u017cnych problemach sk\u00f3rnych oraz praktyczne zastosowanie preparat\u00f3w.<\/p><p style=\"font-weight: 400\"><strong>Cz\u0119\u015b\u0107 teoretyczna<\/strong><\/p><ul><li style=\"font-weight: 400\">Om\u00f3wienie metody i preparat\u00f3w.<\/li><li style=\"font-weight: 400\">Wskazania, przeciwwskazania do zabiegu.<\/li><li style=\"font-weight: 400\">Kwalifikacja i przygotowanie pacjenta do zabiegu<\/li><li style=\"font-weight: 400\">Techniki iniekcji\u00a0<\/li><li style=\"font-weight: 400\">Post\u0119powanie przed i po zabiegu .<\/li><li style=\"font-weight: 400\">Zasady post\u0119powania po zabiegu\u00a0<\/li><\/ul><p style=\"font-weight: 400\"><strong>Cz\u0119\u015b\u0107 praktyczna<\/strong><\/p><ul><li style=\"font-weight: 400\">Samodzielne wykonanie zabieg\u00f3w na modelach pod okiem trenera.<\/li><\/ul><p><strong>Czas trwania szkolenia 8h. Certyfikat po zako\u0144czeniu szkolenia.<\/strong><\/p>            \t\t\r\n            \t<\/div>\r\n        \t        <\/div>\r\n        \t\t\t\t<\/div>\n\t\t\t\t<\/div>\n\t\t\t\t<section class=\"elementor-section elementor-inner-section elementor-element elementor-element-48ceda3 elementor-section-boxed elementor-section-height-default elementor-section-height-default\" data-id=\"48ceda3\" data-element_type=\"section\">\n\t\t\t\t\t\t<div class=\"elementor-container elementor-column-gap-default\">\n\t\t\t\t\t<div class=\"elementor-column elementor-col-100 elementor-inner-column elementor-element elementor-element-3cae159\" data-id=\"3cae159\" data-element_type=\"column\">\n\t\t\t<div class=\"elementor-widget-wrap elementor-element-populated\">\n\t\t\t\t\t\t<div class=\"elementor-element elementor-element-b486dd8 elementor-widget elementor-widget-rs-button\" data-id=\"b486dd8\" data-element_type=\"widget\" data-widget_type=\"rs-button.default\">\n\t\t\t\t<div class=\"elementor-widget-container\">\n\t\t\t\t\t\t\r\n\t\t\r\n\t\t<div class=\"rs-view-btn\">\r\n\t\t\t\t\t\t<a class=\"rs-btn rs-btnblack rs-btn-style1\" href=\"tel:+48698592960\" >\t\t\t\t\r\n\t\t\t\t<span class=\"rs_btn__text\"><span class=\"btn_text\">ZADZWO\u0143 - Monika 698 592 960<\/span><\/span>\r\n\t\t\t<\/a>\r\n\t\t<\/div>    \r\n\t\t\t\t\t<\/div>\n\t\t\t\t<\/div>\n\t\t\t\t<div class=\"elementor-element elementor-element-28f49d4 elementor-widget elementor-widget-rs-button\" data-id=\"28f49d4\" data-element_type=\"widget\" data-widget_type=\"rs-button.default\">\n\t\t\t\t<div class=\"elementor-widget-container\">\n\t\t\t\t\t\t\r\n\t\t\r\n\t\t<div class=\"rs-view-btn\">\r\n\t\t\t\t\t\t<a class=\"rs-btn rs-btnblack rs-btn-style1\" href=\"tel:+48662486675\" >\t\t\t\t\r\n\t\t\t\t<span class=\"rs_btn__text\"><span class=\"btn_text\">ZADZWO\u0143 Ma\u0142gorzata 662 486 675<\/span><\/span>\r\n\t\t\t<\/a>\r\n\t\t<\/div>    \r\n\t\t\t\t\t<\/div>\n\t\t\t\t<\/div>\n\t\t\t\t\t<\/div>\n\t\t<\/div>\n\t\t\t\t\t<\/div>\n\t\t<\/section>\n\t\t\t\t\t<\/div>\n\t\t<\/div>\n\t\t\t\t<div class=\"elementor-column elementor-col-50 elementor-top-column elementor-element elementor-element-45b8deb\" data-id=\"45b8deb\" data-element_type=\"column\">\n\t\t\t<div class=\"elementor-widget-wrap elementor-element-populated\">\n\t\t\t\t\t\t<div class=\"elementor-element elementor-element-bb9b81e elementor-widget elementor-widget-image\" data-id=\"bb9b81e\" data-element_type=\"widget\" data-widget_type=\"image.default\">\n\t\t\t\t<div class=\"elementor-widget-container\">\n\t\t\t\t\t\t\t\t\t\t\t\t\t\t\t<img fetchpriority=\"high\" decoding=\"async\" width=\"640\" height=\"812\" src=\"https:\/\/akademia-zdrowia.pl\/warszawa\/wp-content\/uploads\/2024\/06\/monaco-807x1024.jpg\" class=\"attachment-large size-large wp-image-4849\" alt=\"\" srcset=\"https:\/\/akademia-zdrowia.pl\/warszawa\/wp-content\/uploads\/2024\/06\/monaco-807x1024.jpg 807w, https:\/\/akademia-zdrowia.pl\/warszawa\/wp-content\/uploads\/2024\/06\/monaco-237x300.jpg 237w, https:\/\/akademia-zdrowia.pl\/warszawa\/wp-content\/uploads\/2024\/06\/monaco-768x974.jpg 768w, https:\/\/akademia-zdrowia.pl\/warszawa\/wp-content\/uploads\/2024\/06\/monaco-500x634.jpg 500w, https:\/\/akademia-zdrowia.pl\/warszawa\/wp-content\/uploads\/2024\/06\/monaco.jpg 812w\" sizes=\"(max-width: 640px) 100vw, 640px\" \/>\t\t\t\t\t\t\t\t\t\t\t\t\t\t\t<\/div>\n\t\t\t\t<\/div>\n\t\t\t\t\t<\/div>\n\t\t<\/div>\n\t\t\t\t\t<\/div>\n\t\t<\/section>\n\t\t\t\t<section class=\"elementor-section elementor-top-section elementor-element elementor-element-af3358e elementor-section-boxed elementor-section-height-default elementor-section-height-default\" data-id=\"af3358e\" data-element_type=\"section\" data-settings=\"{&quot;background_background&quot;:&quot;classic&quot;}\">\n\t\t\t\t\t\t<div class=\"elementor-container elementor-column-gap-default\">\n\t\t\t\t\t<div class=\"elementor-column elementor-col-50 elementor-top-column elementor-element elementor-element-5d22e47\" data-id=\"5d22e47\" data-element_type=\"column\" data-settings=\"{&quot;background_background&quot;:&quot;classic&quot;}\">\n\t\t\t<div class=\"elementor-widget-wrap elementor-element-populated\">\n\t\t\t\t\t\t<div class=\"elementor-element elementor-element-ef08743 elementor-widget-mobile__width-initial elementor-widget elementor-widget-rs-heading\" data-id=\"ef08743\" data-element_type=\"widget\" data-widget_type=\"rs-heading.default\">\n\t\t\t\t<div class=\"elementor-widget-container\">\n\t\t\t\t\t        <div class=\"rs-heading default \">\r\n        \t<div class=\"title-inner\">\r\n        \t\t      \t\t\r\n\t            <span class=\"sub-text \">NIE MASZ POMYS\u0141U NA PREZENT?<\/span><h2 class=\"title\"><span class=\"watermark\"><\/span>Kup voucher!<\/h2>\t        <\/div>\r\n\t                    \t<div class=\"description\">\r\n            \t\t<div class=\"flex-shrink-0 flex flex-col relative items-end\"><div><div class=\"pt-0\"><div class=\"gizmo-bot-avatar flex h-8 w-8 items-center justify-center overflow-hidden rounded-full\"><div class=\"relative p-1 rounded-sm flex items-center justify-center bg-token-main-surface-primary text-token-text-primary h-8 w-8\">Podaruj bliskim wyj\u0105tkowy prezent! Kup voucher na nasze szkolenia i kursy \u2014 to doskona\u0142y spos\u00f3b na rozw\u00f3j i nowe umiej\u0119tno\u015bci. Idealny prezent na ka\u017cd\u0105 okazj\u0119!<\/div><\/div><\/div><\/div><\/div>            \t\t\r\n            \t<\/div>\r\n        \t        <\/div>\r\n        \t\t\t\t<\/div>\n\t\t\t\t<\/div>\n\t\t\t\t<div class=\"elementor-element elementor-element-fc9f709 elementor-widget elementor-widget-rs-button\" data-id=\"fc9f709\" data-element_type=\"widget\" data-widget_type=\"rs-button.default\">\n\t\t\t\t<div class=\"elementor-widget-container\">\n\t\t\t\t\t\t\r\n\t\t\r\n\t\t<div class=\"rs-view-btn\">\r\n\t\t\t\t\t\t<a class=\"rs-btn rs-btnblack rs-btn-style1\" href=\"tel:+48698592960\" >\t\t\t\t\r\n\t\t\t\t<span class=\"rs_btn__text\"><span class=\"btn_text\">ZADZWO\u0143 - ZAM\u00d3W VOUCHER<\/span><\/span>\r\n\t\t\t<\/a>\r\n\t\t<\/div>    \r\n\t\t\t\t\t<\/div>\n\t\t\t\t<\/div>\n\t\t\t\t\t<\/div>\n\t\t<\/div>\n\t\t\t\t<div class=\"elementor-column elementor-col-50 elementor-top-column elementor-element elementor-element-eb8fbff\" data-id=\"eb8fbff\" data-element_type=\"column\">\n\t\t\t<div class=\"elementor-widget-wrap elementor-element-populated\">\n\t\t\t\t\t\t<div class=\"elementor-element elementor-element-d5d28f8 elementor-widget elementor-widget-rs-heading\" data-id=\"d5d28f8\" data-element_type=\"widget\" data-widget_type=\"rs-heading.default\">\n\t\t\t\t<div class=\"elementor-widget-container\">\n\t\t\t\t\t        <div class=\"rs-heading default \">\r\n        \t<div class=\"title-inner\">\r\n        \t\t      \t\t\r\n\t            <span class=\"sub-text \">ZAUFANY PARTNER<\/span><h2 class=\"title\"><span class=\"watermark\"><\/span>Dlaczego warto wybra\u0107 nas<\/h2>\t        <\/div>\r\n\t                    \t<div class=\"description\">\r\n            \t\t<p>Zaufaj naszemu wieloletniemu do\u015bwiadczeniu i zespo\u0142owi specjalist\u00f3w. Oferujemy profesjonalne szkolenia, kt\u00f3re pomog\u0105 rozwija\u0107 Tw\u00f3j biznes. Wybieraj\u0105c nas, inwestujesz w sprawdzonego partnera, kt\u00f3ry wspiera sukces Twojej firmy. Skontaktuj si\u0119 z nami i zacznij rozwija\u0107 si\u0119 razem z nami!<\/p>            \t\t\r\n            \t<\/div>\r\n        \t        <\/div>\r\n        \t\t\t\t<\/div>\n\t\t\t\t<\/div>\n\t\t\t\t\t<\/div>\n\t\t<\/div>\n\t\t\t\t\t<\/div>\n\t\t<\/section>\n\t\t\t\t<\/div>\n\t\t","protected":false},"excerpt":{"rendered":"<p>AKADEMIA ZDROWIA DLA BRAN\u017bY BEAUTY Koktajl Monako JAK WYGL\u0104DA SZKOLENIE Program szkolenia Kurs przeznaczony jest dla os\u00f3b, kt\u00f3re chc\u0105 pozna\u0107 zasady doboru odpowiedniej procedury zabiegowej dla pacjent\u00f3w w r\u00f3\u017cnym wieku, o r\u00f3\u017cnych problemach sk\u00f3rnych oraz praktyczne zastosowanie preparat\u00f3w. Cz\u0119\u015b\u0107 teoretyczna Om\u00f3wienie metody i preparat\u00f3w. Wskazania, przeciwwskazania do zabiegu. Kwalifikacja i przygotowanie pacjenta do zabiegu Techniki&#8230;<\/p>\n","protected":false},"author":3,"featured_media":0,"parent":4655,"menu_order":0,"comment_status":"closed","ping_status":"closed","template":"","meta":{"footnotes":""},"class_list":["post-4838","page","type-page","status-publish","hentry"],"yoast_head":"<!-- This site is optimized with the Yoast SEO plugin v26.8 - https:\/\/yoast.com\/product\/yoast-seo-wordpress\/ -->\n<title>Koktajl Monako - Akademia zdrowia \u2013 Warszawa \u2013 Kursy zawodowe, szko\u0142y policealne<\/title>\n<meta name=\"description\" content=\"AKADEMIA ZDROWIA DLA BRAN\u017bY BEAUTYKoktajl Monako JAK WYGL\u0104DA SZKOLENIEProgram szkolenia Kurs przeznaczony jest dla os\u00f3b, kt\u00f3re chc\u0105 pozna\u0107 zasady doboru\" \/>\n<meta name=\"robots\" content=\"index, follow, max-snippet:-1, max-image-preview:large, max-video-preview:-1\" \/>\n<link rel=\"canonical\" href=\"https:\/\/akademia-zdrowia.pl\/warszawa\/oferta-szkoleniowa\/kursy-i-szkolenia\/medycyna-estetyczna\/koktajl-monako\/\" \/>\n<meta property=\"og:locale\" content=\"pl_PL\" \/>\n<meta property=\"og:type\" content=\"article\" \/>\n<meta property=\"og:title\" content=\"Koktajl Monako - Akademia zdrowia \u2013 Warszawa \u2013 Kursy zawodowe, szko\u0142y policealne\" \/>\n<meta property=\"og:description\" content=\"AKADEMIA ZDROWIA DLA BRAN\u017bY BEAUTYKoktajl Monako JAK WYGL\u0104DA SZKOLENIEProgram szkolenia Kurs przeznaczony jest dla os\u00f3b, kt\u00f3re chc\u0105 pozna\u0107 zasady doboru\" \/>\n<meta property=\"og:url\" content=\"https:\/\/akademia-zdrowia.pl\/warszawa\/oferta-szkoleniowa\/kursy-i-szkolenia\/medycyna-estetyczna\/koktajl-monako\/\" \/>\n<meta property=\"og:site_name\" content=\"Nowa kategoria kursu\" \/>\n<meta property=\"article:modified_time\" content=\"2024-09-24T11:25:54+00:00\" \/>\n<meta property=\"og:image\" content=\"https:\/\/akademia-zdrowia.pl\/warszawa\/wp-content\/uploads\/2024\/06\/monaco-807x1024.jpg\" \/>\n<meta name=\"twitter:card\" content=\"summary_large_image\" \/>\n<meta name=\"twitter:label1\" content=\"Szacowany czas czytania\" \/>\n\t<meta name=\"twitter:data1\" content=\"2 minuty\" \/>\n<script type=\"application\/ld+json\" class=\"yoast-schema-graph\">{\"@context\":\"https:\/\/schema.org\",\"@graph\":[{\"@type\":\"WebPage\",\"@id\":\"https:\/\/akademia-zdrowia.pl\/warszawa\/oferta-szkoleniowa\/kursy-i-szkolenia\/medycyna-estetyczna\/koktajl-monako\/\",\"url\":\"https:\/\/akademia-zdrowia.pl\/warszawa\/oferta-szkoleniowa\/kursy-i-szkolenia\/medycyna-estetyczna\/koktajl-monako\/\",\"name\":\"Koktajl Monako - Akademia zdrowia \u2013 Warszawa \u2013 Kursy zawodowe, szko\u0142y policealne\",\"isPartOf\":{\"@id\":\"https:\/\/akademia-zdrowia.pl\/warszawa\/#website\"},\"primaryImageOfPage\":{\"@id\":\"https:\/\/akademia-zdrowia.pl\/warszawa\/oferta-szkoleniowa\/kursy-i-szkolenia\/medycyna-estetyczna\/koktajl-monako\/#primaryimage\"},\"image\":{\"@id\":\"https:\/\/akademia-zdrowia.pl\/warszawa\/oferta-szkoleniowa\/kursy-i-szkolenia\/medycyna-estetyczna\/koktajl-monako\/#primaryimage\"},\"thumbnailUrl\":\"https:\/\/akademia-zdrowia.pl\/warszawa\/wp-content\/uploads\/2024\/06\/monaco-807x1024.jpg\",\"datePublished\":\"2024-06-28T20:46:33+00:00\",\"dateModified\":\"2024-09-24T11:25:54+00:00\",\"description\":\"AKADEMIA ZDROWIA DLA BRAN\u017bY BEAUTYKoktajl Monako JAK WYGL\u0104DA SZKOLENIEProgram szkolenia Kurs przeznaczony jest dla os\u00f3b, kt\u00f3re chc\u0105 pozna\u0107 zasady doboru\",\"breadcrumb\":{\"@id\":\"https:\/\/akademia-zdrowia.pl\/warszawa\/oferta-szkoleniowa\/kursy-i-szkolenia\/medycyna-estetyczna\/koktajl-monako\/#breadcrumb\"},\"inLanguage\":\"pl-PL\",\"potentialAction\":[{\"@type\":\"ReadAction\",\"target\":[\"https:\/\/akademia-zdrowia.pl\/warszawa\/oferta-szkoleniowa\/kursy-i-szkolenia\/medycyna-estetyczna\/koktajl-monako\/\"]}]},{\"@type\":\"ImageObject\",\"inLanguage\":\"pl-PL\",\"@id\":\"https:\/\/akademia-zdrowia.pl\/warszawa\/oferta-szkoleniowa\/kursy-i-szkolenia\/medycyna-estetyczna\/koktajl-monako\/#primaryimage\",\"url\":\"https:\/\/akademia-zdrowia.pl\/warszawa\/wp-content\/uploads\/2024\/06\/monaco.jpg\",\"contentUrl\":\"https:\/\/akademia-zdrowia.pl\/warszawa\/wp-content\/uploads\/2024\/06\/monaco.jpg\",\"width\":812,\"height\":1030},{\"@type\":\"BreadcrumbList\",\"@id\":\"https:\/\/akademia-zdrowia.pl\/warszawa\/oferta-szkoleniowa\/kursy-i-szkolenia\/medycyna-estetyczna\/koktajl-monako\/#breadcrumb\",\"itemListElement\":[{\"@type\":\"ListItem\",\"position\":1,\"name\":\"Strona g\u0142\u00f3wna\",\"item\":\"https:\/\/akademia-zdrowia.pl\/warszawa\/\"},{\"@type\":\"ListItem\",\"position\":2,\"name\":\"Oferta szkoleniowa\",\"item\":\"https:\/\/akademia-zdrowia.pl\/warszawa\/oferta-szkoleniowa\/\"},{\"@type\":\"ListItem\",\"position\":3,\"name\":\"Kursy i szkolenia\",\"item\":\"https:\/\/akademia-zdrowia.pl\/warszawa\/oferta-szkoleniowa\/kursy-i-szkolenia\/\"},{\"@type\":\"ListItem\",\"position\":4,\"name\":\"Medycyna estetyczna\",\"item\":\"https:\/\/akademia-zdrowia.pl\/warszawa\/oferta-szkoleniowa\/kursy-i-szkolenia\/medycyna-estetyczna\/\"},{\"@type\":\"ListItem\",\"position\":5,\"name\":\"Koktajl Monako\"}]},{\"@type\":\"WebSite\",\"@id\":\"https:\/\/akademia-zdrowia.pl\/warszawa\/#website\",\"url\":\"https:\/\/akademia-zdrowia.pl\/warszawa\/\",\"name\":\"Nowa kategoria kursu\",\"description\":\"Nowy kurs \",\"potentialAction\":[{\"@type\":\"SearchAction\",\"target\":{\"@type\":\"EntryPoint\",\"urlTemplate\":\"https:\/\/akademia-zdrowia.pl\/warszawa\/?s={search_term_string}\"},\"query-input\":{\"@type\":\"PropertyValueSpecification\",\"valueRequired\":true,\"valueName\":\"search_term_string\"}}],\"inLanguage\":\"pl-PL\"}]}<\/script>\n<!-- \/ Yoast SEO plugin. -->","yoast_head_json":{"title":"Koktajl Monako - Akademia zdrowia \u2013 Warszawa \u2013 Kursy zawodowe, szko\u0142y policealne","description":"AKADEMIA ZDROWIA DLA BRAN\u017bY BEAUTYKoktajl Monako JAK WYGL\u0104DA SZKOLENIEProgram szkolenia Kurs przeznaczony jest dla os\u00f3b, kt\u00f3re chc\u0105 pozna\u0107 zasady doboru","robots":{"index":"index","follow":"follow","max-snippet":"max-snippet:-1","max-image-preview":"max-image-preview:large","max-video-preview":"max-video-preview:-1"},"canonical":"https:\/\/akademia-zdrowia.pl\/warszawa\/oferta-szkoleniowa\/kursy-i-szkolenia\/medycyna-estetyczna\/koktajl-monako\/","og_locale":"pl_PL","og_type":"article","og_title":"Koktajl Monako - Akademia zdrowia \u2013 Warszawa \u2013 Kursy zawodowe, szko\u0142y policealne","og_description":"AKADEMIA ZDROWIA DLA BRAN\u017bY BEAUTYKoktajl Monako JAK WYGL\u0104DA SZKOLENIEProgram szkolenia Kurs przeznaczony jest dla os\u00f3b, kt\u00f3re chc\u0105 pozna\u0107 zasady doboru","og_url":"https:\/\/akademia-zdrowia.pl\/warszawa\/oferta-szkoleniowa\/kursy-i-szkolenia\/medycyna-estetyczna\/koktajl-monako\/","og_site_name":"Nowa kategoria kursu","article_modified_time":"2024-09-24T11:25:54+00:00","og_image":[{"url":"https:\/\/akademia-zdrowia.pl\/warszawa\/wp-content\/uploads\/2024\/06\/monaco-807x1024.jpg","type":"","width":"","height":""}],"twitter_card":"summary_large_image","twitter_misc":{"Szacowany czas czytania":"2 minuty"},"schema":{"@context":"https:\/\/schema.org","@graph":[{"@type":"WebPage","@id":"https:\/\/akademia-zdrowia.pl\/warszawa\/oferta-szkoleniowa\/kursy-i-szkolenia\/medycyna-estetyczna\/koktajl-monako\/","url":"https:\/\/akademia-zdrowia.pl\/warszawa\/oferta-szkoleniowa\/kursy-i-szkolenia\/medycyna-estetyczna\/koktajl-monako\/","name":"Koktajl Monako - Akademia zdrowia \u2013 Warszawa \u2013 Kursy zawodowe, szko\u0142y policealne","isPartOf":{"@id":"https:\/\/akademia-zdrowia.pl\/warszawa\/#website"},"primaryImageOfPage":{"@id":"https:\/\/akademia-zdrowia.pl\/warszawa\/oferta-szkoleniowa\/kursy-i-szkolenia\/medycyna-estetyczna\/koktajl-monako\/#primaryimage"},"image":{"@id":"https:\/\/akademia-zdrowia.pl\/warszawa\/oferta-szkoleniowa\/kursy-i-szkolenia\/medycyna-estetyczna\/koktajl-monako\/#primaryimage"},"thumbnailUrl":"https:\/\/akademia-zdrowia.pl\/warszawa\/wp-content\/uploads\/2024\/06\/monaco-807x1024.jpg","datePublished":"2024-06-28T20:46:33+00:00","dateModified":"2024-09-24T11:25:54+00:00","description":"AKADEMIA ZDROWIA DLA BRAN\u017bY BEAUTYKoktajl Monako JAK WYGL\u0104DA SZKOLENIEProgram szkolenia Kurs przeznaczony jest dla os\u00f3b, kt\u00f3re chc\u0105 pozna\u0107 zasady doboru","breadcrumb":{"@id":"https:\/\/akademia-zdrowia.pl\/warszawa\/oferta-szkoleniowa\/kursy-i-szkolenia\/medycyna-estetyczna\/koktajl-monako\/#breadcrumb"},"inLanguage":"pl-PL","potentialAction":[{"@type":"ReadAction","target":["https:\/\/akademia-zdrowia.pl\/warszawa\/oferta-szkoleniowa\/kursy-i-szkolenia\/medycyna-estetyczna\/koktajl-monako\/"]}]},{"@type":"ImageObject","inLanguage":"pl-PL","@id":"https:\/\/akademia-zdrowia.pl\/warszawa\/oferta-szkoleniowa\/kursy-i-szkolenia\/medycyna-estetyczna\/koktajl-monako\/#primaryimage","url":"https:\/\/akademia-zdrowia.pl\/warszawa\/wp-content\/uploads\/2024\/06\/monaco.jpg","contentUrl":"https:\/\/akademia-zdrowia.pl\/warszawa\/wp-content\/uploads\/2024\/06\/monaco.jpg","width":812,"height":1030},{"@type":"BreadcrumbList","@id":"https:\/\/akademia-zdrowia.pl\/warszawa\/oferta-szkoleniowa\/kursy-i-szkolenia\/medycyna-estetyczna\/koktajl-monako\/#breadcrumb","itemListElement":[{"@type":"ListItem","position":1,"name":"Strona g\u0142\u00f3wna","item":"https:\/\/akademia-zdrowia.pl\/warszawa\/"},{"@type":"ListItem","position":2,"name":"Oferta szkoleniowa","item":"https:\/\/akademia-zdrowia.pl\/warszawa\/oferta-szkoleniowa\/"},{"@type":"ListItem","position":3,"name":"Kursy i szkolenia","item":"https:\/\/akademia-zdrowia.pl\/warszawa\/oferta-szkoleniowa\/kursy-i-szkolenia\/"},{"@type":"ListItem","position":4,"name":"Medycyna estetyczna","item":"https:\/\/akademia-zdrowia.pl\/warszawa\/oferta-szkoleniowa\/kursy-i-szkolenia\/medycyna-estetyczna\/"},{"@type":"ListItem","position":5,"name":"Koktajl Monako"}]},{"@type":"WebSite","@id":"https:\/\/akademia-zdrowia.pl\/warszawa\/#website","url":"https:\/\/akademia-zdrowia.pl\/warszawa\/","name":"Nowa kategoria kursu","description":"Nowy kurs ","potentialAction":[{"@type":"SearchAction","target":{"@type":"EntryPoint","urlTemplate":"https:\/\/akademia-zdrowia.pl\/warszawa\/?s={search_term_string}"},"query-input":{"@type":"PropertyValueSpecification","valueRequired":true,"valueName":"search_term_string"}}],"inLanguage":"pl-PL"}]}},"_links":{"self":[{"href":"https:\/\/akademia-zdrowia.pl\/warszawa\/wp-json\/wp\/v2\/pages\/4838","targetHints":{"allow":["GET"]}}],"collection":[{"href":"https:\/\/akademia-zdrowia.pl\/warszawa\/wp-json\/wp\/v2\/pages"}],"about":[{"href":"https:\/\/akademia-zdrowia.pl\/warszawa\/wp-json\/wp\/v2\/types\/page"}],"author":[{"embeddable":true,"href":"https:\/\/akademia-zdrowia.pl\/warszawa\/wp-json\/wp\/v2\/users\/3"}],"replies":[{"embeddable":true,"href":"https:\/\/akademia-zdrowia.pl\/warszawa\/wp-json\/wp\/v2\/comments?post=4838"}],"version-history":[{"count":29,"href":"https:\/\/akademia-zdrowia.pl\/warszawa\/wp-json\/wp\/v2\/pages\/4838\/revisions"}],"predecessor-version":[{"id":6190,"href":"https:\/\/akademia-zdrowia.pl\/warszawa\/wp-json\/wp\/v2\/pages\/4838\/revisions\/6190"}],"up":[{"embeddable":true,"href":"https:\/\/akademia-zdrowia.pl\/warszawa\/wp-json\/wp\/v2\/pages\/4655"}],"wp:attachment":[{"href":"https:\/\/akademia-zdrowia.pl\/warszawa\/wp-json\/wp\/v2\/media?parent=4838"}],"curies":[{"name":"wp","href":"https:\/\/api.w.org\/{rel}","templated":true}]}}