{"id":4880,"date":"2024-06-28T23:43:14","date_gmt":"2024-06-28T21:43:14","guid":{"rendered":"https:\/\/akademia-zdrowia.pl\/warszawa\/?page_id=4880"},"modified":"2024-10-09T12:51:32","modified_gmt":"2024-10-09T10:51:32","slug":"usta-na-plasko","status":"publish","type":"page","link":"https:\/\/akademia-zdrowia.pl\/warszawa\/oferta-szkoleniowa\/kursy-i-szkolenia\/medycyna-estetyczna\/usta-na-plasko\/","title":{"rendered":"Usta na p\u0142asko"},"content":{"rendered":"\t\t<div data-elementor-type=\"wp-page\" data-elementor-id=\"4880\" class=\"elementor elementor-4880\" data-elementor-post-type=\"page\">\n\t\t\t\t\t\t<section class=\"elementor-section elementor-top-section elementor-element elementor-element-590eb5f elementor-section-boxed elementor-section-height-default elementor-section-height-default\" data-id=\"590eb5f\" data-element_type=\"section\">\n\t\t\t\t\t\t<div class=\"elementor-container elementor-column-gap-default\">\n\t\t\t\t\t<div class=\"elementor-column elementor-col-100 elementor-top-column elementor-element elementor-element-c1abaa2\" data-id=\"c1abaa2\" data-element_type=\"column\">\n\t\t\t<div class=\"elementor-widget-wrap elementor-element-populated\">\n\t\t\t\t\t\t<div class=\"elementor-element elementor-element-fbfa983 elementor-widget elementor-widget-rs-heading\" data-id=\"fbfa983\" data-element_type=\"widget\" data-widget_type=\"rs-heading.default\">\n\t\t\t\t<div class=\"elementor-widget-container\">\n\t\t\t\t\t        <div class=\"rs-heading default \">\r\n        \t<div class=\"title-inner\">\r\n        \t\t      \t\t\r\n\t            <span class=\"sub-text \">AKADEMIA ZDROWIA DLA BRAN\u017bY BEAUTY<\/span><h1 class=\"title\"><span class=\"watermark\"><\/span>Usta na p\u0142asko<\/h1>\t        <\/div>\r\n\t                <\/div>\r\n        \t\t\t\t<\/div>\n\t\t\t\t<\/div>\n\t\t\t\t\t<\/div>\n\t\t<\/div>\n\t\t\t\t\t<\/div>\n\t\t<\/section>\n\t\t\t\t<section class=\"elementor-section elementor-top-section elementor-element elementor-element-5b41b28 elementor-section-stretched elementor-section-boxed elementor-section-height-default elementor-section-height-default\" data-id=\"5b41b28\" data-element_type=\"section\" data-settings=\"{&quot;background_background&quot;:&quot;classic&quot;,&quot;stretch_section&quot;:&quot;section-stretched&quot;}\">\n\t\t\t\t\t\t<div class=\"elementor-container elementor-column-gap-default\">\n\t\t\t\t\t<div class=\"elementor-column elementor-col-50 elementor-top-column elementor-element elementor-element-d47024a\" data-id=\"d47024a\" data-element_type=\"column\">\n\t\t\t<div class=\"elementor-widget-wrap elementor-element-populated\">\n\t\t\t\t\t\t<div class=\"elementor-element elementor-element-e52c8cd elementor-widget elementor-widget-rs-heading\" data-id=\"e52c8cd\" data-element_type=\"widget\" data-widget_type=\"rs-heading.default\">\n\t\t\t\t<div class=\"elementor-widget-container\">\n\t\t\t\t\t        <div class=\"rs-heading default \">\r\n        \t<div class=\"title-inner\">\r\n        \t\t      \t\t\r\n\t            <span class=\"sub-text \">JAK WYGL\u0104DA SZKOLENIE<\/span><h2 class=\"title\"><span class=\"watermark\"><\/span>Program szkolenia<\/h2>\t        <\/div>\r\n\t                    \t<div class=\"description\">\r\n            \t\t<p style=\"font-weight: 400\">Kurs przeznaczony jest dla os\u00f3b, kt\u00f3re chc\u0105 pozna\u0107 techniki i metody powi\u0119kszania ust. Podczas szkolenia om\u00f3wimy nast\u0119puj\u0105ce techniki:<\/p><ul><li style=\"font-weight: 400\">zatrzaskowa,<\/li><li style=\"font-weight: 400\">\u00a0liniowa ,<\/li><li style=\"font-weight: 400\">wachlarzowa<\/li><\/ul><p style=\"font-weight: 400\"><strong>Cz\u0119\u015b\u0107 teoretyczna<\/strong><\/p><ul><li style=\"font-weight: 400\">Podstawy anatomii niezb\u0119dne do przeprowadzania zabieg\u00f3w<\/li><li style=\"font-weight: 400\">Przedstawienie preparat\u00f3w i akcesori\u00f3w u\u017cywanych do zabieg\u00f3w<\/li><li style=\"font-weight: 400\">Kwalifikacja do zabieg\u00f3w<\/li><li style=\"font-weight: 400\">Sposoby znieczulenia<\/li><li style=\"font-weight: 400\">Zabieg wykonywany na modelce przez szkoleniowca z om\u00f3wieniem etap\u00f3w zabiegu.<\/li><li>Przygotowanie stanowisk pracy do zabiegu przez uczestnik\u00f3w szkolenia.<\/li><li>Przygotowanie modelek do zabiegu.<\/li><li>Wykonywanie zabieg\u00f3w na modelkach pod okiem osoby szkol\u0105cej .<\/li><li>Metod\u0119 dobiera szkoleniowiec do potrzeb modelki<\/li><\/ul><p style=\"font-weight: 400\"><strong>Cz\u0119\u015b\u0107 praktyczna<\/strong><\/p><p>Samodzielne wykonanie zabieg\u00f3w na modelach pod okiem trenera.<\/p><p><strong>Czas trwania szkolenia 8h. Certyfikat po zako\u0144czeniu szkolenia.<\/strong><\/p>            \t\t\r\n            \t<\/div>\r\n        \t        <\/div>\r\n        \t\t\t\t<\/div>\n\t\t\t\t<\/div>\n\t\t\t\t<section class=\"elementor-section elementor-inner-section elementor-element elementor-element-2a74207 elementor-section-boxed elementor-section-height-default elementor-section-height-default\" data-id=\"2a74207\" data-element_type=\"section\">\n\t\t\t\t\t\t<div class=\"elementor-container elementor-column-gap-default\">\n\t\t\t\t\t<div class=\"elementor-column elementor-col-100 elementor-inner-column elementor-element elementor-element-227216e\" data-id=\"227216e\" data-element_type=\"column\">\n\t\t\t<div class=\"elementor-widget-wrap elementor-element-populated\">\n\t\t\t\t\t\t<div class=\"elementor-element elementor-element-a0dd9b5 elementor-widget elementor-widget-rs-button\" data-id=\"a0dd9b5\" data-element_type=\"widget\" data-widget_type=\"rs-button.default\">\n\t\t\t\t<div class=\"elementor-widget-container\">\n\t\t\t\t\t\t\r\n\t\t\r\n\t\t<div class=\"rs-view-btn\">\r\n\t\t\t\t\t\t<a class=\"rs-btn rs-btnblack rs-btn-style1\" href=\"tel:+48698592960\" >\t\t\t\t\r\n\t\t\t\t<span class=\"rs_btn__text\"><span class=\"btn_text\">ZADZWO\u0143 - Monika 698 592 960<\/span><\/span>\r\n\t\t\t<\/a>\r\n\t\t<\/div>    \r\n\t\t\t\t\t<\/div>\n\t\t\t\t<\/div>\n\t\t\t\t<div class=\"elementor-element elementor-element-5d2b4db elementor-widget elementor-widget-rs-button\" data-id=\"5d2b4db\" data-element_type=\"widget\" data-widget_type=\"rs-button.default\">\n\t\t\t\t<div class=\"elementor-widget-container\">\n\t\t\t\t\t\t\r\n\t\t\r\n\t\t<div class=\"rs-view-btn\">\r\n\t\t\t\t\t\t<a class=\"rs-btn rs-btnblack rs-btn-style1\" href=\"tel:+48662486675\" >\t\t\t\t\r\n\t\t\t\t<span class=\"rs_btn__text\"><span class=\"btn_text\">ZADZWO\u0143 Ma\u0142gorzata 662 486 675<\/span><\/span>\r\n\t\t\t<\/a>\r\n\t\t<\/div>    \r\n\t\t\t\t\t<\/div>\n\t\t\t\t<\/div>\n\t\t\t\t\t<\/div>\n\t\t<\/div>\n\t\t\t\t\t<\/div>\n\t\t<\/section>\n\t\t\t\t\t<\/div>\n\t\t<\/div>\n\t\t\t\t<div class=\"elementor-column elementor-col-50 elementor-top-column elementor-element elementor-element-b076650\" data-id=\"b076650\" data-element_type=\"column\">\n\t\t\t<div class=\"elementor-widget-wrap elementor-element-populated\">\n\t\t\t\t\t\t<div class=\"elementor-element elementor-element-17c8528 elementor-widget elementor-widget-image\" data-id=\"17c8528\" data-element_type=\"widget\" data-widget_type=\"image.default\">\n\t\t\t\t<div class=\"elementor-widget-container\">\n\t\t\t\t\t\t\t\t\t\t\t\t\t\t\t<img fetchpriority=\"high\" decoding=\"async\" width=\"640\" height=\"928\" src=\"https:\/\/akademia-zdrowia.pl\/warszawa\/wp-content\/uploads\/2024\/06\/usta-na-plasko-706x1024.jpg\" class=\"attachment-large size-large wp-image-4894\" alt=\"\" srcset=\"https:\/\/akademia-zdrowia.pl\/warszawa\/wp-content\/uploads\/2024\/06\/usta-na-plasko-706x1024.jpg 706w, https:\/\/akademia-zdrowia.pl\/warszawa\/wp-content\/uploads\/2024\/06\/usta-na-plasko-207x300.jpg 207w, https:\/\/akademia-zdrowia.pl\/warszawa\/wp-content\/uploads\/2024\/06\/usta-na-plasko-768x1114.jpg 768w, https:\/\/akademia-zdrowia.pl\/warszawa\/wp-content\/uploads\/2024\/06\/usta-na-plasko-500x725.jpg 500w, https:\/\/akademia-zdrowia.pl\/warszawa\/wp-content\/uploads\/2024\/06\/usta-na-plasko.jpg 812w\" sizes=\"(max-width: 640px) 100vw, 640px\" \/>\t\t\t\t\t\t\t\t\t\t\t\t\t\t\t<\/div>\n\t\t\t\t<\/div>\n\t\t\t\t\t<\/div>\n\t\t<\/div>\n\t\t\t\t\t<\/div>\n\t\t<\/section>\n\t\t\t\t<section class=\"elementor-section elementor-top-section elementor-element elementor-element-cf8ea78 elementor-section-boxed elementor-section-height-default elementor-section-height-default\" data-id=\"cf8ea78\" data-element_type=\"section\" data-settings=\"{&quot;background_background&quot;:&quot;classic&quot;}\">\n\t\t\t\t\t\t<div class=\"elementor-container elementor-column-gap-default\">\n\t\t\t\t\t<div class=\"elementor-column elementor-col-50 elementor-top-column elementor-element elementor-element-e3df09a\" data-id=\"e3df09a\" data-element_type=\"column\" data-settings=\"{&quot;background_background&quot;:&quot;classic&quot;}\">\n\t\t\t<div class=\"elementor-widget-wrap elementor-element-populated\">\n\t\t\t\t\t\t<div class=\"elementor-element elementor-element-a1383f1 elementor-widget-mobile__width-initial elementor-widget elementor-widget-rs-heading\" data-id=\"a1383f1\" data-element_type=\"widget\" data-widget_type=\"rs-heading.default\">\n\t\t\t\t<div class=\"elementor-widget-container\">\n\t\t\t\t\t        <div class=\"rs-heading default \">\r\n        \t<div class=\"title-inner\">\r\n        \t\t      \t\t\r\n\t            <span class=\"sub-text \">NIE MASZ POMYS\u0141U NA PREZENT?<\/span><h2 class=\"title\"><span class=\"watermark\"><\/span>Kup voucher!<\/h2>\t        <\/div>\r\n\t                    \t<div class=\"description\">\r\n            \t\t<div class=\"flex-shrink-0 flex flex-col relative items-end\"><div><div class=\"pt-0\"><div class=\"gizmo-bot-avatar flex h-8 w-8 items-center justify-center overflow-hidden rounded-full\"><div class=\"relative p-1 rounded-sm flex items-center justify-center bg-token-main-surface-primary text-token-text-primary h-8 w-8\">Podaruj bliskim wyj\u0105tkowy prezent! Kup voucher na nasze szkolenia i kursy \u2014 to doskona\u0142y spos\u00f3b na rozw\u00f3j i nowe umiej\u0119tno\u015bci. Idealny prezent na ka\u017cd\u0105 okazj\u0119!<\/div><\/div><\/div><\/div><\/div>            \t\t\r\n            \t<\/div>\r\n        \t        <\/div>\r\n        \t\t\t\t<\/div>\n\t\t\t\t<\/div>\n\t\t\t\t<div class=\"elementor-element elementor-element-00425a8 elementor-widget elementor-widget-rs-button\" data-id=\"00425a8\" data-element_type=\"widget\" data-widget_type=\"rs-button.default\">\n\t\t\t\t<div class=\"elementor-widget-container\">\n\t\t\t\t\t\t\r\n\t\t\r\n\t\t<div class=\"rs-view-btn\">\r\n\t\t\t\t\t\t<a class=\"rs-btn rs-btnblack rs-btn-style1\" href=\"tel:+48698592960\" >\t\t\t\t\r\n\t\t\t\t<span class=\"rs_btn__text\"><span class=\"btn_text\">ZADZWO\u0143 - ZAM\u00d3W VOUCHER<\/span><\/span>\r\n\t\t\t<\/a>\r\n\t\t<\/div>    \r\n\t\t\t\t\t<\/div>\n\t\t\t\t<\/div>\n\t\t\t\t\t<\/div>\n\t\t<\/div>\n\t\t\t\t<div class=\"elementor-column elementor-col-50 elementor-top-column elementor-element elementor-element-ee423c9\" data-id=\"ee423c9\" data-element_type=\"column\">\n\t\t\t<div class=\"elementor-widget-wrap elementor-element-populated\">\n\t\t\t\t\t\t<div class=\"elementor-element elementor-element-c82dda4 elementor-widget elementor-widget-rs-heading\" data-id=\"c82dda4\" data-element_type=\"widget\" data-widget_type=\"rs-heading.default\">\n\t\t\t\t<div class=\"elementor-widget-container\">\n\t\t\t\t\t        <div class=\"rs-heading default \">\r\n        \t<div class=\"title-inner\">\r\n        \t\t      \t\t\r\n\t            <span class=\"sub-text \">ZAUFANY PARTNER<\/span><h2 class=\"title\"><span class=\"watermark\"><\/span>Dlaczego warto wybra\u0107 nas<\/h2>\t        <\/div>\r\n\t                    \t<div class=\"description\">\r\n            \t\t<p>Zaufaj naszemu wieloletniemu do\u015bwiadczeniu i zespo\u0142owi specjalist\u00f3w. Oferujemy profesjonalne szkolenia, kt\u00f3re pomog\u0105 rozwija\u0107 Tw\u00f3j biznes. Wybieraj\u0105c nas, inwestujesz w sprawdzonego partnera, kt\u00f3ry wspiera sukces Twojej firmy. Skontaktuj si\u0119 z nami i zacznij rozwija\u0107 si\u0119 razem z nami!<\/p>            \t\t\r\n            \t<\/div>\r\n        \t        <\/div>\r\n        \t\t\t\t<\/div>\n\t\t\t\t<\/div>\n\t\t\t\t\t<\/div>\n\t\t<\/div>\n\t\t\t\t\t<\/div>\n\t\t<\/section>\n\t\t\t\t<\/div>\n\t\t","protected":false},"excerpt":{"rendered":"<p>AKADEMIA ZDROWIA DLA BRAN\u017bY BEAUTY Usta na p\u0142asko JAK WYGL\u0104DA SZKOLENIE Program szkolenia Kurs przeznaczony jest dla os\u00f3b, kt\u00f3re chc\u0105 pozna\u0107 techniki i metody powi\u0119kszania ust. Podczas szkolenia om\u00f3wimy nast\u0119puj\u0105ce techniki: zatrzaskowa, \u00a0liniowa , wachlarzowa Cz\u0119\u015b\u0107 teoretyczna Podstawy anatomii niezb\u0119dne do przeprowadzania zabieg\u00f3w Przedstawienie preparat\u00f3w i akcesori\u00f3w u\u017cywanych do zabieg\u00f3w Kwalifikacja do zabieg\u00f3w Sposoby znieczulenia&#8230;<\/p>\n","protected":false},"author":3,"featured_media":0,"parent":4655,"menu_order":0,"comment_status":"closed","ping_status":"closed","template":"","meta":{"footnotes":""},"class_list":["post-4880","page","type-page","status-publish","hentry"],"yoast_head":"<!-- This site is optimized with the Yoast SEO plugin v26.8 - https:\/\/yoast.com\/product\/yoast-seo-wordpress\/ -->\n<title>Usta na p\u0142asko - Akademia zdrowia \u2013 Warszawa \u2013 Kursy zawodowe, szko\u0142y policealne<\/title>\n<meta name=\"description\" content=\"AKADEMIA ZDROWIA DLA BRAN\u017bY BEAUTYUsta na p\u0142asko JAK WYGL\u0104DA SZKOLENIEProgram szkolenia Kurs przeznaczony jest dla os\u00f3b, kt\u00f3re chc\u0105 pozna\u0107 techniki i\" \/>\n<meta name=\"robots\" content=\"index, follow, max-snippet:-1, max-image-preview:large, max-video-preview:-1\" \/>\n<link rel=\"canonical\" href=\"https:\/\/akademia-zdrowia.pl\/warszawa\/oferta-szkoleniowa\/kursy-i-szkolenia\/medycyna-estetyczna\/usta-na-plasko\/\" \/>\n<meta property=\"og:locale\" content=\"pl_PL\" \/>\n<meta property=\"og:type\" content=\"article\" \/>\n<meta property=\"og:title\" content=\"Usta na p\u0142asko - Akademia zdrowia \u2013 Warszawa \u2013 Kursy zawodowe, szko\u0142y policealne\" \/>\n<meta property=\"og:description\" content=\"AKADEMIA ZDROWIA DLA BRAN\u017bY BEAUTYUsta na p\u0142asko JAK WYGL\u0104DA SZKOLENIEProgram szkolenia Kurs przeznaczony jest dla os\u00f3b, kt\u00f3re chc\u0105 pozna\u0107 techniki i\" \/>\n<meta property=\"og:url\" content=\"https:\/\/akademia-zdrowia.pl\/warszawa\/oferta-szkoleniowa\/kursy-i-szkolenia\/medycyna-estetyczna\/usta-na-plasko\/\" \/>\n<meta property=\"og:site_name\" content=\"Nowa kategoria kursu\" \/>\n<meta property=\"article:modified_time\" content=\"2024-10-09T10:51:32+00:00\" \/>\n<meta property=\"og:image\" content=\"https:\/\/akademia-zdrowia.pl\/warszawa\/wp-content\/uploads\/2024\/06\/usta-na-plasko-706x1024.jpg\" \/>\n<meta name=\"twitter:card\" content=\"summary_large_image\" \/>\n<meta name=\"twitter:label1\" content=\"Szacowany czas czytania\" \/>\n\t<meta name=\"twitter:data1\" content=\"2 minuty\" \/>\n<script type=\"application\/ld+json\" class=\"yoast-schema-graph\">{\"@context\":\"https:\/\/schema.org\",\"@graph\":[{\"@type\":\"WebPage\",\"@id\":\"https:\/\/akademia-zdrowia.pl\/warszawa\/oferta-szkoleniowa\/kursy-i-szkolenia\/medycyna-estetyczna\/usta-na-plasko\/\",\"url\":\"https:\/\/akademia-zdrowia.pl\/warszawa\/oferta-szkoleniowa\/kursy-i-szkolenia\/medycyna-estetyczna\/usta-na-plasko\/\",\"name\":\"Usta na p\u0142asko - Akademia zdrowia \u2013 Warszawa \u2013 Kursy zawodowe, szko\u0142y policealne\",\"isPartOf\":{\"@id\":\"https:\/\/akademia-zdrowia.pl\/warszawa\/#website\"},\"primaryImageOfPage\":{\"@id\":\"https:\/\/akademia-zdrowia.pl\/warszawa\/oferta-szkoleniowa\/kursy-i-szkolenia\/medycyna-estetyczna\/usta-na-plasko\/#primaryimage\"},\"image\":{\"@id\":\"https:\/\/akademia-zdrowia.pl\/warszawa\/oferta-szkoleniowa\/kursy-i-szkolenia\/medycyna-estetyczna\/usta-na-plasko\/#primaryimage\"},\"thumbnailUrl\":\"https:\/\/akademia-zdrowia.pl\/warszawa\/wp-content\/uploads\/2024\/06\/usta-na-plasko-706x1024.jpg\",\"datePublished\":\"2024-06-28T21:43:14+00:00\",\"dateModified\":\"2024-10-09T10:51:32+00:00\",\"description\":\"AKADEMIA ZDROWIA DLA BRAN\u017bY BEAUTYUsta na p\u0142asko JAK WYGL\u0104DA SZKOLENIEProgram szkolenia Kurs przeznaczony jest dla os\u00f3b, kt\u00f3re chc\u0105 pozna\u0107 techniki i\",\"breadcrumb\":{\"@id\":\"https:\/\/akademia-zdrowia.pl\/warszawa\/oferta-szkoleniowa\/kursy-i-szkolenia\/medycyna-estetyczna\/usta-na-plasko\/#breadcrumb\"},\"inLanguage\":\"pl-PL\",\"potentialAction\":[{\"@type\":\"ReadAction\",\"target\":[\"https:\/\/akademia-zdrowia.pl\/warszawa\/oferta-szkoleniowa\/kursy-i-szkolenia\/medycyna-estetyczna\/usta-na-plasko\/\"]}]},{\"@type\":\"ImageObject\",\"inLanguage\":\"pl-PL\",\"@id\":\"https:\/\/akademia-zdrowia.pl\/warszawa\/oferta-szkoleniowa\/kursy-i-szkolenia\/medycyna-estetyczna\/usta-na-plasko\/#primaryimage\",\"url\":\"https:\/\/akademia-zdrowia.pl\/warszawa\/wp-content\/uploads\/2024\/06\/usta-na-plasko.jpg\",\"contentUrl\":\"https:\/\/akademia-zdrowia.pl\/warszawa\/wp-content\/uploads\/2024\/06\/usta-na-plasko.jpg\",\"width\":812,\"height\":1178},{\"@type\":\"BreadcrumbList\",\"@id\":\"https:\/\/akademia-zdrowia.pl\/warszawa\/oferta-szkoleniowa\/kursy-i-szkolenia\/medycyna-estetyczna\/usta-na-plasko\/#breadcrumb\",\"itemListElement\":[{\"@type\":\"ListItem\",\"position\":1,\"name\":\"Strona g\u0142\u00f3wna\",\"item\":\"https:\/\/akademia-zdrowia.pl\/warszawa\/\"},{\"@type\":\"ListItem\",\"position\":2,\"name\":\"Oferta szkoleniowa\",\"item\":\"https:\/\/akademia-zdrowia.pl\/warszawa\/oferta-szkoleniowa\/\"},{\"@type\":\"ListItem\",\"position\":3,\"name\":\"Kursy i szkolenia\",\"item\":\"https:\/\/akademia-zdrowia.pl\/warszawa\/oferta-szkoleniowa\/kursy-i-szkolenia\/\"},{\"@type\":\"ListItem\",\"position\":4,\"name\":\"Medycyna estetyczna\",\"item\":\"https:\/\/akademia-zdrowia.pl\/warszawa\/oferta-szkoleniowa\/kursy-i-szkolenia\/medycyna-estetyczna\/\"},{\"@type\":\"ListItem\",\"position\":5,\"name\":\"Usta na p\u0142asko\"}]},{\"@type\":\"WebSite\",\"@id\":\"https:\/\/akademia-zdrowia.pl\/warszawa\/#website\",\"url\":\"https:\/\/akademia-zdrowia.pl\/warszawa\/\",\"name\":\"Nowa kategoria kursu\",\"description\":\"Nowy kurs \",\"potentialAction\":[{\"@type\":\"SearchAction\",\"target\":{\"@type\":\"EntryPoint\",\"urlTemplate\":\"https:\/\/akademia-zdrowia.pl\/warszawa\/?s={search_term_string}\"},\"query-input\":{\"@type\":\"PropertyValueSpecification\",\"valueRequired\":true,\"valueName\":\"search_term_string\"}}],\"inLanguage\":\"pl-PL\"}]}<\/script>\n<!-- \/ Yoast SEO plugin. -->","yoast_head_json":{"title":"Usta na p\u0142asko - Akademia zdrowia \u2013 Warszawa \u2013 Kursy zawodowe, szko\u0142y policealne","description":"AKADEMIA ZDROWIA DLA BRAN\u017bY BEAUTYUsta na p\u0142asko JAK WYGL\u0104DA SZKOLENIEProgram szkolenia Kurs przeznaczony jest dla os\u00f3b, kt\u00f3re chc\u0105 pozna\u0107 techniki i","robots":{"index":"index","follow":"follow","max-snippet":"max-snippet:-1","max-image-preview":"max-image-preview:large","max-video-preview":"max-video-preview:-1"},"canonical":"https:\/\/akademia-zdrowia.pl\/warszawa\/oferta-szkoleniowa\/kursy-i-szkolenia\/medycyna-estetyczna\/usta-na-plasko\/","og_locale":"pl_PL","og_type":"article","og_title":"Usta na p\u0142asko - Akademia zdrowia \u2013 Warszawa \u2013 Kursy zawodowe, szko\u0142y policealne","og_description":"AKADEMIA ZDROWIA DLA BRAN\u017bY BEAUTYUsta na p\u0142asko JAK WYGL\u0104DA SZKOLENIEProgram szkolenia Kurs przeznaczony jest dla os\u00f3b, kt\u00f3re chc\u0105 pozna\u0107 techniki i","og_url":"https:\/\/akademia-zdrowia.pl\/warszawa\/oferta-szkoleniowa\/kursy-i-szkolenia\/medycyna-estetyczna\/usta-na-plasko\/","og_site_name":"Nowa kategoria kursu","article_modified_time":"2024-10-09T10:51:32+00:00","og_image":[{"url":"https:\/\/akademia-zdrowia.pl\/warszawa\/wp-content\/uploads\/2024\/06\/usta-na-plasko-706x1024.jpg","type":"","width":"","height":""}],"twitter_card":"summary_large_image","twitter_misc":{"Szacowany czas czytania":"2 minuty"},"schema":{"@context":"https:\/\/schema.org","@graph":[{"@type":"WebPage","@id":"https:\/\/akademia-zdrowia.pl\/warszawa\/oferta-szkoleniowa\/kursy-i-szkolenia\/medycyna-estetyczna\/usta-na-plasko\/","url":"https:\/\/akademia-zdrowia.pl\/warszawa\/oferta-szkoleniowa\/kursy-i-szkolenia\/medycyna-estetyczna\/usta-na-plasko\/","name":"Usta na p\u0142asko - Akademia zdrowia \u2013 Warszawa \u2013 Kursy zawodowe, szko\u0142y policealne","isPartOf":{"@id":"https:\/\/akademia-zdrowia.pl\/warszawa\/#website"},"primaryImageOfPage":{"@id":"https:\/\/akademia-zdrowia.pl\/warszawa\/oferta-szkoleniowa\/kursy-i-szkolenia\/medycyna-estetyczna\/usta-na-plasko\/#primaryimage"},"image":{"@id":"https:\/\/akademia-zdrowia.pl\/warszawa\/oferta-szkoleniowa\/kursy-i-szkolenia\/medycyna-estetyczna\/usta-na-plasko\/#primaryimage"},"thumbnailUrl":"https:\/\/akademia-zdrowia.pl\/warszawa\/wp-content\/uploads\/2024\/06\/usta-na-plasko-706x1024.jpg","datePublished":"2024-06-28T21:43:14+00:00","dateModified":"2024-10-09T10:51:32+00:00","description":"AKADEMIA ZDROWIA DLA BRAN\u017bY BEAUTYUsta na p\u0142asko JAK WYGL\u0104DA SZKOLENIEProgram szkolenia Kurs przeznaczony jest dla os\u00f3b, kt\u00f3re chc\u0105 pozna\u0107 techniki i","breadcrumb":{"@id":"https:\/\/akademia-zdrowia.pl\/warszawa\/oferta-szkoleniowa\/kursy-i-szkolenia\/medycyna-estetyczna\/usta-na-plasko\/#breadcrumb"},"inLanguage":"pl-PL","potentialAction":[{"@type":"ReadAction","target":["https:\/\/akademia-zdrowia.pl\/warszawa\/oferta-szkoleniowa\/kursy-i-szkolenia\/medycyna-estetyczna\/usta-na-plasko\/"]}]},{"@type":"ImageObject","inLanguage":"pl-PL","@id":"https:\/\/akademia-zdrowia.pl\/warszawa\/oferta-szkoleniowa\/kursy-i-szkolenia\/medycyna-estetyczna\/usta-na-plasko\/#primaryimage","url":"https:\/\/akademia-zdrowia.pl\/warszawa\/wp-content\/uploads\/2024\/06\/usta-na-plasko.jpg","contentUrl":"https:\/\/akademia-zdrowia.pl\/warszawa\/wp-content\/uploads\/2024\/06\/usta-na-plasko.jpg","width":812,"height":1178},{"@type":"BreadcrumbList","@id":"https:\/\/akademia-zdrowia.pl\/warszawa\/oferta-szkoleniowa\/kursy-i-szkolenia\/medycyna-estetyczna\/usta-na-plasko\/#breadcrumb","itemListElement":[{"@type":"ListItem","position":1,"name":"Strona g\u0142\u00f3wna","item":"https:\/\/akademia-zdrowia.pl\/warszawa\/"},{"@type":"ListItem","position":2,"name":"Oferta szkoleniowa","item":"https:\/\/akademia-zdrowia.pl\/warszawa\/oferta-szkoleniowa\/"},{"@type":"ListItem","position":3,"name":"Kursy i szkolenia","item":"https:\/\/akademia-zdrowia.pl\/warszawa\/oferta-szkoleniowa\/kursy-i-szkolenia\/"},{"@type":"ListItem","position":4,"name":"Medycyna estetyczna","item":"https:\/\/akademia-zdrowia.pl\/warszawa\/oferta-szkoleniowa\/kursy-i-szkolenia\/medycyna-estetyczna\/"},{"@type":"ListItem","position":5,"name":"Usta na p\u0142asko"}]},{"@type":"WebSite","@id":"https:\/\/akademia-zdrowia.pl\/warszawa\/#website","url":"https:\/\/akademia-zdrowia.pl\/warszawa\/","name":"Nowa kategoria kursu","description":"Nowy kurs ","potentialAction":[{"@type":"SearchAction","target":{"@type":"EntryPoint","urlTemplate":"https:\/\/akademia-zdrowia.pl\/warszawa\/?s={search_term_string}"},"query-input":{"@type":"PropertyValueSpecification","valueRequired":true,"valueName":"search_term_string"}}],"inLanguage":"pl-PL"}]}},"_links":{"self":[{"href":"https:\/\/akademia-zdrowia.pl\/warszawa\/wp-json\/wp\/v2\/pages\/4880","targetHints":{"allow":["GET"]}}],"collection":[{"href":"https:\/\/akademia-zdrowia.pl\/warszawa\/wp-json\/wp\/v2\/pages"}],"about":[{"href":"https:\/\/akademia-zdrowia.pl\/warszawa\/wp-json\/wp\/v2\/types\/page"}],"author":[{"embeddable":true,"href":"https:\/\/akademia-zdrowia.pl\/warszawa\/wp-json\/wp\/v2\/users\/3"}],"replies":[{"embeddable":true,"href":"https:\/\/akademia-zdrowia.pl\/warszawa\/wp-json\/wp\/v2\/comments?post=4880"}],"version-history":[{"count":35,"href":"https:\/\/akademia-zdrowia.pl\/warszawa\/wp-json\/wp\/v2\/pages\/4880\/revisions"}],"predecessor-version":[{"id":6323,"href":"https:\/\/akademia-zdrowia.pl\/warszawa\/wp-json\/wp\/v2\/pages\/4880\/revisions\/6323"}],"up":[{"embeddable":true,"href":"https:\/\/akademia-zdrowia.pl\/warszawa\/wp-json\/wp\/v2\/pages\/4655"}],"wp:attachment":[{"href":"https:\/\/akademia-zdrowia.pl\/warszawa\/wp-json\/wp\/v2\/media?parent=4880"}],"curies":[{"name":"wp","href":"https:\/\/api.w.org\/{rel}","templated":true}]}}