{"id":49,"date":"2018-01-02T13:11:01","date_gmt":"2018-01-02T12:11:01","guid":{"rendered":"http:\/\/www.akademia-zdrowia.pl\/lodz\/?page_id=49"},"modified":"2018-01-02T13:11:01","modified_gmt":"2018-01-02T12:11:01","slug":"kwalifikacyjne-kursy-zawodowe","status":"publish","type":"page","link":"https:\/\/akademia-zdrowia.pl\/warszawa\/oferta-szkoleniowa\/kwalifikacyjne-kursy-zawodowe\/","title":{"rendered":"Kwalifikacyjne Kursy zawodowe"},"content":{"rendered":"<p>&nbsp;<\/p>\n<table style=\"height: 5px; width: 1343px;\">\n<tbody>\n<tr>\n<td style=\"width: 609px;\">\n<p align=\"left\">Kwalifikacyjne kursy zawodowe realizuje si\u0119 w celu uzyskania nowych kwalifikacji zawodowych, zdobycia nowego zawodu, zwi\u0119kszenia szans przy poszukiwaniu zatrudnienia lub rozpocz\u0119cia w\u0142asnej dzia\u0142alno\u015bci gospodarczej.<\/p>\n<p style=\"text-align: left;\" align=\"left\"><strong>NA KWALIFIKACYJNY KURS ZAWODOWY MO\u017bE ZAPISA\u0106 SI\u0118 KA\u017bDA PE\u0141NOLETNIA OSOBA<\/strong> <strong>bez wzgl\u0119du na wykszta\u0142cenie<\/strong><\/p>\n<p align=\"left\">System nauki na kwalifikacyjnych kursach : wieczorowy lub weekendowy<\/p>\n<\/td>\n<td style=\"width: 724px;\">\n<p align=\"left\"><span style=\"font-size: 20px;\">Wymagane dokumenty:<\/span><\/p>\n<ul>\n<li style=\"margin-bottom: 5px;\"><span style=\"font-size: 14px;\">&#8211;\u00a0\u015bwiadectwo uko\u0144czenia wcze\u015bniejszej szko\u0142y (szko\u0142y \u015bredniej, zasadniczej szko\u0142y zawodowej, gimnazjum, dawnej 8-letniej szko\u0142y podstawowej itp.),<\/span><\/li>\n<li style=\"margin-bottom: 5px;\"><span style=\"font-size: 14px;\">&#8211; kserokopia dowodu osobistego,<\/span><\/li>\n<li style=\"margin-bottom: 5px;\"><span style=\"font-size: 14px;\">&#8211; podanie o przyj\u0119cie na kurs,<\/span><\/li>\n<li style=\"margin-bottom: 5px;\"><span style=\"font-size: 14px;\">&#8211; za\u015bwiadczenie od lekarza medycyny pracy o braku przeciwwskaza\u0144 zdrowotnych do podj\u0119cia nauki na wybranym kursie\u00a0(skierowanie do lekarza wystawiane jest w sekretariacie szko\u0142y).<\/span><\/li>\n<\/ul>\n<\/td>\n<\/tr>\n<\/tbody>\n<\/table>\n<p align=\"left\"><span style=\"font-size: 20px;\">Absolwenci KKZ uzyskuj\u0105:<\/span><\/p>\n<ul>\n<li>&#8211; za\u015bwiadczenie o uko\u0144czeniu kwalifikacyjnego kursu zawodowego na drukach MEN (Ministerstwa Edukacji Narodowej),<\/li>\n<li>&#8211; \u015bwiadectwo potwierdzaj\u0105cego kwalifikacje w zawodzie po pozytywnie zdanym egzaminie pa\u0144stwowym- uprawnienia do wykonywania zawodu w zakresie danej kwalifikacji zawodowej,<\/li>\n<li>&#8211; dyplom pa\u0144stwowy wraz z suplementami po zdobyciu wszystkich kwalifikacji sk\u0142adaj\u0105cych si\u0119 na dany zaw\u00f3d.<\/li>\n<li><\/li>\n<\/ul>\n<table style=\"border: 1px solid #ff0000; border-color: #ff0000;\" cellspacing=\"5px\">\n<tbody>\n<tr>\n<td style=\"text-align: center;\"><strong><span style=\"color: #ff0000;\"><span style=\"font-size: 20px;\">Warunek!<\/span><br \/>\n<\/span><\/strong>Posiadanie wykszta\u0142cenia uprawniaj\u0105cego do uzyskania dyplomu zgodnie z rozporz\u0105dzeniem MEN w sprawie klasyfikacji zawod\u00f3w szkolnictwa<br \/>\nzawodowego.<\/td>\n<\/tr>\n<\/tbody>\n<\/table>\n<p>&nbsp;<\/p>\n","protected":false},"excerpt":{"rendered":"<p>&nbsp; Kwalifikacyjne kursy zawodowe realizuje si\u0119 w celu uzyskania nowych kwalifikacji zawodowych, zdobycia nowego zawodu, zwi\u0119kszenia szans przy poszukiwaniu zatrudnienia lub rozpocz\u0119cia w\u0142asnej dzia\u0142alno\u015bci gospodarczej. NA KWALIFIKACYJNY KURS ZAWODOWY MO\u017bE ZAPISA\u0106 SI\u0118 KA\u017bDA PE\u0141NOLETNIA OSOBA bez wzgl\u0119du na wykszta\u0142cenie System nauki na kwalifikacyjnych kursach : wieczorowy lub weekendowy Wymagane dokumenty: &#8211;\u00a0\u015bwiadectwo uko\u0144czenia wcze\u015bniejszej szko\u0142y (szko\u0142y&#8230;<\/p>\n","protected":false},"author":1,"featured_media":0,"parent":29,"menu_order":0,"comment_status":"closed","ping_status":"closed","template":"oferta.php","meta":{"footnotes":""},"class_list":["post-49","page","type-page","status-publish","hentry"],"yoast_head":"<!-- This site is optimized with the Yoast SEO plugin v26.8 - https:\/\/yoast.com\/product\/yoast-seo-wordpress\/ -->\n<title>Kwalifikacyjne Kursy zawodowe - Akademia zdrowia \u2013 Warszawa \u2013 Kursy zawodowe, szko\u0142y policealne<\/title>\n<meta name=\"description\" content=\"&nbsp; Kwalifikacyjne kursy zawodowe realizuje si\u0119 w celu uzyskania nowych kwalifikacji zawodowych, zdobycia nowego zawodu, zwi\u0119kszenia szans przy\" \/>\n<meta name=\"robots\" content=\"index, follow, max-snippet:-1, max-image-preview:large, max-video-preview:-1\" \/>\n<link rel=\"canonical\" href=\"https:\/\/akademia-zdrowia.pl\/warszawa\/oferta-szkoleniowa\/kwalifikacyjne-kursy-zawodowe\/\" \/>\n<meta property=\"og:locale\" content=\"pl_PL\" \/>\n<meta property=\"og:type\" content=\"article\" \/>\n<meta property=\"og:title\" content=\"Kwalifikacyjne Kursy zawodowe - Akademia zdrowia \u2013 Warszawa \u2013 Kursy zawodowe, szko\u0142y policealne\" \/>\n<meta property=\"og:description\" content=\"&nbsp; Kwalifikacyjne kursy zawodowe realizuje si\u0119 w celu uzyskania nowych kwalifikacji zawodowych, zdobycia nowego zawodu, zwi\u0119kszenia szans przy\" \/>\n<meta property=\"og:url\" content=\"https:\/\/akademia-zdrowia.pl\/warszawa\/oferta-szkoleniowa\/kwalifikacyjne-kursy-zawodowe\/\" \/>\n<meta property=\"og:site_name\" content=\"Nowa kategoria kursu\" \/>\n<meta name=\"twitter:card\" content=\"summary_large_image\" \/>\n<meta name=\"twitter:label1\" content=\"Szacowany czas czytania\" \/>\n\t<meta name=\"twitter:data1\" content=\"1 minuta\" \/>\n<script type=\"application\/ld+json\" class=\"yoast-schema-graph\">{\"@context\":\"https:\/\/schema.org\",\"@graph\":[{\"@type\":\"WebPage\",\"@id\":\"https:\/\/akademia-zdrowia.pl\/warszawa\/oferta-szkoleniowa\/kwalifikacyjne-kursy-zawodowe\/\",\"url\":\"https:\/\/akademia-zdrowia.pl\/warszawa\/oferta-szkoleniowa\/kwalifikacyjne-kursy-zawodowe\/\",\"name\":\"Kwalifikacyjne Kursy zawodowe - Akademia zdrowia \u2013 Warszawa \u2013 Kursy zawodowe, szko\u0142y policealne\",\"isPartOf\":{\"@id\":\"https:\/\/akademia-zdrowia.pl\/warszawa\/#website\"},\"datePublished\":\"2018-01-02T12:11:01+00:00\",\"description\":\"&nbsp; Kwalifikacyjne kursy zawodowe realizuje si\u0119 w celu uzyskania nowych kwalifikacji zawodowych, zdobycia nowego zawodu, zwi\u0119kszenia szans przy\",\"breadcrumb\":{\"@id\":\"https:\/\/akademia-zdrowia.pl\/warszawa\/oferta-szkoleniowa\/kwalifikacyjne-kursy-zawodowe\/#breadcrumb\"},\"inLanguage\":\"pl-PL\",\"potentialAction\":[{\"@type\":\"ReadAction\",\"target\":[\"https:\/\/akademia-zdrowia.pl\/warszawa\/oferta-szkoleniowa\/kwalifikacyjne-kursy-zawodowe\/\"]}]},{\"@type\":\"BreadcrumbList\",\"@id\":\"https:\/\/akademia-zdrowia.pl\/warszawa\/oferta-szkoleniowa\/kwalifikacyjne-kursy-zawodowe\/#breadcrumb\",\"itemListElement\":[{\"@type\":\"ListItem\",\"position\":1,\"name\":\"Strona g\u0142\u00f3wna\",\"item\":\"https:\/\/akademia-zdrowia.pl\/warszawa\/\"},{\"@type\":\"ListItem\",\"position\":2,\"name\":\"Oferta szkoleniowa\",\"item\":\"https:\/\/akademia-zdrowia.pl\/warszawa\/oferta-szkoleniowa\/\"},{\"@type\":\"ListItem\",\"position\":3,\"name\":\"Kwalifikacyjne Kursy zawodowe\"}]},{\"@type\":\"WebSite\",\"@id\":\"https:\/\/akademia-zdrowia.pl\/warszawa\/#website\",\"url\":\"https:\/\/akademia-zdrowia.pl\/warszawa\/\",\"name\":\"Nowa kategoria kursu\",\"description\":\"Nowy kurs \",\"potentialAction\":[{\"@type\":\"SearchAction\",\"target\":{\"@type\":\"EntryPoint\",\"urlTemplate\":\"https:\/\/akademia-zdrowia.pl\/warszawa\/?s={search_term_string}\"},\"query-input\":{\"@type\":\"PropertyValueSpecification\",\"valueRequired\":true,\"valueName\":\"search_term_string\"}}],\"inLanguage\":\"pl-PL\"}]}<\/script>\n<!-- \/ Yoast SEO plugin. -->","yoast_head_json":{"title":"Kwalifikacyjne Kursy zawodowe - Akademia zdrowia \u2013 Warszawa \u2013 Kursy zawodowe, szko\u0142y policealne","description":"&nbsp; Kwalifikacyjne kursy zawodowe realizuje si\u0119 w celu uzyskania nowych kwalifikacji zawodowych, zdobycia nowego zawodu, zwi\u0119kszenia szans przy","robots":{"index":"index","follow":"follow","max-snippet":"max-snippet:-1","max-image-preview":"max-image-preview:large","max-video-preview":"max-video-preview:-1"},"canonical":"https:\/\/akademia-zdrowia.pl\/warszawa\/oferta-szkoleniowa\/kwalifikacyjne-kursy-zawodowe\/","og_locale":"pl_PL","og_type":"article","og_title":"Kwalifikacyjne Kursy zawodowe - Akademia zdrowia \u2013 Warszawa \u2013 Kursy zawodowe, szko\u0142y policealne","og_description":"&nbsp; Kwalifikacyjne kursy zawodowe realizuje si\u0119 w celu uzyskania nowych kwalifikacji zawodowych, zdobycia nowego zawodu, zwi\u0119kszenia szans przy","og_url":"https:\/\/akademia-zdrowia.pl\/warszawa\/oferta-szkoleniowa\/kwalifikacyjne-kursy-zawodowe\/","og_site_name":"Nowa kategoria kursu","twitter_card":"summary_large_image","twitter_misc":{"Szacowany czas czytania":"1 minuta"},"schema":{"@context":"https:\/\/schema.org","@graph":[{"@type":"WebPage","@id":"https:\/\/akademia-zdrowia.pl\/warszawa\/oferta-szkoleniowa\/kwalifikacyjne-kursy-zawodowe\/","url":"https:\/\/akademia-zdrowia.pl\/warszawa\/oferta-szkoleniowa\/kwalifikacyjne-kursy-zawodowe\/","name":"Kwalifikacyjne Kursy zawodowe - Akademia zdrowia \u2013 Warszawa \u2013 Kursy zawodowe, szko\u0142y policealne","isPartOf":{"@id":"https:\/\/akademia-zdrowia.pl\/warszawa\/#website"},"datePublished":"2018-01-02T12:11:01+00:00","description":"&nbsp; Kwalifikacyjne kursy zawodowe realizuje si\u0119 w celu uzyskania nowych kwalifikacji zawodowych, zdobycia nowego zawodu, zwi\u0119kszenia szans przy","breadcrumb":{"@id":"https:\/\/akademia-zdrowia.pl\/warszawa\/oferta-szkoleniowa\/kwalifikacyjne-kursy-zawodowe\/#breadcrumb"},"inLanguage":"pl-PL","potentialAction":[{"@type":"ReadAction","target":["https:\/\/akademia-zdrowia.pl\/warszawa\/oferta-szkoleniowa\/kwalifikacyjne-kursy-zawodowe\/"]}]},{"@type":"BreadcrumbList","@id":"https:\/\/akademia-zdrowia.pl\/warszawa\/oferta-szkoleniowa\/kwalifikacyjne-kursy-zawodowe\/#breadcrumb","itemListElement":[{"@type":"ListItem","position":1,"name":"Strona g\u0142\u00f3wna","item":"https:\/\/akademia-zdrowia.pl\/warszawa\/"},{"@type":"ListItem","position":2,"name":"Oferta szkoleniowa","item":"https:\/\/akademia-zdrowia.pl\/warszawa\/oferta-szkoleniowa\/"},{"@type":"ListItem","position":3,"name":"Kwalifikacyjne Kursy zawodowe"}]},{"@type":"WebSite","@id":"https:\/\/akademia-zdrowia.pl\/warszawa\/#website","url":"https:\/\/akademia-zdrowia.pl\/warszawa\/","name":"Nowa kategoria kursu","description":"Nowy kurs ","potentialAction":[{"@type":"SearchAction","target":{"@type":"EntryPoint","urlTemplate":"https:\/\/akademia-zdrowia.pl\/warszawa\/?s={search_term_string}"},"query-input":{"@type":"PropertyValueSpecification","valueRequired":true,"valueName":"search_term_string"}}],"inLanguage":"pl-PL"}]}},"_links":{"self":[{"href":"https:\/\/akademia-zdrowia.pl\/warszawa\/wp-json\/wp\/v2\/pages\/49","targetHints":{"allow":["GET"]}}],"collection":[{"href":"https:\/\/akademia-zdrowia.pl\/warszawa\/wp-json\/wp\/v2\/pages"}],"about":[{"href":"https:\/\/akademia-zdrowia.pl\/warszawa\/wp-json\/wp\/v2\/types\/page"}],"author":[{"embeddable":true,"href":"https:\/\/akademia-zdrowia.pl\/warszawa\/wp-json\/wp\/v2\/users\/1"}],"replies":[{"embeddable":true,"href":"https:\/\/akademia-zdrowia.pl\/warszawa\/wp-json\/wp\/v2\/comments?post=49"}],"version-history":[{"count":0,"href":"https:\/\/akademia-zdrowia.pl\/warszawa\/wp-json\/wp\/v2\/pages\/49\/revisions"}],"up":[{"embeddable":true,"href":"https:\/\/akademia-zdrowia.pl\/warszawa\/wp-json\/wp\/v2\/pages\/29"}],"wp:attachment":[{"href":"https:\/\/akademia-zdrowia.pl\/warszawa\/wp-json\/wp\/v2\/media?parent=49"}],"curies":[{"name":"wp","href":"https:\/\/api.w.org\/{rel}","templated":true}]}}