{"id":5096,"date":"2024-06-30T18:07:29","date_gmt":"2024-06-30T16:07:29","guid":{"rendered":"https:\/\/akademia-zdrowia.pl\/warszawa\/?page_id=5096"},"modified":"2024-09-24T13:49:57","modified_gmt":"2024-09-24T11:49:57","slug":"masaz-relaksacyjny","status":"publish","type":"page","link":"https:\/\/akademia-zdrowia.pl\/warszawa\/oferta-szkoleniowa\/kursy-i-szkolenia\/kursy-masazu\/masaz-relaksacyjny\/","title":{"rendered":"Masa\u017c relaksacyjny"},"content":{"rendered":"\t\t<div data-elementor-type=\"wp-page\" data-elementor-id=\"5096\" class=\"elementor elementor-5096\" data-elementor-post-type=\"page\">\n\t\t\t\t\t\t<section class=\"elementor-section elementor-top-section elementor-element elementor-element-10121ea elementor-section-boxed elementor-section-height-default elementor-section-height-default\" data-id=\"10121ea\" data-element_type=\"section\">\n\t\t\t\t\t\t<div class=\"elementor-container elementor-column-gap-default\">\n\t\t\t\t\t<div class=\"elementor-column elementor-col-33 elementor-top-column elementor-element elementor-element-135231d\" data-id=\"135231d\" data-element_type=\"column\">\n\t\t\t<div class=\"elementor-widget-wrap\">\n\t\t\t\t\t\t\t<\/div>\n\t\t<\/div>\n\t\t\t\t<div class=\"elementor-column elementor-col-33 elementor-top-column elementor-element elementor-element-4969b89\" data-id=\"4969b89\" data-element_type=\"column\">\n\t\t\t<div class=\"elementor-widget-wrap elementor-element-populated\">\n\t\t\t\t\t\t<div class=\"elementor-element elementor-element-553a0c1 elementor-widget elementor-widget-rs-heading\" data-id=\"553a0c1\" data-element_type=\"widget\" data-widget_type=\"rs-heading.default\">\n\t\t\t\t<div class=\"elementor-widget-container\">\n\t\t\t\t\t        <div class=\"rs-heading default center\">\r\n        \t<div class=\"title-inner\">\r\n        \t\t      \t\t\r\n\t            <span class=\"sub-text \">AKADEMIA ZDROWIA DLA BRAN\u017bY BEAUTY<\/span><h2 class=\"title\"><span class=\"watermark\"><\/span>Masa\u017c relaksacyjny<\/h2>\t        <\/div>\r\n\t                <\/div>\r\n        \t\t\t\t<\/div>\n\t\t\t\t<\/div>\n\t\t\t\t\t<\/div>\n\t\t<\/div>\n\t\t\t\t<div class=\"elementor-column elementor-col-33 elementor-top-column elementor-element elementor-element-5329e89\" data-id=\"5329e89\" data-element_type=\"column\">\n\t\t\t<div class=\"elementor-widget-wrap\">\n\t\t\t\t\t\t\t<\/div>\n\t\t<\/div>\n\t\t\t\t\t<\/div>\n\t\t<\/section>\n\t\t\t\t<section class=\"elementor-section elementor-top-section elementor-element elementor-element-ae50d75 elementor-section-stretched elementor-section-boxed elementor-section-height-default elementor-section-height-default\" data-id=\"ae50d75\" data-element_type=\"section\" data-settings=\"{&quot;background_background&quot;:&quot;classic&quot;,&quot;stretch_section&quot;:&quot;section-stretched&quot;}\">\n\t\t\t\t\t\t<div class=\"elementor-container elementor-column-gap-default\">\n\t\t\t\t\t<div class=\"elementor-column elementor-col-50 elementor-top-column elementor-element elementor-element-3b9abed\" data-id=\"3b9abed\" data-element_type=\"column\">\n\t\t\t<div class=\"elementor-widget-wrap elementor-element-populated\">\n\t\t\t\t\t\t<div class=\"elementor-element elementor-element-d3614e8 elementor-widget elementor-widget-rs-heading\" data-id=\"d3614e8\" data-element_type=\"widget\" data-widget_type=\"rs-heading.default\">\n\t\t\t\t<div class=\"elementor-widget-container\">\n\t\t\t\t\t        <div class=\"rs-heading default \">\r\n        \t<div class=\"title-inner\">\r\n        \t\t      \t\t\r\n\t            <span class=\"sub-text \">JAK WYGL\u0104DA SZKOLENIE<\/span><h2 class=\"title\"><span class=\"watermark\"><\/span>Program szkolenia<\/h2>\t        <\/div>\r\n\t                    \t<div class=\"description\">\r\n            \t\t<ul><li style=\"font-weight: 400\">Rodzaje masa\u017cy relaksacyjnych<\/li><li style=\"font-weight: 400\">W\u0142a\u015bciwo\u015bci i dzia\u0142anie masa\u017cu<\/li><li style=\"font-weight: 400\">Wskazania i przeciwwskazania do zabiegu<\/li><li style=\"font-weight: 400\">Zalety terapii masa\u017cem relaksacyjnym<\/li><li style=\"font-weight: 400\">Przygotowanie do zabiegu<\/li><li style=\"font-weight: 400\">Zasady i metodyka zabiegu<\/li><\/ul><p style=\"font-weight: 400\"><strong>8 h, certyfikat w j\u0119zyku polskim i angielskim.<\/strong><\/p>            \t\t\r\n            \t<\/div>\r\n        \t        <\/div>\r\n        \t\t\t\t<\/div>\n\t\t\t\t<\/div>\n\t\t\t\t<section class=\"elementor-section elementor-inner-section elementor-element elementor-element-85adc9b elementor-section-boxed elementor-section-height-default elementor-section-height-default\" data-id=\"85adc9b\" data-element_type=\"section\">\n\t\t\t\t\t\t<div class=\"elementor-container elementor-column-gap-default\">\n\t\t\t\t\t<div class=\"elementor-column elementor-col-100 elementor-inner-column elementor-element elementor-element-baa6bcb\" data-id=\"baa6bcb\" data-element_type=\"column\">\n\t\t\t<div class=\"elementor-widget-wrap elementor-element-populated\">\n\t\t\t\t\t\t<div class=\"elementor-element elementor-element-86c6d57 elementor-widget elementor-widget-rs-button\" data-id=\"86c6d57\" data-element_type=\"widget\" data-widget_type=\"rs-button.default\">\n\t\t\t\t<div class=\"elementor-widget-container\">\n\t\t\t\t\t\t\r\n\t\t\r\n\t\t<div class=\"rs-view-btn\">\r\n\t\t\t\t\t\t<a class=\"rs-btn rs-btnblack rs-btn-style1\" href=\"tel:+48698592960\" >\t\t\t\t\r\n\t\t\t\t<span class=\"rs_btn__text\"><span class=\"btn_text\">ZADZWO\u0143 - Monika 698 592 960<\/span><\/span>\r\n\t\t\t<\/a>\r\n\t\t<\/div>    \r\n\t\t\t\t\t<\/div>\n\t\t\t\t<\/div>\n\t\t\t\t<div class=\"elementor-element elementor-element-12dc3a5 elementor-widget elementor-widget-rs-button\" data-id=\"12dc3a5\" data-element_type=\"widget\" data-widget_type=\"rs-button.default\">\n\t\t\t\t<div class=\"elementor-widget-container\">\n\t\t\t\t\t\t\r\n\t\t\r\n\t\t<div class=\"rs-view-btn\">\r\n\t\t\t\t\t\t<a class=\"rs-btn rs-btnblack rs-btn-style1\" href=\"tel:+48662486675\" >\t\t\t\t\r\n\t\t\t\t<span class=\"rs_btn__text\"><span class=\"btn_text\">ZADZWO\u0143 - Ma\u0142gorzata 662 486 675<\/span><\/span>\r\n\t\t\t<\/a>\r\n\t\t<\/div>    \r\n\t\t\t\t\t<\/div>\n\t\t\t\t<\/div>\n\t\t\t\t\t<\/div>\n\t\t<\/div>\n\t\t\t\t\t<\/div>\n\t\t<\/section>\n\t\t\t\t\t<\/div>\n\t\t<\/div>\n\t\t\t\t<div class=\"elementor-column elementor-col-50 elementor-top-column elementor-element elementor-element-0f1426b\" data-id=\"0f1426b\" data-element_type=\"column\">\n\t\t\t<div class=\"elementor-widget-wrap elementor-element-populated\">\n\t\t\t\t\t\t<div class=\"elementor-element elementor-element-285bff4 elementor-widget elementor-widget-image\" data-id=\"285bff4\" data-element_type=\"widget\" data-widget_type=\"image.default\">\n\t\t\t\t<div class=\"elementor-widget-container\">\n\t\t\t\t\t\t\t\t\t\t\t\t\t\t\t<img fetchpriority=\"high\" decoding=\"async\" width=\"640\" height=\"596\" src=\"https:\/\/akademia-zdrowia.pl\/warszawa\/wp-content\/uploads\/2024\/06\/masaz_relaksacyjny_sec.jpg\" class=\"attachment-large size-large wp-image-5106\" alt=\"\" srcset=\"https:\/\/akademia-zdrowia.pl\/warszawa\/wp-content\/uploads\/2024\/06\/masaz_relaksacyjny_sec.jpg 710w, https:\/\/akademia-zdrowia.pl\/warszawa\/wp-content\/uploads\/2024\/06\/masaz_relaksacyjny_sec-300x279.jpg 300w, https:\/\/akademia-zdrowia.pl\/warszawa\/wp-content\/uploads\/2024\/06\/masaz_relaksacyjny_sec-500x465.jpg 500w\" sizes=\"(max-width: 640px) 100vw, 640px\" \/>\t\t\t\t\t\t\t\t\t\t\t\t\t\t\t<\/div>\n\t\t\t\t<\/div>\n\t\t\t\t\t<\/div>\n\t\t<\/div>\n\t\t\t\t\t<\/div>\n\t\t<\/section>\n\t\t\t\t<section class=\"elementor-section elementor-top-section elementor-element elementor-element-6ce5ea8c elementor-section-boxed elementor-section-height-default elementor-section-height-default\" data-id=\"6ce5ea8c\" data-element_type=\"section\" data-settings=\"{&quot;background_background&quot;:&quot;classic&quot;}\">\n\t\t\t\t\t\t<div class=\"elementor-container elementor-column-gap-default\">\n\t\t\t\t\t<div class=\"elementor-column elementor-col-50 elementor-top-column elementor-element elementor-element-425db15\" data-id=\"425db15\" data-element_type=\"column\" data-settings=\"{&quot;background_background&quot;:&quot;classic&quot;}\">\n\t\t\t<div class=\"elementor-widget-wrap elementor-element-populated\">\n\t\t\t\t\t\t<div class=\"elementor-element elementor-element-7a1e2b6 elementor-widget-mobile__width-initial elementor-widget elementor-widget-rs-heading\" data-id=\"7a1e2b6\" data-element_type=\"widget\" data-widget_type=\"rs-heading.default\">\n\t\t\t\t<div class=\"elementor-widget-container\">\n\t\t\t\t\t        <div class=\"rs-heading default \">\r\n        \t<div class=\"title-inner\">\r\n        \t\t      \t\t\r\n\t            <span class=\"sub-text \">NIE MASZ POMYS\u0141U NA PREZENT?<\/span><h2 class=\"title\"><span class=\"watermark\"><\/span>Kup voucher!<\/h2>\t        <\/div>\r\n\t                    \t<div class=\"description\">\r\n            \t\t<div class=\"flex-shrink-0 flex flex-col relative items-end\"><div><div class=\"pt-0\"><div class=\"gizmo-bot-avatar flex h-8 w-8 items-center justify-center overflow-hidden rounded-full\"><div class=\"relative p-1 rounded-sm flex items-center justify-center bg-token-main-surface-primary text-token-text-primary h-8 w-8\">Podaruj bliskim wyj\u0105tkowy prezent! Kup voucher na nasze szkolenia i kursy \u2014 to doskona\u0142y spos\u00f3b na rozw\u00f3j i nowe umiej\u0119tno\u015bci. Idealny prezent na ka\u017cd\u0105 okazj\u0119!<\/div><\/div><\/div><\/div><\/div>            \t\t\r\n            \t<\/div>\r\n        \t        <\/div>\r\n        \t\t\t\t<\/div>\n\t\t\t\t<\/div>\n\t\t\t\t<div class=\"elementor-element elementor-element-eb1b753 elementor-widget elementor-widget-rs-button\" data-id=\"eb1b753\" data-element_type=\"widget\" data-widget_type=\"rs-button.default\">\n\t\t\t\t<div class=\"elementor-widget-container\">\n\t\t\t\t\t\t\r\n\t\t\r\n\t\t<div class=\"rs-view-btn\">\r\n\t\t\t\t\t\t<a class=\"rs-btn rs-btnblack rs-btn-style1\" href=\"tel:+48698592960\" >\t\t\t\t\r\n\t\t\t\t<span class=\"rs_btn__text\"><span class=\"btn_text\">ZADZWO\u0143 - ZAM\u00d3W VOUCHER<\/span><\/span>\r\n\t\t\t<\/a>\r\n\t\t<\/div>    \r\n\t\t\t\t\t<\/div>\n\t\t\t\t<\/div>\n\t\t\t\t\t<\/div>\n\t\t<\/div>\n\t\t\t\t<div class=\"elementor-column elementor-col-50 elementor-top-column elementor-element elementor-element-f87865e\" data-id=\"f87865e\" data-element_type=\"column\">\n\t\t\t<div class=\"elementor-widget-wrap elementor-element-populated\">\n\t\t\t\t\t\t<div class=\"elementor-element elementor-element-7382139a elementor-widget elementor-widget-rs-heading\" data-id=\"7382139a\" data-element_type=\"widget\" data-widget_type=\"rs-heading.default\">\n\t\t\t\t<div class=\"elementor-widget-container\">\n\t\t\t\t\t        <div class=\"rs-heading default \">\r\n        \t<div class=\"title-inner\">\r\n        \t\t      \t\t\r\n\t            <span class=\"sub-text \">ZAUFANY PARTNER<\/span><h2 class=\"title\"><span class=\"watermark\"><\/span>Dlaczego warto wybra\u0107 nas<\/h2>\t        <\/div>\r\n\t                    \t<div class=\"description\">\r\n            \t\t<p>Zaufaj naszemu wieloletniemu do\u015bwiadczeniu i zespo\u0142owi specjalist\u00f3w. Oferujemy profesjonalne szkolenia, kt\u00f3re pomog\u0105 rozwija\u0107 Tw\u00f3j biznes. Wybieraj\u0105c nas, inwestujesz w sprawdzonego partnera, kt\u00f3ry wspiera sukces Twojej firmy. Skontaktuj si\u0119 z nami i zacznij rozwija\u0107 si\u0119 razem z nami!<\/p>            \t\t\r\n            \t<\/div>\r\n        \t        <\/div>\r\n        \t\t\t\t<\/div>\n\t\t\t\t<\/div>\n\t\t\t\t\t<\/div>\n\t\t<\/div>\n\t\t\t\t\t<\/div>\n\t\t<\/section>\n\t\t\t\t<\/div>\n\t\t","protected":false},"excerpt":{"rendered":"<p>AKADEMIA ZDROWIA DLA BRAN\u017bY BEAUTY Masa\u017c relaksacyjny JAK WYGL\u0104DA SZKOLENIE Program szkolenia Rodzaje masa\u017cy relaksacyjnych W\u0142a\u015bciwo\u015bci i dzia\u0142anie masa\u017cu Wskazania i przeciwwskazania do zabiegu Zalety terapii masa\u017cem relaksacyjnym Przygotowanie do zabiegu Zasady i metodyka zabiegu 8 h, certyfikat w j\u0119zyku polskim i angielskim. ZADZWO\u0143 &#8211; Monika 698 592 960 ZADZWO\u0143 &#8211; Ma\u0142gorzata 662 486 675&#8230;<\/p>\n","protected":false},"author":3,"featured_media":0,"parent":330,"menu_order":0,"comment_status":"closed","ping_status":"closed","template":"","meta":{"footnotes":""},"class_list":["post-5096","page","type-page","status-publish","hentry"],"yoast_head":"<!-- This site is optimized with the Yoast SEO plugin v26.8 - https:\/\/yoast.com\/product\/yoast-seo-wordpress\/ -->\n<title>Masa\u017c relaksacyjny - Akademia zdrowia \u2013 Warszawa \u2013 Kursy zawodowe, szko\u0142y policealne<\/title>\n<meta name=\"description\" content=\"AKADEMIA ZDROWIA DLA BRAN\u017bY BEAUTYMasa\u017c relaksacyjny JAK WYGL\u0104DA SZKOLENIEProgram szkolenia Rodzaje masa\u017cy relaksacyjnychW\u0142a\u015bciwo\u015bci i dzia\u0142anie\" \/>\n<meta name=\"robots\" content=\"index, follow, max-snippet:-1, max-image-preview:large, max-video-preview:-1\" \/>\n<link rel=\"canonical\" href=\"https:\/\/akademia-zdrowia.pl\/warszawa\/oferta-szkoleniowa\/kursy-i-szkolenia\/kursy-masazu\/masaz-relaksacyjny\/\" \/>\n<meta property=\"og:locale\" content=\"pl_PL\" \/>\n<meta property=\"og:type\" content=\"article\" \/>\n<meta property=\"og:title\" content=\"Masa\u017c relaksacyjny - Akademia zdrowia \u2013 Warszawa \u2013 Kursy zawodowe, szko\u0142y policealne\" \/>\n<meta property=\"og:description\" content=\"AKADEMIA ZDROWIA DLA BRAN\u017bY BEAUTYMasa\u017c relaksacyjny JAK WYGL\u0104DA SZKOLENIEProgram szkolenia Rodzaje masa\u017cy relaksacyjnychW\u0142a\u015bciwo\u015bci i dzia\u0142anie\" \/>\n<meta property=\"og:url\" content=\"https:\/\/akademia-zdrowia.pl\/warszawa\/oferta-szkoleniowa\/kursy-i-szkolenia\/kursy-masazu\/masaz-relaksacyjny\/\" \/>\n<meta property=\"og:site_name\" content=\"Nowa kategoria kursu\" \/>\n<meta property=\"article:modified_time\" content=\"2024-09-24T11:49:57+00:00\" \/>\n<meta property=\"og:image\" content=\"https:\/\/akademia-zdrowia.pl\/warszawa\/wp-content\/uploads\/2024\/06\/masaz_relaksacyjny_sec.jpg\" \/>\n<meta name=\"twitter:card\" content=\"summary_large_image\" \/>\n<meta name=\"twitter:label1\" content=\"Szacowany czas czytania\" \/>\n\t<meta name=\"twitter:data1\" content=\"1 minuta\" \/>\n<script type=\"application\/ld+json\" class=\"yoast-schema-graph\">{\"@context\":\"https:\/\/schema.org\",\"@graph\":[{\"@type\":\"WebPage\",\"@id\":\"https:\/\/akademia-zdrowia.pl\/warszawa\/oferta-szkoleniowa\/kursy-i-szkolenia\/kursy-masazu\/masaz-relaksacyjny\/\",\"url\":\"https:\/\/akademia-zdrowia.pl\/warszawa\/oferta-szkoleniowa\/kursy-i-szkolenia\/kursy-masazu\/masaz-relaksacyjny\/\",\"name\":\"Masa\u017c relaksacyjny - Akademia zdrowia \u2013 Warszawa \u2013 Kursy zawodowe, szko\u0142y policealne\",\"isPartOf\":{\"@id\":\"https:\/\/akademia-zdrowia.pl\/warszawa\/#website\"},\"primaryImageOfPage\":{\"@id\":\"https:\/\/akademia-zdrowia.pl\/warszawa\/oferta-szkoleniowa\/kursy-i-szkolenia\/kursy-masazu\/masaz-relaksacyjny\/#primaryimage\"},\"image\":{\"@id\":\"https:\/\/akademia-zdrowia.pl\/warszawa\/oferta-szkoleniowa\/kursy-i-szkolenia\/kursy-masazu\/masaz-relaksacyjny\/#primaryimage\"},\"thumbnailUrl\":\"https:\/\/akademia-zdrowia.pl\/warszawa\/wp-content\/uploads\/2024\/06\/masaz_relaksacyjny_sec.jpg\",\"datePublished\":\"2024-06-30T16:07:29+00:00\",\"dateModified\":\"2024-09-24T11:49:57+00:00\",\"description\":\"AKADEMIA ZDROWIA DLA BRAN\u017bY BEAUTYMasa\u017c relaksacyjny JAK WYGL\u0104DA SZKOLENIEProgram szkolenia Rodzaje masa\u017cy relaksacyjnychW\u0142a\u015bciwo\u015bci i dzia\u0142anie\",\"breadcrumb\":{\"@id\":\"https:\/\/akademia-zdrowia.pl\/warszawa\/oferta-szkoleniowa\/kursy-i-szkolenia\/kursy-masazu\/masaz-relaksacyjny\/#breadcrumb\"},\"inLanguage\":\"pl-PL\",\"potentialAction\":[{\"@type\":\"ReadAction\",\"target\":[\"https:\/\/akademia-zdrowia.pl\/warszawa\/oferta-szkoleniowa\/kursy-i-szkolenia\/kursy-masazu\/masaz-relaksacyjny\/\"]}]},{\"@type\":\"ImageObject\",\"inLanguage\":\"pl-PL\",\"@id\":\"https:\/\/akademia-zdrowia.pl\/warszawa\/oferta-szkoleniowa\/kursy-i-szkolenia\/kursy-masazu\/masaz-relaksacyjny\/#primaryimage\",\"url\":\"https:\/\/akademia-zdrowia.pl\/warszawa\/wp-content\/uploads\/2024\/06\/masaz_relaksacyjny_sec.jpg\",\"contentUrl\":\"https:\/\/akademia-zdrowia.pl\/warszawa\/wp-content\/uploads\/2024\/06\/masaz_relaksacyjny_sec.jpg\",\"width\":710,\"height\":661},{\"@type\":\"BreadcrumbList\",\"@id\":\"https:\/\/akademia-zdrowia.pl\/warszawa\/oferta-szkoleniowa\/kursy-i-szkolenia\/kursy-masazu\/masaz-relaksacyjny\/#breadcrumb\",\"itemListElement\":[{\"@type\":\"ListItem\",\"position\":1,\"name\":\"Strona g\u0142\u00f3wna\",\"item\":\"https:\/\/akademia-zdrowia.pl\/warszawa\/\"},{\"@type\":\"ListItem\",\"position\":2,\"name\":\"Oferta szkoleniowa\",\"item\":\"https:\/\/akademia-zdrowia.pl\/warszawa\/oferta-szkoleniowa\/\"},{\"@type\":\"ListItem\",\"position\":3,\"name\":\"Kursy i szkolenia\",\"item\":\"https:\/\/akademia-zdrowia.pl\/warszawa\/oferta-szkoleniowa\/kursy-i-szkolenia\/\"},{\"@type\":\"ListItem\",\"position\":4,\"name\":\"Kursy masa\u017cu\",\"item\":\"https:\/\/akademia-zdrowia.pl\/warszawa\/oferta-szkoleniowa\/kursy-i-szkolenia\/kursy-masazu\/\"},{\"@type\":\"ListItem\",\"position\":5,\"name\":\"Masa\u017c relaksacyjny\"}]},{\"@type\":\"WebSite\",\"@id\":\"https:\/\/akademia-zdrowia.pl\/warszawa\/#website\",\"url\":\"https:\/\/akademia-zdrowia.pl\/warszawa\/\",\"name\":\"Nowa kategoria kursu\",\"description\":\"Nowy kurs \",\"potentialAction\":[{\"@type\":\"SearchAction\",\"target\":{\"@type\":\"EntryPoint\",\"urlTemplate\":\"https:\/\/akademia-zdrowia.pl\/warszawa\/?s={search_term_string}\"},\"query-input\":{\"@type\":\"PropertyValueSpecification\",\"valueRequired\":true,\"valueName\":\"search_term_string\"}}],\"inLanguage\":\"pl-PL\"}]}<\/script>\n<!-- \/ Yoast SEO plugin. -->","yoast_head_json":{"title":"Masa\u017c relaksacyjny - Akademia zdrowia \u2013 Warszawa \u2013 Kursy zawodowe, szko\u0142y policealne","description":"AKADEMIA ZDROWIA DLA BRAN\u017bY BEAUTYMasa\u017c relaksacyjny JAK WYGL\u0104DA SZKOLENIEProgram szkolenia Rodzaje masa\u017cy relaksacyjnychW\u0142a\u015bciwo\u015bci i dzia\u0142anie","robots":{"index":"index","follow":"follow","max-snippet":"max-snippet:-1","max-image-preview":"max-image-preview:large","max-video-preview":"max-video-preview:-1"},"canonical":"https:\/\/akademia-zdrowia.pl\/warszawa\/oferta-szkoleniowa\/kursy-i-szkolenia\/kursy-masazu\/masaz-relaksacyjny\/","og_locale":"pl_PL","og_type":"article","og_title":"Masa\u017c relaksacyjny - Akademia zdrowia \u2013 Warszawa \u2013 Kursy zawodowe, szko\u0142y policealne","og_description":"AKADEMIA ZDROWIA DLA BRAN\u017bY BEAUTYMasa\u017c relaksacyjny JAK WYGL\u0104DA SZKOLENIEProgram szkolenia Rodzaje masa\u017cy relaksacyjnychW\u0142a\u015bciwo\u015bci i dzia\u0142anie","og_url":"https:\/\/akademia-zdrowia.pl\/warszawa\/oferta-szkoleniowa\/kursy-i-szkolenia\/kursy-masazu\/masaz-relaksacyjny\/","og_site_name":"Nowa kategoria kursu","article_modified_time":"2024-09-24T11:49:57+00:00","og_image":[{"url":"https:\/\/akademia-zdrowia.pl\/warszawa\/wp-content\/uploads\/2024\/06\/masaz_relaksacyjny_sec.jpg","type":"","width":"","height":""}],"twitter_card":"summary_large_image","twitter_misc":{"Szacowany czas czytania":"1 minuta"},"schema":{"@context":"https:\/\/schema.org","@graph":[{"@type":"WebPage","@id":"https:\/\/akademia-zdrowia.pl\/warszawa\/oferta-szkoleniowa\/kursy-i-szkolenia\/kursy-masazu\/masaz-relaksacyjny\/","url":"https:\/\/akademia-zdrowia.pl\/warszawa\/oferta-szkoleniowa\/kursy-i-szkolenia\/kursy-masazu\/masaz-relaksacyjny\/","name":"Masa\u017c relaksacyjny - Akademia zdrowia \u2013 Warszawa \u2013 Kursy zawodowe, szko\u0142y policealne","isPartOf":{"@id":"https:\/\/akademia-zdrowia.pl\/warszawa\/#website"},"primaryImageOfPage":{"@id":"https:\/\/akademia-zdrowia.pl\/warszawa\/oferta-szkoleniowa\/kursy-i-szkolenia\/kursy-masazu\/masaz-relaksacyjny\/#primaryimage"},"image":{"@id":"https:\/\/akademia-zdrowia.pl\/warszawa\/oferta-szkoleniowa\/kursy-i-szkolenia\/kursy-masazu\/masaz-relaksacyjny\/#primaryimage"},"thumbnailUrl":"https:\/\/akademia-zdrowia.pl\/warszawa\/wp-content\/uploads\/2024\/06\/masaz_relaksacyjny_sec.jpg","datePublished":"2024-06-30T16:07:29+00:00","dateModified":"2024-09-24T11:49:57+00:00","description":"AKADEMIA ZDROWIA DLA BRAN\u017bY BEAUTYMasa\u017c relaksacyjny JAK WYGL\u0104DA SZKOLENIEProgram szkolenia Rodzaje masa\u017cy relaksacyjnychW\u0142a\u015bciwo\u015bci i dzia\u0142anie","breadcrumb":{"@id":"https:\/\/akademia-zdrowia.pl\/warszawa\/oferta-szkoleniowa\/kursy-i-szkolenia\/kursy-masazu\/masaz-relaksacyjny\/#breadcrumb"},"inLanguage":"pl-PL","potentialAction":[{"@type":"ReadAction","target":["https:\/\/akademia-zdrowia.pl\/warszawa\/oferta-szkoleniowa\/kursy-i-szkolenia\/kursy-masazu\/masaz-relaksacyjny\/"]}]},{"@type":"ImageObject","inLanguage":"pl-PL","@id":"https:\/\/akademia-zdrowia.pl\/warszawa\/oferta-szkoleniowa\/kursy-i-szkolenia\/kursy-masazu\/masaz-relaksacyjny\/#primaryimage","url":"https:\/\/akademia-zdrowia.pl\/warszawa\/wp-content\/uploads\/2024\/06\/masaz_relaksacyjny_sec.jpg","contentUrl":"https:\/\/akademia-zdrowia.pl\/warszawa\/wp-content\/uploads\/2024\/06\/masaz_relaksacyjny_sec.jpg","width":710,"height":661},{"@type":"BreadcrumbList","@id":"https:\/\/akademia-zdrowia.pl\/warszawa\/oferta-szkoleniowa\/kursy-i-szkolenia\/kursy-masazu\/masaz-relaksacyjny\/#breadcrumb","itemListElement":[{"@type":"ListItem","position":1,"name":"Strona g\u0142\u00f3wna","item":"https:\/\/akademia-zdrowia.pl\/warszawa\/"},{"@type":"ListItem","position":2,"name":"Oferta szkoleniowa","item":"https:\/\/akademia-zdrowia.pl\/warszawa\/oferta-szkoleniowa\/"},{"@type":"ListItem","position":3,"name":"Kursy i szkolenia","item":"https:\/\/akademia-zdrowia.pl\/warszawa\/oferta-szkoleniowa\/kursy-i-szkolenia\/"},{"@type":"ListItem","position":4,"name":"Kursy masa\u017cu","item":"https:\/\/akademia-zdrowia.pl\/warszawa\/oferta-szkoleniowa\/kursy-i-szkolenia\/kursy-masazu\/"},{"@type":"ListItem","position":5,"name":"Masa\u017c relaksacyjny"}]},{"@type":"WebSite","@id":"https:\/\/akademia-zdrowia.pl\/warszawa\/#website","url":"https:\/\/akademia-zdrowia.pl\/warszawa\/","name":"Nowa kategoria kursu","description":"Nowy kurs ","potentialAction":[{"@type":"SearchAction","target":{"@type":"EntryPoint","urlTemplate":"https:\/\/akademia-zdrowia.pl\/warszawa\/?s={search_term_string}"},"query-input":{"@type":"PropertyValueSpecification","valueRequired":true,"valueName":"search_term_string"}}],"inLanguage":"pl-PL"}]}},"_links":{"self":[{"href":"https:\/\/akademia-zdrowia.pl\/warszawa\/wp-json\/wp\/v2\/pages\/5096","targetHints":{"allow":["GET"]}}],"collection":[{"href":"https:\/\/akademia-zdrowia.pl\/warszawa\/wp-json\/wp\/v2\/pages"}],"about":[{"href":"https:\/\/akademia-zdrowia.pl\/warszawa\/wp-json\/wp\/v2\/types\/page"}],"author":[{"embeddable":true,"href":"https:\/\/akademia-zdrowia.pl\/warszawa\/wp-json\/wp\/v2\/users\/3"}],"replies":[{"embeddable":true,"href":"https:\/\/akademia-zdrowia.pl\/warszawa\/wp-json\/wp\/v2\/comments?post=5096"}],"version-history":[{"count":20,"href":"https:\/\/akademia-zdrowia.pl\/warszawa\/wp-json\/wp\/v2\/pages\/5096\/revisions"}],"predecessor-version":[{"id":6248,"href":"https:\/\/akademia-zdrowia.pl\/warszawa\/wp-json\/wp\/v2\/pages\/5096\/revisions\/6248"}],"up":[{"embeddable":true,"href":"https:\/\/akademia-zdrowia.pl\/warszawa\/wp-json\/wp\/v2\/pages\/330"}],"wp:attachment":[{"href":"https:\/\/akademia-zdrowia.pl\/warszawa\/wp-json\/wp\/v2\/media?parent=5096"}],"curies":[{"name":"wp","href":"https:\/\/api.w.org\/{rel}","templated":true}]}}