{"id":514,"date":"2018-01-10T12:58:06","date_gmt":"2018-01-10T11:58:06","guid":{"rendered":"http:\/\/www.akademia-zdrowia.pl\/lodz\/?page_id=514"},"modified":"2022-02-28T13:31:25","modified_gmt":"2022-02-28T12:31:25","slug":"pielegniarstwo-rodzinne-dla-pielegniarek","status":"publish","type":"page","link":"https:\/\/akademia-zdrowia.pl\/warszawa\/oferta-szkoleniowa\/ksztalcenie-pielegniarek-i-poloznych\/kursy-kwalifikacyjne\/pielegniarstwo-rodzinne-dla-pielegniarek\/","title":{"rendered":"Piel\u0119gniarstwo rodzinne dla piel\u0119gniarek"},"content":{"rendered":"\t\t<div data-elementor-type=\"wp-page\" data-elementor-id=\"514\" class=\"elementor elementor-514\" data-elementor-post-type=\"page\">\n\t\t\t\t\t\t<section class=\"elementor-section elementor-top-section elementor-element elementor-element-83532e7 elementor-section-boxed elementor-section-height-default elementor-section-height-default\" data-id=\"83532e7\" data-element_type=\"section\">\n\t\t\t\t\t\t<div class=\"elementor-container elementor-column-gap-default\">\n\t\t\t\t\t<div class=\"elementor-column elementor-col-100 elementor-top-column elementor-element elementor-element-a6d2ef7\" data-id=\"a6d2ef7\" data-element_type=\"column\">\n\t\t\t<div class=\"elementor-widget-wrap elementor-element-populated\">\n\t\t\t\t\t\t<div class=\"elementor-element elementor-element-d1ccd7e elementor-invisible elementor-widget elementor-widget-bdt-advanced-heading\" data-id=\"d1ccd7e\" data-element_type=\"widget\" data-settings=\"{&quot;_animation&quot;:&quot;fadeInDown&quot;}\" data-widget_type=\"bdt-advanced-heading.default\">\n\t\t\t\t<div class=\"elementor-widget-container\">\n\t\t\t\t\t<div id =\"d1ccd7e\" class=\"bdt-ep-advanced-heading\" data-settings=\"{&quot;titleMultiColor&quot;:&quot;no&quot;}\"><div class=\"bdt-ep-advanced-heading-content bdt-visible@m\"><div class=\"bdt-transform-origin-top-left\">Piel\u0119gniarstwa rodzinne dla piel\u0119gniarek<\/div><\/div><h2 class=\"bdt-ep-advanced-heading-title\"><span class=\"bdt-ep-advanced-heading-main-title\"><span class=\"bdt-ep-advanced-heading-main-title-inner\">Piel\u0119gniarstwa rodzinne dla piel\u0119gniarek<\/span><\/span><\/h2><\/div>\t\t\t\t<\/div>\n\t\t\t\t<\/div>\n\t\t\t\t\t<\/div>\n\t\t<\/div>\n\t\t\t\t\t<\/div>\n\t\t<\/section>\n\t\t\t\t<section class=\"elementor-section elementor-top-section elementor-element elementor-element-de34235 elementor-section-boxed elementor-section-height-default elementor-section-height-default\" data-id=\"de34235\" data-element_type=\"section\">\n\t\t\t\t\t\t<div class=\"elementor-container elementor-column-gap-default\">\n\t\t\t\t\t<div class=\"elementor-column elementor-col-100 elementor-top-column elementor-element elementor-element-d704d98\" data-id=\"d704d98\" data-element_type=\"column\">\n\t\t\t<div class=\"elementor-widget-wrap elementor-element-populated\">\n\t\t\t\t\t\t<div class=\"elementor-element elementor-element-0900280 elementor-widget elementor-widget-text-editor\" data-id=\"0900280\" data-element_type=\"widget\" data-widget_type=\"text-editor.default\">\n\t\t\t\t<div class=\"elementor-widget-container\">\n\t\t\t\t\t\t\t\t\t<p><strong>Cel kszta\u0142cenia<\/strong><\/p><p>Uzyskanie przez piel\u0119gniark\u0119 kwalifikacji do wykonywania \u015bwiadcze\u0144 w zakresie edukacji zdrowotnej, promocji zdrowia oraz \u015bwiadcze\u0144 opieku\u0144czych, wychowawczych, diagnostycznych, piel\u0119gnacyjnych, leczniczych i rehabilitacyjnych w \u015brodowisku zamieszkania \u015bwiadczeniobiorcy, w \u015brodowisku jego pobytu, w zdrowiu, chorobie i niepe\u0142nosprawno\u015bci, niezale\u017cnie od wieku i p\u0142ci.<\/p><p>Zaj\u0119cia teoretyczne w systemie weekendowym:<\/p><ul><li>pi\u0105tek godz. 16:00<\/li><li>sobota i niedziela godz. 9:00<\/li><\/ul><p>Zaj\u0119cia sta\u017cowe\u00a0 w wybrane dni powszednie od poniedzia\u0142ku do pi\u0105tku<\/p><p><strong><u>Dokumenty niezb\u0119dne, aby przyst\u0105pi\u0107 do kursu:<\/u><\/strong><\/p><ol><li>wniosek wys\u0142any elektronicznie poprzez system SMK.<\/li><\/ol><p>Do wniosku w polu POTWIERDZENIE STA\u017bU PRACY nale\u017cy pod\u0142\u0105czy\u0107 skan lub zdj\u0119cia za\u015bwiadczenia z zak\u0142adu pracy\/\u015bwiadectwa pracy, z kt\u00f3rego wynika co najmniej 6-miesi\u0119czny sta\u017c w zawodzie piel\u0119gniarki\/piel\u0119gniarza<\/p><ol start=\"2\"><li>wniosek o dofinansowanie dostarczony w wersji papierowej do sekretariatu 5-7 dni przed rozpocz\u0119ciem kursu ( w przypadku ubiegania si\u0119 o dofinansowanie z izb)<\/li><\/ol><p>\u00a0<\/p>\t\t\t\t\t\t\t\t<\/div>\n\t\t\t\t<\/div>\n\t\t\t\t\t<\/div>\n\t\t<\/div>\n\t\t\t\t\t<\/div>\n\t\t<\/section>\n\t\t\t\t<section class=\"elementor-section elementor-top-section elementor-element elementor-element-627e339 elementor-section-boxed elementor-section-height-default elementor-section-height-default\" data-id=\"627e339\" data-element_type=\"section\">\n\t\t\t\t\t\t<div class=\"elementor-container elementor-column-gap-default\">\n\t\t\t\t\t<div class=\"elementor-column elementor-col-100 elementor-top-column elementor-element elementor-element-2a5b5d3\" data-id=\"2a5b5d3\" data-element_type=\"column\">\n\t\t\t<div class=\"elementor-widget-wrap elementor-element-populated\">\n\t\t\t\t\t\t<div class=\"elementor-element elementor-element-62031e5 elementor-widget elementor-widget-text-editor\" data-id=\"62031e5\" data-element_type=\"widget\" data-widget_type=\"text-editor.default\">\n\t\t\t\t<div class=\"elementor-widget-container\">\n\t\t\t\t\t\t\t\t\t<p><strong>Cena kursu- 1750,00 z\u0142<br \/><\/strong><strong>Cena kursu przy dofinansowaniu z WOIPiP to TYLKO 650,00 z\u0142<\/strong><\/p><p><strong><em>P\u0142atno\u015b\u0107 w dogodnych ratach !!!<\/em><\/strong><\/p>\t\t\t\t\t\t\t\t<\/div>\n\t\t\t\t<\/div>\n\t\t\t\t\t<\/div>\n\t\t<\/div>\n\t\t\t\t\t<\/div>\n\t\t<\/section>\n\t\t\t\t<section class=\"elementor-section elementor-top-section elementor-element elementor-element-eb2eb40 elementor-section-boxed elementor-section-height-default elementor-section-height-default\" data-id=\"eb2eb40\" data-element_type=\"section\">\n\t\t\t\t\t\t<div class=\"elementor-container elementor-column-gap-default\">\n\t\t\t\t\t<div class=\"elementor-column elementor-col-100 elementor-top-column elementor-element elementor-element-7962466\" data-id=\"7962466\" data-element_type=\"column\">\n\t\t\t<div class=\"elementor-widget-wrap elementor-element-populated\">\n\t\t\t\t\t\t<div class=\"elementor-element elementor-element-6cd0b5f elementor-widget elementor-widget-text-editor\" data-id=\"6cd0b5f\" data-element_type=\"widget\" data-widget_type=\"text-editor.default\">\n\t\t\t\t<div class=\"elementor-widget-container\">\n\t\t\t\t\t\t\t\t\t<p>Szczeg\u00f3\u0142owy program kursu:<br \/><a href=\"https:\/\/ckppip.edu.pl\/wp-content\/uploads\/2020\/10\/Pielegniarstwo-rodzinne-dla-pielegniarek.pdf\">https:\/\/ckppip.edu.pl\/wp-content\/uploads\/2020\/10\/Pielegniarstwo-rodzinne-dla-pielegniarek.pdf<\/a><\/p><p>Zapisy tylko i wy\u0142\u0105cznie przez system SMK:<br \/><a href=\"https:\/\/smk.ezdrowie.gov.pl\/login.jsp\">https:\/\/smk.ezdrowie.gov.pl\/login.jsp<\/a><\/p><p>Link do pobrania wniosku o dofinansowanie kszta\u0142cenia podyplomowego oraz z WOIPiP:<br \/><a href=\"http:\/\/woipip.pl\/ksztalcenie\/komplet-wnioskow\/\">http:\/\/woipip.pl\/ksztalcenie\/komplet-wnioskow\/<\/a><\/p>\t\t\t\t\t\t\t\t<\/div>\n\t\t\t\t<\/div>\n\t\t\t\t\t<\/div>\n\t\t<\/div>\n\t\t\t\t\t<\/div>\n\t\t<\/section>\n\t\t\t\t<\/div>\n\t\t","protected":false},"excerpt":{"rendered":"<p>Piel\u0119gniarstwa rodzinne dla piel\u0119gniarek Piel\u0119gniarstwa rodzinne dla piel\u0119gniarek Cel kszta\u0142cenia Uzyskanie przez piel\u0119gniark\u0119 kwalifikacji do wykonywania \u015bwiadcze\u0144 w zakresie edukacji zdrowotnej, promocji zdrowia oraz \u015bwiadcze\u0144 opieku\u0144czych, wychowawczych, diagnostycznych, piel\u0119gnacyjnych, leczniczych i rehabilitacyjnych w \u015brodowisku zamieszkania \u015bwiadczeniobiorcy, w \u015brodowisku jego pobytu, w zdrowiu, chorobie i niepe\u0142nosprawno\u015bci, niezale\u017cnie od wieku i p\u0142ci. Zaj\u0119cia teoretyczne w systemie weekendowym:&#8230;<\/p>\n","protected":false},"author":1,"featured_media":0,"parent":399,"menu_order":0,"comment_status":"closed","ping_status":"closed","template":"","meta":{"footnotes":""},"class_list":["post-514","page","type-page","status-publish","hentry"],"yoast_head":"<!-- This site is optimized with the Yoast SEO plugin v26.8 - https:\/\/yoast.com\/product\/yoast-seo-wordpress\/ -->\n<title>Piel\u0119gniarstwo rodzinne dla piel\u0119gniarek - Akademia zdrowia \u2013 Warszawa \u2013 Kursy zawodowe, szko\u0142y policealne<\/title>\n<meta name=\"description\" content=\"Piel\u0119gniarstwa rodzinne dla piel\u0119gniarekPiel\u0119gniarstwa rodzinne dla piel\u0119gniarek Cel kszta\u0142ceniaUzyskanie przez piel\u0119gniark\u0119 kwalifikacji do wykonywania\" \/>\n<meta name=\"robots\" content=\"index, follow, max-snippet:-1, max-image-preview:large, max-video-preview:-1\" \/>\n<link rel=\"canonical\" href=\"https:\/\/akademia-zdrowia.pl\/warszawa\/oferta-szkoleniowa\/ksztalcenie-pielegniarek-i-poloznych\/kursy-kwalifikacyjne\/pielegniarstwo-rodzinne-dla-pielegniarek\/\" \/>\n<meta property=\"og:locale\" content=\"pl_PL\" \/>\n<meta property=\"og:type\" content=\"article\" \/>\n<meta property=\"og:title\" content=\"Piel\u0119gniarstwo rodzinne dla piel\u0119gniarek - Akademia zdrowia \u2013 Warszawa \u2013 Kursy zawodowe, szko\u0142y policealne\" \/>\n<meta property=\"og:description\" content=\"Piel\u0119gniarstwa rodzinne dla piel\u0119gniarekPiel\u0119gniarstwa rodzinne dla piel\u0119gniarek Cel kszta\u0142ceniaUzyskanie przez piel\u0119gniark\u0119 kwalifikacji do wykonywania\" \/>\n<meta property=\"og:url\" content=\"https:\/\/akademia-zdrowia.pl\/warszawa\/oferta-szkoleniowa\/ksztalcenie-pielegniarek-i-poloznych\/kursy-kwalifikacyjne\/pielegniarstwo-rodzinne-dla-pielegniarek\/\" \/>\n<meta property=\"og:site_name\" content=\"Nowa kategoria kursu\" \/>\n<meta property=\"article:modified_time\" content=\"2022-02-28T12:31:25+00:00\" \/>\n<meta name=\"twitter:card\" content=\"summary_large_image\" \/>\n<meta name=\"twitter:label1\" content=\"Szacowany czas czytania\" \/>\n\t<meta name=\"twitter:data1\" content=\"2 minuty\" \/>\n<script type=\"application\/ld+json\" class=\"yoast-schema-graph\">{\"@context\":\"https:\/\/schema.org\",\"@graph\":[{\"@type\":\"WebPage\",\"@id\":\"https:\/\/akademia-zdrowia.pl\/warszawa\/oferta-szkoleniowa\/ksztalcenie-pielegniarek-i-poloznych\/kursy-kwalifikacyjne\/pielegniarstwo-rodzinne-dla-pielegniarek\/\",\"url\":\"https:\/\/akademia-zdrowia.pl\/warszawa\/oferta-szkoleniowa\/ksztalcenie-pielegniarek-i-poloznych\/kursy-kwalifikacyjne\/pielegniarstwo-rodzinne-dla-pielegniarek\/\",\"name\":\"Piel\u0119gniarstwo rodzinne dla piel\u0119gniarek - Akademia zdrowia \u2013 Warszawa \u2013 Kursy zawodowe, szko\u0142y policealne\",\"isPartOf\":{\"@id\":\"https:\/\/akademia-zdrowia.pl\/warszawa\/#website\"},\"datePublished\":\"2018-01-10T11:58:06+00:00\",\"dateModified\":\"2022-02-28T12:31:25+00:00\",\"description\":\"Piel\u0119gniarstwa rodzinne dla piel\u0119gniarekPiel\u0119gniarstwa rodzinne dla piel\u0119gniarek Cel kszta\u0142ceniaUzyskanie przez piel\u0119gniark\u0119 kwalifikacji do wykonywania\",\"breadcrumb\":{\"@id\":\"https:\/\/akademia-zdrowia.pl\/warszawa\/oferta-szkoleniowa\/ksztalcenie-pielegniarek-i-poloznych\/kursy-kwalifikacyjne\/pielegniarstwo-rodzinne-dla-pielegniarek\/#breadcrumb\"},\"inLanguage\":\"pl-PL\",\"potentialAction\":[{\"@type\":\"ReadAction\",\"target\":[\"https:\/\/akademia-zdrowia.pl\/warszawa\/oferta-szkoleniowa\/ksztalcenie-pielegniarek-i-poloznych\/kursy-kwalifikacyjne\/pielegniarstwo-rodzinne-dla-pielegniarek\/\"]}]},{\"@type\":\"BreadcrumbList\",\"@id\":\"https:\/\/akademia-zdrowia.pl\/warszawa\/oferta-szkoleniowa\/ksztalcenie-pielegniarek-i-poloznych\/kursy-kwalifikacyjne\/pielegniarstwo-rodzinne-dla-pielegniarek\/#breadcrumb\",\"itemListElement\":[{\"@type\":\"ListItem\",\"position\":1,\"name\":\"Strona g\u0142\u00f3wna\",\"item\":\"https:\/\/akademia-zdrowia.pl\/warszawa\/\"},{\"@type\":\"ListItem\",\"position\":2,\"name\":\"Oferta szkoleniowa\",\"item\":\"https:\/\/akademia-zdrowia.pl\/warszawa\/oferta-szkoleniowa\/\"},{\"@type\":\"ListItem\",\"position\":3,\"name\":\"Kszta\u0142cenie piel\u0119gniarek i po\u0142o\u017cnych\",\"item\":\"https:\/\/akademia-zdrowia.pl\/warszawa\/oferta-szkoleniowa\/ksztalcenie-pielegniarek-i-poloznych\/\"},{\"@type\":\"ListItem\",\"position\":4,\"name\":\"Kursy kwalifikacyjne\",\"item\":\"https:\/\/akademia-zdrowia.pl\/warszawa\/oferta-szkoleniowa\/ksztalcenie-pielegniarek-i-poloznych\/kursy-kwalifikacyjne\/\"},{\"@type\":\"ListItem\",\"position\":5,\"name\":\"Piel\u0119gniarstwo rodzinne dla piel\u0119gniarek\"}]},{\"@type\":\"WebSite\",\"@id\":\"https:\/\/akademia-zdrowia.pl\/warszawa\/#website\",\"url\":\"https:\/\/akademia-zdrowia.pl\/warszawa\/\",\"name\":\"Nowa kategoria kursu\",\"description\":\"Nowy kurs \",\"potentialAction\":[{\"@type\":\"SearchAction\",\"target\":{\"@type\":\"EntryPoint\",\"urlTemplate\":\"https:\/\/akademia-zdrowia.pl\/warszawa\/?s={search_term_string}\"},\"query-input\":{\"@type\":\"PropertyValueSpecification\",\"valueRequired\":true,\"valueName\":\"search_term_string\"}}],\"inLanguage\":\"pl-PL\"}]}<\/script>\n<!-- \/ Yoast SEO plugin. -->","yoast_head_json":{"title":"Piel\u0119gniarstwo rodzinne dla piel\u0119gniarek - Akademia zdrowia \u2013 Warszawa \u2013 Kursy zawodowe, szko\u0142y policealne","description":"Piel\u0119gniarstwa rodzinne dla piel\u0119gniarekPiel\u0119gniarstwa rodzinne dla piel\u0119gniarek Cel kszta\u0142ceniaUzyskanie przez piel\u0119gniark\u0119 kwalifikacji do wykonywania","robots":{"index":"index","follow":"follow","max-snippet":"max-snippet:-1","max-image-preview":"max-image-preview:large","max-video-preview":"max-video-preview:-1"},"canonical":"https:\/\/akademia-zdrowia.pl\/warszawa\/oferta-szkoleniowa\/ksztalcenie-pielegniarek-i-poloznych\/kursy-kwalifikacyjne\/pielegniarstwo-rodzinne-dla-pielegniarek\/","og_locale":"pl_PL","og_type":"article","og_title":"Piel\u0119gniarstwo rodzinne dla piel\u0119gniarek - Akademia zdrowia \u2013 Warszawa \u2013 Kursy zawodowe, szko\u0142y policealne","og_description":"Piel\u0119gniarstwa rodzinne dla piel\u0119gniarekPiel\u0119gniarstwa rodzinne dla piel\u0119gniarek Cel kszta\u0142ceniaUzyskanie przez piel\u0119gniark\u0119 kwalifikacji do wykonywania","og_url":"https:\/\/akademia-zdrowia.pl\/warszawa\/oferta-szkoleniowa\/ksztalcenie-pielegniarek-i-poloznych\/kursy-kwalifikacyjne\/pielegniarstwo-rodzinne-dla-pielegniarek\/","og_site_name":"Nowa kategoria kursu","article_modified_time":"2022-02-28T12:31:25+00:00","twitter_card":"summary_large_image","twitter_misc":{"Szacowany czas czytania":"2 minuty"},"schema":{"@context":"https:\/\/schema.org","@graph":[{"@type":"WebPage","@id":"https:\/\/akademia-zdrowia.pl\/warszawa\/oferta-szkoleniowa\/ksztalcenie-pielegniarek-i-poloznych\/kursy-kwalifikacyjne\/pielegniarstwo-rodzinne-dla-pielegniarek\/","url":"https:\/\/akademia-zdrowia.pl\/warszawa\/oferta-szkoleniowa\/ksztalcenie-pielegniarek-i-poloznych\/kursy-kwalifikacyjne\/pielegniarstwo-rodzinne-dla-pielegniarek\/","name":"Piel\u0119gniarstwo rodzinne dla piel\u0119gniarek - Akademia zdrowia \u2013 Warszawa \u2013 Kursy zawodowe, szko\u0142y policealne","isPartOf":{"@id":"https:\/\/akademia-zdrowia.pl\/warszawa\/#website"},"datePublished":"2018-01-10T11:58:06+00:00","dateModified":"2022-02-28T12:31:25+00:00","description":"Piel\u0119gniarstwa rodzinne dla piel\u0119gniarekPiel\u0119gniarstwa rodzinne dla piel\u0119gniarek Cel kszta\u0142ceniaUzyskanie przez piel\u0119gniark\u0119 kwalifikacji do wykonywania","breadcrumb":{"@id":"https:\/\/akademia-zdrowia.pl\/warszawa\/oferta-szkoleniowa\/ksztalcenie-pielegniarek-i-poloznych\/kursy-kwalifikacyjne\/pielegniarstwo-rodzinne-dla-pielegniarek\/#breadcrumb"},"inLanguage":"pl-PL","potentialAction":[{"@type":"ReadAction","target":["https:\/\/akademia-zdrowia.pl\/warszawa\/oferta-szkoleniowa\/ksztalcenie-pielegniarek-i-poloznych\/kursy-kwalifikacyjne\/pielegniarstwo-rodzinne-dla-pielegniarek\/"]}]},{"@type":"BreadcrumbList","@id":"https:\/\/akademia-zdrowia.pl\/warszawa\/oferta-szkoleniowa\/ksztalcenie-pielegniarek-i-poloznych\/kursy-kwalifikacyjne\/pielegniarstwo-rodzinne-dla-pielegniarek\/#breadcrumb","itemListElement":[{"@type":"ListItem","position":1,"name":"Strona g\u0142\u00f3wna","item":"https:\/\/akademia-zdrowia.pl\/warszawa\/"},{"@type":"ListItem","position":2,"name":"Oferta szkoleniowa","item":"https:\/\/akademia-zdrowia.pl\/warszawa\/oferta-szkoleniowa\/"},{"@type":"ListItem","position":3,"name":"Kszta\u0142cenie piel\u0119gniarek i po\u0142o\u017cnych","item":"https:\/\/akademia-zdrowia.pl\/warszawa\/oferta-szkoleniowa\/ksztalcenie-pielegniarek-i-poloznych\/"},{"@type":"ListItem","position":4,"name":"Kursy kwalifikacyjne","item":"https:\/\/akademia-zdrowia.pl\/warszawa\/oferta-szkoleniowa\/ksztalcenie-pielegniarek-i-poloznych\/kursy-kwalifikacyjne\/"},{"@type":"ListItem","position":5,"name":"Piel\u0119gniarstwo rodzinne dla piel\u0119gniarek"}]},{"@type":"WebSite","@id":"https:\/\/akademia-zdrowia.pl\/warszawa\/#website","url":"https:\/\/akademia-zdrowia.pl\/warszawa\/","name":"Nowa kategoria kursu","description":"Nowy kurs ","potentialAction":[{"@type":"SearchAction","target":{"@type":"EntryPoint","urlTemplate":"https:\/\/akademia-zdrowia.pl\/warszawa\/?s={search_term_string}"},"query-input":{"@type":"PropertyValueSpecification","valueRequired":true,"valueName":"search_term_string"}}],"inLanguage":"pl-PL"}]}},"_links":{"self":[{"href":"https:\/\/akademia-zdrowia.pl\/warszawa\/wp-json\/wp\/v2\/pages\/514","targetHints":{"allow":["GET"]}}],"collection":[{"href":"https:\/\/akademia-zdrowia.pl\/warszawa\/wp-json\/wp\/v2\/pages"}],"about":[{"href":"https:\/\/akademia-zdrowia.pl\/warszawa\/wp-json\/wp\/v2\/types\/page"}],"author":[{"embeddable":true,"href":"https:\/\/akademia-zdrowia.pl\/warszawa\/wp-json\/wp\/v2\/users\/1"}],"replies":[{"embeddable":true,"href":"https:\/\/akademia-zdrowia.pl\/warszawa\/wp-json\/wp\/v2\/comments?post=514"}],"version-history":[{"count":9,"href":"https:\/\/akademia-zdrowia.pl\/warszawa\/wp-json\/wp\/v2\/pages\/514\/revisions"}],"predecessor-version":[{"id":3047,"href":"https:\/\/akademia-zdrowia.pl\/warszawa\/wp-json\/wp\/v2\/pages\/514\/revisions\/3047"}],"up":[{"embeddable":true,"href":"https:\/\/akademia-zdrowia.pl\/warszawa\/wp-json\/wp\/v2\/pages\/399"}],"wp:attachment":[{"href":"https:\/\/akademia-zdrowia.pl\/warszawa\/wp-json\/wp\/v2\/media?parent=514"}],"curies":[{"name":"wp","href":"https:\/\/api.w.org\/{rel}","templated":true}]}}