{"id":526,"date":"2018-01-10T13:01:56","date_gmt":"2018-01-10T12:01:56","guid":{"rendered":"http:\/\/www.akademia-zdrowia.pl\/lodz\/?page_id=526"},"modified":"2022-02-28T13:34:33","modified_gmt":"2022-02-28T12:34:33","slug":"pielegniarstwo-rodzinne-dla-poloznych","status":"publish","type":"page","link":"https:\/\/akademia-zdrowia.pl\/warszawa\/oferta-szkoleniowa\/ksztalcenie-pielegniarek-i-poloznych\/kursy-kwalifikacyjne\/pielegniarstwo-rodzinne-dla-poloznych\/","title":{"rendered":"Piel\u0119gniarstwo rodzinne dla po\u0142o\u017cnych"},"content":{"rendered":"\t\t<div data-elementor-type=\"wp-page\" data-elementor-id=\"526\" class=\"elementor elementor-526\" data-elementor-post-type=\"page\">\n\t\t\t\t\t\t<section class=\"elementor-section elementor-top-section elementor-element elementor-element-57946bd elementor-section-boxed elementor-section-height-default elementor-section-height-default\" data-id=\"57946bd\" data-element_type=\"section\">\n\t\t\t\t\t\t<div class=\"elementor-container elementor-column-gap-default\">\n\t\t\t\t\t<div class=\"elementor-column elementor-col-100 elementor-top-column elementor-element elementor-element-a9fc79a\" data-id=\"a9fc79a\" data-element_type=\"column\">\n\t\t\t<div class=\"elementor-widget-wrap elementor-element-populated\">\n\t\t\t\t\t\t<div class=\"elementor-element elementor-element-aa35312 elementor-widget elementor-widget-bdt-advanced-heading\" data-id=\"aa35312\" data-element_type=\"widget\" data-widget_type=\"bdt-advanced-heading.default\">\n\t\t\t\t<div class=\"elementor-widget-container\">\n\t\t\t\t\t<div id =\"aa35312\" class=\"bdt-ep-advanced-heading\" data-settings=\"{&quot;titleMultiColor&quot;:&quot;no&quot;}\"><div class=\"bdt-ep-advanced-heading-content bdt-visible@m\"><div class=\"bdt-transform-origin-top-left\">Piel\u0119gniarstwa rodzinne dla po\u0142o\u017cnych<\/div><\/div><h2 class=\"bdt-ep-advanced-heading-title\"><span class=\"bdt-ep-advanced-heading-main-title\"><span class=\"bdt-ep-advanced-heading-main-title-inner\">Piel\u0119gniarstwa rodzinne dla po\u0142o\u017cnych<\/span><\/span><\/h2><\/div>\t\t\t\t<\/div>\n\t\t\t\t<\/div>\n\t\t\t\t<div class=\"elementor-element elementor-element-48eaf56 elementor-widget elementor-widget-text-editor\" data-id=\"48eaf56\" data-element_type=\"widget\" data-widget_type=\"text-editor.default\">\n\t\t\t\t<div class=\"elementor-widget-container\">\n\t\t\t\t\t\t\t\t\t<p><strong><br><\/strong><\/p><p><strong>Cel kszta\u0142cenia<\/strong><\/p>\n<p>Przygotowanie po\u0142o\u017cnej do samodzielnego udzielania profesjonalnych \u015bwiadcze\u0144 zdrowotnych na rzecz kobiety i jej rodziny w zdrowiu i ze wsp\u00f3\u0142istniej\u0105cymi problemami zdrowotnymi oraz do pe\u0142nienia roli propagatora zdrowia.<\/p>\n<p><strong>Kurs obejmuje \u0142\u0105cznie 321 godzin dydaktycznych<\/strong><\/p>\n<ul>\n<li>zaj\u0119cia teoretyczne \u2013160godzin,<\/li>\n<li>Zaj\u0119cia sta\u017cowe- 161 godzin.<\/li>\n<\/ul>\n<p>Zaj\u0119cia teoretyczne w systemie weekendowym:<\/p>\n<ul>\n<li>pi\u0105tek godz. 16:00<\/li>\n<li>sobota i niedziela godz. 9:00<\/li>\n<\/ul>\n<p>Zaj\u0119cia sta\u017cowe&nbsp; w wybrane dni powszednie od poniedzia\u0142ku do pi\u0105tku<\/p>\n<p><strong><u>Dokumenty niezb\u0119dne, aby przyst\u0105pi\u0107 do kursu:<\/u><\/strong><\/p>\n<ol>\n<li>wniosek wys\u0142any elektronicznie poprzez system SMK.<\/li>\n<\/ol>\n<p>Do wniosku w polu POTWIERDZENIE STA\u017bU PRACY nale\u017cy pod\u0142\u0105czy\u0107 skan lub zdj\u0119cia za\u015bwiadczenia z zak\u0142adu pracy\/\u015bwiadectwa pracy, z kt\u00f3rego wynika co najmniej 6-miesi\u0119czny sta\u017c w zawodzie piel\u0119gniarki\/piel\u0119gniarza<\/p>\n<ol start=\"2\">\n<li>wniosek o dofinansowanie dostarczony w wersji papierowej do sekretariatu 5-7 dni przed rozpocz\u0119ciem kursu ( w przypadku ubiegania si\u0119 o dofinansowanie z izb)<\/li>\n<\/ol>\t\t\t\t\t\t\t\t<\/div>\n\t\t\t\t<\/div>\n\t\t\t\t\t<\/div>\n\t\t<\/div>\n\t\t\t\t\t<\/div>\n\t\t<\/section>\n\t\t\t\t<section class=\"elementor-section elementor-top-section elementor-element elementor-element-ffa7408 elementor-section-boxed elementor-section-height-default elementor-section-height-default\" data-id=\"ffa7408\" data-element_type=\"section\">\n\t\t\t\t\t\t<div class=\"elementor-container elementor-column-gap-default\">\n\t\t\t\t\t<div class=\"elementor-column elementor-col-100 elementor-top-column elementor-element elementor-element-ee2a2f9\" data-id=\"ee2a2f9\" data-element_type=\"column\">\n\t\t\t<div class=\"elementor-widget-wrap elementor-element-populated\">\n\t\t\t\t\t\t<div class=\"elementor-element elementor-element-a2220d6 elementor-widget elementor-widget-text-editor\" data-id=\"a2220d6\" data-element_type=\"widget\" data-widget_type=\"text-editor.default\">\n\t\t\t\t<div class=\"elementor-widget-container\">\n\t\t\t\t\t\t\t\t\t<p><strong>Cena kursu- 1750,00 z\u0142<br \/><\/strong><strong>Cena kursu przy dofinansowaniu z WOIPiP to TYLKO 650,00 z\u0142<\/strong><\/p><p><strong><em>P\u0142atno\u015b\u0107 w dogodnych ratach !!!<\/em><\/strong><\/p>\t\t\t\t\t\t\t\t<\/div>\n\t\t\t\t<\/div>\n\t\t\t\t\t<\/div>\n\t\t<\/div>\n\t\t\t\t\t<\/div>\n\t\t<\/section>\n\t\t\t\t<section class=\"elementor-section elementor-top-section elementor-element elementor-element-91f1ce4 elementor-section-boxed elementor-section-height-default elementor-section-height-default\" data-id=\"91f1ce4\" data-element_type=\"section\">\n\t\t\t\t\t\t<div class=\"elementor-container elementor-column-gap-default\">\n\t\t\t\t\t<div class=\"elementor-column elementor-col-100 elementor-top-column elementor-element elementor-element-9f30a4f\" data-id=\"9f30a4f\" data-element_type=\"column\">\n\t\t\t<div class=\"elementor-widget-wrap elementor-element-populated\">\n\t\t\t\t\t\t<div class=\"elementor-element elementor-element-79e766e elementor-widget elementor-widget-text-editor\" data-id=\"79e766e\" data-element_type=\"widget\" data-widget_type=\"text-editor.default\">\n\t\t\t\t<div class=\"elementor-widget-container\">\n\t\t\t\t\t\t\t\t\t<p>Szczeg\u00f3\u0142owy program kursu:<br \/><a href=\"https:\/\/ckppip.edu.pl\/wp-content\/uploads\/2020\/10\/Pielegniarstwo-rodzinne-dla-poloznych.pdf\">https:\/\/ckppip.edu.pl\/wp-content\/uploads\/2020\/10\/Pielegniarstwo-rodzinne-dla-poloznych.pdf<\/a><\/p><p>Zapisy tylko i wy\u0142\u0105cznie przez system SMK:<br \/><a href=\"https:\/\/smk.ezdrowie.gov.pl\/login.jsp\">https:\/\/smk.ezdrowie.gov.pl\/login.jsp<\/a><\/p><p>Link do pobrania wniosku o dofinansowanie kszta\u0142cenia podyplomowego oraz z WOIPiP:<br \/><a href=\"http:\/\/woipip.pl\/ksztalcenie\/komplet-wnioskow\/\">http:\/\/woipip.pl\/ksztalcenie\/komplet-wnioskow\/<\/a><\/p>\t\t\t\t\t\t\t\t<\/div>\n\t\t\t\t<\/div>\n\t\t\t\t\t<\/div>\n\t\t<\/div>\n\t\t\t\t\t<\/div>\n\t\t<\/section>\n\t\t\t\t<\/div>\n\t\t","protected":false},"excerpt":{"rendered":"<p>Piel\u0119gniarstwa rodzinne dla po\u0142o\u017cnych Piel\u0119gniarstwa rodzinne dla po\u0142o\u017cnych Cel kszta\u0142cenia Przygotowanie po\u0142o\u017cnej do samodzielnego udzielania profesjonalnych \u015bwiadcze\u0144 zdrowotnych na rzecz kobiety i jej rodziny w zdrowiu i ze wsp\u00f3\u0142istniej\u0105cymi problemami zdrowotnymi oraz do pe\u0142nienia roli propagatora zdrowia. Kurs obejmuje \u0142\u0105cznie 321 godzin dydaktycznych zaj\u0119cia teoretyczne \u2013160godzin, Zaj\u0119cia sta\u017cowe- 161 godzin. Zaj\u0119cia teoretyczne w systemie weekendowym:&#8230;<\/p>\n","protected":false},"author":1,"featured_media":0,"parent":399,"menu_order":0,"comment_status":"closed","ping_status":"closed","template":"","meta":{"footnotes":""},"class_list":["post-526","page","type-page","status-publish","hentry"],"yoast_head":"<!-- This site is optimized with the Yoast SEO plugin v26.8 - https:\/\/yoast.com\/product\/yoast-seo-wordpress\/ -->\n<title>Piel\u0119gniarstwo rodzinne dla po\u0142o\u017cnych - Akademia zdrowia \u2013 Warszawa \u2013 Kursy zawodowe, szko\u0142y policealne<\/title>\n<meta name=\"description\" content=\"Piel\u0119gniarstwa rodzinne dla po\u0142o\u017cnychPiel\u0119gniarstwa rodzinne dla po\u0142o\u017cnych Cel kszta\u0142cenia Przygotowanie po\u0142o\u017cnej do samodzielnego udzielania\" \/>\n<meta name=\"robots\" content=\"index, follow, max-snippet:-1, max-image-preview:large, max-video-preview:-1\" \/>\n<link rel=\"canonical\" href=\"https:\/\/akademia-zdrowia.pl\/warszawa\/oferta-szkoleniowa\/ksztalcenie-pielegniarek-i-poloznych\/kursy-kwalifikacyjne\/pielegniarstwo-rodzinne-dla-poloznych\/\" \/>\n<meta property=\"og:locale\" content=\"pl_PL\" \/>\n<meta property=\"og:type\" content=\"article\" \/>\n<meta property=\"og:title\" content=\"Piel\u0119gniarstwo rodzinne dla po\u0142o\u017cnych - Akademia zdrowia \u2013 Warszawa \u2013 Kursy zawodowe, szko\u0142y policealne\" \/>\n<meta property=\"og:description\" content=\"Piel\u0119gniarstwa rodzinne dla po\u0142o\u017cnychPiel\u0119gniarstwa rodzinne dla po\u0142o\u017cnych Cel kszta\u0142cenia Przygotowanie po\u0142o\u017cnej do samodzielnego udzielania\" \/>\n<meta property=\"og:url\" content=\"https:\/\/akademia-zdrowia.pl\/warszawa\/oferta-szkoleniowa\/ksztalcenie-pielegniarek-i-poloznych\/kursy-kwalifikacyjne\/pielegniarstwo-rodzinne-dla-poloznych\/\" \/>\n<meta property=\"og:site_name\" content=\"Nowa kategoria kursu\" \/>\n<meta property=\"article:modified_time\" content=\"2022-02-28T12:34:33+00:00\" \/>\n<meta name=\"twitter:card\" content=\"summary_large_image\" \/>\n<meta name=\"twitter:label1\" content=\"Szacowany czas czytania\" \/>\n\t<meta name=\"twitter:data1\" content=\"2 minuty\" \/>\n<script type=\"application\/ld+json\" class=\"yoast-schema-graph\">{\"@context\":\"https:\/\/schema.org\",\"@graph\":[{\"@type\":\"WebPage\",\"@id\":\"https:\/\/akademia-zdrowia.pl\/warszawa\/oferta-szkoleniowa\/ksztalcenie-pielegniarek-i-poloznych\/kursy-kwalifikacyjne\/pielegniarstwo-rodzinne-dla-poloznych\/\",\"url\":\"https:\/\/akademia-zdrowia.pl\/warszawa\/oferta-szkoleniowa\/ksztalcenie-pielegniarek-i-poloznych\/kursy-kwalifikacyjne\/pielegniarstwo-rodzinne-dla-poloznych\/\",\"name\":\"Piel\u0119gniarstwo rodzinne dla po\u0142o\u017cnych - Akademia zdrowia \u2013 Warszawa \u2013 Kursy zawodowe, szko\u0142y policealne\",\"isPartOf\":{\"@id\":\"https:\/\/akademia-zdrowia.pl\/warszawa\/#website\"},\"datePublished\":\"2018-01-10T12:01:56+00:00\",\"dateModified\":\"2022-02-28T12:34:33+00:00\",\"description\":\"Piel\u0119gniarstwa rodzinne dla po\u0142o\u017cnychPiel\u0119gniarstwa rodzinne dla po\u0142o\u017cnych Cel kszta\u0142cenia Przygotowanie po\u0142o\u017cnej do samodzielnego udzielania\",\"breadcrumb\":{\"@id\":\"https:\/\/akademia-zdrowia.pl\/warszawa\/oferta-szkoleniowa\/ksztalcenie-pielegniarek-i-poloznych\/kursy-kwalifikacyjne\/pielegniarstwo-rodzinne-dla-poloznych\/#breadcrumb\"},\"inLanguage\":\"pl-PL\",\"potentialAction\":[{\"@type\":\"ReadAction\",\"target\":[\"https:\/\/akademia-zdrowia.pl\/warszawa\/oferta-szkoleniowa\/ksztalcenie-pielegniarek-i-poloznych\/kursy-kwalifikacyjne\/pielegniarstwo-rodzinne-dla-poloznych\/\"]}]},{\"@type\":\"BreadcrumbList\",\"@id\":\"https:\/\/akademia-zdrowia.pl\/warszawa\/oferta-szkoleniowa\/ksztalcenie-pielegniarek-i-poloznych\/kursy-kwalifikacyjne\/pielegniarstwo-rodzinne-dla-poloznych\/#breadcrumb\",\"itemListElement\":[{\"@type\":\"ListItem\",\"position\":1,\"name\":\"Strona g\u0142\u00f3wna\",\"item\":\"https:\/\/akademia-zdrowia.pl\/warszawa\/\"},{\"@type\":\"ListItem\",\"position\":2,\"name\":\"Oferta szkoleniowa\",\"item\":\"https:\/\/akademia-zdrowia.pl\/warszawa\/oferta-szkoleniowa\/\"},{\"@type\":\"ListItem\",\"position\":3,\"name\":\"Kszta\u0142cenie piel\u0119gniarek i po\u0142o\u017cnych\",\"item\":\"https:\/\/akademia-zdrowia.pl\/warszawa\/oferta-szkoleniowa\/ksztalcenie-pielegniarek-i-poloznych\/\"},{\"@type\":\"ListItem\",\"position\":4,\"name\":\"Kursy kwalifikacyjne\",\"item\":\"https:\/\/akademia-zdrowia.pl\/warszawa\/oferta-szkoleniowa\/ksztalcenie-pielegniarek-i-poloznych\/kursy-kwalifikacyjne\/\"},{\"@type\":\"ListItem\",\"position\":5,\"name\":\"Piel\u0119gniarstwo rodzinne dla po\u0142o\u017cnych\"}]},{\"@type\":\"WebSite\",\"@id\":\"https:\/\/akademia-zdrowia.pl\/warszawa\/#website\",\"url\":\"https:\/\/akademia-zdrowia.pl\/warszawa\/\",\"name\":\"Nowa kategoria kursu\",\"description\":\"Nowy kurs \",\"potentialAction\":[{\"@type\":\"SearchAction\",\"target\":{\"@type\":\"EntryPoint\",\"urlTemplate\":\"https:\/\/akademia-zdrowia.pl\/warszawa\/?s={search_term_string}\"},\"query-input\":{\"@type\":\"PropertyValueSpecification\",\"valueRequired\":true,\"valueName\":\"search_term_string\"}}],\"inLanguage\":\"pl-PL\"}]}<\/script>\n<!-- \/ Yoast SEO plugin. -->","yoast_head_json":{"title":"Piel\u0119gniarstwo rodzinne dla po\u0142o\u017cnych - Akademia zdrowia \u2013 Warszawa \u2013 Kursy zawodowe, szko\u0142y policealne","description":"Piel\u0119gniarstwa rodzinne dla po\u0142o\u017cnychPiel\u0119gniarstwa rodzinne dla po\u0142o\u017cnych Cel kszta\u0142cenia Przygotowanie po\u0142o\u017cnej do samodzielnego udzielania","robots":{"index":"index","follow":"follow","max-snippet":"max-snippet:-1","max-image-preview":"max-image-preview:large","max-video-preview":"max-video-preview:-1"},"canonical":"https:\/\/akademia-zdrowia.pl\/warszawa\/oferta-szkoleniowa\/ksztalcenie-pielegniarek-i-poloznych\/kursy-kwalifikacyjne\/pielegniarstwo-rodzinne-dla-poloznych\/","og_locale":"pl_PL","og_type":"article","og_title":"Piel\u0119gniarstwo rodzinne dla po\u0142o\u017cnych - Akademia zdrowia \u2013 Warszawa \u2013 Kursy zawodowe, szko\u0142y policealne","og_description":"Piel\u0119gniarstwa rodzinne dla po\u0142o\u017cnychPiel\u0119gniarstwa rodzinne dla po\u0142o\u017cnych Cel kszta\u0142cenia Przygotowanie po\u0142o\u017cnej do samodzielnego udzielania","og_url":"https:\/\/akademia-zdrowia.pl\/warszawa\/oferta-szkoleniowa\/ksztalcenie-pielegniarek-i-poloznych\/kursy-kwalifikacyjne\/pielegniarstwo-rodzinne-dla-poloznych\/","og_site_name":"Nowa kategoria kursu","article_modified_time":"2022-02-28T12:34:33+00:00","twitter_card":"summary_large_image","twitter_misc":{"Szacowany czas czytania":"2 minuty"},"schema":{"@context":"https:\/\/schema.org","@graph":[{"@type":"WebPage","@id":"https:\/\/akademia-zdrowia.pl\/warszawa\/oferta-szkoleniowa\/ksztalcenie-pielegniarek-i-poloznych\/kursy-kwalifikacyjne\/pielegniarstwo-rodzinne-dla-poloznych\/","url":"https:\/\/akademia-zdrowia.pl\/warszawa\/oferta-szkoleniowa\/ksztalcenie-pielegniarek-i-poloznych\/kursy-kwalifikacyjne\/pielegniarstwo-rodzinne-dla-poloznych\/","name":"Piel\u0119gniarstwo rodzinne dla po\u0142o\u017cnych - Akademia zdrowia \u2013 Warszawa \u2013 Kursy zawodowe, szko\u0142y policealne","isPartOf":{"@id":"https:\/\/akademia-zdrowia.pl\/warszawa\/#website"},"datePublished":"2018-01-10T12:01:56+00:00","dateModified":"2022-02-28T12:34:33+00:00","description":"Piel\u0119gniarstwa rodzinne dla po\u0142o\u017cnychPiel\u0119gniarstwa rodzinne dla po\u0142o\u017cnych Cel kszta\u0142cenia Przygotowanie po\u0142o\u017cnej do samodzielnego udzielania","breadcrumb":{"@id":"https:\/\/akademia-zdrowia.pl\/warszawa\/oferta-szkoleniowa\/ksztalcenie-pielegniarek-i-poloznych\/kursy-kwalifikacyjne\/pielegniarstwo-rodzinne-dla-poloznych\/#breadcrumb"},"inLanguage":"pl-PL","potentialAction":[{"@type":"ReadAction","target":["https:\/\/akademia-zdrowia.pl\/warszawa\/oferta-szkoleniowa\/ksztalcenie-pielegniarek-i-poloznych\/kursy-kwalifikacyjne\/pielegniarstwo-rodzinne-dla-poloznych\/"]}]},{"@type":"BreadcrumbList","@id":"https:\/\/akademia-zdrowia.pl\/warszawa\/oferta-szkoleniowa\/ksztalcenie-pielegniarek-i-poloznych\/kursy-kwalifikacyjne\/pielegniarstwo-rodzinne-dla-poloznych\/#breadcrumb","itemListElement":[{"@type":"ListItem","position":1,"name":"Strona g\u0142\u00f3wna","item":"https:\/\/akademia-zdrowia.pl\/warszawa\/"},{"@type":"ListItem","position":2,"name":"Oferta szkoleniowa","item":"https:\/\/akademia-zdrowia.pl\/warszawa\/oferta-szkoleniowa\/"},{"@type":"ListItem","position":3,"name":"Kszta\u0142cenie piel\u0119gniarek i po\u0142o\u017cnych","item":"https:\/\/akademia-zdrowia.pl\/warszawa\/oferta-szkoleniowa\/ksztalcenie-pielegniarek-i-poloznych\/"},{"@type":"ListItem","position":4,"name":"Kursy kwalifikacyjne","item":"https:\/\/akademia-zdrowia.pl\/warszawa\/oferta-szkoleniowa\/ksztalcenie-pielegniarek-i-poloznych\/kursy-kwalifikacyjne\/"},{"@type":"ListItem","position":5,"name":"Piel\u0119gniarstwo rodzinne dla po\u0142o\u017cnych"}]},{"@type":"WebSite","@id":"https:\/\/akademia-zdrowia.pl\/warszawa\/#website","url":"https:\/\/akademia-zdrowia.pl\/warszawa\/","name":"Nowa kategoria kursu","description":"Nowy kurs ","potentialAction":[{"@type":"SearchAction","target":{"@type":"EntryPoint","urlTemplate":"https:\/\/akademia-zdrowia.pl\/warszawa\/?s={search_term_string}"},"query-input":{"@type":"PropertyValueSpecification","valueRequired":true,"valueName":"search_term_string"}}],"inLanguage":"pl-PL"}]}},"_links":{"self":[{"href":"https:\/\/akademia-zdrowia.pl\/warszawa\/wp-json\/wp\/v2\/pages\/526","targetHints":{"allow":["GET"]}}],"collection":[{"href":"https:\/\/akademia-zdrowia.pl\/warszawa\/wp-json\/wp\/v2\/pages"}],"about":[{"href":"https:\/\/akademia-zdrowia.pl\/warszawa\/wp-json\/wp\/v2\/types\/page"}],"author":[{"embeddable":true,"href":"https:\/\/akademia-zdrowia.pl\/warszawa\/wp-json\/wp\/v2\/users\/1"}],"replies":[{"embeddable":true,"href":"https:\/\/akademia-zdrowia.pl\/warszawa\/wp-json\/wp\/v2\/comments?post=526"}],"version-history":[{"count":3,"href":"https:\/\/akademia-zdrowia.pl\/warszawa\/wp-json\/wp\/v2\/pages\/526\/revisions"}],"predecessor-version":[{"id":3050,"href":"https:\/\/akademia-zdrowia.pl\/warszawa\/wp-json\/wp\/v2\/pages\/526\/revisions\/3050"}],"up":[{"embeddable":true,"href":"https:\/\/akademia-zdrowia.pl\/warszawa\/wp-json\/wp\/v2\/pages\/399"}],"wp:attachment":[{"href":"https:\/\/akademia-zdrowia.pl\/warszawa\/wp-json\/wp\/v2\/media?parent=526"}],"curies":[{"name":"wp","href":"https:\/\/api.w.org\/{rel}","templated":true}]}}