{"id":53,"date":"2018-01-02T13:11:40","date_gmt":"2018-01-02T12:11:40","guid":{"rendered":"http:\/\/www.akademia-zdrowia.pl\/lodz\/?page_id=53"},"modified":"2024-09-24T13:13:17","modified_gmt":"2024-09-24T11:13:17","slug":"ksztalcenie-pielegniarek-i-poloznych","status":"publish","type":"page","link":"https:\/\/akademia-zdrowia.pl\/warszawa\/oferta-szkoleniowa\/ksztalcenie-pielegniarek-i-poloznych\/","title":{"rendered":"Kszta\u0142cenie piel\u0119gniarek i po\u0142o\u017cnych"},"content":{"rendered":"\t\t<div data-elementor-type=\"wp-page\" data-elementor-id=\"53\" class=\"elementor elementor-53\" data-elementor-post-type=\"page\">\n\t\t\t\t\t\t<section class=\"elementor-section elementor-top-section elementor-element elementor-element-3c923f0 elementor-section-boxed elementor-section-height-default elementor-section-height-default\" data-id=\"3c923f0\" data-element_type=\"section\">\n\t\t\t\t\t\t<div class=\"elementor-container elementor-column-gap-default\">\n\t\t\t\t\t<div class=\"elementor-column elementor-col-100 elementor-top-column elementor-element elementor-element-b9be90e\" data-id=\"b9be90e\" data-element_type=\"column\">\n\t\t\t<div class=\"elementor-widget-wrap elementor-element-populated\">\n\t\t\t\t\t\t<div class=\"elementor-element elementor-element-9592802 elementor-widget elementor-widget-rs-heading\" data-id=\"9592802\" data-element_type=\"widget\" data-widget_type=\"rs-heading.default\">\n\t\t\t\t<div class=\"elementor-widget-container\">\n\t\t\t\t\t        <div class=\"rs-heading default \">\r\n        \t<div class=\"title-inner\">\r\n        \t\t      \t\t\r\n\t            <span class=\"sub-text \">AKADEMIA ZDROWIA DLA MEDYCYNY<\/span><h2 class=\"title\"><span class=\"watermark\"><\/span>Kszta\u0142cenie piel\u0119gniarek i po\u0142o\u017cnych<\/h2>\t        <\/div>\r\n\t                <\/div>\r\n        \t\t\t\t<\/div>\n\t\t\t\t<\/div>\n\t\t\t\t\t<\/div>\n\t\t<\/div>\n\t\t\t\t\t<\/div>\n\t\t<\/section>\n\t\t\t\t<section class=\"elementor-section elementor-top-section elementor-element elementor-element-c3b27bd elementor-section-boxed elementor-section-height-default elementor-section-height-default\" data-id=\"c3b27bd\" data-element_type=\"section\">\n\t\t\t\t\t\t<div class=\"elementor-container elementor-column-gap-default\">\n\t\t\t\t\t<div class=\"elementor-column elementor-col-25 elementor-top-column elementor-element elementor-element-976b294\" data-id=\"976b294\" data-element_type=\"column\">\n\t\t\t<div class=\"elementor-widget-wrap elementor-element-populated\">\n\t\t\t\t\t\t<div class=\"elementor-element elementor-element-4bf1a43 elementor-widget elementor-widget-rs-image-hover-effect\" data-id=\"4bf1a43\" data-element_type=\"widget\" data-widget_type=\"rs-image-hover-effect.default\">\n\t\t\t\t<div class=\"elementor-widget-container\">\n\t\t\t\t\t\n        <div class=\"rs-image-hover-effect\">\n       \n                   \n\n            <div class=\"animation-effect default\">\n                \n                        \n                <div class=\"image-part\">\n                                            <div class=\"image-overlay\"><\/div>\n                                        <img fetchpriority=\"high\" decoding=\"async\" width=\"640\" height=\"427\" src=\"https:\/\/akademia-zdrowia.pl\/warszawa\/wp-content\/uploads\/2024\/09\/specjalizacyjne-768x512.png\" class=\"attachment-medium_large size-medium_large\" alt=\"\" srcset=\"https:\/\/akademia-zdrowia.pl\/warszawa\/wp-content\/uploads\/2024\/09\/specjalizacyjne-768x512.png 768w, https:\/\/akademia-zdrowia.pl\/warszawa\/wp-content\/uploads\/2024\/09\/specjalizacyjne-300x200.png 300w, https:\/\/akademia-zdrowia.pl\/warszawa\/wp-content\/uploads\/2024\/09\/specjalizacyjne-500x333.png 500w, https:\/\/akademia-zdrowia.pl\/warszawa\/wp-content\/uploads\/2024\/09\/specjalizacyjne.png 800w\" sizes=\"(max-width: 640px) 100vw, 640px\" \/> \n\n                                        <\/div>\n                                    <div class=\"image-content\">\n                         \n                         \n                                                    <div class=\"title-part\">\n                                                            \n                                <div class=\"image-title-part\">\n                                    <h2  class=\"image-title\"> <a href=\"\/warszawa\/oferta-szkoleniowa\/ksztalcenie-pielegniarek-i-poloznych\/kursy-specjalistyczne\/\" > Kursy specjalistyczne<\/a><\/h2>\n                                <\/div>\n                            <\/div>\n                            \n                            \n                                                            <div class=\"button-part top\">\n                                                                        <a class=\"btn-text image-btn icon-after\" href=\"\/warszawa\/oferta-szkoleniowa\/ksztalcenie-pielegniarek-i-poloznych\/kursy-specjalistyczne\/\" >             \n                                        <span class=\"btn-text\"> Zobacz szczeg\u00f3\u0142y<\/span>\n                                                                                    <i class=\"fa fa fa-angle-right\"><\/i>\n                                                                            <\/a>\n                                <\/div>\n                                                <\/div>                   \n                            <\/div>\n        <\/div>        \n    \t\t\t\t<\/div>\n\t\t\t\t<\/div>\n\t\t\t\t\t<\/div>\n\t\t<\/div>\n\t\t\t\t<div class=\"elementor-column elementor-col-25 elementor-top-column elementor-element elementor-element-b71088d\" data-id=\"b71088d\" data-element_type=\"column\">\n\t\t\t<div class=\"elementor-widget-wrap elementor-element-populated\">\n\t\t\t\t\t\t<div class=\"elementor-element elementor-element-247f19b elementor-widget elementor-widget-rs-image-hover-effect\" data-id=\"247f19b\" data-element_type=\"widget\" data-widget_type=\"rs-image-hover-effect.default\">\n\t\t\t\t<div class=\"elementor-widget-container\">\n\t\t\t\t\t\n        <div class=\"rs-image-hover-effect\">\n       \n                   \n\n            <div class=\"animation-effect default\">\n                \n                        \n                <div class=\"image-part\">\n                                            <div class=\"image-overlay\"><\/div>\n                                        <img decoding=\"async\" width=\"640\" height=\"427\" src=\"https:\/\/akademia-zdrowia.pl\/warszawa\/wp-content\/uploads\/2024\/09\/kursy-768x512.png\" class=\"attachment-medium_large size-medium_large\" alt=\"\" srcset=\"https:\/\/akademia-zdrowia.pl\/warszawa\/wp-content\/uploads\/2024\/09\/kursy-768x512.png 768w, https:\/\/akademia-zdrowia.pl\/warszawa\/wp-content\/uploads\/2024\/09\/kursy-300x200.png 300w, https:\/\/akademia-zdrowia.pl\/warszawa\/wp-content\/uploads\/2024\/09\/kursy-500x333.png 500w, https:\/\/akademia-zdrowia.pl\/warszawa\/wp-content\/uploads\/2024\/09\/kursy.png 800w\" sizes=\"(max-width: 640px) 100vw, 640px\" \/> \n\n                                        <\/div>\n                                    <div class=\"image-content\">\n                         \n                         \n                                                    <div class=\"title-part\">\n                                                            \n                                <div class=\"image-title-part\">\n                                    <h2  class=\"image-title\"> <a href=\"\/warszawa\/oferta-szkoleniowa\/ksztalcenie-pielegniarek-i-poloznych\/kursy-kwalifikacyjne\/\" >  Kursy kwalifikacyjne<\/a><\/h2>\n                                <\/div>\n                            <\/div>\n                            \n                            \n                                                            <div class=\"button-part top\">\n                                                                        <a class=\"btn-text image-btn icon-after\" href=\"\/warszawa\/oferta-szkoleniowa\/ksztalcenie-pielegniarek-i-poloznych\/kursy-kwalifikacyjne\/\" >             \n                                        <span class=\"btn-text\"> Zobacz szczeg\u00f3\u0142y<\/span>\n                                                                                    <i class=\"fa fa fa-angle-right\"><\/i>\n                                                                            <\/a>\n                                <\/div>\n                                                <\/div>                   \n                            <\/div>\n        <\/div>        \n    \t\t\t\t<\/div>\n\t\t\t\t<\/div>\n\t\t\t\t\t<\/div>\n\t\t<\/div>\n\t\t\t\t<div class=\"elementor-column elementor-col-25 elementor-top-column elementor-element elementor-element-2fe0897\" data-id=\"2fe0897\" data-element_type=\"column\">\n\t\t\t<div class=\"elementor-widget-wrap elementor-element-populated\">\n\t\t\t\t\t\t<div class=\"elementor-element elementor-element-d4c3134 elementor-widget elementor-widget-rs-image-hover-effect\" data-id=\"d4c3134\" data-element_type=\"widget\" data-widget_type=\"rs-image-hover-effect.default\">\n\t\t\t\t<div class=\"elementor-widget-container\">\n\t\t\t\t\t\n        <div class=\"rs-image-hover-effect\">\n       \n                   \n\n            <div class=\"animation-effect default\">\n                \n                        \n                <div class=\"image-part\">\n                                            <div class=\"image-overlay\"><\/div>\n                                        <img decoding=\"async\" width=\"640\" height=\"426\" src=\"https:\/\/akademia-zdrowia.pl\/warszawa\/wp-content\/uploads\/2024\/09\/specjalizacje-1-768x511.png\" class=\"attachment-medium_large size-medium_large\" alt=\"\" srcset=\"https:\/\/akademia-zdrowia.pl\/warszawa\/wp-content\/uploads\/2024\/09\/specjalizacje-1-768x511.png 768w, https:\/\/akademia-zdrowia.pl\/warszawa\/wp-content\/uploads\/2024\/09\/specjalizacje-1-300x200.png 300w, https:\/\/akademia-zdrowia.pl\/warszawa\/wp-content\/uploads\/2024\/09\/specjalizacje-1-500x333.png 500w, https:\/\/akademia-zdrowia.pl\/warszawa\/wp-content\/uploads\/2024\/09\/specjalizacje-1.png 1000w\" sizes=\"(max-width: 640px) 100vw, 640px\" \/> \n\n                                        <\/div>\n                                    <div class=\"image-content\">\n                         \n                         \n                                                    <div class=\"title-part\">\n                                                            \n                                <div class=\"image-title-part\">\n                                    <h2  class=\"image-title\"> <a href=\"\/warszawa\/oferta-szkoleniowa\/ksztalcenie-pielegniarek-i-poloznych\/specjalizacje\/\" > Specjalizacje<\/a><\/h2>\n                                <\/div>\n                            <\/div>\n                            \n                            \n                                                            <div class=\"button-part top\">\n                                                                        <a class=\"btn-text image-btn icon-after\" href=\"\/warszawa\/oferta-szkoleniowa\/ksztalcenie-pielegniarek-i-poloznych\/specjalizacje\/\" >             \n                                        <span class=\"btn-text\"> Zobacz szczeg\u00f3\u0142y<\/span>\n                                                                                    <i class=\"fa fa fa-angle-right\"><\/i>\n                                                                            <\/a>\n                                <\/div>\n                                                <\/div>                   \n                            <\/div>\n        <\/div>        \n    \t\t\t\t<\/div>\n\t\t\t\t<\/div>\n\t\t\t\t\t<\/div>\n\t\t<\/div>\n\t\t\t\t<div class=\"elementor-column elementor-col-25 elementor-top-column elementor-element elementor-element-4fa346d\" data-id=\"4fa346d\" data-element_type=\"column\">\n\t\t\t<div class=\"elementor-widget-wrap\">\n\t\t\t\t\t\t\t<\/div>\n\t\t<\/div>\n\t\t\t\t\t<\/div>\n\t\t<\/section>\n\t\t\t\t<section class=\"elementor-section elementor-top-section elementor-element elementor-element-4fbc4de elementor-section-boxed elementor-section-height-default elementor-section-height-default\" data-id=\"4fbc4de\" data-element_type=\"section\" data-settings=\"{&quot;background_background&quot;:&quot;classic&quot;}\">\n\t\t\t\t\t\t<div class=\"elementor-container elementor-column-gap-default\">\n\t\t\t\t\t<div class=\"elementor-column elementor-col-50 elementor-top-column elementor-element elementor-element-7183df6\" data-id=\"7183df6\" data-element_type=\"column\" data-settings=\"{&quot;background_background&quot;:&quot;classic&quot;}\">\n\t\t\t<div class=\"elementor-widget-wrap elementor-element-populated\">\n\t\t\t\t\t\t<div class=\"elementor-element elementor-element-f4cb1f9 elementor-widget-mobile__width-initial elementor-widget elementor-widget-rs-heading\" data-id=\"f4cb1f9\" data-element_type=\"widget\" data-widget_type=\"rs-heading.default\">\n\t\t\t\t<div class=\"elementor-widget-container\">\n\t\t\t\t\t        <div class=\"rs-heading default \">\r\n        \t<div class=\"title-inner\">\r\n        \t\t      \t\t\r\n\t            <span class=\"sub-text \">MASZ PYTANIA<\/span><h2 class=\"title\"><span class=\"watermark\"><\/span>Skontaktuj  si\u0119 z nami!<\/h2>\t        <\/div>\r\n\t                    \t<div class=\"description\">\r\n            \t\t<p>Kliknij aby zadzwoni\u0107 do opiekuna kurs\u00f3w.<\/p>            \t\t\r\n            \t<\/div>\r\n        \t        <\/div>\r\n        \t\t\t\t<\/div>\n\t\t\t\t<\/div>\n\t\t\t\t<div class=\"elementor-element elementor-element-f35eb6e elementor-widget elementor-widget-rs-button\" data-id=\"f35eb6e\" data-element_type=\"widget\" data-widget_type=\"rs-button.default\">\n\t\t\t\t<div class=\"elementor-widget-container\">\n\t\t\t\t\t\t\r\n\t\t\r\n\t\t<div class=\"rs-view-btn\">\r\n\t\t\t\t\t\t<a class=\"rs-btn rs-btnblack rs-btn-style1\" href=\"tel:+48228622960\" >\t\t\t\t\r\n\t\t\t\t<span class=\"rs_btn__text\"><span class=\"btn_text\">ZADZWO\u0143<\/span><\/span>\r\n\t\t\t<\/a>\r\n\t\t<\/div>    \r\n\t\t\t\t\t<\/div>\n\t\t\t\t<\/div>\n\t\t\t\t\t<\/div>\n\t\t<\/div>\n\t\t\t\t<div class=\"elementor-column elementor-col-50 elementor-top-column elementor-element elementor-element-9e00f93\" data-id=\"9e00f93\" data-element_type=\"column\">\n\t\t\t<div class=\"elementor-widget-wrap elementor-element-populated\">\n\t\t\t\t\t\t<div class=\"elementor-element elementor-element-388514a elementor-widget elementor-widget-rs-heading\" data-id=\"388514a\" data-element_type=\"widget\" data-widget_type=\"rs-heading.default\">\n\t\t\t\t<div class=\"elementor-widget-container\">\n\t\t\t\t\t        <div class=\"rs-heading default \">\r\n        \t<div class=\"title-inner\">\r\n        \t\t      \t\t\r\n\t            <span class=\"sub-text \">ZAUFANY PARTNER<\/span><h2 class=\"title\"><span class=\"watermark\"><\/span>Dlaczego warto wybra\u0107 nas<\/h2>\t        <\/div>\r\n\t                    \t<div class=\"description\">\r\n            \t\t<p>Zaufaj naszemu wieloletniemu do\u015bwiadczeniu i zespo\u0142owi specjalist\u00f3w. Oferujemy profesjonalne szkolenia, kt\u00f3re pomog\u0105 rozwija\u0107 Tw\u00f3j biznes. Wybieraj\u0105c nas, inwestujesz w sprawdzonego partnera, kt\u00f3ry wspiera sukces Twojej firmy. Skontaktuj si\u0119 z nami i zacznij rozwija\u0107 si\u0119 razem z nami!<\/p>            \t\t\r\n            \t<\/div>\r\n        \t        <\/div>\r\n        \t\t\t\t<\/div>\n\t\t\t\t<\/div>\n\t\t\t\t\t<\/div>\n\t\t<\/div>\n\t\t\t\t\t<\/div>\n\t\t<\/section>\n\t\t\t\t<\/div>\n\t\t","protected":false},"excerpt":{"rendered":"<p>AKADEMIA ZDROWIA DLA MEDYCYNY Kszta\u0142cenie piel\u0119gniarek i po\u0142o\u017cnych Kursy specjalistyczne Zobacz szczeg\u00f3\u0142y Kursy kwalifikacyjne Zobacz szczeg\u00f3\u0142y Specjalizacje Zobacz szczeg\u00f3\u0142y MASZ PYTANIA Skontaktuj si\u0119 z nami! Kliknij aby zadzwoni\u0107 do opiekuna kurs\u00f3w. ZADZWO\u0143 ZAUFANY PARTNER Dlaczego warto wybra\u0107 nas Zaufaj naszemu wieloletniemu do\u015bwiadczeniu i zespo\u0142owi specjalist\u00f3w. Oferujemy profesjonalne szkolenia, kt\u00f3re pomog\u0105 rozwija\u0107 Tw\u00f3j biznes. Wybieraj\u0105c nas,&#8230;<\/p>\n","protected":false},"author":1,"featured_media":0,"parent":29,"menu_order":0,"comment_status":"closed","ping_status":"closed","template":"","meta":{"footnotes":""},"class_list":["post-53","page","type-page","status-publish","hentry"],"yoast_head":"<!-- This site is optimized with the Yoast SEO plugin v26.8 - https:\/\/yoast.com\/product\/yoast-seo-wordpress\/ -->\n<title>Kszta\u0142cenie piel\u0119gniarek i po\u0142o\u017cnych - Akademia zdrowia \u2013 Warszawa \u2013 Kursy zawodowe, szko\u0142y policealne<\/title>\n<meta name=\"description\" content=\"AKADEMIA ZDROWIA DLA MEDYCYNYKszta\u0142cenie piel\u0119gniarek i po\u0142o\u017cnych Kursy specjalistyczne Zobacz szczeg\u00f3\u0142y Kursy kwalifikacyjne Zobacz szczeg\u00f3\u0142y\" \/>\n<meta name=\"robots\" content=\"index, follow, max-snippet:-1, max-image-preview:large, max-video-preview:-1\" \/>\n<link rel=\"canonical\" href=\"https:\/\/akademia-zdrowia.pl\/warszawa\/oferta-szkoleniowa\/ksztalcenie-pielegniarek-i-poloznych\/\" \/>\n<meta property=\"og:locale\" content=\"pl_PL\" \/>\n<meta property=\"og:type\" content=\"article\" \/>\n<meta property=\"og:title\" content=\"Kszta\u0142cenie piel\u0119gniarek i po\u0142o\u017cnych - Akademia zdrowia \u2013 Warszawa \u2013 Kursy zawodowe, szko\u0142y policealne\" \/>\n<meta property=\"og:description\" content=\"AKADEMIA ZDROWIA DLA MEDYCYNYKszta\u0142cenie piel\u0119gniarek i po\u0142o\u017cnych Kursy specjalistyczne Zobacz szczeg\u00f3\u0142y Kursy kwalifikacyjne Zobacz szczeg\u00f3\u0142y\" \/>\n<meta property=\"og:url\" content=\"https:\/\/akademia-zdrowia.pl\/warszawa\/oferta-szkoleniowa\/ksztalcenie-pielegniarek-i-poloznych\/\" \/>\n<meta property=\"og:site_name\" content=\"Nowa kategoria kursu\" \/>\n<meta property=\"article:modified_time\" content=\"2024-09-24T11:13:17+00:00\" \/>\n<meta property=\"og:image\" content=\"https:\/\/akademia-zdrowia.pl\/warszawa\/wp-content\/uploads\/2024\/09\/specjalizacyjne-768x512.png\" \/>\n<meta name=\"twitter:card\" content=\"summary_large_image\" \/>\n<meta name=\"twitter:label1\" content=\"Szacowany czas czytania\" \/>\n\t<meta name=\"twitter:data1\" content=\"2 minuty\" \/>\n<script type=\"application\/ld+json\" class=\"yoast-schema-graph\">{\"@context\":\"https:\/\/schema.org\",\"@graph\":[{\"@type\":\"WebPage\",\"@id\":\"https:\/\/akademia-zdrowia.pl\/warszawa\/oferta-szkoleniowa\/ksztalcenie-pielegniarek-i-poloznych\/\",\"url\":\"https:\/\/akademia-zdrowia.pl\/warszawa\/oferta-szkoleniowa\/ksztalcenie-pielegniarek-i-poloznych\/\",\"name\":\"Kszta\u0142cenie piel\u0119gniarek i po\u0142o\u017cnych - Akademia zdrowia \u2013 Warszawa \u2013 Kursy zawodowe, szko\u0142y policealne\",\"isPartOf\":{\"@id\":\"https:\/\/akademia-zdrowia.pl\/warszawa\/#website\"},\"primaryImageOfPage\":{\"@id\":\"https:\/\/akademia-zdrowia.pl\/warszawa\/oferta-szkoleniowa\/ksztalcenie-pielegniarek-i-poloznych\/#primaryimage\"},\"image\":{\"@id\":\"https:\/\/akademia-zdrowia.pl\/warszawa\/oferta-szkoleniowa\/ksztalcenie-pielegniarek-i-poloznych\/#primaryimage\"},\"thumbnailUrl\":\"https:\/\/akademia-zdrowia.pl\/warszawa\/wp-content\/uploads\/2024\/09\/specjalizacyjne-768x512.png\",\"datePublished\":\"2018-01-02T12:11:40+00:00\",\"dateModified\":\"2024-09-24T11:13:17+00:00\",\"description\":\"AKADEMIA ZDROWIA DLA MEDYCYNYKszta\u0142cenie piel\u0119gniarek i po\u0142o\u017cnych Kursy specjalistyczne Zobacz szczeg\u00f3\u0142y Kursy kwalifikacyjne Zobacz szczeg\u00f3\u0142y\",\"breadcrumb\":{\"@id\":\"https:\/\/akademia-zdrowia.pl\/warszawa\/oferta-szkoleniowa\/ksztalcenie-pielegniarek-i-poloznych\/#breadcrumb\"},\"inLanguage\":\"pl-PL\",\"potentialAction\":[{\"@type\":\"ReadAction\",\"target\":[\"https:\/\/akademia-zdrowia.pl\/warszawa\/oferta-szkoleniowa\/ksztalcenie-pielegniarek-i-poloznych\/\"]}]},{\"@type\":\"ImageObject\",\"inLanguage\":\"pl-PL\",\"@id\":\"https:\/\/akademia-zdrowia.pl\/warszawa\/oferta-szkoleniowa\/ksztalcenie-pielegniarek-i-poloznych\/#primaryimage\",\"url\":\"https:\/\/akademia-zdrowia.pl\/warszawa\/wp-content\/uploads\/2024\/09\/specjalizacyjne.png\",\"contentUrl\":\"https:\/\/akademia-zdrowia.pl\/warszawa\/wp-content\/uploads\/2024\/09\/specjalizacyjne.png\",\"width\":800,\"height\":533},{\"@type\":\"BreadcrumbList\",\"@id\":\"https:\/\/akademia-zdrowia.pl\/warszawa\/oferta-szkoleniowa\/ksztalcenie-pielegniarek-i-poloznych\/#breadcrumb\",\"itemListElement\":[{\"@type\":\"ListItem\",\"position\":1,\"name\":\"Strona g\u0142\u00f3wna\",\"item\":\"https:\/\/akademia-zdrowia.pl\/warszawa\/\"},{\"@type\":\"ListItem\",\"position\":2,\"name\":\"Oferta szkoleniowa\",\"item\":\"https:\/\/akademia-zdrowia.pl\/warszawa\/oferta-szkoleniowa\/\"},{\"@type\":\"ListItem\",\"position\":3,\"name\":\"Kszta\u0142cenie piel\u0119gniarek i po\u0142o\u017cnych\"}]},{\"@type\":\"WebSite\",\"@id\":\"https:\/\/akademia-zdrowia.pl\/warszawa\/#website\",\"url\":\"https:\/\/akademia-zdrowia.pl\/warszawa\/\",\"name\":\"Nowa kategoria kursu\",\"description\":\"Nowy kurs \",\"potentialAction\":[{\"@type\":\"SearchAction\",\"target\":{\"@type\":\"EntryPoint\",\"urlTemplate\":\"https:\/\/akademia-zdrowia.pl\/warszawa\/?s={search_term_string}\"},\"query-input\":{\"@type\":\"PropertyValueSpecification\",\"valueRequired\":true,\"valueName\":\"search_term_string\"}}],\"inLanguage\":\"pl-PL\"}]}<\/script>\n<!-- \/ Yoast SEO plugin. -->","yoast_head_json":{"title":"Kszta\u0142cenie piel\u0119gniarek i po\u0142o\u017cnych - Akademia zdrowia \u2013 Warszawa \u2013 Kursy zawodowe, szko\u0142y policealne","description":"AKADEMIA ZDROWIA DLA MEDYCYNYKszta\u0142cenie piel\u0119gniarek i po\u0142o\u017cnych Kursy specjalistyczne Zobacz szczeg\u00f3\u0142y Kursy kwalifikacyjne Zobacz szczeg\u00f3\u0142y","robots":{"index":"index","follow":"follow","max-snippet":"max-snippet:-1","max-image-preview":"max-image-preview:large","max-video-preview":"max-video-preview:-1"},"canonical":"https:\/\/akademia-zdrowia.pl\/warszawa\/oferta-szkoleniowa\/ksztalcenie-pielegniarek-i-poloznych\/","og_locale":"pl_PL","og_type":"article","og_title":"Kszta\u0142cenie piel\u0119gniarek i po\u0142o\u017cnych - Akademia zdrowia \u2013 Warszawa \u2013 Kursy zawodowe, szko\u0142y policealne","og_description":"AKADEMIA ZDROWIA DLA MEDYCYNYKszta\u0142cenie piel\u0119gniarek i po\u0142o\u017cnych Kursy specjalistyczne Zobacz szczeg\u00f3\u0142y Kursy kwalifikacyjne Zobacz szczeg\u00f3\u0142y","og_url":"https:\/\/akademia-zdrowia.pl\/warszawa\/oferta-szkoleniowa\/ksztalcenie-pielegniarek-i-poloznych\/","og_site_name":"Nowa kategoria kursu","article_modified_time":"2024-09-24T11:13:17+00:00","og_image":[{"url":"https:\/\/akademia-zdrowia.pl\/warszawa\/wp-content\/uploads\/2024\/09\/specjalizacyjne-768x512.png","type":"","width":"","height":""}],"twitter_card":"summary_large_image","twitter_misc":{"Szacowany czas czytania":"2 minuty"},"schema":{"@context":"https:\/\/schema.org","@graph":[{"@type":"WebPage","@id":"https:\/\/akademia-zdrowia.pl\/warszawa\/oferta-szkoleniowa\/ksztalcenie-pielegniarek-i-poloznych\/","url":"https:\/\/akademia-zdrowia.pl\/warszawa\/oferta-szkoleniowa\/ksztalcenie-pielegniarek-i-poloznych\/","name":"Kszta\u0142cenie piel\u0119gniarek i po\u0142o\u017cnych - Akademia zdrowia \u2013 Warszawa \u2013 Kursy zawodowe, szko\u0142y policealne","isPartOf":{"@id":"https:\/\/akademia-zdrowia.pl\/warszawa\/#website"},"primaryImageOfPage":{"@id":"https:\/\/akademia-zdrowia.pl\/warszawa\/oferta-szkoleniowa\/ksztalcenie-pielegniarek-i-poloznych\/#primaryimage"},"image":{"@id":"https:\/\/akademia-zdrowia.pl\/warszawa\/oferta-szkoleniowa\/ksztalcenie-pielegniarek-i-poloznych\/#primaryimage"},"thumbnailUrl":"https:\/\/akademia-zdrowia.pl\/warszawa\/wp-content\/uploads\/2024\/09\/specjalizacyjne-768x512.png","datePublished":"2018-01-02T12:11:40+00:00","dateModified":"2024-09-24T11:13:17+00:00","description":"AKADEMIA ZDROWIA DLA MEDYCYNYKszta\u0142cenie piel\u0119gniarek i po\u0142o\u017cnych Kursy specjalistyczne Zobacz szczeg\u00f3\u0142y Kursy kwalifikacyjne Zobacz szczeg\u00f3\u0142y","breadcrumb":{"@id":"https:\/\/akademia-zdrowia.pl\/warszawa\/oferta-szkoleniowa\/ksztalcenie-pielegniarek-i-poloznych\/#breadcrumb"},"inLanguage":"pl-PL","potentialAction":[{"@type":"ReadAction","target":["https:\/\/akademia-zdrowia.pl\/warszawa\/oferta-szkoleniowa\/ksztalcenie-pielegniarek-i-poloznych\/"]}]},{"@type":"ImageObject","inLanguage":"pl-PL","@id":"https:\/\/akademia-zdrowia.pl\/warszawa\/oferta-szkoleniowa\/ksztalcenie-pielegniarek-i-poloznych\/#primaryimage","url":"https:\/\/akademia-zdrowia.pl\/warszawa\/wp-content\/uploads\/2024\/09\/specjalizacyjne.png","contentUrl":"https:\/\/akademia-zdrowia.pl\/warszawa\/wp-content\/uploads\/2024\/09\/specjalizacyjne.png","width":800,"height":533},{"@type":"BreadcrumbList","@id":"https:\/\/akademia-zdrowia.pl\/warszawa\/oferta-szkoleniowa\/ksztalcenie-pielegniarek-i-poloznych\/#breadcrumb","itemListElement":[{"@type":"ListItem","position":1,"name":"Strona g\u0142\u00f3wna","item":"https:\/\/akademia-zdrowia.pl\/warszawa\/"},{"@type":"ListItem","position":2,"name":"Oferta szkoleniowa","item":"https:\/\/akademia-zdrowia.pl\/warszawa\/oferta-szkoleniowa\/"},{"@type":"ListItem","position":3,"name":"Kszta\u0142cenie piel\u0119gniarek i po\u0142o\u017cnych"}]},{"@type":"WebSite","@id":"https:\/\/akademia-zdrowia.pl\/warszawa\/#website","url":"https:\/\/akademia-zdrowia.pl\/warszawa\/","name":"Nowa kategoria kursu","description":"Nowy kurs ","potentialAction":[{"@type":"SearchAction","target":{"@type":"EntryPoint","urlTemplate":"https:\/\/akademia-zdrowia.pl\/warszawa\/?s={search_term_string}"},"query-input":{"@type":"PropertyValueSpecification","valueRequired":true,"valueName":"search_term_string"}}],"inLanguage":"pl-PL"}]}},"_links":{"self":[{"href":"https:\/\/akademia-zdrowia.pl\/warszawa\/wp-json\/wp\/v2\/pages\/53","targetHints":{"allow":["GET"]}}],"collection":[{"href":"https:\/\/akademia-zdrowia.pl\/warszawa\/wp-json\/wp\/v2\/pages"}],"about":[{"href":"https:\/\/akademia-zdrowia.pl\/warszawa\/wp-json\/wp\/v2\/types\/page"}],"author":[{"embeddable":true,"href":"https:\/\/akademia-zdrowia.pl\/warszawa\/wp-json\/wp\/v2\/users\/1"}],"replies":[{"embeddable":true,"href":"https:\/\/akademia-zdrowia.pl\/warszawa\/wp-json\/wp\/v2\/comments?post=53"}],"version-history":[{"count":35,"href":"https:\/\/akademia-zdrowia.pl\/warszawa\/wp-json\/wp\/v2\/pages\/53\/revisions"}],"predecessor-version":[{"id":6163,"href":"https:\/\/akademia-zdrowia.pl\/warszawa\/wp-json\/wp\/v2\/pages\/53\/revisions\/6163"}],"up":[{"embeddable":true,"href":"https:\/\/akademia-zdrowia.pl\/warszawa\/wp-json\/wp\/v2\/pages\/29"}],"wp:attachment":[{"href":"https:\/\/akademia-zdrowia.pl\/warszawa\/wp-json\/wp\/v2\/media?parent=53"}],"curies":[{"name":"wp","href":"https:\/\/api.w.org\/{rel}","templated":true}]}}