{"id":531,"date":"2018-01-10T13:08:36","date_gmt":"2018-01-10T12:08:36","guid":{"rendered":"http:\/\/www.akademia-zdrowia.pl\/lodz\/?page_id=531"},"modified":"2022-02-28T14:06:54","modified_gmt":"2022-02-28T13:06:54","slug":"pielegniarstwo-chirurgiczne","status":"publish","type":"page","link":"https:\/\/akademia-zdrowia.pl\/warszawa\/oferta-szkoleniowa\/ksztalcenie-pielegniarek-i-poloznych\/specjalizacje\/pielegniarstwo-chirurgiczne\/","title":{"rendered":"Piel\u0119gniarstwo chirurgiczne"},"content":{"rendered":"\t\t<div data-elementor-type=\"wp-page\" data-elementor-id=\"531\" class=\"elementor elementor-531\" data-elementor-post-type=\"page\">\n\t\t\t\t\t\t<section class=\"elementor-section elementor-top-section elementor-element elementor-element-04a86ec elementor-section-boxed elementor-section-height-default elementor-section-height-default\" data-id=\"04a86ec\" data-element_type=\"section\">\n\t\t\t\t\t\t<div class=\"elementor-container elementor-column-gap-default\">\n\t\t\t\t\t<div class=\"elementor-column elementor-col-100 elementor-top-column elementor-element elementor-element-62bc2d0\" data-id=\"62bc2d0\" data-element_type=\"column\">\n\t\t\t<div class=\"elementor-widget-wrap elementor-element-populated\">\n\t\t\t\t\t\t<div class=\"elementor-element elementor-element-949f83e elementor-invisible elementor-widget elementor-widget-bdt-advanced-heading\" data-id=\"949f83e\" data-element_type=\"widget\" data-settings=\"{&quot;_animation&quot;:&quot;fadeInDown&quot;}\" data-widget_type=\"bdt-advanced-heading.default\">\n\t\t\t\t<div class=\"elementor-widget-container\">\n\t\t\t\t\t<div id =\"949f83e\" class=\"bdt-ep-advanced-heading\" data-settings=\"{&quot;titleMultiColor&quot;:&quot;no&quot;}\"><div class=\"bdt-ep-advanced-heading-content bdt-visible@m\"><div class=\"bdt-transform-origin-top-left\">Specjalizacja w dziedzinie Piel\u0119gniarstwa chirurgicznego <\/div><\/div><h2 class=\"bdt-ep-advanced-heading-title\"><span class=\"bdt-ep-advanced-heading-main-title\"><span class=\"bdt-ep-advanced-heading-main-title-inner\">Specjalizacja w dziedzinie Piel\u0119gniarstwa chirurgicznego dla piel\u0119gniarek\/piel\u0119gniarzy<\/span><\/span><\/h2><\/div>\t\t\t\t<\/div>\n\t\t\t\t<\/div>\n\t\t\t\t\t<\/div>\n\t\t<\/div>\n\t\t\t\t\t<\/div>\n\t\t<\/section>\n\t\t\t\t<section class=\"elementor-section elementor-top-section elementor-element elementor-element-a9c2062 elementor-section-boxed elementor-section-height-default elementor-section-height-default\" data-id=\"a9c2062\" data-element_type=\"section\">\n\t\t\t\t\t\t<div class=\"elementor-container elementor-column-gap-default\">\n\t\t\t\t\t<div class=\"elementor-column elementor-col-100 elementor-top-column elementor-element elementor-element-34e0092\" data-id=\"34e0092\" data-element_type=\"column\">\n\t\t\t<div class=\"elementor-widget-wrap elementor-element-populated\">\n\t\t\t\t\t\t<div class=\"elementor-element elementor-element-97ff901 elementor-widget elementor-widget-text-editor\" data-id=\"97ff901\" data-element_type=\"widget\" data-widget_type=\"text-editor.default\">\n\t\t\t\t<div class=\"elementor-widget-container\">\n\t\t\t\t\t\t\t\t\t<p><strong>I. Cel kszta\u0142cenia<\/strong> <br \/>Przygotowanie piel\u0119gniarki do samodzielnego wykonywania specjalistycznych \u015bwiadcze\u0144 zdrowotnych w dziedzinie piel\u0119gniarstwa chirurgicznego, pe\u0142nienia roli lidera i wdra\u017cania do praktyki piel\u0119gniarskiej zmian potwierdzonych dowodami naukowymi a tak\u017ce do oceny rozwoju w\u0142asnego i cz\u0142onk\u00f3w zespo\u0142u piel\u0119gniarskiego oraz uczestniczenia w projektowaniu i prowadzeniu kszta\u0142cenia zawodowego oraz podyplomowego piel\u0119gniarek i przedstawicieli innych zawod\u00f3w medycznych.<\/p><p><strong>II. Czas trwania specjalizacji zgodnie z Rozporz\u0105dzeniem nie kr\u00f3cej ni\u017c 15 miesi\u0119cy i nie d\u0142u\u017cej ni\u017c 20 miesi\u0119cy<\/strong><\/p><ol><li>\u0141\u0105czna liczba godzin przeznaczonych na realizacj\u0119 programu szkolenia specjalizacyjnego w kontakcie z wyk\u0142adowc\u0105\/opiekunem sta\u017cu wynosi <strong>840 <\/strong>godzin dydaktycznych:<\/li><\/ol><p>zaj\u0119cia teoretyczne \u2013 <strong>390<\/strong>godzin<\/p><p>zaj\u0119cia praktyczne \u2013 <strong>450 <\/strong>godzin<\/p><p>*168 godzin Organizator Kszta\u0142cenia mo\u017ce przeznaczy\u0107 na samokszta\u0142cenie \u2013 prac\u0119 w\u0142asn\u0105 Uczestnika specjalizacji<\/p><p><strong>III. System prowadzenia zaj\u0119\u0107<\/strong><\/p><p>Zaj\u0119cia teoretyczne w systemie weekendowym dwa razy w miesi\u0105cu: \u00a0:<\/p><ul><li>pi\u0105tek godz. 16:00<\/li><li>sobota i niedziela godz. 9:00<\/li><\/ul><p>Zaj\u0119cia sta\u017cowe\u00a0 w wybrane dni powszednie od poniedzia\u0142ku do pi\u0105tku.<\/p><p><strong><u>Dokumenty niezb\u0119dne, aby przyst\u0105pi\u0107 do specjalizacji:<\/u><\/strong><\/p><ol><li>wniosek wys\u0142any elektronicznie poprzez system SMK.<\/li><\/ol><p>Do wniosku w polu POTWIERDZENIE STA\u017bU PRACY nale\u017cy pod\u0142\u0105czy\u0107 skan lub zdj\u0119cia za\u015bwiadczenia z zak\u0142adu pracy\/\u015bwiadectwa pracy, z kt\u00f3rego wynika co najmniej 2-letni sta\u017c w zawodzie piel\u0119gniarki\/piel\u0119gniarza<\/p><ol start=\"2\"><li>wniosek o dofinansowanie dostarczony w wersji papierowej do sekretariatu w dniu rozpocz\u0119cia specjalizacji<\/li><\/ol>\t\t\t\t\t\t\t\t<\/div>\n\t\t\t\t<\/div>\n\t\t\t\t\t<\/div>\n\t\t<\/div>\n\t\t\t\t\t<\/div>\n\t\t<\/section>\n\t\t\t\t<section class=\"elementor-section elementor-top-section elementor-element elementor-element-f5fa938 elementor-section-boxed elementor-section-height-default elementor-section-height-default\" data-id=\"f5fa938\" data-element_type=\"section\">\n\t\t\t\t\t\t<div class=\"elementor-container elementor-column-gap-default\">\n\t\t\t\t\t<div class=\"elementor-column elementor-col-100 elementor-top-column elementor-element elementor-element-10b3c15\" data-id=\"10b3c15\" data-element_type=\"column\">\n\t\t\t<div class=\"elementor-widget-wrap elementor-element-populated\">\n\t\t\t\t\t\t<div class=\"elementor-element elementor-element-59a8157 elementor-widget elementor-widget-text-editor\" data-id=\"59a8157\" data-element_type=\"widget\" data-widget_type=\"text-editor.default\">\n\t\t\t\t<div class=\"elementor-widget-container\">\n\t\t\t\t\t\t\t\t\t<p><strong>Cena kursu- 2400,00 z\u0142<br \/><\/strong><strong>Cena kursu przy dofinansowaniu z WOIPiP to TYLKO 600,00 z\u0142<\/strong><\/p><p><strong><em>\u00a0P\u0142atno\u015b\u0107 w dogodnych ratach !!!<\/em><\/strong><\/p>\t\t\t\t\t\t\t\t<\/div>\n\t\t\t\t<\/div>\n\t\t\t\t\t<\/div>\n\t\t<\/div>\n\t\t\t\t\t<\/div>\n\t\t<\/section>\n\t\t\t\t<section class=\"elementor-section elementor-top-section elementor-element elementor-element-ab2af0a elementor-section-boxed elementor-section-height-default elementor-section-height-default\" data-id=\"ab2af0a\" data-element_type=\"section\">\n\t\t\t\t\t\t<div class=\"elementor-container elementor-column-gap-default\">\n\t\t\t\t\t<div class=\"elementor-column elementor-col-100 elementor-top-column elementor-element elementor-element-bcc4d9c\" data-id=\"bcc4d9c\" data-element_type=\"column\">\n\t\t\t<div class=\"elementor-widget-wrap elementor-element-populated\">\n\t\t\t\t\t\t<div class=\"elementor-element elementor-element-6bb3baf elementor-widget elementor-widget-text-editor\" data-id=\"6bb3baf\" data-element_type=\"widget\" data-widget_type=\"text-editor.default\">\n\t\t\t\t<div class=\"elementor-widget-container\">\n\t\t\t\t\t\t\t\t\t<p>Szczeg\u00f3\u0142owy program kursu:<br \/><a href=\"https:\/\/ckppip.edu.pl\/wp-content\/uploads\/2020\/10\/Specjalizacja-w-dz.-piel.-chirurgicznego.pdf\">https:\/\/ckppip.edu.pl\/wp-content\/uploads\/2020\/10\/Specjalizacja-w-dz.-piel.-chirurgicznego.pdf<\/a><\/p><p>Zapisy tylko i wy\u0142\u0105cznie przez system SMK:<br \/><a href=\"https:\/\/smk.ezdrowie.gov.pl\/login.jsp\">https:\/\/smk.ezdrowie.gov.pl\/login.jsp<\/a><\/p><p>Link do pobrania wniosku o dofinansowanie kszta\u0142cenia podyplomowego oraz z WOIPiP:<br \/><a href=\"http:\/\/woipip.pl\/ksztalcenie\/komplet-wnioskow\/\">http:\/\/woipip.pl\/ksztalcenie\/komplet-wnioskow\/<\/a><\/p>\t\t\t\t\t\t\t\t<\/div>\n\t\t\t\t<\/div>\n\t\t\t\t\t<\/div>\n\t\t<\/div>\n\t\t\t\t\t<\/div>\n\t\t<\/section>\n\t\t\t\t<\/div>\n\t\t","protected":false},"excerpt":{"rendered":"<p>Specjalizacja w dziedzinie Piel\u0119gniarstwa chirurgicznego Specjalizacja w dziedzinie Piel\u0119gniarstwa chirurgicznego dla piel\u0119gniarek\/piel\u0119gniarzy I. Cel kszta\u0142cenia Przygotowanie piel\u0119gniarki do samodzielnego wykonywania specjalistycznych \u015bwiadcze\u0144 zdrowotnych w dziedzinie piel\u0119gniarstwa chirurgicznego, pe\u0142nienia roli lidera i wdra\u017cania do praktyki piel\u0119gniarskiej zmian potwierdzonych dowodami naukowymi a tak\u017ce do oceny rozwoju w\u0142asnego i cz\u0142onk\u00f3w zespo\u0142u piel\u0119gniarskiego oraz uczestniczenia w projektowaniu i prowadzeniu&#8230;<\/p>\n","protected":false},"author":1,"featured_media":0,"parent":401,"menu_order":0,"comment_status":"closed","ping_status":"closed","template":"","meta":{"footnotes":""},"class_list":["post-531","page","type-page","status-publish","hentry"],"yoast_head":"<!-- This site is optimized with the Yoast SEO plugin v26.8 - https:\/\/yoast.com\/product\/yoast-seo-wordpress\/ -->\n<title>Piel\u0119gniarstwo chirurgiczne - Akademia zdrowia \u2013 Warszawa \u2013 Kursy zawodowe, szko\u0142y policealne<\/title>\n<meta name=\"description\" content=\"Specjalizacja w dziedzinie Piel\u0119gniarstwa chirurgicznego Specjalizacja w dziedzinie Piel\u0119gniarstwa chirurgicznego dla piel\u0119gniarek\/piel\u0119gniarzy I. Cel\" \/>\n<meta name=\"robots\" content=\"index, follow, max-snippet:-1, max-image-preview:large, max-video-preview:-1\" \/>\n<link rel=\"canonical\" href=\"https:\/\/akademia-zdrowia.pl\/warszawa\/oferta-szkoleniowa\/ksztalcenie-pielegniarek-i-poloznych\/specjalizacje\/pielegniarstwo-chirurgiczne\/\" \/>\n<meta property=\"og:locale\" content=\"pl_PL\" \/>\n<meta property=\"og:type\" content=\"article\" \/>\n<meta property=\"og:title\" content=\"Piel\u0119gniarstwo chirurgiczne - Akademia zdrowia \u2013 Warszawa \u2013 Kursy zawodowe, szko\u0142y policealne\" \/>\n<meta property=\"og:description\" content=\"Specjalizacja w dziedzinie Piel\u0119gniarstwa chirurgicznego Specjalizacja w dziedzinie Piel\u0119gniarstwa chirurgicznego dla piel\u0119gniarek\/piel\u0119gniarzy I. Cel\" \/>\n<meta property=\"og:url\" content=\"https:\/\/akademia-zdrowia.pl\/warszawa\/oferta-szkoleniowa\/ksztalcenie-pielegniarek-i-poloznych\/specjalizacje\/pielegniarstwo-chirurgiczne\/\" \/>\n<meta property=\"og:site_name\" content=\"Nowa kategoria kursu\" \/>\n<meta property=\"article:modified_time\" content=\"2022-02-28T13:06:54+00:00\" \/>\n<meta name=\"twitter:card\" content=\"summary_large_image\" \/>\n<meta name=\"twitter:label1\" content=\"Szacowany czas czytania\" \/>\n\t<meta name=\"twitter:data1\" content=\"2 minuty\" \/>\n<script type=\"application\/ld+json\" class=\"yoast-schema-graph\">{\"@context\":\"https:\/\/schema.org\",\"@graph\":[{\"@type\":\"WebPage\",\"@id\":\"https:\/\/akademia-zdrowia.pl\/warszawa\/oferta-szkoleniowa\/ksztalcenie-pielegniarek-i-poloznych\/specjalizacje\/pielegniarstwo-chirurgiczne\/\",\"url\":\"https:\/\/akademia-zdrowia.pl\/warszawa\/oferta-szkoleniowa\/ksztalcenie-pielegniarek-i-poloznych\/specjalizacje\/pielegniarstwo-chirurgiczne\/\",\"name\":\"Piel\u0119gniarstwo chirurgiczne - Akademia zdrowia \u2013 Warszawa \u2013 Kursy zawodowe, szko\u0142y policealne\",\"isPartOf\":{\"@id\":\"https:\/\/akademia-zdrowia.pl\/warszawa\/#website\"},\"datePublished\":\"2018-01-10T12:08:36+00:00\",\"dateModified\":\"2022-02-28T13:06:54+00:00\",\"description\":\"Specjalizacja w dziedzinie Piel\u0119gniarstwa chirurgicznego Specjalizacja w dziedzinie Piel\u0119gniarstwa chirurgicznego dla piel\u0119gniarek\/piel\u0119gniarzy I. Cel\",\"breadcrumb\":{\"@id\":\"https:\/\/akademia-zdrowia.pl\/warszawa\/oferta-szkoleniowa\/ksztalcenie-pielegniarek-i-poloznych\/specjalizacje\/pielegniarstwo-chirurgiczne\/#breadcrumb\"},\"inLanguage\":\"pl-PL\",\"potentialAction\":[{\"@type\":\"ReadAction\",\"target\":[\"https:\/\/akademia-zdrowia.pl\/warszawa\/oferta-szkoleniowa\/ksztalcenie-pielegniarek-i-poloznych\/specjalizacje\/pielegniarstwo-chirurgiczne\/\"]}]},{\"@type\":\"BreadcrumbList\",\"@id\":\"https:\/\/akademia-zdrowia.pl\/warszawa\/oferta-szkoleniowa\/ksztalcenie-pielegniarek-i-poloznych\/specjalizacje\/pielegniarstwo-chirurgiczne\/#breadcrumb\",\"itemListElement\":[{\"@type\":\"ListItem\",\"position\":1,\"name\":\"Strona g\u0142\u00f3wna\",\"item\":\"https:\/\/akademia-zdrowia.pl\/warszawa\/\"},{\"@type\":\"ListItem\",\"position\":2,\"name\":\"Oferta szkoleniowa\",\"item\":\"https:\/\/akademia-zdrowia.pl\/warszawa\/oferta-szkoleniowa\/\"},{\"@type\":\"ListItem\",\"position\":3,\"name\":\"Kszta\u0142cenie piel\u0119gniarek i po\u0142o\u017cnych\",\"item\":\"https:\/\/akademia-zdrowia.pl\/warszawa\/oferta-szkoleniowa\/ksztalcenie-pielegniarek-i-poloznych\/\"},{\"@type\":\"ListItem\",\"position\":4,\"name\":\"Specjalizacje\",\"item\":\"https:\/\/akademia-zdrowia.pl\/warszawa\/oferta-szkoleniowa\/ksztalcenie-pielegniarek-i-poloznych\/specjalizacje\/\"},{\"@type\":\"ListItem\",\"position\":5,\"name\":\"Piel\u0119gniarstwo chirurgiczne\"}]},{\"@type\":\"WebSite\",\"@id\":\"https:\/\/akademia-zdrowia.pl\/warszawa\/#website\",\"url\":\"https:\/\/akademia-zdrowia.pl\/warszawa\/\",\"name\":\"Nowa kategoria kursu\",\"description\":\"Nowy kurs \",\"potentialAction\":[{\"@type\":\"SearchAction\",\"target\":{\"@type\":\"EntryPoint\",\"urlTemplate\":\"https:\/\/akademia-zdrowia.pl\/warszawa\/?s={search_term_string}\"},\"query-input\":{\"@type\":\"PropertyValueSpecification\",\"valueRequired\":true,\"valueName\":\"search_term_string\"}}],\"inLanguage\":\"pl-PL\"}]}<\/script>\n<!-- \/ Yoast SEO plugin. -->","yoast_head_json":{"title":"Piel\u0119gniarstwo chirurgiczne - Akademia zdrowia \u2013 Warszawa \u2013 Kursy zawodowe, szko\u0142y policealne","description":"Specjalizacja w dziedzinie Piel\u0119gniarstwa chirurgicznego Specjalizacja w dziedzinie Piel\u0119gniarstwa chirurgicznego dla piel\u0119gniarek\/piel\u0119gniarzy I. Cel","robots":{"index":"index","follow":"follow","max-snippet":"max-snippet:-1","max-image-preview":"max-image-preview:large","max-video-preview":"max-video-preview:-1"},"canonical":"https:\/\/akademia-zdrowia.pl\/warszawa\/oferta-szkoleniowa\/ksztalcenie-pielegniarek-i-poloznych\/specjalizacje\/pielegniarstwo-chirurgiczne\/","og_locale":"pl_PL","og_type":"article","og_title":"Piel\u0119gniarstwo chirurgiczne - Akademia zdrowia \u2013 Warszawa \u2013 Kursy zawodowe, szko\u0142y policealne","og_description":"Specjalizacja w dziedzinie Piel\u0119gniarstwa chirurgicznego Specjalizacja w dziedzinie Piel\u0119gniarstwa chirurgicznego dla piel\u0119gniarek\/piel\u0119gniarzy I. Cel","og_url":"https:\/\/akademia-zdrowia.pl\/warszawa\/oferta-szkoleniowa\/ksztalcenie-pielegniarek-i-poloznych\/specjalizacje\/pielegniarstwo-chirurgiczne\/","og_site_name":"Nowa kategoria kursu","article_modified_time":"2022-02-28T13:06:54+00:00","twitter_card":"summary_large_image","twitter_misc":{"Szacowany czas czytania":"2 minuty"},"schema":{"@context":"https:\/\/schema.org","@graph":[{"@type":"WebPage","@id":"https:\/\/akademia-zdrowia.pl\/warszawa\/oferta-szkoleniowa\/ksztalcenie-pielegniarek-i-poloznych\/specjalizacje\/pielegniarstwo-chirurgiczne\/","url":"https:\/\/akademia-zdrowia.pl\/warszawa\/oferta-szkoleniowa\/ksztalcenie-pielegniarek-i-poloznych\/specjalizacje\/pielegniarstwo-chirurgiczne\/","name":"Piel\u0119gniarstwo chirurgiczne - Akademia zdrowia \u2013 Warszawa \u2013 Kursy zawodowe, szko\u0142y policealne","isPartOf":{"@id":"https:\/\/akademia-zdrowia.pl\/warszawa\/#website"},"datePublished":"2018-01-10T12:08:36+00:00","dateModified":"2022-02-28T13:06:54+00:00","description":"Specjalizacja w dziedzinie Piel\u0119gniarstwa chirurgicznego Specjalizacja w dziedzinie Piel\u0119gniarstwa chirurgicznego dla piel\u0119gniarek\/piel\u0119gniarzy I. Cel","breadcrumb":{"@id":"https:\/\/akademia-zdrowia.pl\/warszawa\/oferta-szkoleniowa\/ksztalcenie-pielegniarek-i-poloznych\/specjalizacje\/pielegniarstwo-chirurgiczne\/#breadcrumb"},"inLanguage":"pl-PL","potentialAction":[{"@type":"ReadAction","target":["https:\/\/akademia-zdrowia.pl\/warszawa\/oferta-szkoleniowa\/ksztalcenie-pielegniarek-i-poloznych\/specjalizacje\/pielegniarstwo-chirurgiczne\/"]}]},{"@type":"BreadcrumbList","@id":"https:\/\/akademia-zdrowia.pl\/warszawa\/oferta-szkoleniowa\/ksztalcenie-pielegniarek-i-poloznych\/specjalizacje\/pielegniarstwo-chirurgiczne\/#breadcrumb","itemListElement":[{"@type":"ListItem","position":1,"name":"Strona g\u0142\u00f3wna","item":"https:\/\/akademia-zdrowia.pl\/warszawa\/"},{"@type":"ListItem","position":2,"name":"Oferta szkoleniowa","item":"https:\/\/akademia-zdrowia.pl\/warszawa\/oferta-szkoleniowa\/"},{"@type":"ListItem","position":3,"name":"Kszta\u0142cenie piel\u0119gniarek i po\u0142o\u017cnych","item":"https:\/\/akademia-zdrowia.pl\/warszawa\/oferta-szkoleniowa\/ksztalcenie-pielegniarek-i-poloznych\/"},{"@type":"ListItem","position":4,"name":"Specjalizacje","item":"https:\/\/akademia-zdrowia.pl\/warszawa\/oferta-szkoleniowa\/ksztalcenie-pielegniarek-i-poloznych\/specjalizacje\/"},{"@type":"ListItem","position":5,"name":"Piel\u0119gniarstwo chirurgiczne"}]},{"@type":"WebSite","@id":"https:\/\/akademia-zdrowia.pl\/warszawa\/#website","url":"https:\/\/akademia-zdrowia.pl\/warszawa\/","name":"Nowa kategoria kursu","description":"Nowy kurs ","potentialAction":[{"@type":"SearchAction","target":{"@type":"EntryPoint","urlTemplate":"https:\/\/akademia-zdrowia.pl\/warszawa\/?s={search_term_string}"},"query-input":{"@type":"PropertyValueSpecification","valueRequired":true,"valueName":"search_term_string"}}],"inLanguage":"pl-PL"}]}},"_links":{"self":[{"href":"https:\/\/akademia-zdrowia.pl\/warszawa\/wp-json\/wp\/v2\/pages\/531","targetHints":{"allow":["GET"]}}],"collection":[{"href":"https:\/\/akademia-zdrowia.pl\/warszawa\/wp-json\/wp\/v2\/pages"}],"about":[{"href":"https:\/\/akademia-zdrowia.pl\/warszawa\/wp-json\/wp\/v2\/types\/page"}],"author":[{"embeddable":true,"href":"https:\/\/akademia-zdrowia.pl\/warszawa\/wp-json\/wp\/v2\/users\/1"}],"replies":[{"embeddable":true,"href":"https:\/\/akademia-zdrowia.pl\/warszawa\/wp-json\/wp\/v2\/comments?post=531"}],"version-history":[{"count":9,"href":"https:\/\/akademia-zdrowia.pl\/warszawa\/wp-json\/wp\/v2\/pages\/531\/revisions"}],"predecessor-version":[{"id":3085,"href":"https:\/\/akademia-zdrowia.pl\/warszawa\/wp-json\/wp\/v2\/pages\/531\/revisions\/3085"}],"up":[{"embeddable":true,"href":"https:\/\/akademia-zdrowia.pl\/warszawa\/wp-json\/wp\/v2\/pages\/401"}],"wp:attachment":[{"href":"https:\/\/akademia-zdrowia.pl\/warszawa\/wp-json\/wp\/v2\/media?parent=531"}],"curies":[{"name":"wp","href":"https:\/\/api.w.org\/{rel}","templated":true}]}}