{"id":570,"date":"2018-01-10T14:02:38","date_gmt":"2018-01-10T13:02:38","guid":{"rendered":"http:\/\/www.akademia-zdrowia.pl\/lodz\/?page_id=570"},"modified":"2024-09-02T01:16:23","modified_gmt":"2024-09-01T23:16:23","slug":"wynajem-sal","status":"publish","type":"page","link":"https:\/\/akademia-zdrowia.pl\/warszawa\/wynajem-sal\/","title":{"rendered":"Wynajem sal"},"content":{"rendered":"\t\t<div data-elementor-type=\"wp-page\" data-elementor-id=\"570\" class=\"elementor elementor-570\" data-elementor-post-type=\"page\">\n\t\t\t\t\t\t<section class=\"elementor-section elementor-top-section elementor-element elementor-element-cd1b767 elementor-section-boxed elementor-section-height-default elementor-section-height-default\" data-id=\"cd1b767\" data-element_type=\"section\">\n\t\t\t\t\t\t<div class=\"elementor-container elementor-column-gap-default\">\n\t\t\t\t\t<div class=\"elementor-column elementor-col-100 elementor-top-column elementor-element elementor-element-5243766\" data-id=\"5243766\" data-element_type=\"column\">\n\t\t\t<div class=\"elementor-widget-wrap elementor-element-populated\">\n\t\t\t\t\t\t<div class=\"elementor-element elementor-element-e1b2c0f elementor-widget elementor-widget-rs-heading\" data-id=\"e1b2c0f\" data-element_type=\"widget\" data-widget_type=\"rs-heading.default\">\n\t\t\t\t<div class=\"elementor-widget-container\">\n\t\t\t\t\t        <div class=\"rs-heading default \">\r\n        \t<div class=\"title-inner\">\r\n        \t\t      \t\t\r\n\t            <span class=\"sub-text \">AKADEMIA ZDROWIA<\/span><h2 class=\"title\"><span class=\"watermark\"><\/span>Wynajem sal<\/h2>\t        <\/div>\r\n\t                <\/div>\r\n        \t\t\t\t<\/div>\n\t\t\t\t<\/div>\n\t\t\t\t\t<\/div>\n\t\t<\/div>\n\t\t\t\t\t<\/div>\n\t\t<\/section>\n\t\t\t\t<section class=\"elementor-section elementor-top-section elementor-element elementor-element-437eb86 elementor-section-stretched elementor-section-boxed elementor-section-height-default elementor-section-height-default\" data-id=\"437eb86\" data-element_type=\"section\" data-settings=\"{&quot;background_background&quot;:&quot;classic&quot;,&quot;stretch_section&quot;:&quot;section-stretched&quot;}\">\n\t\t\t\t\t\t<div class=\"elementor-container elementor-column-gap-default\">\n\t\t\t\t\t<div class=\"elementor-column elementor-col-100 elementor-top-column elementor-element elementor-element-817222c\" data-id=\"817222c\" data-element_type=\"column\">\n\t\t\t<div class=\"elementor-widget-wrap elementor-element-populated\">\n\t\t\t\t\t\t<div class=\"elementor-element elementor-element-ab5b54d elementor-widget elementor-widget-rs-heading\" data-id=\"ab5b54d\" data-element_type=\"widget\" data-widget_type=\"rs-heading.default\">\n\t\t\t\t<div class=\"elementor-widget-container\">\n\t\t\t\t\t        <div class=\"rs-heading default \">\r\n        \t<div class=\"title-inner\">\r\n        \t\t      \t\t\r\n\t            \t        <\/div>\r\n\t                    \t<div class=\"description\">\r\n            \t\t<p><strong>Oferta wynajmu sal w Akademii Zdrowia w Warszawie.<br \/><br \/><\/strong><strong>Dlaczego my?<\/strong><\/p><ul><li>dogodna lokalizacja - 6 km do Centrum Warszawy,<\/li><li>dogodny dojazd komunikacj\u0105 miejsk\u0105: tramwaj: 11, 13,26,27,70 oraz autobusem: 255, 105,<\/li><li>nowoczesne wyposa\u017cone sale w sprz\u0119t multimedialny: podwieszony ekran rzutnik multimedialny, tv, dvd, laptop, w wybranych salach klimatyzacja,<\/li><li>mo\u017cliwo\u015b\u0107 skorzystania ze sprz\u0119tu biurowego<\/li><li>pok\u00f3j socjalny z dost\u0119pem do czajnika, kuchenki mikrofalowej i lod\u00f3wki<\/li><li>mo\u017cliwo\u015b\u0107 zam\u00f3wienia cateringu<\/li><\/ul><div class=\"row tableSale\"><div class=\"col tableHeader\"><h5 class=\"header\">Nr sali szkoleniowej<\/h5><\/div><div class=\"col tableHeader\"><h5 class=\"header\">Wielko\u015b\u0107 Sali<\/h5><\/div><div class=\"col tableHeader\"><h5 class=\"header\">Ustawienie stolik\u00f3w \/ krzese\u0142<\/h5><\/div><div class=\"col tableHeader\"><h5 class=\"header\">Wyposa\u017cenie sali<\/h5><\/div><div class=\"col tableHeader\"><h5 class=\"header\">cena<\/h5><\/div><\/div><div class=\"row tableRow\"><div class=\"col zGaleria\"><div><p class=\"label d-block d-md-none\">Nr sali szkoleniowej<\/p><p>sala nr 1<\/p><p><a class=\"single_pict d-block\" href=\"\/warszawa\/wp-content\/uploads\/2018\/09\/sala-nr-1.jpg\" data-fancybox=\"images0\"><br \/>(Zobacz galeri\u0119)<br \/><\/a><br \/><a class=\"single_pict d-none\" href=\"\/warszawa\/wp-content\/uploads\/2018\/09\/sala-1-a.jpg\" data-fancybox=\"images0\"><br \/>(Zobacz galeri\u0119)<br \/><\/a><br \/><a class=\"single_pict d-none\" href=\"\/warszawa\/wp-content\/uploads\/2018\/09\/sala-nr-1b.jpg\" data-fancybox=\"images0\"><br \/>(Zobacz galeri\u0119)<br \/><\/a><br \/><a class=\"single_pict d-none\" href=\"\/warszawa\/wp-content\/uploads\/2018\/09\/sala-nr-1-c.jpg\" data-fancybox=\"images0\"><br \/>(Zobacz galeri\u0119)<br \/><\/a><br \/><a class=\"single_pict d-none\" href=\"\/warszawa\/wp-content\/uploads\/2018\/09\/sala-nr-1-d.jpg\" data-fancybox=\"images0\"><br \/>(Zobacz galeri\u0119)<br \/><\/a><\/p><\/div><\/div><div class=\"col\"><p class=\"label d-block d-md-none\">Wielko\u015b\u0107 Sali<\/p><p>90 m \/ 100 os\u00f3b<\/p><\/div><div class=\"col\"><p class=\"label d-block d-md-none\">Ustawienie stolik\u00f3w \/ krzese\u0142<\/p><p>sto\u0142y drewniane krzes\u0142ami- ustawienie szkolne<\/p><\/div><div class=\"col\"><p class=\"label d-block d-md-none\">Wyposa\u017cenie sali<\/p><p>podwieszony ekran, rzutnik multimedialny, laptop<\/p><\/div><div class=\"col\"><p class=\"label d-block d-md-none\">cena<\/p><p>70 z\u0142 netto\u00a0za 45 min<\/p><\/div><\/div><div class=\"row tableRow\"><div class=\"col zGaleria\"><div><p class=\"label d-block d-md-none\">Nr sali szkoleniowej<\/p><p>sala nr 2<\/p><p><a class=\"single_pict d-block\" href=\"\/warszawa\/wp-content\/uploads\/2018\/09\/sala-nr-2.jpg\" data-fancybox=\"images1\"><br \/>(Zobacz galeri\u0119)<br \/><\/a><br \/><a class=\"single_pict d-none\" href=\"\/warszawa\/wp-content\/uploads\/2018\/09\/sala-nr-2-a.jpg\" data-fancybox=\"images1\"><br \/>(Zobacz galeri\u0119)<br \/><\/a><br \/><a class=\"single_pict d-none\" href=\"\/warszawa\/wp-content\/uploads\/2018\/09\/sala-nr-2c.jpg\" data-fancybox=\"images1\"><br \/>(Zobacz galeri\u0119)<br \/><\/a><\/p><\/div><\/div><div class=\"col\"><p class=\"label d-block d-md-none\">Wielko\u015b\u0107 Sali<\/p><p>60 m \/ 50 os\u00f3b<\/p><\/div><div class=\"col\"><p class=\"label d-block d-md-none\">Ustawienie stolik\u00f3w \/ krzese\u0142<\/p><p>krzes\u0142a z blatami \/ mo\u017cliwo\u015b\u0107 dogodnego ustawienia<\/p><\/div><div class=\"col\"><p class=\"label d-block d-md-none\">Wyposa\u017cenie sali<\/p><p>podwieszony ekran, rzutnik multimedialny, laptop<\/p><\/div><div class=\"col\"><p class=\"label d-block d-md-none\">cena<\/p><p>65 z\u0142 netto\u00a0za 45 min<\/p><\/div><\/div><div class=\"row tableRow\"><div class=\"col zGaleria\"><div><p class=\"label d-block d-md-none\">Nr sali szkoleniowej<\/p><p>sala nr 3<\/p><p><a class=\"single_pict d-block\" href=\"\/warszawa\/wp-content\/uploads\/2018\/09\/sala-nr-3.jpg\" data-fancybox=\"images2\"><br \/>(Zobacz galeri\u0119)<br \/><\/a><br \/><a class=\"single_pict d-none\" href=\"\/warszawa\/wp-content\/uploads\/2018\/09\/sala-nr-3-a.jpg\" data-fancybox=\"images2\"><br \/>(Zobacz galeri\u0119)<br \/><\/a><\/p><\/div><\/div><div class=\"col\"><p class=\"label d-block d-md-none\">Wielko\u015b\u0107 Sali<\/p><p>42 m \/ 30 os\u00f3b<\/p><\/div><div class=\"col\"><p class=\"label d-block d-md-none\">Ustawienie stolik\u00f3w \/ krzese\u0142<\/p><p>sto\u0142y drewniane z krzes\u0142ami- ustawienie szkolne<\/p><\/div><div class=\"col\"><p class=\"label d-block d-md-none\">Wyposa\u017cenie sali<\/p><p>podwieszony ekran, rzutnik multimedialny, laptop<\/p><\/div><div class=\"col\"><p class=\"label d-block d-md-none\">cena<\/p><p>50 z\u0142 netto\u00a0za 45 min<\/p><\/div><\/div><div class=\"row tableRow\"><div class=\"col zGaleria\"><div><p class=\"label d-block d-md-none\">Nr sali szkoleniowej<\/p><p>sala nr 4<\/p><p><a class=\"single_pict d-block\" href=\"\/warszawa\/wp-content\/uploads\/2018\/09\/sala-nr-4.jpg\" data-fancybox=\"images3\"><br \/>(Zobacz galeri\u0119)<br \/><\/a><br \/><a class=\"single_pict d-none\" href=\"\/warszawa\/wp-content\/uploads\/2018\/09\/sala-nr-4a.jpg\" data-fancybox=\"images3\"><br \/>(Zobacz galeri\u0119)<br \/><\/a><br \/><a class=\"single_pict d-none\" href=\"\/warszawa\/wp-content\/uploads\/2018\/09\/sala-nr-4b.jpg\" data-fancybox=\"images3\"><br \/>(Zobacz galeri\u0119)<br \/><\/a><\/p><\/div><\/div><div class=\"col\"><p class=\"label d-block d-md-none\">Wielko\u015b\u0107 Sali<\/p><p>55m \/ 40 os\u00f3b<\/p><\/div><div class=\"col\"><p class=\"label d-block d-md-none\">Ustawienie stolik\u00f3w \/ krzese\u0142<\/p><p>mi\u0119kkie krzes\u0142a z blatami \/ mo\u017cliwo\u015b\u0107 dogodnego ustawienia<\/p><\/div><div class=\"col\"><p class=\"label d-block d-md-none\">Wyposa\u017cenie sali<\/p><p>podwieszony ekran, rzutnik multimedialny, laptop<\/p><\/div><div class=\"col\"><p class=\"label d-block d-md-none\">cena<\/p><p>55 z\u0142 netto\u00a0za 45<\/p><\/div><\/div>            \t\t\r\n            \t<\/div>\r\n        \t        <\/div>\r\n        \t\t\t\t<\/div>\n\t\t\t\t<\/div>\n\t\t\t\t<div class=\"elementor-element elementor-element-d4de3ff elementor-widget elementor-widget-rs-button\" data-id=\"d4de3ff\" data-element_type=\"widget\" data-widget_type=\"rs-button.default\">\n\t\t\t\t<div class=\"elementor-widget-container\">\n\t\t\t\t\t\t\r\n\t\t\r\n\t\t<div class=\"rs-view-btn\">\r\n\t\t\t\t\t\t<a class=\"rs-btn rs-btnblack rs-btn-style1\" href=\"tel:+48228622960\" >\t\t\t\t\r\n\t\t\t\t<span class=\"rs_btn__text\"><span class=\"btn_text\">CHCESZ WYNAJ\u0104\u0106 SAL\u0118  - ZADZWO\u0143<\/span><\/span>\r\n\t\t\t<\/a>\r\n\t\t<\/div>    \r\n\t\t\t\t\t<\/div>\n\t\t\t\t<\/div>\n\t\t\t\t\t<\/div>\n\t\t<\/div>\n\t\t\t\t\t<\/div>\n\t\t<\/section>\n\t\t\t\t<section class=\"elementor-section elementor-top-section elementor-element elementor-element-6cc0107c elementor-section-boxed elementor-section-height-default elementor-section-height-default\" data-id=\"6cc0107c\" data-element_type=\"section\" data-settings=\"{&quot;background_background&quot;:&quot;classic&quot;}\">\n\t\t\t\t\t\t<div class=\"elementor-container elementor-column-gap-default\">\n\t\t\t\t\t<div class=\"elementor-column elementor-col-50 elementor-top-column elementor-element elementor-element-5c13c19f\" data-id=\"5c13c19f\" data-element_type=\"column\" data-settings=\"{&quot;background_background&quot;:&quot;classic&quot;}\">\n\t\t\t<div class=\"elementor-widget-wrap elementor-element-populated\">\n\t\t\t\t\t\t<div class=\"elementor-element elementor-element-8f55e0e elementor-widget-mobile__width-initial elementor-widget elementor-widget-rs-heading\" data-id=\"8f55e0e\" data-element_type=\"widget\" data-widget_type=\"rs-heading.default\">\n\t\t\t\t<div class=\"elementor-widget-container\">\n\t\t\t\t\t        <div class=\"rs-heading default \">\r\n        \t<div class=\"title-inner\">\r\n        \t\t      \t\t\r\n\t            <span class=\"sub-text \">MASZ PYTANIA<\/span><h2 class=\"title\"><span class=\"watermark\"><\/span>Skontaktuj  si\u0119 z nami!<\/h2>\t        <\/div>\r\n\t                    \t<div class=\"description\">\r\n            \t\t<p>Kliknij aby zadzwoni\u0107 do opiekuna kurs\u00f3w beauty.<\/p>            \t\t\r\n            \t<\/div>\r\n        \t        <\/div>\r\n        \t\t\t\t<\/div>\n\t\t\t\t<\/div>\n\t\t\t\t<div class=\"elementor-element elementor-element-7e9875f2 elementor-widget elementor-widget-rs-button\" data-id=\"7e9875f2\" data-element_type=\"widget\" data-widget_type=\"rs-button.default\">\n\t\t\t\t<div class=\"elementor-widget-container\">\n\t\t\t\t\t\t\r\n\t\t\r\n\t\t<div class=\"rs-view-btn\">\r\n\t\t\t\t\t\t<a class=\"rs-btn rs-btnblack rs-btn-style1\" href=\"tel:+48228622960\" >\t\t\t\t\r\n\t\t\t\t<span class=\"rs_btn__text\"><span class=\"btn_text\">ZADZWO\u0143<\/span><\/span>\r\n\t\t\t<\/a>\r\n\t\t<\/div>    \r\n\t\t\t\t\t<\/div>\n\t\t\t\t<\/div>\n\t\t\t\t\t<\/div>\n\t\t<\/div>\n\t\t\t\t<div class=\"elementor-column elementor-col-50 elementor-top-column elementor-element elementor-element-60d8fd69\" data-id=\"60d8fd69\" data-element_type=\"column\">\n\t\t\t<div class=\"elementor-widget-wrap elementor-element-populated\">\n\t\t\t\t\t\t<div class=\"elementor-element elementor-element-728c6ca7 elementor-widget elementor-widget-rs-heading\" data-id=\"728c6ca7\" data-element_type=\"widget\" data-widget_type=\"rs-heading.default\">\n\t\t\t\t<div class=\"elementor-widget-container\">\n\t\t\t\t\t        <div class=\"rs-heading default \">\r\n        \t<div class=\"title-inner\">\r\n        \t\t      \t\t\r\n\t            <span class=\"sub-text \">ZAUFANY PARTNER<\/span><h2 class=\"title\"><span class=\"watermark\"><\/span>Dlaczego warto wybra\u0107 nas<\/h2>\t        <\/div>\r\n\t                    \t<div class=\"description\">\r\n            \t\t<p>Zaufaj naszemu wieloletniemu do\u015bwiadczeniu i zespo\u0142owi specjalist\u00f3w. Oferujemy profesjonalne szkolenia, kt\u00f3re pomog\u0105 rozwija\u0107 Tw\u00f3j biznes. Wybieraj\u0105c nas, inwestujesz w sprawdzonego partnera, kt\u00f3ry wspiera sukces Twojej firmy. Skontaktuj si\u0119 z nami i zacznij rozwija\u0107 si\u0119 razem z nami!<\/p>            \t\t\r\n            \t<\/div>\r\n        \t        <\/div>\r\n        \t\t\t\t<\/div>\n\t\t\t\t<\/div>\n\t\t\t\t\t<\/div>\n\t\t<\/div>\n\t\t\t\t\t<\/div>\n\t\t<\/section>\n\t\t\t\t<\/div>\n\t\t","protected":false},"excerpt":{"rendered":"<p>AKADEMIA ZDROWIA Wynajem sal Oferta wynajmu sal w Akademii Zdrowia w Warszawie. Dlaczego my? dogodna lokalizacja &#8211; 6 km do Centrum Warszawy, dogodny dojazd komunikacj\u0105 miejsk\u0105: tramwaj: 11, 13,26,27,70 oraz autobusem: 255, 105, nowoczesne wyposa\u017cone sale w sprz\u0119t multimedialny: podwieszony ekran rzutnik multimedialny, tv, dvd, laptop, w wybranych salach klimatyzacja, mo\u017cliwo\u015b\u0107 skorzystania ze sprz\u0119tu biurowego&#8230;<\/p>\n","protected":false},"author":1,"featured_media":0,"parent":0,"menu_order":0,"comment_status":"closed","ping_status":"closed","template":"","meta":{"footnotes":""},"class_list":["post-570","page","type-page","status-publish","hentry"],"yoast_head":"<!-- This site is optimized with the Yoast SEO plugin v26.8 - https:\/\/yoast.com\/product\/yoast-seo-wordpress\/ -->\n<title>Wynajem sal - Akademia zdrowia \u2013 Warszawa \u2013 Kursy zawodowe, szko\u0142y policealne<\/title>\n<meta name=\"description\" content=\"AKADEMIA ZDROWIAWynajem sal Oferta wynajmu sal w Akademii Zdrowia w Warszawie.Dlaczego my?dogodna lokalizacja - 6 km do Centrum Warszawy,dogodny dojazd\" \/>\n<meta name=\"robots\" content=\"index, follow, max-snippet:-1, max-image-preview:large, max-video-preview:-1\" \/>\n<link rel=\"canonical\" href=\"https:\/\/akademia-zdrowia.pl\/warszawa\/wynajem-sal\/\" \/>\n<meta property=\"og:locale\" content=\"pl_PL\" \/>\n<meta property=\"og:type\" content=\"article\" \/>\n<meta property=\"og:title\" content=\"Wynajem sal - Akademia zdrowia \u2013 Warszawa \u2013 Kursy zawodowe, szko\u0142y policealne\" \/>\n<meta property=\"og:description\" content=\"AKADEMIA ZDROWIAWynajem sal Oferta wynajmu sal w Akademii Zdrowia w Warszawie.Dlaczego my?dogodna lokalizacja - 6 km do Centrum Warszawy,dogodny dojazd\" \/>\n<meta property=\"og:url\" content=\"https:\/\/akademia-zdrowia.pl\/warszawa\/wynajem-sal\/\" \/>\n<meta property=\"og:site_name\" content=\"Nowa kategoria kursu\" \/>\n<meta property=\"article:modified_time\" content=\"2024-09-01T23:16:23+00:00\" \/>\n<meta name=\"twitter:card\" content=\"summary_large_image\" \/>\n<meta name=\"twitter:label1\" content=\"Szacowany czas czytania\" \/>\n\t<meta name=\"twitter:data1\" content=\"2 minuty\" \/>\n<script type=\"application\/ld+json\" class=\"yoast-schema-graph\">{\"@context\":\"https:\/\/schema.org\",\"@graph\":[{\"@type\":\"WebPage\",\"@id\":\"https:\/\/akademia-zdrowia.pl\/warszawa\/wynajem-sal\/\",\"url\":\"https:\/\/akademia-zdrowia.pl\/warszawa\/wynajem-sal\/\",\"name\":\"Wynajem sal - Akademia zdrowia \u2013 Warszawa \u2013 Kursy zawodowe, szko\u0142y policealne\",\"isPartOf\":{\"@id\":\"https:\/\/akademia-zdrowia.pl\/warszawa\/#website\"},\"datePublished\":\"2018-01-10T13:02:38+00:00\",\"dateModified\":\"2024-09-01T23:16:23+00:00\",\"description\":\"AKADEMIA ZDROWIAWynajem sal Oferta wynajmu sal w Akademii Zdrowia w Warszawie.Dlaczego my?dogodna lokalizacja - 6 km do Centrum Warszawy,dogodny dojazd\",\"breadcrumb\":{\"@id\":\"https:\/\/akademia-zdrowia.pl\/warszawa\/wynajem-sal\/#breadcrumb\"},\"inLanguage\":\"pl-PL\",\"potentialAction\":[{\"@type\":\"ReadAction\",\"target\":[\"https:\/\/akademia-zdrowia.pl\/warszawa\/wynajem-sal\/\"]}]},{\"@type\":\"BreadcrumbList\",\"@id\":\"https:\/\/akademia-zdrowia.pl\/warszawa\/wynajem-sal\/#breadcrumb\",\"itemListElement\":[{\"@type\":\"ListItem\",\"position\":1,\"name\":\"Strona g\u0142\u00f3wna\",\"item\":\"https:\/\/akademia-zdrowia.pl\/warszawa\/\"},{\"@type\":\"ListItem\",\"position\":2,\"name\":\"Wynajem sal\"}]},{\"@type\":\"WebSite\",\"@id\":\"https:\/\/akademia-zdrowia.pl\/warszawa\/#website\",\"url\":\"https:\/\/akademia-zdrowia.pl\/warszawa\/\",\"name\":\"Nowa kategoria kursu\",\"description\":\"Nowy kurs \",\"potentialAction\":[{\"@type\":\"SearchAction\",\"target\":{\"@type\":\"EntryPoint\",\"urlTemplate\":\"https:\/\/akademia-zdrowia.pl\/warszawa\/?s={search_term_string}\"},\"query-input\":{\"@type\":\"PropertyValueSpecification\",\"valueRequired\":true,\"valueName\":\"search_term_string\"}}],\"inLanguage\":\"pl-PL\"}]}<\/script>\n<!-- \/ Yoast SEO plugin. -->","yoast_head_json":{"title":"Wynajem sal - Akademia zdrowia \u2013 Warszawa \u2013 Kursy zawodowe, szko\u0142y policealne","description":"AKADEMIA ZDROWIAWynajem sal Oferta wynajmu sal w Akademii Zdrowia w Warszawie.Dlaczego my?dogodna lokalizacja - 6 km do Centrum Warszawy,dogodny dojazd","robots":{"index":"index","follow":"follow","max-snippet":"max-snippet:-1","max-image-preview":"max-image-preview:large","max-video-preview":"max-video-preview:-1"},"canonical":"https:\/\/akademia-zdrowia.pl\/warszawa\/wynajem-sal\/","og_locale":"pl_PL","og_type":"article","og_title":"Wynajem sal - Akademia zdrowia \u2013 Warszawa \u2013 Kursy zawodowe, szko\u0142y policealne","og_description":"AKADEMIA ZDROWIAWynajem sal Oferta wynajmu sal w Akademii Zdrowia w Warszawie.Dlaczego my?dogodna lokalizacja - 6 km do Centrum Warszawy,dogodny dojazd","og_url":"https:\/\/akademia-zdrowia.pl\/warszawa\/wynajem-sal\/","og_site_name":"Nowa kategoria kursu","article_modified_time":"2024-09-01T23:16:23+00:00","twitter_card":"summary_large_image","twitter_misc":{"Szacowany czas czytania":"2 minuty"},"schema":{"@context":"https:\/\/schema.org","@graph":[{"@type":"WebPage","@id":"https:\/\/akademia-zdrowia.pl\/warszawa\/wynajem-sal\/","url":"https:\/\/akademia-zdrowia.pl\/warszawa\/wynajem-sal\/","name":"Wynajem sal - Akademia zdrowia \u2013 Warszawa \u2013 Kursy zawodowe, szko\u0142y policealne","isPartOf":{"@id":"https:\/\/akademia-zdrowia.pl\/warszawa\/#website"},"datePublished":"2018-01-10T13:02:38+00:00","dateModified":"2024-09-01T23:16:23+00:00","description":"AKADEMIA ZDROWIAWynajem sal Oferta wynajmu sal w Akademii Zdrowia w Warszawie.Dlaczego my?dogodna lokalizacja - 6 km do Centrum Warszawy,dogodny dojazd","breadcrumb":{"@id":"https:\/\/akademia-zdrowia.pl\/warszawa\/wynajem-sal\/#breadcrumb"},"inLanguage":"pl-PL","potentialAction":[{"@type":"ReadAction","target":["https:\/\/akademia-zdrowia.pl\/warszawa\/wynajem-sal\/"]}]},{"@type":"BreadcrumbList","@id":"https:\/\/akademia-zdrowia.pl\/warszawa\/wynajem-sal\/#breadcrumb","itemListElement":[{"@type":"ListItem","position":1,"name":"Strona g\u0142\u00f3wna","item":"https:\/\/akademia-zdrowia.pl\/warszawa\/"},{"@type":"ListItem","position":2,"name":"Wynajem sal"}]},{"@type":"WebSite","@id":"https:\/\/akademia-zdrowia.pl\/warszawa\/#website","url":"https:\/\/akademia-zdrowia.pl\/warszawa\/","name":"Nowa kategoria kursu","description":"Nowy kurs ","potentialAction":[{"@type":"SearchAction","target":{"@type":"EntryPoint","urlTemplate":"https:\/\/akademia-zdrowia.pl\/warszawa\/?s={search_term_string}"},"query-input":{"@type":"PropertyValueSpecification","valueRequired":true,"valueName":"search_term_string"}}],"inLanguage":"pl-PL"}]}},"_links":{"self":[{"href":"https:\/\/akademia-zdrowia.pl\/warszawa\/wp-json\/wp\/v2\/pages\/570","targetHints":{"allow":["GET"]}}],"collection":[{"href":"https:\/\/akademia-zdrowia.pl\/warszawa\/wp-json\/wp\/v2\/pages"}],"about":[{"href":"https:\/\/akademia-zdrowia.pl\/warszawa\/wp-json\/wp\/v2\/types\/page"}],"author":[{"embeddable":true,"href":"https:\/\/akademia-zdrowia.pl\/warszawa\/wp-json\/wp\/v2\/users\/1"}],"replies":[{"embeddable":true,"href":"https:\/\/akademia-zdrowia.pl\/warszawa\/wp-json\/wp\/v2\/comments?post=570"}],"version-history":[{"count":85,"href":"https:\/\/akademia-zdrowia.pl\/warszawa\/wp-json\/wp\/v2\/pages\/570\/revisions"}],"predecessor-version":[{"id":5855,"href":"https:\/\/akademia-zdrowia.pl\/warszawa\/wp-json\/wp\/v2\/pages\/570\/revisions\/5855"}],"wp:attachment":[{"href":"https:\/\/akademia-zdrowia.pl\/warszawa\/wp-json\/wp\/v2\/media?parent=570"}],"curies":[{"name":"wp","href":"https:\/\/api.w.org\/{rel}","templated":true}]}}