{"id":73,"date":"2018-01-02T14:47:12","date_gmt":"2018-01-02T13:47:12","guid":{"rendered":"http:\/\/www.akademia-zdrowia.pl\/lodz\/?page_id=73"},"modified":"2021-11-10T21:54:42","modified_gmt":"2021-11-10T20:54:42","slug":"liceum-ogolnoksztalcace","status":"publish","type":"page","link":"https:\/\/akademia-zdrowia.pl\/warszawa\/oferta-szkoleniowa\/szkoly-mlodziezowe\/liceum-ogolnoksztalcace\/","title":{"rendered":"Liceum Og\u00f3lnokszta\u0142c\u0105ce"},"content":{"rendered":"\t\t<div data-elementor-type=\"wp-page\" data-elementor-id=\"73\" class=\"elementor elementor-73\" data-elementor-post-type=\"page\">\n\t\t\t\t\t\t<section class=\"elementor-section elementor-top-section elementor-element elementor-element-794f1bc elementor-section-boxed elementor-section-height-default elementor-section-height-default\" data-id=\"794f1bc\" data-element_type=\"section\">\n\t\t\t\t\t\t<div class=\"elementor-container elementor-column-gap-default\">\n\t\t\t\t\t<div class=\"elementor-column elementor-col-66 elementor-top-column elementor-element elementor-element-32d7f8e\" data-id=\"32d7f8e\" data-element_type=\"column\">\n\t\t\t<div class=\"elementor-widget-wrap elementor-element-populated\">\n\t\t\t\t\t\t<div class=\"elementor-element elementor-element-dbc4fb2 elementor-widget elementor-widget-text-editor\" data-id=\"dbc4fb2\" data-element_type=\"widget\" data-widget_type=\"text-editor.default\">\n\t\t\t\t<div class=\"elementor-widget-container\">\n\t\t\t\t\t\t\t\t\t<p>Nauka w szkole trwa 3 lata. W trakcie trwania nauki ucze\u0144 opr\u00f3cz nauki przedmiot\u00f3w og\u00f3lnokszta\u0142c\u0105cych mo\u017ce uczestniczy\u0107 r\u00f3wnie\u017c w zaj\u0119ciach dodatkowch ( nieobowi\u0105zkowych) z zakresu kosmetyki. Podczas tych zaj\u0119\u0107 uczniowie ucz\u0105 si\u0119 zabieg\u00f3w kosmetycznych na twarz , cia\u0142o, d\u0142onie i stopy.<\/p><p>Ucze\u0144, kt\u00f3ry zdecyduje si\u0119 na dodatkowe warsztaty po uko\u0144czeniu szko\u0142y otrzyma dyplom uko\u0144czenia kursu z zakresu kosmetyki, kt\u00f3ry umo\u017cliwa zatrudnienie w salonach kosmetycznych, a tak\u017ce otwarcie w\u0142asnej dzia\u0142alno\u015bci gospodarczej.<\/p><p>Po uko\u0144czeniu szko\u0142y absolwent kierunku przyst\u0119puje do egzaminu dojrza\u0142o\u015bci.<\/p>\t\t\t\t\t\t\t\t<\/div>\n\t\t\t\t<\/div>\n\t\t\t\t\t<\/div>\n\t\t<\/div>\n\t\t\t\t<div class=\"elementor-column elementor-col-33 elementor-top-column elementor-element elementor-element-4e844f4\" data-id=\"4e844f4\" data-element_type=\"column\">\n\t\t\t<div class=\"elementor-widget-wrap elementor-element-populated\">\n\t\t\t\t\t\t<div class=\"elementor-element elementor-element-7d7505d elementor-widget elementor-widget-rs-image\" data-id=\"7d7505d\" data-element_type=\"widget\" data-widget_type=\"rs-image.default\">\n\t\t\t\t<div class=\"elementor-widget-container\">\n\t\t\t\t\t\n        <div class=\"rs-image \">\n                            <img decoding=\"async\" class=\"rs-multi-image \" src=\"https:\/\/akademia-zdrowia.pl\/warszawa\/wp-content\/uploads\/2021\/10\/wawa.png\" alt=\"image\"\/>\n                    <\/div>\n\n              \n    \t\t\t\t<\/div>\n\t\t\t\t<\/div>\n\t\t\t\t<div class=\"elementor-element elementor-element-5af6eed elementor-widget elementor-widget-text-editor\" data-id=\"5af6eed\" data-element_type=\"widget\" data-widget_type=\"text-editor.default\">\n\t\t\t\t<div class=\"elementor-widget-container\">\n\t\t\t\t\t\t\t\t\t<div class=\"adres\"><p style=\"text-align: center;\">Jana Kazimierza 45\/5<br \/><span style=\"color: var( --e-global-color-text ); font-family: var( --e-global-typography-text-font-family ), Sans-serif; font-weight: var( --e-global-typography-text-font-weight );\">01-248 Warszawa<br \/><br \/><\/span><img decoding=\"async\" style=\"color: var( --e-global-color-text ); font-family: var( --e-global-typography-text-font-family ), Sans-serif; font-weight: var( --e-global-typography-text-font-weight );\" src=\"https:\/\/www.akademia-zdrowia.pl\/lodz\/wp-content\/themes\/akademia-podstrona\/img\/phone-ico_red.png\" alt=\"marker\" \/><span style=\"color: var( --e-global-color-text ); font-family: var( --e-global-typography-text-font-family ), Sans-serif; font-weight: var( --e-global-typography-text-font-weight );\">\u00a0\u00a0<\/span><span style=\"color: var( --e-global-color-text ); font-family: var( --e-global-typography-text-font-family ), Sans-serif; font-weight: var( --e-global-typography-text-font-weight );\">tel.\u00a0<\/span><a style=\"font-family: var( --e-global-typography-text-font-family ), Sans-serif; font-weight: var( --e-global-typography-text-font-weight ); background-color: #ffffff;\" href=\"tel:22 862 29 60\">(22) 862 29 60<\/a><span style=\"color: var( --e-global-color-text ); font-family: var( --e-global-typography-text-font-family ), Sans-serif; font-weight: var( --e-global-typography-text-font-weight );\">\u00a0\u00a0<br \/><\/span><span style=\"color: var( --e-global-color-text ); font-family: var( --e-global-typography-text-font-family ), Sans-serif; font-weight: var( --e-global-typography-text-font-weight );\">tel.\/fax\u00a0<\/span><a style=\"font-family: var( --e-global-typography-text-font-family ), Sans-serif; font-weight: var( --e-global-typography-text-font-weight ); background-color: #ffffff;\" href=\"tel:22 862 29 61\">(22) 862 29 61<\/a><\/p><\/div><div class=\"dodatkowe\"><p style=\"text-align: center;\">Sekretariat czynny od poniedzia\u0142ku do pi\u0105tku w godzinach 9.00-16.00<\/p><p style=\"text-align: center;\"><span style=\"color: #000080; font-family: var( --e-global-typography-text-font-family ), Sans-serif;\"><b>Zarezerwuj miejsce ju\u017c dzi\u015b!<\/b><\/span><\/p><\/div>\t\t\t\t\t\t\t\t<\/div>\n\t\t\t\t<\/div>\n\t\t\t\t<div class=\"elementor-element elementor-element-57d4d6e elementor-align-center elementor-widget elementor-widget-bdt-advanced-button\" data-id=\"57d4d6e\" data-element_type=\"widget\" data-widget_type=\"bdt-advanced-button.default\">\n\t\t\t\t<div class=\"elementor-widget-container\">\n\t\t\t\t\t\t\t<div class=\"bdt-ep-button-wrapper\">\r\n\t\t\t<a href=\"\/warszawa\/zapisz-sie\/\" class=\"bdt-ep-button bdt-ep-button-effect-a bdt-ep-button-size-sm\">\r\n\t\t\t\t\t\t<div class=\"bdt-ep-button-content-wrapper bdt-flex bdt-flex-middle bdt-flex-center  \" data-text=\"ZAPISZ SI\u0118\">\r\n\t\t\t\r\n\t\t\t<div class=\"bdt-ep-button-text\">\r\n\r\n                <span class=\"avdbtn-text\">ZAPISZ SI\u0118<\/span>\r\n\r\n\t\t\t\t            <\/div>\r\n\r\n\t\t\t\r\n\t\t<\/div>\r\n\t\t\t\t\t<\/a>\r\n\t\t<\/div>\r\n\t\t\t\t\t\t<\/div>\n\t\t\t\t<\/div>\n\t\t\t\t<div class=\"elementor-element elementor-element-3efeda6 bdt-navbar-style-1 elementor-widget elementor-widget-bdt-scrollnav\" data-id=\"3efeda6\" data-element_type=\"widget\" data-widget_type=\"bdt-scrollnav.default\">\n\t\t\t\t<div class=\"elementor-widget-container\">\n\t\t\t\t\t\t\t<div class=\"bdt-scrollnav bdt-navbar-container bdt-navbar-transparent bdt-navbar \" data-bdt-navbar=\"\">\r\n\t\t\t<div class=\"bdt-navbar-center\">\r\n\t\t\t\t<ul class=\"bdt-nav bdt-nav-default\" data-bdt-scrollspy-nav=\"closest: li; scroll: true; offset: 0;\">\r\n\t\t\t\t\t\t\t\t<li>\r\n\t\t\t\t<a data-tippy-content=\"\" href=\"\/warszawa\/oferta-szkoleniowa\/szkoly-mlodziezowe\/liceum-ogolnoksztalcace\/\">\r\n\t\t\t\t\tLiceum Og\u00f3lnokszta\u0142c\u0105ce\t\t\t\t\t\t\t\t\t<\/a>\r\n\t\t\t<\/li>\r\n\t\t\t\t\t\t<li>\r\n\t\t\t\t<a data-tippy-content=\"\" href=\"\/warszawa\/oferta-szkoleniowa\/szkoly-mlodziezowe\/technik-weterynarii\/\">\r\n\t\t\t\t\tTechnik weterynarii\t\t\t\t\t\t\t\t\t<\/a>\r\n\t\t\t<\/li>\r\n\t\t\t\t\t\t<li>\r\n\t\t\t\t<a data-tippy-content=\"\" href=\"\/warszawa\/oferta-szkoleniowa\/szkoly-mlodziezowe\/technik-uslug-fryzjerskich\/\">\r\n\t\t\t\t\tTechnik us\u0142ug fryzjerskich\t\t\t\t\t\t\t\t\t<\/a>\r\n\t\t\t<\/li>\r\n\t\t\t\t\t\t\t<\/ul>\r\n\t\t\t<\/div>\r\n\t\t<\/div>\r\n\t    \t\t\t\t<\/div>\n\t\t\t\t<\/div>\n\t\t\t\t\t<\/div>\n\t\t<\/div>\n\t\t\t\t\t<\/div>\n\t\t<\/section>\n\t\t\t\t<\/div>\n\t\t","protected":false},"excerpt":{"rendered":"<p>Nauka w szkole trwa 3 lata. W trakcie trwania nauki ucze\u0144 opr\u00f3cz nauki przedmiot\u00f3w og\u00f3lnokszta\u0142c\u0105cych mo\u017ce uczestniczy\u0107 r\u00f3wnie\u017c w zaj\u0119ciach dodatkowch ( nieobowi\u0105zkowych) z zakresu kosmetyki. Podczas tych zaj\u0119\u0107 uczniowie ucz\u0105 si\u0119 zabieg\u00f3w kosmetycznych na twarz , cia\u0142o, d\u0142onie i stopy. Ucze\u0144, kt\u00f3ry zdecyduje si\u0119 na dodatkowe warsztaty po uko\u0144czeniu szko\u0142y otrzyma dyplom uko\u0144czenia kursu&#8230;<\/p>\n","protected":false},"author":1,"featured_media":0,"parent":45,"menu_order":0,"comment_status":"closed","ping_status":"closed","template":"","meta":{"footnotes":""},"class_list":["post-73","page","type-page","status-publish","hentry"],"yoast_head":"<!-- This site is optimized with the Yoast SEO plugin v26.8 - https:\/\/yoast.com\/product\/yoast-seo-wordpress\/ -->\n<title>Liceum Og\u00f3lnokszta\u0142c\u0105ce - Akademia zdrowia \u2013 Warszawa \u2013 Kursy zawodowe, szko\u0142y policealne<\/title>\n<meta name=\"description\" content=\"Nauka w szkole trwa 3 lata. W trakcie trwania nauki ucze\u0144 opr\u00f3cz nauki przedmiot\u00f3w og\u00f3lnokszta\u0142c\u0105cych mo\u017ce uczestniczy\u0107 r\u00f3wnie\u017c w zaj\u0119ciach dodatkowch (\" \/>\n<meta name=\"robots\" content=\"index, follow, max-snippet:-1, max-image-preview:large, max-video-preview:-1\" \/>\n<link rel=\"canonical\" href=\"https:\/\/akademia-zdrowia.pl\/warszawa\/oferta-szkoleniowa\/szkoly-mlodziezowe\/liceum-ogolnoksztalcace\/\" \/>\n<meta property=\"og:locale\" content=\"pl_PL\" \/>\n<meta property=\"og:type\" content=\"article\" \/>\n<meta property=\"og:title\" content=\"Liceum Og\u00f3lnokszta\u0142c\u0105ce - Akademia zdrowia \u2013 Warszawa \u2013 Kursy zawodowe, szko\u0142y policealne\" \/>\n<meta property=\"og:description\" content=\"Nauka w szkole trwa 3 lata. W trakcie trwania nauki ucze\u0144 opr\u00f3cz nauki przedmiot\u00f3w og\u00f3lnokszta\u0142c\u0105cych mo\u017ce uczestniczy\u0107 r\u00f3wnie\u017c w zaj\u0119ciach dodatkowch (\" \/>\n<meta property=\"og:url\" content=\"https:\/\/akademia-zdrowia.pl\/warszawa\/oferta-szkoleniowa\/szkoly-mlodziezowe\/liceum-ogolnoksztalcace\/\" \/>\n<meta property=\"og:site_name\" content=\"Nowa kategoria kursu\" \/>\n<meta property=\"article:modified_time\" content=\"2021-11-10T20:54:42+00:00\" \/>\n<meta property=\"og:image\" content=\"https:\/\/akademia-zdrowia.pl\/warszawa\/wp-content\/uploads\/2021\/10\/wawa.png\" \/>\n<meta name=\"twitter:card\" content=\"summary_large_image\" \/>\n<meta name=\"twitter:label1\" content=\"Szacowany czas czytania\" \/>\n\t<meta name=\"twitter:data1\" content=\"1 minuta\" \/>\n<script type=\"application\/ld+json\" class=\"yoast-schema-graph\">{\"@context\":\"https:\/\/schema.org\",\"@graph\":[{\"@type\":\"WebPage\",\"@id\":\"https:\/\/akademia-zdrowia.pl\/warszawa\/oferta-szkoleniowa\/szkoly-mlodziezowe\/liceum-ogolnoksztalcace\/\",\"url\":\"https:\/\/akademia-zdrowia.pl\/warszawa\/oferta-szkoleniowa\/szkoly-mlodziezowe\/liceum-ogolnoksztalcace\/\",\"name\":\"Liceum Og\u00f3lnokszta\u0142c\u0105ce - Akademia zdrowia \u2013 Warszawa \u2013 Kursy zawodowe, szko\u0142y policealne\",\"isPartOf\":{\"@id\":\"https:\/\/akademia-zdrowia.pl\/warszawa\/#website\"},\"primaryImageOfPage\":{\"@id\":\"https:\/\/akademia-zdrowia.pl\/warszawa\/oferta-szkoleniowa\/szkoly-mlodziezowe\/liceum-ogolnoksztalcace\/#primaryimage\"},\"image\":{\"@id\":\"https:\/\/akademia-zdrowia.pl\/warszawa\/oferta-szkoleniowa\/szkoly-mlodziezowe\/liceum-ogolnoksztalcace\/#primaryimage\"},\"thumbnailUrl\":\"https:\/\/akademia-zdrowia.pl\/warszawa\/wp-content\/uploads\/2021\/10\/wawa.png\",\"datePublished\":\"2018-01-02T13:47:12+00:00\",\"dateModified\":\"2021-11-10T20:54:42+00:00\",\"description\":\"Nauka w szkole trwa 3 lata. W trakcie trwania nauki ucze\u0144 opr\u00f3cz nauki przedmiot\u00f3w og\u00f3lnokszta\u0142c\u0105cych mo\u017ce uczestniczy\u0107 r\u00f3wnie\u017c w zaj\u0119ciach dodatkowch (\",\"breadcrumb\":{\"@id\":\"https:\/\/akademia-zdrowia.pl\/warszawa\/oferta-szkoleniowa\/szkoly-mlodziezowe\/liceum-ogolnoksztalcace\/#breadcrumb\"},\"inLanguage\":\"pl-PL\",\"potentialAction\":[{\"@type\":\"ReadAction\",\"target\":[\"https:\/\/akademia-zdrowia.pl\/warszawa\/oferta-szkoleniowa\/szkoly-mlodziezowe\/liceum-ogolnoksztalcace\/\"]}]},{\"@type\":\"ImageObject\",\"inLanguage\":\"pl-PL\",\"@id\":\"https:\/\/akademia-zdrowia.pl\/warszawa\/oferta-szkoleniowa\/szkoly-mlodziezowe\/liceum-ogolnoksztalcace\/#primaryimage\",\"url\":\"https:\/\/akademia-zdrowia.pl\/warszawa\/wp-content\/uploads\/2021\/10\/wawa.png\",\"contentUrl\":\"https:\/\/akademia-zdrowia.pl\/warszawa\/wp-content\/uploads\/2021\/10\/wawa.png\",\"width\":390,\"height\":277},{\"@type\":\"BreadcrumbList\",\"@id\":\"https:\/\/akademia-zdrowia.pl\/warszawa\/oferta-szkoleniowa\/szkoly-mlodziezowe\/liceum-ogolnoksztalcace\/#breadcrumb\",\"itemListElement\":[{\"@type\":\"ListItem\",\"position\":1,\"name\":\"Strona g\u0142\u00f3wna\",\"item\":\"https:\/\/akademia-zdrowia.pl\/warszawa\/\"},{\"@type\":\"ListItem\",\"position\":2,\"name\":\"Oferta szkoleniowa\",\"item\":\"https:\/\/akademia-zdrowia.pl\/warszawa\/oferta-szkoleniowa\/\"},{\"@type\":\"ListItem\",\"position\":3,\"name\":\"Liceum i technikum dla m\u0142odzie\u017cy\",\"item\":\"https:\/\/akademia-zdrowia.pl\/warszawa\/oferta-szkoleniowa\/szkoly-mlodziezowe\/\"},{\"@type\":\"ListItem\",\"position\":4,\"name\":\"Liceum Og\u00f3lnokszta\u0142c\u0105ce\"}]},{\"@type\":\"WebSite\",\"@id\":\"https:\/\/akademia-zdrowia.pl\/warszawa\/#website\",\"url\":\"https:\/\/akademia-zdrowia.pl\/warszawa\/\",\"name\":\"Nowa kategoria kursu\",\"description\":\"Nowy kurs \",\"potentialAction\":[{\"@type\":\"SearchAction\",\"target\":{\"@type\":\"EntryPoint\",\"urlTemplate\":\"https:\/\/akademia-zdrowia.pl\/warszawa\/?s={search_term_string}\"},\"query-input\":{\"@type\":\"PropertyValueSpecification\",\"valueRequired\":true,\"valueName\":\"search_term_string\"}}],\"inLanguage\":\"pl-PL\"}]}<\/script>\n<!-- \/ Yoast SEO plugin. -->","yoast_head_json":{"title":"Liceum Og\u00f3lnokszta\u0142c\u0105ce - Akademia zdrowia \u2013 Warszawa \u2013 Kursy zawodowe, szko\u0142y policealne","description":"Nauka w szkole trwa 3 lata. W trakcie trwania nauki ucze\u0144 opr\u00f3cz nauki przedmiot\u00f3w og\u00f3lnokszta\u0142c\u0105cych mo\u017ce uczestniczy\u0107 r\u00f3wnie\u017c w zaj\u0119ciach dodatkowch (","robots":{"index":"index","follow":"follow","max-snippet":"max-snippet:-1","max-image-preview":"max-image-preview:large","max-video-preview":"max-video-preview:-1"},"canonical":"https:\/\/akademia-zdrowia.pl\/warszawa\/oferta-szkoleniowa\/szkoly-mlodziezowe\/liceum-ogolnoksztalcace\/","og_locale":"pl_PL","og_type":"article","og_title":"Liceum Og\u00f3lnokszta\u0142c\u0105ce - Akademia zdrowia \u2013 Warszawa \u2013 Kursy zawodowe, szko\u0142y policealne","og_description":"Nauka w szkole trwa 3 lata. W trakcie trwania nauki ucze\u0144 opr\u00f3cz nauki przedmiot\u00f3w og\u00f3lnokszta\u0142c\u0105cych mo\u017ce uczestniczy\u0107 r\u00f3wnie\u017c w zaj\u0119ciach dodatkowch (","og_url":"https:\/\/akademia-zdrowia.pl\/warszawa\/oferta-szkoleniowa\/szkoly-mlodziezowe\/liceum-ogolnoksztalcace\/","og_site_name":"Nowa kategoria kursu","article_modified_time":"2021-11-10T20:54:42+00:00","og_image":[{"url":"https:\/\/akademia-zdrowia.pl\/warszawa\/wp-content\/uploads\/2021\/10\/wawa.png","type":"","width":"","height":""}],"twitter_card":"summary_large_image","twitter_misc":{"Szacowany czas czytania":"1 minuta"},"schema":{"@context":"https:\/\/schema.org","@graph":[{"@type":"WebPage","@id":"https:\/\/akademia-zdrowia.pl\/warszawa\/oferta-szkoleniowa\/szkoly-mlodziezowe\/liceum-ogolnoksztalcace\/","url":"https:\/\/akademia-zdrowia.pl\/warszawa\/oferta-szkoleniowa\/szkoly-mlodziezowe\/liceum-ogolnoksztalcace\/","name":"Liceum Og\u00f3lnokszta\u0142c\u0105ce - Akademia zdrowia \u2013 Warszawa \u2013 Kursy zawodowe, szko\u0142y policealne","isPartOf":{"@id":"https:\/\/akademia-zdrowia.pl\/warszawa\/#website"},"primaryImageOfPage":{"@id":"https:\/\/akademia-zdrowia.pl\/warszawa\/oferta-szkoleniowa\/szkoly-mlodziezowe\/liceum-ogolnoksztalcace\/#primaryimage"},"image":{"@id":"https:\/\/akademia-zdrowia.pl\/warszawa\/oferta-szkoleniowa\/szkoly-mlodziezowe\/liceum-ogolnoksztalcace\/#primaryimage"},"thumbnailUrl":"https:\/\/akademia-zdrowia.pl\/warszawa\/wp-content\/uploads\/2021\/10\/wawa.png","datePublished":"2018-01-02T13:47:12+00:00","dateModified":"2021-11-10T20:54:42+00:00","description":"Nauka w szkole trwa 3 lata. W trakcie trwania nauki ucze\u0144 opr\u00f3cz nauki przedmiot\u00f3w og\u00f3lnokszta\u0142c\u0105cych mo\u017ce uczestniczy\u0107 r\u00f3wnie\u017c w zaj\u0119ciach dodatkowch (","breadcrumb":{"@id":"https:\/\/akademia-zdrowia.pl\/warszawa\/oferta-szkoleniowa\/szkoly-mlodziezowe\/liceum-ogolnoksztalcace\/#breadcrumb"},"inLanguage":"pl-PL","potentialAction":[{"@type":"ReadAction","target":["https:\/\/akademia-zdrowia.pl\/warszawa\/oferta-szkoleniowa\/szkoly-mlodziezowe\/liceum-ogolnoksztalcace\/"]}]},{"@type":"ImageObject","inLanguage":"pl-PL","@id":"https:\/\/akademia-zdrowia.pl\/warszawa\/oferta-szkoleniowa\/szkoly-mlodziezowe\/liceum-ogolnoksztalcace\/#primaryimage","url":"https:\/\/akademia-zdrowia.pl\/warszawa\/wp-content\/uploads\/2021\/10\/wawa.png","contentUrl":"https:\/\/akademia-zdrowia.pl\/warszawa\/wp-content\/uploads\/2021\/10\/wawa.png","width":390,"height":277},{"@type":"BreadcrumbList","@id":"https:\/\/akademia-zdrowia.pl\/warszawa\/oferta-szkoleniowa\/szkoly-mlodziezowe\/liceum-ogolnoksztalcace\/#breadcrumb","itemListElement":[{"@type":"ListItem","position":1,"name":"Strona g\u0142\u00f3wna","item":"https:\/\/akademia-zdrowia.pl\/warszawa\/"},{"@type":"ListItem","position":2,"name":"Oferta szkoleniowa","item":"https:\/\/akademia-zdrowia.pl\/warszawa\/oferta-szkoleniowa\/"},{"@type":"ListItem","position":3,"name":"Liceum i technikum dla m\u0142odzie\u017cy","item":"https:\/\/akademia-zdrowia.pl\/warszawa\/oferta-szkoleniowa\/szkoly-mlodziezowe\/"},{"@type":"ListItem","position":4,"name":"Liceum Og\u00f3lnokszta\u0142c\u0105ce"}]},{"@type":"WebSite","@id":"https:\/\/akademia-zdrowia.pl\/warszawa\/#website","url":"https:\/\/akademia-zdrowia.pl\/warszawa\/","name":"Nowa kategoria kursu","description":"Nowy kurs ","potentialAction":[{"@type":"SearchAction","target":{"@type":"EntryPoint","urlTemplate":"https:\/\/akademia-zdrowia.pl\/warszawa\/?s={search_term_string}"},"query-input":{"@type":"PropertyValueSpecification","valueRequired":true,"valueName":"search_term_string"}}],"inLanguage":"pl-PL"}]}},"_links":{"self":[{"href":"https:\/\/akademia-zdrowia.pl\/warszawa\/wp-json\/wp\/v2\/pages\/73","targetHints":{"allow":["GET"]}}],"collection":[{"href":"https:\/\/akademia-zdrowia.pl\/warszawa\/wp-json\/wp\/v2\/pages"}],"about":[{"href":"https:\/\/akademia-zdrowia.pl\/warszawa\/wp-json\/wp\/v2\/types\/page"}],"author":[{"embeddable":true,"href":"https:\/\/akademia-zdrowia.pl\/warszawa\/wp-json\/wp\/v2\/users\/1"}],"replies":[{"embeddable":true,"href":"https:\/\/akademia-zdrowia.pl\/warszawa\/wp-json\/wp\/v2\/comments?post=73"}],"version-history":[{"count":6,"href":"https:\/\/akademia-zdrowia.pl\/warszawa\/wp-json\/wp\/v2\/pages\/73\/revisions"}],"predecessor-version":[{"id":2474,"href":"https:\/\/akademia-zdrowia.pl\/warszawa\/wp-json\/wp\/v2\/pages\/73\/revisions\/2474"}],"up":[{"embeddable":true,"href":"https:\/\/akademia-zdrowia.pl\/warszawa\/wp-json\/wp\/v2\/pages\/45"}],"wp:attachment":[{"href":"https:\/\/akademia-zdrowia.pl\/warszawa\/wp-json\/wp\/v2\/media?parent=73"}],"curies":[{"name":"wp","href":"https:\/\/api.w.org\/{rel}","templated":true}]}}