{"id":75,"date":"2018-01-02T14:47:24","date_gmt":"2018-01-02T13:47:24","guid":{"rendered":"http:\/\/www.akademia-zdrowia.pl\/lodz\/?page_id=75"},"modified":"2021-11-10T22:01:38","modified_gmt":"2021-11-10T21:01:38","slug":"technik-weterynarii","status":"publish","type":"page","link":"https:\/\/akademia-zdrowia.pl\/warszawa\/oferta-szkoleniowa\/szkoly-mlodziezowe\/technik-weterynarii\/","title":{"rendered":"Technik weterynarii"},"content":{"rendered":"\t\t<div data-elementor-type=\"wp-page\" data-elementor-id=\"75\" class=\"elementor elementor-75\" data-elementor-post-type=\"page\">\n\t\t\t\t\t\t<section class=\"elementor-section elementor-top-section elementor-element elementor-element-c4fdda5 elementor-section-boxed elementor-section-height-default elementor-section-height-default\" data-id=\"c4fdda5\" data-element_type=\"section\">\n\t\t\t\t\t\t<div class=\"elementor-container elementor-column-gap-default\">\n\t\t\t\t\t<div class=\"elementor-column elementor-col-66 elementor-top-column elementor-element elementor-element-244cdfc\" data-id=\"244cdfc\" data-element_type=\"column\">\n\t\t\t<div class=\"elementor-widget-wrap elementor-element-populated\">\n\t\t\t\t\t\t<div class=\"elementor-element elementor-element-4178374 elementor-widget elementor-widget-text-editor\" data-id=\"4178374\" data-element_type=\"widget\" data-widget_type=\"text-editor.default\">\n\t\t\t\t<div class=\"elementor-widget-container\">\n\t\t\t\t\t\t\t\t\t<p>Nauka w szkole trwa 4 lata. W trakcie trwania nauki ucze\u0144 przyst\u0119puje do dw\u00f3ch egzamin\u00f3w zawodowych (&nbsp;potwierdzaj\u0105cych kwalifikacje w zawodzie) : Prowadzenie chowu i inseminacji zwierz\u0105t oraz Wykonywanie&nbsp;czynno\u015bci pomocniczych z zakresu us\u0142ug weterynaryjnych oraz kontroli nadzoru weterynaryjnego.<\/p>\n<p>W 3 klasie ucze\u0144 zobowi\u0105zany jest do odbycia 160 godzin praktyk zawodowych.<\/p>\n<p>Po uko\u0144czeniu szko\u0142y absolwent kierunku przyst\u0119puje do egzaminu dojrza\u0142o\u015bci.<\/p>\n<p><strong>Czym zajmuje si\u0119 Technik Weterynarii ?<\/strong><br>Technik weterynarii mo\u017ce zajmowa\u0107 si\u0119 prowadzeniem ch\u00f3w i hodowli zwierz\u0105t gospodarskich i zwierz\u0105t&nbsp;towarzysz\u0105cych, wykonywaniem zabieg\u00f3w inseminacji u zwierz\u0105t, wykonywaniem czynno\u015bci pomocnicze w&nbsp;diagnozowaniu chor\u00f3b zwierz\u0105t. Absolwent kierunku mo\u017ce r\u00f3wnie\u017c wykonywa\u0107 czynno\u015bci pomocnicze zwi\u0105zane z&nbsp;profilaktyk\u0105 i leczeniem chor\u00f3b zwierz\u0105t, wykonywa\u0107 zabiegi piel\u0119gnacyjne i zootechniczne u zwierz\u0105t, wykonywa\u0107&nbsp;czynno\u015bci pomocnicze z zakresu bezpiecze\u0144stwa \u017cywno\u015bciowego oraz w zwalczaniu chor\u00f3b zaka\u017anych zwierz\u0105t.<br>Technik weterynarii mo\u017ce pracowa\u0107 r\u00f3wnie\u017c w rze\u017ani, gdzie zajmuje si\u0119 wykonywaniem czynno\u015bci pomocnicze&nbsp;podczas badania przedubojowego zwierz\u0105t i poubojowego mi\u0119sa.<\/p>\n<p>Technik weterynarii posiada r\u00f3wnie\u017c uprawnienie do prowadzenia dokumentacji zwi\u0105zanej z nadzorem&nbsp;weterynaryjnym.<\/p>\n<p><strong>Gdzie mo\u017ce pracowa\u0107 Technik Weterynarii ?<\/strong><br>Technik weterynarii znajdzie zatrudnienie w lecznicach i przychodniach dla zwierz\u0105t, punktach weterynaryjnych,&nbsp;zak\u0142adach higieny weterynaryjnej, laboratoriach weterynaryjnych, rze\u017aniach, zak\u0142adach inspekcji&nbsp;weterynaryjnej, przedsi\u0119biorstwach zajmuj\u0105cych si\u0119 obrotem zwierz\u0105t hodowlanych.<\/p>\t\t\t\t\t\t\t\t<\/div>\n\t\t\t\t<\/div>\n\t\t\t\t\t<\/div>\n\t\t<\/div>\n\t\t\t\t<div class=\"elementor-column elementor-col-33 elementor-top-column elementor-element elementor-element-972af5e\" data-id=\"972af5e\" data-element_type=\"column\">\n\t\t\t<div class=\"elementor-widget-wrap elementor-element-populated\">\n\t\t\t\t\t\t<div class=\"elementor-element elementor-element-891130b elementor-widget elementor-widget-rs-image\" data-id=\"891130b\" data-element_type=\"widget\" data-widget_type=\"rs-image.default\">\n\t\t\t\t<div class=\"elementor-widget-container\">\n\t\t\t\t\t\n        <div class=\"rs-image \">\n                            <img decoding=\"async\" class=\"rs-multi-image \" src=\"https:\/\/akademia-zdrowia.pl\/warszawa\/wp-content\/uploads\/2021\/10\/wawa.png\" alt=\"image\"\/>\n                    <\/div>\n\n              \n    \t\t\t\t<\/div>\n\t\t\t\t<\/div>\n\t\t\t\t<div class=\"elementor-element elementor-element-fa7903c elementor-widget elementor-widget-text-editor\" data-id=\"fa7903c\" data-element_type=\"widget\" data-widget_type=\"text-editor.default\">\n\t\t\t\t<div class=\"elementor-widget-container\">\n\t\t\t\t\t\t\t\t\t<div class=\"adres\"><p style=\"text-align: center;\">Jana Kazimierza 45\/5<br \/><span style=\"color: var( --e-global-color-text ); font-family: var( --e-global-typography-text-font-family ), Sans-serif; font-weight: var( --e-global-typography-text-font-weight );\">01-248 Warszawa<br \/><br \/><\/span><img decoding=\"async\" style=\"color: var( --e-global-color-text ); font-family: var( --e-global-typography-text-font-family ), Sans-serif; font-weight: var( --e-global-typography-text-font-weight );\" src=\"https:\/\/www.akademia-zdrowia.pl\/lodz\/wp-content\/themes\/akademia-podstrona\/img\/phone-ico_red.png\" alt=\"marker\" \/><span style=\"color: var( --e-global-color-text ); font-family: var( --e-global-typography-text-font-family ), Sans-serif; font-weight: var( --e-global-typography-text-font-weight );\">\u00a0\u00a0<\/span><span style=\"color: var( --e-global-color-text ); font-family: var( --e-global-typography-text-font-family ), Sans-serif; font-weight: var( --e-global-typography-text-font-weight );\">tel.\u00a0<\/span><a style=\"font-family: var( --e-global-typography-text-font-family ), Sans-serif; font-weight: var( --e-global-typography-text-font-weight ); background-color: #ffffff;\" href=\"tel:22 862 29 60\">(22) 862 29 60<\/a><span style=\"color: var( --e-global-color-text ); font-family: var( --e-global-typography-text-font-family ), Sans-serif; font-weight: var( --e-global-typography-text-font-weight );\">\u00a0\u00a0<br \/><\/span><span style=\"color: var( --e-global-color-text ); font-family: var( --e-global-typography-text-font-family ), Sans-serif; font-weight: var( --e-global-typography-text-font-weight );\">tel.\/fax\u00a0<\/span><a style=\"font-family: var( --e-global-typography-text-font-family ), Sans-serif; font-weight: var( --e-global-typography-text-font-weight ); background-color: #ffffff;\" href=\"tel:22 862 29 61\">(22) 862 29 61<\/a><\/p><\/div><div class=\"dodatkowe\"><p style=\"text-align: center;\">Sekretariat czynny od poniedzia\u0142ku do pi\u0105tku w godzinach 9.00-16.00<\/p><p style=\"text-align: center;\"><span style=\"color: #000080; font-family: var( --e-global-typography-text-font-family ), Sans-serif;\"><b>Zarezerwuj miejsce ju\u017c dzi\u015b!<\/b><\/span><\/p><\/div>\t\t\t\t\t\t\t\t<\/div>\n\t\t\t\t<\/div>\n\t\t\t\t<div class=\"elementor-element elementor-element-fe8b451 elementor-align-center elementor-widget elementor-widget-bdt-advanced-button\" data-id=\"fe8b451\" data-element_type=\"widget\" data-widget_type=\"bdt-advanced-button.default\">\n\t\t\t\t<div class=\"elementor-widget-container\">\n\t\t\t\t\t\t\t<div class=\"bdt-ep-button-wrapper\">\r\n\t\t\t<a href=\"\/warszawa\/zapisz-sie\/\" class=\"bdt-ep-button bdt-ep-button-effect-a bdt-ep-button-size-sm\">\r\n\t\t\t\t\t\t<div class=\"bdt-ep-button-content-wrapper bdt-flex bdt-flex-middle bdt-flex-center  \" data-text=\"ZAPISZ SI\u0118\">\r\n\t\t\t\r\n\t\t\t<div class=\"bdt-ep-button-text\">\r\n\r\n                <span class=\"avdbtn-text\">ZAPISZ SI\u0118<\/span>\r\n\r\n\t\t\t\t            <\/div>\r\n\r\n\t\t\t\r\n\t\t<\/div>\r\n\t\t\t\t\t<\/a>\r\n\t\t<\/div>\r\n\t\t\t\t\t\t<\/div>\n\t\t\t\t<\/div>\n\t\t\t\t<div class=\"elementor-element elementor-element-c1ef2b0 bdt-navbar-style-1 elementor-widget elementor-widget-bdt-scrollnav\" data-id=\"c1ef2b0\" data-element_type=\"widget\" data-widget_type=\"bdt-scrollnav.default\">\n\t\t\t\t<div class=\"elementor-widget-container\">\n\t\t\t\t\t\t\t<div class=\"bdt-scrollnav bdt-navbar-container bdt-navbar-transparent bdt-navbar \" data-bdt-navbar=\"\">\r\n\t\t\t<div class=\"bdt-navbar-center\">\r\n\t\t\t\t<ul class=\"bdt-nav bdt-nav-default\" data-bdt-scrollspy-nav=\"closest: li; scroll: true; offset: 0;\">\r\n\t\t\t\t\t\t\t\t<li>\r\n\t\t\t\t<a data-tippy-content=\"\" href=\"\/warszawa\/oferta-szkoleniowa\/szkoly-mlodziezowe\/liceum-ogolnoksztalcace\/\">\r\n\t\t\t\t\tLiceum Og\u00f3lnokszta\u0142c\u0105ce\t\t\t\t\t\t\t\t\t<\/a>\r\n\t\t\t<\/li>\r\n\t\t\t\t\t\t<li>\r\n\t\t\t\t<a data-tippy-content=\"\" href=\"\/warszawa\/oferta-szkoleniowa\/szkoly-mlodziezowe\/technik-weterynarii\/\">\r\n\t\t\t\t\tTechnik weterynarii\t\t\t\t\t\t\t\t\t<\/a>\r\n\t\t\t<\/li>\r\n\t\t\t\t\t\t<li>\r\n\t\t\t\t<a data-tippy-content=\"\" href=\"\/warszawa\/oferta-szkoleniowa\/szkoly-mlodziezowe\/technik-uslug-fryzjerskich\/\">\r\n\t\t\t\t\tTechnik us\u0142ug fryzjerskich\t\t\t\t\t\t\t\t\t<\/a>\r\n\t\t\t<\/li>\r\n\t\t\t\t\t\t\t<\/ul>\r\n\t\t\t<\/div>\r\n\t\t<\/div>\r\n\t    \t\t\t\t<\/div>\n\t\t\t\t<\/div>\n\t\t\t\t\t<\/div>\n\t\t<\/div>\n\t\t\t\t\t<\/div>\n\t\t<\/section>\n\t\t\t\t<\/div>\n\t\t","protected":false},"excerpt":{"rendered":"<p>Nauka w szkole trwa 4 lata. W trakcie trwania nauki ucze\u0144 przyst\u0119puje do dw\u00f3ch egzamin\u00f3w zawodowych (&nbsp;potwierdzaj\u0105cych kwalifikacje w zawodzie) : Prowadzenie chowu i inseminacji zwierz\u0105t oraz Wykonywanie&nbsp;czynno\u015bci pomocniczych z zakresu us\u0142ug weterynaryjnych oraz kontroli nadzoru weterynaryjnego. W 3 klasie ucze\u0144 zobowi\u0105zany jest do odbycia 160 godzin praktyk zawodowych. Po uko\u0144czeniu szko\u0142y absolwent kierunku przyst\u0119puje&#8230;<\/p>\n","protected":false},"author":1,"featured_media":0,"parent":45,"menu_order":0,"comment_status":"closed","ping_status":"closed","template":"","meta":{"footnotes":""},"class_list":["post-75","page","type-page","status-publish","hentry"],"yoast_head":"<!-- This site is optimized with the Yoast SEO plugin v26.8 - https:\/\/yoast.com\/product\/yoast-seo-wordpress\/ -->\n<title>Technik weterynarii - Akademia zdrowia \u2013 Warszawa \u2013 Kursy zawodowe, szko\u0142y policealne<\/title>\n<meta name=\"description\" content=\"Nauka w szkole trwa 4 lata. W trakcie trwania nauki ucze\u0144 przyst\u0119puje do dw\u00f3ch egzamin\u00f3w zawodowych (&nbsp;potwierdzaj\u0105cych kwalifikacje w zawodzie) :\" \/>\n<meta name=\"robots\" content=\"index, follow, max-snippet:-1, max-image-preview:large, max-video-preview:-1\" \/>\n<link rel=\"canonical\" href=\"https:\/\/akademia-zdrowia.pl\/warszawa\/oferta-szkoleniowa\/szkoly-mlodziezowe\/technik-weterynarii\/\" \/>\n<meta property=\"og:locale\" content=\"pl_PL\" \/>\n<meta property=\"og:type\" content=\"article\" \/>\n<meta property=\"og:title\" content=\"Technik weterynarii - Akademia zdrowia \u2013 Warszawa \u2013 Kursy zawodowe, szko\u0142y policealne\" \/>\n<meta property=\"og:description\" content=\"Nauka w szkole trwa 4 lata. W trakcie trwania nauki ucze\u0144 przyst\u0119puje do dw\u00f3ch egzamin\u00f3w zawodowych (&nbsp;potwierdzaj\u0105cych kwalifikacje w zawodzie) :\" \/>\n<meta property=\"og:url\" content=\"https:\/\/akademia-zdrowia.pl\/warszawa\/oferta-szkoleniowa\/szkoly-mlodziezowe\/technik-weterynarii\/\" \/>\n<meta property=\"og:site_name\" content=\"Nowa kategoria kursu\" \/>\n<meta property=\"article:modified_time\" content=\"2021-11-10T21:01:38+00:00\" \/>\n<meta property=\"og:image\" content=\"https:\/\/akademia-zdrowia.pl\/warszawa\/wp-content\/uploads\/2021\/10\/wawa.png\" \/>\n<meta name=\"twitter:card\" content=\"summary_large_image\" \/>\n<meta name=\"twitter:label1\" content=\"Szacowany czas czytania\" \/>\n\t<meta name=\"twitter:data1\" content=\"1 minuta\" \/>\n<script type=\"application\/ld+json\" class=\"yoast-schema-graph\">{\"@context\":\"https:\/\/schema.org\",\"@graph\":[{\"@type\":\"WebPage\",\"@id\":\"https:\/\/akademia-zdrowia.pl\/warszawa\/oferta-szkoleniowa\/szkoly-mlodziezowe\/technik-weterynarii\/\",\"url\":\"https:\/\/akademia-zdrowia.pl\/warszawa\/oferta-szkoleniowa\/szkoly-mlodziezowe\/technik-weterynarii\/\",\"name\":\"Technik weterynarii - Akademia zdrowia \u2013 Warszawa \u2013 Kursy zawodowe, szko\u0142y policealne\",\"isPartOf\":{\"@id\":\"https:\/\/akademia-zdrowia.pl\/warszawa\/#website\"},\"primaryImageOfPage\":{\"@id\":\"https:\/\/akademia-zdrowia.pl\/warszawa\/oferta-szkoleniowa\/szkoly-mlodziezowe\/technik-weterynarii\/#primaryimage\"},\"image\":{\"@id\":\"https:\/\/akademia-zdrowia.pl\/warszawa\/oferta-szkoleniowa\/szkoly-mlodziezowe\/technik-weterynarii\/#primaryimage\"},\"thumbnailUrl\":\"https:\/\/akademia-zdrowia.pl\/warszawa\/wp-content\/uploads\/2021\/10\/wawa.png\",\"datePublished\":\"2018-01-02T13:47:24+00:00\",\"dateModified\":\"2021-11-10T21:01:38+00:00\",\"description\":\"Nauka w szkole trwa 4 lata. W trakcie trwania nauki ucze\u0144 przyst\u0119puje do dw\u00f3ch egzamin\u00f3w zawodowych (&nbsp;potwierdzaj\u0105cych kwalifikacje w zawodzie) :\",\"breadcrumb\":{\"@id\":\"https:\/\/akademia-zdrowia.pl\/warszawa\/oferta-szkoleniowa\/szkoly-mlodziezowe\/technik-weterynarii\/#breadcrumb\"},\"inLanguage\":\"pl-PL\",\"potentialAction\":[{\"@type\":\"ReadAction\",\"target\":[\"https:\/\/akademia-zdrowia.pl\/warszawa\/oferta-szkoleniowa\/szkoly-mlodziezowe\/technik-weterynarii\/\"]}]},{\"@type\":\"ImageObject\",\"inLanguage\":\"pl-PL\",\"@id\":\"https:\/\/akademia-zdrowia.pl\/warszawa\/oferta-szkoleniowa\/szkoly-mlodziezowe\/technik-weterynarii\/#primaryimage\",\"url\":\"https:\/\/akademia-zdrowia.pl\/warszawa\/wp-content\/uploads\/2021\/10\/wawa.png\",\"contentUrl\":\"https:\/\/akademia-zdrowia.pl\/warszawa\/wp-content\/uploads\/2021\/10\/wawa.png\",\"width\":390,\"height\":277},{\"@type\":\"BreadcrumbList\",\"@id\":\"https:\/\/akademia-zdrowia.pl\/warszawa\/oferta-szkoleniowa\/szkoly-mlodziezowe\/technik-weterynarii\/#breadcrumb\",\"itemListElement\":[{\"@type\":\"ListItem\",\"position\":1,\"name\":\"Strona g\u0142\u00f3wna\",\"item\":\"https:\/\/akademia-zdrowia.pl\/warszawa\/\"},{\"@type\":\"ListItem\",\"position\":2,\"name\":\"Oferta szkoleniowa\",\"item\":\"https:\/\/akademia-zdrowia.pl\/warszawa\/oferta-szkoleniowa\/\"},{\"@type\":\"ListItem\",\"position\":3,\"name\":\"Liceum i technikum dla m\u0142odzie\u017cy\",\"item\":\"https:\/\/akademia-zdrowia.pl\/warszawa\/oferta-szkoleniowa\/szkoly-mlodziezowe\/\"},{\"@type\":\"ListItem\",\"position\":4,\"name\":\"Technik weterynarii\"}]},{\"@type\":\"WebSite\",\"@id\":\"https:\/\/akademia-zdrowia.pl\/warszawa\/#website\",\"url\":\"https:\/\/akademia-zdrowia.pl\/warszawa\/\",\"name\":\"Nowa kategoria kursu\",\"description\":\"Nowy kurs \",\"potentialAction\":[{\"@type\":\"SearchAction\",\"target\":{\"@type\":\"EntryPoint\",\"urlTemplate\":\"https:\/\/akademia-zdrowia.pl\/warszawa\/?s={search_term_string}\"},\"query-input\":{\"@type\":\"PropertyValueSpecification\",\"valueRequired\":true,\"valueName\":\"search_term_string\"}}],\"inLanguage\":\"pl-PL\"}]}<\/script>\n<!-- \/ Yoast SEO plugin. -->","yoast_head_json":{"title":"Technik weterynarii - Akademia zdrowia \u2013 Warszawa \u2013 Kursy zawodowe, szko\u0142y policealne","description":"Nauka w szkole trwa 4 lata. W trakcie trwania nauki ucze\u0144 przyst\u0119puje do dw\u00f3ch egzamin\u00f3w zawodowych (&nbsp;potwierdzaj\u0105cych kwalifikacje w zawodzie) :","robots":{"index":"index","follow":"follow","max-snippet":"max-snippet:-1","max-image-preview":"max-image-preview:large","max-video-preview":"max-video-preview:-1"},"canonical":"https:\/\/akademia-zdrowia.pl\/warszawa\/oferta-szkoleniowa\/szkoly-mlodziezowe\/technik-weterynarii\/","og_locale":"pl_PL","og_type":"article","og_title":"Technik weterynarii - Akademia zdrowia \u2013 Warszawa \u2013 Kursy zawodowe, szko\u0142y policealne","og_description":"Nauka w szkole trwa 4 lata. W trakcie trwania nauki ucze\u0144 przyst\u0119puje do dw\u00f3ch egzamin\u00f3w zawodowych (&nbsp;potwierdzaj\u0105cych kwalifikacje w zawodzie) :","og_url":"https:\/\/akademia-zdrowia.pl\/warszawa\/oferta-szkoleniowa\/szkoly-mlodziezowe\/technik-weterynarii\/","og_site_name":"Nowa kategoria kursu","article_modified_time":"2021-11-10T21:01:38+00:00","og_image":[{"url":"https:\/\/akademia-zdrowia.pl\/warszawa\/wp-content\/uploads\/2021\/10\/wawa.png","type":"","width":"","height":""}],"twitter_card":"summary_large_image","twitter_misc":{"Szacowany czas czytania":"1 minuta"},"schema":{"@context":"https:\/\/schema.org","@graph":[{"@type":"WebPage","@id":"https:\/\/akademia-zdrowia.pl\/warszawa\/oferta-szkoleniowa\/szkoly-mlodziezowe\/technik-weterynarii\/","url":"https:\/\/akademia-zdrowia.pl\/warszawa\/oferta-szkoleniowa\/szkoly-mlodziezowe\/technik-weterynarii\/","name":"Technik weterynarii - Akademia zdrowia \u2013 Warszawa \u2013 Kursy zawodowe, szko\u0142y policealne","isPartOf":{"@id":"https:\/\/akademia-zdrowia.pl\/warszawa\/#website"},"primaryImageOfPage":{"@id":"https:\/\/akademia-zdrowia.pl\/warszawa\/oferta-szkoleniowa\/szkoly-mlodziezowe\/technik-weterynarii\/#primaryimage"},"image":{"@id":"https:\/\/akademia-zdrowia.pl\/warszawa\/oferta-szkoleniowa\/szkoly-mlodziezowe\/technik-weterynarii\/#primaryimage"},"thumbnailUrl":"https:\/\/akademia-zdrowia.pl\/warszawa\/wp-content\/uploads\/2021\/10\/wawa.png","datePublished":"2018-01-02T13:47:24+00:00","dateModified":"2021-11-10T21:01:38+00:00","description":"Nauka w szkole trwa 4 lata. W trakcie trwania nauki ucze\u0144 przyst\u0119puje do dw\u00f3ch egzamin\u00f3w zawodowych (&nbsp;potwierdzaj\u0105cych kwalifikacje w zawodzie) :","breadcrumb":{"@id":"https:\/\/akademia-zdrowia.pl\/warszawa\/oferta-szkoleniowa\/szkoly-mlodziezowe\/technik-weterynarii\/#breadcrumb"},"inLanguage":"pl-PL","potentialAction":[{"@type":"ReadAction","target":["https:\/\/akademia-zdrowia.pl\/warszawa\/oferta-szkoleniowa\/szkoly-mlodziezowe\/technik-weterynarii\/"]}]},{"@type":"ImageObject","inLanguage":"pl-PL","@id":"https:\/\/akademia-zdrowia.pl\/warszawa\/oferta-szkoleniowa\/szkoly-mlodziezowe\/technik-weterynarii\/#primaryimage","url":"https:\/\/akademia-zdrowia.pl\/warszawa\/wp-content\/uploads\/2021\/10\/wawa.png","contentUrl":"https:\/\/akademia-zdrowia.pl\/warszawa\/wp-content\/uploads\/2021\/10\/wawa.png","width":390,"height":277},{"@type":"BreadcrumbList","@id":"https:\/\/akademia-zdrowia.pl\/warszawa\/oferta-szkoleniowa\/szkoly-mlodziezowe\/technik-weterynarii\/#breadcrumb","itemListElement":[{"@type":"ListItem","position":1,"name":"Strona g\u0142\u00f3wna","item":"https:\/\/akademia-zdrowia.pl\/warszawa\/"},{"@type":"ListItem","position":2,"name":"Oferta szkoleniowa","item":"https:\/\/akademia-zdrowia.pl\/warszawa\/oferta-szkoleniowa\/"},{"@type":"ListItem","position":3,"name":"Liceum i technikum dla m\u0142odzie\u017cy","item":"https:\/\/akademia-zdrowia.pl\/warszawa\/oferta-szkoleniowa\/szkoly-mlodziezowe\/"},{"@type":"ListItem","position":4,"name":"Technik weterynarii"}]},{"@type":"WebSite","@id":"https:\/\/akademia-zdrowia.pl\/warszawa\/#website","url":"https:\/\/akademia-zdrowia.pl\/warszawa\/","name":"Nowa kategoria kursu","description":"Nowy kurs ","potentialAction":[{"@type":"SearchAction","target":{"@type":"EntryPoint","urlTemplate":"https:\/\/akademia-zdrowia.pl\/warszawa\/?s={search_term_string}"},"query-input":{"@type":"PropertyValueSpecification","valueRequired":true,"valueName":"search_term_string"}}],"inLanguage":"pl-PL"}]}},"_links":{"self":[{"href":"https:\/\/akademia-zdrowia.pl\/warszawa\/wp-json\/wp\/v2\/pages\/75","targetHints":{"allow":["GET"]}}],"collection":[{"href":"https:\/\/akademia-zdrowia.pl\/warszawa\/wp-json\/wp\/v2\/pages"}],"about":[{"href":"https:\/\/akademia-zdrowia.pl\/warszawa\/wp-json\/wp\/v2\/types\/page"}],"author":[{"embeddable":true,"href":"https:\/\/akademia-zdrowia.pl\/warszawa\/wp-json\/wp\/v2\/users\/1"}],"replies":[{"embeddable":true,"href":"https:\/\/akademia-zdrowia.pl\/warszawa\/wp-json\/wp\/v2\/comments?post=75"}],"version-history":[{"count":6,"href":"https:\/\/akademia-zdrowia.pl\/warszawa\/wp-json\/wp\/v2\/pages\/75\/revisions"}],"predecessor-version":[{"id":2495,"href":"https:\/\/akademia-zdrowia.pl\/warszawa\/wp-json\/wp\/v2\/pages\/75\/revisions\/2495"}],"up":[{"embeddable":true,"href":"https:\/\/akademia-zdrowia.pl\/warszawa\/wp-json\/wp\/v2\/pages\/45"}],"wp:attachment":[{"href":"https:\/\/akademia-zdrowia.pl\/warszawa\/wp-json\/wp\/v2\/media?parent=75"}],"curies":[{"name":"wp","href":"https:\/\/api.w.org\/{rel}","templated":true}]}}