{"id":77,"date":"2018-01-02T14:47:35","date_gmt":"2018-01-02T13:47:35","guid":{"rendered":"http:\/\/www.akademia-zdrowia.pl\/lodz\/?page_id=77"},"modified":"2021-11-10T22:01:24","modified_gmt":"2021-11-10T21:01:24","slug":"technik-uslug-fryzjerskich","status":"publish","type":"page","link":"https:\/\/akademia-zdrowia.pl\/warszawa\/oferta-szkoleniowa\/szkoly-mlodziezowe\/technik-uslug-fryzjerskich\/","title":{"rendered":"Technik us\u0142ug fryzjerskich"},"content":{"rendered":"\t\t<div data-elementor-type=\"wp-page\" data-elementor-id=\"77\" class=\"elementor elementor-77\" data-elementor-post-type=\"page\">\n\t\t\t\t\t\t<section class=\"elementor-section elementor-top-section elementor-element elementor-element-f036c7f elementor-section-boxed elementor-section-height-default elementor-section-height-default\" data-id=\"f036c7f\" data-element_type=\"section\">\n\t\t\t\t\t\t<div class=\"elementor-container elementor-column-gap-default\">\n\t\t\t\t\t<div class=\"elementor-column elementor-col-66 elementor-top-column elementor-element elementor-element-282c736\" data-id=\"282c736\" data-element_type=\"column\">\n\t\t\t<div class=\"elementor-widget-wrap elementor-element-populated\">\n\t\t\t\t\t\t<div class=\"elementor-element elementor-element-123fb59 elementor-widget elementor-widget-text-editor\" data-id=\"123fb59\" data-element_type=\"widget\" data-widget_type=\"text-editor.default\">\n\t\t\t\t<div class=\"elementor-widget-container\">\n\t\t\t\t\t\t\t\t\t<p>Nauka w szkole trwa 4 lata. W trakcie trwania nauki ucze\u0144 przyst\u0119puje do dw\u00f3ch egzamin\u00f3w zawodowdych ( potwierdzaj\u0105cych kwalifikacje w zawodzie) : Wykonywanie projekt\u00f3w fryzur oraz Stylizacja fryzur z wykorzystaniem technik wizualizacji. W 3 klasie ucze\u0144 zobowi\u0105zany jest do odbycia 160 godzin praktyk zawodowych.<\/p><p>Po uko\u0144czeniu szko\u0142y absolwent kierunku przyst\u0119puje do egzaminu dojrza\u0142o\u015bci.<\/p><p><strong>Czym zajmuje si\u0119 Technik Us\u0142ug Fryzjerskich ?<\/strong><br \/>Technik us\u0142ug fryzjerskich posiada wiedz\u0119 z dziedziny szeroko poj\u0119tego fryzjerstwa. Absolwent tego kierunku mo\u017ce prowadzi\u0107 oraz ma pe\u0142ne predyzspozycje do zarz\u0105dzania salonem fryzjerskich zar\u00f3wno pod wzgl\u0119dem praktycznym jak i estetycznym. Posiada r\u00f3wnie\u017c umiej\u0119tno\u015b\u0107 zarz\u0105dzania zespo\u0142em oraz zna podstawy komunikacji z klientem, kt\u00f3re s\u0105 bardzo wa\u017cne w tym zawodzie.<\/p><p>Technik Us\u0142ug Fryzjerskich jest jednak przede wszystkim stylist\u0105 fryzur, dokonuje analizy kolorystycznej i przeprowadza zabiegi koloryzacji.<\/p><p>Technik Us\u0142ug Fryzjerskich zna r\u00f3wnie\u017c zasady sprzeda\u017cy i ekspozycji artyku\u0142\u00f3w fryzjerskich, potrafi oceni\u0107 je pod wzgl\u0119dem jako\u015bciowym i estetycznym.<\/p><p><strong>Gdzie mo\u017ce pracowa\u0107 Technik Us\u0142ug Fryzjerskich ?<\/strong><br \/>Technik us\u0142ug fryzjerskich znajdzie zatrudnienie w renomowanych salonach fryzjerskich. Posiada r\u00f3wnie\u017c kwalifikacje niezb\u0119dne do otworzenia w\u0142asnej dzia\u0142alno\u015bci gospodarczej.<\/p>\t\t\t\t\t\t\t\t<\/div>\n\t\t\t\t<\/div>\n\t\t\t\t\t<\/div>\n\t\t<\/div>\n\t\t\t\t<div class=\"elementor-column elementor-col-33 elementor-top-column elementor-element elementor-element-b4f6791\" data-id=\"b4f6791\" data-element_type=\"column\">\n\t\t\t<div class=\"elementor-widget-wrap elementor-element-populated\">\n\t\t\t\t\t\t<div class=\"elementor-element elementor-element-2c676f1 elementor-widget elementor-widget-rs-image\" data-id=\"2c676f1\" data-element_type=\"widget\" data-widget_type=\"rs-image.default\">\n\t\t\t\t<div class=\"elementor-widget-container\">\n\t\t\t\t\t\n        <div class=\"rs-image \">\n                            <img decoding=\"async\" class=\"rs-multi-image \" src=\"https:\/\/akademia-zdrowia.pl\/warszawa\/wp-content\/uploads\/2021\/10\/wawa.png\" alt=\"image\"\/>\n                    <\/div>\n\n              \n    \t\t\t\t<\/div>\n\t\t\t\t<\/div>\n\t\t\t\t<div class=\"elementor-element elementor-element-35bef75 elementor-widget elementor-widget-text-editor\" data-id=\"35bef75\" data-element_type=\"widget\" data-widget_type=\"text-editor.default\">\n\t\t\t\t<div class=\"elementor-widget-container\">\n\t\t\t\t\t\t\t\t\t<div class=\"adres\"><p style=\"text-align: center;\">Jana Kazimierza 45\/5<br \/><span style=\"color: var( --e-global-color-text ); font-family: var( --e-global-typography-text-font-family ), Sans-serif; font-weight: var( --e-global-typography-text-font-weight );\">01-248 Warszawa<br \/><br \/><\/span><img decoding=\"async\" style=\"color: var( --e-global-color-text ); font-family: var( --e-global-typography-text-font-family ), Sans-serif; font-weight: var( --e-global-typography-text-font-weight );\" src=\"https:\/\/www.akademia-zdrowia.pl\/lodz\/wp-content\/themes\/akademia-podstrona\/img\/phone-ico_red.png\" alt=\"marker\" \/><span style=\"color: var( --e-global-color-text ); font-family: var( --e-global-typography-text-font-family ), Sans-serif; font-weight: var( --e-global-typography-text-font-weight );\">\u00a0\u00a0<\/span><span style=\"color: var( --e-global-color-text ); font-family: var( --e-global-typography-text-font-family ), Sans-serif; font-weight: var( --e-global-typography-text-font-weight );\">tel.\u00a0<\/span><a style=\"font-family: var( --e-global-typography-text-font-family ), Sans-serif; font-weight: var( --e-global-typography-text-font-weight ); background-color: #ffffff;\" href=\"tel:22 862 29 60\">(22) 862 29 60<\/a><span style=\"color: var( --e-global-color-text ); font-family: var( --e-global-typography-text-font-family ), Sans-serif; font-weight: var( --e-global-typography-text-font-weight );\">\u00a0\u00a0<br \/><\/span><span style=\"color: var( --e-global-color-text ); font-family: var( --e-global-typography-text-font-family ), Sans-serif; font-weight: var( --e-global-typography-text-font-weight );\">tel.\/fax\u00a0<\/span><a style=\"font-family: var( --e-global-typography-text-font-family ), Sans-serif; font-weight: var( --e-global-typography-text-font-weight ); background-color: #ffffff;\" href=\"tel:22 862 29 61\">(22) 862 29 61<\/a><\/p><\/div><div class=\"dodatkowe\"><p style=\"text-align: center;\">Sekretariat czynny od poniedzia\u0142ku do pi\u0105tku w godzinach 9.00-16.00<\/p><p style=\"text-align: center;\"><span style=\"color: #000080; font-family: var( --e-global-typography-text-font-family ), Sans-serif;\"><b>Zarezerwuj miejsce ju\u017c dzi\u015b!<\/b><\/span><\/p><\/div>\t\t\t\t\t\t\t\t<\/div>\n\t\t\t\t<\/div>\n\t\t\t\t<div class=\"elementor-element elementor-element-0dec7c2 elementor-align-center elementor-widget elementor-widget-bdt-advanced-button\" data-id=\"0dec7c2\" data-element_type=\"widget\" data-widget_type=\"bdt-advanced-button.default\">\n\t\t\t\t<div class=\"elementor-widget-container\">\n\t\t\t\t\t\t\t<div class=\"bdt-ep-button-wrapper\">\r\n\t\t\t<a href=\"\/warszawa\/zapisz-sie\/\" class=\"bdt-ep-button bdt-ep-button-effect-a bdt-ep-button-size-sm\">\r\n\t\t\t\t\t\t<div class=\"bdt-ep-button-content-wrapper bdt-flex bdt-flex-middle bdt-flex-center  \" data-text=\"ZAPISZ SI\u0118\">\r\n\t\t\t\r\n\t\t\t<div class=\"bdt-ep-button-text\">\r\n\r\n                <span class=\"avdbtn-text\">ZAPISZ SI\u0118<\/span>\r\n\r\n\t\t\t\t            <\/div>\r\n\r\n\t\t\t\r\n\t\t<\/div>\r\n\t\t\t\t\t<\/a>\r\n\t\t<\/div>\r\n\t\t\t\t\t\t<\/div>\n\t\t\t\t<\/div>\n\t\t\t\t<div class=\"elementor-element elementor-element-98424f0 bdt-navbar-style-1 elementor-widget elementor-widget-bdt-scrollnav\" data-id=\"98424f0\" data-element_type=\"widget\" data-widget_type=\"bdt-scrollnav.default\">\n\t\t\t\t<div class=\"elementor-widget-container\">\n\t\t\t\t\t\t\t<div class=\"bdt-scrollnav bdt-navbar-container bdt-navbar-transparent bdt-navbar \" data-bdt-navbar=\"\">\r\n\t\t\t<div class=\"bdt-navbar-center\">\r\n\t\t\t\t<ul class=\"bdt-nav bdt-nav-default\" data-bdt-scrollspy-nav=\"closest: li; scroll: true; offset: 0;\">\r\n\t\t\t\t\t\t\t\t<li>\r\n\t\t\t\t<a data-tippy-content=\"\" href=\"\/warszawa\/oferta-szkoleniowa\/szkoly-mlodziezowe\/liceum-ogolnoksztalcace\/\">\r\n\t\t\t\t\tLiceum Og\u00f3lnokszta\u0142c\u0105ce\t\t\t\t\t\t\t\t\t<\/a>\r\n\t\t\t<\/li>\r\n\t\t\t\t\t\t<li>\r\n\t\t\t\t<a data-tippy-content=\"\" href=\"\/warszawa\/oferta-szkoleniowa\/szkoly-mlodziezowe\/technik-weterynarii\/\">\r\n\t\t\t\t\tTechnik weterynarii\t\t\t\t\t\t\t\t\t<\/a>\r\n\t\t\t<\/li>\r\n\t\t\t\t\t\t<li>\r\n\t\t\t\t<a data-tippy-content=\"\" href=\"\/warszawa\/oferta-szkoleniowa\/szkoly-mlodziezowe\/technik-uslug-fryzjerskich\/\">\r\n\t\t\t\t\tTechnik us\u0142ug fryzjerskich\t\t\t\t\t\t\t\t\t<\/a>\r\n\t\t\t<\/li>\r\n\t\t\t\t\t\t\t<\/ul>\r\n\t\t\t<\/div>\r\n\t\t<\/div>\r\n\t    \t\t\t\t<\/div>\n\t\t\t\t<\/div>\n\t\t\t\t\t<\/div>\n\t\t<\/div>\n\t\t\t\t\t<\/div>\n\t\t<\/section>\n\t\t\t\t<\/div>\n\t\t","protected":false},"excerpt":{"rendered":"<p>Nauka w szkole trwa 4 lata. W trakcie trwania nauki ucze\u0144 przyst\u0119puje do dw\u00f3ch egzamin\u00f3w zawodowdych ( potwierdzaj\u0105cych kwalifikacje w zawodzie) : Wykonywanie projekt\u00f3w fryzur oraz Stylizacja fryzur z wykorzystaniem technik wizualizacji. W 3 klasie ucze\u0144 zobowi\u0105zany jest do odbycia 160 godzin praktyk zawodowych. Po uko\u0144czeniu szko\u0142y absolwent kierunku przyst\u0119puje do egzaminu dojrza\u0142o\u015bci. Czym zajmuje&#8230;<\/p>\n","protected":false},"author":1,"featured_media":0,"parent":45,"menu_order":0,"comment_status":"closed","ping_status":"closed","template":"","meta":{"footnotes":""},"class_list":["post-77","page","type-page","status-publish","hentry"],"yoast_head":"<!-- This site is optimized with the Yoast SEO plugin v26.8 - https:\/\/yoast.com\/product\/yoast-seo-wordpress\/ -->\n<title>Technik us\u0142ug fryzjerskich - Akademia zdrowia \u2013 Warszawa \u2013 Kursy zawodowe, szko\u0142y policealne<\/title>\n<meta name=\"description\" content=\"Nauka w szkole trwa 4 lata. W trakcie trwania nauki ucze\u0144 przyst\u0119puje do dw\u00f3ch egzamin\u00f3w zawodowdych ( potwierdzaj\u0105cych kwalifikacje w zawodzie) :\" \/>\n<meta name=\"robots\" content=\"index, follow, max-snippet:-1, max-image-preview:large, max-video-preview:-1\" \/>\n<link rel=\"canonical\" href=\"https:\/\/akademia-zdrowia.pl\/warszawa\/oferta-szkoleniowa\/szkoly-mlodziezowe\/technik-uslug-fryzjerskich\/\" \/>\n<meta property=\"og:locale\" content=\"pl_PL\" \/>\n<meta property=\"og:type\" content=\"article\" \/>\n<meta property=\"og:title\" content=\"Technik us\u0142ug fryzjerskich - Akademia zdrowia \u2013 Warszawa \u2013 Kursy zawodowe, szko\u0142y policealne\" \/>\n<meta property=\"og:description\" content=\"Nauka w szkole trwa 4 lata. W trakcie trwania nauki ucze\u0144 przyst\u0119puje do dw\u00f3ch egzamin\u00f3w zawodowdych ( potwierdzaj\u0105cych kwalifikacje w zawodzie) :\" \/>\n<meta property=\"og:url\" content=\"https:\/\/akademia-zdrowia.pl\/warszawa\/oferta-szkoleniowa\/szkoly-mlodziezowe\/technik-uslug-fryzjerskich\/\" \/>\n<meta property=\"og:site_name\" content=\"Nowa kategoria kursu\" \/>\n<meta property=\"article:modified_time\" content=\"2021-11-10T21:01:24+00:00\" \/>\n<meta property=\"og:image\" content=\"https:\/\/akademia-zdrowia.pl\/warszawa\/wp-content\/uploads\/2021\/10\/wawa.png\" \/>\n<meta name=\"twitter:card\" content=\"summary_large_image\" \/>\n<meta name=\"twitter:label1\" content=\"Szacowany czas czytania\" \/>\n\t<meta name=\"twitter:data1\" content=\"1 minuta\" \/>\n<script type=\"application\/ld+json\" class=\"yoast-schema-graph\">{\"@context\":\"https:\/\/schema.org\",\"@graph\":[{\"@type\":\"WebPage\",\"@id\":\"https:\/\/akademia-zdrowia.pl\/warszawa\/oferta-szkoleniowa\/szkoly-mlodziezowe\/technik-uslug-fryzjerskich\/\",\"url\":\"https:\/\/akademia-zdrowia.pl\/warszawa\/oferta-szkoleniowa\/szkoly-mlodziezowe\/technik-uslug-fryzjerskich\/\",\"name\":\"Technik us\u0142ug fryzjerskich - Akademia zdrowia \u2013 Warszawa \u2013 Kursy zawodowe, szko\u0142y policealne\",\"isPartOf\":{\"@id\":\"https:\/\/akademia-zdrowia.pl\/warszawa\/#website\"},\"primaryImageOfPage\":{\"@id\":\"https:\/\/akademia-zdrowia.pl\/warszawa\/oferta-szkoleniowa\/szkoly-mlodziezowe\/technik-uslug-fryzjerskich\/#primaryimage\"},\"image\":{\"@id\":\"https:\/\/akademia-zdrowia.pl\/warszawa\/oferta-szkoleniowa\/szkoly-mlodziezowe\/technik-uslug-fryzjerskich\/#primaryimage\"},\"thumbnailUrl\":\"https:\/\/akademia-zdrowia.pl\/warszawa\/wp-content\/uploads\/2021\/10\/wawa.png\",\"datePublished\":\"2018-01-02T13:47:35+00:00\",\"dateModified\":\"2021-11-10T21:01:24+00:00\",\"description\":\"Nauka w szkole trwa 4 lata. W trakcie trwania nauki ucze\u0144 przyst\u0119puje do dw\u00f3ch egzamin\u00f3w zawodowdych ( potwierdzaj\u0105cych kwalifikacje w zawodzie) :\",\"breadcrumb\":{\"@id\":\"https:\/\/akademia-zdrowia.pl\/warszawa\/oferta-szkoleniowa\/szkoly-mlodziezowe\/technik-uslug-fryzjerskich\/#breadcrumb\"},\"inLanguage\":\"pl-PL\",\"potentialAction\":[{\"@type\":\"ReadAction\",\"target\":[\"https:\/\/akademia-zdrowia.pl\/warszawa\/oferta-szkoleniowa\/szkoly-mlodziezowe\/technik-uslug-fryzjerskich\/\"]}]},{\"@type\":\"ImageObject\",\"inLanguage\":\"pl-PL\",\"@id\":\"https:\/\/akademia-zdrowia.pl\/warszawa\/oferta-szkoleniowa\/szkoly-mlodziezowe\/technik-uslug-fryzjerskich\/#primaryimage\",\"url\":\"https:\/\/akademia-zdrowia.pl\/warszawa\/wp-content\/uploads\/2021\/10\/wawa.png\",\"contentUrl\":\"https:\/\/akademia-zdrowia.pl\/warszawa\/wp-content\/uploads\/2021\/10\/wawa.png\",\"width\":390,\"height\":277},{\"@type\":\"BreadcrumbList\",\"@id\":\"https:\/\/akademia-zdrowia.pl\/warszawa\/oferta-szkoleniowa\/szkoly-mlodziezowe\/technik-uslug-fryzjerskich\/#breadcrumb\",\"itemListElement\":[{\"@type\":\"ListItem\",\"position\":1,\"name\":\"Strona g\u0142\u00f3wna\",\"item\":\"https:\/\/akademia-zdrowia.pl\/warszawa\/\"},{\"@type\":\"ListItem\",\"position\":2,\"name\":\"Oferta szkoleniowa\",\"item\":\"https:\/\/akademia-zdrowia.pl\/warszawa\/oferta-szkoleniowa\/\"},{\"@type\":\"ListItem\",\"position\":3,\"name\":\"Liceum i technikum dla m\u0142odzie\u017cy\",\"item\":\"https:\/\/akademia-zdrowia.pl\/warszawa\/oferta-szkoleniowa\/szkoly-mlodziezowe\/\"},{\"@type\":\"ListItem\",\"position\":4,\"name\":\"Technik us\u0142ug fryzjerskich\"}]},{\"@type\":\"WebSite\",\"@id\":\"https:\/\/akademia-zdrowia.pl\/warszawa\/#website\",\"url\":\"https:\/\/akademia-zdrowia.pl\/warszawa\/\",\"name\":\"Nowa kategoria kursu\",\"description\":\"Nowy kurs \",\"potentialAction\":[{\"@type\":\"SearchAction\",\"target\":{\"@type\":\"EntryPoint\",\"urlTemplate\":\"https:\/\/akademia-zdrowia.pl\/warszawa\/?s={search_term_string}\"},\"query-input\":{\"@type\":\"PropertyValueSpecification\",\"valueRequired\":true,\"valueName\":\"search_term_string\"}}],\"inLanguage\":\"pl-PL\"}]}<\/script>\n<!-- \/ Yoast SEO plugin. -->","yoast_head_json":{"title":"Technik us\u0142ug fryzjerskich - Akademia zdrowia \u2013 Warszawa \u2013 Kursy zawodowe, szko\u0142y policealne","description":"Nauka w szkole trwa 4 lata. W trakcie trwania nauki ucze\u0144 przyst\u0119puje do dw\u00f3ch egzamin\u00f3w zawodowdych ( potwierdzaj\u0105cych kwalifikacje w zawodzie) :","robots":{"index":"index","follow":"follow","max-snippet":"max-snippet:-1","max-image-preview":"max-image-preview:large","max-video-preview":"max-video-preview:-1"},"canonical":"https:\/\/akademia-zdrowia.pl\/warszawa\/oferta-szkoleniowa\/szkoly-mlodziezowe\/technik-uslug-fryzjerskich\/","og_locale":"pl_PL","og_type":"article","og_title":"Technik us\u0142ug fryzjerskich - Akademia zdrowia \u2013 Warszawa \u2013 Kursy zawodowe, szko\u0142y policealne","og_description":"Nauka w szkole trwa 4 lata. W trakcie trwania nauki ucze\u0144 przyst\u0119puje do dw\u00f3ch egzamin\u00f3w zawodowdych ( potwierdzaj\u0105cych kwalifikacje w zawodzie) :","og_url":"https:\/\/akademia-zdrowia.pl\/warszawa\/oferta-szkoleniowa\/szkoly-mlodziezowe\/technik-uslug-fryzjerskich\/","og_site_name":"Nowa kategoria kursu","article_modified_time":"2021-11-10T21:01:24+00:00","og_image":[{"url":"https:\/\/akademia-zdrowia.pl\/warszawa\/wp-content\/uploads\/2021\/10\/wawa.png","type":"","width":"","height":""}],"twitter_card":"summary_large_image","twitter_misc":{"Szacowany czas czytania":"1 minuta"},"schema":{"@context":"https:\/\/schema.org","@graph":[{"@type":"WebPage","@id":"https:\/\/akademia-zdrowia.pl\/warszawa\/oferta-szkoleniowa\/szkoly-mlodziezowe\/technik-uslug-fryzjerskich\/","url":"https:\/\/akademia-zdrowia.pl\/warszawa\/oferta-szkoleniowa\/szkoly-mlodziezowe\/technik-uslug-fryzjerskich\/","name":"Technik us\u0142ug fryzjerskich - Akademia zdrowia \u2013 Warszawa \u2013 Kursy zawodowe, szko\u0142y policealne","isPartOf":{"@id":"https:\/\/akademia-zdrowia.pl\/warszawa\/#website"},"primaryImageOfPage":{"@id":"https:\/\/akademia-zdrowia.pl\/warszawa\/oferta-szkoleniowa\/szkoly-mlodziezowe\/technik-uslug-fryzjerskich\/#primaryimage"},"image":{"@id":"https:\/\/akademia-zdrowia.pl\/warszawa\/oferta-szkoleniowa\/szkoly-mlodziezowe\/technik-uslug-fryzjerskich\/#primaryimage"},"thumbnailUrl":"https:\/\/akademia-zdrowia.pl\/warszawa\/wp-content\/uploads\/2021\/10\/wawa.png","datePublished":"2018-01-02T13:47:35+00:00","dateModified":"2021-11-10T21:01:24+00:00","description":"Nauka w szkole trwa 4 lata. W trakcie trwania nauki ucze\u0144 przyst\u0119puje do dw\u00f3ch egzamin\u00f3w zawodowdych ( potwierdzaj\u0105cych kwalifikacje w zawodzie) :","breadcrumb":{"@id":"https:\/\/akademia-zdrowia.pl\/warszawa\/oferta-szkoleniowa\/szkoly-mlodziezowe\/technik-uslug-fryzjerskich\/#breadcrumb"},"inLanguage":"pl-PL","potentialAction":[{"@type":"ReadAction","target":["https:\/\/akademia-zdrowia.pl\/warszawa\/oferta-szkoleniowa\/szkoly-mlodziezowe\/technik-uslug-fryzjerskich\/"]}]},{"@type":"ImageObject","inLanguage":"pl-PL","@id":"https:\/\/akademia-zdrowia.pl\/warszawa\/oferta-szkoleniowa\/szkoly-mlodziezowe\/technik-uslug-fryzjerskich\/#primaryimage","url":"https:\/\/akademia-zdrowia.pl\/warszawa\/wp-content\/uploads\/2021\/10\/wawa.png","contentUrl":"https:\/\/akademia-zdrowia.pl\/warszawa\/wp-content\/uploads\/2021\/10\/wawa.png","width":390,"height":277},{"@type":"BreadcrumbList","@id":"https:\/\/akademia-zdrowia.pl\/warszawa\/oferta-szkoleniowa\/szkoly-mlodziezowe\/technik-uslug-fryzjerskich\/#breadcrumb","itemListElement":[{"@type":"ListItem","position":1,"name":"Strona g\u0142\u00f3wna","item":"https:\/\/akademia-zdrowia.pl\/warszawa\/"},{"@type":"ListItem","position":2,"name":"Oferta szkoleniowa","item":"https:\/\/akademia-zdrowia.pl\/warszawa\/oferta-szkoleniowa\/"},{"@type":"ListItem","position":3,"name":"Liceum i technikum dla m\u0142odzie\u017cy","item":"https:\/\/akademia-zdrowia.pl\/warszawa\/oferta-szkoleniowa\/szkoly-mlodziezowe\/"},{"@type":"ListItem","position":4,"name":"Technik us\u0142ug fryzjerskich"}]},{"@type":"WebSite","@id":"https:\/\/akademia-zdrowia.pl\/warszawa\/#website","url":"https:\/\/akademia-zdrowia.pl\/warszawa\/","name":"Nowa kategoria kursu","description":"Nowy kurs ","potentialAction":[{"@type":"SearchAction","target":{"@type":"EntryPoint","urlTemplate":"https:\/\/akademia-zdrowia.pl\/warszawa\/?s={search_term_string}"},"query-input":{"@type":"PropertyValueSpecification","valueRequired":true,"valueName":"search_term_string"}}],"inLanguage":"pl-PL"}]}},"_links":{"self":[{"href":"https:\/\/akademia-zdrowia.pl\/warszawa\/wp-json\/wp\/v2\/pages\/77","targetHints":{"allow":["GET"]}}],"collection":[{"href":"https:\/\/akademia-zdrowia.pl\/warszawa\/wp-json\/wp\/v2\/pages"}],"about":[{"href":"https:\/\/akademia-zdrowia.pl\/warszawa\/wp-json\/wp\/v2\/types\/page"}],"author":[{"embeddable":true,"href":"https:\/\/akademia-zdrowia.pl\/warszawa\/wp-json\/wp\/v2\/users\/1"}],"replies":[{"embeddable":true,"href":"https:\/\/akademia-zdrowia.pl\/warszawa\/wp-json\/wp\/v2\/comments?post=77"}],"version-history":[{"count":9,"href":"https:\/\/akademia-zdrowia.pl\/warszawa\/wp-json\/wp\/v2\/pages\/77\/revisions"}],"predecessor-version":[{"id":2492,"href":"https:\/\/akademia-zdrowia.pl\/warszawa\/wp-json\/wp\/v2\/pages\/77\/revisions\/2492"}],"up":[{"embeddable":true,"href":"https:\/\/akademia-zdrowia.pl\/warszawa\/wp-json\/wp\/v2\/pages\/45"}],"wp:attachment":[{"href":"https:\/\/akademia-zdrowia.pl\/warszawa\/wp-json\/wp\/v2\/media?parent=77"}],"curies":[{"name":"wp","href":"https:\/\/api.w.org\/{rel}","templated":true}]}}